{"id":52628,"date":"2021-04-09T10:34:18","date_gmt":"2021-04-09T08:34:18","guid":{"rendered":"https:\/\/www.inglet.com\/?page_id=52628"},"modified":"2023-02-09T12:28:09","modified_gmt":"2023-02-09T11:28:09","slug":"catalegs-inglet","status":"publish","type":"page","link":"https:\/\/www.inglet.com\/ca\/catalegs-inglet\/","title":{"rendered":"Cat\u00e0legs"},"content":{"rendered":"","protected":false},"excerpt":{"rendered":"","protected":false},"author":1,"featured_media":52629,"parent":0,"menu_order":0,"comment_status":"closed","ping_status":"closed","template":"template-catalogo.php","meta":{"_sitemap_exclude":false,"_sitemap_priority":"","_sitemap_frequency":"","_monsterinsights_skip_tracking":false,"_monsterinsights_sitenote_active":false,"_monsterinsights_sitenote_note":"","_monsterinsights_sitenote_category":0,"footnotes":""},"class_list":["post-52628","page","type-page","status-publish","has-post-thumbnail","hentry"],"yoast_head":"<!-- This site is optimized with the Yoast SEO plugin v24.7 - https:\/\/yoast.com\/wordpress\/plugins\/seo\/ -->\n<title>Cat\u00e0legs - INGLET<\/title>\n<meta name=\"description\" content=\"Descarrega&#039;t els cat\u00e0legs dels nostres productes, maquin\u00e0ria i accessoris per a l&#039;emnmarcaci\u00f3 i la comunicaci\u00f3 visual.\" \/>\n<meta name=\"robots\" content=\"index, follow, max-snippet:-1, max-image-preview:large, max-video-preview:-1\" \/>\n<link rel=\"canonical\" href=\"https:\/\/www.inglet.com\/ca\/catalegs-inglet\/\" \/>\n<meta property=\"og:locale\" content=\"ca_ES\" \/>\n<meta property=\"og:type\" content=\"article\" \/>\n<meta property=\"og:title\" content=\"Cat\u00e0legs - INGLET\" \/>\n<meta property=\"og:description\" content=\"Descarrega&#039;t els cat\u00e0legs dels nostres productes, maquin\u00e0ria i accessoris per a l&#039;emnmarcaci\u00f3 i la comunicaci\u00f3 visual.\" \/>\n<meta property=\"og:url\" content=\"https:\/\/www.inglet.com\/ca\/catalegs-inglet\/\" \/>\n<meta property=\"og:site_name\" content=\"INGLET\" \/>\n<meta property=\"article:modified_time\" content=\"2023-02-09T11:28:09+00:00\" \/>\n<meta property=\"og:image\" content=\"https:\/\/www.inglet.com\/wp-content\/uploads\/2020\/02\/Catalogos_Top_Web-1.png\" \/>\n\t<meta property=\"og:image:width\" content=\"1250\" \/>\n\t<meta property=\"og:image:height\" content=\"205\" \/>\n\t<meta property=\"og:image:type\" content=\"image\/png\" \/>\n<meta name=\"twitter:card\" content=\"summary_large_image\" \/>\n<script type=\"application\/ld+json\" class=\"yoast-schema-graph\">{\"@context\":\"https:\/\/schema.org\",\"@graph\":[{\"@type\":\"WebPage\",\"@id\":\"https:\/\/www.inglet.com\/ca\/catalegs-inglet\/\",\"url\":\"https:\/\/www.inglet.com\/ca\/catalegs-inglet\/\",\"name\":\"Cat\u00e0legs - INGLET\",\"isPartOf\":{\"@id\":\"https:\/\/www.inglet.com\/ca\/#website\"},\"primaryImageOfPage\":{\"@id\":\"https:\/\/www.inglet.com\/ca\/catalegs-inglet\/#primaryimage\"},\"image\":{\"@id\":\"https:\/\/www.inglet.com\/ca\/catalegs-inglet\/#primaryimage\"},\"thumbnailUrl\":\"https:\/\/www.inglet.com\/wp-content\/uploads\/2020\/02\/Catalogos_Top_Web-1.png\",\"datePublished\":\"2021-04-09T08:34:18+00:00\",\"dateModified\":\"2023-02-09T11:28:09+00:00\",\"description\":\"Descarrega't els cat\u00e0legs dels nostres productes, maquin\u00e0ria i accessoris per a l'emnmarcaci\u00f3 i la comunicaci\u00f3 visual.\",\"breadcrumb\":{\"@id\":\"https:\/\/www.inglet.com\/ca\/catalegs-inglet\/#breadcrumb\"},\"inLanguage\":\"ca\",\"potentialAction\":[{\"@type\":\"ReadAction\",\"target\":[\"https:\/\/www.inglet.com\/ca\/catalegs-inglet\/\"]}]},{\"@type\":\"ImageObject\",\"inLanguage\":\"ca\",\"@id\":\"https:\/\/www.inglet.com\/ca\/catalegs-inglet\/#primaryimage\",\"url\":\"https:\/\/www.inglet.com\/wp-content\/uploads\/2020\/02\/Catalogos_Top_Web-1.png\",\"contentUrl\":\"https:\/\/www.inglet.com\/wp-content\/uploads\/2020\/02\/Catalogos_Top_Web-1.png\",\"width\":1250,\"height\":205},{\"@type\":\"BreadcrumbList\",\"@id\":\"https:\/\/www.inglet.com\/ca\/catalegs-inglet\/#breadcrumb\",\"itemListElement\":[{\"@type\":\"ListItem\",\"position\":1,\"name\":\"Portada\",\"item\":\"https:\/\/www.inglet.com\/ca\/\"},{\"@type\":\"ListItem\",\"position\":2,\"name\":\"Cat\u00e0legs\"}]},{\"@type\":\"WebSite\",\"@id\":\"https:\/\/www.inglet.com\/ca\/#website\",\"url\":\"https:\/\/www.inglet.com\/ca\/\",\"name\":\"INGLET\",\"description\":\"Suministros para la enmarcaci\u00f3n y la  impresi\u00f3n digital\",\"publisher\":{\"@id\":\"https:\/\/www.inglet.com\/ca\/#organization\"},\"potentialAction\":[{\"@type\":\"SearchAction\",\"target\":{\"@type\":\"EntryPoint\",\"urlTemplate\":\"https:\/\/www.inglet.com\/ca\/?s={search_term_string}\"},\"query-input\":{\"@type\":\"PropertyValueSpecification\",\"valueRequired\":true,\"valueName\":\"search_term_string\"}}],\"inLanguage\":\"ca\"},{\"@type\":\"Organization\",\"@id\":\"https:\/\/www.inglet.com\/ca\/#organization\",\"name\":\"INGLET, SLU\",\"url\":\"https:\/\/www.inglet.com\/ca\/\",\"logo\":{\"@type\":\"ImageObject\",\"inLanguage\":\"ca\",\"@id\":\"https:\/\/www.inglet.com\/ca\/#\/schema\/logo\/image\/\",\"url\":\"https:\/\/www.inglet.com\/wp-content\/uploads\/2019\/08\/Inglet-Logo.jpg\",\"contentUrl\":\"https:\/\/www.inglet.com\/wp-content\/uploads\/2019\/08\/Inglet-Logo.jpg\",\"width\":264,\"height\":342,\"caption\":\"INGLET, SLU\"},\"image\":{\"@id\":\"https:\/\/www.inglet.com\/ca\/#\/schema\/logo\/image\/\"}}]}<\/script>\n<!-- \/ Yoast SEO plugin. -->","yoast_head_json":{"title":"Cat\u00e0legs - INGLET","description":"Descarrega't els cat\u00e0legs dels nostres productes, maquin\u00e0ria i accessoris per a l'emnmarcaci\u00f3 i la comunicaci\u00f3 visual.","robots":{"index":"index","follow":"follow","max-snippet":"max-snippet:-1","max-image-preview":"max-image-preview:large","max-video-preview":"max-video-preview:-1"},"canonical":"https:\/\/www.inglet.com\/ca\/catalegs-inglet\/","og_locale":"ca_ES","og_type":"article","og_title":"Cat\u00e0legs - INGLET","og_description":"Descarrega't els cat\u00e0legs dels nostres productes, maquin\u00e0ria i accessoris per a l'emnmarcaci\u00f3 i la comunicaci\u00f3 visual.","og_url":"https:\/\/www.inglet.com\/ca\/catalegs-inglet\/","og_site_name":"INGLET","article_modified_time":"2023-02-09T11:28:09+00:00","og_image":[{"width":1250,"height":205,"url":"https:\/\/www.inglet.com\/wp-content\/uploads\/2020\/02\/Catalogos_Top_Web-1.png","type":"image\/png"}],"twitter_card":"summary_large_image","schema":{"@context":"https:\/\/schema.org","@graph":[{"@type":"WebPage","@id":"https:\/\/www.inglet.com\/ca\/catalegs-inglet\/","url":"https:\/\/www.inglet.com\/ca\/catalegs-inglet\/","name":"Cat\u00e0legs - INGLET","isPartOf":{"@id":"https:\/\/www.inglet.com\/ca\/#website"},"primaryImageOfPage":{"@id":"https:\/\/www.inglet.com\/ca\/catalegs-inglet\/#primaryimage"},"image":{"@id":"https:\/\/www.inglet.com\/ca\/catalegs-inglet\/#primaryimage"},"thumbnailUrl":"https:\/\/www.inglet.com\/wp-content\/uploads\/2020\/02\/Catalogos_Top_Web-1.png","datePublished":"2021-04-09T08:34:18+00:00","dateModified":"2023-02-09T11:28:09+00:00","description":"Descarrega't els cat\u00e0legs dels nostres productes, maquin\u00e0ria i accessoris per a l'emnmarcaci\u00f3 i la comunicaci\u00f3 visual.","breadcrumb":{"@id":"https:\/\/www.inglet.com\/ca\/catalegs-inglet\/#breadcrumb"},"inLanguage":"ca","potentialAction":[{"@type":"ReadAction","target":["https:\/\/www.inglet.com\/ca\/catalegs-inglet\/"]}]},{"@type":"ImageObject","inLanguage":"ca","@id":"https:\/\/www.inglet.com\/ca\/catalegs-inglet\/#primaryimage","url":"https:\/\/www.inglet.com\/wp-content\/uploads\/2020\/02\/Catalogos_Top_Web-1.png","contentUrl":"https:\/\/www.inglet.com\/wp-content\/uploads\/2020\/02\/Catalogos_Top_Web-1.png","width":1250,"height":205},{"@type":"BreadcrumbList","@id":"https:\/\/www.inglet.com\/ca\/catalegs-inglet\/#breadcrumb","itemListElement":[{"@type":"ListItem","position":1,"name":"Portada","item":"https:\/\/www.inglet.com\/ca\/"},{"@type":"ListItem","position":2,"name":"Cat\u00e0legs"}]},{"@type":"WebSite","@id":"https:\/\/www.inglet.com\/ca\/#website","url":"https:\/\/www.inglet.com\/ca\/","name":"INGLET","description":"Suministros para la enmarcaci\u00f3n y la  impresi\u00f3n digital","publisher":{"@id":"https:\/\/www.inglet.com\/ca\/#organization"},"potentialAction":[{"@type":"SearchAction","target":{"@type":"EntryPoint","urlTemplate":"https:\/\/www.inglet.com\/ca\/?s={search_term_string}"},"query-input":{"@type":"PropertyValueSpecification","valueRequired":true,"valueName":"search_term_string"}}],"inLanguage":"ca"},{"@type":"Organization","@id":"https:\/\/www.inglet.com\/ca\/#organization","name":"INGLET, SLU","url":"https:\/\/www.inglet.com\/ca\/","logo":{"@type":"ImageObject","inLanguage":"ca","@id":"https:\/\/www.inglet.com\/ca\/#\/schema\/logo\/image\/","url":"https:\/\/www.inglet.com\/wp-content\/uploads\/2019\/08\/Inglet-Logo.jpg","contentUrl":"https:\/\/www.inglet.com\/wp-content\/uploads\/2019\/08\/Inglet-Logo.jpg","width":264,"height":342,"caption":"INGLET, SLU"},"image":{"@id":"https:\/\/www.inglet.com\/ca\/#\/schema\/logo\/image\/"}}]}},"_links":{"self":[{"href":"https:\/\/www.inglet.com\/ca\/wp-json\/wp\/v2\/pages\/52628","targetHints":{"allow":["GET"]}}],"collection":[{"href":"https:\/\/www.inglet.com\/ca\/wp-json\/wp\/v2\/pages"}],"about":[{"href":"https:\/\/www.inglet.com\/ca\/wp-json\/wp\/v2\/types\/page"}],"author":[{"embeddable":true,"href":"https:\/\/www.inglet.com\/ca\/wp-json\/wp\/v2\/users\/1"}],"replies":[{"embeddable":true,"href":"https:\/\/www.inglet.com\/ca\/wp-json\/wp\/v2\/comments?post=52628"}],"version-history":[{"count":0,"href":"https:\/\/www.inglet.com\/ca\/wp-json\/wp\/v2\/pages\/52628\/revisions"}],"wp:featuredmedia":[{"embeddable":true,"href":"https:\/\/www.inglet.com\/ca\/wp-json\/wp\/v2\/media\/52629"}],"wp:attachment":[{"href":"https:\/\/www.inglet.com\/ca\/wp-json\/wp\/v2\/media?parent=52628"}],"curies":[{"name":"wp","href":"https:\/\/api.w.org\/{rel}","templated":true}]}}