{"id":56479,"date":"2021-04-08T11:52:59","date_gmt":"2021-04-08T09:52:59","guid":{"rendered":"https:\/\/www.inglet.com\/?page_id=56479"},"modified":"2026-03-31T10:35:17","modified_gmt":"2026-03-31T08:35:17","slug":"home","status":"publish","type":"page","link":"https:\/\/www.inglet.com\/ca\/","title":{"rendered":"Home"},"content":{"rendered":"<p><strong>Venda de <a href=\"https:\/\/www.inglet.com\/ca\/productes\/\">productes<\/a> i <a href=\"https:\/\/www.ingletmachinery.com\/es\">maquin\u00e0ria<\/a> per a l&#8217;emmarcaci\u00f3 i la comunicaci\u00f3 visual.<\/strong><\/p>\n<h4>A Inglet tenim solucions avantguardistes per a fer la teva labor m\u00e9s f\u00e0cil i una atenci\u00f3 personalitzada per a assessorar-te i aconsellar-te les que m\u00e9s s&#8217;adaptin a les teves necessitats.<\/h4>\n<p>Fabriquem i comercialitzem una gran varietat de talladores amb les quals cobrim totes les necessitats de tall de tots els materials usats en el sector de la comunicaci\u00f3 visual, l&#8217;emmarcaci\u00f3 i la fotografia. Les talladores verticals Inblade i Verdi (en versi\u00f3 manual o pneum\u00e0tica) i les talladores de sobretaula Inbest destaquen pel seu excel\u00b7lent rendiment i una precisi\u00f3 extrema incomparables. Les nostres talladores s\u00f3n garantia d&#8217;un tall net i prec\u00eds, fins i tot en altures de 305 cm i gruixos de fins a 22 mm.<\/p>\n<p>Tenim a la venda productes i maquin\u00e0ria per a l&#8217;emmarcaci\u00f3 i la comunicaci\u00f3 visual com: passepartout, cart\u00f3 ploma, motllura fusta, perfils d&#8217;alumini per a marcs t\u00e8xtils i caixes de llum LED, vidre museu, penjadors adhesius, guies per a penjar quadres, films per a laminar, cintes adhesives&#8230; Disposem d&#8217;un cat\u00e0leg de m\u00e9s de 3000 productes especialment seleccionats per al sector de l&#8217;emmarcaci\u00f3, la fotografia o la impressi\u00f3 digital.<\/p>\n<h4>Del nostre afany per continuar millorant dia a dia i en col\u00b7laboraci\u00f3 amb Efka neix el projecte <a href=\"https:\/\/www.ingletledframes.com\/\">Efka by Inglet<\/a> per a la fabricaci\u00f3 de marcs t\u00e8xtils i caixes de llum LED.<\/h4>\n<p>Els marcs t\u00e8xtils s\u00f3n marcs realitzats amb un perfil d&#8217;alumini on s&#8217;acobla un t\u00e8xtil impr\u00e8s amb una publicitat. Aix\u00f2 permet canviar f\u00e0cilment els t\u00e8xtils tantes vegades com es desitgi fent d&#8217;aquests marcs un element publicitari excel\u00b7lent per a botigues, aparadors, estands, museus&#8230; Un marc t\u00e8xtil assegura un alt valor d&#8217;atenci\u00f3, \u00e9s durador i vers\u00e0til d&#8217;usar. Pot muntar-se en una paret, penjar-se en el sostre o tamb\u00e9 pot col\u00b7locar-se en el s\u00f2l utilitzant peus de suport. Gr\u00e0cies a la seva construcci\u00f3 modular, el muntatge \u00e9s r\u00e0pid i senzill. Simplement connectant les cantonades i col\u00b7locant la impressi\u00f3 t\u00e8xtil en el marc, es pot fer la publicitat desitjada en un tancar i obrir d&#8217;ulls.<\/p>\n<p>Si a m\u00e9s els afegim llum, obtindrem caixes de llum LED que vesteixen els espais amb m\u00e9s dimensi\u00f3, m\u00e9s atmosfera i un aspecte m\u00e9s modern.<\/p>\n<h4>A Inglet disposem d&#8217;una \u00e0mplia gamma de perfils d&#8217;alumini per a la fabricaci\u00f3 a mesura de marcs t\u00e8xtils i caixes de llum LED. Es poden realitzar en blanc, negre i plata.<\/h4>\n<p>El nostre equip est\u00e0 altament qualificat per a fer realitat els projectes dels nostres clients. Estem capacitats per a dur a terme un assessorament pas a pas fins a aconseguir un producte totalment a mesura i amb una qualitat excel\u00b7lent. Treballem amb gran rapidesa i efic\u00e0cia i podem servir, en temps r\u00e8cord, tant barres soltes com marcs o estructures llestes per a muntar. Gr\u00e0cies a les propietats modulars del producte, \u00e9s possible fer un embalatge compacte perqu\u00e8 el transport en grans formats sigui un avantatge.<\/p>\n<h4>Depenent de les necessitats de cada client disposem de les seg\u00fcents opcions:<\/h4>\n<p><strong>UNA CARA:<\/strong> subministrem marcs a una cara en diferents versions, cadascuna amb les seves pr\u00f2pies caracter\u00edstiques. La impressi\u00f3 t\u00e8xtil \u00e9s f\u00e0cil de reempla\u00e7ar, donant r\u00e0pidament una nova aparen\u00e7a a un interior o a un espai p\u00fablic.<\/p>\n<p><strong>DOBLE CARA:<\/strong> el marc t\u00e8xtil de doble cara es pot utilitzar de manera independent o suspesa per a anuncis en botigues, sales d&#8217;exposici\u00f3, per a fer panells de partici\u00f3 en qualsevol oficina o per a fer b\u00e0ners per a fires comercials i altres esdeveniments.<\/p>\n<p><strong>3D:<\/strong> amb els perfils modulars en 3D es poden crear estructures m\u00e9s cridaneres. La impressi\u00f3 t\u00e8xtil \u00e9s visible des de diversos costats i s\u00f3n excel\u00b7lents tant per a penjar del sostre com per al muntatge amb peus suporti. Perfectes per a fer estands complets d&#8217;exposici\u00f3.<\/p>\n<p><strong>CORBATS:<\/strong> Publicitats impressionants amb marcs corbats a una o dues cares. Perfectes per a b\u00e0ners o com una espectacular paret posterior en fires i exposicions.<\/p>\n","protected":false},"excerpt":{"rendered":"<p>Venda de productes i maquin\u00e0ria per a l&#8217;emmarcaci\u00f3 i la comunicaci\u00f3 visual. A Inglet tenim solucions avantguardistes per a fer [&hellip;]<\/p>\n","protected":false},"author":1,"featured_media":0,"parent":0,"menu_order":0,"comment_status":"closed","ping_status":"closed","template":"template-home.php","meta":{"_sitemap_exclude":false,"_sitemap_priority":"","_sitemap_frequency":"","_monsterinsights_skip_tracking":false,"_monsterinsights_sitenote_active":false,"_monsterinsights_sitenote_note":"","_monsterinsights_sitenote_category":0,"footnotes":""},"class_list":["post-56479","page","type-page","status-publish","hentry"],"yoast_head":"<!-- This site is optimized with the Yoast SEO plugin v24.7 - https:\/\/yoast.com\/wordpress\/plugins\/seo\/ -->\n<title>Venda de productes i maquin\u00e0ria per a l\u2019emmarcaci\u00f3 - INGLET<\/title>\n<meta name=\"description\" content=\"Venda de productes i maquin\u00e0ria per a l\u2019emmarcaci\u00f3 i la comunicaci\u00f3 visual. Passepartout, cart\u00f3 ploma, perfils d\u2019alumini, vidre museu...\" \/>\n<meta name=\"robots\" content=\"index, follow, max-snippet:-1, max-image-preview:large, max-video-preview:-1\" \/>\n<link rel=\"canonical\" href=\"https:\/\/www.inglet.com\/ca\/\" \/>\n<meta property=\"og:locale\" content=\"ca_ES\" \/>\n<meta property=\"og:type\" content=\"article\" \/>\n<meta property=\"og:title\" content=\"Venda de productes i maquin\u00e0ria per a l\u2019emmarcaci\u00f3 - INGLET\" \/>\n<meta property=\"og:description\" content=\"Venda de productes i maquin\u00e0ria per a l\u2019emmarcaci\u00f3 i la comunicaci\u00f3 visual. Passepartout, cart\u00f3 ploma, perfils d\u2019alumini, vidre museu...\" \/>\n<meta property=\"og:url\" content=\"https:\/\/www.inglet.com\/ca\/\" \/>\n<meta property=\"og:site_name\" content=\"INGLET\" \/>\n<meta property=\"article:modified_time\" content=\"2026-03-31T08:35:17+00:00\" \/>\n<meta name=\"twitter:card\" content=\"summary_large_image\" \/>\n<meta name=\"twitter:label1\" content=\"Temps estimat de lectura\" \/>\n\t<meta name=\"twitter:data1\" content=\"3 minuts\" \/>\n<script type=\"application\/ld+json\" class=\"yoast-schema-graph\">{\"@context\":\"https:\/\/schema.org\",\"@graph\":[{\"@type\":\"WebPage\",\"@id\":\"https:\/\/www.inglet.com\/ca\/\",\"url\":\"https:\/\/www.inglet.com\/ca\/\",\"name\":\"Venda de productes i maquin\u00e0ria per a l\u2019emmarcaci\u00f3 - INGLET\",\"isPartOf\":{\"@id\":\"https:\/\/www.inglet.com\/ca\/#website\"},\"datePublished\":\"2021-04-08T09:52:59+00:00\",\"dateModified\":\"2026-03-31T08:35:17+00:00\",\"description\":\"Venda de productes i maquin\u00e0ria per a l\u2019emmarcaci\u00f3 i la comunicaci\u00f3 visual. Passepartout, cart\u00f3 ploma, perfils d\u2019alumini, vidre museu...\",\"breadcrumb\":{\"@id\":\"https:\/\/www.inglet.com\/ca\/#breadcrumb\"},\"inLanguage\":\"ca\",\"potentialAction\":[{\"@type\":\"ReadAction\",\"target\":[\"https:\/\/www.inglet.com\/ca\/\"]}]},{\"@type\":\"BreadcrumbList\",\"@id\":\"https:\/\/www.inglet.com\/ca\/#breadcrumb\",\"itemListElement\":[{\"@type\":\"ListItem\",\"position\":1,\"name\":\"Portada\",\"item\":\"https:\/\/www.inglet.com\/ca\/\"},{\"@type\":\"ListItem\",\"position\":2,\"name\":\"Home\"}]},{\"@type\":\"WebSite\",\"@id\":\"https:\/\/www.inglet.com\/ca\/#website\",\"url\":\"https:\/\/www.inglet.com\/ca\/\",\"name\":\"INGLET\",\"description\":\"Suministros para la enmarcaci\u00f3n y la  impresi\u00f3n digital\",\"publisher\":{\"@id\":\"https:\/\/www.inglet.com\/ca\/#organization\"},\"potentialAction\":[{\"@type\":\"SearchAction\",\"target\":{\"@type\":\"EntryPoint\",\"urlTemplate\":\"https:\/\/www.inglet.com\/ca\/?s={search_term_string}\"},\"query-input\":{\"@type\":\"PropertyValueSpecification\",\"valueRequired\":true,\"valueName\":\"search_term_string\"}}],\"inLanguage\":\"ca\"},{\"@type\":\"Organization\",\"@id\":\"https:\/\/www.inglet.com\/ca\/#organization\",\"name\":\"INGLET, SLU\",\"url\":\"https:\/\/www.inglet.com\/ca\/\",\"logo\":{\"@type\":\"ImageObject\",\"inLanguage\":\"ca\",\"@id\":\"https:\/\/www.inglet.com\/ca\/#\/schema\/logo\/image\/\",\"url\":\"https:\/\/www.inglet.com\/wp-content\/uploads\/2019\/08\/Inglet-Logo.jpg\",\"contentUrl\":\"https:\/\/www.inglet.com\/wp-content\/uploads\/2019\/08\/Inglet-Logo.jpg\",\"width\":264,\"height\":342,\"caption\":\"INGLET, SLU\"},\"image\":{\"@id\":\"https:\/\/www.inglet.com\/ca\/#\/schema\/logo\/image\/\"}}]}<\/script>\n<!-- \/ Yoast SEO plugin. -->","yoast_head_json":{"title":"Venda de productes i maquin\u00e0ria per a l\u2019emmarcaci\u00f3 - INGLET","description":"Venda de productes i maquin\u00e0ria per a l\u2019emmarcaci\u00f3 i la comunicaci\u00f3 visual. Passepartout, cart\u00f3 ploma, perfils d\u2019alumini, vidre museu...","robots":{"index":"index","follow":"follow","max-snippet":"max-snippet:-1","max-image-preview":"max-image-preview:large","max-video-preview":"max-video-preview:-1"},"canonical":"https:\/\/www.inglet.com\/ca\/","og_locale":"ca_ES","og_type":"article","og_title":"Venda de productes i maquin\u00e0ria per a l\u2019emmarcaci\u00f3 - INGLET","og_description":"Venda de productes i maquin\u00e0ria per a l\u2019emmarcaci\u00f3 i la comunicaci\u00f3 visual. Passepartout, cart\u00f3 ploma, perfils d\u2019alumini, vidre museu...","og_url":"https:\/\/www.inglet.com\/ca\/","og_site_name":"INGLET","article_modified_time":"2026-03-31T08:35:17+00:00","twitter_card":"summary_large_image","twitter_misc":{"Temps estimat de lectura":"3 minuts"},"schema":{"@context":"https:\/\/schema.org","@graph":[{"@type":"WebPage","@id":"https:\/\/www.inglet.com\/ca\/","url":"https:\/\/www.inglet.com\/ca\/","name":"Venda de productes i maquin\u00e0ria per a l\u2019emmarcaci\u00f3 - INGLET","isPartOf":{"@id":"https:\/\/www.inglet.com\/ca\/#website"},"datePublished":"2021-04-08T09:52:59+00:00","dateModified":"2026-03-31T08:35:17+00:00","description":"Venda de productes i maquin\u00e0ria per a l\u2019emmarcaci\u00f3 i la comunicaci\u00f3 visual. Passepartout, cart\u00f3 ploma, perfils d\u2019alumini, vidre museu...","breadcrumb":{"@id":"https:\/\/www.inglet.com\/ca\/#breadcrumb"},"inLanguage":"ca","potentialAction":[{"@type":"ReadAction","target":["https:\/\/www.inglet.com\/ca\/"]}]},{"@type":"BreadcrumbList","@id":"https:\/\/www.inglet.com\/ca\/#breadcrumb","itemListElement":[{"@type":"ListItem","position":1,"name":"Portada","item":"https:\/\/www.inglet.com\/ca\/"},{"@type":"ListItem","position":2,"name":"Home"}]},{"@type":"WebSite","@id":"https:\/\/www.inglet.com\/ca\/#website","url":"https:\/\/www.inglet.com\/ca\/","name":"INGLET","description":"Suministros para la enmarcaci\u00f3n y la  impresi\u00f3n digital","publisher":{"@id":"https:\/\/www.inglet.com\/ca\/#organization"},"potentialAction":[{"@type":"SearchAction","target":{"@type":"EntryPoint","urlTemplate":"https:\/\/www.inglet.com\/ca\/?s={search_term_string}"},"query-input":{"@type":"PropertyValueSpecification","valueRequired":true,"valueName":"search_term_string"}}],"inLanguage":"ca"},{"@type":"Organization","@id":"https:\/\/www.inglet.com\/ca\/#organization","name":"INGLET, SLU","url":"https:\/\/www.inglet.com\/ca\/","logo":{"@type":"ImageObject","inLanguage":"ca","@id":"https:\/\/www.inglet.com\/ca\/#\/schema\/logo\/image\/","url":"https:\/\/www.inglet.com\/wp-content\/uploads\/2019\/08\/Inglet-Logo.jpg","contentUrl":"https:\/\/www.inglet.com\/wp-content\/uploads\/2019\/08\/Inglet-Logo.jpg","width":264,"height":342,"caption":"INGLET, SLU"},"image":{"@id":"https:\/\/www.inglet.com\/ca\/#\/schema\/logo\/image\/"}}]}},"_links":{"self":[{"href":"https:\/\/www.inglet.com\/ca\/wp-json\/wp\/v2\/pages\/56479","targetHints":{"allow":["GET"]}}],"collection":[{"href":"https:\/\/www.inglet.com\/ca\/wp-json\/wp\/v2\/pages"}],"about":[{"href":"https:\/\/www.inglet.com\/ca\/wp-json\/wp\/v2\/types\/page"}],"author":[{"embeddable":true,"href":"https:\/\/www.inglet.com\/ca\/wp-json\/wp\/v2\/users\/1"}],"replies":[{"embeddable":true,"href":"https:\/\/www.inglet.com\/ca\/wp-json\/wp\/v2\/comments?post=56479"}],"version-history":[{"count":1,"href":"https:\/\/www.inglet.com\/ca\/wp-json\/wp\/v2\/pages\/56479\/revisions"}],"predecessor-version":[{"id":76467,"href":"https:\/\/www.inglet.com\/ca\/wp-json\/wp\/v2\/pages\/56479\/revisions\/76467"}],"wp:attachment":[{"href":"https:\/\/www.inglet.com\/ca\/wp-json\/wp\/v2\/media?parent=56479"}],"curies":[{"name":"wp","href":"https:\/\/api.w.org\/{rel}","templated":true}]}}