{"id":56580,"date":"2021-04-08T12:31:01","date_gmt":"2021-04-08T10:31:01","guid":{"rendered":"https:\/\/www.inglet.com\/?page_id=56580"},"modified":"2021-04-22T10:45:54","modified_gmt":"2021-04-22T08:45:54","slug":"contactar","status":"publish","type":"page","link":"https:\/\/www.inglet.com\/ca\/contactar\/","title":{"rendered":"CONTACTAR"},"content":{"rendered":"<h2 class=\"morado\">DUBTES, PREGUNTES I SOL\u00b7LICITUD D&#8217;INFORMACI\u00d3<\/h2>\n<div class=\"form-wrap-contact\">\n<div class=\"wpcf7 no-js\" id=\"wpcf7-f56648-o1\" lang=\"ca\" dir=\"ltr\" data-wpcf7-id=\"56648\">\n<div class=\"screen-reader-response\"><p role=\"status\" aria-live=\"polite\" aria-atomic=\"true\"><\/p> <ul><\/ul><\/div>\n<form action=\"\/ca\/wp-json\/wp\/v2\/pages\/56580#wpcf7-f56648-o1\" method=\"post\" class=\"wpcf7-form init\" aria-label=\"Formulari de contacte\" enctype=\"multipart\/form-data\" novalidate=\"novalidate\" data-status=\"init\">\n<div style=\"display: none;\">\n<input type=\"hidden\" name=\"_wpcf7\" value=\"56648\" \/>\n<input type=\"hidden\" name=\"_wpcf7_version\" value=\"6.0.5\" \/>\n<input type=\"hidden\" name=\"_wpcf7_locale\" value=\"ca\" \/>\n<input type=\"hidden\" name=\"_wpcf7_unit_tag\" value=\"wpcf7-f56648-o1\" \/>\n<input type=\"hidden\" name=\"_wpcf7_container_post\" value=\"0\" \/>\n<input type=\"hidden\" name=\"_wpcf7_posted_data_hash\" value=\"\" \/>\n<input type=\"hidden\" name=\"_wpcf7dtx_version\" value=\"5.0.3\" \/>\n<input type=\"hidden\" name=\"_wpcf7_recaptcha_response\" value=\"\" \/>\n<\/div>\n<div class=\"flex-wrap\">\n\t<div class=\"flex-col\">\n\t\t<p><label> Nom i cognoms *<br \/>\n<span class=\"wpcf7-form-control-wrap\" data-name=\"your-name\"><input size=\"40\" maxlength=\"400\" class=\"wpcf7-form-control wpcf7-text wpcf7-validates-as-required\" aria-required=\"true\" aria-invalid=\"false\" value=\"\" type=\"text\" name=\"your-name\" \/><\/span> <\/label>\n\t\t<\/p>\n\t<\/div>\n\t<div class=\"flex-col\">\n\t\t<p><label> Fax<br \/>\n<span class=\"wpcf7-form-control-wrap\" data-name=\"your-fax\"><input size=\"40\" maxlength=\"400\" class=\"wpcf7-form-control wpcf7-tel wpcf7-text wpcf7-validates-as-tel\" aria-invalid=\"false\" value=\"\" type=\"tel\" name=\"your-fax\" \/><\/span> <\/label>\n\t\t<\/p>\n\t<\/div>\n<\/div>\n<div class=\"flex-wrap\">\n\t<div class=\"flex-col\">\n\t\t<p><label> Empresa *<br \/>\n<span class=\"wpcf7-form-control-wrap\" data-name=\"your-company\"><input size=\"40\" maxlength=\"400\" class=\"wpcf7-form-control wpcf7-text wpcf7-validates-as-required\" aria-required=\"true\" aria-invalid=\"false\" value=\"\" type=\"text\" name=\"your-company\" \/><\/span> <\/label>\n\t\t<\/p>\n\t<\/div>\n\t<div class=\"flex-col\">\n\t\t<p><label> Pa\u00eds<br \/>\n<span class=\"wpcf7-form-control-wrap\" data-name=\"your-country\"><input size=\"40\" maxlength=\"400\" class=\"wpcf7-form-control wpcf7-text\" aria-invalid=\"false\" value=\"\" type=\"text\" name=\"your-country\" \/><\/span> <\/label>\n\t\t<\/p>\n\t<\/div>\n<\/div>\n<div class=\"flex-padding\">\n\t<p><label> Carrer i n\u00famero *<br \/>\n<span class=\"wpcf7-form-control-wrap\" data-name=\"your-address\"><input size=\"40\" maxlength=\"400\" class=\"wpcf7-form-control wpcf7-text wpcf7-validates-as-required\" aria-required=\"true\" aria-invalid=\"false\" value=\"\" type=\"text\" name=\"your-address\" \/><\/span> <\/label>\n\t<\/p>\n<\/div>\n<div class=\"flex-wrap\">\n\t<div class=\"flex-col\">\n\t\t<p><label> E-mail *<br \/>\n<span class=\"wpcf7-form-control-wrap\" data-name=\"your-email\"><input size=\"40\" maxlength=\"400\" class=\"wpcf7-form-control wpcf7-email wpcf7-validates-as-required wpcf7-text wpcf7-validates-as-email\" aria-required=\"true\" aria-invalid=\"false\" value=\"\" type=\"email\" name=\"your-email\" \/><\/span> <\/label>\n\t\t<\/p>\n\t<\/div>\n\t<div class=\"flex-col\">\n\t\t<p><label> Poblaci\u00f3 *<br \/>\n<span class=\"wpcf7-form-control-wrap\" data-name=\"your-p\"><input size=\"40\" maxlength=\"400\" class=\"wpcf7-form-control wpcf7-text wpcf7-validates-as-required\" aria-required=\"true\" aria-invalid=\"false\" value=\"\" type=\"text\" name=\"your-p\" \/><\/span> <\/label>\n\t\t<\/p>\n\t<\/div>\n<\/div>\n<div class=\"flex-wrap\">\n\t<div class=\"flex-col\">\n\t\t<p><label> Codi Postal i prov\u00edncia *<br \/>\n<span class=\"wpcf7-form-control-wrap\" data-name=\"your-cp\"><input size=\"40\" maxlength=\"400\" class=\"wpcf7-form-control wpcf7-text wpcf7-validates-as-required\" aria-required=\"true\" aria-invalid=\"false\" value=\"\" type=\"text\" name=\"your-cp\" \/><\/span> <\/label>\n\t\t<\/p>\n\t<\/div>\n\t<div class=\"flex-col\">\n\t\t<p><label> Tel\u00e8fon *<br \/>\n<span class=\"wpcf7-form-control-wrap\" data-name=\"your-tel\"><input size=\"40\" maxlength=\"400\" class=\"wpcf7-form-control wpcf7-tel wpcf7-validates-as-required wpcf7-text wpcf7-validates-as-tel\" aria-required=\"true\" aria-invalid=\"false\" value=\"\" type=\"tel\" name=\"your-tel\" \/><\/span> <\/label>\n\t\t<\/p>\n\t<\/div>\n<\/div>\n<div class=\"flex-padding\">\n\t<p><label> Assumpte<br \/>\n<span class=\"wpcf7-form-control-wrap\" data-name=\"your-subject\"><input size=\"40\" maxlength=\"400\" class=\"wpcf7-form-control wpcf7-text\" aria-invalid=\"false\" value=\"\" type=\"text\" name=\"your-subject\" \/><\/span> <\/label>\n\t<\/p>\n<\/div>\n<div class=\"flex-padding\">\n\t<p><label> Descripci\u00f3 de la consulta *<br \/>\n<span class=\"wpcf7-form-control-wrap\" data-name=\"your-message\"><textarea cols=\"40\" rows=\"10\" maxlength=\"2000\" class=\"wpcf7-form-control wpcf7-textarea wpcf7-validates-as-required\" aria-required=\"true\" aria-invalid=\"false\" name=\"your-message\"><\/textarea><\/span> <\/label>\n\t<\/p>\n<\/div>\n<div class=\"flex-padding\">\n\t<p><label> Arxiu Adjunt<br \/>\n<span class=\"wpcf7-form-control-wrap\" data-name=\"file-upload\"><input size=\"40\" class=\"wpcf7-form-control wpcf7-file\" accept=\"audio\/*,video\/*,image\/*\" aria-invalid=\"false\" type=\"file\" name=\"file-upload\" \/><\/span><\/label>\n\t<\/p>\n<\/div>\n<div class=\"flex-padding\">\n\t<p><span class=\"wpcf7-list-item\">(*) Camps obligatoris<\/span>\n\t<\/p>\n<\/div>\n<div class=\"flex-padding\">\n\t<p><span class=\"wpcf7-form-control-wrap\" data-name=\"acceptance-363\"><span class=\"wpcf7-form-control wpcf7-acceptance\"><span class=\"wpcf7-list-item\"><label><input type=\"checkbox\" name=\"acceptance-363\" value=\"1\" aria-invalid=\"false\" \/><span class=\"wpcf7-list-item-label\">Consento el tractament de les meves dades. INGLET, SLU tractar\u00e0 les seves dades amb la finalitat de gestionar la seva sol\u00b7licitud de registre en la nostra web. Pot exercir els seus drets d'acc\u00e9s, rectificaci\u00f3, supressi\u00f3, portabilitat, limitaci\u00f3 i oposici\u00f3, com l'informem en la nostra <a href=\"https:\/\/www.inglet.com\/ca\/avis-legal\/\" target=\"_blank\">Pol\u00edtica de Privacitat i Av\u00eds Legal.<\/a><\/span><\/label><\/span><\/span><\/span>\n\t<\/p>\n<\/div>\n<div class=\"flex-padding\">\n\t<p><input class=\"wpcf7-form-control wpcf7-submit has-spinner\" type=\"submit\" value=\"Enviar\" \/>\n\t<\/p>\n<\/div><div class=\"wpcf7-response-output\" aria-hidden=\"true\"><\/div>\n<\/form>\n<\/div>\n<\/div>\n<h2 class=\"morado\" style=\"margin-bottom: 40px;\">DADES DE CONTACTE I UBICACI\u00d3<\/h2>\n<div class=\"contact-data\">\n<div class=\"img-contact-wrap\"><img decoding=\"async\" class=\"alignnone wp-image-56582 size-full\" src=\"https:\/\/www.inglet.com\/wp-content\/uploads\/2019\/09\/Nau_Inglet_Machinery.jpg\" alt=\"\" width=\"1000\" height=\"555\" srcset=\"https:\/\/www.inglet.com\/wp-content\/uploads\/2019\/09\/Nau_Inglet_Machinery.jpg 1000w, https:\/\/www.inglet.com\/wp-content\/uploads\/2019\/09\/Nau_Inglet_Machinery-600x333.jpg 600w, https:\/\/www.inglet.com\/wp-content\/uploads\/2019\/09\/Nau_Inglet_Machinery-250x139.jpg 250w, https:\/\/www.inglet.com\/wp-content\/uploads\/2019\/09\/Nau_Inglet_Machinery-768x426.jpg 768w, https:\/\/www.inglet.com\/wp-content\/uploads\/2019\/09\/Nau_Inglet_Machinery-535x297.jpg 535w, https:\/\/www.inglet.com\/wp-content\/uploads\/2019\/09\/Nau_Inglet_Machinery-300x167.jpg 300w, https:\/\/www.inglet.com\/wp-content\/uploads\/2019\/09\/Nau_Inglet_Machinery-91x51.jpg 91w\" sizes=\"(max-width: 1000px) 100vw, 1000px\" \/><\/div>\n<div class=\"city-cnt\">\n<div class=\"city-adress\">\n<h4 class=\"morado\"><strong>INGLET, S.L.U.<\/strong><\/h4>\n<p>Avinguda Cervera, 21<br \/>\n25300 T\u00e0rrega (Lleida) Spain<br \/>\n<strong>Tel.<\/strong> <a href=\"tel:0034973312312\">+34 973 312 312<\/a><br \/>\n<strong>Fax<\/strong> <a href=\"fax:comercial@inglet.com\">+34 973 310 755<\/a><br \/>\n<strong>E-mail<\/strong>: <a href=\"mailto:comercial@inglet.com\">comercial@inglet.com<\/a><\/p>\n<\/div>\n<\/div>\n<\/div>\n<p><iframe style=\"border: 0;\" src=\"https:\/\/www.google.com\/maps\/embed?pb=!1m14!1m8!1m3!1d11924.086218209468!2d1.1568542!3d41.6552763!3m2!1i1024!2i768!4f13.1!3m3!1m2!1s0x0%3A0x1643edfc40a04378!2sInglet!5e0!3m2!1ses!2ses!4v1568992660829!5m2!1ses!2ses\" width=\"100%\" height=\"400\" frameborder=\"0\" allowfullscreen=\"allowfullscreen\" data-mce-fragment=\"1\"><\/iframe><\/p>\n","protected":false},"excerpt":{"rendered":"<p>DUBTES, PREGUNTES I SOL\u00b7LICITUD D&#8217;INFORMACI\u00d3 DADES DE CONTACTE I UBICACI\u00d3 INGLET, S.L.U. Avinguda Cervera, 21 25300 T\u00e0rrega (Lleida) Spain Tel. [&hellip;]<\/p>\n","protected":false},"author":5,"featured_media":56583,"parent":0,"menu_order":0,"comment_status":"closed","ping_status":"closed","template":"template-contactar.php","meta":{"_sitemap_exclude":false,"_sitemap_priority":"","_sitemap_frequency":"","_monsterinsights_skip_tracking":false,"_monsterinsights_sitenote_active":false,"_monsterinsights_sitenote_note":"","_monsterinsights_sitenote_category":0,"footnotes":""},"class_list":["post-56580","page","type-page","status-publish","has-post-thumbnail","hentry"],"yoast_head":"<!-- This site is optimized with the Yoast SEO plugin v24.7 - https:\/\/yoast.com\/wordpress\/plugins\/seo\/ -->\n<title>CONTACTAR - INGLET<\/title>\n<meta name=\"robots\" content=\"index, follow, max-snippet:-1, max-image-preview:large, max-video-preview:-1\" \/>\n<link rel=\"canonical\" href=\"https:\/\/www.inglet.com\/ca\/contactar\/\" \/>\n<meta property=\"og:locale\" content=\"ca_ES\" \/>\n<meta property=\"og:type\" content=\"article\" \/>\n<meta property=\"og:title\" content=\"CONTACTAR - INGLET\" \/>\n<meta property=\"og:description\" content=\"DUBTES, PREGUNTES I SOL\u00b7LICITUD D&#8217;INFORMACI\u00d3 DADES DE CONTACTE I UBICACI\u00d3 INGLET, S.L.U. Avinguda Cervera, 21 25300 T\u00e0rrega (Lleida) Spain Tel. [&hellip;]\" \/>\n<meta property=\"og:url\" content=\"https:\/\/www.inglet.com\/ca\/contactar\/\" \/>\n<meta property=\"og:site_name\" content=\"INGLET\" \/>\n<meta property=\"article:modified_time\" content=\"2021-04-22T08:45:54+00:00\" \/>\n<meta property=\"og:image\" content=\"https:\/\/www.inglet.com\/wp-content\/uploads\/2020\/02\/Contacto_Top_Web-1.png\" \/>\n\t<meta property=\"og:image:width\" content=\"1299\" \/>\n\t<meta property=\"og:image:height\" content=\"337\" \/>\n\t<meta property=\"og:image:type\" content=\"image\/png\" \/>\n<meta name=\"twitter:card\" content=\"summary_large_image\" \/>\n<meta name=\"twitter:label1\" content=\"Temps estimat de lectura\" \/>\n\t<meta name=\"twitter:data1\" content=\"1 minut\" \/>\n<script type=\"application\/ld+json\" class=\"yoast-schema-graph\">{\"@context\":\"https:\/\/schema.org\",\"@graph\":[{\"@type\":\"WebPage\",\"@id\":\"https:\/\/www.inglet.com\/ca\/contactar\/\",\"url\":\"https:\/\/www.inglet.com\/ca\/contactar\/\",\"name\":\"CONTACTAR - INGLET\",\"isPartOf\":{\"@id\":\"https:\/\/www.inglet.com\/ca\/#website\"},\"primaryImageOfPage\":{\"@id\":\"https:\/\/www.inglet.com\/ca\/contactar\/#primaryimage\"},\"image\":{\"@id\":\"https:\/\/www.inglet.com\/ca\/contactar\/#primaryimage\"},\"thumbnailUrl\":\"https:\/\/www.inglet.com\/wp-content\/uploads\/2020\/02\/Contacto_Top_Web-1.png\",\"datePublished\":\"2021-04-08T10:31:01+00:00\",\"dateModified\":\"2021-04-22T08:45:54+00:00\",\"breadcrumb\":{\"@id\":\"https:\/\/www.inglet.com\/ca\/contactar\/#breadcrumb\"},\"inLanguage\":\"ca\",\"potentialAction\":[{\"@type\":\"ReadAction\",\"target\":[\"https:\/\/www.inglet.com\/ca\/contactar\/\"]}]},{\"@type\":\"ImageObject\",\"inLanguage\":\"ca\",\"@id\":\"https:\/\/www.inglet.com\/ca\/contactar\/#primaryimage\",\"url\":\"https:\/\/www.inglet.com\/wp-content\/uploads\/2020\/02\/Contacto_Top_Web-1.png\",\"contentUrl\":\"https:\/\/www.inglet.com\/wp-content\/uploads\/2020\/02\/Contacto_Top_Web-1.png\",\"width\":1299,\"height\":337},{\"@type\":\"BreadcrumbList\",\"@id\":\"https:\/\/www.inglet.com\/ca\/contactar\/#breadcrumb\",\"itemListElement\":[{\"@type\":\"ListItem\",\"position\":1,\"name\":\"Portada\",\"item\":\"https:\/\/www.inglet.com\/ca\/\"},{\"@type\":\"ListItem\",\"position\":2,\"name\":\"CONTACTAR\"}]},{\"@type\":\"WebSite\",\"@id\":\"https:\/\/www.inglet.com\/ca\/#website\",\"url\":\"https:\/\/www.inglet.com\/ca\/\",\"name\":\"INGLET\",\"description\":\"Suministros para la enmarcaci\u00f3n y la  impresi\u00f3n digital\",\"publisher\":{\"@id\":\"https:\/\/www.inglet.com\/ca\/#organization\"},\"potentialAction\":[{\"@type\":\"SearchAction\",\"target\":{\"@type\":\"EntryPoint\",\"urlTemplate\":\"https:\/\/www.inglet.com\/ca\/?s={search_term_string}\"},\"query-input\":{\"@type\":\"PropertyValueSpecification\",\"valueRequired\":true,\"valueName\":\"search_term_string\"}}],\"inLanguage\":\"ca\"},{\"@type\":\"Organization\",\"@id\":\"https:\/\/www.inglet.com\/ca\/#organization\",\"name\":\"INGLET, SLU\",\"url\":\"https:\/\/www.inglet.com\/ca\/\",\"logo\":{\"@type\":\"ImageObject\",\"inLanguage\":\"ca\",\"@id\":\"https:\/\/www.inglet.com\/ca\/#\/schema\/logo\/image\/\",\"url\":\"https:\/\/www.inglet.com\/wp-content\/uploads\/2019\/08\/Inglet-Logo.jpg\",\"contentUrl\":\"https:\/\/www.inglet.com\/wp-content\/uploads\/2019\/08\/Inglet-Logo.jpg\",\"width\":264,\"height\":342,\"caption\":\"INGLET, SLU\"},\"image\":{\"@id\":\"https:\/\/www.inglet.com\/ca\/#\/schema\/logo\/image\/\"}}]}<\/script>\n<!-- \/ Yoast SEO plugin. -->","yoast_head_json":{"title":"CONTACTAR - INGLET","robots":{"index":"index","follow":"follow","max-snippet":"max-snippet:-1","max-image-preview":"max-image-preview:large","max-video-preview":"max-video-preview:-1"},"canonical":"https:\/\/www.inglet.com\/ca\/contactar\/","og_locale":"ca_ES","og_type":"article","og_title":"CONTACTAR - INGLET","og_description":"DUBTES, PREGUNTES I SOL\u00b7LICITUD D&#8217;INFORMACI\u00d3 DADES DE CONTACTE I UBICACI\u00d3 INGLET, S.L.U. Avinguda Cervera, 21 25300 T\u00e0rrega (Lleida) Spain Tel. [&hellip;]","og_url":"https:\/\/www.inglet.com\/ca\/contactar\/","og_site_name":"INGLET","article_modified_time":"2021-04-22T08:45:54+00:00","og_image":[{"width":1299,"height":337,"url":"https:\/\/www.inglet.com\/wp-content\/uploads\/2020\/02\/Contacto_Top_Web-1.png","type":"image\/png"}],"twitter_card":"summary_large_image","twitter_misc":{"Temps estimat de lectura":"1 minut"},"schema":{"@context":"https:\/\/schema.org","@graph":[{"@type":"WebPage","@id":"https:\/\/www.inglet.com\/ca\/contactar\/","url":"https:\/\/www.inglet.com\/ca\/contactar\/","name":"CONTACTAR - INGLET","isPartOf":{"@id":"https:\/\/www.inglet.com\/ca\/#website"},"primaryImageOfPage":{"@id":"https:\/\/www.inglet.com\/ca\/contactar\/#primaryimage"},"image":{"@id":"https:\/\/www.inglet.com\/ca\/contactar\/#primaryimage"},"thumbnailUrl":"https:\/\/www.inglet.com\/wp-content\/uploads\/2020\/02\/Contacto_Top_Web-1.png","datePublished":"2021-04-08T10:31:01+00:00","dateModified":"2021-04-22T08:45:54+00:00","breadcrumb":{"@id":"https:\/\/www.inglet.com\/ca\/contactar\/#breadcrumb"},"inLanguage":"ca","potentialAction":[{"@type":"ReadAction","target":["https:\/\/www.inglet.com\/ca\/contactar\/"]}]},{"@type":"ImageObject","inLanguage":"ca","@id":"https:\/\/www.inglet.com\/ca\/contactar\/#primaryimage","url":"https:\/\/www.inglet.com\/wp-content\/uploads\/2020\/02\/Contacto_Top_Web-1.png","contentUrl":"https:\/\/www.inglet.com\/wp-content\/uploads\/2020\/02\/Contacto_Top_Web-1.png","width":1299,"height":337},{"@type":"BreadcrumbList","@id":"https:\/\/www.inglet.com\/ca\/contactar\/#breadcrumb","itemListElement":[{"@type":"ListItem","position":1,"name":"Portada","item":"https:\/\/www.inglet.com\/ca\/"},{"@type":"ListItem","position":2,"name":"CONTACTAR"}]},{"@type":"WebSite","@id":"https:\/\/www.inglet.com\/ca\/#website","url":"https:\/\/www.inglet.com\/ca\/","name":"INGLET","description":"Suministros para la enmarcaci\u00f3n y la  impresi\u00f3n digital","publisher":{"@id":"https:\/\/www.inglet.com\/ca\/#organization"},"potentialAction":[{"@type":"SearchAction","target":{"@type":"EntryPoint","urlTemplate":"https:\/\/www.inglet.com\/ca\/?s={search_term_string}"},"query-input":{"@type":"PropertyValueSpecification","valueRequired":true,"valueName":"search_term_string"}}],"inLanguage":"ca"},{"@type":"Organization","@id":"https:\/\/www.inglet.com\/ca\/#organization","name":"INGLET, SLU","url":"https:\/\/www.inglet.com\/ca\/","logo":{"@type":"ImageObject","inLanguage":"ca","@id":"https:\/\/www.inglet.com\/ca\/#\/schema\/logo\/image\/","url":"https:\/\/www.inglet.com\/wp-content\/uploads\/2019\/08\/Inglet-Logo.jpg","contentUrl":"https:\/\/www.inglet.com\/wp-content\/uploads\/2019\/08\/Inglet-Logo.jpg","width":264,"height":342,"caption":"INGLET, SLU"},"image":{"@id":"https:\/\/www.inglet.com\/ca\/#\/schema\/logo\/image\/"}}]}},"_links":{"self":[{"href":"https:\/\/www.inglet.com\/ca\/wp-json\/wp\/v2\/pages\/56580","targetHints":{"allow":["GET"]}}],"collection":[{"href":"https:\/\/www.inglet.com\/ca\/wp-json\/wp\/v2\/pages"}],"about":[{"href":"https:\/\/www.inglet.com\/ca\/wp-json\/wp\/v2\/types\/page"}],"author":[{"embeddable":true,"href":"https:\/\/www.inglet.com\/ca\/wp-json\/wp\/v2\/users\/5"}],"replies":[{"embeddable":true,"href":"https:\/\/www.inglet.com\/ca\/wp-json\/wp\/v2\/comments?post=56580"}],"version-history":[{"count":0,"href":"https:\/\/www.inglet.com\/ca\/wp-json\/wp\/v2\/pages\/56580\/revisions"}],"wp:featuredmedia":[{"embeddable":true,"href":"https:\/\/www.inglet.com\/ca\/wp-json\/wp\/v2\/media\/56583"}],"wp:attachment":[{"href":"https:\/\/www.inglet.com\/ca\/wp-json\/wp\/v2\/media?parent=56580"}],"curies":[{"name":"wp","href":"https:\/\/api.w.org\/{rel}","templated":true}]}}