{"id":56621,"date":"2021-04-08T16:20:42","date_gmt":"2021-04-08T14:20:42","guid":{"rendered":"https:\/\/www.inglet.com\/?page_id=56621"},"modified":"2021-04-08T16:20:42","modified_gmt":"2021-04-08T14:20:42","slug":"pagament-segur","status":"publish","type":"page","link":"https:\/\/www.inglet.com\/ca\/pagament-segur\/","title":{"rendered":"Pagament segur"},"content":{"rendered":"<p><strong>Pagament segur:<\/strong><br \/>\nLes compres que fas en la nostra web s\u00f3n completament segures. Les teves dades personals i banc\u00e0ries queden protegits i no s\u00f3n accessibles a persones no autoritzades en cap moment del proc\u00e9s. Tamb\u00e9 pots triar les modalitats de pagament per transfer\u00e8ncia, gir o per<br \/>\ncontra reemborsament.<\/p>\n<p><strong>Targeta de cr\u00e8dit Visa o Mastercard:<\/strong><br \/>\nUna modalitat molt segura, en la qual les teves dades banc\u00e0ries queden protegits de l&#8217;acc\u00e9s no autoritzat durant la transmissi\u00f3.<\/p>\n<p><strong>Transfer\u00e8ncia banc\u00e0ria:<\/strong><br \/>\nEn aquesta modalitat, t&#8217;enviarem una factura proforma per correu electr\u00f2nic amb les dades del n\u00famero de compte on fer l&#8217;ingr\u00e9s. Per a fer el pagament has de fer constar el teu n\u00famero de comanda. L&#8217;enviament s&#8217;efectua quan rebem el comprovant de pagament o l&#8217;ingr\u00e9s en compte. Si despr\u00e9s de 24 hores no ho hem rebut, no podrem confirmar que l&#8217;estoc de la seva comanda continu\u00ef disponible. Si despr\u00e9s de 20 dies no ho hem rebut desestimarem la teva comanda.<\/p>\n<p><strong>Contra reemborsament:<\/strong><br \/>\nAquesta modalitat et permet pagar en efectiu en el moment de rebre el paquet. Sense c\u00e0rrec addicional de l&#8217;import total de la teva comanda.<\/p>\n","protected":false},"excerpt":{"rendered":"<p>Pagament segur: Les compres que fas en la nostra web s\u00f3n completament segures. Les teves dades personals i banc\u00e0ries queden [&hellip;]<\/p>\n","protected":false},"author":5,"featured_media":0,"parent":0,"menu_order":0,"comment_status":"closed","ping_status":"closed","template":"","meta":{"_sitemap_exclude":false,"_sitemap_priority":"","_sitemap_frequency":"","_monsterinsights_skip_tracking":false,"_monsterinsights_sitenote_active":false,"_monsterinsights_sitenote_note":"","_monsterinsights_sitenote_category":0,"footnotes":""},"class_list":["post-56621","page","type-page","status-publish","hentry"],"yoast_head":"<!-- This site is optimized with the Yoast SEO plugin v24.7 - https:\/\/yoast.com\/wordpress\/plugins\/seo\/ -->\n<title>Pagament segur - INGLET<\/title>\n<meta name=\"robots\" content=\"index, follow, max-snippet:-1, max-image-preview:large, max-video-preview:-1\" \/>\n<link rel=\"canonical\" href=\"https:\/\/www.inglet.com\/ca\/pagament-segur\/\" \/>\n<meta property=\"og:locale\" content=\"ca_ES\" \/>\n<meta property=\"og:type\" content=\"article\" \/>\n<meta property=\"og:title\" content=\"Pagament segur - INGLET\" \/>\n<meta property=\"og:description\" content=\"Pagament segur: Les compres que fas en la nostra web s\u00f3n completament segures. Les teves dades personals i banc\u00e0ries queden [&hellip;]\" \/>\n<meta property=\"og:url\" content=\"https:\/\/www.inglet.com\/ca\/pagament-segur\/\" \/>\n<meta property=\"og:site_name\" content=\"INGLET\" \/>\n<meta name=\"twitter:card\" content=\"summary_large_image\" \/>\n<meta name=\"twitter:label1\" content=\"Temps estimat de lectura\" \/>\n\t<meta name=\"twitter:data1\" content=\"1 minut\" \/>\n<script type=\"application\/ld+json\" class=\"yoast-schema-graph\">{\"@context\":\"https:\/\/schema.org\",\"@graph\":[{\"@type\":\"WebPage\",\"@id\":\"https:\/\/www.inglet.com\/ca\/pagament-segur\/\",\"url\":\"https:\/\/www.inglet.com\/ca\/pagament-segur\/\",\"name\":\"Pagament segur - INGLET\",\"isPartOf\":{\"@id\":\"https:\/\/www.inglet.com\/ca\/#website\"},\"datePublished\":\"2021-04-08T14:20:42+00:00\",\"breadcrumb\":{\"@id\":\"https:\/\/www.inglet.com\/ca\/pagament-segur\/#breadcrumb\"},\"inLanguage\":\"ca\",\"potentialAction\":[{\"@type\":\"ReadAction\",\"target\":[\"https:\/\/www.inglet.com\/ca\/pagament-segur\/\"]}]},{\"@type\":\"BreadcrumbList\",\"@id\":\"https:\/\/www.inglet.com\/ca\/pagament-segur\/#breadcrumb\",\"itemListElement\":[{\"@type\":\"ListItem\",\"position\":1,\"name\":\"Portada\",\"item\":\"https:\/\/www.inglet.com\/ca\/\"},{\"@type\":\"ListItem\",\"position\":2,\"name\":\"Pagament segur\"}]},{\"@type\":\"WebSite\",\"@id\":\"https:\/\/www.inglet.com\/ca\/#website\",\"url\":\"https:\/\/www.inglet.com\/ca\/\",\"name\":\"INGLET\",\"description\":\"Suministros para la enmarcaci\u00f3n y la  impresi\u00f3n digital\",\"publisher\":{\"@id\":\"https:\/\/www.inglet.com\/ca\/#organization\"},\"potentialAction\":[{\"@type\":\"SearchAction\",\"target\":{\"@type\":\"EntryPoint\",\"urlTemplate\":\"https:\/\/www.inglet.com\/ca\/?s={search_term_string}\"},\"query-input\":{\"@type\":\"PropertyValueSpecification\",\"valueRequired\":true,\"valueName\":\"search_term_string\"}}],\"inLanguage\":\"ca\"},{\"@type\":\"Organization\",\"@id\":\"https:\/\/www.inglet.com\/ca\/#organization\",\"name\":\"INGLET, SLU\",\"url\":\"https:\/\/www.inglet.com\/ca\/\",\"logo\":{\"@type\":\"ImageObject\",\"inLanguage\":\"ca\",\"@id\":\"https:\/\/www.inglet.com\/ca\/#\/schema\/logo\/image\/\",\"url\":\"https:\/\/www.inglet.com\/wp-content\/uploads\/2019\/08\/Inglet-Logo.jpg\",\"contentUrl\":\"https:\/\/www.inglet.com\/wp-content\/uploads\/2019\/08\/Inglet-Logo.jpg\",\"width\":264,\"height\":342,\"caption\":\"INGLET, SLU\"},\"image\":{\"@id\":\"https:\/\/www.inglet.com\/ca\/#\/schema\/logo\/image\/\"}}]}<\/script>\n<!-- \/ Yoast SEO plugin. -->","yoast_head_json":{"title":"Pagament segur - INGLET","robots":{"index":"index","follow":"follow","max-snippet":"max-snippet:-1","max-image-preview":"max-image-preview:large","max-video-preview":"max-video-preview:-1"},"canonical":"https:\/\/www.inglet.com\/ca\/pagament-segur\/","og_locale":"ca_ES","og_type":"article","og_title":"Pagament segur - INGLET","og_description":"Pagament segur: Les compres que fas en la nostra web s\u00f3n completament segures. Les teves dades personals i banc\u00e0ries queden [&hellip;]","og_url":"https:\/\/www.inglet.com\/ca\/pagament-segur\/","og_site_name":"INGLET","twitter_card":"summary_large_image","twitter_misc":{"Temps estimat de lectura":"1 minut"},"schema":{"@context":"https:\/\/schema.org","@graph":[{"@type":"WebPage","@id":"https:\/\/www.inglet.com\/ca\/pagament-segur\/","url":"https:\/\/www.inglet.com\/ca\/pagament-segur\/","name":"Pagament segur - INGLET","isPartOf":{"@id":"https:\/\/www.inglet.com\/ca\/#website"},"datePublished":"2021-04-08T14:20:42+00:00","breadcrumb":{"@id":"https:\/\/www.inglet.com\/ca\/pagament-segur\/#breadcrumb"},"inLanguage":"ca","potentialAction":[{"@type":"ReadAction","target":["https:\/\/www.inglet.com\/ca\/pagament-segur\/"]}]},{"@type":"BreadcrumbList","@id":"https:\/\/www.inglet.com\/ca\/pagament-segur\/#breadcrumb","itemListElement":[{"@type":"ListItem","position":1,"name":"Portada","item":"https:\/\/www.inglet.com\/ca\/"},{"@type":"ListItem","position":2,"name":"Pagament segur"}]},{"@type":"WebSite","@id":"https:\/\/www.inglet.com\/ca\/#website","url":"https:\/\/www.inglet.com\/ca\/","name":"INGLET","description":"Suministros para la enmarcaci\u00f3n y la  impresi\u00f3n digital","publisher":{"@id":"https:\/\/www.inglet.com\/ca\/#organization"},"potentialAction":[{"@type":"SearchAction","target":{"@type":"EntryPoint","urlTemplate":"https:\/\/www.inglet.com\/ca\/?s={search_term_string}"},"query-input":{"@type":"PropertyValueSpecification","valueRequired":true,"valueName":"search_term_string"}}],"inLanguage":"ca"},{"@type":"Organization","@id":"https:\/\/www.inglet.com\/ca\/#organization","name":"INGLET, SLU","url":"https:\/\/www.inglet.com\/ca\/","logo":{"@type":"ImageObject","inLanguage":"ca","@id":"https:\/\/www.inglet.com\/ca\/#\/schema\/logo\/image\/","url":"https:\/\/www.inglet.com\/wp-content\/uploads\/2019\/08\/Inglet-Logo.jpg","contentUrl":"https:\/\/www.inglet.com\/wp-content\/uploads\/2019\/08\/Inglet-Logo.jpg","width":264,"height":342,"caption":"INGLET, SLU"},"image":{"@id":"https:\/\/www.inglet.com\/ca\/#\/schema\/logo\/image\/"}}]}},"_links":{"self":[{"href":"https:\/\/www.inglet.com\/ca\/wp-json\/wp\/v2\/pages\/56621","targetHints":{"allow":["GET"]}}],"collection":[{"href":"https:\/\/www.inglet.com\/ca\/wp-json\/wp\/v2\/pages"}],"about":[{"href":"https:\/\/www.inglet.com\/ca\/wp-json\/wp\/v2\/types\/page"}],"author":[{"embeddable":true,"href":"https:\/\/www.inglet.com\/ca\/wp-json\/wp\/v2\/users\/5"}],"replies":[{"embeddable":true,"href":"https:\/\/www.inglet.com\/ca\/wp-json\/wp\/v2\/comments?post=56621"}],"version-history":[{"count":0,"href":"https:\/\/www.inglet.com\/ca\/wp-json\/wp\/v2\/pages\/56621\/revisions"}],"wp:attachment":[{"href":"https:\/\/www.inglet.com\/ca\/wp-json\/wp\/v2\/media?parent=56621"}],"curies":[{"name":"wp","href":"https:\/\/api.w.org\/{rel}","templated":true}]}}