{"id":56626,"date":"2021-04-08T16:26:19","date_gmt":"2021-04-08T14:26:19","guid":{"rendered":"https:\/\/www.inglet.com\/?page_id=56626"},"modified":"2023-02-09T12:24:56","modified_gmt":"2023-02-09T11:24:56","slug":"productes","status":"publish","type":"page","link":"https:\/\/www.inglet.com\/ca\/productes\/","title":{"rendered":"Productes"},"content":{"rendered":"<p><img decoding=\"async\" class=\"alignnone size-medium wp-image-439\" src=\"http:\/\/inglet.com\/wp-content\/uploads\/2019\/08\/suministros-250x250.jpg\" alt=\"\" width=\"250\" height=\"250\" srcset=\"https:\/\/www.inglet.com\/wp-content\/uploads\/2019\/08\/suministros-250x250.jpg 250w, https:\/\/www.inglet.com\/wp-content\/uploads\/2019\/08\/suministros.jpg 300w, https:\/\/www.inglet.com\/wp-content\/uploads\/2019\/08\/suministros-100x100.jpg 100w, https:\/\/www.inglet.com\/wp-content\/uploads\/2019\/08\/suministros-150x150.jpg 150w, https:\/\/www.inglet.com\/wp-content\/uploads\/2019\/08\/suministros-91x91.jpg 91w\" sizes=\"(max-width: 250px) 100vw, 250px\" \/><\/p>\n","protected":false},"excerpt":{"rendered":"","protected":false},"author":1,"featured_media":56630,"parent":0,"menu_order":0,"comment_status":"closed","ping_status":"closed","template":"woocommerce\/archive-product.php","meta":{"_sitemap_exclude":false,"_sitemap_priority":"","_sitemap_frequency":"","_monsterinsights_skip_tracking":false,"_monsterinsights_sitenote_active":false,"_monsterinsights_sitenote_note":"","_monsterinsights_sitenote_category":0,"footnotes":""},"class_list":["post-56626","page","type-page","status-publish","has-post-thumbnail","hentry"],"yoast_head":"<!-- This site is optimized with the Yoast SEO plugin v24.7 - https:\/\/yoast.com\/wordpress\/plugins\/seo\/ -->\n<title>Productes - INGLET<\/title>\n<meta name=\"description\" content=\"Productes i complements per als sectors de l&#039;emmarcaci\u00f3, la fotografia, la retolaci\u00f3 i la comunicaci\u00f3 visual.\" \/>\n<meta name=\"robots\" content=\"index, follow, max-snippet:-1, max-image-preview:large, max-video-preview:-1\" \/>\n<link rel=\"canonical\" href=\"https:\/\/www.inglet.com\/ca\/productes\/\" \/>\n<meta property=\"og:locale\" content=\"ca_ES\" \/>\n<meta property=\"og:type\" content=\"article\" \/>\n<meta property=\"og:title\" content=\"Productes - INGLET\" \/>\n<meta property=\"og:description\" content=\"Productes i complements per als sectors de l&#039;emmarcaci\u00f3, la fotografia, la retolaci\u00f3 i la comunicaci\u00f3 visual.\" \/>\n<meta property=\"og:url\" content=\"https:\/\/www.inglet.com\/ca\/productes\/\" \/>\n<meta property=\"og:site_name\" content=\"INGLET\" \/>\n<meta property=\"article:modified_time\" content=\"2023-02-09T11:24:56+00:00\" \/>\n<meta property=\"og:image\" content=\"https:\/\/www.inglet.com\/wp-content\/uploads\/2020\/02\/Productos_Top_Web-5.png\" \/>\n\t<meta property=\"og:image:width\" content=\"1299\" \/>\n\t<meta property=\"og:image:height\" content=\"337\" \/>\n\t<meta property=\"og:image:type\" content=\"image\/png\" \/>\n<meta name=\"twitter:card\" content=\"summary_large_image\" \/>\n<script type=\"application\/ld+json\" class=\"yoast-schema-graph\">{\"@context\":\"https:\/\/schema.org\",\"@graph\":[{\"@type\":\"WebPage\",\"@id\":\"https:\/\/www.inglet.com\/ca\/productes\/\",\"url\":\"https:\/\/www.inglet.com\/ca\/productes\/\",\"name\":\"Productes - INGLET\",\"isPartOf\":{\"@id\":\"https:\/\/www.inglet.com\/ca\/#website\"},\"primaryImageOfPage\":{\"@id\":\"https:\/\/www.inglet.com\/ca\/productes\/#primaryimage\"},\"image\":{\"@id\":\"https:\/\/www.inglet.com\/ca\/productes\/#primaryimage\"},\"thumbnailUrl\":\"https:\/\/www.inglet.com\/wp-content\/uploads\/2020\/02\/Productos_Top_Web-5.png\",\"datePublished\":\"2021-04-08T14:26:19+00:00\",\"dateModified\":\"2023-02-09T11:24:56+00:00\",\"description\":\"Productes i complements per als sectors de l'emmarcaci\u00f3, la fotografia, la retolaci\u00f3 i la comunicaci\u00f3 visual.\",\"breadcrumb\":{\"@id\":\"https:\/\/www.inglet.com\/ca\/productes\/#breadcrumb\"},\"inLanguage\":\"ca\",\"potentialAction\":[{\"@type\":\"ReadAction\",\"target\":[\"https:\/\/www.inglet.com\/ca\/productes\/\"]}]},{\"@type\":\"ImageObject\",\"inLanguage\":\"ca\",\"@id\":\"https:\/\/www.inglet.com\/ca\/productes\/#primaryimage\",\"url\":\"https:\/\/www.inglet.com\/wp-content\/uploads\/2020\/02\/Productos_Top_Web-5.png\",\"contentUrl\":\"https:\/\/www.inglet.com\/wp-content\/uploads\/2020\/02\/Productos_Top_Web-5.png\",\"width\":1299,\"height\":337,\"caption\":\"Productos para la enmarcaci\u00f3n, fotograf\u00eda, rotulaci\u00f3n y comunicaci\u00f3n visual\"},{\"@type\":\"BreadcrumbList\",\"@id\":\"https:\/\/www.inglet.com\/ca\/productes\/#breadcrumb\",\"itemListElement\":[{\"@type\":\"ListItem\",\"position\":1,\"name\":\"Portada\",\"item\":\"https:\/\/www.inglet.com\/ca\/\"},{\"@type\":\"ListItem\",\"position\":2,\"name\":\"Productes\"}]},{\"@type\":\"WebSite\",\"@id\":\"https:\/\/www.inglet.com\/ca\/#website\",\"url\":\"https:\/\/www.inglet.com\/ca\/\",\"name\":\"INGLET\",\"description\":\"Suministros para la enmarcaci\u00f3n y la  impresi\u00f3n digital\",\"publisher\":{\"@id\":\"https:\/\/www.inglet.com\/ca\/#organization\"},\"potentialAction\":[{\"@type\":\"SearchAction\",\"target\":{\"@type\":\"EntryPoint\",\"urlTemplate\":\"https:\/\/www.inglet.com\/ca\/?s={search_term_string}\"},\"query-input\":{\"@type\":\"PropertyValueSpecification\",\"valueRequired\":true,\"valueName\":\"search_term_string\"}}],\"inLanguage\":\"ca\"},{\"@type\":\"Organization\",\"@id\":\"https:\/\/www.inglet.com\/ca\/#organization\",\"name\":\"INGLET, SLU\",\"url\":\"https:\/\/www.inglet.com\/ca\/\",\"logo\":{\"@type\":\"ImageObject\",\"inLanguage\":\"ca\",\"@id\":\"https:\/\/www.inglet.com\/ca\/#\/schema\/logo\/image\/\",\"url\":\"https:\/\/www.inglet.com\/wp-content\/uploads\/2019\/08\/Inglet-Logo.jpg\",\"contentUrl\":\"https:\/\/www.inglet.com\/wp-content\/uploads\/2019\/08\/Inglet-Logo.jpg\",\"width\":264,\"height\":342,\"caption\":\"INGLET, SLU\"},\"image\":{\"@id\":\"https:\/\/www.inglet.com\/ca\/#\/schema\/logo\/image\/\"}}]}<\/script>\n<!-- \/ Yoast SEO plugin. -->","yoast_head_json":{"title":"Productes - INGLET","description":"Productes i complements per als sectors de l'emmarcaci\u00f3, la fotografia, la retolaci\u00f3 i la comunicaci\u00f3 visual.","robots":{"index":"index","follow":"follow","max-snippet":"max-snippet:-1","max-image-preview":"max-image-preview:large","max-video-preview":"max-video-preview:-1"},"canonical":"https:\/\/www.inglet.com\/ca\/productes\/","og_locale":"ca_ES","og_type":"article","og_title":"Productes - INGLET","og_description":"Productes i complements per als sectors de l'emmarcaci\u00f3, la fotografia, la retolaci\u00f3 i la comunicaci\u00f3 visual.","og_url":"https:\/\/www.inglet.com\/ca\/productes\/","og_site_name":"INGLET","article_modified_time":"2023-02-09T11:24:56+00:00","og_image":[{"width":1299,"height":337,"url":"https:\/\/www.inglet.com\/wp-content\/uploads\/2020\/02\/Productos_Top_Web-5.png","type":"image\/png"}],"twitter_card":"summary_large_image","schema":{"@context":"https:\/\/schema.org","@graph":[{"@type":"WebPage","@id":"https:\/\/www.inglet.com\/ca\/productes\/","url":"https:\/\/www.inglet.com\/ca\/productes\/","name":"Productes - INGLET","isPartOf":{"@id":"https:\/\/www.inglet.com\/ca\/#website"},"primaryImageOfPage":{"@id":"https:\/\/www.inglet.com\/ca\/productes\/#primaryimage"},"image":{"@id":"https:\/\/www.inglet.com\/ca\/productes\/#primaryimage"},"thumbnailUrl":"https:\/\/www.inglet.com\/wp-content\/uploads\/2020\/02\/Productos_Top_Web-5.png","datePublished":"2021-04-08T14:26:19+00:00","dateModified":"2023-02-09T11:24:56+00:00","description":"Productes i complements per als sectors de l'emmarcaci\u00f3, la fotografia, la retolaci\u00f3 i la comunicaci\u00f3 visual.","breadcrumb":{"@id":"https:\/\/www.inglet.com\/ca\/productes\/#breadcrumb"},"inLanguage":"ca","potentialAction":[{"@type":"ReadAction","target":["https:\/\/www.inglet.com\/ca\/productes\/"]}]},{"@type":"ImageObject","inLanguage":"ca","@id":"https:\/\/www.inglet.com\/ca\/productes\/#primaryimage","url":"https:\/\/www.inglet.com\/wp-content\/uploads\/2020\/02\/Productos_Top_Web-5.png","contentUrl":"https:\/\/www.inglet.com\/wp-content\/uploads\/2020\/02\/Productos_Top_Web-5.png","width":1299,"height":337,"caption":"Productos para la enmarcaci\u00f3n, fotograf\u00eda, rotulaci\u00f3n y comunicaci\u00f3n visual"},{"@type":"BreadcrumbList","@id":"https:\/\/www.inglet.com\/ca\/productes\/#breadcrumb","itemListElement":[{"@type":"ListItem","position":1,"name":"Portada","item":"https:\/\/www.inglet.com\/ca\/"},{"@type":"ListItem","position":2,"name":"Productes"}]},{"@type":"WebSite","@id":"https:\/\/www.inglet.com\/ca\/#website","url":"https:\/\/www.inglet.com\/ca\/","name":"INGLET","description":"Suministros para la enmarcaci\u00f3n y la  impresi\u00f3n digital","publisher":{"@id":"https:\/\/www.inglet.com\/ca\/#organization"},"potentialAction":[{"@type":"SearchAction","target":{"@type":"EntryPoint","urlTemplate":"https:\/\/www.inglet.com\/ca\/?s={search_term_string}"},"query-input":{"@type":"PropertyValueSpecification","valueRequired":true,"valueName":"search_term_string"}}],"inLanguage":"ca"},{"@type":"Organization","@id":"https:\/\/www.inglet.com\/ca\/#organization","name":"INGLET, SLU","url":"https:\/\/www.inglet.com\/ca\/","logo":{"@type":"ImageObject","inLanguage":"ca","@id":"https:\/\/www.inglet.com\/ca\/#\/schema\/logo\/image\/","url":"https:\/\/www.inglet.com\/wp-content\/uploads\/2019\/08\/Inglet-Logo.jpg","contentUrl":"https:\/\/www.inglet.com\/wp-content\/uploads\/2019\/08\/Inglet-Logo.jpg","width":264,"height":342,"caption":"INGLET, SLU"},"image":{"@id":"https:\/\/www.inglet.com\/ca\/#\/schema\/logo\/image\/"}}]}},"_links":{"self":[{"href":"https:\/\/www.inglet.com\/ca\/wp-json\/wp\/v2\/pages\/56626","targetHints":{"allow":["GET"]}}],"collection":[{"href":"https:\/\/www.inglet.com\/ca\/wp-json\/wp\/v2\/pages"}],"about":[{"href":"https:\/\/www.inglet.com\/ca\/wp-json\/wp\/v2\/types\/page"}],"author":[{"embeddable":true,"href":"https:\/\/www.inglet.com\/ca\/wp-json\/wp\/v2\/users\/1"}],"replies":[{"embeddable":true,"href":"https:\/\/www.inglet.com\/ca\/wp-json\/wp\/v2\/comments?post=56626"}],"version-history":[{"count":0,"href":"https:\/\/www.inglet.com\/ca\/wp-json\/wp\/v2\/pages\/56626\/revisions"}],"wp:featuredmedia":[{"embeddable":true,"href":"https:\/\/www.inglet.com\/ca\/wp-json\/wp\/v2\/media\/56630"}],"wp:attachment":[{"href":"https:\/\/www.inglet.com\/ca\/wp-json\/wp\/v2\/media?parent=56626"}],"curies":[{"name":"wp","href":"https:\/\/api.w.org\/{rel}","templated":true}]}}