{"id":53653,"date":"2021-01-25T09:06:58","date_gmt":"2021-01-25T08:06:58","guid":{"rendered":"https:\/\/www.inglet.com\/producto\/pantalles-display-it-led\/"},"modified":"2022-01-17T17:12:17","modified_gmt":"2022-01-17T16:12:17","slug":"pantalles-display-it-led","status":"publish","type":"product","link":"https:\/\/www.inglet.com\/ca\/producto\/pantalles-display-it-led\/","title":{"rendered":"PANTALLES DISPLAY-IT LED"},"content":{"rendered":"<p><strong>Pantalles vers\u00e0tils<\/strong><br \/>\nLes pantalles especials de LED per al <span class=\"hiddenGreenError\">Display<\/span> <span class=\"hiddenSpellError\">It<\/span> LED <span class=\"hiddenSpellError\">Flex<\/span> o <span class=\"hiddenGreenError\">Display<\/span> <span class=\"hiddenSpellError\">It<\/span> LED <span class=\"hiddenSpellError\">Fixed<\/span> estan disponibles en grand\u00e0ria A3 o A4, i poden ser utilitzades tant en orientaci\u00f3 horitzontal com vertical. Estan equipades amb una brillant il\u00b7luminaci\u00f3 LED (aprox. 3.000 Lux). Aix\u00f2 li d\u00f3na a la pantalla una dimensi\u00f3 extra i augmenta l&#8217;atenci\u00f3 cap a ella. Les pantalles LED s\u00f3n primes (el gruix \u00e9s de nom\u00e9s 10 mm) i tenen una aparen\u00e7a cridanera. El sistema permet pantalles a doble cara. Quan es pengen lliurement en una habitaci\u00f3, la informaci\u00f3 es pot inserir tant a la part davantera com a la posterior de les pantalles de LED.<\/p>\n<p><strong>El contingut pot canviar-se f\u00e0cilment<\/strong> estirant de la fulla protectora del panell de LED i inserint un paper transl\u00facid amb la publicitat impresa. Les pantalles de LED s\u00f3n a doble cara. Si es necessita una sola cara, s&#8217;insereix una pel\u00b7l\u00edcula reflectora especial (inclosa) en la seva part posterior per a evitar els reflexos.<\/p>\n<p><strong>Un mecanisme de subjecci\u00f3 autom\u00e0tic<\/strong> permet que els cables d&#8217;acer passin a trav\u00e9s de les pantalles de LED, connectant-les entre si. Aix\u00f2 permet una pantalla professional i aerodin\u00e0mica i permet que l&#8217;altura dels panells s&#8217;ajusti r\u00e0pidament i f\u00e0cilment.<\/p>\n<p><strong>Per a la publicitat que es vulgui introduir<\/strong> en els panells \u00e9s necessari utilitzar un paper o l\u00e0mina transl\u00facida espec\u00edfica com la <span class=\"hiddenSpellError\">Xerox<\/span> <span class=\"hiddenSpellError\">Premium<\/span> <span class=\"hiddenSpellError\">Nevertear<\/span> <span class=\"hiddenSpellError\">Backlit<\/span>. No s&#8217;aconsella utilitzar paper convencional, ja que no \u00e9s transl\u00facid i disminuir\u00e0 la lluentor i l&#8217;aspecte del seu contingut.<\/p>\n","protected":false},"excerpt":{"rendered":"<p>Pantalles vers\u00e0tils Les pantalles especials de LED per al Display It LED Flex o Display It LED Fixed estan disponibles [&hellip;]<\/p>\n","protected":false},"featured_media":53458,"template":"","meta":{"_sitemap_exclude":false,"_sitemap_priority":"","_sitemap_frequency":"","_monsterinsights_skip_tracking":false,"_monsterinsights_sitenote_active":false,"_monsterinsights_sitenote_note":"","_monsterinsights_sitenote_category":0},"product_brand":[],"product_cat":[1310],"product_tag":[],"class_list":{"0":"post-53653","1":"product","2":"type-product","3":"status-publish","4":"has-post-thumbnail","6":"product_cat-sense-categoria","8":"first","9":"instock","10":"taxable","11":"shipping-taxable","12":"product-type-grouped"},"yoast_head":"<!-- This site is optimized with the Yoast SEO plugin v24.7 - https:\/\/yoast.com\/wordpress\/plugins\/seo\/ -->\n<title>PANTALLES DISPLAY-IT LED - INGLET<\/title>\n<meta name=\"robots\" content=\"index, follow, max-snippet:-1, max-image-preview:large, max-video-preview:-1\" \/>\n<link rel=\"canonical\" href=\"https:\/\/www.inglet.com\/ca\/producto\/pantalles-display-it-led\/\" \/>\n<meta property=\"og:locale\" content=\"ca_ES\" \/>\n<meta property=\"og:type\" content=\"article\" \/>\n<meta property=\"og:title\" content=\"PANTALLES DISPLAY-IT LED - INGLET\" \/>\n<meta property=\"og:description\" content=\"Pantalles vers\u00e0tils Les pantalles especials de LED per al Display It LED Flex o Display It LED Fixed estan disponibles [&hellip;]\" \/>\n<meta property=\"og:url\" content=\"https:\/\/www.inglet.com\/ca\/producto\/pantalles-display-it-led\/\" \/>\n<meta property=\"og:site_name\" content=\"INGLET\" \/>\n<meta property=\"article:modified_time\" content=\"2022-01-17T16:12:17+00:00\" \/>\n<meta property=\"og:image\" content=\"https:\/\/www.inglet.com\/wp-content\/uploads\/2021\/01\/161880-81_Web.jpg\" \/>\n\t<meta property=\"og:image:width\" content=\"800\" \/>\n\t<meta property=\"og:image:height\" content=\"800\" \/>\n\t<meta property=\"og:image:type\" content=\"image\/jpeg\" \/>\n<meta name=\"twitter:card\" content=\"summary_large_image\" \/>\n<meta name=\"twitter:label1\" content=\"Temps estimat de lectura\" \/>\n\t<meta name=\"twitter:data1\" content=\"1 minut\" \/>\n<script type=\"application\/ld+json\" class=\"yoast-schema-graph\">{\"@context\":\"https:\/\/schema.org\",\"@graph\":[{\"@type\":\"WebPage\",\"@id\":\"https:\/\/www.inglet.com\/ca\/producto\/pantalles-display-it-led\/\",\"url\":\"https:\/\/www.inglet.com\/ca\/producto\/pantalles-display-it-led\/\",\"name\":\"PANTALLES DISPLAY-IT LED - INGLET\",\"isPartOf\":{\"@id\":\"https:\/\/www.inglet.com\/ca\/#website\"},\"primaryImageOfPage\":{\"@id\":\"https:\/\/www.inglet.com\/ca\/producto\/pantalles-display-it-led\/#primaryimage\"},\"image\":{\"@id\":\"https:\/\/www.inglet.com\/ca\/producto\/pantalles-display-it-led\/#primaryimage\"},\"thumbnailUrl\":\"https:\/\/www.inglet.com\/wp-content\/uploads\/2021\/01\/161880-81_Web.jpg\",\"datePublished\":\"2021-01-25T08:06:58+00:00\",\"dateModified\":\"2022-01-17T16:12:17+00:00\",\"breadcrumb\":{\"@id\":\"https:\/\/www.inglet.com\/ca\/producto\/pantalles-display-it-led\/#breadcrumb\"},\"inLanguage\":\"ca\",\"potentialAction\":[{\"@type\":\"ReadAction\",\"target\":[\"https:\/\/www.inglet.com\/ca\/producto\/pantalles-display-it-led\/\"]}]},{\"@type\":\"ImageObject\",\"inLanguage\":\"ca\",\"@id\":\"https:\/\/www.inglet.com\/ca\/producto\/pantalles-display-it-led\/#primaryimage\",\"url\":\"https:\/\/www.inglet.com\/wp-content\/uploads\/2021\/01\/161880-81_Web.jpg\",\"contentUrl\":\"https:\/\/www.inglet.com\/wp-content\/uploads\/2021\/01\/161880-81_Web.jpg\",\"width\":800,\"height\":800},{\"@type\":\"BreadcrumbList\",\"@id\":\"https:\/\/www.inglet.com\/ca\/producto\/pantalles-display-it-led\/#breadcrumb\",\"itemListElement\":[{\"@type\":\"ListItem\",\"position\":1,\"name\":\"Portada\",\"item\":\"https:\/\/www.inglet.com\/ca\/\"},{\"@type\":\"ListItem\",\"position\":2,\"name\":\"Tienda\",\"item\":\"https:\/\/www.inglet.com\/tienda\/\"},{\"@type\":\"ListItem\",\"position\":3,\"name\":\"PANTALLES DISPLAY-IT LED\"}]},{\"@type\":\"WebSite\",\"@id\":\"https:\/\/www.inglet.com\/ca\/#website\",\"url\":\"https:\/\/www.inglet.com\/ca\/\",\"name\":\"INGLET\",\"description\":\"Suministros para la enmarcaci\u00f3n y la  impresi\u00f3n digital\",\"publisher\":{\"@id\":\"https:\/\/www.inglet.com\/ca\/#organization\"},\"potentialAction\":[{\"@type\":\"SearchAction\",\"target\":{\"@type\":\"EntryPoint\",\"urlTemplate\":\"https:\/\/www.inglet.com\/ca\/?s={search_term_string}\"},\"query-input\":{\"@type\":\"PropertyValueSpecification\",\"valueRequired\":true,\"valueName\":\"search_term_string\"}}],\"inLanguage\":\"ca\"},{\"@type\":\"Organization\",\"@id\":\"https:\/\/www.inglet.com\/ca\/#organization\",\"name\":\"INGLET, SLU\",\"url\":\"https:\/\/www.inglet.com\/ca\/\",\"logo\":{\"@type\":\"ImageObject\",\"inLanguage\":\"ca\",\"@id\":\"https:\/\/www.inglet.com\/ca\/#\/schema\/logo\/image\/\",\"url\":\"https:\/\/www.inglet.com\/wp-content\/uploads\/2019\/08\/Inglet-Logo.jpg\",\"contentUrl\":\"https:\/\/www.inglet.com\/wp-content\/uploads\/2019\/08\/Inglet-Logo.jpg\",\"width\":264,\"height\":342,\"caption\":\"INGLET, SLU\"},\"image\":{\"@id\":\"https:\/\/www.inglet.com\/ca\/#\/schema\/logo\/image\/\"}}]}<\/script>\n<!-- \/ Yoast SEO plugin. -->","yoast_head_json":{"title":"PANTALLES DISPLAY-IT LED - INGLET","robots":{"index":"index","follow":"follow","max-snippet":"max-snippet:-1","max-image-preview":"max-image-preview:large","max-video-preview":"max-video-preview:-1"},"canonical":"https:\/\/www.inglet.com\/ca\/producto\/pantalles-display-it-led\/","og_locale":"ca_ES","og_type":"article","og_title":"PANTALLES DISPLAY-IT LED - INGLET","og_description":"Pantalles vers\u00e0tils Les pantalles especials de LED per al Display It LED Flex o Display It LED Fixed estan disponibles [&hellip;]","og_url":"https:\/\/www.inglet.com\/ca\/producto\/pantalles-display-it-led\/","og_site_name":"INGLET","article_modified_time":"2022-01-17T16:12:17+00:00","og_image":[{"width":800,"height":800,"url":"https:\/\/www.inglet.com\/wp-content\/uploads\/2021\/01\/161880-81_Web.jpg","type":"image\/jpeg"}],"twitter_card":"summary_large_image","twitter_misc":{"Temps estimat de lectura":"1 minut"},"schema":{"@context":"https:\/\/schema.org","@graph":[{"@type":"WebPage","@id":"https:\/\/www.inglet.com\/ca\/producto\/pantalles-display-it-led\/","url":"https:\/\/www.inglet.com\/ca\/producto\/pantalles-display-it-led\/","name":"PANTALLES DISPLAY-IT LED - INGLET","isPartOf":{"@id":"https:\/\/www.inglet.com\/ca\/#website"},"primaryImageOfPage":{"@id":"https:\/\/www.inglet.com\/ca\/producto\/pantalles-display-it-led\/#primaryimage"},"image":{"@id":"https:\/\/www.inglet.com\/ca\/producto\/pantalles-display-it-led\/#primaryimage"},"thumbnailUrl":"https:\/\/www.inglet.com\/wp-content\/uploads\/2021\/01\/161880-81_Web.jpg","datePublished":"2021-01-25T08:06:58+00:00","dateModified":"2022-01-17T16:12:17+00:00","breadcrumb":{"@id":"https:\/\/www.inglet.com\/ca\/producto\/pantalles-display-it-led\/#breadcrumb"},"inLanguage":"ca","potentialAction":[{"@type":"ReadAction","target":["https:\/\/www.inglet.com\/ca\/producto\/pantalles-display-it-led\/"]}]},{"@type":"ImageObject","inLanguage":"ca","@id":"https:\/\/www.inglet.com\/ca\/producto\/pantalles-display-it-led\/#primaryimage","url":"https:\/\/www.inglet.com\/wp-content\/uploads\/2021\/01\/161880-81_Web.jpg","contentUrl":"https:\/\/www.inglet.com\/wp-content\/uploads\/2021\/01\/161880-81_Web.jpg","width":800,"height":800},{"@type":"BreadcrumbList","@id":"https:\/\/www.inglet.com\/ca\/producto\/pantalles-display-it-led\/#breadcrumb","itemListElement":[{"@type":"ListItem","position":1,"name":"Portada","item":"https:\/\/www.inglet.com\/ca\/"},{"@type":"ListItem","position":2,"name":"Tienda","item":"https:\/\/www.inglet.com\/tienda\/"},{"@type":"ListItem","position":3,"name":"PANTALLES DISPLAY-IT LED"}]},{"@type":"WebSite","@id":"https:\/\/www.inglet.com\/ca\/#website","url":"https:\/\/www.inglet.com\/ca\/","name":"INGLET","description":"Suministros para la enmarcaci\u00f3n y la  impresi\u00f3n digital","publisher":{"@id":"https:\/\/www.inglet.com\/ca\/#organization"},"potentialAction":[{"@type":"SearchAction","target":{"@type":"EntryPoint","urlTemplate":"https:\/\/www.inglet.com\/ca\/?s={search_term_string}"},"query-input":{"@type":"PropertyValueSpecification","valueRequired":true,"valueName":"search_term_string"}}],"inLanguage":"ca"},{"@type":"Organization","@id":"https:\/\/www.inglet.com\/ca\/#organization","name":"INGLET, SLU","url":"https:\/\/www.inglet.com\/ca\/","logo":{"@type":"ImageObject","inLanguage":"ca","@id":"https:\/\/www.inglet.com\/ca\/#\/schema\/logo\/image\/","url":"https:\/\/www.inglet.com\/wp-content\/uploads\/2019\/08\/Inglet-Logo.jpg","contentUrl":"https:\/\/www.inglet.com\/wp-content\/uploads\/2019\/08\/Inglet-Logo.jpg","width":264,"height":342,"caption":"INGLET, SLU"},"image":{"@id":"https:\/\/www.inglet.com\/ca\/#\/schema\/logo\/image\/"}}]}},"_links":{"self":[{"href":"https:\/\/www.inglet.com\/ca\/wp-json\/wp\/v2\/product\/53653","targetHints":{"allow":["GET"]}}],"collection":[{"href":"https:\/\/www.inglet.com\/ca\/wp-json\/wp\/v2\/product"}],"about":[{"href":"https:\/\/www.inglet.com\/ca\/wp-json\/wp\/v2\/types\/product"}],"wp:featuredmedia":[{"embeddable":true,"href":"https:\/\/www.inglet.com\/ca\/wp-json\/wp\/v2\/media\/53458"}],"wp:attachment":[{"href":"https:\/\/www.inglet.com\/ca\/wp-json\/wp\/v2\/media?parent=53653"}],"wp:term":[{"taxonomy":"product_brand","embeddable":true,"href":"https:\/\/www.inglet.com\/ca\/wp-json\/wp\/v2\/product_brand?post=53653"},{"taxonomy":"product_cat","embeddable":true,"href":"https:\/\/www.inglet.com\/ca\/wp-json\/wp\/v2\/product_cat?post=53653"},{"taxonomy":"product_tag","embeddable":true,"href":"https:\/\/www.inglet.com\/ca\/wp-json\/wp\/v2\/product_tag?post=53653"}],"curies":[{"name":"wp","href":"https:\/\/api.w.org\/{rel}","templated":true}]}}