{"id":53703,"date":"2020-10-09T09:01:01","date_gmt":"2020-10-09T07:01:01","guid":{"rendered":"https:\/\/www.inglet.com\/producto\/tallador-pneumatic-per-a-verdi-basic\/"},"modified":"2021-10-08T09:16:22","modified_gmt":"2021-10-08T07:16:22","slug":"tallador-pneumatic-per-a-verdi-basic","status":"publish","type":"product","link":"https:\/\/www.inglet.com\/ca\/producto\/tallador-pneumatic-per-a-verdi-basic\/","title":{"rendered":"TALLADOR PNEUM\u00c0TIC PER A VERDI BASIC"},"content":{"rendered":"<p><strong>Converteix el teu Verdi <span class=\"hiddenSpellError\">Basic<\/span> en una Verdi <span class=\"hiddenSpellError\">Twin<\/span><\/strong> simplement amb aquest accessori tallador pneum\u00e0tic (opcional) adaptable.<\/p>\n<p><strong>Pot anar prove\u00eft de dos cap\u00e7als de tall intercanviables:<\/strong> un cap\u00e7al amb fulla per al tall de materials <span class=\"hiddenGrammarError\">semi-r\u00edgids<\/span>, com a cartr\u00f3, polipropil\u00e8 cel\u00b7lular, cartr\u00f3-ploma, <span class=\"hiddenSpellError\">passepartout<\/span>, PVC escumejat, cartr\u00f3 ondulat (incl\u00f2s) i un cap\u00e7al amb <span class=\"hiddenSpellError\">rulina<\/span> per a tallar vidre (accessori opcional).<\/p>\n<p><strong>Admet gruixos de fins a:<\/strong> 20 mm per a materials lleugers, i 3 mm per a les planxes de vidre.<\/p>\n","protected":false},"excerpt":{"rendered":"<p><strong>Accessori tallador pneum\u00e0tic (opcional) adaptable.<\/strong> Inclou un cap\u00e7al amb fulla per a tallar materials semir\u00edgids. Opcionalment disposa d&#8217;un cap\u00e7al amb rulina per a tallar vidre. <strong>Admet gruixos de fins a:<\/strong> 20 mm per a materials lleugers, i 3 mm per a les planxes de vidre.<\/p>\n","protected":false},"featured_media":53704,"template":"","meta":{"_sitemap_exclude":false,"_sitemap_priority":"","_sitemap_frequency":"","_monsterinsights_skip_tracking":false,"_monsterinsights_sitenote_active":false,"_monsterinsights_sitenote_note":"","_monsterinsights_sitenote_category":0},"product_brand":[],"product_cat":[1310],"product_tag":[],"class_list":{"0":"post-53703","1":"product","2":"type-product","3":"status-publish","4":"has-post-thumbnail","6":"product_cat-sense-categoria","8":"first","9":"instock","10":"taxable","11":"shipping-taxable","12":"product-type-grouped"},"yoast_head":"<!-- This site is optimized with the Yoast SEO plugin v24.7 - https:\/\/yoast.com\/wordpress\/plugins\/seo\/ -->\n<title>TALLADOR PNEUM\u00c0TIC PER A VERDI BASIC - INGLET<\/title>\n<meta name=\"robots\" content=\"index, follow, max-snippet:-1, max-image-preview:large, max-video-preview:-1\" \/>\n<link rel=\"canonical\" href=\"https:\/\/www.inglet.com\/ca\/producto\/tallador-pneumatic-per-a-verdi-basic\/\" \/>\n<meta property=\"og:locale\" content=\"ca_ES\" \/>\n<meta property=\"og:type\" content=\"article\" \/>\n<meta property=\"og:title\" content=\"TALLADOR PNEUM\u00c0TIC PER A VERDI BASIC - INGLET\" \/>\n<meta property=\"og:description\" content=\"Accessori tallador pneum\u00e0tic (opcional) adaptable. Inclou un cap\u00e7al amb fulla per a tallar materials semir\u00edgids. Opcionalment disposa d&#039;un cap\u00e7al amb rulina per a tallar vidre. Admet gruixos de fins a: 20 mm per a materials lleugers, i 3 mm per a les planxes de vidre.\" \/>\n<meta property=\"og:url\" content=\"https:\/\/www.inglet.com\/ca\/producto\/tallador-pneumatic-per-a-verdi-basic\/\" \/>\n<meta property=\"og:site_name\" content=\"INGLET\" \/>\n<meta property=\"article:modified_time\" content=\"2021-10-08T07:16:22+00:00\" \/>\n<meta property=\"og:image\" content=\"https:\/\/www.inglet.com\/wp-content\/uploads\/2019\/10\/728511.jpg\" \/>\n\t<meta property=\"og:image:width\" content=\"800\" \/>\n\t<meta property=\"og:image:height\" content=\"800\" \/>\n\t<meta property=\"og:image:type\" content=\"image\/jpeg\" \/>\n<meta name=\"twitter:card\" content=\"summary_large_image\" \/>\n<script type=\"application\/ld+json\" class=\"yoast-schema-graph\">{\"@context\":\"https:\/\/schema.org\",\"@graph\":[{\"@type\":\"WebPage\",\"@id\":\"https:\/\/www.inglet.com\/ca\/producto\/tallador-pneumatic-per-a-verdi-basic\/\",\"url\":\"https:\/\/www.inglet.com\/ca\/producto\/tallador-pneumatic-per-a-verdi-basic\/\",\"name\":\"TALLADOR PNEUM\u00c0TIC PER A VERDI BASIC - INGLET\",\"isPartOf\":{\"@id\":\"https:\/\/www.inglet.com\/ca\/#website\"},\"primaryImageOfPage\":{\"@id\":\"https:\/\/www.inglet.com\/ca\/producto\/tallador-pneumatic-per-a-verdi-basic\/#primaryimage\"},\"image\":{\"@id\":\"https:\/\/www.inglet.com\/ca\/producto\/tallador-pneumatic-per-a-verdi-basic\/#primaryimage\"},\"thumbnailUrl\":\"https:\/\/www.inglet.com\/wp-content\/uploads\/2019\/10\/728511.jpg\",\"datePublished\":\"2020-10-09T07:01:01+00:00\",\"dateModified\":\"2021-10-08T07:16:22+00:00\",\"breadcrumb\":{\"@id\":\"https:\/\/www.inglet.com\/ca\/producto\/tallador-pneumatic-per-a-verdi-basic\/#breadcrumb\"},\"inLanguage\":\"ca\",\"potentialAction\":[{\"@type\":\"ReadAction\",\"target\":[\"https:\/\/www.inglet.com\/ca\/producto\/tallador-pneumatic-per-a-verdi-basic\/\"]}]},{\"@type\":\"ImageObject\",\"inLanguage\":\"ca\",\"@id\":\"https:\/\/www.inglet.com\/ca\/producto\/tallador-pneumatic-per-a-verdi-basic\/#primaryimage\",\"url\":\"https:\/\/www.inglet.com\/wp-content\/uploads\/2019\/10\/728511.jpg\",\"contentUrl\":\"https:\/\/www.inglet.com\/wp-content\/uploads\/2019\/10\/728511.jpg\",\"width\":800,\"height\":800},{\"@type\":\"BreadcrumbList\",\"@id\":\"https:\/\/www.inglet.com\/ca\/producto\/tallador-pneumatic-per-a-verdi-basic\/#breadcrumb\",\"itemListElement\":[{\"@type\":\"ListItem\",\"position\":1,\"name\":\"Portada\",\"item\":\"https:\/\/www.inglet.com\/ca\/\"},{\"@type\":\"ListItem\",\"position\":2,\"name\":\"Tienda\",\"item\":\"https:\/\/www.inglet.com\/tienda\/\"},{\"@type\":\"ListItem\",\"position\":3,\"name\":\"TALLADOR PNEUM\u00c0TIC PER A VERDI BASIC\"}]},{\"@type\":\"WebSite\",\"@id\":\"https:\/\/www.inglet.com\/ca\/#website\",\"url\":\"https:\/\/www.inglet.com\/ca\/\",\"name\":\"INGLET\",\"description\":\"Suministros para la enmarcaci\u00f3n y la  impresi\u00f3n digital\",\"publisher\":{\"@id\":\"https:\/\/www.inglet.com\/ca\/#organization\"},\"potentialAction\":[{\"@type\":\"SearchAction\",\"target\":{\"@type\":\"EntryPoint\",\"urlTemplate\":\"https:\/\/www.inglet.com\/ca\/?s={search_term_string}\"},\"query-input\":{\"@type\":\"PropertyValueSpecification\",\"valueRequired\":true,\"valueName\":\"search_term_string\"}}],\"inLanguage\":\"ca\"},{\"@type\":\"Organization\",\"@id\":\"https:\/\/www.inglet.com\/ca\/#organization\",\"name\":\"INGLET, SLU\",\"url\":\"https:\/\/www.inglet.com\/ca\/\",\"logo\":{\"@type\":\"ImageObject\",\"inLanguage\":\"ca\",\"@id\":\"https:\/\/www.inglet.com\/ca\/#\/schema\/logo\/image\/\",\"url\":\"https:\/\/www.inglet.com\/wp-content\/uploads\/2019\/08\/Inglet-Logo.jpg\",\"contentUrl\":\"https:\/\/www.inglet.com\/wp-content\/uploads\/2019\/08\/Inglet-Logo.jpg\",\"width\":264,\"height\":342,\"caption\":\"INGLET, SLU\"},\"image\":{\"@id\":\"https:\/\/www.inglet.com\/ca\/#\/schema\/logo\/image\/\"}}]}<\/script>\n<!-- \/ Yoast SEO plugin. -->","yoast_head_json":{"title":"TALLADOR PNEUM\u00c0TIC PER A VERDI BASIC - INGLET","robots":{"index":"index","follow":"follow","max-snippet":"max-snippet:-1","max-image-preview":"max-image-preview:large","max-video-preview":"max-video-preview:-1"},"canonical":"https:\/\/www.inglet.com\/ca\/producto\/tallador-pneumatic-per-a-verdi-basic\/","og_locale":"ca_ES","og_type":"article","og_title":"TALLADOR PNEUM\u00c0TIC PER A VERDI BASIC - INGLET","og_description":"Accessori tallador pneum\u00e0tic (opcional) adaptable. Inclou un cap\u00e7al amb fulla per a tallar materials semir\u00edgids. Opcionalment disposa d'un cap\u00e7al amb rulina per a tallar vidre. Admet gruixos de fins a: 20 mm per a materials lleugers, i 3 mm per a les planxes de vidre.","og_url":"https:\/\/www.inglet.com\/ca\/producto\/tallador-pneumatic-per-a-verdi-basic\/","og_site_name":"INGLET","article_modified_time":"2021-10-08T07:16:22+00:00","og_image":[{"width":800,"height":800,"url":"https:\/\/www.inglet.com\/wp-content\/uploads\/2019\/10\/728511.jpg","type":"image\/jpeg"}],"twitter_card":"summary_large_image","schema":{"@context":"https:\/\/schema.org","@graph":[{"@type":"WebPage","@id":"https:\/\/www.inglet.com\/ca\/producto\/tallador-pneumatic-per-a-verdi-basic\/","url":"https:\/\/www.inglet.com\/ca\/producto\/tallador-pneumatic-per-a-verdi-basic\/","name":"TALLADOR PNEUM\u00c0TIC PER A VERDI BASIC - INGLET","isPartOf":{"@id":"https:\/\/www.inglet.com\/ca\/#website"},"primaryImageOfPage":{"@id":"https:\/\/www.inglet.com\/ca\/producto\/tallador-pneumatic-per-a-verdi-basic\/#primaryimage"},"image":{"@id":"https:\/\/www.inglet.com\/ca\/producto\/tallador-pneumatic-per-a-verdi-basic\/#primaryimage"},"thumbnailUrl":"https:\/\/www.inglet.com\/wp-content\/uploads\/2019\/10\/728511.jpg","datePublished":"2020-10-09T07:01:01+00:00","dateModified":"2021-10-08T07:16:22+00:00","breadcrumb":{"@id":"https:\/\/www.inglet.com\/ca\/producto\/tallador-pneumatic-per-a-verdi-basic\/#breadcrumb"},"inLanguage":"ca","potentialAction":[{"@type":"ReadAction","target":["https:\/\/www.inglet.com\/ca\/producto\/tallador-pneumatic-per-a-verdi-basic\/"]}]},{"@type":"ImageObject","inLanguage":"ca","@id":"https:\/\/www.inglet.com\/ca\/producto\/tallador-pneumatic-per-a-verdi-basic\/#primaryimage","url":"https:\/\/www.inglet.com\/wp-content\/uploads\/2019\/10\/728511.jpg","contentUrl":"https:\/\/www.inglet.com\/wp-content\/uploads\/2019\/10\/728511.jpg","width":800,"height":800},{"@type":"BreadcrumbList","@id":"https:\/\/www.inglet.com\/ca\/producto\/tallador-pneumatic-per-a-verdi-basic\/#breadcrumb","itemListElement":[{"@type":"ListItem","position":1,"name":"Portada","item":"https:\/\/www.inglet.com\/ca\/"},{"@type":"ListItem","position":2,"name":"Tienda","item":"https:\/\/www.inglet.com\/tienda\/"},{"@type":"ListItem","position":3,"name":"TALLADOR PNEUM\u00c0TIC PER A VERDI BASIC"}]},{"@type":"WebSite","@id":"https:\/\/www.inglet.com\/ca\/#website","url":"https:\/\/www.inglet.com\/ca\/","name":"INGLET","description":"Suministros para la enmarcaci\u00f3n y la  impresi\u00f3n digital","publisher":{"@id":"https:\/\/www.inglet.com\/ca\/#organization"},"potentialAction":[{"@type":"SearchAction","target":{"@type":"EntryPoint","urlTemplate":"https:\/\/www.inglet.com\/ca\/?s={search_term_string}"},"query-input":{"@type":"PropertyValueSpecification","valueRequired":true,"valueName":"search_term_string"}}],"inLanguage":"ca"},{"@type":"Organization","@id":"https:\/\/www.inglet.com\/ca\/#organization","name":"INGLET, SLU","url":"https:\/\/www.inglet.com\/ca\/","logo":{"@type":"ImageObject","inLanguage":"ca","@id":"https:\/\/www.inglet.com\/ca\/#\/schema\/logo\/image\/","url":"https:\/\/www.inglet.com\/wp-content\/uploads\/2019\/08\/Inglet-Logo.jpg","contentUrl":"https:\/\/www.inglet.com\/wp-content\/uploads\/2019\/08\/Inglet-Logo.jpg","width":264,"height":342,"caption":"INGLET, SLU"},"image":{"@id":"https:\/\/www.inglet.com\/ca\/#\/schema\/logo\/image\/"}}]}},"_links":{"self":[{"href":"https:\/\/www.inglet.com\/ca\/wp-json\/wp\/v2\/product\/53703","targetHints":{"allow":["GET"]}}],"collection":[{"href":"https:\/\/www.inglet.com\/ca\/wp-json\/wp\/v2\/product"}],"about":[{"href":"https:\/\/www.inglet.com\/ca\/wp-json\/wp\/v2\/types\/product"}],"wp:featuredmedia":[{"embeddable":true,"href":"https:\/\/www.inglet.com\/ca\/wp-json\/wp\/v2\/media\/53704"}],"wp:attachment":[{"href":"https:\/\/www.inglet.com\/ca\/wp-json\/wp\/v2\/media?parent=53703"}],"wp:term":[{"taxonomy":"product_brand","embeddable":true,"href":"https:\/\/www.inglet.com\/ca\/wp-json\/wp\/v2\/product_brand?post=53703"},{"taxonomy":"product_cat","embeddable":true,"href":"https:\/\/www.inglet.com\/ca\/wp-json\/wp\/v2\/product_cat?post=53703"},{"taxonomy":"product_tag","embeddable":true,"href":"https:\/\/www.inglet.com\/ca\/wp-json\/wp\/v2\/product_tag?post=53703"}],"curies":[{"name":"wp","href":"https:\/\/api.w.org\/{rel}","templated":true}]}}