{"id":53712,"date":"2020-09-25T10:58:18","date_gmt":"2020-09-25T08:58:18","guid":{"rendered":"https:\/\/www.inglet.com\/producto\/diposits-daire-pintats\/"},"modified":"2020-09-25T10:58:18","modified_gmt":"2020-09-25T08:58:18","slug":"diposits-daire-pintats","status":"publish","type":"product","link":"https:\/\/www.inglet.com\/ca\/producto\/diposits-daire-pintats\/","title":{"rendered":"DIP\u00d2SITS D&#8217;AIRE PINTATS"},"content":{"rendered":"<p><strong>Els dip\u00f2sits pintats<\/strong> s&#8217;utilitzen en la majoria de casos en els quals no estan exposats a condicions clim\u00e0tiques extremes i on un aire absolutament net no \u00e9s un requisit fonamental. La pintura ajuda a protegir contra la corrosi\u00f3.<\/p>\n<p><span class=\"hiddenSpellError\">Reducci\u00f3 <\/span>de les pulsacions.<br \/>\n<span class=\"hiddenSpellError\">Reducci\u00f3 <\/span>de la velocitat.<br \/>\nReducci\u00f3 de la temperatura.<br \/>\n<strong>Millora:<\/strong> de la vida \u00fatil, la fiabilitat i la funcionalitat del seu compressor.<br \/>\n<strong>Emmagatzematge:<\/strong> per a gestionar un alt consum d&#8217;aire.<br \/>\n<strong>Estabilitzaci\u00f3 de la pressi\u00f3:<\/strong> favorable per a les eines pneum\u00e0tiques que utilitzen l&#8217;aire comprimit.<br \/>\nSeparaci\u00f3 de condensat.<\/p>\n","protected":false},"excerpt":{"rendered":"<p>Els dip\u00f2sits pintats s&#8217;utilitzen en la majoria de casos en els quals no estan exposats a condicions clim\u00e0tiques extremes i [&hellip;]<\/p>\n","protected":false},"featured_media":50549,"template":"","meta":{"_sitemap_exclude":false,"_sitemap_priority":"","_sitemap_frequency":"","_monsterinsights_skip_tracking":false,"_monsterinsights_sitenote_active":false,"_monsterinsights_sitenote_note":"","_monsterinsights_sitenote_category":0},"product_brand":[],"product_cat":[1255],"product_tag":[],"class_list":{"0":"post-53712","1":"product","2":"type-product","3":"status-publish","4":"has-post-thumbnail","6":"product_cat-compressors-ca","8":"first","9":"instock","10":"taxable","11":"shipping-taxable","12":"product-type-grouped"},"yoast_head":"<!-- This site is optimized with the Yoast SEO plugin v24.7 - https:\/\/yoast.com\/wordpress\/plugins\/seo\/ -->\n<title>DIP\u00d2SITS D&#039;AIRE PINTATS - INGLET<\/title>\n<meta name=\"robots\" content=\"index, follow, max-snippet:-1, max-image-preview:large, max-video-preview:-1\" \/>\n<link rel=\"canonical\" href=\"https:\/\/www.inglet.com\/ca\/producto\/diposits-daire-pintats\/\" \/>\n<meta property=\"og:locale\" content=\"ca_ES\" \/>\n<meta property=\"og:type\" content=\"article\" \/>\n<meta property=\"og:title\" content=\"DIP\u00d2SITS D&#039;AIRE PINTATS - INGLET\" \/>\n<meta property=\"og:description\" content=\"Els dip\u00f2sits pintats s&#8217;utilitzen en la majoria de casos en els quals no estan exposats a condicions clim\u00e0tiques extremes i [&hellip;]\" \/>\n<meta property=\"og:url\" content=\"https:\/\/www.inglet.com\/ca\/producto\/diposits-daire-pintats\/\" \/>\n<meta property=\"og:site_name\" content=\"INGLET\" \/>\n<meta property=\"og:image\" content=\"https:\/\/www.inglet.com\/wp-content\/uploads\/2020\/09\/020932-34_Web.jpg\" \/>\n\t<meta property=\"og:image:width\" content=\"800\" \/>\n\t<meta property=\"og:image:height\" content=\"800\" \/>\n\t<meta property=\"og:image:type\" content=\"image\/jpeg\" \/>\n<meta name=\"twitter:card\" content=\"summary_large_image\" \/>\n<script type=\"application\/ld+json\" class=\"yoast-schema-graph\">{\"@context\":\"https:\/\/schema.org\",\"@graph\":[{\"@type\":\"WebPage\",\"@id\":\"https:\/\/www.inglet.com\/ca\/producto\/diposits-daire-pintats\/\",\"url\":\"https:\/\/www.inglet.com\/ca\/producto\/diposits-daire-pintats\/\",\"name\":\"DIP\u00d2SITS D'AIRE PINTATS - INGLET\",\"isPartOf\":{\"@id\":\"https:\/\/www.inglet.com\/ca\/#website\"},\"primaryImageOfPage\":{\"@id\":\"https:\/\/www.inglet.com\/ca\/producto\/diposits-daire-pintats\/#primaryimage\"},\"image\":{\"@id\":\"https:\/\/www.inglet.com\/ca\/producto\/diposits-daire-pintats\/#primaryimage\"},\"thumbnailUrl\":\"https:\/\/www.inglet.com\/wp-content\/uploads\/2020\/09\/020932-34_Web.jpg\",\"datePublished\":\"2020-09-25T08:58:18+00:00\",\"breadcrumb\":{\"@id\":\"https:\/\/www.inglet.com\/ca\/producto\/diposits-daire-pintats\/#breadcrumb\"},\"inLanguage\":\"ca\",\"potentialAction\":[{\"@type\":\"ReadAction\",\"target\":[\"https:\/\/www.inglet.com\/ca\/producto\/diposits-daire-pintats\/\"]}]},{\"@type\":\"ImageObject\",\"inLanguage\":\"ca\",\"@id\":\"https:\/\/www.inglet.com\/ca\/producto\/diposits-daire-pintats\/#primaryimage\",\"url\":\"https:\/\/www.inglet.com\/wp-content\/uploads\/2020\/09\/020932-34_Web.jpg\",\"contentUrl\":\"https:\/\/www.inglet.com\/wp-content\/uploads\/2020\/09\/020932-34_Web.jpg\",\"width\":800,\"height\":800},{\"@type\":\"BreadcrumbList\",\"@id\":\"https:\/\/www.inglet.com\/ca\/producto\/diposits-daire-pintats\/#breadcrumb\",\"itemListElement\":[{\"@type\":\"ListItem\",\"position\":1,\"name\":\"Portada\",\"item\":\"https:\/\/www.inglet.com\/ca\/\"},{\"@type\":\"ListItem\",\"position\":2,\"name\":\"Tienda\",\"item\":\"https:\/\/www.inglet.com\/tienda\/\"},{\"@type\":\"ListItem\",\"position\":3,\"name\":\"DIP\u00d2SITS D&#8217;AIRE PINTATS\"}]},{\"@type\":\"WebSite\",\"@id\":\"https:\/\/www.inglet.com\/ca\/#website\",\"url\":\"https:\/\/www.inglet.com\/ca\/\",\"name\":\"INGLET\",\"description\":\"Suministros para la enmarcaci\u00f3n y la  impresi\u00f3n digital\",\"publisher\":{\"@id\":\"https:\/\/www.inglet.com\/ca\/#organization\"},\"potentialAction\":[{\"@type\":\"SearchAction\",\"target\":{\"@type\":\"EntryPoint\",\"urlTemplate\":\"https:\/\/www.inglet.com\/ca\/?s={search_term_string}\"},\"query-input\":{\"@type\":\"PropertyValueSpecification\",\"valueRequired\":true,\"valueName\":\"search_term_string\"}}],\"inLanguage\":\"ca\"},{\"@type\":\"Organization\",\"@id\":\"https:\/\/www.inglet.com\/ca\/#organization\",\"name\":\"INGLET, SLU\",\"url\":\"https:\/\/www.inglet.com\/ca\/\",\"logo\":{\"@type\":\"ImageObject\",\"inLanguage\":\"ca\",\"@id\":\"https:\/\/www.inglet.com\/ca\/#\/schema\/logo\/image\/\",\"url\":\"https:\/\/www.inglet.com\/wp-content\/uploads\/2019\/08\/Inglet-Logo.jpg\",\"contentUrl\":\"https:\/\/www.inglet.com\/wp-content\/uploads\/2019\/08\/Inglet-Logo.jpg\",\"width\":264,\"height\":342,\"caption\":\"INGLET, SLU\"},\"image\":{\"@id\":\"https:\/\/www.inglet.com\/ca\/#\/schema\/logo\/image\/\"}}]}<\/script>\n<!-- \/ Yoast SEO plugin. -->","yoast_head_json":{"title":"DIP\u00d2SITS D'AIRE PINTATS - INGLET","robots":{"index":"index","follow":"follow","max-snippet":"max-snippet:-1","max-image-preview":"max-image-preview:large","max-video-preview":"max-video-preview:-1"},"canonical":"https:\/\/www.inglet.com\/ca\/producto\/diposits-daire-pintats\/","og_locale":"ca_ES","og_type":"article","og_title":"DIP\u00d2SITS D'AIRE PINTATS - INGLET","og_description":"Els dip\u00f2sits pintats s&#8217;utilitzen en la majoria de casos en els quals no estan exposats a condicions clim\u00e0tiques extremes i [&hellip;]","og_url":"https:\/\/www.inglet.com\/ca\/producto\/diposits-daire-pintats\/","og_site_name":"INGLET","og_image":[{"width":800,"height":800,"url":"https:\/\/www.inglet.com\/wp-content\/uploads\/2020\/09\/020932-34_Web.jpg","type":"image\/jpeg"}],"twitter_card":"summary_large_image","schema":{"@context":"https:\/\/schema.org","@graph":[{"@type":"WebPage","@id":"https:\/\/www.inglet.com\/ca\/producto\/diposits-daire-pintats\/","url":"https:\/\/www.inglet.com\/ca\/producto\/diposits-daire-pintats\/","name":"DIP\u00d2SITS D'AIRE PINTATS - INGLET","isPartOf":{"@id":"https:\/\/www.inglet.com\/ca\/#website"},"primaryImageOfPage":{"@id":"https:\/\/www.inglet.com\/ca\/producto\/diposits-daire-pintats\/#primaryimage"},"image":{"@id":"https:\/\/www.inglet.com\/ca\/producto\/diposits-daire-pintats\/#primaryimage"},"thumbnailUrl":"https:\/\/www.inglet.com\/wp-content\/uploads\/2020\/09\/020932-34_Web.jpg","datePublished":"2020-09-25T08:58:18+00:00","breadcrumb":{"@id":"https:\/\/www.inglet.com\/ca\/producto\/diposits-daire-pintats\/#breadcrumb"},"inLanguage":"ca","potentialAction":[{"@type":"ReadAction","target":["https:\/\/www.inglet.com\/ca\/producto\/diposits-daire-pintats\/"]}]},{"@type":"ImageObject","inLanguage":"ca","@id":"https:\/\/www.inglet.com\/ca\/producto\/diposits-daire-pintats\/#primaryimage","url":"https:\/\/www.inglet.com\/wp-content\/uploads\/2020\/09\/020932-34_Web.jpg","contentUrl":"https:\/\/www.inglet.com\/wp-content\/uploads\/2020\/09\/020932-34_Web.jpg","width":800,"height":800},{"@type":"BreadcrumbList","@id":"https:\/\/www.inglet.com\/ca\/producto\/diposits-daire-pintats\/#breadcrumb","itemListElement":[{"@type":"ListItem","position":1,"name":"Portada","item":"https:\/\/www.inglet.com\/ca\/"},{"@type":"ListItem","position":2,"name":"Tienda","item":"https:\/\/www.inglet.com\/tienda\/"},{"@type":"ListItem","position":3,"name":"DIP\u00d2SITS D&#8217;AIRE PINTATS"}]},{"@type":"WebSite","@id":"https:\/\/www.inglet.com\/ca\/#website","url":"https:\/\/www.inglet.com\/ca\/","name":"INGLET","description":"Suministros para la enmarcaci\u00f3n y la  impresi\u00f3n digital","publisher":{"@id":"https:\/\/www.inglet.com\/ca\/#organization"},"potentialAction":[{"@type":"SearchAction","target":{"@type":"EntryPoint","urlTemplate":"https:\/\/www.inglet.com\/ca\/?s={search_term_string}"},"query-input":{"@type":"PropertyValueSpecification","valueRequired":true,"valueName":"search_term_string"}}],"inLanguage":"ca"},{"@type":"Organization","@id":"https:\/\/www.inglet.com\/ca\/#organization","name":"INGLET, SLU","url":"https:\/\/www.inglet.com\/ca\/","logo":{"@type":"ImageObject","inLanguage":"ca","@id":"https:\/\/www.inglet.com\/ca\/#\/schema\/logo\/image\/","url":"https:\/\/www.inglet.com\/wp-content\/uploads\/2019\/08\/Inglet-Logo.jpg","contentUrl":"https:\/\/www.inglet.com\/wp-content\/uploads\/2019\/08\/Inglet-Logo.jpg","width":264,"height":342,"caption":"INGLET, SLU"},"image":{"@id":"https:\/\/www.inglet.com\/ca\/#\/schema\/logo\/image\/"}}]}},"_links":{"self":[{"href":"https:\/\/www.inglet.com\/ca\/wp-json\/wp\/v2\/product\/53712","targetHints":{"allow":["GET"]}}],"collection":[{"href":"https:\/\/www.inglet.com\/ca\/wp-json\/wp\/v2\/product"}],"about":[{"href":"https:\/\/www.inglet.com\/ca\/wp-json\/wp\/v2\/types\/product"}],"wp:featuredmedia":[{"embeddable":true,"href":"https:\/\/www.inglet.com\/ca\/wp-json\/wp\/v2\/media\/50549"}],"wp:attachment":[{"href":"https:\/\/www.inglet.com\/ca\/wp-json\/wp\/v2\/media?parent=53712"}],"wp:term":[{"taxonomy":"product_brand","embeddable":true,"href":"https:\/\/www.inglet.com\/ca\/wp-json\/wp\/v2\/product_brand?post=53712"},{"taxonomy":"product_cat","embeddable":true,"href":"https:\/\/www.inglet.com\/ca\/wp-json\/wp\/v2\/product_cat?post=53712"},{"taxonomy":"product_tag","embeddable":true,"href":"https:\/\/www.inglet.com\/ca\/wp-json\/wp\/v2\/product_tag?post=53712"}],"curies":[{"name":"wp","href":"https:\/\/api.w.org\/{rel}","templated":true}]}}