{"id":53720,"date":"2020-09-16T09:47:56","date_gmt":"2020-09-16T07:47:56","guid":{"rendered":"https:\/\/www.inglet.com\/producto\/compressor-silencios-bambi-1-hp-50-litres\/"},"modified":"2022-11-01T23:00:22","modified_gmt":"2022-11-01T22:00:22","slug":"compressor-silencios-bambi-1-hp-50-litres","status":"publish","type":"product","link":"https:\/\/www.inglet.com\/ca\/producto\/compressor-silencios-bambi-1-hp-50-litres\/","title":{"rendered":"COMPRESSOR SILENCI\u00d3S BAMBI, 1 HP -50 litres-"},"content":{"rendered":"<p><strong>La Gamma Econ\u00f2mica de compressors silenciosos Bambi<\/strong>, ha estat desenvolupada per a aquells usuaris que requereixen un soroll ultra baix i un flux d&#8217;aire relativament petit. Amb nivells de so de tan sols 40 dB i gaireb\u00e9 sense vibraci\u00f3 durant el funcionament, els Compressors econ\u00f2mics Bambi es poden col\u00b7locar en el lloc de treball sense causar cap intrusi\u00f3 de soroll.<\/p>\n<p>Dissenyada per a requerir un manteniment m\u00ednim i assegurar anys d&#8217;\u00fas sense problemes, la nostra \u00e0mplia gamma compleix les necessitats de moltes aplicacions, incloent: aerografia, estands d&#8217;exposicions, dispensador de cola, controls pneum\u00e0tics o engrapat en qualsevol lloc on es necessiti aire comprimit silenci\u00f3s!<\/p>\n<p><strong>Cada model de la gamma t\u00e9 les seg\u00fcents caracter\u00edstiques de s\u00e8rie:<\/strong><\/p>\n<p>\u2022 Receptor d&#8217;aire recobert internament.<br \/>\n\u2022 Control del nivell d&#8217;oli Clearview.<br \/>\n\u2022 Tap d&#8217;ompliment d&#8217;oli f\u00e0cil d&#8217;usar.<br \/>\n\u2022 Filtre de sortida de 10 micres i regulaci\u00f3 de pressi\u00f3 ajustable.<\/p>\n<p>I com que estan constru\u00efts per Bambi, la qualitat, la facilitat d&#8217;\u00fas i la fiabilitat v\u00e9nen de s\u00e8rie en tots els models. Una \u00e0mplia garantia, que s&#8217;est\u00e9n fins a 3 anys en el receptor d&#8217;aire, assegura tranquil\u00b7litat que, combinada amb el nostre paquet d&#8217;atenci\u00f3 postvenda a tot el m\u00f3n, li garanteix que ha pres la decisi\u00f3 correcta en triar Bambi.<\/p>\n","protected":false},"excerpt":{"rendered":"<p>La Gamma Econ\u00f2mica de compressors silenciosos Bambi, ha estat desenvolupada per a aquells usuaris que requereixen un soroll ultra baix [&hellip;]<\/p>\n","protected":false},"featured_media":50528,"template":"","meta":{"_sitemap_exclude":false,"_sitemap_priority":"","_sitemap_frequency":"","_monsterinsights_skip_tracking":false,"_monsterinsights_sitenote_active":false,"_monsterinsights_sitenote_note":"","_monsterinsights_sitenote_category":0},"product_brand":[],"product_cat":[1255],"product_tag":[],"class_list":{"0":"post-53720","1":"product","2":"type-product","3":"status-publish","4":"has-post-thumbnail","6":"product_cat-compressors-ca","8":"first","9":"outofstock","10":"taxable","11":"shipping-taxable","12":"purchasable","13":"product-type-simple"},"yoast_head":"<!-- This site is optimized with the Yoast SEO plugin v24.7 - https:\/\/yoast.com\/wordpress\/plugins\/seo\/ -->\n<title>COMPRESSOR SILENCI\u00d3S BAMBI, 1 HP -50 litres- INGLET<\/title>\n<meta name=\"robots\" content=\"index, follow, max-snippet:-1, max-image-preview:large, max-video-preview:-1\" \/>\n<link rel=\"canonical\" href=\"https:\/\/www.inglet.com\/ca\/producto\/compressor-silencios-bambi-1-hp-50-litres\/\" \/>\n<meta property=\"og:locale\" content=\"ca_ES\" \/>\n<meta property=\"og:type\" content=\"article\" \/>\n<meta property=\"og:title\" content=\"COMPRESSOR SILENCI\u00d3S BAMBI, 1 HP -50 litres- INGLET\" \/>\n<meta property=\"og:description\" content=\"La Gamma Econ\u00f2mica de compressors silenciosos Bambi, ha estat desenvolupada per a aquells usuaris que requereixen un soroll ultra baix [&hellip;]\" \/>\n<meta property=\"og:url\" content=\"https:\/\/www.inglet.com\/ca\/producto\/compressor-silencios-bambi-1-hp-50-litres\/\" \/>\n<meta property=\"og:site_name\" content=\"INGLET\" \/>\n<meta property=\"article:modified_time\" content=\"2022-11-01T22:00:22+00:00\" \/>\n<meta property=\"og:image\" content=\"https:\/\/www.inglet.com\/wp-content\/uploads\/2020\/09\/020942_Web.jpg\" \/>\n\t<meta property=\"og:image:width\" content=\"945\" \/>\n\t<meta property=\"og:image:height\" content=\"945\" \/>\n\t<meta property=\"og:image:type\" content=\"image\/jpeg\" \/>\n<meta name=\"twitter:card\" content=\"summary_large_image\" \/>\n<meta name=\"twitter:label1\" content=\"Temps estimat de lectura\" \/>\n\t<meta name=\"twitter:data1\" content=\"1 minut\" \/>\n<script type=\"application\/ld+json\" class=\"yoast-schema-graph\">{\"@context\":\"https:\/\/schema.org\",\"@graph\":[{\"@type\":\"WebPage\",\"@id\":\"https:\/\/www.inglet.com\/ca\/producto\/compressor-silencios-bambi-1-hp-50-litres\/\",\"url\":\"https:\/\/www.inglet.com\/ca\/producto\/compressor-silencios-bambi-1-hp-50-litres\/\",\"name\":\"COMPRESSOR SILENCI\u00d3S BAMBI, 1 HP -50 litres- INGLET\",\"isPartOf\":{\"@id\":\"https:\/\/www.inglet.com\/ca\/#website\"},\"primaryImageOfPage\":{\"@id\":\"https:\/\/www.inglet.com\/ca\/producto\/compressor-silencios-bambi-1-hp-50-litres\/#primaryimage\"},\"image\":{\"@id\":\"https:\/\/www.inglet.com\/ca\/producto\/compressor-silencios-bambi-1-hp-50-litres\/#primaryimage\"},\"thumbnailUrl\":\"https:\/\/www.inglet.com\/wp-content\/uploads\/2020\/09\/020942_Web.jpg\",\"datePublished\":\"2020-09-16T07:47:56+00:00\",\"dateModified\":\"2022-11-01T22:00:22+00:00\",\"breadcrumb\":{\"@id\":\"https:\/\/www.inglet.com\/ca\/producto\/compressor-silencios-bambi-1-hp-50-litres\/#breadcrumb\"},\"inLanguage\":\"ca\",\"potentialAction\":[{\"@type\":\"ReadAction\",\"target\":[\"https:\/\/www.inglet.com\/ca\/producto\/compressor-silencios-bambi-1-hp-50-litres\/\"]}]},{\"@type\":\"ImageObject\",\"inLanguage\":\"ca\",\"@id\":\"https:\/\/www.inglet.com\/ca\/producto\/compressor-silencios-bambi-1-hp-50-litres\/#primaryimage\",\"url\":\"https:\/\/www.inglet.com\/wp-content\/uploads\/2020\/09\/020942_Web.jpg\",\"contentUrl\":\"https:\/\/www.inglet.com\/wp-content\/uploads\/2020\/09\/020942_Web.jpg\",\"width\":945,\"height\":945},{\"@type\":\"BreadcrumbList\",\"@id\":\"https:\/\/www.inglet.com\/ca\/producto\/compressor-silencios-bambi-1-hp-50-litres\/#breadcrumb\",\"itemListElement\":[{\"@type\":\"ListItem\",\"position\":1,\"name\":\"Portada\",\"item\":\"https:\/\/www.inglet.com\/ca\/\"},{\"@type\":\"ListItem\",\"position\":2,\"name\":\"Tienda\",\"item\":\"https:\/\/www.inglet.com\/tienda\/\"},{\"@type\":\"ListItem\",\"position\":3,\"name\":\"COMPRESSOR SILENCI\u00d3S BAMBI, 1 HP -50 litres-\"}]},{\"@type\":\"WebSite\",\"@id\":\"https:\/\/www.inglet.com\/ca\/#website\",\"url\":\"https:\/\/www.inglet.com\/ca\/\",\"name\":\"INGLET\",\"description\":\"Suministros para la enmarcaci\u00f3n y la  impresi\u00f3n digital\",\"publisher\":{\"@id\":\"https:\/\/www.inglet.com\/ca\/#organization\"},\"potentialAction\":[{\"@type\":\"SearchAction\",\"target\":{\"@type\":\"EntryPoint\",\"urlTemplate\":\"https:\/\/www.inglet.com\/ca\/?s={search_term_string}\"},\"query-input\":{\"@type\":\"PropertyValueSpecification\",\"valueRequired\":true,\"valueName\":\"search_term_string\"}}],\"inLanguage\":\"ca\"},{\"@type\":\"Organization\",\"@id\":\"https:\/\/www.inglet.com\/ca\/#organization\",\"name\":\"INGLET, SLU\",\"url\":\"https:\/\/www.inglet.com\/ca\/\",\"logo\":{\"@type\":\"ImageObject\",\"inLanguage\":\"ca\",\"@id\":\"https:\/\/www.inglet.com\/ca\/#\/schema\/logo\/image\/\",\"url\":\"https:\/\/www.inglet.com\/wp-content\/uploads\/2019\/08\/Inglet-Logo.jpg\",\"contentUrl\":\"https:\/\/www.inglet.com\/wp-content\/uploads\/2019\/08\/Inglet-Logo.jpg\",\"width\":264,\"height\":342,\"caption\":\"INGLET, SLU\"},\"image\":{\"@id\":\"https:\/\/www.inglet.com\/ca\/#\/schema\/logo\/image\/\"}}]}<\/script>\n<!-- \/ Yoast SEO plugin. -->","yoast_head_json":{"title":"COMPRESSOR SILENCI\u00d3S BAMBI, 1 HP -50 litres- INGLET","robots":{"index":"index","follow":"follow","max-snippet":"max-snippet:-1","max-image-preview":"max-image-preview:large","max-video-preview":"max-video-preview:-1"},"canonical":"https:\/\/www.inglet.com\/ca\/producto\/compressor-silencios-bambi-1-hp-50-litres\/","og_locale":"ca_ES","og_type":"article","og_title":"COMPRESSOR SILENCI\u00d3S BAMBI, 1 HP -50 litres- INGLET","og_description":"La Gamma Econ\u00f2mica de compressors silenciosos Bambi, ha estat desenvolupada per a aquells usuaris que requereixen un soroll ultra baix [&hellip;]","og_url":"https:\/\/www.inglet.com\/ca\/producto\/compressor-silencios-bambi-1-hp-50-litres\/","og_site_name":"INGLET","article_modified_time":"2022-11-01T22:00:22+00:00","og_image":[{"width":945,"height":945,"url":"https:\/\/www.inglet.com\/wp-content\/uploads\/2020\/09\/020942_Web.jpg","type":"image\/jpeg"}],"twitter_card":"summary_large_image","twitter_misc":{"Temps estimat de lectura":"1 minut"},"schema":{"@context":"https:\/\/schema.org","@graph":[{"@type":"WebPage","@id":"https:\/\/www.inglet.com\/ca\/producto\/compressor-silencios-bambi-1-hp-50-litres\/","url":"https:\/\/www.inglet.com\/ca\/producto\/compressor-silencios-bambi-1-hp-50-litres\/","name":"COMPRESSOR SILENCI\u00d3S BAMBI, 1 HP -50 litres- INGLET","isPartOf":{"@id":"https:\/\/www.inglet.com\/ca\/#website"},"primaryImageOfPage":{"@id":"https:\/\/www.inglet.com\/ca\/producto\/compressor-silencios-bambi-1-hp-50-litres\/#primaryimage"},"image":{"@id":"https:\/\/www.inglet.com\/ca\/producto\/compressor-silencios-bambi-1-hp-50-litres\/#primaryimage"},"thumbnailUrl":"https:\/\/www.inglet.com\/wp-content\/uploads\/2020\/09\/020942_Web.jpg","datePublished":"2020-09-16T07:47:56+00:00","dateModified":"2022-11-01T22:00:22+00:00","breadcrumb":{"@id":"https:\/\/www.inglet.com\/ca\/producto\/compressor-silencios-bambi-1-hp-50-litres\/#breadcrumb"},"inLanguage":"ca","potentialAction":[{"@type":"ReadAction","target":["https:\/\/www.inglet.com\/ca\/producto\/compressor-silencios-bambi-1-hp-50-litres\/"]}]},{"@type":"ImageObject","inLanguage":"ca","@id":"https:\/\/www.inglet.com\/ca\/producto\/compressor-silencios-bambi-1-hp-50-litres\/#primaryimage","url":"https:\/\/www.inglet.com\/wp-content\/uploads\/2020\/09\/020942_Web.jpg","contentUrl":"https:\/\/www.inglet.com\/wp-content\/uploads\/2020\/09\/020942_Web.jpg","width":945,"height":945},{"@type":"BreadcrumbList","@id":"https:\/\/www.inglet.com\/ca\/producto\/compressor-silencios-bambi-1-hp-50-litres\/#breadcrumb","itemListElement":[{"@type":"ListItem","position":1,"name":"Portada","item":"https:\/\/www.inglet.com\/ca\/"},{"@type":"ListItem","position":2,"name":"Tienda","item":"https:\/\/www.inglet.com\/tienda\/"},{"@type":"ListItem","position":3,"name":"COMPRESSOR SILENCI\u00d3S BAMBI, 1 HP -50 litres-"}]},{"@type":"WebSite","@id":"https:\/\/www.inglet.com\/ca\/#website","url":"https:\/\/www.inglet.com\/ca\/","name":"INGLET","description":"Suministros para la enmarcaci\u00f3n y la  impresi\u00f3n digital","publisher":{"@id":"https:\/\/www.inglet.com\/ca\/#organization"},"potentialAction":[{"@type":"SearchAction","target":{"@type":"EntryPoint","urlTemplate":"https:\/\/www.inglet.com\/ca\/?s={search_term_string}"},"query-input":{"@type":"PropertyValueSpecification","valueRequired":true,"valueName":"search_term_string"}}],"inLanguage":"ca"},{"@type":"Organization","@id":"https:\/\/www.inglet.com\/ca\/#organization","name":"INGLET, SLU","url":"https:\/\/www.inglet.com\/ca\/","logo":{"@type":"ImageObject","inLanguage":"ca","@id":"https:\/\/www.inglet.com\/ca\/#\/schema\/logo\/image\/","url":"https:\/\/www.inglet.com\/wp-content\/uploads\/2019\/08\/Inglet-Logo.jpg","contentUrl":"https:\/\/www.inglet.com\/wp-content\/uploads\/2019\/08\/Inglet-Logo.jpg","width":264,"height":342,"caption":"INGLET, SLU"},"image":{"@id":"https:\/\/www.inglet.com\/ca\/#\/schema\/logo\/image\/"}}]}},"_links":{"self":[{"href":"https:\/\/www.inglet.com\/ca\/wp-json\/wp\/v2\/product\/53720","targetHints":{"allow":["GET"]}}],"collection":[{"href":"https:\/\/www.inglet.com\/ca\/wp-json\/wp\/v2\/product"}],"about":[{"href":"https:\/\/www.inglet.com\/ca\/wp-json\/wp\/v2\/types\/product"}],"wp:featuredmedia":[{"embeddable":true,"href":"https:\/\/www.inglet.com\/ca\/wp-json\/wp\/v2\/media\/50528"}],"wp:attachment":[{"href":"https:\/\/www.inglet.com\/ca\/wp-json\/wp\/v2\/media?parent=53720"}],"wp:term":[{"taxonomy":"product_brand","embeddable":true,"href":"https:\/\/www.inglet.com\/ca\/wp-json\/wp\/v2\/product_brand?post=53720"},{"taxonomy":"product_cat","embeddable":true,"href":"https:\/\/www.inglet.com\/ca\/wp-json\/wp\/v2\/product_cat?post=53720"},{"taxonomy":"product_tag","embeddable":true,"href":"https:\/\/www.inglet.com\/ca\/wp-json\/wp\/v2\/product_tag?post=53720"}],"curies":[{"name":"wp","href":"https:\/\/api.w.org\/{rel}","templated":true}]}}