{"id":60840,"date":"2020-01-22T19:43:14","date_gmt":"2020-01-22T18:43:14","guid":{"rendered":"https:\/\/www.inglet.com\/producto\/decoradora-de-cantos\/"},"modified":"2021-10-13T10:35:21","modified_gmt":"2021-10-13T08:35:21","slug":"decoradora-de-costats","status":"publish","type":"product","link":"https:\/\/www.inglet.com\/ca\/producto\/decoradora-de-costats\/","title":{"rendered":"DECORADORA DE COSTATS"},"content":{"rendered":"<p><strong>El sistema DecorEdge<\/strong> \u00e9s una eina alternativa que li d\u00f3na un aspecte modern i un acabat fresc a les teves impressions, fotografies i p\u00f2sters, muntats sobre tauler acr\u00edlic o DM. La Decoredge aplica una fina cinta t\u00e8rmica que s&#8217;adhereix amb la calor a la vora de l&#8217;obra, pr\u00e8viament impresa o laminada.<\/p>\n<p>Pot utilitzar la <a href=\"https:\/\/www.inglet.com\/ca\/producto\/fresadora-de-costats\/\"><span style=\"color: #a21c84;\"><strong>Fresadora de Costats <\/strong><\/span><\/a>per a suavitzar i bisellar els quatre costats del tauler, com a primer pas abans d&#8217;aplicar la cinta t\u00e8rmica.<\/p>\n<p><strong>Costats rectes o bisellats:<\/strong><br \/>\nL&#8217;obra es pot acabar amb costats rectes o bisellats.<br \/>\n<strong><br \/>\nColors i textures:<\/strong><br \/>\nLes cintes de transfer\u00e8ncia t\u00e8rmica estan disponibles en nou colors diferents, incloent-hi 2 textures de fusta m\u00e9s plata i or.<\/p>\n<p><strong>Altres Caracter\u00edstiques:<\/strong><br \/>\n\u2022 Es pot realitzar tot el proc\u00e9s en una sola passada.<br \/>\n\u2022 Sistema de visualitzaci\u00f3 per a controlar i regular la temperatura de treball.<br \/>\n\u2022 Llum pilot per a indicar quan la m\u00e0quina est\u00e0 llesta per a treballar.<br \/>\n\u2022 Desaprofitament m\u00ednim de la cinta de transfer\u00e8ncia.<\/p>\n","protected":false},"excerpt":{"rendered":"<p>El sistema DecorEdge \u00e9s una eina alternativa que li d\u00f3na un aspecte modern i un acabat fresc a les teves [&hellip;]<\/p>\n","protected":false},"featured_media":50416,"template":"","meta":{"_sitemap_exclude":false,"_sitemap_priority":"","_sitemap_frequency":"","_monsterinsights_skip_tracking":false,"_monsterinsights_sitenote_active":false,"_monsterinsights_sitenote_note":"","_monsterinsights_sitenote_category":0},"product_brand":[],"product_cat":[1264],"product_tag":[],"class_list":{"0":"post-60840","1":"product","2":"type-product","3":"status-publish","4":"has-post-thumbnail","6":"product_cat-sistema-decoredge-ca","8":"first","9":"outofstock","10":"taxable","11":"shipping-taxable","12":"purchasable","13":"product-type-simple"},"yoast_head":"<!-- This site is optimized with the Yoast SEO plugin v24.7 - https:\/\/yoast.com\/wordpress\/plugins\/seo\/ -->\n<title>DECORADORA DE COSTATS - INGLET<\/title>\n<meta name=\"robots\" content=\"index, follow, max-snippet:-1, max-image-preview:large, max-video-preview:-1\" \/>\n<link rel=\"canonical\" href=\"https:\/\/www.inglet.com\/ca\/producto\/decoradora-de-costats\/\" \/>\n<meta property=\"og:locale\" content=\"ca_ES\" \/>\n<meta property=\"og:type\" content=\"article\" \/>\n<meta property=\"og:title\" content=\"DECORADORA DE COSTATS - INGLET\" \/>\n<meta property=\"og:description\" content=\"El sistema DecorEdge \u00e9s una eina alternativa que li d\u00f3na un aspecte modern i un acabat fresc a les teves [&hellip;]\" \/>\n<meta property=\"og:url\" content=\"https:\/\/www.inglet.com\/ca\/producto\/decoradora-de-costats\/\" \/>\n<meta property=\"og:site_name\" content=\"INGLET\" \/>\n<meta property=\"article:modified_time\" content=\"2021-10-13T08:35:21+00:00\" \/>\n<meta property=\"og:image\" content=\"https:\/\/www.inglet.com\/wp-content\/uploads\/2020\/01\/729304.jpg\" \/>\n\t<meta property=\"og:image:width\" content=\"800\" \/>\n\t<meta property=\"og:image:height\" content=\"800\" \/>\n\t<meta property=\"og:image:type\" content=\"image\/jpeg\" \/>\n<meta name=\"twitter:card\" content=\"summary_large_image\" \/>\n<meta name=\"twitter:label1\" content=\"Temps estimat de lectura\" \/>\n\t<meta name=\"twitter:data1\" content=\"1 minut\" \/>\n<script type=\"application\/ld+json\" class=\"yoast-schema-graph\">{\"@context\":\"https:\/\/schema.org\",\"@graph\":[{\"@type\":\"WebPage\",\"@id\":\"https:\/\/www.inglet.com\/ca\/producto\/decoradora-de-costats\/\",\"url\":\"https:\/\/www.inglet.com\/ca\/producto\/decoradora-de-costats\/\",\"name\":\"DECORADORA DE COSTATS - INGLET\",\"isPartOf\":{\"@id\":\"https:\/\/www.inglet.com\/ca\/#website\"},\"primaryImageOfPage\":{\"@id\":\"https:\/\/www.inglet.com\/ca\/producto\/decoradora-de-costats\/#primaryimage\"},\"image\":{\"@id\":\"https:\/\/www.inglet.com\/ca\/producto\/decoradora-de-costats\/#primaryimage\"},\"thumbnailUrl\":\"https:\/\/www.inglet.com\/wp-content\/uploads\/2020\/01\/729304.jpg\",\"datePublished\":\"2020-01-22T18:43:14+00:00\",\"dateModified\":\"2021-10-13T08:35:21+00:00\",\"breadcrumb\":{\"@id\":\"https:\/\/www.inglet.com\/ca\/producto\/decoradora-de-costats\/#breadcrumb\"},\"inLanguage\":\"ca\",\"potentialAction\":[{\"@type\":\"ReadAction\",\"target\":[\"https:\/\/www.inglet.com\/ca\/producto\/decoradora-de-costats\/\"]}]},{\"@type\":\"ImageObject\",\"inLanguage\":\"ca\",\"@id\":\"https:\/\/www.inglet.com\/ca\/producto\/decoradora-de-costats\/#primaryimage\",\"url\":\"https:\/\/www.inglet.com\/wp-content\/uploads\/2020\/01\/729304.jpg\",\"contentUrl\":\"https:\/\/www.inglet.com\/wp-content\/uploads\/2020\/01\/729304.jpg\",\"width\":800,\"height\":800},{\"@type\":\"BreadcrumbList\",\"@id\":\"https:\/\/www.inglet.com\/ca\/producto\/decoradora-de-costats\/#breadcrumb\",\"itemListElement\":[{\"@type\":\"ListItem\",\"position\":1,\"name\":\"Portada\",\"item\":\"https:\/\/www.inglet.com\/ca\/\"},{\"@type\":\"ListItem\",\"position\":2,\"name\":\"Tienda\",\"item\":\"https:\/\/www.inglet.com\/tienda\/\"},{\"@type\":\"ListItem\",\"position\":3,\"name\":\"DECORADORA DE COSTATS\"}]},{\"@type\":\"WebSite\",\"@id\":\"https:\/\/www.inglet.com\/ca\/#website\",\"url\":\"https:\/\/www.inglet.com\/ca\/\",\"name\":\"INGLET\",\"description\":\"Suministros para la enmarcaci\u00f3n y la  impresi\u00f3n digital\",\"publisher\":{\"@id\":\"https:\/\/www.inglet.com\/ca\/#organization\"},\"potentialAction\":[{\"@type\":\"SearchAction\",\"target\":{\"@type\":\"EntryPoint\",\"urlTemplate\":\"https:\/\/www.inglet.com\/ca\/?s={search_term_string}\"},\"query-input\":{\"@type\":\"PropertyValueSpecification\",\"valueRequired\":true,\"valueName\":\"search_term_string\"}}],\"inLanguage\":\"ca\"},{\"@type\":\"Organization\",\"@id\":\"https:\/\/www.inglet.com\/ca\/#organization\",\"name\":\"INGLET, SLU\",\"url\":\"https:\/\/www.inglet.com\/ca\/\",\"logo\":{\"@type\":\"ImageObject\",\"inLanguage\":\"ca\",\"@id\":\"https:\/\/www.inglet.com\/ca\/#\/schema\/logo\/image\/\",\"url\":\"https:\/\/www.inglet.com\/wp-content\/uploads\/2019\/08\/Inglet-Logo.jpg\",\"contentUrl\":\"https:\/\/www.inglet.com\/wp-content\/uploads\/2019\/08\/Inglet-Logo.jpg\",\"width\":264,\"height\":342,\"caption\":\"INGLET, SLU\"},\"image\":{\"@id\":\"https:\/\/www.inglet.com\/ca\/#\/schema\/logo\/image\/\"}}]}<\/script>\n<!-- \/ Yoast SEO plugin. -->","yoast_head_json":{"title":"DECORADORA DE COSTATS - INGLET","robots":{"index":"index","follow":"follow","max-snippet":"max-snippet:-1","max-image-preview":"max-image-preview:large","max-video-preview":"max-video-preview:-1"},"canonical":"https:\/\/www.inglet.com\/ca\/producto\/decoradora-de-costats\/","og_locale":"ca_ES","og_type":"article","og_title":"DECORADORA DE COSTATS - INGLET","og_description":"El sistema DecorEdge \u00e9s una eina alternativa que li d\u00f3na un aspecte modern i un acabat fresc a les teves [&hellip;]","og_url":"https:\/\/www.inglet.com\/ca\/producto\/decoradora-de-costats\/","og_site_name":"INGLET","article_modified_time":"2021-10-13T08:35:21+00:00","og_image":[{"width":800,"height":800,"url":"https:\/\/www.inglet.com\/wp-content\/uploads\/2020\/01\/729304.jpg","type":"image\/jpeg"}],"twitter_card":"summary_large_image","twitter_misc":{"Temps estimat de lectura":"1 minut"},"schema":{"@context":"https:\/\/schema.org","@graph":[{"@type":"WebPage","@id":"https:\/\/www.inglet.com\/ca\/producto\/decoradora-de-costats\/","url":"https:\/\/www.inglet.com\/ca\/producto\/decoradora-de-costats\/","name":"DECORADORA DE COSTATS - INGLET","isPartOf":{"@id":"https:\/\/www.inglet.com\/ca\/#website"},"primaryImageOfPage":{"@id":"https:\/\/www.inglet.com\/ca\/producto\/decoradora-de-costats\/#primaryimage"},"image":{"@id":"https:\/\/www.inglet.com\/ca\/producto\/decoradora-de-costats\/#primaryimage"},"thumbnailUrl":"https:\/\/www.inglet.com\/wp-content\/uploads\/2020\/01\/729304.jpg","datePublished":"2020-01-22T18:43:14+00:00","dateModified":"2021-10-13T08:35:21+00:00","breadcrumb":{"@id":"https:\/\/www.inglet.com\/ca\/producto\/decoradora-de-costats\/#breadcrumb"},"inLanguage":"ca","potentialAction":[{"@type":"ReadAction","target":["https:\/\/www.inglet.com\/ca\/producto\/decoradora-de-costats\/"]}]},{"@type":"ImageObject","inLanguage":"ca","@id":"https:\/\/www.inglet.com\/ca\/producto\/decoradora-de-costats\/#primaryimage","url":"https:\/\/www.inglet.com\/wp-content\/uploads\/2020\/01\/729304.jpg","contentUrl":"https:\/\/www.inglet.com\/wp-content\/uploads\/2020\/01\/729304.jpg","width":800,"height":800},{"@type":"BreadcrumbList","@id":"https:\/\/www.inglet.com\/ca\/producto\/decoradora-de-costats\/#breadcrumb","itemListElement":[{"@type":"ListItem","position":1,"name":"Portada","item":"https:\/\/www.inglet.com\/ca\/"},{"@type":"ListItem","position":2,"name":"Tienda","item":"https:\/\/www.inglet.com\/tienda\/"},{"@type":"ListItem","position":3,"name":"DECORADORA DE COSTATS"}]},{"@type":"WebSite","@id":"https:\/\/www.inglet.com\/ca\/#website","url":"https:\/\/www.inglet.com\/ca\/","name":"INGLET","description":"Suministros para la enmarcaci\u00f3n y la  impresi\u00f3n digital","publisher":{"@id":"https:\/\/www.inglet.com\/ca\/#organization"},"potentialAction":[{"@type":"SearchAction","target":{"@type":"EntryPoint","urlTemplate":"https:\/\/www.inglet.com\/ca\/?s={search_term_string}"},"query-input":{"@type":"PropertyValueSpecification","valueRequired":true,"valueName":"search_term_string"}}],"inLanguage":"ca"},{"@type":"Organization","@id":"https:\/\/www.inglet.com\/ca\/#organization","name":"INGLET, SLU","url":"https:\/\/www.inglet.com\/ca\/","logo":{"@type":"ImageObject","inLanguage":"ca","@id":"https:\/\/www.inglet.com\/ca\/#\/schema\/logo\/image\/","url":"https:\/\/www.inglet.com\/wp-content\/uploads\/2019\/08\/Inglet-Logo.jpg","contentUrl":"https:\/\/www.inglet.com\/wp-content\/uploads\/2019\/08\/Inglet-Logo.jpg","width":264,"height":342,"caption":"INGLET, SLU"},"image":{"@id":"https:\/\/www.inglet.com\/ca\/#\/schema\/logo\/image\/"}}]}},"_links":{"self":[{"href":"https:\/\/www.inglet.com\/ca\/wp-json\/wp\/v2\/product\/60840","targetHints":{"allow":["GET"]}}],"collection":[{"href":"https:\/\/www.inglet.com\/ca\/wp-json\/wp\/v2\/product"}],"about":[{"href":"https:\/\/www.inglet.com\/ca\/wp-json\/wp\/v2\/types\/product"}],"wp:featuredmedia":[{"embeddable":true,"href":"https:\/\/www.inglet.com\/ca\/wp-json\/wp\/v2\/media\/50416"}],"wp:attachment":[{"href":"https:\/\/www.inglet.com\/ca\/wp-json\/wp\/v2\/media?parent=60840"}],"wp:term":[{"taxonomy":"product_brand","embeddable":true,"href":"https:\/\/www.inglet.com\/ca\/wp-json\/wp\/v2\/product_brand?post=60840"},{"taxonomy":"product_cat","embeddable":true,"href":"https:\/\/www.inglet.com\/ca\/wp-json\/wp\/v2\/product_cat?post=60840"},{"taxonomy":"product_tag","embeddable":true,"href":"https:\/\/www.inglet.com\/ca\/wp-json\/wp\/v2\/product_tag?post=60840"}],"curies":[{"name":"wp","href":"https:\/\/api.w.org\/{rel}","templated":true}]}}