{"id":60848,"date":"2020-01-22T19:43:14","date_gmt":"2020-01-22T18:43:14","guid":{"rendered":"https:\/\/www.inglet.com\/producto\/cortadora-vertical-verdi-twin\/"},"modified":"2025-07-24T13:34:47","modified_gmt":"2025-07-24T11:34:47","slug":"talladora-vertical-verdi-twin","status":"publish","type":"product","link":"https:\/\/www.inglet.com\/ca\/producto\/talladora-vertical-verdi-twin\/","title":{"rendered":"TALLADORA VERTICAL VERDI TWIN"},"content":{"rendered":"<p><strong>La talladora vertical Verdi Twin est\u00e0 dissenyada per a tallar qualsevol tipus de material r\u00edgid i semir\u00edgid fins a una altura de tall de 305 cm i un gruix m\u00e0xim de 20 mm.<\/strong> Les seves caracter\u00edstiques \u00faniques garanteixen cobrir de manera r\u00e0pida, precisa i llisa qualsevol necessitat de tall, des d&#8217;un baix volum fins a una alta producci\u00f3.<\/p>\n<p><strong>La Verdi Twin est\u00e0 equipada amb dos sistemes de tall llestos per a usar:<\/strong> un disc a l&#8217;esquerra per a tallar materials r\u00edgids i un tallador pneum\u00e0tic a la dreta per a semir\u00edgids. El moviment del disc \u00e9s guiat per un robust sistema de guia que garanteix un tall recte i perfecte en tot el recorregut. El seu potent motor garanteix un resultat prec\u00eds. El moviment pneum\u00e0tic del tallador ofereix una soluci\u00f3 r\u00e0pida i f\u00e0cil d&#8217;usar per a tallar qualsevol material semir\u00edgid.<\/p>\n<p><strong>La talladora vertical Verdi Twin es fabrica en 5 grand\u00e0ries diferents:<\/strong> En els models 122 cm (48\u201d) i 157 cm (61.8\u201d) el disc s&#8217;acciona manualment. En els models 210 cm (82.7\u201d), 244 cm (96.1\u201d) i 305 cm (120.1\u201d) el moviment \u00e9s autom\u00e0tic a trav\u00e9s d&#8217;un mecanisme accionat per corretja.<\/p>\n<p><strong>Materials que talla la Verdi Twin:<\/strong> PVC Escumejat, Compost d&#8217;alumini \/ Dibond\u00ae, L\u00e0mines d&#8217;alumini \/ ChromaLuxe\u00ae, Acr\u00edlics \/ Plexiglas\u00ae, Tauler DM \/ Fusta, Vidre, Cart\u00f3 ploma, Cart\u00f3, Niu d&#8217;abella \/ Re-board\u00ae, Pl\u00e0stic corrugat o Passepartout.<\/p>\n<p><strong>Tots els models van equipats amb un potent <a href=\"https:\/\/www.inglet.com\/ca\/producto\/aspirador-intec-2-hp\/\" target=\"_blank\" rel=\"noopener\"><span style=\"color: #a21c84;\">aspirador de 2 Hp<\/span><\/a><\/strong> per a garantir un funcionament sense pols.<\/p>\n<p><strong>Descobreix tamb\u00e9 la talladora vertical <a href=\"https:\/\/www.inglet.com\/ca\/producto\/talladora-vertical-verdi-basic\/\" target=\"_blank\" rel=\"noopener\"><span style=\"color: #a21c84;\">Verdi Basic<\/span><\/a><\/strong>, dissenyada per a tallar materials r\u00edgids.<\/p>\n<p><strong>Coneixes la nostra <a href=\"https:\/\/www.ingletmachinery.com\/es\" target=\"_blank\" rel=\"noopener\"><span style=\"color: #a21c84;\">web de maquin\u00e0ria<\/span><\/a>?<\/strong><\/p>\n<p><strong><a href=\"https:\/\/www.inglet.com\/wp-content\/uploads\/2020\/01\/FAQ_Verdi_CAT.pdf\" target=\"_blank\" rel=\"noopener\">FAQ Verdi<\/a>\u00a0<\/strong><\/p>\n","protected":false},"excerpt":{"rendered":"<p>La talladora vertical Verdi Twin est\u00e0 dissenyada per a tallar qualsevol tipus de material r\u00edgid i semir\u00edgid fins a una [&hellip;]<\/p>\n","protected":false},"featured_media":71951,"template":"","meta":{"_sitemap_exclude":false,"_sitemap_priority":"","_sitemap_frequency":"","_monsterinsights_skip_tracking":false,"_monsterinsights_sitenote_active":false,"_monsterinsights_sitenote_note":"","_monsterinsights_sitenote_category":0},"product_brand":[],"product_cat":[1257],"product_tag":[],"class_list":{"0":"post-60848","1":"product","2":"type-product","3":"status-publish","4":"has-post-thumbnail","6":"product_cat-talladores-verticals-i-talladores-de-taula","8":"first","9":"outofstock","10":"taxable","11":"shipping-taxable","12":"product-type-grouped"},"yoast_head":"<!-- This site is optimized with the Yoast SEO plugin v24.7 - https:\/\/yoast.com\/wordpress\/plugins\/seo\/ -->\n<title>TALLADORA VERTICAL VERDI TWIN - INGLET<\/title>\n<meta name=\"robots\" content=\"index, follow, max-snippet:-1, max-image-preview:large, max-video-preview:-1\" \/>\n<link rel=\"canonical\" href=\"https:\/\/www.inglet.com\/ca\/producto\/talladora-vertical-verdi-twin\/\" \/>\n<meta property=\"og:locale\" content=\"ca_ES\" \/>\n<meta property=\"og:type\" content=\"article\" \/>\n<meta property=\"og:title\" content=\"TALLADORA VERTICAL VERDI TWIN - INGLET\" \/>\n<meta property=\"og:description\" content=\"La talladora vertical Verdi Twin est\u00e0 dissenyada per a tallar qualsevol tipus de material r\u00edgid i semir\u00edgid fins a una [&hellip;]\" \/>\n<meta property=\"og:url\" content=\"https:\/\/www.inglet.com\/ca\/producto\/talladora-vertical-verdi-twin\/\" \/>\n<meta property=\"og:site_name\" content=\"INGLET\" \/>\n<meta property=\"article:modified_time\" content=\"2025-07-24T11:34:47+00:00\" \/>\n<meta property=\"og:image\" content=\"https:\/\/www.inglet.com\/wp-content\/uploads\/2020\/01\/Nova_Verdi_Twin_210cm_Web.jpg\" \/>\n\t<meta property=\"og:image:width\" content=\"800\" \/>\n\t<meta property=\"og:image:height\" content=\"800\" \/>\n\t<meta property=\"og:image:type\" content=\"image\/jpeg\" \/>\n<meta name=\"twitter:card\" content=\"summary_large_image\" \/>\n<meta name=\"twitter:label1\" content=\"Temps estimat de lectura\" \/>\n\t<meta name=\"twitter:data1\" content=\"2 minuts\" \/>\n<script type=\"application\/ld+json\" class=\"yoast-schema-graph\">{\"@context\":\"https:\/\/schema.org\",\"@graph\":[{\"@type\":\"WebPage\",\"@id\":\"https:\/\/www.inglet.com\/ca\/producto\/talladora-vertical-verdi-twin\/\",\"url\":\"https:\/\/www.inglet.com\/ca\/producto\/talladora-vertical-verdi-twin\/\",\"name\":\"TALLADORA VERTICAL VERDI TWIN - INGLET\",\"isPartOf\":{\"@id\":\"https:\/\/www.inglet.com\/ca\/#website\"},\"primaryImageOfPage\":{\"@id\":\"https:\/\/www.inglet.com\/ca\/producto\/talladora-vertical-verdi-twin\/#primaryimage\"},\"image\":{\"@id\":\"https:\/\/www.inglet.com\/ca\/producto\/talladora-vertical-verdi-twin\/#primaryimage\"},\"thumbnailUrl\":\"https:\/\/www.inglet.com\/wp-content\/uploads\/2020\/01\/Nova_Verdi_Twin_210cm_Web.jpg\",\"datePublished\":\"2020-01-22T18:43:14+00:00\",\"dateModified\":\"2025-07-24T11:34:47+00:00\",\"breadcrumb\":{\"@id\":\"https:\/\/www.inglet.com\/ca\/producto\/talladora-vertical-verdi-twin\/#breadcrumb\"},\"inLanguage\":\"ca\",\"potentialAction\":[{\"@type\":\"ReadAction\",\"target\":[\"https:\/\/www.inglet.com\/ca\/producto\/talladora-vertical-verdi-twin\/\"]}]},{\"@type\":\"ImageObject\",\"inLanguage\":\"ca\",\"@id\":\"https:\/\/www.inglet.com\/ca\/producto\/talladora-vertical-verdi-twin\/#primaryimage\",\"url\":\"https:\/\/www.inglet.com\/wp-content\/uploads\/2020\/01\/Nova_Verdi_Twin_210cm_Web.jpg\",\"contentUrl\":\"https:\/\/www.inglet.com\/wp-content\/uploads\/2020\/01\/Nova_Verdi_Twin_210cm_Web.jpg\",\"width\":800,\"height\":800},{\"@type\":\"BreadcrumbList\",\"@id\":\"https:\/\/www.inglet.com\/ca\/producto\/talladora-vertical-verdi-twin\/#breadcrumb\",\"itemListElement\":[{\"@type\":\"ListItem\",\"position\":1,\"name\":\"Portada\",\"item\":\"https:\/\/www.inglet.com\/ca\/\"},{\"@type\":\"ListItem\",\"position\":2,\"name\":\"Tienda\",\"item\":\"https:\/\/www.inglet.com\/tienda\/\"},{\"@type\":\"ListItem\",\"position\":3,\"name\":\"TALLADORA VERTICAL VERDI TWIN\"}]},{\"@type\":\"WebSite\",\"@id\":\"https:\/\/www.inglet.com\/ca\/#website\",\"url\":\"https:\/\/www.inglet.com\/ca\/\",\"name\":\"INGLET\",\"description\":\"Suministros para la enmarcaci\u00f3n y la  impresi\u00f3n digital\",\"publisher\":{\"@id\":\"https:\/\/www.inglet.com\/ca\/#organization\"},\"potentialAction\":[{\"@type\":\"SearchAction\",\"target\":{\"@type\":\"EntryPoint\",\"urlTemplate\":\"https:\/\/www.inglet.com\/ca\/?s={search_term_string}\"},\"query-input\":{\"@type\":\"PropertyValueSpecification\",\"valueRequired\":true,\"valueName\":\"search_term_string\"}}],\"inLanguage\":\"ca\"},{\"@type\":\"Organization\",\"@id\":\"https:\/\/www.inglet.com\/ca\/#organization\",\"name\":\"INGLET, SLU\",\"url\":\"https:\/\/www.inglet.com\/ca\/\",\"logo\":{\"@type\":\"ImageObject\",\"inLanguage\":\"ca\",\"@id\":\"https:\/\/www.inglet.com\/ca\/#\/schema\/logo\/image\/\",\"url\":\"https:\/\/www.inglet.com\/wp-content\/uploads\/2019\/08\/Inglet-Logo.jpg\",\"contentUrl\":\"https:\/\/www.inglet.com\/wp-content\/uploads\/2019\/08\/Inglet-Logo.jpg\",\"width\":264,\"height\":342,\"caption\":\"INGLET, SLU\"},\"image\":{\"@id\":\"https:\/\/www.inglet.com\/ca\/#\/schema\/logo\/image\/\"}}]}<\/script>\n<!-- \/ Yoast SEO plugin. -->","yoast_head_json":{"title":"TALLADORA VERTICAL VERDI TWIN - INGLET","robots":{"index":"index","follow":"follow","max-snippet":"max-snippet:-1","max-image-preview":"max-image-preview:large","max-video-preview":"max-video-preview:-1"},"canonical":"https:\/\/www.inglet.com\/ca\/producto\/talladora-vertical-verdi-twin\/","og_locale":"ca_ES","og_type":"article","og_title":"TALLADORA VERTICAL VERDI TWIN - INGLET","og_description":"La talladora vertical Verdi Twin est\u00e0 dissenyada per a tallar qualsevol tipus de material r\u00edgid i semir\u00edgid fins a una [&hellip;]","og_url":"https:\/\/www.inglet.com\/ca\/producto\/talladora-vertical-verdi-twin\/","og_site_name":"INGLET","article_modified_time":"2025-07-24T11:34:47+00:00","og_image":[{"width":800,"height":800,"url":"https:\/\/www.inglet.com\/wp-content\/uploads\/2020\/01\/Nova_Verdi_Twin_210cm_Web.jpg","type":"image\/jpeg"}],"twitter_card":"summary_large_image","twitter_misc":{"Temps estimat de lectura":"2 minuts"},"schema":{"@context":"https:\/\/schema.org","@graph":[{"@type":"WebPage","@id":"https:\/\/www.inglet.com\/ca\/producto\/talladora-vertical-verdi-twin\/","url":"https:\/\/www.inglet.com\/ca\/producto\/talladora-vertical-verdi-twin\/","name":"TALLADORA VERTICAL VERDI TWIN - INGLET","isPartOf":{"@id":"https:\/\/www.inglet.com\/ca\/#website"},"primaryImageOfPage":{"@id":"https:\/\/www.inglet.com\/ca\/producto\/talladora-vertical-verdi-twin\/#primaryimage"},"image":{"@id":"https:\/\/www.inglet.com\/ca\/producto\/talladora-vertical-verdi-twin\/#primaryimage"},"thumbnailUrl":"https:\/\/www.inglet.com\/wp-content\/uploads\/2020\/01\/Nova_Verdi_Twin_210cm_Web.jpg","datePublished":"2020-01-22T18:43:14+00:00","dateModified":"2025-07-24T11:34:47+00:00","breadcrumb":{"@id":"https:\/\/www.inglet.com\/ca\/producto\/talladora-vertical-verdi-twin\/#breadcrumb"},"inLanguage":"ca","potentialAction":[{"@type":"ReadAction","target":["https:\/\/www.inglet.com\/ca\/producto\/talladora-vertical-verdi-twin\/"]}]},{"@type":"ImageObject","inLanguage":"ca","@id":"https:\/\/www.inglet.com\/ca\/producto\/talladora-vertical-verdi-twin\/#primaryimage","url":"https:\/\/www.inglet.com\/wp-content\/uploads\/2020\/01\/Nova_Verdi_Twin_210cm_Web.jpg","contentUrl":"https:\/\/www.inglet.com\/wp-content\/uploads\/2020\/01\/Nova_Verdi_Twin_210cm_Web.jpg","width":800,"height":800},{"@type":"BreadcrumbList","@id":"https:\/\/www.inglet.com\/ca\/producto\/talladora-vertical-verdi-twin\/#breadcrumb","itemListElement":[{"@type":"ListItem","position":1,"name":"Portada","item":"https:\/\/www.inglet.com\/ca\/"},{"@type":"ListItem","position":2,"name":"Tienda","item":"https:\/\/www.inglet.com\/tienda\/"},{"@type":"ListItem","position":3,"name":"TALLADORA VERTICAL VERDI TWIN"}]},{"@type":"WebSite","@id":"https:\/\/www.inglet.com\/ca\/#website","url":"https:\/\/www.inglet.com\/ca\/","name":"INGLET","description":"Suministros para la enmarcaci\u00f3n y la  impresi\u00f3n digital","publisher":{"@id":"https:\/\/www.inglet.com\/ca\/#organization"},"potentialAction":[{"@type":"SearchAction","target":{"@type":"EntryPoint","urlTemplate":"https:\/\/www.inglet.com\/ca\/?s={search_term_string}"},"query-input":{"@type":"PropertyValueSpecification","valueRequired":true,"valueName":"search_term_string"}}],"inLanguage":"ca"},{"@type":"Organization","@id":"https:\/\/www.inglet.com\/ca\/#organization","name":"INGLET, SLU","url":"https:\/\/www.inglet.com\/ca\/","logo":{"@type":"ImageObject","inLanguage":"ca","@id":"https:\/\/www.inglet.com\/ca\/#\/schema\/logo\/image\/","url":"https:\/\/www.inglet.com\/wp-content\/uploads\/2019\/08\/Inglet-Logo.jpg","contentUrl":"https:\/\/www.inglet.com\/wp-content\/uploads\/2019\/08\/Inglet-Logo.jpg","width":264,"height":342,"caption":"INGLET, SLU"},"image":{"@id":"https:\/\/www.inglet.com\/ca\/#\/schema\/logo\/image\/"}}]}},"_links":{"self":[{"href":"https:\/\/www.inglet.com\/ca\/wp-json\/wp\/v2\/product\/60848","targetHints":{"allow":["GET"]}}],"collection":[{"href":"https:\/\/www.inglet.com\/ca\/wp-json\/wp\/v2\/product"}],"about":[{"href":"https:\/\/www.inglet.com\/ca\/wp-json\/wp\/v2\/types\/product"}],"wp:featuredmedia":[{"embeddable":true,"href":"https:\/\/www.inglet.com\/ca\/wp-json\/wp\/v2\/media\/71951"}],"wp:attachment":[{"href":"https:\/\/www.inglet.com\/ca\/wp-json\/wp\/v2\/media?parent=60848"}],"wp:term":[{"taxonomy":"product_brand","embeddable":true,"href":"https:\/\/www.inglet.com\/ca\/wp-json\/wp\/v2\/product_brand?post=60848"},{"taxonomy":"product_cat","embeddable":true,"href":"https:\/\/www.inglet.com\/ca\/wp-json\/wp\/v2\/product_cat?post=60848"},{"taxonomy":"product_tag","embeddable":true,"href":"https:\/\/www.inglet.com\/ca\/wp-json\/wp\/v2\/product_tag?post=60848"}],"curies":[{"name":"wp","href":"https:\/\/api.w.org\/{rel}","templated":true}]}}