{"id":60860,"date":"2020-01-22T19:43:14","date_gmt":"2020-01-22T18:43:14","guid":{"rendered":"https:\/\/www.inglet.com\/producto\/cortadora-vertical-inblade-pro\/"},"modified":"2025-07-16T12:44:31","modified_gmt":"2025-07-16T10:44:31","slug":"talladora-vertical-inblade-pro","status":"publish","type":"product","link":"https:\/\/www.inglet.com\/ca\/producto\/talladora-vertical-inblade-pro\/","title":{"rendered":"TALLADORA VERTICAL INBLADE PRO"},"content":{"rendered":"<p><strong>La talladora vertical InBlade Pro afegeix comoditat a les caracter\u00edstiques ja \u00faniques de la InBlade<\/strong> gr\u00e0cies a la pot\u00e8ncia del seu cilindre pneum\u00e0tic que, combinat amb un fiable sistema de guia amb lliscament lineal, mou d&#8217;una manera r\u00e0pida i precisa el cap\u00e7al de tall, la qual cosa permet tallar qualsevol material sense necessitat d&#8217;exercir una pressi\u00f3 manual. Tamb\u00e9 est\u00e0 equipada amb un control que regula la velocitat del cap\u00e7al de tall en funci\u00f3 del material a tallar, la qual cosa garanteix un tall suau per a tots els usos. El sistema de cap\u00e7als de tall intercanviables ofereix una soluci\u00f3 f\u00e0cil per a treballar c\u00f2modament amb tots els cap\u00e7als de tall disponibles i est\u00e0 llest per a ser utilitzat per noves eines desenvolupades en el futur.<br \/>\n<strong><br \/>\nMaterials que talla la Inblade Pro: <\/strong>acr\u00edlics \/ Plexiglas\u00ae, planxes d&#8217;alumini, compost d&#8217;alumini \/ Dibond\u00ae, tauler DM, vidre, cart\u00f3 ploma, PVC, cart\u00f3, Panell d&#8217;abella \/ Re-board\u00ae, pl\u00e0stic corrugat, passepartout&#8230;<\/p>\n<p><strong>Disponible en quatre mides de tall:<\/strong> 165 cm (65&#8243;), 210 cm (82&#8243;), 250 cm (98&#8243;) i 305 cm (120\u201d). Permet tallar un gruix m\u00e0xim de fins a: 20 mm.<\/p>\n<p><strong>Inclou:<\/strong><br \/>\n\u2022 Cap\u00e7al de tall per a compostos d&#8217;alumini (fins a 4 mm). <strong>Ref. 45 19 90.<\/strong><br \/>\n\u2022 Cap\u00e7al de tall per a materials semir\u00edgids (fins a 13 mm). <strong>Ref. 45 19 91.<\/strong><\/p>\n<p><img decoding=\"async\" class=\"alignnone wp-image-67737\" src=\"https:\/\/www.inglet.com\/wp-content\/uploads\/2020\/01\/451990.png\" alt=\"\" width=\"170\" height=\"150\" srcset=\"https:\/\/www.inglet.com\/wp-content\/uploads\/2020\/01\/451990.png 200w, https:\/\/www.inglet.com\/wp-content\/uploads\/2020\/01\/451990-91x80.png 91w\" sizes=\"(max-width: 170px) 100vw, 170px\" \/>\u00a0 \u00a0 \u00a0\u00a0<img decoding=\"async\" class=\"alignnone wp-image-67742\" src=\"https:\/\/www.inglet.com\/wp-content\/uploads\/2020\/01\/451991-250x145.png\" alt=\"\" width=\"150\" height=\"87\" srcset=\"https:\/\/www.inglet.com\/wp-content\/uploads\/2020\/01\/451991-250x145.png 250w, https:\/\/www.inglet.com\/wp-content\/uploads\/2020\/01\/451991-535x310.png 535w, https:\/\/www.inglet.com\/wp-content\/uploads\/2020\/01\/451991-300x174.png 300w, https:\/\/www.inglet.com\/wp-content\/uploads\/2020\/01\/451991-91x53.png 91w, https:\/\/www.inglet.com\/wp-content\/uploads\/2020\/01\/451991-600x348.png 600w, https:\/\/www.inglet.com\/wp-content\/uploads\/2020\/01\/451991.png 691w\" sizes=\"(max-width: 150px) 100vw, 150px\" \/><\/p>\n<p><strong><a href=\"https:\/\/www.inglet.com\/wp-content\/uploads\/2020\/01\/FAQ_Inblade_CAT.pdf\" target=\"_blank\" rel=\"noopener\">FAQ InBlade<\/a><\/strong><\/p>\n","protected":false},"excerpt":{"rendered":"<p>La talladora vertical InBlade Pro afegeix comoditat a les caracter\u00edstiques ja \u00faniques de la InBlade gr\u00e0cies a la pot\u00e8ncia del [&hellip;]<\/p>\n","protected":false},"featured_media":50691,"template":"","meta":{"_sitemap_exclude":false,"_sitemap_priority":"","_sitemap_frequency":"","_monsterinsights_skip_tracking":false,"_monsterinsights_sitenote_active":false,"_monsterinsights_sitenote_note":"","_monsterinsights_sitenote_category":0},"product_brand":[],"product_cat":[1257],"product_tag":[],"class_list":{"0":"post-60860","1":"product","2":"type-product","3":"status-publish","4":"has-post-thumbnail","6":"product_cat-talladores-verticals-i-talladores-de-taula","8":"first","9":"outofstock","10":"taxable","11":"shipping-taxable","12":"product-type-grouped"},"yoast_head":"<!-- This site is optimized with the Yoast SEO plugin v24.7 - https:\/\/yoast.com\/wordpress\/plugins\/seo\/ -->\n<title>TALLADORA VERTICAL INBLADE PRO - INGLET<\/title>\n<meta name=\"robots\" content=\"index, follow, max-snippet:-1, max-image-preview:large, max-video-preview:-1\" \/>\n<link rel=\"canonical\" href=\"https:\/\/www.inglet.com\/ca\/producto\/talladora-vertical-inblade-pro\/\" \/>\n<meta property=\"og:locale\" content=\"ca_ES\" \/>\n<meta property=\"og:type\" content=\"article\" \/>\n<meta property=\"og:title\" content=\"TALLADORA VERTICAL INBLADE PRO - INGLET\" \/>\n<meta property=\"og:description\" content=\"La talladora vertical InBlade Pro afegeix comoditat a les caracter\u00edstiques ja \u00faniques de la InBlade gr\u00e0cies a la pot\u00e8ncia del [&hellip;]\" \/>\n<meta property=\"og:url\" content=\"https:\/\/www.inglet.com\/ca\/producto\/talladora-vertical-inblade-pro\/\" \/>\n<meta property=\"og:site_name\" content=\"INGLET\" \/>\n<meta property=\"article:modified_time\" content=\"2025-07-16T10:44:31+00:00\" \/>\n<meta property=\"og:image\" content=\"https:\/\/www.inglet.com\/wp-content\/uploads\/2020\/01\/728581IP.jpg\" \/>\n\t<meta property=\"og:image:width\" content=\"800\" \/>\n\t<meta property=\"og:image:height\" content=\"800\" \/>\n\t<meta property=\"og:image:type\" content=\"image\/jpeg\" \/>\n<meta name=\"twitter:card\" content=\"summary_large_image\" \/>\n<meta name=\"twitter:label1\" content=\"Temps estimat de lectura\" \/>\n\t<meta name=\"twitter:data1\" content=\"2 minuts\" \/>\n<script type=\"application\/ld+json\" class=\"yoast-schema-graph\">{\"@context\":\"https:\/\/schema.org\",\"@graph\":[{\"@type\":\"WebPage\",\"@id\":\"https:\/\/www.inglet.com\/ca\/producto\/talladora-vertical-inblade-pro\/\",\"url\":\"https:\/\/www.inglet.com\/ca\/producto\/talladora-vertical-inblade-pro\/\",\"name\":\"TALLADORA VERTICAL INBLADE PRO - INGLET\",\"isPartOf\":{\"@id\":\"https:\/\/www.inglet.com\/ca\/#website\"},\"primaryImageOfPage\":{\"@id\":\"https:\/\/www.inglet.com\/ca\/producto\/talladora-vertical-inblade-pro\/#primaryimage\"},\"image\":{\"@id\":\"https:\/\/www.inglet.com\/ca\/producto\/talladora-vertical-inblade-pro\/#primaryimage\"},\"thumbnailUrl\":\"https:\/\/www.inglet.com\/wp-content\/uploads\/2020\/01\/728581IP.jpg\",\"datePublished\":\"2020-01-22T18:43:14+00:00\",\"dateModified\":\"2025-07-16T10:44:31+00:00\",\"breadcrumb\":{\"@id\":\"https:\/\/www.inglet.com\/ca\/producto\/talladora-vertical-inblade-pro\/#breadcrumb\"},\"inLanguage\":\"ca\",\"potentialAction\":[{\"@type\":\"ReadAction\",\"target\":[\"https:\/\/www.inglet.com\/ca\/producto\/talladora-vertical-inblade-pro\/\"]}]},{\"@type\":\"ImageObject\",\"inLanguage\":\"ca\",\"@id\":\"https:\/\/www.inglet.com\/ca\/producto\/talladora-vertical-inblade-pro\/#primaryimage\",\"url\":\"https:\/\/www.inglet.com\/wp-content\/uploads\/2020\/01\/728581IP.jpg\",\"contentUrl\":\"https:\/\/www.inglet.com\/wp-content\/uploads\/2020\/01\/728581IP.jpg\",\"width\":800,\"height\":800,\"caption\":\"Cortadora vertical Inblade Pro\"},{\"@type\":\"BreadcrumbList\",\"@id\":\"https:\/\/www.inglet.com\/ca\/producto\/talladora-vertical-inblade-pro\/#breadcrumb\",\"itemListElement\":[{\"@type\":\"ListItem\",\"position\":1,\"name\":\"Portada\",\"item\":\"https:\/\/www.inglet.com\/ca\/\"},{\"@type\":\"ListItem\",\"position\":2,\"name\":\"Tienda\",\"item\":\"https:\/\/www.inglet.com\/tienda\/\"},{\"@type\":\"ListItem\",\"position\":3,\"name\":\"TALLADORA VERTICAL INBLADE PRO\"}]},{\"@type\":\"WebSite\",\"@id\":\"https:\/\/www.inglet.com\/ca\/#website\",\"url\":\"https:\/\/www.inglet.com\/ca\/\",\"name\":\"INGLET\",\"description\":\"Suministros para la enmarcaci\u00f3n y la  impresi\u00f3n digital\",\"publisher\":{\"@id\":\"https:\/\/www.inglet.com\/ca\/#organization\"},\"potentialAction\":[{\"@type\":\"SearchAction\",\"target\":{\"@type\":\"EntryPoint\",\"urlTemplate\":\"https:\/\/www.inglet.com\/ca\/?s={search_term_string}\"},\"query-input\":{\"@type\":\"PropertyValueSpecification\",\"valueRequired\":true,\"valueName\":\"search_term_string\"}}],\"inLanguage\":\"ca\"},{\"@type\":\"Organization\",\"@id\":\"https:\/\/www.inglet.com\/ca\/#organization\",\"name\":\"INGLET, SLU\",\"url\":\"https:\/\/www.inglet.com\/ca\/\",\"logo\":{\"@type\":\"ImageObject\",\"inLanguage\":\"ca\",\"@id\":\"https:\/\/www.inglet.com\/ca\/#\/schema\/logo\/image\/\",\"url\":\"https:\/\/www.inglet.com\/wp-content\/uploads\/2019\/08\/Inglet-Logo.jpg\",\"contentUrl\":\"https:\/\/www.inglet.com\/wp-content\/uploads\/2019\/08\/Inglet-Logo.jpg\",\"width\":264,\"height\":342,\"caption\":\"INGLET, SLU\"},\"image\":{\"@id\":\"https:\/\/www.inglet.com\/ca\/#\/schema\/logo\/image\/\"}}]}<\/script>\n<!-- \/ Yoast SEO plugin. -->","yoast_head_json":{"title":"TALLADORA VERTICAL INBLADE PRO - INGLET","robots":{"index":"index","follow":"follow","max-snippet":"max-snippet:-1","max-image-preview":"max-image-preview:large","max-video-preview":"max-video-preview:-1"},"canonical":"https:\/\/www.inglet.com\/ca\/producto\/talladora-vertical-inblade-pro\/","og_locale":"ca_ES","og_type":"article","og_title":"TALLADORA VERTICAL INBLADE PRO - INGLET","og_description":"La talladora vertical InBlade Pro afegeix comoditat a les caracter\u00edstiques ja \u00faniques de la InBlade gr\u00e0cies a la pot\u00e8ncia del [&hellip;]","og_url":"https:\/\/www.inglet.com\/ca\/producto\/talladora-vertical-inblade-pro\/","og_site_name":"INGLET","article_modified_time":"2025-07-16T10:44:31+00:00","og_image":[{"width":800,"height":800,"url":"https:\/\/www.inglet.com\/wp-content\/uploads\/2020\/01\/728581IP.jpg","type":"image\/jpeg"}],"twitter_card":"summary_large_image","twitter_misc":{"Temps estimat de lectura":"2 minuts"},"schema":{"@context":"https:\/\/schema.org","@graph":[{"@type":"WebPage","@id":"https:\/\/www.inglet.com\/ca\/producto\/talladora-vertical-inblade-pro\/","url":"https:\/\/www.inglet.com\/ca\/producto\/talladora-vertical-inblade-pro\/","name":"TALLADORA VERTICAL INBLADE PRO - INGLET","isPartOf":{"@id":"https:\/\/www.inglet.com\/ca\/#website"},"primaryImageOfPage":{"@id":"https:\/\/www.inglet.com\/ca\/producto\/talladora-vertical-inblade-pro\/#primaryimage"},"image":{"@id":"https:\/\/www.inglet.com\/ca\/producto\/talladora-vertical-inblade-pro\/#primaryimage"},"thumbnailUrl":"https:\/\/www.inglet.com\/wp-content\/uploads\/2020\/01\/728581IP.jpg","datePublished":"2020-01-22T18:43:14+00:00","dateModified":"2025-07-16T10:44:31+00:00","breadcrumb":{"@id":"https:\/\/www.inglet.com\/ca\/producto\/talladora-vertical-inblade-pro\/#breadcrumb"},"inLanguage":"ca","potentialAction":[{"@type":"ReadAction","target":["https:\/\/www.inglet.com\/ca\/producto\/talladora-vertical-inblade-pro\/"]}]},{"@type":"ImageObject","inLanguage":"ca","@id":"https:\/\/www.inglet.com\/ca\/producto\/talladora-vertical-inblade-pro\/#primaryimage","url":"https:\/\/www.inglet.com\/wp-content\/uploads\/2020\/01\/728581IP.jpg","contentUrl":"https:\/\/www.inglet.com\/wp-content\/uploads\/2020\/01\/728581IP.jpg","width":800,"height":800,"caption":"Cortadora vertical Inblade Pro"},{"@type":"BreadcrumbList","@id":"https:\/\/www.inglet.com\/ca\/producto\/talladora-vertical-inblade-pro\/#breadcrumb","itemListElement":[{"@type":"ListItem","position":1,"name":"Portada","item":"https:\/\/www.inglet.com\/ca\/"},{"@type":"ListItem","position":2,"name":"Tienda","item":"https:\/\/www.inglet.com\/tienda\/"},{"@type":"ListItem","position":3,"name":"TALLADORA VERTICAL INBLADE PRO"}]},{"@type":"WebSite","@id":"https:\/\/www.inglet.com\/ca\/#website","url":"https:\/\/www.inglet.com\/ca\/","name":"INGLET","description":"Suministros para la enmarcaci\u00f3n y la  impresi\u00f3n digital","publisher":{"@id":"https:\/\/www.inglet.com\/ca\/#organization"},"potentialAction":[{"@type":"SearchAction","target":{"@type":"EntryPoint","urlTemplate":"https:\/\/www.inglet.com\/ca\/?s={search_term_string}"},"query-input":{"@type":"PropertyValueSpecification","valueRequired":true,"valueName":"search_term_string"}}],"inLanguage":"ca"},{"@type":"Organization","@id":"https:\/\/www.inglet.com\/ca\/#organization","name":"INGLET, SLU","url":"https:\/\/www.inglet.com\/ca\/","logo":{"@type":"ImageObject","inLanguage":"ca","@id":"https:\/\/www.inglet.com\/ca\/#\/schema\/logo\/image\/","url":"https:\/\/www.inglet.com\/wp-content\/uploads\/2019\/08\/Inglet-Logo.jpg","contentUrl":"https:\/\/www.inglet.com\/wp-content\/uploads\/2019\/08\/Inglet-Logo.jpg","width":264,"height":342,"caption":"INGLET, SLU"},"image":{"@id":"https:\/\/www.inglet.com\/ca\/#\/schema\/logo\/image\/"}}]}},"_links":{"self":[{"href":"https:\/\/www.inglet.com\/ca\/wp-json\/wp\/v2\/product\/60860","targetHints":{"allow":["GET"]}}],"collection":[{"href":"https:\/\/www.inglet.com\/ca\/wp-json\/wp\/v2\/product"}],"about":[{"href":"https:\/\/www.inglet.com\/ca\/wp-json\/wp\/v2\/types\/product"}],"wp:featuredmedia":[{"embeddable":true,"href":"https:\/\/www.inglet.com\/ca\/wp-json\/wp\/v2\/media\/50691"}],"wp:attachment":[{"href":"https:\/\/www.inglet.com\/ca\/wp-json\/wp\/v2\/media?parent=60860"}],"wp:term":[{"taxonomy":"product_brand","embeddable":true,"href":"https:\/\/www.inglet.com\/ca\/wp-json\/wp\/v2\/product_brand?post=60860"},{"taxonomy":"product_cat","embeddable":true,"href":"https:\/\/www.inglet.com\/ca\/wp-json\/wp\/v2\/product_cat?post=60860"},{"taxonomy":"product_tag","embeddable":true,"href":"https:\/\/www.inglet.com\/ca\/wp-json\/wp\/v2\/product_tag?post=60860"}],"curies":[{"name":"wp","href":"https:\/\/api.w.org\/{rel}","templated":true}]}}