{"id":60878,"date":"2020-01-22T19:42:58","date_gmt":"2020-01-22T18:42:58","guid":{"rendered":"https:\/\/www.inglet.com\/producto\/cortadora-vertical-verdi-basic\/"},"modified":"2025-07-24T13:31:43","modified_gmt":"2025-07-24T11:31:43","slug":"talladora-vertical-verdi-basic","status":"publish","type":"product","link":"https:\/\/www.inglet.com\/ca\/producto\/talladora-vertical-verdi-basic\/","title":{"rendered":"TALLADORA VERTICAL VERDI BASIC"},"content":{"rendered":"<p><strong>La talladora vertical de disc Verdi Basic est\u00e0 dissenyada per a tallar qualsevol tipus de material r\u00edgid fins a una altura de 305 cm i un gruix m\u00e0xim de 20 mm.<\/strong> El mecanisme f\u00e0cil d&#8217;usar, combinat amb el seu potent motor, la converteixen en una serra essencial en qualsevol taller.<\/p>\n<p><strong>Ve equipada amb un disc universal.<\/strong> Aquest \u00e9s guiat per un robust i fiable sistema de guia lineal de rodaments que elimina qualsevol vibraci\u00f3 i garanteix un tall recte i perfecte en tot el cam\u00ed.<\/p>\n<p><strong>Es fabrica en 5 grand\u00e0ries diferents:<\/strong> en els models 122 cm (48\u201d) i 157 cm (61.8\u201d) el disc s&#8217;acciona manualment. En els models 210 cm (82.7\u201d), 244 cm (96.1\u201d) i 305 cm (120.1\u201d) el moviment \u00e9s autom\u00e0tic a trav\u00e9s d&#8217;un mecanisme accionat per corretja.<\/p>\n<p><strong>Materials que talla la talladora vertical de disc Verdi Basic:\u00a0<\/strong>PVC escumejat, Composts d&#8217;alumini \/ Dibond\u00ae, L\u00e0mines d&#8217;alumini \/ ChromaLuxe\u00ae, Acr\u00edlics \/ Plexiglas\u00ae, Taulers DM \/ fusta o Pl\u00e0stic corrugat.<\/p>\n<p><strong><span style=\"color: #a21c84;\"><a href=\"https:\/\/www.inglet.com\/ca\/producto\/aspirador-intec-2-hp\/\" target=\"_blank\" rel=\"noopener\">Aspirador<\/a><\/span> disponible com a accessori<\/strong> per a un \u00fas sense pols de la m\u00e0quina.<\/p>\n<p><strong>Descobreix tamb\u00e9 la talladora vertical <a title=\"Talladora vertical Verdi Twin\" href=\"https:\/\/www.inglet.com\/ca\/producto\/talladora-vertical-verdi-twin\/\" target=\"_blank\" rel=\"noopener\"><span style=\"color: #a21c84;\">Verdi Twin<\/span><\/a><\/strong>, amb doble cap\u00e7al de tall.<\/p>\n<p><strong>Coneixes la nostra <span style=\"color: #a21c84;\"><a href=\"https:\/\/www.ingletmachinery.com\/es\" target=\"_blank\" rel=\"noopener\">web de maquin\u00e0ria<\/a><\/span>?<\/strong><\/p>\n<p><strong><a href=\"https:\/\/www.inglet.com\/wp-content\/uploads\/2020\/01\/FAQ_Verdi_CAT.pdf\" target=\"_blank\" rel=\"noopener\">FAQ Verdi<\/a><\/strong><\/p>\n","protected":false},"excerpt":{"rendered":"<p>La talladora vertical de disc Verdi Basic est\u00e0 dissenyada per a tallar qualsevol tipus de material r\u00edgid fins a una [&hellip;]<\/p>\n","protected":false},"featured_media":71956,"template":"","meta":{"_sitemap_exclude":false,"_sitemap_priority":"","_sitemap_frequency":"","_monsterinsights_skip_tracking":false,"_monsterinsights_sitenote_active":false,"_monsterinsights_sitenote_note":"","_monsterinsights_sitenote_category":0},"product_brand":[],"product_cat":[1257],"product_tag":[],"class_list":{"0":"post-60878","1":"product","2":"type-product","3":"status-publish","4":"has-post-thumbnail","6":"product_cat-talladores-verticals-i-talladores-de-taula","8":"first","9":"outofstock","10":"taxable","11":"shipping-taxable","12":"product-type-grouped"},"yoast_head":"<!-- This site is optimized with the Yoast SEO plugin v24.7 - https:\/\/yoast.com\/wordpress\/plugins\/seo\/ -->\n<title>TALLADORA VERTICAL VERDI BASIC - INGLET<\/title>\n<meta name=\"description\" content=\"Verdi Basic per a tallar qualsevol tipus de material r\u00edgid fins a una altura de tall de 305 cm i un gruix m\u00e0xim de 22 mm.\" \/>\n<meta name=\"robots\" content=\"index, follow, max-snippet:-1, max-image-preview:large, max-video-preview:-1\" \/>\n<link rel=\"canonical\" href=\"https:\/\/www.inglet.com\/ca\/producto\/talladora-vertical-verdi-basic\/\" \/>\n<meta property=\"og:locale\" content=\"ca_ES\" \/>\n<meta property=\"og:type\" content=\"article\" \/>\n<meta property=\"og:title\" content=\"TALLADORA VERTICAL VERDI BASIC - INGLET\" \/>\n<meta property=\"og:description\" content=\"Verdi Basic per a tallar qualsevol tipus de material r\u00edgid fins a una altura de tall de 305 cm i un gruix m\u00e0xim de 22 mm.\" \/>\n<meta property=\"og:url\" content=\"https:\/\/www.inglet.com\/ca\/producto\/talladora-vertical-verdi-basic\/\" \/>\n<meta property=\"og:site_name\" content=\"INGLET\" \/>\n<meta property=\"article:modified_time\" content=\"2025-07-24T11:31:43+00:00\" \/>\n<meta property=\"og:image\" content=\"https:\/\/www.inglet.com\/wp-content\/uploads\/2020\/01\/Nova_Verdi_Basic_210cm_Web.jpg\" \/>\n\t<meta property=\"og:image:width\" content=\"800\" \/>\n\t<meta property=\"og:image:height\" content=\"800\" \/>\n\t<meta property=\"og:image:type\" content=\"image\/jpeg\" \/>\n<meta name=\"twitter:card\" content=\"summary_large_image\" \/>\n<meta name=\"twitter:label1\" content=\"Temps estimat de lectura\" \/>\n\t<meta name=\"twitter:data1\" content=\"2 minuts\" \/>\n<script type=\"application\/ld+json\" class=\"yoast-schema-graph\">{\"@context\":\"https:\/\/schema.org\",\"@graph\":[{\"@type\":\"WebPage\",\"@id\":\"https:\/\/www.inglet.com\/ca\/producto\/talladora-vertical-verdi-basic\/\",\"url\":\"https:\/\/www.inglet.com\/ca\/producto\/talladora-vertical-verdi-basic\/\",\"name\":\"TALLADORA VERTICAL VERDI BASIC - INGLET\",\"isPartOf\":{\"@id\":\"https:\/\/www.inglet.com\/ca\/#website\"},\"primaryImageOfPage\":{\"@id\":\"https:\/\/www.inglet.com\/ca\/producto\/talladora-vertical-verdi-basic\/#primaryimage\"},\"image\":{\"@id\":\"https:\/\/www.inglet.com\/ca\/producto\/talladora-vertical-verdi-basic\/#primaryimage\"},\"thumbnailUrl\":\"https:\/\/www.inglet.com\/wp-content\/uploads\/2020\/01\/Nova_Verdi_Basic_210cm_Web.jpg\",\"datePublished\":\"2020-01-22T18:42:58+00:00\",\"dateModified\":\"2025-07-24T11:31:43+00:00\",\"description\":\"Verdi Basic per a tallar qualsevol tipus de material r\u00edgid fins a una altura de tall de 305 cm i un gruix m\u00e0xim de 22 mm.\",\"breadcrumb\":{\"@id\":\"https:\/\/www.inglet.com\/ca\/producto\/talladora-vertical-verdi-basic\/#breadcrumb\"},\"inLanguage\":\"ca\",\"potentialAction\":[{\"@type\":\"ReadAction\",\"target\":[\"https:\/\/www.inglet.com\/ca\/producto\/talladora-vertical-verdi-basic\/\"]}]},{\"@type\":\"ImageObject\",\"inLanguage\":\"ca\",\"@id\":\"https:\/\/www.inglet.com\/ca\/producto\/talladora-vertical-verdi-basic\/#primaryimage\",\"url\":\"https:\/\/www.inglet.com\/wp-content\/uploads\/2020\/01\/Nova_Verdi_Basic_210cm_Web.jpg\",\"contentUrl\":\"https:\/\/www.inglet.com\/wp-content\/uploads\/2020\/01\/Nova_Verdi_Basic_210cm_Web.jpg\",\"width\":800,\"height\":800},{\"@type\":\"BreadcrumbList\",\"@id\":\"https:\/\/www.inglet.com\/ca\/producto\/talladora-vertical-verdi-basic\/#breadcrumb\",\"itemListElement\":[{\"@type\":\"ListItem\",\"position\":1,\"name\":\"Portada\",\"item\":\"https:\/\/www.inglet.com\/ca\/\"},{\"@type\":\"ListItem\",\"position\":2,\"name\":\"Tienda\",\"item\":\"https:\/\/www.inglet.com\/tienda\/\"},{\"@type\":\"ListItem\",\"position\":3,\"name\":\"TALLADORA VERTICAL VERDI BASIC\"}]},{\"@type\":\"WebSite\",\"@id\":\"https:\/\/www.inglet.com\/ca\/#website\",\"url\":\"https:\/\/www.inglet.com\/ca\/\",\"name\":\"INGLET\",\"description\":\"Suministros para la enmarcaci\u00f3n y la  impresi\u00f3n digital\",\"publisher\":{\"@id\":\"https:\/\/www.inglet.com\/ca\/#organization\"},\"potentialAction\":[{\"@type\":\"SearchAction\",\"target\":{\"@type\":\"EntryPoint\",\"urlTemplate\":\"https:\/\/www.inglet.com\/ca\/?s={search_term_string}\"},\"query-input\":{\"@type\":\"PropertyValueSpecification\",\"valueRequired\":true,\"valueName\":\"search_term_string\"}}],\"inLanguage\":\"ca\"},{\"@type\":\"Organization\",\"@id\":\"https:\/\/www.inglet.com\/ca\/#organization\",\"name\":\"INGLET, SLU\",\"url\":\"https:\/\/www.inglet.com\/ca\/\",\"logo\":{\"@type\":\"ImageObject\",\"inLanguage\":\"ca\",\"@id\":\"https:\/\/www.inglet.com\/ca\/#\/schema\/logo\/image\/\",\"url\":\"https:\/\/www.inglet.com\/wp-content\/uploads\/2019\/08\/Inglet-Logo.jpg\",\"contentUrl\":\"https:\/\/www.inglet.com\/wp-content\/uploads\/2019\/08\/Inglet-Logo.jpg\",\"width\":264,\"height\":342,\"caption\":\"INGLET, SLU\"},\"image\":{\"@id\":\"https:\/\/www.inglet.com\/ca\/#\/schema\/logo\/image\/\"}}]}<\/script>\n<!-- \/ Yoast SEO plugin. -->","yoast_head_json":{"title":"TALLADORA VERTICAL VERDI BASIC - INGLET","description":"Verdi Basic per a tallar qualsevol tipus de material r\u00edgid fins a una altura de tall de 305 cm i un gruix m\u00e0xim de 22 mm.","robots":{"index":"index","follow":"follow","max-snippet":"max-snippet:-1","max-image-preview":"max-image-preview:large","max-video-preview":"max-video-preview:-1"},"canonical":"https:\/\/www.inglet.com\/ca\/producto\/talladora-vertical-verdi-basic\/","og_locale":"ca_ES","og_type":"article","og_title":"TALLADORA VERTICAL VERDI BASIC - INGLET","og_description":"Verdi Basic per a tallar qualsevol tipus de material r\u00edgid fins a una altura de tall de 305 cm i un gruix m\u00e0xim de 22 mm.","og_url":"https:\/\/www.inglet.com\/ca\/producto\/talladora-vertical-verdi-basic\/","og_site_name":"INGLET","article_modified_time":"2025-07-24T11:31:43+00:00","og_image":[{"width":800,"height":800,"url":"https:\/\/www.inglet.com\/wp-content\/uploads\/2020\/01\/Nova_Verdi_Basic_210cm_Web.jpg","type":"image\/jpeg"}],"twitter_card":"summary_large_image","twitter_misc":{"Temps estimat de lectura":"2 minuts"},"schema":{"@context":"https:\/\/schema.org","@graph":[{"@type":"WebPage","@id":"https:\/\/www.inglet.com\/ca\/producto\/talladora-vertical-verdi-basic\/","url":"https:\/\/www.inglet.com\/ca\/producto\/talladora-vertical-verdi-basic\/","name":"TALLADORA VERTICAL VERDI BASIC - INGLET","isPartOf":{"@id":"https:\/\/www.inglet.com\/ca\/#website"},"primaryImageOfPage":{"@id":"https:\/\/www.inglet.com\/ca\/producto\/talladora-vertical-verdi-basic\/#primaryimage"},"image":{"@id":"https:\/\/www.inglet.com\/ca\/producto\/talladora-vertical-verdi-basic\/#primaryimage"},"thumbnailUrl":"https:\/\/www.inglet.com\/wp-content\/uploads\/2020\/01\/Nova_Verdi_Basic_210cm_Web.jpg","datePublished":"2020-01-22T18:42:58+00:00","dateModified":"2025-07-24T11:31:43+00:00","description":"Verdi Basic per a tallar qualsevol tipus de material r\u00edgid fins a una altura de tall de 305 cm i un gruix m\u00e0xim de 22 mm.","breadcrumb":{"@id":"https:\/\/www.inglet.com\/ca\/producto\/talladora-vertical-verdi-basic\/#breadcrumb"},"inLanguage":"ca","potentialAction":[{"@type":"ReadAction","target":["https:\/\/www.inglet.com\/ca\/producto\/talladora-vertical-verdi-basic\/"]}]},{"@type":"ImageObject","inLanguage":"ca","@id":"https:\/\/www.inglet.com\/ca\/producto\/talladora-vertical-verdi-basic\/#primaryimage","url":"https:\/\/www.inglet.com\/wp-content\/uploads\/2020\/01\/Nova_Verdi_Basic_210cm_Web.jpg","contentUrl":"https:\/\/www.inglet.com\/wp-content\/uploads\/2020\/01\/Nova_Verdi_Basic_210cm_Web.jpg","width":800,"height":800},{"@type":"BreadcrumbList","@id":"https:\/\/www.inglet.com\/ca\/producto\/talladora-vertical-verdi-basic\/#breadcrumb","itemListElement":[{"@type":"ListItem","position":1,"name":"Portada","item":"https:\/\/www.inglet.com\/ca\/"},{"@type":"ListItem","position":2,"name":"Tienda","item":"https:\/\/www.inglet.com\/tienda\/"},{"@type":"ListItem","position":3,"name":"TALLADORA VERTICAL VERDI BASIC"}]},{"@type":"WebSite","@id":"https:\/\/www.inglet.com\/ca\/#website","url":"https:\/\/www.inglet.com\/ca\/","name":"INGLET","description":"Suministros para la enmarcaci\u00f3n y la  impresi\u00f3n digital","publisher":{"@id":"https:\/\/www.inglet.com\/ca\/#organization"},"potentialAction":[{"@type":"SearchAction","target":{"@type":"EntryPoint","urlTemplate":"https:\/\/www.inglet.com\/ca\/?s={search_term_string}"},"query-input":{"@type":"PropertyValueSpecification","valueRequired":true,"valueName":"search_term_string"}}],"inLanguage":"ca"},{"@type":"Organization","@id":"https:\/\/www.inglet.com\/ca\/#organization","name":"INGLET, SLU","url":"https:\/\/www.inglet.com\/ca\/","logo":{"@type":"ImageObject","inLanguage":"ca","@id":"https:\/\/www.inglet.com\/ca\/#\/schema\/logo\/image\/","url":"https:\/\/www.inglet.com\/wp-content\/uploads\/2019\/08\/Inglet-Logo.jpg","contentUrl":"https:\/\/www.inglet.com\/wp-content\/uploads\/2019\/08\/Inglet-Logo.jpg","width":264,"height":342,"caption":"INGLET, SLU"},"image":{"@id":"https:\/\/www.inglet.com\/ca\/#\/schema\/logo\/image\/"}}]}},"_links":{"self":[{"href":"https:\/\/www.inglet.com\/ca\/wp-json\/wp\/v2\/product\/60878","targetHints":{"allow":["GET"]}}],"collection":[{"href":"https:\/\/www.inglet.com\/ca\/wp-json\/wp\/v2\/product"}],"about":[{"href":"https:\/\/www.inglet.com\/ca\/wp-json\/wp\/v2\/types\/product"}],"wp:featuredmedia":[{"embeddable":true,"href":"https:\/\/www.inglet.com\/ca\/wp-json\/wp\/v2\/media\/71956"}],"wp:attachment":[{"href":"https:\/\/www.inglet.com\/ca\/wp-json\/wp\/v2\/media?parent=60878"}],"wp:term":[{"taxonomy":"product_brand","embeddable":true,"href":"https:\/\/www.inglet.com\/ca\/wp-json\/wp\/v2\/product_brand?post=60878"},{"taxonomy":"product_cat","embeddable":true,"href":"https:\/\/www.inglet.com\/ca\/wp-json\/wp\/v2\/product_cat?post=60878"},{"taxonomy":"product_tag","embeddable":true,"href":"https:\/\/www.inglet.com\/ca\/wp-json\/wp\/v2\/product_tag?post=60878"}],"curies":[{"name":"wp","href":"https:\/\/api.w.org\/{rel}","templated":true}]}}