{"id":60907,"date":"2020-01-22T19:42:43","date_gmt":"2020-01-22T18:42:43","guid":{"rendered":"https:\/\/www.inglet.com\/producto\/cortadora-sobremesa-inbest-basic\/"},"modified":"2023-11-23T11:09:32","modified_gmt":"2023-11-23T10:09:32","slug":"talladora-de-taula-inbest-basic","status":"publish","type":"product","link":"https:\/\/www.inglet.com\/ca\/producto\/talladora-de-taula-inbest-basic\/","title":{"rendered":"TALLADORA DE TAULA INBEST BASIC"},"content":{"rendered":"<p><strong>El nou rang de talladores de taula InBest<\/strong> ha estat desenvolupat i constru\u00eft per a satisfer totes les necessitats de tall en una gran varietat de materials gr\u00e0fics; des del material flexible m\u00e9s delicat fins a qualsevol material semir\u00edgid.<\/p>\n<p><strong>La talladora de sobretaula InBest Basic est\u00e0 equipada amb un pr\u00e0ctic i c\u00f2mode porta-cap\u00e7al<\/strong> en el qual es pot acoblar un \u00fanic cap\u00e7al de tall. El tall requereix una suau pressi\u00f3 cap avall amb la m\u00e0. El seu exclusiu sistema lineal de rodaments per a guiar el cap\u00e7al de tall garanteix un excel\u00b7lent rendiment i una precisi\u00f3 extrema, incomparable amb qualsevol altra talladora.<\/p>\n<p><strong>Inclou:<\/strong><br \/>\nCap\u00e7al de tall per a materials semir\u00edgids (Fins a 13 mm). <strong>Ref. 45 22 95.<\/strong><br \/>\nFulla circular per a materials flexibles (Fins a 4 mm). <strong>Ref. 45 22 96.<\/strong><\/p>\n<p><img decoding=\"async\" class=\"alignnone size-full wp-image-67380\" src=\"https:\/\/www.inglet.com\/wp-content\/uploads\/2020\/01\/452295_Web.jpg\" alt=\"\" width=\"150\" height=\"133\" srcset=\"https:\/\/www.inglet.com\/wp-content\/uploads\/2020\/01\/452295_Web.jpg 150w, https:\/\/www.inglet.com\/wp-content\/uploads\/2020\/01\/452295_Web-91x81.jpg 91w\" sizes=\"(max-width: 150px) 100vw, 150px\" \/>\u00a0 \u00a0 \u00a0 \u00a0\u00a0<img decoding=\"async\" class=\"alignnone wp-image-67385\" src=\"https:\/\/www.inglet.com\/wp-content\/uploads\/2020\/01\/452296_Web.jpg\" alt=\"\" width=\"131\" height=\"137\" srcset=\"https:\/\/www.inglet.com\/wp-content\/uploads\/2020\/01\/452296_Web.jpg 150w, https:\/\/www.inglet.com\/wp-content\/uploads\/2020\/01\/452296_Web-91x95.jpg 91w\" sizes=\"(max-width: 131px) 100vw, 131px\" \/><\/p>\n<p><strong>Tots els models InBest estan disponibles en cinc mides diferents:<\/strong><br \/>\n110 cm (44&#8243;), 160 cm (63&#8243;), 210 cm (82&#8243;), 260 cm (102&#8243;) i 320 cm (126&#8243;).<br \/>\n<strong><br \/>\nPer qu\u00e8 \u00e9s diferent?<\/strong><\/p>\n<p><strong>Sistema de rodaments lineal:<\/strong><br \/>\nLa combinaci\u00f3 d&#8217;un robust bloc de rodament amb el carril lineal d&#8217;acer, com\u00fa a totes les talladores InBest, garanteix un moviment prec\u00eds i suau del cap\u00e7al de tall.<\/p>\n<p><strong>Cap\u00e7als de tall intercanviables:<\/strong><br \/>\nF\u00e0cil sistema per a intercanviar r\u00e0pidament el cap\u00e7al de tall a utilitzar, mentre el m\u00e0nec assegura una major comoditat.<br \/>\n<strong><br \/>\nElevador per a muntatge de taula:<\/strong><br \/>\nDisponible per a la InBest Basic i la InBest Twin, ofereix un funcionament senzill elevant la talladora per sobre del material per a posicionar la l\u00ednia de tall.<\/p>\n<p><strong>Altres Caracter\u00edstiques:<\/strong><br \/>\n\u2022 Senzilla d&#8217;instal\u00b7lar i f\u00e0cil d&#8217;usar.<br \/>\n\u2022 Tira de pl\u00e0stic per a visualitzar la l\u00ednia de tall.<br \/>\n\u2022 Gruix de tall fins a 20 mm per a materials semir\u00edgids.<br \/>\n\u2022 No genera pols per a treballar amb seguretat prop de les impressores.<\/p>\n<p><strong><a href=\"https:\/\/www.inglet.com\/wp-content\/uploads\/2023\/11\/FAQ_Inbest_CAT-1.pdf\" target=\"_blank\" rel=\"noopener\">FAQ InBest<\/a><\/strong><\/p>\n","protected":false},"excerpt":{"rendered":"<p>El nou rang de talladores de taula InBest ha estat desenvolupat i constru\u00eft per a satisfer totes les necessitats de [&hellip;]<\/p>\n","protected":false},"featured_media":50662,"template":"","meta":{"_sitemap_exclude":false,"_sitemap_priority":"","_sitemap_frequency":"","_monsterinsights_skip_tracking":false,"_monsterinsights_sitenote_active":false,"_monsterinsights_sitenote_note":"","_monsterinsights_sitenote_category":0},"product_brand":[],"product_cat":[1257],"product_tag":[],"class_list":{"0":"post-60907","1":"product","2":"type-product","3":"status-publish","4":"has-post-thumbnail","6":"product_cat-talladores-verticals-i-talladores-de-taula","8":"first","9":"outofstock","10":"taxable","11":"shipping-taxable","12":"product-type-grouped"},"yoast_head":"<!-- This site is optimized with the Yoast SEO plugin v24.7 - https:\/\/yoast.com\/wordpress\/plugins\/seo\/ -->\n<title>TALLADORA DE TAULA INBEST BASIC - INGLET<\/title>\n<meta name=\"robots\" content=\"index, follow, max-snippet:-1, max-image-preview:large, max-video-preview:-1\" \/>\n<link rel=\"canonical\" href=\"https:\/\/www.inglet.com\/ca\/producto\/talladora-de-taula-inbest-basic\/\" \/>\n<meta property=\"og:locale\" content=\"ca_ES\" \/>\n<meta property=\"og:type\" content=\"article\" \/>\n<meta property=\"og:title\" content=\"TALLADORA DE TAULA INBEST BASIC - INGLET\" \/>\n<meta property=\"og:description\" content=\"El nou rang de talladores de taula InBest ha estat desenvolupat i constru\u00eft per a satisfer totes les necessitats de [&hellip;]\" \/>\n<meta property=\"og:url\" content=\"https:\/\/www.inglet.com\/ca\/producto\/talladora-de-taula-inbest-basic\/\" \/>\n<meta property=\"og:site_name\" content=\"INGLET\" \/>\n<meta property=\"article:modified_time\" content=\"2023-11-23T10:09:32+00:00\" \/>\n<meta property=\"og:image\" content=\"https:\/\/www.inglet.com\/wp-content\/uploads\/2020\/01\/Inbest_Basic_Web.jpg\" \/>\n\t<meta property=\"og:image:width\" content=\"800\" \/>\n\t<meta property=\"og:image:height\" content=\"800\" \/>\n\t<meta property=\"og:image:type\" content=\"image\/jpeg\" \/>\n<meta name=\"twitter:card\" content=\"summary_large_image\" \/>\n<meta name=\"twitter:label1\" content=\"Temps estimat de lectura\" \/>\n\t<meta name=\"twitter:data1\" content=\"2 minuts\" \/>\n<script type=\"application\/ld+json\" class=\"yoast-schema-graph\">{\"@context\":\"https:\/\/schema.org\",\"@graph\":[{\"@type\":\"WebPage\",\"@id\":\"https:\/\/www.inglet.com\/ca\/producto\/talladora-de-taula-inbest-basic\/\",\"url\":\"https:\/\/www.inglet.com\/ca\/producto\/talladora-de-taula-inbest-basic\/\",\"name\":\"TALLADORA DE TAULA INBEST BASIC - INGLET\",\"isPartOf\":{\"@id\":\"https:\/\/www.inglet.com\/ca\/#website\"},\"primaryImageOfPage\":{\"@id\":\"https:\/\/www.inglet.com\/ca\/producto\/talladora-de-taula-inbest-basic\/#primaryimage\"},\"image\":{\"@id\":\"https:\/\/www.inglet.com\/ca\/producto\/talladora-de-taula-inbest-basic\/#primaryimage\"},\"thumbnailUrl\":\"https:\/\/www.inglet.com\/wp-content\/uploads\/2020\/01\/Inbest_Basic_Web.jpg\",\"datePublished\":\"2020-01-22T18:42:43+00:00\",\"dateModified\":\"2023-11-23T10:09:32+00:00\",\"breadcrumb\":{\"@id\":\"https:\/\/www.inglet.com\/ca\/producto\/talladora-de-taula-inbest-basic\/#breadcrumb\"},\"inLanguage\":\"ca\",\"potentialAction\":[{\"@type\":\"ReadAction\",\"target\":[\"https:\/\/www.inglet.com\/ca\/producto\/talladora-de-taula-inbest-basic\/\"]}]},{\"@type\":\"ImageObject\",\"inLanguage\":\"ca\",\"@id\":\"https:\/\/www.inglet.com\/ca\/producto\/talladora-de-taula-inbest-basic\/#primaryimage\",\"url\":\"https:\/\/www.inglet.com\/wp-content\/uploads\/2020\/01\/Inbest_Basic_Web.jpg\",\"contentUrl\":\"https:\/\/www.inglet.com\/wp-content\/uploads\/2020\/01\/Inbest_Basic_Web.jpg\",\"width\":800,\"height\":800,\"caption\":\"cortadora de sobremesa InBest Basic\"},{\"@type\":\"BreadcrumbList\",\"@id\":\"https:\/\/www.inglet.com\/ca\/producto\/talladora-de-taula-inbest-basic\/#breadcrumb\",\"itemListElement\":[{\"@type\":\"ListItem\",\"position\":1,\"name\":\"Portada\",\"item\":\"https:\/\/www.inglet.com\/ca\/\"},{\"@type\":\"ListItem\",\"position\":2,\"name\":\"Tienda\",\"item\":\"https:\/\/www.inglet.com\/tienda\/\"},{\"@type\":\"ListItem\",\"position\":3,\"name\":\"TALLADORA DE TAULA INBEST BASIC\"}]},{\"@type\":\"WebSite\",\"@id\":\"https:\/\/www.inglet.com\/ca\/#website\",\"url\":\"https:\/\/www.inglet.com\/ca\/\",\"name\":\"INGLET\",\"description\":\"Suministros para la enmarcaci\u00f3n y la  impresi\u00f3n digital\",\"publisher\":{\"@id\":\"https:\/\/www.inglet.com\/ca\/#organization\"},\"potentialAction\":[{\"@type\":\"SearchAction\",\"target\":{\"@type\":\"EntryPoint\",\"urlTemplate\":\"https:\/\/www.inglet.com\/ca\/?s={search_term_string}\"},\"query-input\":{\"@type\":\"PropertyValueSpecification\",\"valueRequired\":true,\"valueName\":\"search_term_string\"}}],\"inLanguage\":\"ca\"},{\"@type\":\"Organization\",\"@id\":\"https:\/\/www.inglet.com\/ca\/#organization\",\"name\":\"INGLET, SLU\",\"url\":\"https:\/\/www.inglet.com\/ca\/\",\"logo\":{\"@type\":\"ImageObject\",\"inLanguage\":\"ca\",\"@id\":\"https:\/\/www.inglet.com\/ca\/#\/schema\/logo\/image\/\",\"url\":\"https:\/\/www.inglet.com\/wp-content\/uploads\/2019\/08\/Inglet-Logo.jpg\",\"contentUrl\":\"https:\/\/www.inglet.com\/wp-content\/uploads\/2019\/08\/Inglet-Logo.jpg\",\"width\":264,\"height\":342,\"caption\":\"INGLET, SLU\"},\"image\":{\"@id\":\"https:\/\/www.inglet.com\/ca\/#\/schema\/logo\/image\/\"}}]}<\/script>\n<!-- \/ Yoast SEO plugin. -->","yoast_head_json":{"title":"TALLADORA DE TAULA INBEST BASIC - INGLET","robots":{"index":"index","follow":"follow","max-snippet":"max-snippet:-1","max-image-preview":"max-image-preview:large","max-video-preview":"max-video-preview:-1"},"canonical":"https:\/\/www.inglet.com\/ca\/producto\/talladora-de-taula-inbest-basic\/","og_locale":"ca_ES","og_type":"article","og_title":"TALLADORA DE TAULA INBEST BASIC - INGLET","og_description":"El nou rang de talladores de taula InBest ha estat desenvolupat i constru\u00eft per a satisfer totes les necessitats de [&hellip;]","og_url":"https:\/\/www.inglet.com\/ca\/producto\/talladora-de-taula-inbest-basic\/","og_site_name":"INGLET","article_modified_time":"2023-11-23T10:09:32+00:00","og_image":[{"width":800,"height":800,"url":"https:\/\/www.inglet.com\/wp-content\/uploads\/2020\/01\/Inbest_Basic_Web.jpg","type":"image\/jpeg"}],"twitter_card":"summary_large_image","twitter_misc":{"Temps estimat de lectura":"2 minuts"},"schema":{"@context":"https:\/\/schema.org","@graph":[{"@type":"WebPage","@id":"https:\/\/www.inglet.com\/ca\/producto\/talladora-de-taula-inbest-basic\/","url":"https:\/\/www.inglet.com\/ca\/producto\/talladora-de-taula-inbest-basic\/","name":"TALLADORA DE TAULA INBEST BASIC - INGLET","isPartOf":{"@id":"https:\/\/www.inglet.com\/ca\/#website"},"primaryImageOfPage":{"@id":"https:\/\/www.inglet.com\/ca\/producto\/talladora-de-taula-inbest-basic\/#primaryimage"},"image":{"@id":"https:\/\/www.inglet.com\/ca\/producto\/talladora-de-taula-inbest-basic\/#primaryimage"},"thumbnailUrl":"https:\/\/www.inglet.com\/wp-content\/uploads\/2020\/01\/Inbest_Basic_Web.jpg","datePublished":"2020-01-22T18:42:43+00:00","dateModified":"2023-11-23T10:09:32+00:00","breadcrumb":{"@id":"https:\/\/www.inglet.com\/ca\/producto\/talladora-de-taula-inbest-basic\/#breadcrumb"},"inLanguage":"ca","potentialAction":[{"@type":"ReadAction","target":["https:\/\/www.inglet.com\/ca\/producto\/talladora-de-taula-inbest-basic\/"]}]},{"@type":"ImageObject","inLanguage":"ca","@id":"https:\/\/www.inglet.com\/ca\/producto\/talladora-de-taula-inbest-basic\/#primaryimage","url":"https:\/\/www.inglet.com\/wp-content\/uploads\/2020\/01\/Inbest_Basic_Web.jpg","contentUrl":"https:\/\/www.inglet.com\/wp-content\/uploads\/2020\/01\/Inbest_Basic_Web.jpg","width":800,"height":800,"caption":"cortadora de sobremesa InBest Basic"},{"@type":"BreadcrumbList","@id":"https:\/\/www.inglet.com\/ca\/producto\/talladora-de-taula-inbest-basic\/#breadcrumb","itemListElement":[{"@type":"ListItem","position":1,"name":"Portada","item":"https:\/\/www.inglet.com\/ca\/"},{"@type":"ListItem","position":2,"name":"Tienda","item":"https:\/\/www.inglet.com\/tienda\/"},{"@type":"ListItem","position":3,"name":"TALLADORA DE TAULA INBEST BASIC"}]},{"@type":"WebSite","@id":"https:\/\/www.inglet.com\/ca\/#website","url":"https:\/\/www.inglet.com\/ca\/","name":"INGLET","description":"Suministros para la enmarcaci\u00f3n y la  impresi\u00f3n digital","publisher":{"@id":"https:\/\/www.inglet.com\/ca\/#organization"},"potentialAction":[{"@type":"SearchAction","target":{"@type":"EntryPoint","urlTemplate":"https:\/\/www.inglet.com\/ca\/?s={search_term_string}"},"query-input":{"@type":"PropertyValueSpecification","valueRequired":true,"valueName":"search_term_string"}}],"inLanguage":"ca"},{"@type":"Organization","@id":"https:\/\/www.inglet.com\/ca\/#organization","name":"INGLET, SLU","url":"https:\/\/www.inglet.com\/ca\/","logo":{"@type":"ImageObject","inLanguage":"ca","@id":"https:\/\/www.inglet.com\/ca\/#\/schema\/logo\/image\/","url":"https:\/\/www.inglet.com\/wp-content\/uploads\/2019\/08\/Inglet-Logo.jpg","contentUrl":"https:\/\/www.inglet.com\/wp-content\/uploads\/2019\/08\/Inglet-Logo.jpg","width":264,"height":342,"caption":"INGLET, SLU"},"image":{"@id":"https:\/\/www.inglet.com\/ca\/#\/schema\/logo\/image\/"}}]}},"_links":{"self":[{"href":"https:\/\/www.inglet.com\/ca\/wp-json\/wp\/v2\/product\/60907","targetHints":{"allow":["GET"]}}],"collection":[{"href":"https:\/\/www.inglet.com\/ca\/wp-json\/wp\/v2\/product"}],"about":[{"href":"https:\/\/www.inglet.com\/ca\/wp-json\/wp\/v2\/types\/product"}],"wp:featuredmedia":[{"embeddable":true,"href":"https:\/\/www.inglet.com\/ca\/wp-json\/wp\/v2\/media\/50662"}],"wp:attachment":[{"href":"https:\/\/www.inglet.com\/ca\/wp-json\/wp\/v2\/media?parent=60907"}],"wp:term":[{"taxonomy":"product_brand","embeddable":true,"href":"https:\/\/www.inglet.com\/ca\/wp-json\/wp\/v2\/product_brand?post=60907"},{"taxonomy":"product_cat","embeddable":true,"href":"https:\/\/www.inglet.com\/ca\/wp-json\/wp\/v2\/product_cat?post=60907"},{"taxonomy":"product_tag","embeddable":true,"href":"https:\/\/www.inglet.com\/ca\/wp-json\/wp\/v2\/product_tag?post=60907"}],"curies":[{"name":"wp","href":"https:\/\/api.w.org\/{rel}","templated":true}]}}