{"id":65692,"date":"2021-09-28T16:21:58","date_gmt":"2021-09-28T14:21:58","guid":{"rendered":"https:\/\/www.inglet.com\/producto\/compressor-abac-vento-b15-1-5-hp-6-litros\/"},"modified":"2021-09-28T16:21:58","modified_gmt":"2021-09-28T14:21:58","slug":"compressor-abac-vento-b15-1-5-hp-6-litros","status":"publish","type":"product","link":"https:\/\/www.inglet.com\/ca\/producto\/compressor-abac-vento-b15-1-5-hp-6-litros\/","title":{"rendered":"COMPRESSOR ABAC VENTO B15, 1.5 Hp -6 litros-"},"content":{"rendered":"<p><strong>Compressor per a bricolatge petit, compacte, lleuger i f\u00e0cil de transportar<\/strong>, la qual cosa facilita la satisfacci\u00f3 de les teves necessitats m\u00e9s exigents. El manteniment resulta redu\u00eft, ja que no \u00e9s necessari algun control o emplenat d&#8217;oli lubrificant. Disposa d&#8217;ansa superior per a un transport m\u00e9s c\u00f2mode. A m\u00e9s transportar aquest compressor \u00e9s m\u00e9s f\u00e0cil, ja que no hi ha perill de fuita d&#8217;oli, fins i tot en cas que el compressor es posi de costat, per exemple en carregar-lo en el maleter d&#8217;un cotxe. Les parts en moviment (pist\u00f3 i eix) adopten solucions de fabricaci\u00f3 innovadores, amb materials de baix coeficient de fregament i elevada resist\u00e8ncia al desgast. Per tant no necessiten que es lubrifiquin durant l&#8217;\u00fas i aix\u00f2 garanteix elevada fiabilitat i aire comprimit sense cap residu d&#8217;oli.<\/p>\n<p><strong>Aplicacions:<\/strong><br \/>\nInflat de pilotes o rodes.<br \/>\nBufat.<br \/>\nAerografia.<br \/>\nHobby i pintura.<br \/>\nClavat i engrapat.<\/p>\n","protected":false},"excerpt":{"rendered":"<p>Compressor per a bricolatge petit, compacte, lleuger i f\u00e0cil de transportar, la qual cosa facilita la satisfacci\u00f3 de les teves [&hellip;]<\/p>\n","protected":false},"featured_media":65680,"template":"","meta":{"_sitemap_exclude":false,"_sitemap_priority":"","_sitemap_frequency":"","_monsterinsights_skip_tracking":false,"_monsterinsights_sitenote_active":false,"_monsterinsights_sitenote_note":"","_monsterinsights_sitenote_category":0},"product_brand":[],"product_cat":[1255],"product_tag":[],"class_list":{"0":"post-65692","1":"product","2":"type-product","3":"status-publish","4":"has-post-thumbnail","6":"product_cat-compressors-ca","8":"first","9":"outofstock","10":"taxable","11":"shipping-taxable","12":"purchasable","13":"product-type-simple"},"yoast_head":"<!-- This site is optimized with the Yoast SEO plugin v24.7 - https:\/\/yoast.com\/wordpress\/plugins\/seo\/ -->\n<title>COMPRESSOR ABAC VENTO B15, 1.5 Hp -6 litros- INGLET<\/title>\n<meta name=\"robots\" content=\"index, follow, max-snippet:-1, max-image-preview:large, max-video-preview:-1\" \/>\n<link rel=\"canonical\" href=\"https:\/\/www.inglet.com\/ca\/producto\/compressor-abac-vento-b15-1-5-hp-6-litros\/\" \/>\n<meta property=\"og:locale\" content=\"ca_ES\" \/>\n<meta property=\"og:type\" content=\"article\" \/>\n<meta property=\"og:title\" content=\"COMPRESSOR ABAC VENTO B15, 1.5 Hp -6 litros- INGLET\" \/>\n<meta property=\"og:description\" content=\"Compressor per a bricolatge petit, compacte, lleuger i f\u00e0cil de transportar, la qual cosa facilita la satisfacci\u00f3 de les teves [&hellip;]\" \/>\n<meta property=\"og:url\" content=\"https:\/\/www.inglet.com\/ca\/producto\/compressor-abac-vento-b15-1-5-hp-6-litros\/\" \/>\n<meta property=\"og:site_name\" content=\"INGLET\" \/>\n<meta property=\"og:image\" content=\"https:\/\/www.inglet.com\/wp-content\/uploads\/2021\/09\/020906_Cara_Web.jpg\" \/>\n\t<meta property=\"og:image:width\" content=\"800\" \/>\n\t<meta property=\"og:image:height\" content=\"800\" \/>\n\t<meta property=\"og:image:type\" content=\"image\/jpeg\" \/>\n<meta name=\"twitter:card\" content=\"summary_large_image\" \/>\n<meta name=\"twitter:label1\" content=\"Temps estimat de lectura\" \/>\n\t<meta name=\"twitter:data1\" content=\"1 minut\" \/>\n<script type=\"application\/ld+json\" class=\"yoast-schema-graph\">{\"@context\":\"https:\/\/schema.org\",\"@graph\":[{\"@type\":\"WebPage\",\"@id\":\"https:\/\/www.inglet.com\/ca\/producto\/compressor-abac-vento-b15-1-5-hp-6-litros\/\",\"url\":\"https:\/\/www.inglet.com\/ca\/producto\/compressor-abac-vento-b15-1-5-hp-6-litros\/\",\"name\":\"COMPRESSOR ABAC VENTO B15, 1.5 Hp -6 litros- INGLET\",\"isPartOf\":{\"@id\":\"https:\/\/www.inglet.com\/ca\/#website\"},\"primaryImageOfPage\":{\"@id\":\"https:\/\/www.inglet.com\/ca\/producto\/compressor-abac-vento-b15-1-5-hp-6-litros\/#primaryimage\"},\"image\":{\"@id\":\"https:\/\/www.inglet.com\/ca\/producto\/compressor-abac-vento-b15-1-5-hp-6-litros\/#primaryimage\"},\"thumbnailUrl\":\"https:\/\/www.inglet.com\/wp-content\/uploads\/2021\/09\/020906_Cara_Web.jpg\",\"datePublished\":\"2021-09-28T14:21:58+00:00\",\"breadcrumb\":{\"@id\":\"https:\/\/www.inglet.com\/ca\/producto\/compressor-abac-vento-b15-1-5-hp-6-litros\/#breadcrumb\"},\"inLanguage\":\"ca\",\"potentialAction\":[{\"@type\":\"ReadAction\",\"target\":[\"https:\/\/www.inglet.com\/ca\/producto\/compressor-abac-vento-b15-1-5-hp-6-litros\/\"]}]},{\"@type\":\"ImageObject\",\"inLanguage\":\"ca\",\"@id\":\"https:\/\/www.inglet.com\/ca\/producto\/compressor-abac-vento-b15-1-5-hp-6-litros\/#primaryimage\",\"url\":\"https:\/\/www.inglet.com\/wp-content\/uploads\/2021\/09\/020906_Cara_Web.jpg\",\"contentUrl\":\"https:\/\/www.inglet.com\/wp-content\/uploads\/2021\/09\/020906_Cara_Web.jpg\",\"width\":800,\"height\":800},{\"@type\":\"BreadcrumbList\",\"@id\":\"https:\/\/www.inglet.com\/ca\/producto\/compressor-abac-vento-b15-1-5-hp-6-litros\/#breadcrumb\",\"itemListElement\":[{\"@type\":\"ListItem\",\"position\":1,\"name\":\"Portada\",\"item\":\"https:\/\/www.inglet.com\/ca\/\"},{\"@type\":\"ListItem\",\"position\":2,\"name\":\"Tienda\",\"item\":\"https:\/\/www.inglet.com\/tienda\/\"},{\"@type\":\"ListItem\",\"position\":3,\"name\":\"COMPRESSOR ABAC VENTO B15, 1.5 Hp -6 litros-\"}]},{\"@type\":\"WebSite\",\"@id\":\"https:\/\/www.inglet.com\/ca\/#website\",\"url\":\"https:\/\/www.inglet.com\/ca\/\",\"name\":\"INGLET\",\"description\":\"Suministros para la enmarcaci\u00f3n y la  impresi\u00f3n digital\",\"publisher\":{\"@id\":\"https:\/\/www.inglet.com\/ca\/#organization\"},\"potentialAction\":[{\"@type\":\"SearchAction\",\"target\":{\"@type\":\"EntryPoint\",\"urlTemplate\":\"https:\/\/www.inglet.com\/ca\/?s={search_term_string}\"},\"query-input\":{\"@type\":\"PropertyValueSpecification\",\"valueRequired\":true,\"valueName\":\"search_term_string\"}}],\"inLanguage\":\"ca\"},{\"@type\":\"Organization\",\"@id\":\"https:\/\/www.inglet.com\/ca\/#organization\",\"name\":\"INGLET, SLU\",\"url\":\"https:\/\/www.inglet.com\/ca\/\",\"logo\":{\"@type\":\"ImageObject\",\"inLanguage\":\"ca\",\"@id\":\"https:\/\/www.inglet.com\/ca\/#\/schema\/logo\/image\/\",\"url\":\"https:\/\/www.inglet.com\/wp-content\/uploads\/2019\/08\/Inglet-Logo.jpg\",\"contentUrl\":\"https:\/\/www.inglet.com\/wp-content\/uploads\/2019\/08\/Inglet-Logo.jpg\",\"width\":264,\"height\":342,\"caption\":\"INGLET, SLU\"},\"image\":{\"@id\":\"https:\/\/www.inglet.com\/ca\/#\/schema\/logo\/image\/\"}}]}<\/script>\n<!-- \/ Yoast SEO plugin. -->","yoast_head_json":{"title":"COMPRESSOR ABAC VENTO B15, 1.5 Hp -6 litros- INGLET","robots":{"index":"index","follow":"follow","max-snippet":"max-snippet:-1","max-image-preview":"max-image-preview:large","max-video-preview":"max-video-preview:-1"},"canonical":"https:\/\/www.inglet.com\/ca\/producto\/compressor-abac-vento-b15-1-5-hp-6-litros\/","og_locale":"ca_ES","og_type":"article","og_title":"COMPRESSOR ABAC VENTO B15, 1.5 Hp -6 litros- INGLET","og_description":"Compressor per a bricolatge petit, compacte, lleuger i f\u00e0cil de transportar, la qual cosa facilita la satisfacci\u00f3 de les teves [&hellip;]","og_url":"https:\/\/www.inglet.com\/ca\/producto\/compressor-abac-vento-b15-1-5-hp-6-litros\/","og_site_name":"INGLET","og_image":[{"width":800,"height":800,"url":"https:\/\/www.inglet.com\/wp-content\/uploads\/2021\/09\/020906_Cara_Web.jpg","type":"image\/jpeg"}],"twitter_card":"summary_large_image","twitter_misc":{"Temps estimat de lectura":"1 minut"},"schema":{"@context":"https:\/\/schema.org","@graph":[{"@type":"WebPage","@id":"https:\/\/www.inglet.com\/ca\/producto\/compressor-abac-vento-b15-1-5-hp-6-litros\/","url":"https:\/\/www.inglet.com\/ca\/producto\/compressor-abac-vento-b15-1-5-hp-6-litros\/","name":"COMPRESSOR ABAC VENTO B15, 1.5 Hp -6 litros- INGLET","isPartOf":{"@id":"https:\/\/www.inglet.com\/ca\/#website"},"primaryImageOfPage":{"@id":"https:\/\/www.inglet.com\/ca\/producto\/compressor-abac-vento-b15-1-5-hp-6-litros\/#primaryimage"},"image":{"@id":"https:\/\/www.inglet.com\/ca\/producto\/compressor-abac-vento-b15-1-5-hp-6-litros\/#primaryimage"},"thumbnailUrl":"https:\/\/www.inglet.com\/wp-content\/uploads\/2021\/09\/020906_Cara_Web.jpg","datePublished":"2021-09-28T14:21:58+00:00","breadcrumb":{"@id":"https:\/\/www.inglet.com\/ca\/producto\/compressor-abac-vento-b15-1-5-hp-6-litros\/#breadcrumb"},"inLanguage":"ca","potentialAction":[{"@type":"ReadAction","target":["https:\/\/www.inglet.com\/ca\/producto\/compressor-abac-vento-b15-1-5-hp-6-litros\/"]}]},{"@type":"ImageObject","inLanguage":"ca","@id":"https:\/\/www.inglet.com\/ca\/producto\/compressor-abac-vento-b15-1-5-hp-6-litros\/#primaryimage","url":"https:\/\/www.inglet.com\/wp-content\/uploads\/2021\/09\/020906_Cara_Web.jpg","contentUrl":"https:\/\/www.inglet.com\/wp-content\/uploads\/2021\/09\/020906_Cara_Web.jpg","width":800,"height":800},{"@type":"BreadcrumbList","@id":"https:\/\/www.inglet.com\/ca\/producto\/compressor-abac-vento-b15-1-5-hp-6-litros\/#breadcrumb","itemListElement":[{"@type":"ListItem","position":1,"name":"Portada","item":"https:\/\/www.inglet.com\/ca\/"},{"@type":"ListItem","position":2,"name":"Tienda","item":"https:\/\/www.inglet.com\/tienda\/"},{"@type":"ListItem","position":3,"name":"COMPRESSOR ABAC VENTO B15, 1.5 Hp -6 litros-"}]},{"@type":"WebSite","@id":"https:\/\/www.inglet.com\/ca\/#website","url":"https:\/\/www.inglet.com\/ca\/","name":"INGLET","description":"Suministros para la enmarcaci\u00f3n y la  impresi\u00f3n digital","publisher":{"@id":"https:\/\/www.inglet.com\/ca\/#organization"},"potentialAction":[{"@type":"SearchAction","target":{"@type":"EntryPoint","urlTemplate":"https:\/\/www.inglet.com\/ca\/?s={search_term_string}"},"query-input":{"@type":"PropertyValueSpecification","valueRequired":true,"valueName":"search_term_string"}}],"inLanguage":"ca"},{"@type":"Organization","@id":"https:\/\/www.inglet.com\/ca\/#organization","name":"INGLET, SLU","url":"https:\/\/www.inglet.com\/ca\/","logo":{"@type":"ImageObject","inLanguage":"ca","@id":"https:\/\/www.inglet.com\/ca\/#\/schema\/logo\/image\/","url":"https:\/\/www.inglet.com\/wp-content\/uploads\/2019\/08\/Inglet-Logo.jpg","contentUrl":"https:\/\/www.inglet.com\/wp-content\/uploads\/2019\/08\/Inglet-Logo.jpg","width":264,"height":342,"caption":"INGLET, SLU"},"image":{"@id":"https:\/\/www.inglet.com\/ca\/#\/schema\/logo\/image\/"}}]}},"_links":{"self":[{"href":"https:\/\/www.inglet.com\/ca\/wp-json\/wp\/v2\/product\/65692","targetHints":{"allow":["GET"]}}],"collection":[{"href":"https:\/\/www.inglet.com\/ca\/wp-json\/wp\/v2\/product"}],"about":[{"href":"https:\/\/www.inglet.com\/ca\/wp-json\/wp\/v2\/types\/product"}],"wp:featuredmedia":[{"embeddable":true,"href":"https:\/\/www.inglet.com\/ca\/wp-json\/wp\/v2\/media\/65680"}],"wp:attachment":[{"href":"https:\/\/www.inglet.com\/ca\/wp-json\/wp\/v2\/media?parent=65692"}],"wp:term":[{"taxonomy":"product_brand","embeddable":true,"href":"https:\/\/www.inglet.com\/ca\/wp-json\/wp\/v2\/product_brand?post=65692"},{"taxonomy":"product_cat","embeddable":true,"href":"https:\/\/www.inglet.com\/ca\/wp-json\/wp\/v2\/product_cat?post=65692"},{"taxonomy":"product_tag","embeddable":true,"href":"https:\/\/www.inglet.com\/ca\/wp-json\/wp\/v2\/product_tag?post=65692"}],"curies":[{"name":"wp","href":"https:\/\/api.w.org\/{rel}","templated":true}]}}