{"id":75044,"date":"2024-07-05T09:26:57","date_gmt":"2024-07-05T07:26:57","guid":{"rendered":"https:\/\/www.inglet.com\/producto\/custboard\/"},"modified":"2025-01-30T12:36:31","modified_gmt":"2025-01-30T11:36:31","slug":"custboard-anima-blanca-1-3-mm-81-5-x-120-cm","status":"publish","type":"product","link":"https:\/\/www.inglet.com\/ca\/producto\/custboard-anima-blanca-1-3-mm-81-5-x-120-cm\/","title":{"rendered":"CUSTBOARD \u00c0nima Blanca, 1.3 mm 81.5 x 120 cm"},"content":{"rendered":"<p><strong>El cartr\u00f3 personalitzable CUSTBOARD<\/strong> \u00e9s l&#8217;opci\u00f3 perfecta per als teus projectes creatius. Amb una base en passepartout i una \u00e0mplia gamma de acabats, aquest cartr\u00f3 s&#8217;adapta a les teves necessitats de personalitzaci\u00f3.<\/p>\n<p><strong>El cartr\u00f3 personalitzable CUSTBOARD<\/strong> neix de la preocupaci\u00f3 de molts dels nostres clients, que sempre busquen nous materials per combinar en els seus treballs, i de la nostra voluntat d&#8217;estar sempre al seu costat, oferint-los all\u00f2 amb qu\u00e8 poder avan\u00e7ar junts.<\/p>\n<p><strong>Disposem de 17 acabats diferents<\/strong> en una \u00e0mplia gamma que inclou acabats met\u00e0l\u00b7lics, mates, de fusta o de cuir, tots amb un aspecte molt realista.<\/p>\n<p><strong>Base en passepartout amb \u00e0nima blanca<\/strong>, 1,3 mm 81,5 x 120 cm.<\/p>\n<p><a href=\"https:\/\/www.inglet.com\/ca\/productos\/passepartout-per-a-quadres\/passepartout-series-especials\/\" target=\"_blank\" rel=\"noopener\"><span style=\"color: #a21c84;\"><strong>Explora m\u00e9s productes CUSTBOARD<\/strong><\/span><\/a> amb acabats personalitzats.<\/p>\n","protected":false},"excerpt":{"rendered":"<p>El cartr\u00f3 personalitzable CUSTBOARD \u00e9s l&#8217;opci\u00f3 perfecta per als teus projectes creatius. Amb una base en passepartout i una \u00e0mplia [&hellip;]<\/p>\n","protected":false},"featured_media":75067,"template":"","meta":{"_sitemap_exclude":false,"_sitemap_priority":"","_sitemap_frequency":"","_monsterinsights_skip_tracking":false,"_monsterinsights_sitenote_active":false,"_monsterinsights_sitenote_note":"","_monsterinsights_sitenote_category":0},"product_brand":[],"product_cat":[1309],"product_tag":[],"class_list":{"0":"post-75044","1":"product","2":"type-product","3":"status-publish","4":"has-post-thumbnail","6":"product_cat-passepartout-series-especials","8":"first","9":"instock","10":"taxable","11":"shipping-taxable","12":"product-type-grouped"},"yoast_head":"<!-- This site is optimized with the Yoast SEO plugin v24.7 - https:\/\/yoast.com\/wordpress\/plugins\/seo\/ -->\n<title>CUSTBOARD \u00c0nima Blanca, 1.3 mm 81.5 x 120 cm - INGLET<\/title>\n<meta name=\"description\" content=\"El cartr\u00f3 personalitzable CUSTBOARD \u00e9s l&#039;opci\u00f3 perfecta per als teus projectes creatius. Amb una base en passepartout i una \u00e0mplia gamma d&#039;acabats realistes.\" \/>\n<meta name=\"robots\" content=\"index, follow, max-snippet:-1, max-image-preview:large, max-video-preview:-1\" \/>\n<link rel=\"canonical\" href=\"https:\/\/www.inglet.com\/ca\/producto\/custboard-anima-blanca-1-3-mm-81-5-x-120-cm\/\" \/>\n<meta property=\"og:locale\" content=\"ca_ES\" \/>\n<meta property=\"og:type\" content=\"article\" \/>\n<meta property=\"og:title\" content=\"CUSTBOARD \u00c0nima Blanca, 1.3 mm 81.5 x 120 cm - INGLET\" \/>\n<meta property=\"og:description\" content=\"El cartr\u00f3 personalitzable CUSTBOARD \u00e9s l&#039;opci\u00f3 perfecta per als teus projectes creatius. Amb una base en passepartout i una \u00e0mplia gamma d&#039;acabats realistes.\" \/>\n<meta property=\"og:url\" content=\"https:\/\/www.inglet.com\/ca\/producto\/custboard-anima-blanca-1-3-mm-81-5-x-120-cm\/\" \/>\n<meta property=\"og:site_name\" content=\"INGLET\" \/>\n<meta property=\"article:modified_time\" content=\"2025-01-30T11:36:31+00:00\" \/>\n<meta property=\"og:image\" content=\"https:\/\/www.inglet.com\/wp-content\/uploads\/2024\/11\/Portada_Instagram_Custboard_24.jpg\" \/>\n\t<meta property=\"og:image:width\" content=\"1080\" \/>\n\t<meta property=\"og:image:height\" content=\"1080\" \/>\n\t<meta property=\"og:image:type\" content=\"image\/jpeg\" \/>\n<meta name=\"twitter:card\" content=\"summary_large_image\" \/>\n<meta name=\"twitter:label1\" content=\"Temps estimat de lectura\" \/>\n\t<meta name=\"twitter:data1\" content=\"1 minut\" \/>\n<script type=\"application\/ld+json\" class=\"yoast-schema-graph\">{\"@context\":\"https:\/\/schema.org\",\"@graph\":[{\"@type\":\"WebPage\",\"@id\":\"https:\/\/www.inglet.com\/ca\/producto\/custboard-anima-blanca-1-3-mm-81-5-x-120-cm\/\",\"url\":\"https:\/\/www.inglet.com\/ca\/producto\/custboard-anima-blanca-1-3-mm-81-5-x-120-cm\/\",\"name\":\"CUSTBOARD \u00c0nima Blanca, 1.3 mm 81.5 x 120 cm - INGLET\",\"isPartOf\":{\"@id\":\"https:\/\/www.inglet.com\/ca\/#website\"},\"primaryImageOfPage\":{\"@id\":\"https:\/\/www.inglet.com\/ca\/producto\/custboard-anima-blanca-1-3-mm-81-5-x-120-cm\/#primaryimage\"},\"image\":{\"@id\":\"https:\/\/www.inglet.com\/ca\/producto\/custboard-anima-blanca-1-3-mm-81-5-x-120-cm\/#primaryimage\"},\"thumbnailUrl\":\"https:\/\/www.inglet.com\/wp-content\/uploads\/2024\/07\/Portada_Custboard_Web-2.jpg\",\"datePublished\":\"2024-07-05T07:26:57+00:00\",\"dateModified\":\"2025-01-30T11:36:31+00:00\",\"description\":\"El cartr\u00f3 personalitzable CUSTBOARD \u00e9s l'opci\u00f3 perfecta per als teus projectes creatius. Amb una base en passepartout i una \u00e0mplia gamma d'acabats realistes.\",\"breadcrumb\":{\"@id\":\"https:\/\/www.inglet.com\/ca\/producto\/custboard-anima-blanca-1-3-mm-81-5-x-120-cm\/#breadcrumb\"},\"inLanguage\":\"ca\",\"potentialAction\":[{\"@type\":\"ReadAction\",\"target\":[\"https:\/\/www.inglet.com\/ca\/producto\/custboard-anima-blanca-1-3-mm-81-5-x-120-cm\/\"]}]},{\"@type\":\"ImageObject\",\"inLanguage\":\"ca\",\"@id\":\"https:\/\/www.inglet.com\/ca\/producto\/custboard-anima-blanca-1-3-mm-81-5-x-120-cm\/#primaryimage\",\"url\":\"https:\/\/www.inglet.com\/wp-content\/uploads\/2024\/07\/Portada_Custboard_Web-2.jpg\",\"contentUrl\":\"https:\/\/www.inglet.com\/wp-content\/uploads\/2024\/07\/Portada_Custboard_Web-2.jpg\",\"width\":800,\"height\":800,\"caption\":\"Cartr\u00f3 personalitzable CUSTBOARD.\"},{\"@type\":\"BreadcrumbList\",\"@id\":\"https:\/\/www.inglet.com\/ca\/producto\/custboard-anima-blanca-1-3-mm-81-5-x-120-cm\/#breadcrumb\",\"itemListElement\":[{\"@type\":\"ListItem\",\"position\":1,\"name\":\"Portada\",\"item\":\"https:\/\/www.inglet.com\/ca\/\"},{\"@type\":\"ListItem\",\"position\":2,\"name\":\"Tienda\",\"item\":\"https:\/\/www.inglet.com\/tienda\/\"},{\"@type\":\"ListItem\",\"position\":3,\"name\":\"CUSTBOARD \u00c0nima Blanca, 1.3 mm 81.5 x 120 cm\"}]},{\"@type\":\"WebSite\",\"@id\":\"https:\/\/www.inglet.com\/ca\/#website\",\"url\":\"https:\/\/www.inglet.com\/ca\/\",\"name\":\"INGLET\",\"description\":\"Suministros para la enmarcaci\u00f3n y la  impresi\u00f3n digital\",\"publisher\":{\"@id\":\"https:\/\/www.inglet.com\/ca\/#organization\"},\"potentialAction\":[{\"@type\":\"SearchAction\",\"target\":{\"@type\":\"EntryPoint\",\"urlTemplate\":\"https:\/\/www.inglet.com\/ca\/?s={search_term_string}\"},\"query-input\":{\"@type\":\"PropertyValueSpecification\",\"valueRequired\":true,\"valueName\":\"search_term_string\"}}],\"inLanguage\":\"ca\"},{\"@type\":\"Organization\",\"@id\":\"https:\/\/www.inglet.com\/ca\/#organization\",\"name\":\"INGLET, SLU\",\"url\":\"https:\/\/www.inglet.com\/ca\/\",\"logo\":{\"@type\":\"ImageObject\",\"inLanguage\":\"ca\",\"@id\":\"https:\/\/www.inglet.com\/ca\/#\/schema\/logo\/image\/\",\"url\":\"https:\/\/www.inglet.com\/wp-content\/uploads\/2019\/08\/Inglet-Logo.jpg\",\"contentUrl\":\"https:\/\/www.inglet.com\/wp-content\/uploads\/2019\/08\/Inglet-Logo.jpg\",\"width\":264,\"height\":342,\"caption\":\"INGLET, SLU\"},\"image\":{\"@id\":\"https:\/\/www.inglet.com\/ca\/#\/schema\/logo\/image\/\"}}]}<\/script>\n<!-- \/ Yoast SEO plugin. -->","yoast_head_json":{"title":"CUSTBOARD \u00c0nima Blanca, 1.3 mm 81.5 x 120 cm - INGLET","description":"El cartr\u00f3 personalitzable CUSTBOARD \u00e9s l'opci\u00f3 perfecta per als teus projectes creatius. Amb una base en passepartout i una \u00e0mplia gamma d'acabats realistes.","robots":{"index":"index","follow":"follow","max-snippet":"max-snippet:-1","max-image-preview":"max-image-preview:large","max-video-preview":"max-video-preview:-1"},"canonical":"https:\/\/www.inglet.com\/ca\/producto\/custboard-anima-blanca-1-3-mm-81-5-x-120-cm\/","og_locale":"ca_ES","og_type":"article","og_title":"CUSTBOARD \u00c0nima Blanca, 1.3 mm 81.5 x 120 cm - INGLET","og_description":"El cartr\u00f3 personalitzable CUSTBOARD \u00e9s l'opci\u00f3 perfecta per als teus projectes creatius. Amb una base en passepartout i una \u00e0mplia gamma d'acabats realistes.","og_url":"https:\/\/www.inglet.com\/ca\/producto\/custboard-anima-blanca-1-3-mm-81-5-x-120-cm\/","og_site_name":"INGLET","article_modified_time":"2025-01-30T11:36:31+00:00","og_image":[{"width":1080,"height":1080,"url":"https:\/\/www.inglet.com\/wp-content\/uploads\/2024\/11\/Portada_Instagram_Custboard_24.jpg","type":"image\/jpeg"}],"twitter_card":"summary_large_image","twitter_misc":{"Temps estimat de lectura":"1 minut"},"schema":{"@context":"https:\/\/schema.org","@graph":[{"@type":"WebPage","@id":"https:\/\/www.inglet.com\/ca\/producto\/custboard-anima-blanca-1-3-mm-81-5-x-120-cm\/","url":"https:\/\/www.inglet.com\/ca\/producto\/custboard-anima-blanca-1-3-mm-81-5-x-120-cm\/","name":"CUSTBOARD \u00c0nima Blanca, 1.3 mm 81.5 x 120 cm - INGLET","isPartOf":{"@id":"https:\/\/www.inglet.com\/ca\/#website"},"primaryImageOfPage":{"@id":"https:\/\/www.inglet.com\/ca\/producto\/custboard-anima-blanca-1-3-mm-81-5-x-120-cm\/#primaryimage"},"image":{"@id":"https:\/\/www.inglet.com\/ca\/producto\/custboard-anima-blanca-1-3-mm-81-5-x-120-cm\/#primaryimage"},"thumbnailUrl":"https:\/\/www.inglet.com\/wp-content\/uploads\/2024\/07\/Portada_Custboard_Web-2.jpg","datePublished":"2024-07-05T07:26:57+00:00","dateModified":"2025-01-30T11:36:31+00:00","description":"El cartr\u00f3 personalitzable CUSTBOARD \u00e9s l'opci\u00f3 perfecta per als teus projectes creatius. Amb una base en passepartout i una \u00e0mplia gamma d'acabats realistes.","breadcrumb":{"@id":"https:\/\/www.inglet.com\/ca\/producto\/custboard-anima-blanca-1-3-mm-81-5-x-120-cm\/#breadcrumb"},"inLanguage":"ca","potentialAction":[{"@type":"ReadAction","target":["https:\/\/www.inglet.com\/ca\/producto\/custboard-anima-blanca-1-3-mm-81-5-x-120-cm\/"]}]},{"@type":"ImageObject","inLanguage":"ca","@id":"https:\/\/www.inglet.com\/ca\/producto\/custboard-anima-blanca-1-3-mm-81-5-x-120-cm\/#primaryimage","url":"https:\/\/www.inglet.com\/wp-content\/uploads\/2024\/07\/Portada_Custboard_Web-2.jpg","contentUrl":"https:\/\/www.inglet.com\/wp-content\/uploads\/2024\/07\/Portada_Custboard_Web-2.jpg","width":800,"height":800,"caption":"Cartr\u00f3 personalitzable CUSTBOARD."},{"@type":"BreadcrumbList","@id":"https:\/\/www.inglet.com\/ca\/producto\/custboard-anima-blanca-1-3-mm-81-5-x-120-cm\/#breadcrumb","itemListElement":[{"@type":"ListItem","position":1,"name":"Portada","item":"https:\/\/www.inglet.com\/ca\/"},{"@type":"ListItem","position":2,"name":"Tienda","item":"https:\/\/www.inglet.com\/tienda\/"},{"@type":"ListItem","position":3,"name":"CUSTBOARD \u00c0nima Blanca, 1.3 mm 81.5 x 120 cm"}]},{"@type":"WebSite","@id":"https:\/\/www.inglet.com\/ca\/#website","url":"https:\/\/www.inglet.com\/ca\/","name":"INGLET","description":"Suministros para la enmarcaci\u00f3n y la  impresi\u00f3n digital","publisher":{"@id":"https:\/\/www.inglet.com\/ca\/#organization"},"potentialAction":[{"@type":"SearchAction","target":{"@type":"EntryPoint","urlTemplate":"https:\/\/www.inglet.com\/ca\/?s={search_term_string}"},"query-input":{"@type":"PropertyValueSpecification","valueRequired":true,"valueName":"search_term_string"}}],"inLanguage":"ca"},{"@type":"Organization","@id":"https:\/\/www.inglet.com\/ca\/#organization","name":"INGLET, SLU","url":"https:\/\/www.inglet.com\/ca\/","logo":{"@type":"ImageObject","inLanguage":"ca","@id":"https:\/\/www.inglet.com\/ca\/#\/schema\/logo\/image\/","url":"https:\/\/www.inglet.com\/wp-content\/uploads\/2019\/08\/Inglet-Logo.jpg","contentUrl":"https:\/\/www.inglet.com\/wp-content\/uploads\/2019\/08\/Inglet-Logo.jpg","width":264,"height":342,"caption":"INGLET, SLU"},"image":{"@id":"https:\/\/www.inglet.com\/ca\/#\/schema\/logo\/image\/"}}]}},"_links":{"self":[{"href":"https:\/\/www.inglet.com\/ca\/wp-json\/wp\/v2\/product\/75044","targetHints":{"allow":["GET"]}}],"collection":[{"href":"https:\/\/www.inglet.com\/ca\/wp-json\/wp\/v2\/product"}],"about":[{"href":"https:\/\/www.inglet.com\/ca\/wp-json\/wp\/v2\/types\/product"}],"wp:featuredmedia":[{"embeddable":true,"href":"https:\/\/www.inglet.com\/ca\/wp-json\/wp\/v2\/media\/75067"}],"wp:attachment":[{"href":"https:\/\/www.inglet.com\/ca\/wp-json\/wp\/v2\/media?parent=75044"}],"wp:term":[{"taxonomy":"product_brand","embeddable":true,"href":"https:\/\/www.inglet.com\/ca\/wp-json\/wp\/v2\/product_brand?post=75044"},{"taxonomy":"product_cat","embeddable":true,"href":"https:\/\/www.inglet.com\/ca\/wp-json\/wp\/v2\/product_cat?post=75044"},{"taxonomy":"product_tag","embeddable":true,"href":"https:\/\/www.inglet.com\/ca\/wp-json\/wp\/v2\/product_tag?post=75044"}],"curies":[{"name":"wp","href":"https:\/\/api.w.org\/{rel}","templated":true}]}}