{"id":75274,"date":"2024-07-05T13:41:16","date_gmt":"2024-07-05T11:41:16","guid":{"rendered":"https:\/\/www.inglet.com\/producto\/adhesiu-hotpress-2-cares-reposicionable-re-tac\/"},"modified":"2025-01-23T12:01:00","modified_gmt":"2025-01-23T11:01:00","slug":"adhesiu-hotpress-2-cares-reposicionable-re-tac","status":"publish","type":"product","link":"https:\/\/www.inglet.com\/ca\/producto\/adhesiu-hotpress-2-cares-reposicionable-re-tac\/","title":{"rendered":"ADHESIU HOTPRESS 2 CARES REPOSICIONABLE RE-TAC"},"content":{"rendered":"<p><strong>L&#8217;adhesiu reposicionable ReTac<\/strong> HotPress 2 cares \u00e9s una soluci\u00f3 innovadora per a gr\u00e0fics i decoracions temporals. Dissenyat per a aplicacions vers\u00e0tils, aquest adhesiu permet transformar fotos, cartells o gr\u00e0fics en decoracions reutilitzables que es poden aplicar i retirar f\u00e0cilment sense danyar la superf\u00edcie.<br \/>\nAquest producte compta amb un adhesiu permanent en una cara, ideal per fixar gr\u00e0fics impresos, i un adhesiu reposicionable en l&#8217;altra cara, que permet aplicar-lo a parets, finestres o altres superf\u00edcies llises sense deixar residus. La seva pel\u00b7l\u00edcula de PET transparent de 0,5 mil (12,5\u03bc) garanteix una alta qualitat visual, mentre que el seu paper antiadherent Kraft siliconat en ambdues cares en facilita l&#8217;emmagatzematge i manipulaci\u00f3.<br \/>\nEntre les seves principals aplicacions hi ha la decoraci\u00f3 d&#8217;esdeveniments, la creaci\u00f3 d&#8217;adhesius per a parets o finestres i gr\u00e0fics publicitaris temporals. A m\u00e9s, la seva facilitat d&#8217;\u00fas i la seva capacitat de reposicionar-se el converteixen en una soluci\u00f3 ideal tant per a \u00fas professional com dom\u00e8stic.<br \/>\nL&#8217;<strong>adhesiu reposicionable ReTac<\/strong> \u00e9s perfecte per a projectes creatius que requereixen flexibilitat. Gr\u00e0cies a la seva propietat ultra extra\u00efble, s&#8217;adapta a necessitats canviants com campanyes promocionals, exposicions temporals o la decoraci\u00f3 d&#8217;espais comercials. Tant per a gr\u00e0fics de gran format com per a dissenys petits, aquest producte garanteix resultats impecables.<\/p>\n","protected":false},"excerpt":{"rendered":"<p>L&#8217;adhesiu reposicionable ReTac HotPress 2 cares \u00e9s una soluci\u00f3 innovadora per a gr\u00e0fics i decoracions temporals. Dissenyat per a aplicacions [&hellip;]<\/p>\n","protected":false},"featured_media":75262,"template":"","meta":{"_sitemap_exclude":false,"_sitemap_priority":"","_sitemap_frequency":"","_monsterinsights_skip_tracking":false,"_monsterinsights_sitenote_active":false,"_monsterinsights_sitenote_note":"","_monsterinsights_sitenote_category":0},"product_brand":[],"product_cat":[1209],"product_tag":[],"class_list":{"0":"post-75274","1":"product","2":"type-product","3":"status-publish","4":"has-post-thumbnail","6":"product_cat-adhesius-dues-cares-laminadores-de-fred","8":"first","9":"instock","10":"taxable","11":"shipping-taxable","12":"purchasable","13":"product-type-simple"},"yoast_head":"<!-- This site is optimized with the Yoast SEO plugin v24.7 - https:\/\/yoast.com\/wordpress\/plugins\/seo\/ -->\n<title>ADHESIU HOTPRESS 2 CARES REPOSICIONABLE RE-TAC - INGLET<\/title>\n<meta name=\"robots\" content=\"index, follow, max-snippet:-1, max-image-preview:large, max-video-preview:-1\" \/>\n<link rel=\"canonical\" href=\"https:\/\/www.inglet.com\/ca\/producto\/adhesiu-hotpress-2-cares-reposicionable-re-tac\/\" \/>\n<meta property=\"og:locale\" content=\"ca_ES\" \/>\n<meta property=\"og:type\" content=\"article\" \/>\n<meta property=\"og:title\" content=\"ADHESIU HOTPRESS 2 CARES REPOSICIONABLE RE-TAC - INGLET\" \/>\n<meta property=\"og:description\" content=\"L&#8217;adhesiu reposicionable ReTac HotPress 2 cares \u00e9s una soluci\u00f3 innovadora per a gr\u00e0fics i decoracions temporals. Dissenyat per a aplicacions [&hellip;]\" \/>\n<meta property=\"og:url\" content=\"https:\/\/www.inglet.com\/ca\/producto\/adhesiu-hotpress-2-cares-reposicionable-re-tac\/\" \/>\n<meta property=\"og:site_name\" content=\"INGLET\" \/>\n<meta property=\"article:modified_time\" content=\"2025-01-23T11:01:00+00:00\" \/>\n<meta property=\"og:image\" content=\"https:\/\/www.inglet.com\/wp-content\/uploads\/2024\/07\/251190-1500x1500.jpg\" \/>\n\t<meta property=\"og:image:width\" content=\"1500\" \/>\n\t<meta property=\"og:image:height\" content=\"1500\" \/>\n\t<meta property=\"og:image:type\" content=\"image\/jpeg\" \/>\n<meta name=\"twitter:card\" content=\"summary_large_image\" \/>\n<meta name=\"twitter:label1\" content=\"Temps estimat de lectura\" \/>\n\t<meta name=\"twitter:data1\" content=\"1 minut\" \/>\n<script type=\"application\/ld+json\" class=\"yoast-schema-graph\">{\"@context\":\"https:\/\/schema.org\",\"@graph\":[{\"@type\":\"WebPage\",\"@id\":\"https:\/\/www.inglet.com\/ca\/producto\/adhesiu-hotpress-2-cares-reposicionable-re-tac\/\",\"url\":\"https:\/\/www.inglet.com\/ca\/producto\/adhesiu-hotpress-2-cares-reposicionable-re-tac\/\",\"name\":\"ADHESIU HOTPRESS 2 CARES REPOSICIONABLE RE-TAC - INGLET\",\"isPartOf\":{\"@id\":\"https:\/\/www.inglet.com\/ca\/#website\"},\"primaryImageOfPage\":{\"@id\":\"https:\/\/www.inglet.com\/ca\/producto\/adhesiu-hotpress-2-cares-reposicionable-re-tac\/#primaryimage\"},\"image\":{\"@id\":\"https:\/\/www.inglet.com\/ca\/producto\/adhesiu-hotpress-2-cares-reposicionable-re-tac\/#primaryimage\"},\"thumbnailUrl\":\"https:\/\/www.inglet.com\/wp-content\/uploads\/2024\/07\/251190.jpg\",\"datePublished\":\"2024-07-05T11:41:16+00:00\",\"dateModified\":\"2025-01-23T11:01:00+00:00\",\"breadcrumb\":{\"@id\":\"https:\/\/www.inglet.com\/ca\/producto\/adhesiu-hotpress-2-cares-reposicionable-re-tac\/#breadcrumb\"},\"inLanguage\":\"ca\",\"potentialAction\":[{\"@type\":\"ReadAction\",\"target\":[\"https:\/\/www.inglet.com\/ca\/producto\/adhesiu-hotpress-2-cares-reposicionable-re-tac\/\"]}]},{\"@type\":\"ImageObject\",\"inLanguage\":\"ca\",\"@id\":\"https:\/\/www.inglet.com\/ca\/producto\/adhesiu-hotpress-2-cares-reposicionable-re-tac\/#primaryimage\",\"url\":\"https:\/\/www.inglet.com\/wp-content\/uploads\/2024\/07\/251190.jpg\",\"contentUrl\":\"https:\/\/www.inglet.com\/wp-content\/uploads\/2024\/07\/251190.jpg\",\"width\":1920,\"height\":1920,\"caption\":\"Adhesivo reposicionable ReTac HotPress 2 caras para gr\u00e1ficos y paredes\"},{\"@type\":\"BreadcrumbList\",\"@id\":\"https:\/\/www.inglet.com\/ca\/producto\/adhesiu-hotpress-2-cares-reposicionable-re-tac\/#breadcrumb\",\"itemListElement\":[{\"@type\":\"ListItem\",\"position\":1,\"name\":\"Portada\",\"item\":\"https:\/\/www.inglet.com\/ca\/\"},{\"@type\":\"ListItem\",\"position\":2,\"name\":\"Tienda\",\"item\":\"https:\/\/www.inglet.com\/tienda\/\"},{\"@type\":\"ListItem\",\"position\":3,\"name\":\"ADHESIU HOTPRESS 2 CARES REPOSICIONABLE RE-TAC\"}]},{\"@type\":\"WebSite\",\"@id\":\"https:\/\/www.inglet.com\/ca\/#website\",\"url\":\"https:\/\/www.inglet.com\/ca\/\",\"name\":\"INGLET\",\"description\":\"Suministros para la enmarcaci\u00f3n y la  impresi\u00f3n digital\",\"publisher\":{\"@id\":\"https:\/\/www.inglet.com\/ca\/#organization\"},\"potentialAction\":[{\"@type\":\"SearchAction\",\"target\":{\"@type\":\"EntryPoint\",\"urlTemplate\":\"https:\/\/www.inglet.com\/ca\/?s={search_term_string}\"},\"query-input\":{\"@type\":\"PropertyValueSpecification\",\"valueRequired\":true,\"valueName\":\"search_term_string\"}}],\"inLanguage\":\"ca\"},{\"@type\":\"Organization\",\"@id\":\"https:\/\/www.inglet.com\/ca\/#organization\",\"name\":\"INGLET, SLU\",\"url\":\"https:\/\/www.inglet.com\/ca\/\",\"logo\":{\"@type\":\"ImageObject\",\"inLanguage\":\"ca\",\"@id\":\"https:\/\/www.inglet.com\/ca\/#\/schema\/logo\/image\/\",\"url\":\"https:\/\/www.inglet.com\/wp-content\/uploads\/2019\/08\/Inglet-Logo.jpg\",\"contentUrl\":\"https:\/\/www.inglet.com\/wp-content\/uploads\/2019\/08\/Inglet-Logo.jpg\",\"width\":264,\"height\":342,\"caption\":\"INGLET, SLU\"},\"image\":{\"@id\":\"https:\/\/www.inglet.com\/ca\/#\/schema\/logo\/image\/\"}}]}<\/script>\n<!-- \/ Yoast SEO plugin. -->","yoast_head_json":{"title":"ADHESIU HOTPRESS 2 CARES REPOSICIONABLE RE-TAC - INGLET","robots":{"index":"index","follow":"follow","max-snippet":"max-snippet:-1","max-image-preview":"max-image-preview:large","max-video-preview":"max-video-preview:-1"},"canonical":"https:\/\/www.inglet.com\/ca\/producto\/adhesiu-hotpress-2-cares-reposicionable-re-tac\/","og_locale":"ca_ES","og_type":"article","og_title":"ADHESIU HOTPRESS 2 CARES REPOSICIONABLE RE-TAC - INGLET","og_description":"L&#8217;adhesiu reposicionable ReTac HotPress 2 cares \u00e9s una soluci\u00f3 innovadora per a gr\u00e0fics i decoracions temporals. Dissenyat per a aplicacions [&hellip;]","og_url":"https:\/\/www.inglet.com\/ca\/producto\/adhesiu-hotpress-2-cares-reposicionable-re-tac\/","og_site_name":"INGLET","article_modified_time":"2025-01-23T11:01:00+00:00","og_image":[{"width":1500,"height":1500,"url":"https:\/\/www.inglet.com\/wp-content\/uploads\/2024\/07\/251190-1500x1500.jpg","type":"image\/jpeg"}],"twitter_card":"summary_large_image","twitter_misc":{"Temps estimat de lectura":"1 minut"},"schema":{"@context":"https:\/\/schema.org","@graph":[{"@type":"WebPage","@id":"https:\/\/www.inglet.com\/ca\/producto\/adhesiu-hotpress-2-cares-reposicionable-re-tac\/","url":"https:\/\/www.inglet.com\/ca\/producto\/adhesiu-hotpress-2-cares-reposicionable-re-tac\/","name":"ADHESIU HOTPRESS 2 CARES REPOSICIONABLE RE-TAC - INGLET","isPartOf":{"@id":"https:\/\/www.inglet.com\/ca\/#website"},"primaryImageOfPage":{"@id":"https:\/\/www.inglet.com\/ca\/producto\/adhesiu-hotpress-2-cares-reposicionable-re-tac\/#primaryimage"},"image":{"@id":"https:\/\/www.inglet.com\/ca\/producto\/adhesiu-hotpress-2-cares-reposicionable-re-tac\/#primaryimage"},"thumbnailUrl":"https:\/\/www.inglet.com\/wp-content\/uploads\/2024\/07\/251190.jpg","datePublished":"2024-07-05T11:41:16+00:00","dateModified":"2025-01-23T11:01:00+00:00","breadcrumb":{"@id":"https:\/\/www.inglet.com\/ca\/producto\/adhesiu-hotpress-2-cares-reposicionable-re-tac\/#breadcrumb"},"inLanguage":"ca","potentialAction":[{"@type":"ReadAction","target":["https:\/\/www.inglet.com\/ca\/producto\/adhesiu-hotpress-2-cares-reposicionable-re-tac\/"]}]},{"@type":"ImageObject","inLanguage":"ca","@id":"https:\/\/www.inglet.com\/ca\/producto\/adhesiu-hotpress-2-cares-reposicionable-re-tac\/#primaryimage","url":"https:\/\/www.inglet.com\/wp-content\/uploads\/2024\/07\/251190.jpg","contentUrl":"https:\/\/www.inglet.com\/wp-content\/uploads\/2024\/07\/251190.jpg","width":1920,"height":1920,"caption":"Adhesivo reposicionable ReTac HotPress 2 caras para gr\u00e1ficos y paredes"},{"@type":"BreadcrumbList","@id":"https:\/\/www.inglet.com\/ca\/producto\/adhesiu-hotpress-2-cares-reposicionable-re-tac\/#breadcrumb","itemListElement":[{"@type":"ListItem","position":1,"name":"Portada","item":"https:\/\/www.inglet.com\/ca\/"},{"@type":"ListItem","position":2,"name":"Tienda","item":"https:\/\/www.inglet.com\/tienda\/"},{"@type":"ListItem","position":3,"name":"ADHESIU HOTPRESS 2 CARES REPOSICIONABLE RE-TAC"}]},{"@type":"WebSite","@id":"https:\/\/www.inglet.com\/ca\/#website","url":"https:\/\/www.inglet.com\/ca\/","name":"INGLET","description":"Suministros para la enmarcaci\u00f3n y la  impresi\u00f3n digital","publisher":{"@id":"https:\/\/www.inglet.com\/ca\/#organization"},"potentialAction":[{"@type":"SearchAction","target":{"@type":"EntryPoint","urlTemplate":"https:\/\/www.inglet.com\/ca\/?s={search_term_string}"},"query-input":{"@type":"PropertyValueSpecification","valueRequired":true,"valueName":"search_term_string"}}],"inLanguage":"ca"},{"@type":"Organization","@id":"https:\/\/www.inglet.com\/ca\/#organization","name":"INGLET, SLU","url":"https:\/\/www.inglet.com\/ca\/","logo":{"@type":"ImageObject","inLanguage":"ca","@id":"https:\/\/www.inglet.com\/ca\/#\/schema\/logo\/image\/","url":"https:\/\/www.inglet.com\/wp-content\/uploads\/2019\/08\/Inglet-Logo.jpg","contentUrl":"https:\/\/www.inglet.com\/wp-content\/uploads\/2019\/08\/Inglet-Logo.jpg","width":264,"height":342,"caption":"INGLET, SLU"},"image":{"@id":"https:\/\/www.inglet.com\/ca\/#\/schema\/logo\/image\/"}}]}},"_links":{"self":[{"href":"https:\/\/www.inglet.com\/ca\/wp-json\/wp\/v2\/product\/75274","targetHints":{"allow":["GET"]}}],"collection":[{"href":"https:\/\/www.inglet.com\/ca\/wp-json\/wp\/v2\/product"}],"about":[{"href":"https:\/\/www.inglet.com\/ca\/wp-json\/wp\/v2\/types\/product"}],"wp:featuredmedia":[{"embeddable":true,"href":"https:\/\/www.inglet.com\/ca\/wp-json\/wp\/v2\/media\/75262"}],"wp:attachment":[{"href":"https:\/\/www.inglet.com\/ca\/wp-json\/wp\/v2\/media?parent=75274"}],"wp:term":[{"taxonomy":"product_brand","embeddable":true,"href":"https:\/\/www.inglet.com\/ca\/wp-json\/wp\/v2\/product_brand?post=75274"},{"taxonomy":"product_cat","embeddable":true,"href":"https:\/\/www.inglet.com\/ca\/wp-json\/wp\/v2\/product_cat?post=75274"},{"taxonomy":"product_tag","embeddable":true,"href":"https:\/\/www.inglet.com\/ca\/wp-json\/wp\/v2\/product_tag?post=75274"}],"curies":[{"name":"wp","href":"https:\/\/api.w.org\/{rel}","templated":true}]}}