{"id":79670,"date":"2025-07-01T12:25:47","date_gmt":"2025-07-01T10:25:47","guid":{"rendered":"https:\/\/www.inglet.com\/producto\/kit-extensio-hook4wall-track-junior-m-ts\/"},"modified":"2025-07-01T12:25:47","modified_gmt":"2025-07-01T10:25:47","slug":"kit-extensio-hook4wall-track-junior-m-ts","status":"publish","type":"product","link":"https:\/\/www.inglet.com\/ca\/producto\/kit-extensio-hook4wall-track-junior-m-ts\/","title":{"rendered":"KIT EXTENSI\u00d3 + HOOK4WALL + TRACK JUNIOR M T&#038;S"},"content":{"rendered":"<p><strong>L\u2019Extensor Junior M, s\u2019utilitza conjuntament amb el Track per augmentar la dist\u00e0ncia entre l\u2019obra i la paret<\/strong>, o per penjar-la amb una lleugera inclinaci\u00f3.<\/p>\n<p>Aquest espai addicional \u00e9s especialment \u00fatil en entorns muse\u00edstics, on cal que hi hagi circulaci\u00f3 d\u2019aire darrere de les obres per afavorir-ne la conservaci\u00f3. Una ventilaci\u00f3 adequada ajuda a protegir peces fr\u00e0gils dels danys causats per la humitat o l\u2019aire estancat.<\/p>\n<p>Un dels principals avantatges de l\u2019Extensi\u00f3 Junior M \u00e9s que permet crear aquesta separaci\u00f3 sense necessitat de modificar ni intervenir en la part posterior de l\u2019obra, cosa essencial en l\u2019\u00e0mbit muse\u00edstic, on moltes peces s\u00f3n delicades i no es poden alterar.<\/p>\n","protected":false},"excerpt":{"rendered":"<p>L\u2019Extensor Junior M, s\u2019utilitza conjuntament amb el Track per augmentar la dist\u00e0ncia entre l\u2019obra i la paret, o per penjar-la [&hellip;]<\/p>\n","protected":false},"featured_media":79647,"template":"","meta":{"_sitemap_exclude":false,"_sitemap_priority":"","_sitemap_frequency":"","_monsterinsights_skip_tracking":false,"_monsterinsights_sitenote_active":false,"_monsterinsights_sitenote_note":"","_monsterinsights_sitenote_category":0},"product_brand":[],"product_cat":[1560],"product_tag":[1329],"class_list":{"0":"post-79670","1":"product","2":"type-product","3":"status-publish","4":"has-post-thumbnail","6":"product_cat-kits-extensio-track-slide","7":"product_tag-novetat","9":"first","10":"outofstock","11":"taxable","12":"shipping-taxable","13":"purchasable","14":"product-type-simple"},"yoast_head":"<!-- This site is optimized with the Yoast SEO plugin v24.7 - https:\/\/yoast.com\/wordpress\/plugins\/seo\/ -->\n<title>KIT EXTENSI\u00d3 + HOOK4WALL + TRACK JUNIOR M T&amp;S - INGLET<\/title>\n<meta name=\"robots\" content=\"index, follow, max-snippet:-1, max-image-preview:large, max-video-preview:-1\" \/>\n<link rel=\"canonical\" href=\"https:\/\/www.inglet.com\/ca\/producto\/kit-extensio-hook4wall-track-junior-m-ts\/\" \/>\n<meta property=\"og:locale\" content=\"ca_ES\" \/>\n<meta property=\"og:type\" content=\"article\" \/>\n<meta property=\"og:title\" content=\"KIT EXTENSI\u00d3 + HOOK4WALL + TRACK JUNIOR M T&amp;S - INGLET\" \/>\n<meta property=\"og:description\" content=\"L\u2019Extensor Junior M, s\u2019utilitza conjuntament amb el Track per augmentar la dist\u00e0ncia entre l\u2019obra i la paret, o per penjar-la [&hellip;]\" \/>\n<meta property=\"og:url\" content=\"https:\/\/www.inglet.com\/ca\/producto\/kit-extensio-hook4wall-track-junior-m-ts\/\" \/>\n<meta property=\"og:site_name\" content=\"INGLET\" \/>\n<meta property=\"og:image\" content=\"https:\/\/www.inglet.com\/wp-content\/uploads\/2025\/07\/161937_Web.jpg\" \/>\n\t<meta property=\"og:image:width\" content=\"800\" \/>\n\t<meta property=\"og:image:height\" content=\"800\" \/>\n\t<meta property=\"og:image:type\" content=\"image\/jpeg\" \/>\n<meta name=\"twitter:card\" content=\"summary_large_image\" \/>\n<meta name=\"twitter:label1\" content=\"Temps estimat de lectura\" \/>\n\t<meta name=\"twitter:data1\" content=\"1 minut\" \/>\n<script type=\"application\/ld+json\" class=\"yoast-schema-graph\">{\"@context\":\"https:\/\/schema.org\",\"@graph\":[{\"@type\":\"WebPage\",\"@id\":\"https:\/\/www.inglet.com\/ca\/producto\/kit-extensio-hook4wall-track-junior-m-ts\/\",\"url\":\"https:\/\/www.inglet.com\/ca\/producto\/kit-extensio-hook4wall-track-junior-m-ts\/\",\"name\":\"KIT EXTENSI\u00d3 + HOOK4WALL + TRACK JUNIOR M T&S - INGLET\",\"isPartOf\":{\"@id\":\"https:\/\/www.inglet.com\/ca\/#website\"},\"primaryImageOfPage\":{\"@id\":\"https:\/\/www.inglet.com\/ca\/producto\/kit-extensio-hook4wall-track-junior-m-ts\/#primaryimage\"},\"image\":{\"@id\":\"https:\/\/www.inglet.com\/ca\/producto\/kit-extensio-hook4wall-track-junior-m-ts\/#primaryimage\"},\"thumbnailUrl\":\"https:\/\/www.inglet.com\/wp-content\/uploads\/2025\/07\/161937_Web.jpg\",\"datePublished\":\"2025-07-01T10:25:47+00:00\",\"breadcrumb\":{\"@id\":\"https:\/\/www.inglet.com\/ca\/producto\/kit-extensio-hook4wall-track-junior-m-ts\/#breadcrumb\"},\"inLanguage\":\"ca\",\"potentialAction\":[{\"@type\":\"ReadAction\",\"target\":[\"https:\/\/www.inglet.com\/ca\/producto\/kit-extensio-hook4wall-track-junior-m-ts\/\"]}]},{\"@type\":\"ImageObject\",\"inLanguage\":\"ca\",\"@id\":\"https:\/\/www.inglet.com\/ca\/producto\/kit-extensio-hook4wall-track-junior-m-ts\/#primaryimage\",\"url\":\"https:\/\/www.inglet.com\/wp-content\/uploads\/2025\/07\/161937_Web.jpg\",\"contentUrl\":\"https:\/\/www.inglet.com\/wp-content\/uploads\/2025\/07\/161937_Web.jpg\",\"width\":800,\"height\":800},{\"@type\":\"BreadcrumbList\",\"@id\":\"https:\/\/www.inglet.com\/ca\/producto\/kit-extensio-hook4wall-track-junior-m-ts\/#breadcrumb\",\"itemListElement\":[{\"@type\":\"ListItem\",\"position\":1,\"name\":\"Portada\",\"item\":\"https:\/\/www.inglet.com\/ca\/\"},{\"@type\":\"ListItem\",\"position\":2,\"name\":\"Tienda\",\"item\":\"https:\/\/www.inglet.com\/tienda\/\"},{\"@type\":\"ListItem\",\"position\":3,\"name\":\"KIT EXTENSI\u00d3 + HOOK4WALL + TRACK JUNIOR M T&#038;S\"}]},{\"@type\":\"WebSite\",\"@id\":\"https:\/\/www.inglet.com\/ca\/#website\",\"url\":\"https:\/\/www.inglet.com\/ca\/\",\"name\":\"INGLET\",\"description\":\"Suministros para la enmarcaci\u00f3n y la  impresi\u00f3n digital\",\"publisher\":{\"@id\":\"https:\/\/www.inglet.com\/ca\/#organization\"},\"potentialAction\":[{\"@type\":\"SearchAction\",\"target\":{\"@type\":\"EntryPoint\",\"urlTemplate\":\"https:\/\/www.inglet.com\/ca\/?s={search_term_string}\"},\"query-input\":{\"@type\":\"PropertyValueSpecification\",\"valueRequired\":true,\"valueName\":\"search_term_string\"}}],\"inLanguage\":\"ca\"},{\"@type\":\"Organization\",\"@id\":\"https:\/\/www.inglet.com\/ca\/#organization\",\"name\":\"INGLET, SLU\",\"url\":\"https:\/\/www.inglet.com\/ca\/\",\"logo\":{\"@type\":\"ImageObject\",\"inLanguage\":\"ca\",\"@id\":\"https:\/\/www.inglet.com\/ca\/#\/schema\/logo\/image\/\",\"url\":\"https:\/\/www.inglet.com\/wp-content\/uploads\/2019\/08\/Inglet-Logo.jpg\",\"contentUrl\":\"https:\/\/www.inglet.com\/wp-content\/uploads\/2019\/08\/Inglet-Logo.jpg\",\"width\":264,\"height\":342,\"caption\":\"INGLET, SLU\"},\"image\":{\"@id\":\"https:\/\/www.inglet.com\/ca\/#\/schema\/logo\/image\/\"}}]}<\/script>\n<!-- \/ Yoast SEO plugin. -->","yoast_head_json":{"title":"KIT EXTENSI\u00d3 + HOOK4WALL + TRACK JUNIOR M T&S - INGLET","robots":{"index":"index","follow":"follow","max-snippet":"max-snippet:-1","max-image-preview":"max-image-preview:large","max-video-preview":"max-video-preview:-1"},"canonical":"https:\/\/www.inglet.com\/ca\/producto\/kit-extensio-hook4wall-track-junior-m-ts\/","og_locale":"ca_ES","og_type":"article","og_title":"KIT EXTENSI\u00d3 + HOOK4WALL + TRACK JUNIOR M T&S - INGLET","og_description":"L\u2019Extensor Junior M, s\u2019utilitza conjuntament amb el Track per augmentar la dist\u00e0ncia entre l\u2019obra i la paret, o per penjar-la [&hellip;]","og_url":"https:\/\/www.inglet.com\/ca\/producto\/kit-extensio-hook4wall-track-junior-m-ts\/","og_site_name":"INGLET","og_image":[{"width":800,"height":800,"url":"https:\/\/www.inglet.com\/wp-content\/uploads\/2025\/07\/161937_Web.jpg","type":"image\/jpeg"}],"twitter_card":"summary_large_image","twitter_misc":{"Temps estimat de lectura":"1 minut"},"schema":{"@context":"https:\/\/schema.org","@graph":[{"@type":"WebPage","@id":"https:\/\/www.inglet.com\/ca\/producto\/kit-extensio-hook4wall-track-junior-m-ts\/","url":"https:\/\/www.inglet.com\/ca\/producto\/kit-extensio-hook4wall-track-junior-m-ts\/","name":"KIT EXTENSI\u00d3 + HOOK4WALL + TRACK JUNIOR M T&S - INGLET","isPartOf":{"@id":"https:\/\/www.inglet.com\/ca\/#website"},"primaryImageOfPage":{"@id":"https:\/\/www.inglet.com\/ca\/producto\/kit-extensio-hook4wall-track-junior-m-ts\/#primaryimage"},"image":{"@id":"https:\/\/www.inglet.com\/ca\/producto\/kit-extensio-hook4wall-track-junior-m-ts\/#primaryimage"},"thumbnailUrl":"https:\/\/www.inglet.com\/wp-content\/uploads\/2025\/07\/161937_Web.jpg","datePublished":"2025-07-01T10:25:47+00:00","breadcrumb":{"@id":"https:\/\/www.inglet.com\/ca\/producto\/kit-extensio-hook4wall-track-junior-m-ts\/#breadcrumb"},"inLanguage":"ca","potentialAction":[{"@type":"ReadAction","target":["https:\/\/www.inglet.com\/ca\/producto\/kit-extensio-hook4wall-track-junior-m-ts\/"]}]},{"@type":"ImageObject","inLanguage":"ca","@id":"https:\/\/www.inglet.com\/ca\/producto\/kit-extensio-hook4wall-track-junior-m-ts\/#primaryimage","url":"https:\/\/www.inglet.com\/wp-content\/uploads\/2025\/07\/161937_Web.jpg","contentUrl":"https:\/\/www.inglet.com\/wp-content\/uploads\/2025\/07\/161937_Web.jpg","width":800,"height":800},{"@type":"BreadcrumbList","@id":"https:\/\/www.inglet.com\/ca\/producto\/kit-extensio-hook4wall-track-junior-m-ts\/#breadcrumb","itemListElement":[{"@type":"ListItem","position":1,"name":"Portada","item":"https:\/\/www.inglet.com\/ca\/"},{"@type":"ListItem","position":2,"name":"Tienda","item":"https:\/\/www.inglet.com\/tienda\/"},{"@type":"ListItem","position":3,"name":"KIT EXTENSI\u00d3 + HOOK4WALL + TRACK JUNIOR M T&#038;S"}]},{"@type":"WebSite","@id":"https:\/\/www.inglet.com\/ca\/#website","url":"https:\/\/www.inglet.com\/ca\/","name":"INGLET","description":"Suministros para la enmarcaci\u00f3n y la  impresi\u00f3n digital","publisher":{"@id":"https:\/\/www.inglet.com\/ca\/#organization"},"potentialAction":[{"@type":"SearchAction","target":{"@type":"EntryPoint","urlTemplate":"https:\/\/www.inglet.com\/ca\/?s={search_term_string}"},"query-input":{"@type":"PropertyValueSpecification","valueRequired":true,"valueName":"search_term_string"}}],"inLanguage":"ca"},{"@type":"Organization","@id":"https:\/\/www.inglet.com\/ca\/#organization","name":"INGLET, SLU","url":"https:\/\/www.inglet.com\/ca\/","logo":{"@type":"ImageObject","inLanguage":"ca","@id":"https:\/\/www.inglet.com\/ca\/#\/schema\/logo\/image\/","url":"https:\/\/www.inglet.com\/wp-content\/uploads\/2019\/08\/Inglet-Logo.jpg","contentUrl":"https:\/\/www.inglet.com\/wp-content\/uploads\/2019\/08\/Inglet-Logo.jpg","width":264,"height":342,"caption":"INGLET, SLU"},"image":{"@id":"https:\/\/www.inglet.com\/ca\/#\/schema\/logo\/image\/"}}]}},"_links":{"self":[{"href":"https:\/\/www.inglet.com\/ca\/wp-json\/wp\/v2\/product\/79670","targetHints":{"allow":["GET"]}}],"collection":[{"href":"https:\/\/www.inglet.com\/ca\/wp-json\/wp\/v2\/product"}],"about":[{"href":"https:\/\/www.inglet.com\/ca\/wp-json\/wp\/v2\/types\/product"}],"wp:featuredmedia":[{"embeddable":true,"href":"https:\/\/www.inglet.com\/ca\/wp-json\/wp\/v2\/media\/79647"}],"wp:attachment":[{"href":"https:\/\/www.inglet.com\/ca\/wp-json\/wp\/v2\/media?parent=79670"}],"wp:term":[{"taxonomy":"product_brand","embeddable":true,"href":"https:\/\/www.inglet.com\/ca\/wp-json\/wp\/v2\/product_brand?post=79670"},{"taxonomy":"product_cat","embeddable":true,"href":"https:\/\/www.inglet.com\/ca\/wp-json\/wp\/v2\/product_cat?post=79670"},{"taxonomy":"product_tag","embeddable":true,"href":"https:\/\/www.inglet.com\/ca\/wp-json\/wp\/v2\/product_tag?post=79670"}],"curies":[{"name":"wp","href":"https:\/\/api.w.org\/{rel}","templated":true}]}}