{"id":10488,"date":"2019-08-05T14:06:56","date_gmt":"2019-08-05T12:06:56","guid":{"rendered":"http:\/\/www.inglet.com\/home\/"},"modified":"2026-03-31T10:39:09","modified_gmt":"2026-03-31T08:39:09","slug":"home","status":"publish","type":"page","link":"https:\/\/www.inglet.com\/pt-pt\/","title":{"rendered":"Home"},"content":{"rendered":"<p><strong>Venda de <a href=\"https:\/\/www.inglet.com\/pt-pt\/produtos\/\">produtos<\/a> e <a href=\"https:\/\/www.ingletmachinery.com\/es\">maquinaria<\/a> para enquadramento e comunica\u00e7\u00e3o visual.<\/strong><\/p>\n<h4>Na Inglet temos solu\u00e7\u00f5es de vanguarda para facilitar o seu trabalho, bem como um servi\u00e7o personalizado para o aconselhar e fornecer-lhe as que melhor se adequam \u00e0s suas necessidades.<\/h4>\n<p>Fabricamos e vendemos uma grande variedade de cortadores multisubstratos com os quais cobrimos todas as necessidades de corte de todos os materiais utilizados no sector da comunica\u00e7\u00e3o visual, molduras e fotografia. As fresas verticais Inblade e Verdi (em vers\u00f5es manuais ou pneum\u00e1ticas) e as fresas de mesa Inbest destacam-se pelo seu desempenho inigual\u00e1vel e extrema precis\u00e3o. Os nossos cortadores garantem um corte limpo e preciso, mesmo a alturas de 305 cm e espessuras de at\u00e9 22 mm.<\/p>\n<p>Comercializamos produtos e maquinaria para molduras e comunica\u00e7\u00e3o visual, tais como: passpartout, platherboard, moldagem de madeira, perfis de alum\u00ednio para molduras t\u00eaxteis e caixas de luz LED, vidro de museu, cabides adesivos, guias para pendurar imagens, filmes laminadores, fitas adesivas&#8230; Temos tamb\u00e9m um cat\u00e1logo de mais de 3000 produtos especialmente seleccionados para os sectores de molduras, fotografia e impress\u00e3o digital.<\/p>\n<p><strong>Do nosso desejo de continuar a melhorar dia ap\u00f3s dia e em colabora\u00e7\u00e3o com a Efka, nasceu o projecto <a href=\"https:\/\/www.ingletledframes.com\/\">Efka by Inglet<\/a> para o fabrico de molduras t\u00eaxteis e caixas de luz LED.<\/strong><\/p>\n<p>As molduras t\u00eaxteis s\u00e3o molduras feitas de um perfil de alum\u00ednio ao qual \u00e9 anexado um tecido estampado com um an\u00fancio. Isto torna poss\u00edvel mudar facilmente o t\u00eaxtil com a frequ\u00eancia desejada, tornando estas molduras num excelente elemento publicit\u00e1rio para lojas, montras, stands, museus&#8230; Uma moldura t\u00eaxtil assegura um elevado valor de aten\u00e7\u00e3o, \u00e9 dur\u00e1vel e vers\u00e1til de utilizar porque pode ser montada numa parede, pendurado no tecto ou tamb\u00e9m pode ser colocado no ch\u00e3o utilizando p\u00e9s de apoio. Gra\u00e7as \u00e0 sua constru\u00e7\u00e3o modular, a montagem \u00e9 r\u00e1pida e f\u00e1cil. Ligando simplesmente os cantos e colocando a estampa t\u00eaxtil na moldura, o an\u00fancio desejado pode ser feito num piscar de olhos.<\/p>\n<p>Se acrescentar luz, obt\u00e9m caixas de luz LED que acrescentam dimens\u00e3o, atmosfera e um aspecto moderno ao seu espa\u00e7o.<\/p>\n<h4>Na Inglet temos uma vasta gama de perfis de alum\u00ednio para o fabrico personalizado de molduras t\u00eaxteis e caixas de luz LED. Podem ser feitos em branco, preto e prata.<\/h4>\n<p>A nossa equipa \u00e9 altamente qualificada para tornar os projectos dos nossos clientes uma realidade. Inglet \u00e9 capaz de fornecer conselhos passo a passo at\u00e9 conseguirmos um produto totalmente personalizado de excelente qualidade. Trabalhamos muito r\u00e1pida e eficientemente. Podemos entregar, em tempo recorde, tanto barras individuais como estruturas ou estruturas prontas a montar. Gra\u00e7as \u00e0s propriedades modulares do produto, \u00e9 poss\u00edvel fazer embalagens compactas. O transporte em grandes formatos seja uma vantagem.<\/p>\n<p>Dependendo das necessidades do cliente, est\u00e3o dispon\u00edveis as seguintes op\u00e7\u00f5es:<\/p>\n<p>LADO \u00daNICO: Fornecemos molduras de uma s\u00f3 face em diferentes vers\u00f5es, cada uma com as suas pr\u00f3prias caracter\u00edsticas. A estampa t\u00eaxtil \u00e9 f\u00e1cil de substituir, dando rapidamente um novo aspecto a um espa\u00e7o interior ou p\u00fablico.<\/p>\n<p>LADO DUPLO: a moldura t\u00eaxtil de dupla face pode ser usada de p\u00e9 ou suspensa para an\u00fancios em lojas, showrooms, para fazer pain\u00e9is de divis\u00f3rias em qualquer escrit\u00f3rio ou para fazer banners para feiras e outros eventos.<\/p>\n<p>3D: Com perfis modulares 3D, podem ser criadas estruturas mais atraentes. A estampa t\u00eaxtil \u00e9 vis\u00edvel de v\u00e1rios lados e s\u00e3o excelentes tanto para pendurar no tecto como para montar com p\u00e9s de apoio. Perfeito para stands de exposi\u00e7\u00e3o completos.<\/p>\n<p>CURVED: Publicidade impressionante com quadros curvos de uma ou duas faces. Perfeito para banners ou como uma espectacular parede traseira em feiras e exposi\u00e7\u00f5es.<\/p>\n","protected":false},"excerpt":{"rendered":"<p>Venda de produtos e maquinaria para enquadramento e comunica\u00e7\u00e3o visual. Na Inglet temos solu\u00e7\u00f5es de vanguarda para facilitar o seu [&hellip;]<\/p>\n","protected":false},"author":1,"featured_media":0,"parent":0,"menu_order":0,"comment_status":"closed","ping_status":"closed","template":"template-home.php","meta":{"_sitemap_exclude":false,"_sitemap_priority":"","_sitemap_frequency":"","_monsterinsights_skip_tracking":false,"_monsterinsights_sitenote_active":false,"_monsterinsights_sitenote_note":"","_monsterinsights_sitenote_category":0,"footnotes":""},"class_list":["post-10488","page","type-page","status-publish","hentry"],"yoast_head":"<!-- This site is optimized with the Yoast SEO plugin v24.7 - https:\/\/yoast.com\/wordpress\/plugins\/seo\/ -->\n<title>Venda de produtos e maquinaria para enquadramento - INGLET<\/title>\n<meta name=\"description\" content=\"Venda de produtos e maquinaria para enquadramento e comunica\u00e7\u00e3o visual. Passepartout, cart\u00e3o espuma, perfis de alum\u00ednio, vidro de museu...\" \/>\n<meta name=\"robots\" content=\"index, follow, max-snippet:-1, max-image-preview:large, max-video-preview:-1\" \/>\n<link rel=\"canonical\" href=\"https:\/\/www.inglet.com\/pt-pt\/\" \/>\n<meta property=\"og:locale\" content=\"pt_PT\" \/>\n<meta property=\"og:type\" content=\"article\" \/>\n<meta property=\"og:title\" content=\"Venda de produtos e maquinaria para enquadramento - INGLET\" \/>\n<meta property=\"og:description\" content=\"Venda de produtos e maquinaria para enquadramento e comunica\u00e7\u00e3o visual. Passepartout, cart\u00e3o espuma, perfis de alum\u00ednio, vidro de museu...\" \/>\n<meta property=\"og:url\" content=\"https:\/\/www.inglet.com\/pt-pt\/\" \/>\n<meta property=\"og:site_name\" content=\"INGLET\" \/>\n<meta property=\"article:modified_time\" content=\"2026-03-31T08:39:09+00:00\" \/>\n<meta name=\"twitter:card\" content=\"summary_large_image\" \/>\n<meta name=\"twitter:label1\" content=\"Tempo estimado de leitura\" \/>\n\t<meta name=\"twitter:data1\" content=\"3 minutos\" \/>\n<script type=\"application\/ld+json\" class=\"yoast-schema-graph\">{\"@context\":\"https:\/\/schema.org\",\"@graph\":[{\"@type\":\"WebPage\",\"@id\":\"https:\/\/www.inglet.com\/pt-pt\/\",\"url\":\"https:\/\/www.inglet.com\/pt-pt\/\",\"name\":\"Venda de produtos e maquinaria para enquadramento - INGLET\",\"isPartOf\":{\"@id\":\"https:\/\/www.inglet.com\/pt-pt\/#website\"},\"datePublished\":\"2019-08-05T12:06:56+00:00\",\"dateModified\":\"2026-03-31T08:39:09+00:00\",\"description\":\"Venda de produtos e maquinaria para enquadramento e comunica\u00e7\u00e3o visual. Passepartout, cart\u00e3o espuma, perfis de alum\u00ednio, vidro de museu...\",\"breadcrumb\":{\"@id\":\"https:\/\/www.inglet.com\/pt-pt\/#breadcrumb\"},\"inLanguage\":\"pt-PT\",\"potentialAction\":[{\"@type\":\"ReadAction\",\"target\":[\"https:\/\/www.inglet.com\/pt-pt\/\"]}]},{\"@type\":\"BreadcrumbList\",\"@id\":\"https:\/\/www.inglet.com\/pt-pt\/#breadcrumb\",\"itemListElement\":[{\"@type\":\"ListItem\",\"position\":1,\"name\":\"Portada\",\"item\":\"https:\/\/www.inglet.com\/pt-pt\/\"},{\"@type\":\"ListItem\",\"position\":2,\"name\":\"Home\"}]},{\"@type\":\"WebSite\",\"@id\":\"https:\/\/www.inglet.com\/pt-pt\/#website\",\"url\":\"https:\/\/www.inglet.com\/pt-pt\/\",\"name\":\"INGLET\",\"description\":\"Suministros para la enmarcaci\u00f3n y la  impresi\u00f3n digital\",\"publisher\":{\"@id\":\"https:\/\/www.inglet.com\/pt-pt\/#organization\"},\"potentialAction\":[{\"@type\":\"SearchAction\",\"target\":{\"@type\":\"EntryPoint\",\"urlTemplate\":\"https:\/\/www.inglet.com\/pt-pt\/?s={search_term_string}\"},\"query-input\":{\"@type\":\"PropertyValueSpecification\",\"valueRequired\":true,\"valueName\":\"search_term_string\"}}],\"inLanguage\":\"pt-PT\"},{\"@type\":\"Organization\",\"@id\":\"https:\/\/www.inglet.com\/pt-pt\/#organization\",\"name\":\"INGLET, SLU\",\"url\":\"https:\/\/www.inglet.com\/pt-pt\/\",\"logo\":{\"@type\":\"ImageObject\",\"inLanguage\":\"pt-PT\",\"@id\":\"https:\/\/www.inglet.com\/pt-pt\/#\/schema\/logo\/image\/\",\"url\":\"https:\/\/www.inglet.com\/wp-content\/uploads\/2019\/08\/Inglet-Logo.jpg\",\"contentUrl\":\"https:\/\/www.inglet.com\/wp-content\/uploads\/2019\/08\/Inglet-Logo.jpg\",\"width\":264,\"height\":342,\"caption\":\"INGLET, SLU\"},\"image\":{\"@id\":\"https:\/\/www.inglet.com\/pt-pt\/#\/schema\/logo\/image\/\"}}]}<\/script>\n<!-- \/ Yoast SEO plugin. -->","yoast_head_json":{"title":"Venda de produtos e maquinaria para enquadramento - INGLET","description":"Venda de produtos e maquinaria para enquadramento e comunica\u00e7\u00e3o visual. Passepartout, cart\u00e3o espuma, perfis de alum\u00ednio, vidro de museu...","robots":{"index":"index","follow":"follow","max-snippet":"max-snippet:-1","max-image-preview":"max-image-preview:large","max-video-preview":"max-video-preview:-1"},"canonical":"https:\/\/www.inglet.com\/pt-pt\/","og_locale":"pt_PT","og_type":"article","og_title":"Venda de produtos e maquinaria para enquadramento - INGLET","og_description":"Venda de produtos e maquinaria para enquadramento e comunica\u00e7\u00e3o visual. Passepartout, cart\u00e3o espuma, perfis de alum\u00ednio, vidro de museu...","og_url":"https:\/\/www.inglet.com\/pt-pt\/","og_site_name":"INGLET","article_modified_time":"2026-03-31T08:39:09+00:00","twitter_card":"summary_large_image","twitter_misc":{"Tempo estimado de leitura":"3 minutos"},"schema":{"@context":"https:\/\/schema.org","@graph":[{"@type":"WebPage","@id":"https:\/\/www.inglet.com\/pt-pt\/","url":"https:\/\/www.inglet.com\/pt-pt\/","name":"Venda de produtos e maquinaria para enquadramento - INGLET","isPartOf":{"@id":"https:\/\/www.inglet.com\/pt-pt\/#website"},"datePublished":"2019-08-05T12:06:56+00:00","dateModified":"2026-03-31T08:39:09+00:00","description":"Venda de produtos e maquinaria para enquadramento e comunica\u00e7\u00e3o visual. Passepartout, cart\u00e3o espuma, perfis de alum\u00ednio, vidro de museu...","breadcrumb":{"@id":"https:\/\/www.inglet.com\/pt-pt\/#breadcrumb"},"inLanguage":"pt-PT","potentialAction":[{"@type":"ReadAction","target":["https:\/\/www.inglet.com\/pt-pt\/"]}]},{"@type":"BreadcrumbList","@id":"https:\/\/www.inglet.com\/pt-pt\/#breadcrumb","itemListElement":[{"@type":"ListItem","position":1,"name":"Portada","item":"https:\/\/www.inglet.com\/pt-pt\/"},{"@type":"ListItem","position":2,"name":"Home"}]},{"@type":"WebSite","@id":"https:\/\/www.inglet.com\/pt-pt\/#website","url":"https:\/\/www.inglet.com\/pt-pt\/","name":"INGLET","description":"Suministros para la enmarcaci\u00f3n y la  impresi\u00f3n digital","publisher":{"@id":"https:\/\/www.inglet.com\/pt-pt\/#organization"},"potentialAction":[{"@type":"SearchAction","target":{"@type":"EntryPoint","urlTemplate":"https:\/\/www.inglet.com\/pt-pt\/?s={search_term_string}"},"query-input":{"@type":"PropertyValueSpecification","valueRequired":true,"valueName":"search_term_string"}}],"inLanguage":"pt-PT"},{"@type":"Organization","@id":"https:\/\/www.inglet.com\/pt-pt\/#organization","name":"INGLET, SLU","url":"https:\/\/www.inglet.com\/pt-pt\/","logo":{"@type":"ImageObject","inLanguage":"pt-PT","@id":"https:\/\/www.inglet.com\/pt-pt\/#\/schema\/logo\/image\/","url":"https:\/\/www.inglet.com\/wp-content\/uploads\/2019\/08\/Inglet-Logo.jpg","contentUrl":"https:\/\/www.inglet.com\/wp-content\/uploads\/2019\/08\/Inglet-Logo.jpg","width":264,"height":342,"caption":"INGLET, SLU"},"image":{"@id":"https:\/\/www.inglet.com\/pt-pt\/#\/schema\/logo\/image\/"}}]}},"_links":{"self":[{"href":"https:\/\/www.inglet.com\/pt-pt\/wp-json\/wp\/v2\/pages\/10488","targetHints":{"allow":["GET"]}}],"collection":[{"href":"https:\/\/www.inglet.com\/pt-pt\/wp-json\/wp\/v2\/pages"}],"about":[{"href":"https:\/\/www.inglet.com\/pt-pt\/wp-json\/wp\/v2\/types\/page"}],"author":[{"embeddable":true,"href":"https:\/\/www.inglet.com\/pt-pt\/wp-json\/wp\/v2\/users\/1"}],"replies":[{"embeddable":true,"href":"https:\/\/www.inglet.com\/pt-pt\/wp-json\/wp\/v2\/comments?post=10488"}],"version-history":[{"count":1,"href":"https:\/\/www.inglet.com\/pt-pt\/wp-json\/wp\/v2\/pages\/10488\/revisions"}],"predecessor-version":[{"id":76464,"href":"https:\/\/www.inglet.com\/pt-pt\/wp-json\/wp\/v2\/pages\/10488\/revisions\/76464"}],"wp:attachment":[{"href":"https:\/\/www.inglet.com\/pt-pt\/wp-json\/wp\/v2\/media?parent=10488"}],"curies":[{"name":"wp","href":"https:\/\/api.w.org\/{rel}","templated":true}]}}