{"id":25415,"date":"2020-04-22T12:53:09","date_gmt":"2020-04-22T10:53:09","guid":{"rendered":"http:\/\/www.inglet.com\/producto\/sistema-back-frame-de-artiteq\/"},"modified":"2021-09-06T09:36:51","modified_gmt":"2021-09-06T07:36:51","slug":"sistema-back-frame-de-artiteq","status":"publish","type":"product","link":"https:\/\/www.inglet.com\/pt-pt\/producto\/sistema-back-frame-de-artiteq\/","title":{"rendered":"SISTEMA BACK FRAME DE ARTITEQ"},"content":{"rendered":"<p><strong>O Artiteq Back Frame System \u00e9 um sistema de montagem especial para pain\u00e9is finos e flex\u00edveis feitos de alum\u00ednio, forex ou acr\u00edlico.<\/strong><\/p>\n<p>Ajuda a endurecer o painel, enquanto que a montagem permanece f\u00e1cil e segura. O sistema de nivelamento fornecido pelo Back Frame \u00e9 perfeito permitindo que o painel seja ajustado at\u00e9 6 mm. O painel ser\u00e1 sempre nivelado sem necessidade de fazer novos furos.<\/p>\n<p>\u2022 Uma solu\u00e7\u00e3o segura e s\u00f3lida para pendurar pain\u00e9is.<br \/>\u2022 Adiciona profundidade entre o painel e a parede.<br \/>\u2022 Adiciona rigidez aos pain\u00e9is de alum\u00ednio flex\u00edvel (Dibond), forex ou acr\u00edlico.<\/p>\n","protected":false},"excerpt":{"rendered":"<p>O Artiteq Back Frame System \u00e9 um sistema de montagem especial para pain\u00e9is finos e flex\u00edveis feitos de alum\u00ednio, forex [&hellip;]<\/p>\n","protected":false},"featured_media":20889,"template":"","meta":{"_sitemap_exclude":false,"_sitemap_priority":"","_sitemap_frequency":"","_monsterinsights_skip_tracking":false,"_monsterinsights_sitenote_active":false,"_monsterinsights_sitenote_note":"","_monsterinsights_sitenote_category":0},"product_brand":[],"product_cat":[838],"product_tag":[],"class_list":{"0":"post-25415","1":"product","2":"type-product","3":"status-publish","4":"has-post-thumbnail","6":"product_cat-outros-sistemas-de-pendurar-artiteq","8":"first","9":"instock","10":"taxable","11":"shipping-taxable","12":"product-type-grouped"},"yoast_head":"<!-- This site is optimized with the Yoast SEO plugin v24.7 - https:\/\/yoast.com\/wordpress\/plugins\/seo\/ -->\n<title>SISTEMA BACK FRAME DE ARTITEQ - INGLET<\/title>\n<meta name=\"robots\" content=\"index, follow, max-snippet:-1, max-image-preview:large, max-video-preview:-1\" \/>\n<link rel=\"canonical\" href=\"https:\/\/www.inglet.com\/pt-pt\/producto\/sistema-back-frame-de-artiteq\/\" \/>\n<meta property=\"og:locale\" content=\"pt_PT\" \/>\n<meta property=\"og:type\" content=\"article\" \/>\n<meta property=\"og:title\" content=\"SISTEMA BACK FRAME DE ARTITEQ - INGLET\" \/>\n<meta property=\"og:description\" content=\"O Artiteq Back Frame System \u00e9 um sistema de montagem especial para pain\u00e9is finos e flex\u00edveis feitos de alum\u00ednio, forex [&hellip;]\" \/>\n<meta property=\"og:url\" content=\"https:\/\/www.inglet.com\/pt-pt\/producto\/sistema-back-frame-de-artiteq\/\" \/>\n<meta property=\"og:site_name\" content=\"INGLET\" \/>\n<meta property=\"article:modified_time\" content=\"2021-09-06T07:36:51+00:00\" \/>\n<meta property=\"og:image\" content=\"https:\/\/www.inglet.com\/wp-content\/uploads\/2020\/04\/Back_Frame_Artiteq_Web-e1647421925446.jpg\" \/>\n\t<meta property=\"og:image:width\" content=\"250\" \/>\n\t<meta property=\"og:image:height\" content=\"250\" \/>\n\t<meta property=\"og:image:type\" content=\"image\/jpeg\" \/>\n<meta name=\"twitter:card\" content=\"summary_large_image\" \/>\n<meta name=\"twitter:label1\" content=\"Tempo estimado de leitura\" \/>\n\t<meta name=\"twitter:data1\" content=\"1 minuto\" \/>\n<script type=\"application\/ld+json\" class=\"yoast-schema-graph\">{\"@context\":\"https:\/\/schema.org\",\"@graph\":[{\"@type\":\"WebPage\",\"@id\":\"https:\/\/www.inglet.com\/pt-pt\/producto\/sistema-back-frame-de-artiteq\/\",\"url\":\"https:\/\/www.inglet.com\/pt-pt\/producto\/sistema-back-frame-de-artiteq\/\",\"name\":\"SISTEMA BACK FRAME DE ARTITEQ - INGLET\",\"isPartOf\":{\"@id\":\"https:\/\/www.inglet.com\/pt-pt\/#website\"},\"primaryImageOfPage\":{\"@id\":\"https:\/\/www.inglet.com\/pt-pt\/producto\/sistema-back-frame-de-artiteq\/#primaryimage\"},\"image\":{\"@id\":\"https:\/\/www.inglet.com\/pt-pt\/producto\/sistema-back-frame-de-artiteq\/#primaryimage\"},\"thumbnailUrl\":\"https:\/\/www.inglet.com\/wp-content\/uploads\/2020\/04\/Back_Frame_Artiteq_Web-e1647421925446.jpg\",\"datePublished\":\"2020-04-22T10:53:09+00:00\",\"dateModified\":\"2021-09-06T07:36:51+00:00\",\"breadcrumb\":{\"@id\":\"https:\/\/www.inglet.com\/pt-pt\/producto\/sistema-back-frame-de-artiteq\/#breadcrumb\"},\"inLanguage\":\"pt-PT\",\"potentialAction\":[{\"@type\":\"ReadAction\",\"target\":[\"https:\/\/www.inglet.com\/pt-pt\/producto\/sistema-back-frame-de-artiteq\/\"]}]},{\"@type\":\"ImageObject\",\"inLanguage\":\"pt-PT\",\"@id\":\"https:\/\/www.inglet.com\/pt-pt\/producto\/sistema-back-frame-de-artiteq\/#primaryimage\",\"url\":\"https:\/\/www.inglet.com\/wp-content\/uploads\/2020\/04\/Back_Frame_Artiteq_Web-e1647421925446.jpg\",\"contentUrl\":\"https:\/\/www.inglet.com\/wp-content\/uploads\/2020\/04\/Back_Frame_Artiteq_Web-e1647421925446.jpg\",\"width\":250,\"height\":250},{\"@type\":\"BreadcrumbList\",\"@id\":\"https:\/\/www.inglet.com\/pt-pt\/producto\/sistema-back-frame-de-artiteq\/#breadcrumb\",\"itemListElement\":[{\"@type\":\"ListItem\",\"position\":1,\"name\":\"Portada\",\"item\":\"https:\/\/www.inglet.com\/pt-pt\/\"},{\"@type\":\"ListItem\",\"position\":2,\"name\":\"Tienda\",\"item\":\"https:\/\/www.inglet.com\/tienda\/\"},{\"@type\":\"ListItem\",\"position\":3,\"name\":\"SISTEMA BACK FRAME DE ARTITEQ\"}]},{\"@type\":\"WebSite\",\"@id\":\"https:\/\/www.inglet.com\/pt-pt\/#website\",\"url\":\"https:\/\/www.inglet.com\/pt-pt\/\",\"name\":\"INGLET\",\"description\":\"Suministros para la enmarcaci\u00f3n y la  impresi\u00f3n digital\",\"publisher\":{\"@id\":\"https:\/\/www.inglet.com\/pt-pt\/#organization\"},\"potentialAction\":[{\"@type\":\"SearchAction\",\"target\":{\"@type\":\"EntryPoint\",\"urlTemplate\":\"https:\/\/www.inglet.com\/pt-pt\/?s={search_term_string}\"},\"query-input\":{\"@type\":\"PropertyValueSpecification\",\"valueRequired\":true,\"valueName\":\"search_term_string\"}}],\"inLanguage\":\"pt-PT\"},{\"@type\":\"Organization\",\"@id\":\"https:\/\/www.inglet.com\/pt-pt\/#organization\",\"name\":\"INGLET, SLU\",\"url\":\"https:\/\/www.inglet.com\/pt-pt\/\",\"logo\":{\"@type\":\"ImageObject\",\"inLanguage\":\"pt-PT\",\"@id\":\"https:\/\/www.inglet.com\/pt-pt\/#\/schema\/logo\/image\/\",\"url\":\"https:\/\/www.inglet.com\/wp-content\/uploads\/2019\/08\/Inglet-Logo.jpg\",\"contentUrl\":\"https:\/\/www.inglet.com\/wp-content\/uploads\/2019\/08\/Inglet-Logo.jpg\",\"width\":264,\"height\":342,\"caption\":\"INGLET, SLU\"},\"image\":{\"@id\":\"https:\/\/www.inglet.com\/pt-pt\/#\/schema\/logo\/image\/\"}}]}<\/script>\n<!-- \/ Yoast SEO plugin. -->","yoast_head_json":{"title":"SISTEMA BACK FRAME DE ARTITEQ - INGLET","robots":{"index":"index","follow":"follow","max-snippet":"max-snippet:-1","max-image-preview":"max-image-preview:large","max-video-preview":"max-video-preview:-1"},"canonical":"https:\/\/www.inglet.com\/pt-pt\/producto\/sistema-back-frame-de-artiteq\/","og_locale":"pt_PT","og_type":"article","og_title":"SISTEMA BACK FRAME DE ARTITEQ - INGLET","og_description":"O Artiteq Back Frame System \u00e9 um sistema de montagem especial para pain\u00e9is finos e flex\u00edveis feitos de alum\u00ednio, forex [&hellip;]","og_url":"https:\/\/www.inglet.com\/pt-pt\/producto\/sistema-back-frame-de-artiteq\/","og_site_name":"INGLET","article_modified_time":"2021-09-06T07:36:51+00:00","og_image":[{"width":250,"height":250,"url":"https:\/\/www.inglet.com\/wp-content\/uploads\/2020\/04\/Back_Frame_Artiteq_Web-e1647421925446.jpg","type":"image\/jpeg"}],"twitter_card":"summary_large_image","twitter_misc":{"Tempo estimado de leitura":"1 minuto"},"schema":{"@context":"https:\/\/schema.org","@graph":[{"@type":"WebPage","@id":"https:\/\/www.inglet.com\/pt-pt\/producto\/sistema-back-frame-de-artiteq\/","url":"https:\/\/www.inglet.com\/pt-pt\/producto\/sistema-back-frame-de-artiteq\/","name":"SISTEMA BACK FRAME DE ARTITEQ - INGLET","isPartOf":{"@id":"https:\/\/www.inglet.com\/pt-pt\/#website"},"primaryImageOfPage":{"@id":"https:\/\/www.inglet.com\/pt-pt\/producto\/sistema-back-frame-de-artiteq\/#primaryimage"},"image":{"@id":"https:\/\/www.inglet.com\/pt-pt\/producto\/sistema-back-frame-de-artiteq\/#primaryimage"},"thumbnailUrl":"https:\/\/www.inglet.com\/wp-content\/uploads\/2020\/04\/Back_Frame_Artiteq_Web-e1647421925446.jpg","datePublished":"2020-04-22T10:53:09+00:00","dateModified":"2021-09-06T07:36:51+00:00","breadcrumb":{"@id":"https:\/\/www.inglet.com\/pt-pt\/producto\/sistema-back-frame-de-artiteq\/#breadcrumb"},"inLanguage":"pt-PT","potentialAction":[{"@type":"ReadAction","target":["https:\/\/www.inglet.com\/pt-pt\/producto\/sistema-back-frame-de-artiteq\/"]}]},{"@type":"ImageObject","inLanguage":"pt-PT","@id":"https:\/\/www.inglet.com\/pt-pt\/producto\/sistema-back-frame-de-artiteq\/#primaryimage","url":"https:\/\/www.inglet.com\/wp-content\/uploads\/2020\/04\/Back_Frame_Artiteq_Web-e1647421925446.jpg","contentUrl":"https:\/\/www.inglet.com\/wp-content\/uploads\/2020\/04\/Back_Frame_Artiteq_Web-e1647421925446.jpg","width":250,"height":250},{"@type":"BreadcrumbList","@id":"https:\/\/www.inglet.com\/pt-pt\/producto\/sistema-back-frame-de-artiteq\/#breadcrumb","itemListElement":[{"@type":"ListItem","position":1,"name":"Portada","item":"https:\/\/www.inglet.com\/pt-pt\/"},{"@type":"ListItem","position":2,"name":"Tienda","item":"https:\/\/www.inglet.com\/tienda\/"},{"@type":"ListItem","position":3,"name":"SISTEMA BACK FRAME DE ARTITEQ"}]},{"@type":"WebSite","@id":"https:\/\/www.inglet.com\/pt-pt\/#website","url":"https:\/\/www.inglet.com\/pt-pt\/","name":"INGLET","description":"Suministros para la enmarcaci\u00f3n y la  impresi\u00f3n digital","publisher":{"@id":"https:\/\/www.inglet.com\/pt-pt\/#organization"},"potentialAction":[{"@type":"SearchAction","target":{"@type":"EntryPoint","urlTemplate":"https:\/\/www.inglet.com\/pt-pt\/?s={search_term_string}"},"query-input":{"@type":"PropertyValueSpecification","valueRequired":true,"valueName":"search_term_string"}}],"inLanguage":"pt-PT"},{"@type":"Organization","@id":"https:\/\/www.inglet.com\/pt-pt\/#organization","name":"INGLET, SLU","url":"https:\/\/www.inglet.com\/pt-pt\/","logo":{"@type":"ImageObject","inLanguage":"pt-PT","@id":"https:\/\/www.inglet.com\/pt-pt\/#\/schema\/logo\/image\/","url":"https:\/\/www.inglet.com\/wp-content\/uploads\/2019\/08\/Inglet-Logo.jpg","contentUrl":"https:\/\/www.inglet.com\/wp-content\/uploads\/2019\/08\/Inglet-Logo.jpg","width":264,"height":342,"caption":"INGLET, SLU"},"image":{"@id":"https:\/\/www.inglet.com\/pt-pt\/#\/schema\/logo\/image\/"}}]}},"_links":{"self":[{"href":"https:\/\/www.inglet.com\/pt-pt\/wp-json\/wp\/v2\/product\/25415","targetHints":{"allow":["GET"]}}],"collection":[{"href":"https:\/\/www.inglet.com\/pt-pt\/wp-json\/wp\/v2\/product"}],"about":[{"href":"https:\/\/www.inglet.com\/pt-pt\/wp-json\/wp\/v2\/types\/product"}],"wp:featuredmedia":[{"embeddable":true,"href":"https:\/\/www.inglet.com\/pt-pt\/wp-json\/wp\/v2\/media\/20889"}],"wp:attachment":[{"href":"https:\/\/www.inglet.com\/pt-pt\/wp-json\/wp\/v2\/media?parent=25415"}],"wp:term":[{"taxonomy":"product_brand","embeddable":true,"href":"https:\/\/www.inglet.com\/pt-pt\/wp-json\/wp\/v2\/product_brand?post=25415"},{"taxonomy":"product_cat","embeddable":true,"href":"https:\/\/www.inglet.com\/pt-pt\/wp-json\/wp\/v2\/product_cat?post=25415"},{"taxonomy":"product_tag","embeddable":true,"href":"https:\/\/www.inglet.com\/pt-pt\/wp-json\/wp\/v2\/product_tag?post=25415"}],"curies":[{"name":"wp","href":"https:\/\/api.w.org\/{rel}","templated":true}]}}