{"id":28403,"date":"2020-03-16T13:30:43","date_gmt":"2020-03-16T12:30:43","guid":{"rendered":"http:\/\/www.inglet.com\/producto\/hendidora-manual-h435-a3\/"},"modified":"2021-11-11T16:31:05","modified_gmt":"2021-11-11T15:31:05","slug":"fendadora-manual-h435-a3","status":"publish","type":"product","link":"https:\/\/www.inglet.com\/pt-pt\/producto\/fendadora-manual-h435-a3\/","title":{"rendered":"FENDADORA MANUAL  H435 \/ A3"},"content":{"rendered":"<p>Pode fazer vincos em estampas pr\u00e9-laminadas. Dependendo da espessura do papel ou cart\u00e3o e gra\u00e7as ao seu canal duplo pode fazer vincos de 1,2 ou 1,8 mm.<\/p>\n<p><strong>Largura \u00fatil:<\/strong> 435 mm.<br \/>\n<strong>Espessura m\u00e1xima para o vinco:<\/strong> 400 gr\/m2.<\/p>\n","protected":false},"excerpt":{"rendered":"<p>Pode fazer vincos em estampas pr\u00e9-laminadas. Dependendo da espessura do papel ou cart\u00e3o e gra\u00e7as ao seu canal duplo pode [&hellip;]<\/p>\n","protected":false},"featured_media":15658,"template":"","meta":{"_sitemap_exclude":false,"_sitemap_priority":"","_sitemap_frequency":"","_monsterinsights_skip_tracking":false,"_monsterinsights_sitenote_active":false,"_monsterinsights_sitenote_note":"","_monsterinsights_sitenote_category":0},"product_brand":[],"product_cat":[33],"product_tag":[315],"class_list":{"0":"post-28403","1":"product","2":"type-product","3":"status-publish","4":"has-post-thumbnail","6":"categoria_outlet-gabinete-outlet","7":"product_cat-sem-categoria","8":"product_tag-outlet-pt-pt","10":"first","11":"instock","12":"sale","13":"taxable","14":"shipping-taxable","15":"purchasable","16":"product-type-simple"},"yoast_head":"<!-- This site is optimized with the Yoast SEO plugin v24.7 - https:\/\/yoast.com\/wordpress\/plugins\/seo\/ -->\n<title>FENDADORA MANUAL H435 \/ A3 - INGLET<\/title>\n<meta name=\"robots\" content=\"index, follow, max-snippet:-1, max-image-preview:large, max-video-preview:-1\" \/>\n<link rel=\"canonical\" href=\"https:\/\/www.inglet.com\/pt-pt\/producto\/fendadora-manual-h435-a3\/\" \/>\n<meta property=\"og:locale\" content=\"pt_PT\" \/>\n<meta property=\"og:type\" content=\"article\" \/>\n<meta property=\"og:title\" content=\"FENDADORA MANUAL H435 \/ A3 - INGLET\" \/>\n<meta property=\"og:description\" content=\"Pode fazer vincos em estampas pr\u00e9-laminadas. Dependendo da espessura do papel ou cart\u00e3o e gra\u00e7as ao seu canal duplo pode [&hellip;]\" \/>\n<meta property=\"og:url\" content=\"https:\/\/www.inglet.com\/pt-pt\/producto\/fendadora-manual-h435-a3\/\" \/>\n<meta property=\"og:site_name\" content=\"INGLET\" \/>\n<meta property=\"article:modified_time\" content=\"2021-11-11T15:31:05+00:00\" \/>\n<meta property=\"og:image\" content=\"https:\/\/www.inglet.com\/wp-content\/uploads\/2020\/03\/024504_Web.jpg\" \/>\n\t<meta property=\"og:image:width\" content=\"800\" \/>\n\t<meta property=\"og:image:height\" content=\"800\" \/>\n\t<meta property=\"og:image:type\" content=\"image\/jpeg\" \/>\n<meta name=\"twitter:card\" content=\"summary_large_image\" \/>\n<script type=\"application\/ld+json\" class=\"yoast-schema-graph\">{\"@context\":\"https:\/\/schema.org\",\"@graph\":[{\"@type\":\"WebPage\",\"@id\":\"https:\/\/www.inglet.com\/pt-pt\/producto\/fendadora-manual-h435-a3\/\",\"url\":\"https:\/\/www.inglet.com\/pt-pt\/producto\/fendadora-manual-h435-a3\/\",\"name\":\"FENDADORA MANUAL H435 \/ A3 - INGLET\",\"isPartOf\":{\"@id\":\"https:\/\/www.inglet.com\/pt-pt\/#website\"},\"primaryImageOfPage\":{\"@id\":\"https:\/\/www.inglet.com\/pt-pt\/producto\/fendadora-manual-h435-a3\/#primaryimage\"},\"image\":{\"@id\":\"https:\/\/www.inglet.com\/pt-pt\/producto\/fendadora-manual-h435-a3\/#primaryimage\"},\"thumbnailUrl\":\"https:\/\/www.inglet.com\/wp-content\/uploads\/2020\/03\/024504_Web.jpg\",\"datePublished\":\"2020-03-16T12:30:43+00:00\",\"dateModified\":\"2021-11-11T15:31:05+00:00\",\"breadcrumb\":{\"@id\":\"https:\/\/www.inglet.com\/pt-pt\/producto\/fendadora-manual-h435-a3\/#breadcrumb\"},\"inLanguage\":\"pt-PT\",\"potentialAction\":[{\"@type\":\"ReadAction\",\"target\":[\"https:\/\/www.inglet.com\/pt-pt\/producto\/fendadora-manual-h435-a3\/\"]}]},{\"@type\":\"ImageObject\",\"inLanguage\":\"pt-PT\",\"@id\":\"https:\/\/www.inglet.com\/pt-pt\/producto\/fendadora-manual-h435-a3\/#primaryimage\",\"url\":\"https:\/\/www.inglet.com\/wp-content\/uploads\/2020\/03\/024504_Web.jpg\",\"contentUrl\":\"https:\/\/www.inglet.com\/wp-content\/uploads\/2020\/03\/024504_Web.jpg\",\"width\":800,\"height\":800},{\"@type\":\"BreadcrumbList\",\"@id\":\"https:\/\/www.inglet.com\/pt-pt\/producto\/fendadora-manual-h435-a3\/#breadcrumb\",\"itemListElement\":[{\"@type\":\"ListItem\",\"position\":1,\"name\":\"Portada\",\"item\":\"https:\/\/www.inglet.com\/pt-pt\/\"},{\"@type\":\"ListItem\",\"position\":2,\"name\":\"Tienda\",\"item\":\"https:\/\/www.inglet.com\/tienda\/\"},{\"@type\":\"ListItem\",\"position\":3,\"name\":\"FENDADORA MANUAL H435 \/ A3\"}]},{\"@type\":\"WebSite\",\"@id\":\"https:\/\/www.inglet.com\/pt-pt\/#website\",\"url\":\"https:\/\/www.inglet.com\/pt-pt\/\",\"name\":\"INGLET\",\"description\":\"Suministros para la enmarcaci\u00f3n y la  impresi\u00f3n digital\",\"publisher\":{\"@id\":\"https:\/\/www.inglet.com\/pt-pt\/#organization\"},\"potentialAction\":[{\"@type\":\"SearchAction\",\"target\":{\"@type\":\"EntryPoint\",\"urlTemplate\":\"https:\/\/www.inglet.com\/pt-pt\/?s={search_term_string}\"},\"query-input\":{\"@type\":\"PropertyValueSpecification\",\"valueRequired\":true,\"valueName\":\"search_term_string\"}}],\"inLanguage\":\"pt-PT\"},{\"@type\":\"Organization\",\"@id\":\"https:\/\/www.inglet.com\/pt-pt\/#organization\",\"name\":\"INGLET, SLU\",\"url\":\"https:\/\/www.inglet.com\/pt-pt\/\",\"logo\":{\"@type\":\"ImageObject\",\"inLanguage\":\"pt-PT\",\"@id\":\"https:\/\/www.inglet.com\/pt-pt\/#\/schema\/logo\/image\/\",\"url\":\"https:\/\/www.inglet.com\/wp-content\/uploads\/2019\/08\/Inglet-Logo.jpg\",\"contentUrl\":\"https:\/\/www.inglet.com\/wp-content\/uploads\/2019\/08\/Inglet-Logo.jpg\",\"width\":264,\"height\":342,\"caption\":\"INGLET, SLU\"},\"image\":{\"@id\":\"https:\/\/www.inglet.com\/pt-pt\/#\/schema\/logo\/image\/\"}}]}<\/script>\n<!-- \/ Yoast SEO plugin. -->","yoast_head_json":{"title":"FENDADORA MANUAL H435 \/ A3 - INGLET","robots":{"index":"index","follow":"follow","max-snippet":"max-snippet:-1","max-image-preview":"max-image-preview:large","max-video-preview":"max-video-preview:-1"},"canonical":"https:\/\/www.inglet.com\/pt-pt\/producto\/fendadora-manual-h435-a3\/","og_locale":"pt_PT","og_type":"article","og_title":"FENDADORA MANUAL H435 \/ A3 - INGLET","og_description":"Pode fazer vincos em estampas pr\u00e9-laminadas. Dependendo da espessura do papel ou cart\u00e3o e gra\u00e7as ao seu canal duplo pode [&hellip;]","og_url":"https:\/\/www.inglet.com\/pt-pt\/producto\/fendadora-manual-h435-a3\/","og_site_name":"INGLET","article_modified_time":"2021-11-11T15:31:05+00:00","og_image":[{"width":800,"height":800,"url":"https:\/\/www.inglet.com\/wp-content\/uploads\/2020\/03\/024504_Web.jpg","type":"image\/jpeg"}],"twitter_card":"summary_large_image","schema":{"@context":"https:\/\/schema.org","@graph":[{"@type":"WebPage","@id":"https:\/\/www.inglet.com\/pt-pt\/producto\/fendadora-manual-h435-a3\/","url":"https:\/\/www.inglet.com\/pt-pt\/producto\/fendadora-manual-h435-a3\/","name":"FENDADORA MANUAL H435 \/ A3 - INGLET","isPartOf":{"@id":"https:\/\/www.inglet.com\/pt-pt\/#website"},"primaryImageOfPage":{"@id":"https:\/\/www.inglet.com\/pt-pt\/producto\/fendadora-manual-h435-a3\/#primaryimage"},"image":{"@id":"https:\/\/www.inglet.com\/pt-pt\/producto\/fendadora-manual-h435-a3\/#primaryimage"},"thumbnailUrl":"https:\/\/www.inglet.com\/wp-content\/uploads\/2020\/03\/024504_Web.jpg","datePublished":"2020-03-16T12:30:43+00:00","dateModified":"2021-11-11T15:31:05+00:00","breadcrumb":{"@id":"https:\/\/www.inglet.com\/pt-pt\/producto\/fendadora-manual-h435-a3\/#breadcrumb"},"inLanguage":"pt-PT","potentialAction":[{"@type":"ReadAction","target":["https:\/\/www.inglet.com\/pt-pt\/producto\/fendadora-manual-h435-a3\/"]}]},{"@type":"ImageObject","inLanguage":"pt-PT","@id":"https:\/\/www.inglet.com\/pt-pt\/producto\/fendadora-manual-h435-a3\/#primaryimage","url":"https:\/\/www.inglet.com\/wp-content\/uploads\/2020\/03\/024504_Web.jpg","contentUrl":"https:\/\/www.inglet.com\/wp-content\/uploads\/2020\/03\/024504_Web.jpg","width":800,"height":800},{"@type":"BreadcrumbList","@id":"https:\/\/www.inglet.com\/pt-pt\/producto\/fendadora-manual-h435-a3\/#breadcrumb","itemListElement":[{"@type":"ListItem","position":1,"name":"Portada","item":"https:\/\/www.inglet.com\/pt-pt\/"},{"@type":"ListItem","position":2,"name":"Tienda","item":"https:\/\/www.inglet.com\/tienda\/"},{"@type":"ListItem","position":3,"name":"FENDADORA MANUAL H435 \/ A3"}]},{"@type":"WebSite","@id":"https:\/\/www.inglet.com\/pt-pt\/#website","url":"https:\/\/www.inglet.com\/pt-pt\/","name":"INGLET","description":"Suministros para la enmarcaci\u00f3n y la  impresi\u00f3n digital","publisher":{"@id":"https:\/\/www.inglet.com\/pt-pt\/#organization"},"potentialAction":[{"@type":"SearchAction","target":{"@type":"EntryPoint","urlTemplate":"https:\/\/www.inglet.com\/pt-pt\/?s={search_term_string}"},"query-input":{"@type":"PropertyValueSpecification","valueRequired":true,"valueName":"search_term_string"}}],"inLanguage":"pt-PT"},{"@type":"Organization","@id":"https:\/\/www.inglet.com\/pt-pt\/#organization","name":"INGLET, SLU","url":"https:\/\/www.inglet.com\/pt-pt\/","logo":{"@type":"ImageObject","inLanguage":"pt-PT","@id":"https:\/\/www.inglet.com\/pt-pt\/#\/schema\/logo\/image\/","url":"https:\/\/www.inglet.com\/wp-content\/uploads\/2019\/08\/Inglet-Logo.jpg","contentUrl":"https:\/\/www.inglet.com\/wp-content\/uploads\/2019\/08\/Inglet-Logo.jpg","width":264,"height":342,"caption":"INGLET, SLU"},"image":{"@id":"https:\/\/www.inglet.com\/pt-pt\/#\/schema\/logo\/image\/"}}]}},"_links":{"self":[{"href":"https:\/\/www.inglet.com\/pt-pt\/wp-json\/wp\/v2\/product\/28403","targetHints":{"allow":["GET"]}}],"collection":[{"href":"https:\/\/www.inglet.com\/pt-pt\/wp-json\/wp\/v2\/product"}],"about":[{"href":"https:\/\/www.inglet.com\/pt-pt\/wp-json\/wp\/v2\/types\/product"}],"wp:featuredmedia":[{"embeddable":true,"href":"https:\/\/www.inglet.com\/pt-pt\/wp-json\/wp\/v2\/media\/15658"}],"wp:attachment":[{"href":"https:\/\/www.inglet.com\/pt-pt\/wp-json\/wp\/v2\/media?parent=28403"}],"wp:term":[{"taxonomy":"product_brand","embeddable":true,"href":"https:\/\/www.inglet.com\/pt-pt\/wp-json\/wp\/v2\/product_brand?post=28403"},{"taxonomy":"product_cat","embeddable":true,"href":"https:\/\/www.inglet.com\/pt-pt\/wp-json\/wp\/v2\/product_cat?post=28403"},{"taxonomy":"product_tag","embeddable":true,"href":"https:\/\/www.inglet.com\/pt-pt\/wp-json\/wp\/v2\/product_tag?post=28403"}],"curies":[{"name":"wp","href":"https:\/\/api.w.org\/{rel}","templated":true}]}}