{"id":29112,"date":"2020-03-16T13:27:53","date_gmt":"2020-03-16T12:27:53","guid":{"rendered":"http:\/\/www.inglet.com\/producto\/aspirador-trifasico-1-saco-3-hp\/"},"modified":"2021-11-22T09:20:55","modified_gmt":"2021-11-22T08:20:55","slug":"aspirador-trifasico-1-saco-3-hp","status":"publish","type":"product","link":"https:\/\/www.inglet.com\/pt-pt\/producto\/aspirador-trifasico-1-saco-3-hp\/","title":{"rendered":"ASPIRADOR TRIF\u00c1SICO 1 SACO, 3 Hp"},"content":{"rendered":"","protected":false},"excerpt":{"rendered":"<table style=\"border-collapse: collapse; width: 100%;\">\n<tbody>\n<tr>\n<td style=\"width: 50%;\"><strong>Motor:<\/strong><\/td>\n<td style=\"width: 50%;\">3 Hp<\/td>\n<\/tr>\n<tr>\n<td style=\"width: 50%;\"><strong>Di\u00e2metro dos sacos:<\/strong><\/td>\n<td style=\"width: 50%;\">500 mm<\/td>\n<\/tr>\n<tr>\n<td style=\"width: 50%;\"><strong>Altura dos sacos:<\/strong><\/td>\n<td style=\"width: 50%;\">1100 mm<\/td>\n<\/tr>\n<tr>\n<td style=\"width: 50%;\"><strong>Cabe\u00e7a de suc\u00e7\u00e3o:<\/strong><\/td>\n<td style=\"width: 50%;\">3900 m3\/hora<\/td>\n<\/tr>\n<tr>\n<td style=\"width: 50%;\"><strong>Turbina met\u00e1lica:<\/strong><\/td>\n<td style=\"width: 50%;\">300 mm<\/td>\n<\/tr>\n<tr>\n<td style=\"width: 50%;\"><strong>Sa\u00eddas:<\/strong><\/td>\n<td style=\"width: 50%;\">Principal 150 mm \/ 3 ramifica\u00e7\u00f5es a 100 mm<\/td>\n<\/tr>\n<\/tbody>\n<\/table>\n","protected":false},"featured_media":68393,"template":"","meta":{"_sitemap_exclude":false,"_sitemap_priority":"","_sitemap_frequency":"","_monsterinsights_skip_tracking":false,"_monsterinsights_sitenote_active":false,"_monsterinsights_sitenote_note":"","_monsterinsights_sitenote_category":0},"product_brand":[],"product_cat":[33],"product_tag":[315],"class_list":{"0":"post-29112","1":"product","2":"type-product","3":"status-publish","4":"has-post-thumbnail","6":"categoria_outlet-aspiradores-de-po-outlet","7":"product_cat-sem-categoria","8":"product_tag-outlet-pt-pt","10":"first","11":"instock","12":"sale","13":"taxable","14":"shipping-taxable","15":"purchasable","16":"product-type-simple"},"yoast_head":"<!-- This site is optimized with the Yoast SEO plugin v24.7 - https:\/\/yoast.com\/wordpress\/plugins\/seo\/ -->\n<title>ASPIRADOR TRIF\u00c1SICO 1 SACO, 3 Hp - INGLET<\/title>\n<meta name=\"robots\" content=\"index, follow, max-snippet:-1, max-image-preview:large, max-video-preview:-1\" \/>\n<link rel=\"canonical\" href=\"https:\/\/www.inglet.com\/pt-pt\/producto\/aspirador-trifasico-1-saco-3-hp\/\" \/>\n<meta property=\"og:locale\" content=\"pt_PT\" \/>\n<meta property=\"og:type\" content=\"article\" \/>\n<meta property=\"og:title\" content=\"ASPIRADOR TRIF\u00c1SICO 1 SACO, 3 Hp - INGLET\" \/>\n<meta property=\"og:description\" content=\"Motor: 3 Hp   Di\u00e2metro dos sacos: 500 mm   Altura dos sacos: 1100 mm   Cabe\u00e7a de suc\u00e7\u00e3o: 3900 m3\/hora   Turbina met\u00e1lica: 300 mm   Sa\u00eddas: Principal 150 mm \/ 3 ramifica\u00e7\u00f5es a 100 mm\" \/>\n<meta property=\"og:url\" content=\"https:\/\/www.inglet.com\/pt-pt\/producto\/aspirador-trifasico-1-saco-3-hp\/\" \/>\n<meta property=\"og:site_name\" content=\"INGLET\" \/>\n<meta property=\"article:modified_time\" content=\"2021-11-22T08:20:55+00:00\" \/>\n<meta name=\"twitter:card\" content=\"summary_large_image\" \/>\n<script type=\"application\/ld+json\" class=\"yoast-schema-graph\">{\"@context\":\"https:\/\/schema.org\",\"@graph\":[{\"@type\":\"WebPage\",\"@id\":\"https:\/\/www.inglet.com\/pt-pt\/producto\/aspirador-trifasico-1-saco-3-hp\/\",\"url\":\"https:\/\/www.inglet.com\/pt-pt\/producto\/aspirador-trifasico-1-saco-3-hp\/\",\"name\":\"ASPIRADOR TRIF\u00c1SICO 1 SACO, 3 Hp - INGLET\",\"isPartOf\":{\"@id\":\"https:\/\/www.inglet.com\/pt-pt\/#website\"},\"primaryImageOfPage\":{\"@id\":\"https:\/\/www.inglet.com\/pt-pt\/producto\/aspirador-trifasico-1-saco-3-hp\/#primaryimage\"},\"image\":{\"@id\":\"https:\/\/www.inglet.com\/pt-pt\/producto\/aspirador-trifasico-1-saco-3-hp\/#primaryimage\"},\"thumbnailUrl\":\"https:\/\/www.inglet.com\/wp-content\/uploads\/2020\/03\/021114_Web.jpg\",\"datePublished\":\"2020-03-16T12:27:53+00:00\",\"dateModified\":\"2021-11-22T08:20:55+00:00\",\"breadcrumb\":{\"@id\":\"https:\/\/www.inglet.com\/pt-pt\/producto\/aspirador-trifasico-1-saco-3-hp\/#breadcrumb\"},\"inLanguage\":\"pt-PT\",\"potentialAction\":[{\"@type\":\"ReadAction\",\"target\":[\"https:\/\/www.inglet.com\/pt-pt\/producto\/aspirador-trifasico-1-saco-3-hp\/\"]}]},{\"@type\":\"ImageObject\",\"inLanguage\":\"pt-PT\",\"@id\":\"https:\/\/www.inglet.com\/pt-pt\/producto\/aspirador-trifasico-1-saco-3-hp\/#primaryimage\",\"url\":\"https:\/\/www.inglet.com\/wp-content\/uploads\/2020\/03\/021114_Web.jpg\",\"contentUrl\":\"https:\/\/www.inglet.com\/wp-content\/uploads\/2020\/03\/021114_Web.jpg\",\"width\":600,\"height\":600},{\"@type\":\"BreadcrumbList\",\"@id\":\"https:\/\/www.inglet.com\/pt-pt\/producto\/aspirador-trifasico-1-saco-3-hp\/#breadcrumb\",\"itemListElement\":[{\"@type\":\"ListItem\",\"position\":1,\"name\":\"Portada\",\"item\":\"https:\/\/www.inglet.com\/pt-pt\/\"},{\"@type\":\"ListItem\",\"position\":2,\"name\":\"Tienda\",\"item\":\"https:\/\/www.inglet.com\/tienda\/\"},{\"@type\":\"ListItem\",\"position\":3,\"name\":\"ASPIRADOR TRIF\u00c1SICO 1 SACO, 3 Hp\"}]},{\"@type\":\"WebSite\",\"@id\":\"https:\/\/www.inglet.com\/pt-pt\/#website\",\"url\":\"https:\/\/www.inglet.com\/pt-pt\/\",\"name\":\"INGLET\",\"description\":\"Suministros para la enmarcaci\u00f3n y la  impresi\u00f3n digital\",\"publisher\":{\"@id\":\"https:\/\/www.inglet.com\/pt-pt\/#organization\"},\"potentialAction\":[{\"@type\":\"SearchAction\",\"target\":{\"@type\":\"EntryPoint\",\"urlTemplate\":\"https:\/\/www.inglet.com\/pt-pt\/?s={search_term_string}\"},\"query-input\":{\"@type\":\"PropertyValueSpecification\",\"valueRequired\":true,\"valueName\":\"search_term_string\"}}],\"inLanguage\":\"pt-PT\"},{\"@type\":\"Organization\",\"@id\":\"https:\/\/www.inglet.com\/pt-pt\/#organization\",\"name\":\"INGLET, SLU\",\"url\":\"https:\/\/www.inglet.com\/pt-pt\/\",\"logo\":{\"@type\":\"ImageObject\",\"inLanguage\":\"pt-PT\",\"@id\":\"https:\/\/www.inglet.com\/pt-pt\/#\/schema\/logo\/image\/\",\"url\":\"https:\/\/www.inglet.com\/wp-content\/uploads\/2019\/08\/Inglet-Logo.jpg\",\"contentUrl\":\"https:\/\/www.inglet.com\/wp-content\/uploads\/2019\/08\/Inglet-Logo.jpg\",\"width\":264,\"height\":342,\"caption\":\"INGLET, SLU\"},\"image\":{\"@id\":\"https:\/\/www.inglet.com\/pt-pt\/#\/schema\/logo\/image\/\"}}]}<\/script>\n<!-- \/ Yoast SEO plugin. -->","yoast_head_json":{"title":"ASPIRADOR TRIF\u00c1SICO 1 SACO, 3 Hp - INGLET","robots":{"index":"index","follow":"follow","max-snippet":"max-snippet:-1","max-image-preview":"max-image-preview:large","max-video-preview":"max-video-preview:-1"},"canonical":"https:\/\/www.inglet.com\/pt-pt\/producto\/aspirador-trifasico-1-saco-3-hp\/","og_locale":"pt_PT","og_type":"article","og_title":"ASPIRADOR TRIF\u00c1SICO 1 SACO, 3 Hp - INGLET","og_description":"Motor: 3 Hp   Di\u00e2metro dos sacos: 500 mm   Altura dos sacos: 1100 mm   Cabe\u00e7a de suc\u00e7\u00e3o: 3900 m3\/hora   Turbina met\u00e1lica: 300 mm   Sa\u00eddas: Principal 150 mm \/ 3 ramifica\u00e7\u00f5es a 100 mm","og_url":"https:\/\/www.inglet.com\/pt-pt\/producto\/aspirador-trifasico-1-saco-3-hp\/","og_site_name":"INGLET","article_modified_time":"2021-11-22T08:20:55+00:00","twitter_card":"summary_large_image","schema":{"@context":"https:\/\/schema.org","@graph":[{"@type":"WebPage","@id":"https:\/\/www.inglet.com\/pt-pt\/producto\/aspirador-trifasico-1-saco-3-hp\/","url":"https:\/\/www.inglet.com\/pt-pt\/producto\/aspirador-trifasico-1-saco-3-hp\/","name":"ASPIRADOR TRIF\u00c1SICO 1 SACO, 3 Hp - INGLET","isPartOf":{"@id":"https:\/\/www.inglet.com\/pt-pt\/#website"},"primaryImageOfPage":{"@id":"https:\/\/www.inglet.com\/pt-pt\/producto\/aspirador-trifasico-1-saco-3-hp\/#primaryimage"},"image":{"@id":"https:\/\/www.inglet.com\/pt-pt\/producto\/aspirador-trifasico-1-saco-3-hp\/#primaryimage"},"thumbnailUrl":"https:\/\/www.inglet.com\/wp-content\/uploads\/2020\/03\/021114_Web.jpg","datePublished":"2020-03-16T12:27:53+00:00","dateModified":"2021-11-22T08:20:55+00:00","breadcrumb":{"@id":"https:\/\/www.inglet.com\/pt-pt\/producto\/aspirador-trifasico-1-saco-3-hp\/#breadcrumb"},"inLanguage":"pt-PT","potentialAction":[{"@type":"ReadAction","target":["https:\/\/www.inglet.com\/pt-pt\/producto\/aspirador-trifasico-1-saco-3-hp\/"]}]},{"@type":"ImageObject","inLanguage":"pt-PT","@id":"https:\/\/www.inglet.com\/pt-pt\/producto\/aspirador-trifasico-1-saco-3-hp\/#primaryimage","url":"https:\/\/www.inglet.com\/wp-content\/uploads\/2020\/03\/021114_Web.jpg","contentUrl":"https:\/\/www.inglet.com\/wp-content\/uploads\/2020\/03\/021114_Web.jpg","width":600,"height":600},{"@type":"BreadcrumbList","@id":"https:\/\/www.inglet.com\/pt-pt\/producto\/aspirador-trifasico-1-saco-3-hp\/#breadcrumb","itemListElement":[{"@type":"ListItem","position":1,"name":"Portada","item":"https:\/\/www.inglet.com\/pt-pt\/"},{"@type":"ListItem","position":2,"name":"Tienda","item":"https:\/\/www.inglet.com\/tienda\/"},{"@type":"ListItem","position":3,"name":"ASPIRADOR TRIF\u00c1SICO 1 SACO, 3 Hp"}]},{"@type":"WebSite","@id":"https:\/\/www.inglet.com\/pt-pt\/#website","url":"https:\/\/www.inglet.com\/pt-pt\/","name":"INGLET","description":"Suministros para la enmarcaci\u00f3n y la  impresi\u00f3n digital","publisher":{"@id":"https:\/\/www.inglet.com\/pt-pt\/#organization"},"potentialAction":[{"@type":"SearchAction","target":{"@type":"EntryPoint","urlTemplate":"https:\/\/www.inglet.com\/pt-pt\/?s={search_term_string}"},"query-input":{"@type":"PropertyValueSpecification","valueRequired":true,"valueName":"search_term_string"}}],"inLanguage":"pt-PT"},{"@type":"Organization","@id":"https:\/\/www.inglet.com\/pt-pt\/#organization","name":"INGLET, SLU","url":"https:\/\/www.inglet.com\/pt-pt\/","logo":{"@type":"ImageObject","inLanguage":"pt-PT","@id":"https:\/\/www.inglet.com\/pt-pt\/#\/schema\/logo\/image\/","url":"https:\/\/www.inglet.com\/wp-content\/uploads\/2019\/08\/Inglet-Logo.jpg","contentUrl":"https:\/\/www.inglet.com\/wp-content\/uploads\/2019\/08\/Inglet-Logo.jpg","width":264,"height":342,"caption":"INGLET, SLU"},"image":{"@id":"https:\/\/www.inglet.com\/pt-pt\/#\/schema\/logo\/image\/"}}]}},"_links":{"self":[{"href":"https:\/\/www.inglet.com\/pt-pt\/wp-json\/wp\/v2\/product\/29112","targetHints":{"allow":["GET"]}}],"collection":[{"href":"https:\/\/www.inglet.com\/pt-pt\/wp-json\/wp\/v2\/product"}],"about":[{"href":"https:\/\/www.inglet.com\/pt-pt\/wp-json\/wp\/v2\/types\/product"}],"wp:featuredmedia":[{"embeddable":true,"href":"https:\/\/www.inglet.com\/pt-pt\/wp-json\/wp\/v2\/media\/68393"}],"wp:attachment":[{"href":"https:\/\/www.inglet.com\/pt-pt\/wp-json\/wp\/v2\/media?parent=29112"}],"wp:term":[{"taxonomy":"product_brand","embeddable":true,"href":"https:\/\/www.inglet.com\/pt-pt\/wp-json\/wp\/v2\/product_brand?post=29112"},{"taxonomy":"product_cat","embeddable":true,"href":"https:\/\/www.inglet.com\/pt-pt\/wp-json\/wp\/v2\/product_cat?post=29112"},{"taxonomy":"product_tag","embeddable":true,"href":"https:\/\/www.inglet.com\/pt-pt\/wp-json\/wp\/v2\/product_tag?post=29112"}],"curies":[{"name":"wp","href":"https:\/\/api.w.org\/{rel}","templated":true}]}}