{"id":29310,"date":"2020-03-16T13:27:12","date_gmt":"2020-03-16T12:27:12","guid":{"rendered":"http:\/\/www.inglet.com\/producto\/gotas-adhesivas-doble-cara-removibles-2\/"},"modified":"2021-11-12T09:41:23","modified_gmt":"2021-11-12T08:41:23","slug":"gotas-adhesivas-doble-cara-removibles-2","status":"publish","type":"product","link":"https:\/\/www.inglet.com\/pt-pt\/producto\/gotas-adhesivas-doble-cara-removibles-2\/","title":{"rendered":"GOTAS ADESIVAS DUPLA FACE REMOV\u00cdVELS"},"content":{"rendered":"<p>Caixas com 150 gotas adesivas de dupla face de 15 mm de di\u00e2metro. Adesivo frio e remov\u00edvel que \u00e9 transferido sem contacto com os dedos. Ideal para \u00e1lbuns de fotografias, artesanato, layout e muitas outras aplica\u00e7\u00f5es di\u00e1rias. N\u00e3o t\u00f3xico.<\/p>\n","protected":false},"excerpt":{"rendered":"<p>Caixas com 150 gotas adesivas de dupla face de 15 mm de di\u00e2metro. Adesivo frio e remov\u00edvel que \u00e9 transferido [&hellip;]<\/p>\n","protected":false},"featured_media":15198,"template":"","meta":{"_sitemap_exclude":false,"_sitemap_priority":"","_sitemap_frequency":"","_monsterinsights_skip_tracking":false,"_monsterinsights_sitenote_active":false,"_monsterinsights_sitenote_note":"","_monsterinsights_sitenote_category":0},"product_brand":[],"product_cat":[33],"product_tag":[315],"class_list":{"0":"post-29310","1":"product","2":"type-product","3":"status-publish","4":"has-post-thumbnail","6":"categoria_outlet-colas-adesivas-outlet","7":"product_cat-sem-categoria","8":"product_tag-outlet-pt-pt","10":"first","11":"instock","12":"sale","13":"taxable","14":"shipping-taxable","15":"purchasable","16":"product-type-simple"},"yoast_head":"<!-- This site is optimized with the Yoast SEO plugin v24.7 - https:\/\/yoast.com\/wordpress\/plugins\/seo\/ -->\n<title>GOTAS ADESIVAS DUPLA FACE REMOV\u00cdVELS - INGLET<\/title>\n<meta name=\"robots\" content=\"index, follow, max-snippet:-1, max-image-preview:large, max-video-preview:-1\" \/>\n<link rel=\"canonical\" href=\"https:\/\/www.inglet.com\/pt-pt\/producto\/gotas-adhesivas-doble-cara-removibles-2\/\" \/>\n<meta property=\"og:locale\" content=\"pt_PT\" \/>\n<meta property=\"og:type\" content=\"article\" \/>\n<meta property=\"og:title\" content=\"GOTAS ADESIVAS DUPLA FACE REMOV\u00cdVELS - INGLET\" \/>\n<meta property=\"og:description\" content=\"Caixas com 150 gotas adesivas de dupla face de 15 mm de di\u00e2metro. Adesivo frio e remov\u00edvel que \u00e9 transferido [&hellip;]\" \/>\n<meta property=\"og:url\" content=\"https:\/\/www.inglet.com\/pt-pt\/producto\/gotas-adhesivas-doble-cara-removibles-2\/\" \/>\n<meta property=\"og:site_name\" content=\"INGLET\" \/>\n<meta property=\"article:modified_time\" content=\"2021-11-12T08:41:23+00:00\" \/>\n<meta property=\"og:image\" content=\"https:\/\/www.inglet.com\/wp-content\/uploads\/2020\/03\/120260_Web.jpg\" \/>\n\t<meta property=\"og:image:width\" content=\"520\" \/>\n\t<meta property=\"og:image:height\" content=\"520\" \/>\n\t<meta property=\"og:image:type\" content=\"image\/jpeg\" \/>\n<meta name=\"twitter:card\" content=\"summary_large_image\" \/>\n<script type=\"application\/ld+json\" class=\"yoast-schema-graph\">{\"@context\":\"https:\/\/schema.org\",\"@graph\":[{\"@type\":\"WebPage\",\"@id\":\"https:\/\/www.inglet.com\/pt-pt\/producto\/gotas-adhesivas-doble-cara-removibles-2\/\",\"url\":\"https:\/\/www.inglet.com\/pt-pt\/producto\/gotas-adhesivas-doble-cara-removibles-2\/\",\"name\":\"GOTAS ADESIVAS DUPLA FACE REMOV\u00cdVELS - INGLET\",\"isPartOf\":{\"@id\":\"https:\/\/www.inglet.com\/pt-pt\/#website\"},\"primaryImageOfPage\":{\"@id\":\"https:\/\/www.inglet.com\/pt-pt\/producto\/gotas-adhesivas-doble-cara-removibles-2\/#primaryimage\"},\"image\":{\"@id\":\"https:\/\/www.inglet.com\/pt-pt\/producto\/gotas-adhesivas-doble-cara-removibles-2\/#primaryimage\"},\"thumbnailUrl\":\"https:\/\/www.inglet.com\/wp-content\/uploads\/2020\/03\/120260_Web.jpg\",\"datePublished\":\"2020-03-16T12:27:12+00:00\",\"dateModified\":\"2021-11-12T08:41:23+00:00\",\"breadcrumb\":{\"@id\":\"https:\/\/www.inglet.com\/pt-pt\/producto\/gotas-adhesivas-doble-cara-removibles-2\/#breadcrumb\"},\"inLanguage\":\"pt-PT\",\"potentialAction\":[{\"@type\":\"ReadAction\",\"target\":[\"https:\/\/www.inglet.com\/pt-pt\/producto\/gotas-adhesivas-doble-cara-removibles-2\/\"]}]},{\"@type\":\"ImageObject\",\"inLanguage\":\"pt-PT\",\"@id\":\"https:\/\/www.inglet.com\/pt-pt\/producto\/gotas-adhesivas-doble-cara-removibles-2\/#primaryimage\",\"url\":\"https:\/\/www.inglet.com\/wp-content\/uploads\/2020\/03\/120260_Web.jpg\",\"contentUrl\":\"https:\/\/www.inglet.com\/wp-content\/uploads\/2020\/03\/120260_Web.jpg\",\"width\":520,\"height\":520},{\"@type\":\"BreadcrumbList\",\"@id\":\"https:\/\/www.inglet.com\/pt-pt\/producto\/gotas-adhesivas-doble-cara-removibles-2\/#breadcrumb\",\"itemListElement\":[{\"@type\":\"ListItem\",\"position\":1,\"name\":\"Portada\",\"item\":\"https:\/\/www.inglet.com\/pt-pt\/\"},{\"@type\":\"ListItem\",\"position\":2,\"name\":\"Tienda\",\"item\":\"https:\/\/www.inglet.com\/tienda\/\"},{\"@type\":\"ListItem\",\"position\":3,\"name\":\"GOTAS ADESIVAS DUPLA FACE REMOV\u00cdVELS\"}]},{\"@type\":\"WebSite\",\"@id\":\"https:\/\/www.inglet.com\/pt-pt\/#website\",\"url\":\"https:\/\/www.inglet.com\/pt-pt\/\",\"name\":\"INGLET\",\"description\":\"Suministros para la enmarcaci\u00f3n y la  impresi\u00f3n digital\",\"publisher\":{\"@id\":\"https:\/\/www.inglet.com\/pt-pt\/#organization\"},\"potentialAction\":[{\"@type\":\"SearchAction\",\"target\":{\"@type\":\"EntryPoint\",\"urlTemplate\":\"https:\/\/www.inglet.com\/pt-pt\/?s={search_term_string}\"},\"query-input\":{\"@type\":\"PropertyValueSpecification\",\"valueRequired\":true,\"valueName\":\"search_term_string\"}}],\"inLanguage\":\"pt-PT\"},{\"@type\":\"Organization\",\"@id\":\"https:\/\/www.inglet.com\/pt-pt\/#organization\",\"name\":\"INGLET, SLU\",\"url\":\"https:\/\/www.inglet.com\/pt-pt\/\",\"logo\":{\"@type\":\"ImageObject\",\"inLanguage\":\"pt-PT\",\"@id\":\"https:\/\/www.inglet.com\/pt-pt\/#\/schema\/logo\/image\/\",\"url\":\"https:\/\/www.inglet.com\/wp-content\/uploads\/2019\/08\/Inglet-Logo.jpg\",\"contentUrl\":\"https:\/\/www.inglet.com\/wp-content\/uploads\/2019\/08\/Inglet-Logo.jpg\",\"width\":264,\"height\":342,\"caption\":\"INGLET, SLU\"},\"image\":{\"@id\":\"https:\/\/www.inglet.com\/pt-pt\/#\/schema\/logo\/image\/\"}}]}<\/script>\n<!-- \/ Yoast SEO plugin. -->","yoast_head_json":{"title":"GOTAS ADESIVAS DUPLA FACE REMOV\u00cdVELS - INGLET","robots":{"index":"index","follow":"follow","max-snippet":"max-snippet:-1","max-image-preview":"max-image-preview:large","max-video-preview":"max-video-preview:-1"},"canonical":"https:\/\/www.inglet.com\/pt-pt\/producto\/gotas-adhesivas-doble-cara-removibles-2\/","og_locale":"pt_PT","og_type":"article","og_title":"GOTAS ADESIVAS DUPLA FACE REMOV\u00cdVELS - INGLET","og_description":"Caixas com 150 gotas adesivas de dupla face de 15 mm de di\u00e2metro. Adesivo frio e remov\u00edvel que \u00e9 transferido [&hellip;]","og_url":"https:\/\/www.inglet.com\/pt-pt\/producto\/gotas-adhesivas-doble-cara-removibles-2\/","og_site_name":"INGLET","article_modified_time":"2021-11-12T08:41:23+00:00","og_image":[{"width":520,"height":520,"url":"https:\/\/www.inglet.com\/wp-content\/uploads\/2020\/03\/120260_Web.jpg","type":"image\/jpeg"}],"twitter_card":"summary_large_image","schema":{"@context":"https:\/\/schema.org","@graph":[{"@type":"WebPage","@id":"https:\/\/www.inglet.com\/pt-pt\/producto\/gotas-adhesivas-doble-cara-removibles-2\/","url":"https:\/\/www.inglet.com\/pt-pt\/producto\/gotas-adhesivas-doble-cara-removibles-2\/","name":"GOTAS ADESIVAS DUPLA FACE REMOV\u00cdVELS - INGLET","isPartOf":{"@id":"https:\/\/www.inglet.com\/pt-pt\/#website"},"primaryImageOfPage":{"@id":"https:\/\/www.inglet.com\/pt-pt\/producto\/gotas-adhesivas-doble-cara-removibles-2\/#primaryimage"},"image":{"@id":"https:\/\/www.inglet.com\/pt-pt\/producto\/gotas-adhesivas-doble-cara-removibles-2\/#primaryimage"},"thumbnailUrl":"https:\/\/www.inglet.com\/wp-content\/uploads\/2020\/03\/120260_Web.jpg","datePublished":"2020-03-16T12:27:12+00:00","dateModified":"2021-11-12T08:41:23+00:00","breadcrumb":{"@id":"https:\/\/www.inglet.com\/pt-pt\/producto\/gotas-adhesivas-doble-cara-removibles-2\/#breadcrumb"},"inLanguage":"pt-PT","potentialAction":[{"@type":"ReadAction","target":["https:\/\/www.inglet.com\/pt-pt\/producto\/gotas-adhesivas-doble-cara-removibles-2\/"]}]},{"@type":"ImageObject","inLanguage":"pt-PT","@id":"https:\/\/www.inglet.com\/pt-pt\/producto\/gotas-adhesivas-doble-cara-removibles-2\/#primaryimage","url":"https:\/\/www.inglet.com\/wp-content\/uploads\/2020\/03\/120260_Web.jpg","contentUrl":"https:\/\/www.inglet.com\/wp-content\/uploads\/2020\/03\/120260_Web.jpg","width":520,"height":520},{"@type":"BreadcrumbList","@id":"https:\/\/www.inglet.com\/pt-pt\/producto\/gotas-adhesivas-doble-cara-removibles-2\/#breadcrumb","itemListElement":[{"@type":"ListItem","position":1,"name":"Portada","item":"https:\/\/www.inglet.com\/pt-pt\/"},{"@type":"ListItem","position":2,"name":"Tienda","item":"https:\/\/www.inglet.com\/tienda\/"},{"@type":"ListItem","position":3,"name":"GOTAS ADESIVAS DUPLA FACE REMOV\u00cdVELS"}]},{"@type":"WebSite","@id":"https:\/\/www.inglet.com\/pt-pt\/#website","url":"https:\/\/www.inglet.com\/pt-pt\/","name":"INGLET","description":"Suministros para la enmarcaci\u00f3n y la  impresi\u00f3n digital","publisher":{"@id":"https:\/\/www.inglet.com\/pt-pt\/#organization"},"potentialAction":[{"@type":"SearchAction","target":{"@type":"EntryPoint","urlTemplate":"https:\/\/www.inglet.com\/pt-pt\/?s={search_term_string}"},"query-input":{"@type":"PropertyValueSpecification","valueRequired":true,"valueName":"search_term_string"}}],"inLanguage":"pt-PT"},{"@type":"Organization","@id":"https:\/\/www.inglet.com\/pt-pt\/#organization","name":"INGLET, SLU","url":"https:\/\/www.inglet.com\/pt-pt\/","logo":{"@type":"ImageObject","inLanguage":"pt-PT","@id":"https:\/\/www.inglet.com\/pt-pt\/#\/schema\/logo\/image\/","url":"https:\/\/www.inglet.com\/wp-content\/uploads\/2019\/08\/Inglet-Logo.jpg","contentUrl":"https:\/\/www.inglet.com\/wp-content\/uploads\/2019\/08\/Inglet-Logo.jpg","width":264,"height":342,"caption":"INGLET, SLU"},"image":{"@id":"https:\/\/www.inglet.com\/pt-pt\/#\/schema\/logo\/image\/"}}]}},"_links":{"self":[{"href":"https:\/\/www.inglet.com\/pt-pt\/wp-json\/wp\/v2\/product\/29310","targetHints":{"allow":["GET"]}}],"collection":[{"href":"https:\/\/www.inglet.com\/pt-pt\/wp-json\/wp\/v2\/product"}],"about":[{"href":"https:\/\/www.inglet.com\/pt-pt\/wp-json\/wp\/v2\/types\/product"}],"wp:featuredmedia":[{"embeddable":true,"href":"https:\/\/www.inglet.com\/pt-pt\/wp-json\/wp\/v2\/media\/15198"}],"wp:attachment":[{"href":"https:\/\/www.inglet.com\/pt-pt\/wp-json\/wp\/v2\/media?parent=29310"}],"wp:term":[{"taxonomy":"product_brand","embeddable":true,"href":"https:\/\/www.inglet.com\/pt-pt\/wp-json\/wp\/v2\/product_brand?post=29310"},{"taxonomy":"product_cat","embeddable":true,"href":"https:\/\/www.inglet.com\/pt-pt\/wp-json\/wp\/v2\/product_cat?post=29310"},{"taxonomy":"product_tag","embeddable":true,"href":"https:\/\/www.inglet.com\/pt-pt\/wp-json\/wp\/v2\/product_tag?post=29310"}],"curies":[{"name":"wp","href":"https:\/\/api.w.org\/{rel}","templated":true}]}}