{"id":30303,"date":"2020-01-22T19:40:13","date_gmt":"2020-01-22T18:40:13","guid":{"rendered":"http:\/\/www.inglet.com\/producto\/adhesivos-doble-cara-q-plus-laminadora-frio\/"},"modified":"2024-12-09T12:17:34","modified_gmt":"2024-12-09T11:17:34","slug":"adesivos-dupla-face-q-plus-filme-laminacaoras-a-frio","status":"publish","type":"product","link":"https:\/\/www.inglet.com\/pt-pt\/producto\/adesivos-dupla-face-q-plus-filme-laminacaoras-a-frio\/","title":{"rendered":"ADESIVOS DUPLA FACE Q-PLUS FILME LAMINA\u00c7\u00c3ORAS A FRIO"},"content":{"rendered":"<p>Pel\u00edcula adesiva de poli\u00e9ster de 12 \u00b5 tratada com uma elevada oxida\u00e7\u00e3o em ambos os lados, resistente aos UV e \u00e0 eros\u00e3o com um adesivo permanente sens\u00edvel \u00e0 press\u00e3o. Este adesivo \u00e9 laminado a 120 gsm PE e <strong>revestido com papel de silicone numa das faces.<\/strong> As aplica\u00e7\u00f5es sugeridas incluem montagem por jacto de tinta, impress\u00e3o em papel fotogr\u00e1fico ou em v\u00e1rios substratos r\u00edgidos como PVC, Dibond, cart\u00e3o espuma, cart\u00e3o, etc&#8230; O produto \u00e9 fornecido em rolos com um di\u00e2metro de n\u00facleo de 76 mm e est\u00e1 dispon\u00edvel nos tamanhos de 1040 mm, 1300 mm e 1530 mm. <strong>N\u00e3o recomendado para utiliza\u00e7\u00e3o em MDF.<\/strong><\/p>\n","protected":false},"excerpt":{"rendered":"<p>Pel\u00edcula adesiva de poli\u00e9ster de 12 \u00b5 tratada com uma elevada oxida\u00e7\u00e3o em ambos os lados, resistente aos UV e [&hellip;]<\/p>\n","protected":false},"featured_media":41607,"template":"","meta":{"_sitemap_exclude":false,"_sitemap_priority":"","_sitemap_frequency":"","_monsterinsights_skip_tracking":false,"_monsterinsights_sitenote_active":false,"_monsterinsights_sitenote_note":"","_monsterinsights_sitenote_category":0},"product_brand":[],"product_cat":[606,681],"product_tag":[],"class_list":{"0":"post-30303","1":"product","2":"type-product","3":"status-publish","4":"has-post-thumbnail","6":"product_cat-adesivos-de-dupla-face-para-plastificacao-a-frio","7":"product_cat-adesivos-de-dupla-face-para-laminacao-a-frio-pt-pt","9":"first","10":"outofstock","11":"taxable","12":"shipping-taxable","13":"product-type-grouped"},"yoast_head":"<!-- This site is optimized with the Yoast SEO plugin v24.7 - https:\/\/yoast.com\/wordpress\/plugins\/seo\/ -->\n<title>ADESIVOS DUPLA FACE Q-PLUS FILME LAMINA\u00c7\u00c3ORAS A FRIO - INGLET<\/title>\n<meta name=\"robots\" content=\"index, follow, max-snippet:-1, max-image-preview:large, max-video-preview:-1\" \/>\n<link rel=\"canonical\" href=\"https:\/\/www.inglet.com\/pt-pt\/producto\/adesivos-dupla-face-q-plus-filme-laminacaoras-a-frio\/\" \/>\n<meta property=\"og:locale\" content=\"pt_PT\" \/>\n<meta property=\"og:type\" content=\"article\" \/>\n<meta property=\"og:title\" content=\"ADESIVOS DUPLA FACE Q-PLUS FILME LAMINA\u00c7\u00c3ORAS A FRIO - INGLET\" \/>\n<meta property=\"og:description\" content=\"Pel\u00edcula adesiva de poli\u00e9ster de 12 \u00b5 tratada com uma elevada oxida\u00e7\u00e3o em ambos os lados, resistente aos UV e [&hellip;]\" \/>\n<meta property=\"og:url\" content=\"https:\/\/www.inglet.com\/pt-pt\/producto\/adesivos-dupla-face-q-plus-filme-laminacaoras-a-frio\/\" \/>\n<meta property=\"og:site_name\" content=\"INGLET\" \/>\n<meta property=\"article:modified_time\" content=\"2024-12-09T11:17:34+00:00\" \/>\n<meta property=\"og:image\" content=\"https:\/\/www.inglet.com\/wp-content\/uploads\/2020\/01\/251001AQ.jpg\" \/>\n\t<meta property=\"og:image:width\" content=\"800\" \/>\n\t<meta property=\"og:image:height\" content=\"800\" \/>\n\t<meta property=\"og:image:type\" content=\"image\/jpeg\" \/>\n<meta name=\"twitter:card\" content=\"summary_large_image\" \/>\n<meta name=\"twitter:label1\" content=\"Tempo estimado de leitura\" \/>\n\t<meta name=\"twitter:data1\" content=\"1 minuto\" \/>\n<script type=\"application\/ld+json\" class=\"yoast-schema-graph\">{\"@context\":\"https:\/\/schema.org\",\"@graph\":[{\"@type\":\"WebPage\",\"@id\":\"https:\/\/www.inglet.com\/pt-pt\/producto\/adesivos-dupla-face-q-plus-filme-laminacaoras-a-frio\/\",\"url\":\"https:\/\/www.inglet.com\/pt-pt\/producto\/adesivos-dupla-face-q-plus-filme-laminacaoras-a-frio\/\",\"name\":\"ADESIVOS DUPLA FACE Q-PLUS FILME LAMINA\u00c7\u00c3ORAS A FRIO - INGLET\",\"isPartOf\":{\"@id\":\"https:\/\/www.inglet.com\/pt-pt\/#website\"},\"primaryImageOfPage\":{\"@id\":\"https:\/\/www.inglet.com\/pt-pt\/producto\/adesivos-dupla-face-q-plus-filme-laminacaoras-a-frio\/#primaryimage\"},\"image\":{\"@id\":\"https:\/\/www.inglet.com\/pt-pt\/producto\/adesivos-dupla-face-q-plus-filme-laminacaoras-a-frio\/#primaryimage\"},\"thumbnailUrl\":\"https:\/\/www.inglet.com\/wp-content\/uploads\/2020\/01\/251001AQ.jpg\",\"datePublished\":\"2020-01-22T18:40:13+00:00\",\"dateModified\":\"2024-12-09T11:17:34+00:00\",\"breadcrumb\":{\"@id\":\"https:\/\/www.inglet.com\/pt-pt\/producto\/adesivos-dupla-face-q-plus-filme-laminacaoras-a-frio\/#breadcrumb\"},\"inLanguage\":\"pt-PT\",\"potentialAction\":[{\"@type\":\"ReadAction\",\"target\":[\"https:\/\/www.inglet.com\/pt-pt\/producto\/adesivos-dupla-face-q-plus-filme-laminacaoras-a-frio\/\"]}]},{\"@type\":\"ImageObject\",\"inLanguage\":\"pt-PT\",\"@id\":\"https:\/\/www.inglet.com\/pt-pt\/producto\/adesivos-dupla-face-q-plus-filme-laminacaoras-a-frio\/#primaryimage\",\"url\":\"https:\/\/www.inglet.com\/wp-content\/uploads\/2020\/01\/251001AQ.jpg\",\"contentUrl\":\"https:\/\/www.inglet.com\/wp-content\/uploads\/2020\/01\/251001AQ.jpg\",\"width\":800,\"height\":800},{\"@type\":\"BreadcrumbList\",\"@id\":\"https:\/\/www.inglet.com\/pt-pt\/producto\/adesivos-dupla-face-q-plus-filme-laminacaoras-a-frio\/#breadcrumb\",\"itemListElement\":[{\"@type\":\"ListItem\",\"position\":1,\"name\":\"Portada\",\"item\":\"https:\/\/www.inglet.com\/pt-pt\/\"},{\"@type\":\"ListItem\",\"position\":2,\"name\":\"Tienda\",\"item\":\"https:\/\/www.inglet.com\/tienda\/\"},{\"@type\":\"ListItem\",\"position\":3,\"name\":\"ADESIVOS DUPLA FACE Q-PLUS FILME LAMINA\u00c7\u00c3ORAS A FRIO\"}]},{\"@type\":\"WebSite\",\"@id\":\"https:\/\/www.inglet.com\/pt-pt\/#website\",\"url\":\"https:\/\/www.inglet.com\/pt-pt\/\",\"name\":\"INGLET\",\"description\":\"Suministros para la enmarcaci\u00f3n y la  impresi\u00f3n digital\",\"publisher\":{\"@id\":\"https:\/\/www.inglet.com\/pt-pt\/#organization\"},\"potentialAction\":[{\"@type\":\"SearchAction\",\"target\":{\"@type\":\"EntryPoint\",\"urlTemplate\":\"https:\/\/www.inglet.com\/pt-pt\/?s={search_term_string}\"},\"query-input\":{\"@type\":\"PropertyValueSpecification\",\"valueRequired\":true,\"valueName\":\"search_term_string\"}}],\"inLanguage\":\"pt-PT\"},{\"@type\":\"Organization\",\"@id\":\"https:\/\/www.inglet.com\/pt-pt\/#organization\",\"name\":\"INGLET, SLU\",\"url\":\"https:\/\/www.inglet.com\/pt-pt\/\",\"logo\":{\"@type\":\"ImageObject\",\"inLanguage\":\"pt-PT\",\"@id\":\"https:\/\/www.inglet.com\/pt-pt\/#\/schema\/logo\/image\/\",\"url\":\"https:\/\/www.inglet.com\/wp-content\/uploads\/2019\/08\/Inglet-Logo.jpg\",\"contentUrl\":\"https:\/\/www.inglet.com\/wp-content\/uploads\/2019\/08\/Inglet-Logo.jpg\",\"width\":264,\"height\":342,\"caption\":\"INGLET, SLU\"},\"image\":{\"@id\":\"https:\/\/www.inglet.com\/pt-pt\/#\/schema\/logo\/image\/\"}}]}<\/script>\n<!-- \/ Yoast SEO plugin. -->","yoast_head_json":{"title":"ADESIVOS DUPLA FACE Q-PLUS FILME LAMINA\u00c7\u00c3ORAS A FRIO - INGLET","robots":{"index":"index","follow":"follow","max-snippet":"max-snippet:-1","max-image-preview":"max-image-preview:large","max-video-preview":"max-video-preview:-1"},"canonical":"https:\/\/www.inglet.com\/pt-pt\/producto\/adesivos-dupla-face-q-plus-filme-laminacaoras-a-frio\/","og_locale":"pt_PT","og_type":"article","og_title":"ADESIVOS DUPLA FACE Q-PLUS FILME LAMINA\u00c7\u00c3ORAS A FRIO - INGLET","og_description":"Pel\u00edcula adesiva de poli\u00e9ster de 12 \u00b5 tratada com uma elevada oxida\u00e7\u00e3o em ambos os lados, resistente aos UV e [&hellip;]","og_url":"https:\/\/www.inglet.com\/pt-pt\/producto\/adesivos-dupla-face-q-plus-filme-laminacaoras-a-frio\/","og_site_name":"INGLET","article_modified_time":"2024-12-09T11:17:34+00:00","og_image":[{"width":800,"height":800,"url":"https:\/\/www.inglet.com\/wp-content\/uploads\/2020\/01\/251001AQ.jpg","type":"image\/jpeg"}],"twitter_card":"summary_large_image","twitter_misc":{"Tempo estimado de leitura":"1 minuto"},"schema":{"@context":"https:\/\/schema.org","@graph":[{"@type":"WebPage","@id":"https:\/\/www.inglet.com\/pt-pt\/producto\/adesivos-dupla-face-q-plus-filme-laminacaoras-a-frio\/","url":"https:\/\/www.inglet.com\/pt-pt\/producto\/adesivos-dupla-face-q-plus-filme-laminacaoras-a-frio\/","name":"ADESIVOS DUPLA FACE Q-PLUS FILME LAMINA\u00c7\u00c3ORAS A FRIO - INGLET","isPartOf":{"@id":"https:\/\/www.inglet.com\/pt-pt\/#website"},"primaryImageOfPage":{"@id":"https:\/\/www.inglet.com\/pt-pt\/producto\/adesivos-dupla-face-q-plus-filme-laminacaoras-a-frio\/#primaryimage"},"image":{"@id":"https:\/\/www.inglet.com\/pt-pt\/producto\/adesivos-dupla-face-q-plus-filme-laminacaoras-a-frio\/#primaryimage"},"thumbnailUrl":"https:\/\/www.inglet.com\/wp-content\/uploads\/2020\/01\/251001AQ.jpg","datePublished":"2020-01-22T18:40:13+00:00","dateModified":"2024-12-09T11:17:34+00:00","breadcrumb":{"@id":"https:\/\/www.inglet.com\/pt-pt\/producto\/adesivos-dupla-face-q-plus-filme-laminacaoras-a-frio\/#breadcrumb"},"inLanguage":"pt-PT","potentialAction":[{"@type":"ReadAction","target":["https:\/\/www.inglet.com\/pt-pt\/producto\/adesivos-dupla-face-q-plus-filme-laminacaoras-a-frio\/"]}]},{"@type":"ImageObject","inLanguage":"pt-PT","@id":"https:\/\/www.inglet.com\/pt-pt\/producto\/adesivos-dupla-face-q-plus-filme-laminacaoras-a-frio\/#primaryimage","url":"https:\/\/www.inglet.com\/wp-content\/uploads\/2020\/01\/251001AQ.jpg","contentUrl":"https:\/\/www.inglet.com\/wp-content\/uploads\/2020\/01\/251001AQ.jpg","width":800,"height":800},{"@type":"BreadcrumbList","@id":"https:\/\/www.inglet.com\/pt-pt\/producto\/adesivos-dupla-face-q-plus-filme-laminacaoras-a-frio\/#breadcrumb","itemListElement":[{"@type":"ListItem","position":1,"name":"Portada","item":"https:\/\/www.inglet.com\/pt-pt\/"},{"@type":"ListItem","position":2,"name":"Tienda","item":"https:\/\/www.inglet.com\/tienda\/"},{"@type":"ListItem","position":3,"name":"ADESIVOS DUPLA FACE Q-PLUS FILME LAMINA\u00c7\u00c3ORAS A FRIO"}]},{"@type":"WebSite","@id":"https:\/\/www.inglet.com\/pt-pt\/#website","url":"https:\/\/www.inglet.com\/pt-pt\/","name":"INGLET","description":"Suministros para la enmarcaci\u00f3n y la  impresi\u00f3n digital","publisher":{"@id":"https:\/\/www.inglet.com\/pt-pt\/#organization"},"potentialAction":[{"@type":"SearchAction","target":{"@type":"EntryPoint","urlTemplate":"https:\/\/www.inglet.com\/pt-pt\/?s={search_term_string}"},"query-input":{"@type":"PropertyValueSpecification","valueRequired":true,"valueName":"search_term_string"}}],"inLanguage":"pt-PT"},{"@type":"Organization","@id":"https:\/\/www.inglet.com\/pt-pt\/#organization","name":"INGLET, SLU","url":"https:\/\/www.inglet.com\/pt-pt\/","logo":{"@type":"ImageObject","inLanguage":"pt-PT","@id":"https:\/\/www.inglet.com\/pt-pt\/#\/schema\/logo\/image\/","url":"https:\/\/www.inglet.com\/wp-content\/uploads\/2019\/08\/Inglet-Logo.jpg","contentUrl":"https:\/\/www.inglet.com\/wp-content\/uploads\/2019\/08\/Inglet-Logo.jpg","width":264,"height":342,"caption":"INGLET, SLU"},"image":{"@id":"https:\/\/www.inglet.com\/pt-pt\/#\/schema\/logo\/image\/"}}]}},"_links":{"self":[{"href":"https:\/\/www.inglet.com\/pt-pt\/wp-json\/wp\/v2\/product\/30303","targetHints":{"allow":["GET"]}}],"collection":[{"href":"https:\/\/www.inglet.com\/pt-pt\/wp-json\/wp\/v2\/product"}],"about":[{"href":"https:\/\/www.inglet.com\/pt-pt\/wp-json\/wp\/v2\/types\/product"}],"wp:featuredmedia":[{"embeddable":true,"href":"https:\/\/www.inglet.com\/pt-pt\/wp-json\/wp\/v2\/media\/41607"}],"wp:attachment":[{"href":"https:\/\/www.inglet.com\/pt-pt\/wp-json\/wp\/v2\/media?parent=30303"}],"wp:term":[{"taxonomy":"product_brand","embeddable":true,"href":"https:\/\/www.inglet.com\/pt-pt\/wp-json\/wp\/v2\/product_brand?post=30303"},{"taxonomy":"product_cat","embeddable":true,"href":"https:\/\/www.inglet.com\/pt-pt\/wp-json\/wp\/v2\/product_cat?post=30303"},{"taxonomy":"product_tag","embeddable":true,"href":"https:\/\/www.inglet.com\/pt-pt\/wp-json\/wp\/v2\/product_tag?post=30303"}],"curies":[{"name":"wp","href":"https:\/\/api.w.org\/{rel}","templated":true}]}}