{"id":30599,"date":"2020-01-22T19:34:38","date_gmt":"2020-01-22T18:34:38","guid":{"rendered":"http:\/\/www.inglet.com\/producto\/guia-de-pared\/"},"modified":"2025-01-08T16:54:55","modified_gmt":"2025-01-08T15:54:55","slug":"guia-click-rail","status":"publish","type":"product","link":"https:\/\/www.inglet.com\/pt-pt\/producto\/guia-click-rail\/","title":{"rendered":"GUIA CLICK RAIL"},"content":{"rendered":"<p><strong>A guia Click Rail \u00e9 um sistema flex\u00edvel para pendurar imagens<\/strong> que s\u00f3 tem de fixar uma vez na parede. Com o sistema Click&amp;Connect, prender o sistema \u00e0 parede \u00e9 r\u00e1pido e f\u00e1cil. A guia Click Rail (8,5 mm x 25 mm) est\u00e1 nivelada com o tecto e tamb\u00e9m pode ser repintada, por exemplo, na mesma cor que a parede ou o tecto. Isto ajuda o sistema de pendurar imagens a &#8220;misturar-se&#8221; e a tornar-se quase invis\u00edvel. O aspecto do guia facilita a integra\u00e7\u00e3o em qualquer divis\u00e3o ou interior.<\/p>\n<p><strong>Flexibilidade permanente para a decora\u00e7\u00e3o de penduras<\/strong><br \/>\nDispon\u00edvel em tr\u00eas vers\u00f5es diferentes: branco, prim\u00e1rio e alum\u00ednio. Ter\u00e1 sempre a flexibilidade de pendurar posters, imagens ou molduras fotogr\u00e1ficas gra\u00e7as aos cabos de suspens\u00e3o com ganchos que pode fixar e retirar de qualquer ponto do carril. Pode utilizar diferentes cabos de suspens\u00e3o, tais como nylon, a\u00e7o ou varetas. Tamb\u00e9m est\u00e3o dispon\u00edveis diferentes ganchos, dependendo do peso da fotografia ou moldura fotogr\u00e1fica que pretende pendurar na parede.<\/p>\n<p>Verifique as <strong><a href=\"https:\/\/www.inglet.com\/pt-pt\/produtos\/sistemas-de-suspensao-artiteq\/\/cordas-cabos-e-varetas-artiteq\"><span style=\"color: #a21c84;\">cordas<\/span>, <span style=\"color: #a21c84;\">cabos<\/span><\/a> e <span style=\"color: #a21c84;\"><a style=\"color: #a21c84;\" href=\"https:\/\/www.inglet.com\/pt-pt\/produtos\/sistemas-de-suspensao-artiteq\/\/ganchos-pendurar-artiteq\">ganchos<\/a><\/span><\/strong> da guia de parede.<\/p>\n","protected":false},"excerpt":{"rendered":"<p>A guia Click Rail \u00e9 um sistema flex\u00edvel para pendurar imagens que s\u00f3 tem de fixar uma vez na parede. [&hellip;]<\/p>\n","protected":false},"featured_media":64831,"template":"","meta":{"_sitemap_exclude":false,"_sitemap_priority":"","_sitemap_frequency":"","_monsterinsights_skip_tracking":false,"_monsterinsights_sitenote_active":false,"_monsterinsights_sitenote_note":"","_monsterinsights_sitenote_category":0},"product_brand":[],"product_cat":[823],"product_tag":[],"class_list":{"0":"post-30599","1":"product","2":"type-product","3":"status-publish","4":"has-post-thumbnail","6":"product_cat-guia-click-rail-artiteq","8":"first","9":"outofstock","10":"taxable","11":"shipping-taxable","12":"product-type-grouped"},"yoast_head":"<!-- This site is optimized with the Yoast SEO plugin v24.7 - https:\/\/yoast.com\/wordpress\/plugins\/seo\/ -->\n<title>GUIA CLICK RAIL - INGLET<\/title>\n<meta name=\"robots\" content=\"index, follow, max-snippet:-1, max-image-preview:large, max-video-preview:-1\" \/>\n<link rel=\"canonical\" href=\"https:\/\/www.inglet.com\/pt-pt\/producto\/guia-click-rail\/\" \/>\n<meta property=\"og:locale\" content=\"pt_PT\" \/>\n<meta property=\"og:type\" content=\"article\" \/>\n<meta property=\"og:title\" content=\"GUIA CLICK RAIL - INGLET\" \/>\n<meta property=\"og:description\" content=\"A guia Click Rail \u00e9 um sistema flex\u00edvel para pendurar imagens que s\u00f3 tem de fixar uma vez na parede. [&hellip;]\" \/>\n<meta property=\"og:url\" content=\"https:\/\/www.inglet.com\/pt-pt\/producto\/guia-click-rail\/\" \/>\n<meta property=\"og:site_name\" content=\"INGLET\" \/>\n<meta property=\"article:modified_time\" content=\"2025-01-08T15:54:55+00:00\" \/>\n<meta property=\"og:image\" content=\"https:\/\/www.inglet.com\/wp-content\/uploads\/2020\/01\/Guia_Pared_Web.jpg\" \/>\n\t<meta property=\"og:image:width\" content=\"800\" \/>\n\t<meta property=\"og:image:height\" content=\"800\" \/>\n\t<meta property=\"og:image:type\" content=\"image\/jpeg\" \/>\n<meta name=\"twitter:card\" content=\"summary_large_image\" \/>\n<meta name=\"twitter:label1\" content=\"Tempo estimado de leitura\" \/>\n\t<meta name=\"twitter:data1\" content=\"1 minuto\" \/>\n<script type=\"application\/ld+json\" class=\"yoast-schema-graph\">{\"@context\":\"https:\/\/schema.org\",\"@graph\":[{\"@type\":\"WebPage\",\"@id\":\"https:\/\/www.inglet.com\/pt-pt\/producto\/guia-click-rail\/\",\"url\":\"https:\/\/www.inglet.com\/pt-pt\/producto\/guia-click-rail\/\",\"name\":\"GUIA CLICK RAIL - INGLET\",\"isPartOf\":{\"@id\":\"https:\/\/www.inglet.com\/pt-pt\/#website\"},\"primaryImageOfPage\":{\"@id\":\"https:\/\/www.inglet.com\/pt-pt\/producto\/guia-click-rail\/#primaryimage\"},\"image\":{\"@id\":\"https:\/\/www.inglet.com\/pt-pt\/producto\/guia-click-rail\/#primaryimage\"},\"thumbnailUrl\":\"https:\/\/www.inglet.com\/wp-content\/uploads\/2020\/01\/Guia_Pared_Web.jpg\",\"datePublished\":\"2020-01-22T18:34:38+00:00\",\"dateModified\":\"2025-01-08T15:54:55+00:00\",\"breadcrumb\":{\"@id\":\"https:\/\/www.inglet.com\/pt-pt\/producto\/guia-click-rail\/#breadcrumb\"},\"inLanguage\":\"pt-PT\",\"potentialAction\":[{\"@type\":\"ReadAction\",\"target\":[\"https:\/\/www.inglet.com\/pt-pt\/producto\/guia-click-rail\/\"]}]},{\"@type\":\"ImageObject\",\"inLanguage\":\"pt-PT\",\"@id\":\"https:\/\/www.inglet.com\/pt-pt\/producto\/guia-click-rail\/#primaryimage\",\"url\":\"https:\/\/www.inglet.com\/wp-content\/uploads\/2020\/01\/Guia_Pared_Web.jpg\",\"contentUrl\":\"https:\/\/www.inglet.com\/wp-content\/uploads\/2020\/01\/Guia_Pared_Web.jpg\",\"width\":800,\"height\":800},{\"@type\":\"BreadcrumbList\",\"@id\":\"https:\/\/www.inglet.com\/pt-pt\/producto\/guia-click-rail\/#breadcrumb\",\"itemListElement\":[{\"@type\":\"ListItem\",\"position\":1,\"name\":\"Portada\",\"item\":\"https:\/\/www.inglet.com\/pt-pt\/\"},{\"@type\":\"ListItem\",\"position\":2,\"name\":\"Tienda\",\"item\":\"https:\/\/www.inglet.com\/tienda\/\"},{\"@type\":\"ListItem\",\"position\":3,\"name\":\"GUIA CLICK RAIL\"}]},{\"@type\":\"WebSite\",\"@id\":\"https:\/\/www.inglet.com\/pt-pt\/#website\",\"url\":\"https:\/\/www.inglet.com\/pt-pt\/\",\"name\":\"INGLET\",\"description\":\"Suministros para la enmarcaci\u00f3n y la  impresi\u00f3n digital\",\"publisher\":{\"@id\":\"https:\/\/www.inglet.com\/pt-pt\/#organization\"},\"potentialAction\":[{\"@type\":\"SearchAction\",\"target\":{\"@type\":\"EntryPoint\",\"urlTemplate\":\"https:\/\/www.inglet.com\/pt-pt\/?s={search_term_string}\"},\"query-input\":{\"@type\":\"PropertyValueSpecification\",\"valueRequired\":true,\"valueName\":\"search_term_string\"}}],\"inLanguage\":\"pt-PT\"},{\"@type\":\"Organization\",\"@id\":\"https:\/\/www.inglet.com\/pt-pt\/#organization\",\"name\":\"INGLET, SLU\",\"url\":\"https:\/\/www.inglet.com\/pt-pt\/\",\"logo\":{\"@type\":\"ImageObject\",\"inLanguage\":\"pt-PT\",\"@id\":\"https:\/\/www.inglet.com\/pt-pt\/#\/schema\/logo\/image\/\",\"url\":\"https:\/\/www.inglet.com\/wp-content\/uploads\/2019\/08\/Inglet-Logo.jpg\",\"contentUrl\":\"https:\/\/www.inglet.com\/wp-content\/uploads\/2019\/08\/Inglet-Logo.jpg\",\"width\":264,\"height\":342,\"caption\":\"INGLET, SLU\"},\"image\":{\"@id\":\"https:\/\/www.inglet.com\/pt-pt\/#\/schema\/logo\/image\/\"}}]}<\/script>\n<!-- \/ Yoast SEO plugin. -->","yoast_head_json":{"title":"GUIA CLICK RAIL - INGLET","robots":{"index":"index","follow":"follow","max-snippet":"max-snippet:-1","max-image-preview":"max-image-preview:large","max-video-preview":"max-video-preview:-1"},"canonical":"https:\/\/www.inglet.com\/pt-pt\/producto\/guia-click-rail\/","og_locale":"pt_PT","og_type":"article","og_title":"GUIA CLICK RAIL - INGLET","og_description":"A guia Click Rail \u00e9 um sistema flex\u00edvel para pendurar imagens que s\u00f3 tem de fixar uma vez na parede. [&hellip;]","og_url":"https:\/\/www.inglet.com\/pt-pt\/producto\/guia-click-rail\/","og_site_name":"INGLET","article_modified_time":"2025-01-08T15:54:55+00:00","og_image":[{"width":800,"height":800,"url":"https:\/\/www.inglet.com\/wp-content\/uploads\/2020\/01\/Guia_Pared_Web.jpg","type":"image\/jpeg"}],"twitter_card":"summary_large_image","twitter_misc":{"Tempo estimado de leitura":"1 minuto"},"schema":{"@context":"https:\/\/schema.org","@graph":[{"@type":"WebPage","@id":"https:\/\/www.inglet.com\/pt-pt\/producto\/guia-click-rail\/","url":"https:\/\/www.inglet.com\/pt-pt\/producto\/guia-click-rail\/","name":"GUIA CLICK RAIL - INGLET","isPartOf":{"@id":"https:\/\/www.inglet.com\/pt-pt\/#website"},"primaryImageOfPage":{"@id":"https:\/\/www.inglet.com\/pt-pt\/producto\/guia-click-rail\/#primaryimage"},"image":{"@id":"https:\/\/www.inglet.com\/pt-pt\/producto\/guia-click-rail\/#primaryimage"},"thumbnailUrl":"https:\/\/www.inglet.com\/wp-content\/uploads\/2020\/01\/Guia_Pared_Web.jpg","datePublished":"2020-01-22T18:34:38+00:00","dateModified":"2025-01-08T15:54:55+00:00","breadcrumb":{"@id":"https:\/\/www.inglet.com\/pt-pt\/producto\/guia-click-rail\/#breadcrumb"},"inLanguage":"pt-PT","potentialAction":[{"@type":"ReadAction","target":["https:\/\/www.inglet.com\/pt-pt\/producto\/guia-click-rail\/"]}]},{"@type":"ImageObject","inLanguage":"pt-PT","@id":"https:\/\/www.inglet.com\/pt-pt\/producto\/guia-click-rail\/#primaryimage","url":"https:\/\/www.inglet.com\/wp-content\/uploads\/2020\/01\/Guia_Pared_Web.jpg","contentUrl":"https:\/\/www.inglet.com\/wp-content\/uploads\/2020\/01\/Guia_Pared_Web.jpg","width":800,"height":800},{"@type":"BreadcrumbList","@id":"https:\/\/www.inglet.com\/pt-pt\/producto\/guia-click-rail\/#breadcrumb","itemListElement":[{"@type":"ListItem","position":1,"name":"Portada","item":"https:\/\/www.inglet.com\/pt-pt\/"},{"@type":"ListItem","position":2,"name":"Tienda","item":"https:\/\/www.inglet.com\/tienda\/"},{"@type":"ListItem","position":3,"name":"GUIA CLICK RAIL"}]},{"@type":"WebSite","@id":"https:\/\/www.inglet.com\/pt-pt\/#website","url":"https:\/\/www.inglet.com\/pt-pt\/","name":"INGLET","description":"Suministros para la enmarcaci\u00f3n y la  impresi\u00f3n digital","publisher":{"@id":"https:\/\/www.inglet.com\/pt-pt\/#organization"},"potentialAction":[{"@type":"SearchAction","target":{"@type":"EntryPoint","urlTemplate":"https:\/\/www.inglet.com\/pt-pt\/?s={search_term_string}"},"query-input":{"@type":"PropertyValueSpecification","valueRequired":true,"valueName":"search_term_string"}}],"inLanguage":"pt-PT"},{"@type":"Organization","@id":"https:\/\/www.inglet.com\/pt-pt\/#organization","name":"INGLET, SLU","url":"https:\/\/www.inglet.com\/pt-pt\/","logo":{"@type":"ImageObject","inLanguage":"pt-PT","@id":"https:\/\/www.inglet.com\/pt-pt\/#\/schema\/logo\/image\/","url":"https:\/\/www.inglet.com\/wp-content\/uploads\/2019\/08\/Inglet-Logo.jpg","contentUrl":"https:\/\/www.inglet.com\/wp-content\/uploads\/2019\/08\/Inglet-Logo.jpg","width":264,"height":342,"caption":"INGLET, SLU"},"image":{"@id":"https:\/\/www.inglet.com\/pt-pt\/#\/schema\/logo\/image\/"}}]}},"_links":{"self":[{"href":"https:\/\/www.inglet.com\/pt-pt\/wp-json\/wp\/v2\/product\/30599","targetHints":{"allow":["GET"]}}],"collection":[{"href":"https:\/\/www.inglet.com\/pt-pt\/wp-json\/wp\/v2\/product"}],"about":[{"href":"https:\/\/www.inglet.com\/pt-pt\/wp-json\/wp\/v2\/types\/product"}],"wp:featuredmedia":[{"embeddable":true,"href":"https:\/\/www.inglet.com\/pt-pt\/wp-json\/wp\/v2\/media\/64831"}],"wp:attachment":[{"href":"https:\/\/www.inglet.com\/pt-pt\/wp-json\/wp\/v2\/media?parent=30599"}],"wp:term":[{"taxonomy":"product_brand","embeddable":true,"href":"https:\/\/www.inglet.com\/pt-pt\/wp-json\/wp\/v2\/product_brand?post=30599"},{"taxonomy":"product_cat","embeddable":true,"href":"https:\/\/www.inglet.com\/pt-pt\/wp-json\/wp\/v2\/product_cat?post=30599"},{"taxonomy":"product_tag","embeddable":true,"href":"https:\/\/www.inglet.com\/pt-pt\/wp-json\/wp\/v2\/product_tag?post=30599"}],"curies":[{"name":"wp","href":"https:\/\/api.w.org\/{rel}","templated":true}]}}