{"id":30618,"date":"2020-01-22T19:34:53","date_gmt":"2020-01-22T18:34:53","guid":{"rendered":"http:\/\/www.inglet.com\/producto\/guia-de-pared-pro\/"},"modified":"2025-09-01T20:17:55","modified_gmt":"2025-09-01T18:17:55","slug":"guia-click-rail-pro","status":"publish","type":"product","link":"https:\/\/www.inglet.com\/pt-pt\/producto\/guia-click-rail-pro\/","title":{"rendered":"GUIA CLICK RAIL PRO"},"content":{"rendered":"<p><strong>A Guia Click Rail Pro (9,5 mm x 37,5 mm) \u00e9 a vers\u00e3o profissional e resistente do Guia Click Rail.<\/strong> \u00c9 r\u00e1pida e f\u00e1cil de instalar gra\u00e7as aos clipes Click&amp;Connect e pode ser fixado \u00e0 parede, nivelado com o tecto. O carril pode ser fixado de modo a que os cabos e cordas possam ser subtilmente escondidos atr\u00e1s do carril. O sistema de pendurar imagem do Guia Click Rail Pro tem uma capacidade m\u00e1xima de carga de 50 kg\/m. Pendurar imagens e decora\u00e7\u00e3o pesadas n\u00e3o \u00e9 problema com o trilho de montagem na parede Pro. Este sistema de suspens\u00e3o de imagem est\u00e1 dispon\u00edvel em branco (com um prim\u00e1rio pincel\u00e1vel) e em alum\u00ednio.<\/p>\n<p><strong>Pendurar imagens na parede com a Guia Pro<\/strong><br \/>\nA Guia Click Rail Pro \u00e9 um sistema robusto de pendurar imagens que pode ser utilizado para encher a parede com arte. Pode escolher entre v\u00e1rios cabos e cordas de suspens\u00e3o como o nylon, o a\u00e7o ou as varetas. Estes podem ser fixados e retirados de qualquer parte do guia. Isto garante flexibilidade no que quer apresentar nas suas paredes. Movimentar ou substituir uma obra de arte \u00e9 r\u00e1pido e f\u00e1cil, n\u00e3o havendo o risco de danificar as paredes.<\/p>\n<p>Verifique as <strong><a href=\"https:\/\/www.inglet.com\/pt-pt\/produtos\/sistemas-de-suspensao-artiteq\/\/cordas-cabos-e-varetas-artiteq\">cordas, cabos<\/a> e <a href=\"https:\/\/www.inglet.com\/pt-pt\/produtos\/sistemas-de-suspensao-artiteq\/\/ganchos-pendurar-artiteq\">ganchos<\/a><\/strong> da guia Click Rail Pro.<\/p>\n","protected":false},"excerpt":{"rendered":"<p>A Guia Click Rail Pro (9,5 mm x 37,5 mm) \u00e9 a vers\u00e3o profissional e resistente do Guia Click Rail. [&hellip;]<\/p>\n","protected":false},"featured_media":40603,"template":"","meta":{"_sitemap_exclude":false,"_sitemap_priority":"","_sitemap_frequency":"","_monsterinsights_skip_tracking":false,"_monsterinsights_sitenote_active":false,"_monsterinsights_sitenote_note":"","_monsterinsights_sitenote_category":0},"product_brand":[],"product_cat":[826],"product_tag":[],"class_list":{"0":"post-30618","1":"product","2":"type-product","3":"status-publish","4":"has-post-thumbnail","6":"product_cat-guia-click-rail-pro-artiteq","8":"first","9":"outofstock","10":"taxable","11":"shipping-taxable","12":"product-type-grouped"},"yoast_head":"<!-- This site is optimized with the Yoast SEO plugin v24.7 - https:\/\/yoast.com\/wordpress\/plugins\/seo\/ -->\n<title>GUIA CLICK RAIL PRO - INGLET<\/title>\n<meta name=\"robots\" content=\"index, follow, max-snippet:-1, max-image-preview:large, max-video-preview:-1\" \/>\n<link rel=\"canonical\" href=\"https:\/\/www.inglet.com\/pt-pt\/producto\/guia-click-rail-pro\/\" \/>\n<meta property=\"og:locale\" content=\"pt_PT\" \/>\n<meta property=\"og:type\" content=\"article\" \/>\n<meta property=\"og:title\" content=\"GUIA CLICK RAIL PRO - INGLET\" \/>\n<meta property=\"og:description\" content=\"A Guia Click Rail Pro (9,5 mm x 37,5 mm) \u00e9 a vers\u00e3o profissional e resistente do Guia Click Rail. [&hellip;]\" \/>\n<meta property=\"og:url\" content=\"https:\/\/www.inglet.com\/pt-pt\/producto\/guia-click-rail-pro\/\" \/>\n<meta property=\"og:site_name\" content=\"INGLET\" \/>\n<meta property=\"article:modified_time\" content=\"2025-09-01T18:17:55+00:00\" \/>\n<meta property=\"og:image\" content=\"https:\/\/www.inglet.com\/wp-content\/uploads\/2020\/01\/160509.jpg\" \/>\n\t<meta property=\"og:image:width\" content=\"450\" \/>\n\t<meta property=\"og:image:height\" content=\"450\" \/>\n\t<meta property=\"og:image:type\" content=\"image\/jpeg\" \/>\n<meta name=\"twitter:card\" content=\"summary_large_image\" \/>\n<meta name=\"twitter:label1\" content=\"Tempo estimado de leitura\" \/>\n\t<meta name=\"twitter:data1\" content=\"1 minuto\" \/>\n<script type=\"application\/ld+json\" class=\"yoast-schema-graph\">{\"@context\":\"https:\/\/schema.org\",\"@graph\":[{\"@type\":\"WebPage\",\"@id\":\"https:\/\/www.inglet.com\/pt-pt\/producto\/guia-click-rail-pro\/\",\"url\":\"https:\/\/www.inglet.com\/pt-pt\/producto\/guia-click-rail-pro\/\",\"name\":\"GUIA CLICK RAIL PRO - INGLET\",\"isPartOf\":{\"@id\":\"https:\/\/www.inglet.com\/pt-pt\/#website\"},\"primaryImageOfPage\":{\"@id\":\"https:\/\/www.inglet.com\/pt-pt\/producto\/guia-click-rail-pro\/#primaryimage\"},\"image\":{\"@id\":\"https:\/\/www.inglet.com\/pt-pt\/producto\/guia-click-rail-pro\/#primaryimage\"},\"thumbnailUrl\":\"https:\/\/www.inglet.com\/wp-content\/uploads\/2020\/01\/160509.jpg\",\"datePublished\":\"2020-01-22T18:34:53+00:00\",\"dateModified\":\"2025-09-01T18:17:55+00:00\",\"breadcrumb\":{\"@id\":\"https:\/\/www.inglet.com\/pt-pt\/producto\/guia-click-rail-pro\/#breadcrumb\"},\"inLanguage\":\"pt-PT\",\"potentialAction\":[{\"@type\":\"ReadAction\",\"target\":[\"https:\/\/www.inglet.com\/pt-pt\/producto\/guia-click-rail-pro\/\"]}]},{\"@type\":\"ImageObject\",\"inLanguage\":\"pt-PT\",\"@id\":\"https:\/\/www.inglet.com\/pt-pt\/producto\/guia-click-rail-pro\/#primaryimage\",\"url\":\"https:\/\/www.inglet.com\/wp-content\/uploads\/2020\/01\/160509.jpg\",\"contentUrl\":\"https:\/\/www.inglet.com\/wp-content\/uploads\/2020\/01\/160509.jpg\",\"width\":450,\"height\":450},{\"@type\":\"BreadcrumbList\",\"@id\":\"https:\/\/www.inglet.com\/pt-pt\/producto\/guia-click-rail-pro\/#breadcrumb\",\"itemListElement\":[{\"@type\":\"ListItem\",\"position\":1,\"name\":\"Portada\",\"item\":\"https:\/\/www.inglet.com\/pt-pt\/\"},{\"@type\":\"ListItem\",\"position\":2,\"name\":\"Tienda\",\"item\":\"https:\/\/www.inglet.com\/tienda\/\"},{\"@type\":\"ListItem\",\"position\":3,\"name\":\"GUIA CLICK RAIL PRO\"}]},{\"@type\":\"WebSite\",\"@id\":\"https:\/\/www.inglet.com\/pt-pt\/#website\",\"url\":\"https:\/\/www.inglet.com\/pt-pt\/\",\"name\":\"INGLET\",\"description\":\"Suministros para la enmarcaci\u00f3n y la  impresi\u00f3n digital\",\"publisher\":{\"@id\":\"https:\/\/www.inglet.com\/pt-pt\/#organization\"},\"potentialAction\":[{\"@type\":\"SearchAction\",\"target\":{\"@type\":\"EntryPoint\",\"urlTemplate\":\"https:\/\/www.inglet.com\/pt-pt\/?s={search_term_string}\"},\"query-input\":{\"@type\":\"PropertyValueSpecification\",\"valueRequired\":true,\"valueName\":\"search_term_string\"}}],\"inLanguage\":\"pt-PT\"},{\"@type\":\"Organization\",\"@id\":\"https:\/\/www.inglet.com\/pt-pt\/#organization\",\"name\":\"INGLET, SLU\",\"url\":\"https:\/\/www.inglet.com\/pt-pt\/\",\"logo\":{\"@type\":\"ImageObject\",\"inLanguage\":\"pt-PT\",\"@id\":\"https:\/\/www.inglet.com\/pt-pt\/#\/schema\/logo\/image\/\",\"url\":\"https:\/\/www.inglet.com\/wp-content\/uploads\/2019\/08\/Inglet-Logo.jpg\",\"contentUrl\":\"https:\/\/www.inglet.com\/wp-content\/uploads\/2019\/08\/Inglet-Logo.jpg\",\"width\":264,\"height\":342,\"caption\":\"INGLET, SLU\"},\"image\":{\"@id\":\"https:\/\/www.inglet.com\/pt-pt\/#\/schema\/logo\/image\/\"}}]}<\/script>\n<!-- \/ Yoast SEO plugin. -->","yoast_head_json":{"title":"GUIA CLICK RAIL PRO - INGLET","robots":{"index":"index","follow":"follow","max-snippet":"max-snippet:-1","max-image-preview":"max-image-preview:large","max-video-preview":"max-video-preview:-1"},"canonical":"https:\/\/www.inglet.com\/pt-pt\/producto\/guia-click-rail-pro\/","og_locale":"pt_PT","og_type":"article","og_title":"GUIA CLICK RAIL PRO - INGLET","og_description":"A Guia Click Rail Pro (9,5 mm x 37,5 mm) \u00e9 a vers\u00e3o profissional e resistente do Guia Click Rail. [&hellip;]","og_url":"https:\/\/www.inglet.com\/pt-pt\/producto\/guia-click-rail-pro\/","og_site_name":"INGLET","article_modified_time":"2025-09-01T18:17:55+00:00","og_image":[{"width":450,"height":450,"url":"https:\/\/www.inglet.com\/wp-content\/uploads\/2020\/01\/160509.jpg","type":"image\/jpeg"}],"twitter_card":"summary_large_image","twitter_misc":{"Tempo estimado de leitura":"1 minuto"},"schema":{"@context":"https:\/\/schema.org","@graph":[{"@type":"WebPage","@id":"https:\/\/www.inglet.com\/pt-pt\/producto\/guia-click-rail-pro\/","url":"https:\/\/www.inglet.com\/pt-pt\/producto\/guia-click-rail-pro\/","name":"GUIA CLICK RAIL PRO - INGLET","isPartOf":{"@id":"https:\/\/www.inglet.com\/pt-pt\/#website"},"primaryImageOfPage":{"@id":"https:\/\/www.inglet.com\/pt-pt\/producto\/guia-click-rail-pro\/#primaryimage"},"image":{"@id":"https:\/\/www.inglet.com\/pt-pt\/producto\/guia-click-rail-pro\/#primaryimage"},"thumbnailUrl":"https:\/\/www.inglet.com\/wp-content\/uploads\/2020\/01\/160509.jpg","datePublished":"2020-01-22T18:34:53+00:00","dateModified":"2025-09-01T18:17:55+00:00","breadcrumb":{"@id":"https:\/\/www.inglet.com\/pt-pt\/producto\/guia-click-rail-pro\/#breadcrumb"},"inLanguage":"pt-PT","potentialAction":[{"@type":"ReadAction","target":["https:\/\/www.inglet.com\/pt-pt\/producto\/guia-click-rail-pro\/"]}]},{"@type":"ImageObject","inLanguage":"pt-PT","@id":"https:\/\/www.inglet.com\/pt-pt\/producto\/guia-click-rail-pro\/#primaryimage","url":"https:\/\/www.inglet.com\/wp-content\/uploads\/2020\/01\/160509.jpg","contentUrl":"https:\/\/www.inglet.com\/wp-content\/uploads\/2020\/01\/160509.jpg","width":450,"height":450},{"@type":"BreadcrumbList","@id":"https:\/\/www.inglet.com\/pt-pt\/producto\/guia-click-rail-pro\/#breadcrumb","itemListElement":[{"@type":"ListItem","position":1,"name":"Portada","item":"https:\/\/www.inglet.com\/pt-pt\/"},{"@type":"ListItem","position":2,"name":"Tienda","item":"https:\/\/www.inglet.com\/tienda\/"},{"@type":"ListItem","position":3,"name":"GUIA CLICK RAIL PRO"}]},{"@type":"WebSite","@id":"https:\/\/www.inglet.com\/pt-pt\/#website","url":"https:\/\/www.inglet.com\/pt-pt\/","name":"INGLET","description":"Suministros para la enmarcaci\u00f3n y la  impresi\u00f3n digital","publisher":{"@id":"https:\/\/www.inglet.com\/pt-pt\/#organization"},"potentialAction":[{"@type":"SearchAction","target":{"@type":"EntryPoint","urlTemplate":"https:\/\/www.inglet.com\/pt-pt\/?s={search_term_string}"},"query-input":{"@type":"PropertyValueSpecification","valueRequired":true,"valueName":"search_term_string"}}],"inLanguage":"pt-PT"},{"@type":"Organization","@id":"https:\/\/www.inglet.com\/pt-pt\/#organization","name":"INGLET, SLU","url":"https:\/\/www.inglet.com\/pt-pt\/","logo":{"@type":"ImageObject","inLanguage":"pt-PT","@id":"https:\/\/www.inglet.com\/pt-pt\/#\/schema\/logo\/image\/","url":"https:\/\/www.inglet.com\/wp-content\/uploads\/2019\/08\/Inglet-Logo.jpg","contentUrl":"https:\/\/www.inglet.com\/wp-content\/uploads\/2019\/08\/Inglet-Logo.jpg","width":264,"height":342,"caption":"INGLET, SLU"},"image":{"@id":"https:\/\/www.inglet.com\/pt-pt\/#\/schema\/logo\/image\/"}}]}},"_links":{"self":[{"href":"https:\/\/www.inglet.com\/pt-pt\/wp-json\/wp\/v2\/product\/30618","targetHints":{"allow":["GET"]}}],"collection":[{"href":"https:\/\/www.inglet.com\/pt-pt\/wp-json\/wp\/v2\/product"}],"about":[{"href":"https:\/\/www.inglet.com\/pt-pt\/wp-json\/wp\/v2\/types\/product"}],"wp:featuredmedia":[{"embeddable":true,"href":"https:\/\/www.inglet.com\/pt-pt\/wp-json\/wp\/v2\/media\/40603"}],"wp:attachment":[{"href":"https:\/\/www.inglet.com\/pt-pt\/wp-json\/wp\/v2\/media?parent=30618"}],"wp:term":[{"taxonomy":"product_brand","embeddable":true,"href":"https:\/\/www.inglet.com\/pt-pt\/wp-json\/wp\/v2\/product_brand?post=30618"},{"taxonomy":"product_cat","embeddable":true,"href":"https:\/\/www.inglet.com\/pt-pt\/wp-json\/wp\/v2\/product_cat?post=30618"},{"taxonomy":"product_tag","embeddable":true,"href":"https:\/\/www.inglet.com\/pt-pt\/wp-json\/wp\/v2\/product_tag?post=30618"}],"curies":[{"name":"wp","href":"https:\/\/api.w.org\/{rel}","templated":true}]}}