{"id":30844,"date":"2020-01-22T19:36:29","date_gmt":"2020-01-22T18:36:29","guid":{"rendered":"http:\/\/www.inglet.com\/producto\/kit-colgador-uniq\/"},"modified":"2020-05-22T19:16:57","modified_gmt":"2020-05-22T17:16:57","slug":"kit-colgador-uniq","status":"publish","type":"product","link":"https:\/\/www.inglet.com\/pt-pt\/producto\/kit-colgador-uniq\/","title":{"rendered":"KIT PENDURAR UNIQ"},"content":{"rendered":"<p><strong>Uma forma diferente de pendurar<\/strong><br \/>\nEm alguns espa\u00e7os n\u00e3o \u00e9 poss\u00edvel ou desej\u00e1vel a utiliza\u00e7\u00e3o de uma guia de parede. O Cabide Uniq oferece uma solu\u00e7\u00e3o para estas situa\u00e7\u00f5es. Com este sistema \u00e9 f\u00e1cil e seguro pendurar um quadro na parede e ajustar facilmente a sua altura. E, se a combina\u00e7\u00e3o do bot\u00e3o de a\u00e7o inoxid\u00e1vel com o cabo de a\u00e7o n\u00e3o se adequar \u00e0 sua decora\u00e7\u00e3o, tem sempre a op\u00e7\u00e3o de esconder completamente o sistema atr\u00e1s da suo quadro.<\/p>\n<p><strong>Pendurar uma moldura sem guia<\/strong><br \/>\nO Cabide Uniq consiste num encaixe de parede com uma tampa, um cabo de a\u00e7o Twister de 1mm e um gancho Micro Grip de 1mm. O cabo \u00e9 inserido no encaixe de parede, depois \u00e9 simplesmente coberto com a tampa de a\u00e7o inoxid\u00e1vel. Voc\u00ea pode deslizar o gancho Micro Grip de 1 mm ao longo de todo o cabo de a\u00e7o para ajustar a altura da imagem. O cabide Uniq tamb\u00e9m pode ser utilizado com cordas de nylon Twister de 2 mm.<\/p>\n","protected":false},"excerpt":{"rendered":"<p>Uma forma diferente de pendurar Em alguns espa\u00e7os n\u00e3o \u00e9 poss\u00edvel ou desej\u00e1vel a utiliza\u00e7\u00e3o de uma guia de parede. [&hellip;]<\/p>\n","protected":false},"featured_media":40921,"template":"","meta":{"_sitemap_exclude":false,"_sitemap_priority":"","_sitemap_frequency":"","_monsterinsights_skip_tracking":false,"_monsterinsights_sitenote_active":false,"_monsterinsights_sitenote_note":"","_monsterinsights_sitenote_category":0},"product_brand":[],"product_cat":[838],"product_tag":[],"class_list":{"0":"post-30844","1":"product","2":"type-product","3":"status-publish","4":"has-post-thumbnail","6":"product_cat-outros-sistemas-de-pendurar-artiteq","8":"first","9":"outofstock","10":"taxable","11":"shipping-taxable","12":"product-type-grouped"},"yoast_head":"<!-- This site is optimized with the Yoast SEO plugin v24.7 - https:\/\/yoast.com\/wordpress\/plugins\/seo\/ -->\n<title>KIT PENDURAR UNIQ - INGLET<\/title>\n<meta name=\"robots\" content=\"index, follow, max-snippet:-1, max-image-preview:large, max-video-preview:-1\" \/>\n<link rel=\"canonical\" href=\"https:\/\/www.inglet.com\/pt-pt\/producto\/kit-colgador-uniq\/\" \/>\n<meta property=\"og:locale\" content=\"pt_PT\" \/>\n<meta property=\"og:type\" content=\"article\" \/>\n<meta property=\"og:title\" content=\"KIT PENDURAR UNIQ - INGLET\" \/>\n<meta property=\"og:description\" content=\"Uma forma diferente de pendurar Em alguns espa\u00e7os n\u00e3o \u00e9 poss\u00edvel ou desej\u00e1vel a utiliza\u00e7\u00e3o de uma guia de parede. [&hellip;]\" \/>\n<meta property=\"og:url\" content=\"https:\/\/www.inglet.com\/pt-pt\/producto\/kit-colgador-uniq\/\" \/>\n<meta property=\"og:site_name\" content=\"INGLET\" \/>\n<meta property=\"article:modified_time\" content=\"2020-05-22T17:16:57+00:00\" \/>\n<meta property=\"og:image\" content=\"https:\/\/www.inglet.com\/wp-content\/uploads\/2020\/01\/161749KU.jpg\" \/>\n\t<meta property=\"og:image:width\" content=\"800\" \/>\n\t<meta property=\"og:image:height\" content=\"800\" \/>\n\t<meta property=\"og:image:type\" content=\"image\/jpeg\" \/>\n<meta name=\"twitter:card\" content=\"summary_large_image\" \/>\n<meta name=\"twitter:label1\" content=\"Tempo estimado de leitura\" \/>\n\t<meta name=\"twitter:data1\" content=\"1 minuto\" \/>\n<script type=\"application\/ld+json\" class=\"yoast-schema-graph\">{\"@context\":\"https:\/\/schema.org\",\"@graph\":[{\"@type\":\"WebPage\",\"@id\":\"https:\/\/www.inglet.com\/pt-pt\/producto\/kit-colgador-uniq\/\",\"url\":\"https:\/\/www.inglet.com\/pt-pt\/producto\/kit-colgador-uniq\/\",\"name\":\"KIT PENDURAR UNIQ - INGLET\",\"isPartOf\":{\"@id\":\"https:\/\/www.inglet.com\/pt-pt\/#website\"},\"primaryImageOfPage\":{\"@id\":\"https:\/\/www.inglet.com\/pt-pt\/producto\/kit-colgador-uniq\/#primaryimage\"},\"image\":{\"@id\":\"https:\/\/www.inglet.com\/pt-pt\/producto\/kit-colgador-uniq\/#primaryimage\"},\"thumbnailUrl\":\"https:\/\/www.inglet.com\/wp-content\/uploads\/2020\/01\/161749KU.jpg\",\"datePublished\":\"2020-01-22T18:36:29+00:00\",\"dateModified\":\"2020-05-22T17:16:57+00:00\",\"breadcrumb\":{\"@id\":\"https:\/\/www.inglet.com\/pt-pt\/producto\/kit-colgador-uniq\/#breadcrumb\"},\"inLanguage\":\"pt-PT\",\"potentialAction\":[{\"@type\":\"ReadAction\",\"target\":[\"https:\/\/www.inglet.com\/pt-pt\/producto\/kit-colgador-uniq\/\"]}]},{\"@type\":\"ImageObject\",\"inLanguage\":\"pt-PT\",\"@id\":\"https:\/\/www.inglet.com\/pt-pt\/producto\/kit-colgador-uniq\/#primaryimage\",\"url\":\"https:\/\/www.inglet.com\/wp-content\/uploads\/2020\/01\/161749KU.jpg\",\"contentUrl\":\"https:\/\/www.inglet.com\/wp-content\/uploads\/2020\/01\/161749KU.jpg\",\"width\":800,\"height\":800},{\"@type\":\"BreadcrumbList\",\"@id\":\"https:\/\/www.inglet.com\/pt-pt\/producto\/kit-colgador-uniq\/#breadcrumb\",\"itemListElement\":[{\"@type\":\"ListItem\",\"position\":1,\"name\":\"Portada\",\"item\":\"https:\/\/www.inglet.com\/pt-pt\/\"},{\"@type\":\"ListItem\",\"position\":2,\"name\":\"Tienda\",\"item\":\"https:\/\/www.inglet.com\/tienda\/\"},{\"@type\":\"ListItem\",\"position\":3,\"name\":\"KIT PENDURAR UNIQ\"}]},{\"@type\":\"WebSite\",\"@id\":\"https:\/\/www.inglet.com\/pt-pt\/#website\",\"url\":\"https:\/\/www.inglet.com\/pt-pt\/\",\"name\":\"INGLET\",\"description\":\"Suministros para la enmarcaci\u00f3n y la  impresi\u00f3n digital\",\"publisher\":{\"@id\":\"https:\/\/www.inglet.com\/pt-pt\/#organization\"},\"potentialAction\":[{\"@type\":\"SearchAction\",\"target\":{\"@type\":\"EntryPoint\",\"urlTemplate\":\"https:\/\/www.inglet.com\/pt-pt\/?s={search_term_string}\"},\"query-input\":{\"@type\":\"PropertyValueSpecification\",\"valueRequired\":true,\"valueName\":\"search_term_string\"}}],\"inLanguage\":\"pt-PT\"},{\"@type\":\"Organization\",\"@id\":\"https:\/\/www.inglet.com\/pt-pt\/#organization\",\"name\":\"INGLET, SLU\",\"url\":\"https:\/\/www.inglet.com\/pt-pt\/\",\"logo\":{\"@type\":\"ImageObject\",\"inLanguage\":\"pt-PT\",\"@id\":\"https:\/\/www.inglet.com\/pt-pt\/#\/schema\/logo\/image\/\",\"url\":\"https:\/\/www.inglet.com\/wp-content\/uploads\/2019\/08\/Inglet-Logo.jpg\",\"contentUrl\":\"https:\/\/www.inglet.com\/wp-content\/uploads\/2019\/08\/Inglet-Logo.jpg\",\"width\":264,\"height\":342,\"caption\":\"INGLET, SLU\"},\"image\":{\"@id\":\"https:\/\/www.inglet.com\/pt-pt\/#\/schema\/logo\/image\/\"}}]}<\/script>\n<!-- \/ Yoast SEO plugin. -->","yoast_head_json":{"title":"KIT PENDURAR UNIQ - INGLET","robots":{"index":"index","follow":"follow","max-snippet":"max-snippet:-1","max-image-preview":"max-image-preview:large","max-video-preview":"max-video-preview:-1"},"canonical":"https:\/\/www.inglet.com\/pt-pt\/producto\/kit-colgador-uniq\/","og_locale":"pt_PT","og_type":"article","og_title":"KIT PENDURAR UNIQ - INGLET","og_description":"Uma forma diferente de pendurar Em alguns espa\u00e7os n\u00e3o \u00e9 poss\u00edvel ou desej\u00e1vel a utiliza\u00e7\u00e3o de uma guia de parede. [&hellip;]","og_url":"https:\/\/www.inglet.com\/pt-pt\/producto\/kit-colgador-uniq\/","og_site_name":"INGLET","article_modified_time":"2020-05-22T17:16:57+00:00","og_image":[{"width":800,"height":800,"url":"https:\/\/www.inglet.com\/wp-content\/uploads\/2020\/01\/161749KU.jpg","type":"image\/jpeg"}],"twitter_card":"summary_large_image","twitter_misc":{"Tempo estimado de leitura":"1 minuto"},"schema":{"@context":"https:\/\/schema.org","@graph":[{"@type":"WebPage","@id":"https:\/\/www.inglet.com\/pt-pt\/producto\/kit-colgador-uniq\/","url":"https:\/\/www.inglet.com\/pt-pt\/producto\/kit-colgador-uniq\/","name":"KIT PENDURAR UNIQ - INGLET","isPartOf":{"@id":"https:\/\/www.inglet.com\/pt-pt\/#website"},"primaryImageOfPage":{"@id":"https:\/\/www.inglet.com\/pt-pt\/producto\/kit-colgador-uniq\/#primaryimage"},"image":{"@id":"https:\/\/www.inglet.com\/pt-pt\/producto\/kit-colgador-uniq\/#primaryimage"},"thumbnailUrl":"https:\/\/www.inglet.com\/wp-content\/uploads\/2020\/01\/161749KU.jpg","datePublished":"2020-01-22T18:36:29+00:00","dateModified":"2020-05-22T17:16:57+00:00","breadcrumb":{"@id":"https:\/\/www.inglet.com\/pt-pt\/producto\/kit-colgador-uniq\/#breadcrumb"},"inLanguage":"pt-PT","potentialAction":[{"@type":"ReadAction","target":["https:\/\/www.inglet.com\/pt-pt\/producto\/kit-colgador-uniq\/"]}]},{"@type":"ImageObject","inLanguage":"pt-PT","@id":"https:\/\/www.inglet.com\/pt-pt\/producto\/kit-colgador-uniq\/#primaryimage","url":"https:\/\/www.inglet.com\/wp-content\/uploads\/2020\/01\/161749KU.jpg","contentUrl":"https:\/\/www.inglet.com\/wp-content\/uploads\/2020\/01\/161749KU.jpg","width":800,"height":800},{"@type":"BreadcrumbList","@id":"https:\/\/www.inglet.com\/pt-pt\/producto\/kit-colgador-uniq\/#breadcrumb","itemListElement":[{"@type":"ListItem","position":1,"name":"Portada","item":"https:\/\/www.inglet.com\/pt-pt\/"},{"@type":"ListItem","position":2,"name":"Tienda","item":"https:\/\/www.inglet.com\/tienda\/"},{"@type":"ListItem","position":3,"name":"KIT PENDURAR UNIQ"}]},{"@type":"WebSite","@id":"https:\/\/www.inglet.com\/pt-pt\/#website","url":"https:\/\/www.inglet.com\/pt-pt\/","name":"INGLET","description":"Suministros para la enmarcaci\u00f3n y la  impresi\u00f3n digital","publisher":{"@id":"https:\/\/www.inglet.com\/pt-pt\/#organization"},"potentialAction":[{"@type":"SearchAction","target":{"@type":"EntryPoint","urlTemplate":"https:\/\/www.inglet.com\/pt-pt\/?s={search_term_string}"},"query-input":{"@type":"PropertyValueSpecification","valueRequired":true,"valueName":"search_term_string"}}],"inLanguage":"pt-PT"},{"@type":"Organization","@id":"https:\/\/www.inglet.com\/pt-pt\/#organization","name":"INGLET, SLU","url":"https:\/\/www.inglet.com\/pt-pt\/","logo":{"@type":"ImageObject","inLanguage":"pt-PT","@id":"https:\/\/www.inglet.com\/pt-pt\/#\/schema\/logo\/image\/","url":"https:\/\/www.inglet.com\/wp-content\/uploads\/2019\/08\/Inglet-Logo.jpg","contentUrl":"https:\/\/www.inglet.com\/wp-content\/uploads\/2019\/08\/Inglet-Logo.jpg","width":264,"height":342,"caption":"INGLET, SLU"},"image":{"@id":"https:\/\/www.inglet.com\/pt-pt\/#\/schema\/logo\/image\/"}}]}},"_links":{"self":[{"href":"https:\/\/www.inglet.com\/pt-pt\/wp-json\/wp\/v2\/product\/30844","targetHints":{"allow":["GET"]}}],"collection":[{"href":"https:\/\/www.inglet.com\/pt-pt\/wp-json\/wp\/v2\/product"}],"about":[{"href":"https:\/\/www.inglet.com\/pt-pt\/wp-json\/wp\/v2\/types\/product"}],"wp:featuredmedia":[{"embeddable":true,"href":"https:\/\/www.inglet.com\/pt-pt\/wp-json\/wp\/v2\/media\/40921"}],"wp:attachment":[{"href":"https:\/\/www.inglet.com\/pt-pt\/wp-json\/wp\/v2\/media?parent=30844"}],"wp:term":[{"taxonomy":"product_brand","embeddable":true,"href":"https:\/\/www.inglet.com\/pt-pt\/wp-json\/wp\/v2\/product_brand?post=30844"},{"taxonomy":"product_cat","embeddable":true,"href":"https:\/\/www.inglet.com\/pt-pt\/wp-json\/wp\/v2\/product_cat?post=30844"},{"taxonomy":"product_tag","embeddable":true,"href":"https:\/\/www.inglet.com\/pt-pt\/wp-json\/wp\/v2\/product_tag?post=30844"}],"curies":[{"name":"wp","href":"https:\/\/api.w.org\/{rel}","templated":true}]}}