{"id":32141,"date":"2020-01-22T19:25:09","date_gmt":"2020-01-22T18:25:09","guid":{"rendered":"http:\/\/www.inglet.com\/producto\/clavadora-neumatica-clavos-corpgrap\/"},"modified":"2021-09-08T17:49:21","modified_gmt":"2021-09-08T15:49:21","slug":"pistola-de-pregar-pregos-pneumatica-corpgrap","status":"publish","type":"product","link":"https:\/\/www.inglet.com\/pt-pt\/producto\/pistola-de-pregar-pregos-pneumatica-corpgrap\/","title":{"rendered":"PISTOLA DE PREGAR PREGOS PNEUM\u00c1TICA CORPGRAP"},"content":{"rendered":"<p><strong>Pistola para para pregos de 13 a 25 mm.<\/strong><\/p>\n<p>Uma das suas caracter\u00edsticas \u00e9 que sendo uma m\u00e1quina com corpo de alum\u00ednio, o seu peso e tamanho reduzido permite que seja manej\u00e1vel e f\u00e1cil de usar, reduzindo a fadiga em uso prolongado.<\/p>\n<p>Tem tamb\u00e9m um duplo gatilho para maior seguran\u00e7a na sua utiliza\u00e7\u00e3o. \u00c9 uma m\u00e1quina polivalente que \u00e9 utilizada para trabalhos que exigem maior precis\u00e3o. \u00c9 utilizado na constru\u00e7\u00e3o civil, carpintaria, cal\u00e7ado, mobili\u00e1rio, portas, etc.<\/p>\n<p>Capacidade m\u00e1xima de 200 pregos.<\/p>\n","protected":false},"excerpt":{"rendered":"<p>Pistola para para pregos de 13 a 25 mm. Uma das suas caracter\u00edsticas \u00e9 que sendo uma m\u00e1quina com corpo [&hellip;]<\/p>\n","protected":false},"featured_media":38857,"template":"","meta":{"_sitemap_exclude":false,"_sitemap_priority":"","_sitemap_frequency":"","_monsterinsights_skip_tracking":false,"_monsterinsights_sitenote_active":false,"_monsterinsights_sitenote_note":"","_monsterinsights_sitenote_category":0},"product_brand":[],"product_cat":[528],"product_tag":[],"class_list":{"0":"post-32141","1":"product","2":"type-product","3":"status-publish","4":"has-post-thumbnail","6":"product_cat-pistola-de-pregar-pregos","8":"first","9":"instock","10":"taxable","11":"shipping-taxable","12":"purchasable","13":"product-type-simple"},"yoast_head":"<!-- This site is optimized with the Yoast SEO plugin v24.7 - https:\/\/yoast.com\/wordpress\/plugins\/seo\/ -->\n<title>PISTOLA DE PREGAR PREGOS PNEUM\u00c1TICA CORPGRAP - INGLET<\/title>\n<meta name=\"robots\" content=\"index, follow, max-snippet:-1, max-image-preview:large, max-video-preview:-1\" \/>\n<link rel=\"canonical\" href=\"https:\/\/www.inglet.com\/pt-pt\/producto\/pistola-de-pregar-pregos-pneumatica-corpgrap\/\" \/>\n<meta property=\"og:locale\" content=\"pt_PT\" \/>\n<meta property=\"og:type\" content=\"article\" \/>\n<meta property=\"og:title\" content=\"PISTOLA DE PREGAR PREGOS PNEUM\u00c1TICA CORPGRAP - INGLET\" \/>\n<meta property=\"og:description\" content=\"Pistola para para pregos de 13 a 25 mm. Uma das suas caracter\u00edsticas \u00e9 que sendo uma m\u00e1quina com corpo [&hellip;]\" \/>\n<meta property=\"og:url\" content=\"https:\/\/www.inglet.com\/pt-pt\/producto\/pistola-de-pregar-pregos-pneumatica-corpgrap\/\" \/>\n<meta property=\"og:site_name\" content=\"INGLET\" \/>\n<meta property=\"article:modified_time\" content=\"2021-09-08T15:49:21+00:00\" \/>\n<meta property=\"og:image\" content=\"https:\/\/www.inglet.com\/wp-content\/uploads\/2020\/01\/060105.jpg\" \/>\n\t<meta property=\"og:image:width\" content=\"800\" \/>\n\t<meta property=\"og:image:height\" content=\"800\" \/>\n\t<meta property=\"og:image:type\" content=\"image\/jpeg\" \/>\n<meta name=\"twitter:card\" content=\"summary_large_image\" \/>\n<script type=\"application\/ld+json\" class=\"yoast-schema-graph\">{\"@context\":\"https:\/\/schema.org\",\"@graph\":[{\"@type\":\"WebPage\",\"@id\":\"https:\/\/www.inglet.com\/pt-pt\/producto\/pistola-de-pregar-pregos-pneumatica-corpgrap\/\",\"url\":\"https:\/\/www.inglet.com\/pt-pt\/producto\/pistola-de-pregar-pregos-pneumatica-corpgrap\/\",\"name\":\"PISTOLA DE PREGAR PREGOS PNEUM\u00c1TICA CORPGRAP - INGLET\",\"isPartOf\":{\"@id\":\"https:\/\/www.inglet.com\/pt-pt\/#website\"},\"primaryImageOfPage\":{\"@id\":\"https:\/\/www.inglet.com\/pt-pt\/producto\/pistola-de-pregar-pregos-pneumatica-corpgrap\/#primaryimage\"},\"image\":{\"@id\":\"https:\/\/www.inglet.com\/pt-pt\/producto\/pistola-de-pregar-pregos-pneumatica-corpgrap\/#primaryimage\"},\"thumbnailUrl\":\"https:\/\/www.inglet.com\/wp-content\/uploads\/2020\/01\/060105.jpg\",\"datePublished\":\"2020-01-22T18:25:09+00:00\",\"dateModified\":\"2021-09-08T15:49:21+00:00\",\"breadcrumb\":{\"@id\":\"https:\/\/www.inglet.com\/pt-pt\/producto\/pistola-de-pregar-pregos-pneumatica-corpgrap\/#breadcrumb\"},\"inLanguage\":\"pt-PT\",\"potentialAction\":[{\"@type\":\"ReadAction\",\"target\":[\"https:\/\/www.inglet.com\/pt-pt\/producto\/pistola-de-pregar-pregos-pneumatica-corpgrap\/\"]}]},{\"@type\":\"ImageObject\",\"inLanguage\":\"pt-PT\",\"@id\":\"https:\/\/www.inglet.com\/pt-pt\/producto\/pistola-de-pregar-pregos-pneumatica-corpgrap\/#primaryimage\",\"url\":\"https:\/\/www.inglet.com\/wp-content\/uploads\/2020\/01\/060105.jpg\",\"contentUrl\":\"https:\/\/www.inglet.com\/wp-content\/uploads\/2020\/01\/060105.jpg\",\"width\":800,\"height\":800},{\"@type\":\"BreadcrumbList\",\"@id\":\"https:\/\/www.inglet.com\/pt-pt\/producto\/pistola-de-pregar-pregos-pneumatica-corpgrap\/#breadcrumb\",\"itemListElement\":[{\"@type\":\"ListItem\",\"position\":1,\"name\":\"Portada\",\"item\":\"https:\/\/www.inglet.com\/pt-pt\/\"},{\"@type\":\"ListItem\",\"position\":2,\"name\":\"Tienda\",\"item\":\"https:\/\/www.inglet.com\/tienda\/\"},{\"@type\":\"ListItem\",\"position\":3,\"name\":\"PISTOLA DE PREGAR PREGOS PNEUM\u00c1TICA CORPGRAP\"}]},{\"@type\":\"WebSite\",\"@id\":\"https:\/\/www.inglet.com\/pt-pt\/#website\",\"url\":\"https:\/\/www.inglet.com\/pt-pt\/\",\"name\":\"INGLET\",\"description\":\"Suministros para la enmarcaci\u00f3n y la  impresi\u00f3n digital\",\"publisher\":{\"@id\":\"https:\/\/www.inglet.com\/pt-pt\/#organization\"},\"potentialAction\":[{\"@type\":\"SearchAction\",\"target\":{\"@type\":\"EntryPoint\",\"urlTemplate\":\"https:\/\/www.inglet.com\/pt-pt\/?s={search_term_string}\"},\"query-input\":{\"@type\":\"PropertyValueSpecification\",\"valueRequired\":true,\"valueName\":\"search_term_string\"}}],\"inLanguage\":\"pt-PT\"},{\"@type\":\"Organization\",\"@id\":\"https:\/\/www.inglet.com\/pt-pt\/#organization\",\"name\":\"INGLET, SLU\",\"url\":\"https:\/\/www.inglet.com\/pt-pt\/\",\"logo\":{\"@type\":\"ImageObject\",\"inLanguage\":\"pt-PT\",\"@id\":\"https:\/\/www.inglet.com\/pt-pt\/#\/schema\/logo\/image\/\",\"url\":\"https:\/\/www.inglet.com\/wp-content\/uploads\/2019\/08\/Inglet-Logo.jpg\",\"contentUrl\":\"https:\/\/www.inglet.com\/wp-content\/uploads\/2019\/08\/Inglet-Logo.jpg\",\"width\":264,\"height\":342,\"caption\":\"INGLET, SLU\"},\"image\":{\"@id\":\"https:\/\/www.inglet.com\/pt-pt\/#\/schema\/logo\/image\/\"}}]}<\/script>\n<!-- \/ Yoast SEO plugin. -->","yoast_head_json":{"title":"PISTOLA DE PREGAR PREGOS PNEUM\u00c1TICA CORPGRAP - INGLET","robots":{"index":"index","follow":"follow","max-snippet":"max-snippet:-1","max-image-preview":"max-image-preview:large","max-video-preview":"max-video-preview:-1"},"canonical":"https:\/\/www.inglet.com\/pt-pt\/producto\/pistola-de-pregar-pregos-pneumatica-corpgrap\/","og_locale":"pt_PT","og_type":"article","og_title":"PISTOLA DE PREGAR PREGOS PNEUM\u00c1TICA CORPGRAP - INGLET","og_description":"Pistola para para pregos de 13 a 25 mm. Uma das suas caracter\u00edsticas \u00e9 que sendo uma m\u00e1quina com corpo [&hellip;]","og_url":"https:\/\/www.inglet.com\/pt-pt\/producto\/pistola-de-pregar-pregos-pneumatica-corpgrap\/","og_site_name":"INGLET","article_modified_time":"2021-09-08T15:49:21+00:00","og_image":[{"width":800,"height":800,"url":"https:\/\/www.inglet.com\/wp-content\/uploads\/2020\/01\/060105.jpg","type":"image\/jpeg"}],"twitter_card":"summary_large_image","schema":{"@context":"https:\/\/schema.org","@graph":[{"@type":"WebPage","@id":"https:\/\/www.inglet.com\/pt-pt\/producto\/pistola-de-pregar-pregos-pneumatica-corpgrap\/","url":"https:\/\/www.inglet.com\/pt-pt\/producto\/pistola-de-pregar-pregos-pneumatica-corpgrap\/","name":"PISTOLA DE PREGAR PREGOS PNEUM\u00c1TICA CORPGRAP - INGLET","isPartOf":{"@id":"https:\/\/www.inglet.com\/pt-pt\/#website"},"primaryImageOfPage":{"@id":"https:\/\/www.inglet.com\/pt-pt\/producto\/pistola-de-pregar-pregos-pneumatica-corpgrap\/#primaryimage"},"image":{"@id":"https:\/\/www.inglet.com\/pt-pt\/producto\/pistola-de-pregar-pregos-pneumatica-corpgrap\/#primaryimage"},"thumbnailUrl":"https:\/\/www.inglet.com\/wp-content\/uploads\/2020\/01\/060105.jpg","datePublished":"2020-01-22T18:25:09+00:00","dateModified":"2021-09-08T15:49:21+00:00","breadcrumb":{"@id":"https:\/\/www.inglet.com\/pt-pt\/producto\/pistola-de-pregar-pregos-pneumatica-corpgrap\/#breadcrumb"},"inLanguage":"pt-PT","potentialAction":[{"@type":"ReadAction","target":["https:\/\/www.inglet.com\/pt-pt\/producto\/pistola-de-pregar-pregos-pneumatica-corpgrap\/"]}]},{"@type":"ImageObject","inLanguage":"pt-PT","@id":"https:\/\/www.inglet.com\/pt-pt\/producto\/pistola-de-pregar-pregos-pneumatica-corpgrap\/#primaryimage","url":"https:\/\/www.inglet.com\/wp-content\/uploads\/2020\/01\/060105.jpg","contentUrl":"https:\/\/www.inglet.com\/wp-content\/uploads\/2020\/01\/060105.jpg","width":800,"height":800},{"@type":"BreadcrumbList","@id":"https:\/\/www.inglet.com\/pt-pt\/producto\/pistola-de-pregar-pregos-pneumatica-corpgrap\/#breadcrumb","itemListElement":[{"@type":"ListItem","position":1,"name":"Portada","item":"https:\/\/www.inglet.com\/pt-pt\/"},{"@type":"ListItem","position":2,"name":"Tienda","item":"https:\/\/www.inglet.com\/tienda\/"},{"@type":"ListItem","position":3,"name":"PISTOLA DE PREGAR PREGOS PNEUM\u00c1TICA CORPGRAP"}]},{"@type":"WebSite","@id":"https:\/\/www.inglet.com\/pt-pt\/#website","url":"https:\/\/www.inglet.com\/pt-pt\/","name":"INGLET","description":"Suministros para la enmarcaci\u00f3n y la  impresi\u00f3n digital","publisher":{"@id":"https:\/\/www.inglet.com\/pt-pt\/#organization"},"potentialAction":[{"@type":"SearchAction","target":{"@type":"EntryPoint","urlTemplate":"https:\/\/www.inglet.com\/pt-pt\/?s={search_term_string}"},"query-input":{"@type":"PropertyValueSpecification","valueRequired":true,"valueName":"search_term_string"}}],"inLanguage":"pt-PT"},{"@type":"Organization","@id":"https:\/\/www.inglet.com\/pt-pt\/#organization","name":"INGLET, SLU","url":"https:\/\/www.inglet.com\/pt-pt\/","logo":{"@type":"ImageObject","inLanguage":"pt-PT","@id":"https:\/\/www.inglet.com\/pt-pt\/#\/schema\/logo\/image\/","url":"https:\/\/www.inglet.com\/wp-content\/uploads\/2019\/08\/Inglet-Logo.jpg","contentUrl":"https:\/\/www.inglet.com\/wp-content\/uploads\/2019\/08\/Inglet-Logo.jpg","width":264,"height":342,"caption":"INGLET, SLU"},"image":{"@id":"https:\/\/www.inglet.com\/pt-pt\/#\/schema\/logo\/image\/"}}]}},"_links":{"self":[{"href":"https:\/\/www.inglet.com\/pt-pt\/wp-json\/wp\/v2\/product\/32141","targetHints":{"allow":["GET"]}}],"collection":[{"href":"https:\/\/www.inglet.com\/pt-pt\/wp-json\/wp\/v2\/product"}],"about":[{"href":"https:\/\/www.inglet.com\/pt-pt\/wp-json\/wp\/v2\/types\/product"}],"wp:featuredmedia":[{"embeddable":true,"href":"https:\/\/www.inglet.com\/pt-pt\/wp-json\/wp\/v2\/media\/38857"}],"wp:attachment":[{"href":"https:\/\/www.inglet.com\/pt-pt\/wp-json\/wp\/v2\/media?parent=32141"}],"wp:term":[{"taxonomy":"product_brand","embeddable":true,"href":"https:\/\/www.inglet.com\/pt-pt\/wp-json\/wp\/v2\/product_brand?post=32141"},{"taxonomy":"product_cat","embeddable":true,"href":"https:\/\/www.inglet.com\/pt-pt\/wp-json\/wp\/v2\/product_cat?post=32141"},{"taxonomy":"product_tag","embeddable":true,"href":"https:\/\/www.inglet.com\/pt-pt\/wp-json\/wp\/v2\/product_tag?post=32141"}],"curies":[{"name":"wp","href":"https:\/\/api.w.org\/{rel}","templated":true}]}}