{"id":32668,"date":"2020-01-22T19:21:59","date_gmt":"2020-01-22T18:21:59","guid":{"rendered":"http:\/\/www.inglet.com\/producto\/cortadora-passepartout-manual-ovalos-bisel-nt\/"},"modified":"2025-11-02T00:00:14","modified_gmt":"2025-11-01T23:00:14","slug":"cortadora-passepartout-manual-ovalos-bisel-nt","status":"publish","type":"product","link":"https:\/\/www.inglet.com\/pt-pt\/producto\/cortadora-passepartout-manual-ovalos-bisel-nt\/","title":{"rendered":"CORTADORA PASSEPARTOUT MANUAL OVALS BISEL NT"},"content":{"rendered":"<p><strong>Ferramenta pr\u00e1tica para cortar c\u00edrculos e ovais<\/strong> de uma forma r\u00e1pida, simples e eficaz em bisel de 45\u00ba. Tem fixa\u00e7\u00e3o para manter o passepartout no lugar durante o corte, regulador de profundidade da l\u00e2mina e capacidade para cortar diferentes tamanhos de c\u00edrculo.<\/p>\n<p><strong>Corta c\u00edrculos perfeitos de:<\/strong> 20 a 36 cm de di\u00e2metro e <strong>ovais de:<\/strong> 17 x 21 a 38 x 42 cm.<\/p>\n","protected":false},"excerpt":{"rendered":"<p>Ferramenta pr\u00e1tica para cortar c\u00edrculos e ovais de uma forma r\u00e1pida, simples e eficaz em bisel de 45\u00ba. Tem fixa\u00e7\u00e3o [&hellip;]<\/p>\n","protected":false},"featured_media":38579,"template":"","meta":{"_sitemap_exclude":false,"_sitemap_priority":"","_sitemap_frequency":"","_monsterinsights_skip_tracking":false,"_monsterinsights_sitenote_active":false,"_monsterinsights_sitenote_note":"","_monsterinsights_sitenote_category":0},"product_brand":[],"product_cat":[496],"product_tag":[],"class_list":{"0":"post-32668","1":"product","2":"type-product","3":"status-publish","4":"has-post-thumbnail","6":"product_cat-cortadoras-passepartout-pt-pt","8":"first","9":"instock","10":"taxable","11":"shipping-taxable","12":"purchasable","13":"product-type-simple"},"yoast_head":"<!-- This site is optimized with the Yoast SEO plugin v24.7 - https:\/\/yoast.com\/wordpress\/plugins\/seo\/ -->\n<title>CORTADORA PASSEPARTOUT MANUAL OVALS BISEL NT - INGLET<\/title>\n<meta name=\"robots\" content=\"index, follow, max-snippet:-1, max-image-preview:large, max-video-preview:-1\" \/>\n<link rel=\"canonical\" href=\"https:\/\/www.inglet.com\/pt-pt\/producto\/cortadora-passepartout-manual-ovalos-bisel-nt\/\" \/>\n<meta property=\"og:locale\" content=\"pt_PT\" \/>\n<meta property=\"og:type\" content=\"article\" \/>\n<meta property=\"og:title\" content=\"CORTADORA PASSEPARTOUT MANUAL OVALS BISEL NT - INGLET\" \/>\n<meta property=\"og:description\" content=\"Ferramenta pr\u00e1tica para cortar c\u00edrculos e ovais de uma forma r\u00e1pida, simples e eficaz em bisel de 45\u00ba. Tem fixa\u00e7\u00e3o [&hellip;]\" \/>\n<meta property=\"og:url\" content=\"https:\/\/www.inglet.com\/pt-pt\/producto\/cortadora-passepartout-manual-ovalos-bisel-nt\/\" \/>\n<meta property=\"og:site_name\" content=\"INGLET\" \/>\n<meta property=\"article:modified_time\" content=\"2025-11-01T23:00:14+00:00\" \/>\n<meta property=\"og:image\" content=\"https:\/\/www.inglet.com\/wp-content\/uploads\/2020\/01\/020205.jpg\" \/>\n\t<meta property=\"og:image:width\" content=\"800\" \/>\n\t<meta property=\"og:image:height\" content=\"800\" \/>\n\t<meta property=\"og:image:type\" content=\"image\/jpeg\" \/>\n<meta name=\"twitter:card\" content=\"summary_large_image\" \/>\n<script type=\"application\/ld+json\" class=\"yoast-schema-graph\">{\"@context\":\"https:\/\/schema.org\",\"@graph\":[{\"@type\":\"WebPage\",\"@id\":\"https:\/\/www.inglet.com\/pt-pt\/producto\/cortadora-passepartout-manual-ovalos-bisel-nt\/\",\"url\":\"https:\/\/www.inglet.com\/pt-pt\/producto\/cortadora-passepartout-manual-ovalos-bisel-nt\/\",\"name\":\"CORTADORA PASSEPARTOUT MANUAL OVALS BISEL NT - INGLET\",\"isPartOf\":{\"@id\":\"https:\/\/www.inglet.com\/pt-pt\/#website\"},\"primaryImageOfPage\":{\"@id\":\"https:\/\/www.inglet.com\/pt-pt\/producto\/cortadora-passepartout-manual-ovalos-bisel-nt\/#primaryimage\"},\"image\":{\"@id\":\"https:\/\/www.inglet.com\/pt-pt\/producto\/cortadora-passepartout-manual-ovalos-bisel-nt\/#primaryimage\"},\"thumbnailUrl\":\"https:\/\/www.inglet.com\/wp-content\/uploads\/2020\/01\/020205.jpg\",\"datePublished\":\"2020-01-22T18:21:59+00:00\",\"dateModified\":\"2025-11-01T23:00:14+00:00\",\"breadcrumb\":{\"@id\":\"https:\/\/www.inglet.com\/pt-pt\/producto\/cortadora-passepartout-manual-ovalos-bisel-nt\/#breadcrumb\"},\"inLanguage\":\"pt-PT\",\"potentialAction\":[{\"@type\":\"ReadAction\",\"target\":[\"https:\/\/www.inglet.com\/pt-pt\/producto\/cortadora-passepartout-manual-ovalos-bisel-nt\/\"]}]},{\"@type\":\"ImageObject\",\"inLanguage\":\"pt-PT\",\"@id\":\"https:\/\/www.inglet.com\/pt-pt\/producto\/cortadora-passepartout-manual-ovalos-bisel-nt\/#primaryimage\",\"url\":\"https:\/\/www.inglet.com\/wp-content\/uploads\/2020\/01\/020205.jpg\",\"contentUrl\":\"https:\/\/www.inglet.com\/wp-content\/uploads\/2020\/01\/020205.jpg\",\"width\":800,\"height\":800},{\"@type\":\"BreadcrumbList\",\"@id\":\"https:\/\/www.inglet.com\/pt-pt\/producto\/cortadora-passepartout-manual-ovalos-bisel-nt\/#breadcrumb\",\"itemListElement\":[{\"@type\":\"ListItem\",\"position\":1,\"name\":\"Portada\",\"item\":\"https:\/\/www.inglet.com\/pt-pt\/\"},{\"@type\":\"ListItem\",\"position\":2,\"name\":\"Tienda\",\"item\":\"https:\/\/www.inglet.com\/tienda\/\"},{\"@type\":\"ListItem\",\"position\":3,\"name\":\"CORTADORA PASSEPARTOUT MANUAL OVALS BISEL NT\"}]},{\"@type\":\"WebSite\",\"@id\":\"https:\/\/www.inglet.com\/pt-pt\/#website\",\"url\":\"https:\/\/www.inglet.com\/pt-pt\/\",\"name\":\"INGLET\",\"description\":\"Suministros para la enmarcaci\u00f3n y la  impresi\u00f3n digital\",\"publisher\":{\"@id\":\"https:\/\/www.inglet.com\/pt-pt\/#organization\"},\"potentialAction\":[{\"@type\":\"SearchAction\",\"target\":{\"@type\":\"EntryPoint\",\"urlTemplate\":\"https:\/\/www.inglet.com\/pt-pt\/?s={search_term_string}\"},\"query-input\":{\"@type\":\"PropertyValueSpecification\",\"valueRequired\":true,\"valueName\":\"search_term_string\"}}],\"inLanguage\":\"pt-PT\"},{\"@type\":\"Organization\",\"@id\":\"https:\/\/www.inglet.com\/pt-pt\/#organization\",\"name\":\"INGLET, SLU\",\"url\":\"https:\/\/www.inglet.com\/pt-pt\/\",\"logo\":{\"@type\":\"ImageObject\",\"inLanguage\":\"pt-PT\",\"@id\":\"https:\/\/www.inglet.com\/pt-pt\/#\/schema\/logo\/image\/\",\"url\":\"https:\/\/www.inglet.com\/wp-content\/uploads\/2019\/08\/Inglet-Logo.jpg\",\"contentUrl\":\"https:\/\/www.inglet.com\/wp-content\/uploads\/2019\/08\/Inglet-Logo.jpg\",\"width\":264,\"height\":342,\"caption\":\"INGLET, SLU\"},\"image\":{\"@id\":\"https:\/\/www.inglet.com\/pt-pt\/#\/schema\/logo\/image\/\"}}]}<\/script>\n<!-- \/ Yoast SEO plugin. -->","yoast_head_json":{"title":"CORTADORA PASSEPARTOUT MANUAL OVALS BISEL NT - INGLET","robots":{"index":"index","follow":"follow","max-snippet":"max-snippet:-1","max-image-preview":"max-image-preview:large","max-video-preview":"max-video-preview:-1"},"canonical":"https:\/\/www.inglet.com\/pt-pt\/producto\/cortadora-passepartout-manual-ovalos-bisel-nt\/","og_locale":"pt_PT","og_type":"article","og_title":"CORTADORA PASSEPARTOUT MANUAL OVALS BISEL NT - INGLET","og_description":"Ferramenta pr\u00e1tica para cortar c\u00edrculos e ovais de uma forma r\u00e1pida, simples e eficaz em bisel de 45\u00ba. Tem fixa\u00e7\u00e3o [&hellip;]","og_url":"https:\/\/www.inglet.com\/pt-pt\/producto\/cortadora-passepartout-manual-ovalos-bisel-nt\/","og_site_name":"INGLET","article_modified_time":"2025-11-01T23:00:14+00:00","og_image":[{"width":800,"height":800,"url":"https:\/\/www.inglet.com\/wp-content\/uploads\/2020\/01\/020205.jpg","type":"image\/jpeg"}],"twitter_card":"summary_large_image","schema":{"@context":"https:\/\/schema.org","@graph":[{"@type":"WebPage","@id":"https:\/\/www.inglet.com\/pt-pt\/producto\/cortadora-passepartout-manual-ovalos-bisel-nt\/","url":"https:\/\/www.inglet.com\/pt-pt\/producto\/cortadora-passepartout-manual-ovalos-bisel-nt\/","name":"CORTADORA PASSEPARTOUT MANUAL OVALS BISEL NT - INGLET","isPartOf":{"@id":"https:\/\/www.inglet.com\/pt-pt\/#website"},"primaryImageOfPage":{"@id":"https:\/\/www.inglet.com\/pt-pt\/producto\/cortadora-passepartout-manual-ovalos-bisel-nt\/#primaryimage"},"image":{"@id":"https:\/\/www.inglet.com\/pt-pt\/producto\/cortadora-passepartout-manual-ovalos-bisel-nt\/#primaryimage"},"thumbnailUrl":"https:\/\/www.inglet.com\/wp-content\/uploads\/2020\/01\/020205.jpg","datePublished":"2020-01-22T18:21:59+00:00","dateModified":"2025-11-01T23:00:14+00:00","breadcrumb":{"@id":"https:\/\/www.inglet.com\/pt-pt\/producto\/cortadora-passepartout-manual-ovalos-bisel-nt\/#breadcrumb"},"inLanguage":"pt-PT","potentialAction":[{"@type":"ReadAction","target":["https:\/\/www.inglet.com\/pt-pt\/producto\/cortadora-passepartout-manual-ovalos-bisel-nt\/"]}]},{"@type":"ImageObject","inLanguage":"pt-PT","@id":"https:\/\/www.inglet.com\/pt-pt\/producto\/cortadora-passepartout-manual-ovalos-bisel-nt\/#primaryimage","url":"https:\/\/www.inglet.com\/wp-content\/uploads\/2020\/01\/020205.jpg","contentUrl":"https:\/\/www.inglet.com\/wp-content\/uploads\/2020\/01\/020205.jpg","width":800,"height":800},{"@type":"BreadcrumbList","@id":"https:\/\/www.inglet.com\/pt-pt\/producto\/cortadora-passepartout-manual-ovalos-bisel-nt\/#breadcrumb","itemListElement":[{"@type":"ListItem","position":1,"name":"Portada","item":"https:\/\/www.inglet.com\/pt-pt\/"},{"@type":"ListItem","position":2,"name":"Tienda","item":"https:\/\/www.inglet.com\/tienda\/"},{"@type":"ListItem","position":3,"name":"CORTADORA PASSEPARTOUT MANUAL OVALS BISEL NT"}]},{"@type":"WebSite","@id":"https:\/\/www.inglet.com\/pt-pt\/#website","url":"https:\/\/www.inglet.com\/pt-pt\/","name":"INGLET","description":"Suministros para la enmarcaci\u00f3n y la  impresi\u00f3n digital","publisher":{"@id":"https:\/\/www.inglet.com\/pt-pt\/#organization"},"potentialAction":[{"@type":"SearchAction","target":{"@type":"EntryPoint","urlTemplate":"https:\/\/www.inglet.com\/pt-pt\/?s={search_term_string}"},"query-input":{"@type":"PropertyValueSpecification","valueRequired":true,"valueName":"search_term_string"}}],"inLanguage":"pt-PT"},{"@type":"Organization","@id":"https:\/\/www.inglet.com\/pt-pt\/#organization","name":"INGLET, SLU","url":"https:\/\/www.inglet.com\/pt-pt\/","logo":{"@type":"ImageObject","inLanguage":"pt-PT","@id":"https:\/\/www.inglet.com\/pt-pt\/#\/schema\/logo\/image\/","url":"https:\/\/www.inglet.com\/wp-content\/uploads\/2019\/08\/Inglet-Logo.jpg","contentUrl":"https:\/\/www.inglet.com\/wp-content\/uploads\/2019\/08\/Inglet-Logo.jpg","width":264,"height":342,"caption":"INGLET, SLU"},"image":{"@id":"https:\/\/www.inglet.com\/pt-pt\/#\/schema\/logo\/image\/"}}]}},"_links":{"self":[{"href":"https:\/\/www.inglet.com\/pt-pt\/wp-json\/wp\/v2\/product\/32668","targetHints":{"allow":["GET"]}}],"collection":[{"href":"https:\/\/www.inglet.com\/pt-pt\/wp-json\/wp\/v2\/product"}],"about":[{"href":"https:\/\/www.inglet.com\/pt-pt\/wp-json\/wp\/v2\/types\/product"}],"wp:featuredmedia":[{"embeddable":true,"href":"https:\/\/www.inglet.com\/pt-pt\/wp-json\/wp\/v2\/media\/38579"}],"wp:attachment":[{"href":"https:\/\/www.inglet.com\/pt-pt\/wp-json\/wp\/v2\/media?parent=32668"}],"wp:term":[{"taxonomy":"product_brand","embeddable":true,"href":"https:\/\/www.inglet.com\/pt-pt\/wp-json\/wp\/v2\/product_brand?post=32668"},{"taxonomy":"product_cat","embeddable":true,"href":"https:\/\/www.inglet.com\/pt-pt\/wp-json\/wp\/v2\/product_cat?post=32668"},{"taxonomy":"product_tag","embeddable":true,"href":"https:\/\/www.inglet.com\/pt-pt\/wp-json\/wp\/v2\/product_tag?post=32668"}],"curies":[{"name":"wp","href":"https:\/\/api.w.org\/{rel}","templated":true}]}}