{"id":32742,"date":"2020-01-22T19:42:43","date_gmt":"2020-01-22T18:42:43","guid":{"rendered":"http:\/\/www.inglet.com\/producto\/cortadora-sobremesa-inbest-twin\/"},"modified":"2023-11-23T11:21:35","modified_gmt":"2023-11-23T10:21:35","slug":"cortadora-de-mesa-inbest-twin","status":"publish","type":"product","link":"https:\/\/www.inglet.com\/pt-pt\/producto\/cortadora-de-mesa-inbest-twin\/","title":{"rendered":"CORTADORA DE MESA INBEST TWIN"},"content":{"rendered":"<p><strong>A nova gama de cortadoras de mesa InBest <\/strong>foi desenvolvida e constru\u00edda para satisfazer todas as necessidades de <strong>corte numa grande variedade de materiais gr\u00e1ficos<\/strong>; desde o material flex\u00edvel mais delicado at\u00e9 qualquer material semi-r\u00edgido. A caracter\u00edstica \u00fanica de utilizar um sistema de rolamento linear para guiar a cabe\u00e7a de corte garante um excelente desempenho e extrema precis\u00e3o, inigual\u00e1vel para qualquer outro cortador no mercado.<\/p>\n<p>Todos os modelos InBest est\u00e3o dispon\u00edveis em cinco tamanhos diferentes: 44&#8243; (110 cm), 63&#8243; (160 cm), 82&#8243; (210 cm), 102&#8243; (260 cm) e 126&#8243; (320 cm).<\/p>\n<p><strong>O InBest Twin possui um revolucion\u00e1rio sistema de duplo porta cabe\u00e7as<\/strong> que permite ao utilizador ter duas cabe\u00e7as de corte diferentes instaladas ao mesmo tempo e bloque\u00e1-las na posi\u00e7\u00e3o de corte se necess\u00e1rio. As diferentes cabe\u00e7as de corte dispon\u00edveis proporcionam \u00e0 m\u00e1quina uma grande versatilidade e produtividade.<\/p>\n<p><strong>Inclu\u00eddo:<\/strong><br \/>\nCabe\u00e7a de corte para materiais semi-r\u00edgidos (at\u00e9 13 mm). <strong>Ref. 45 22 95.<\/strong><br \/>\nL\u00e2mina circular para materiais flex\u00edveis (At\u00e9 4 mm). <strong>Ref. 45 22 96.<\/strong><\/p>\n<p><img decoding=\"async\" class=\"alignnone size-full wp-image-67383\" src=\"https:\/\/www.inglet.com\/wp-content\/uploads\/2020\/01\/452295_Web.jpg\" alt=\"\" width=\"150\" height=\"133\" srcset=\"https:\/\/www.inglet.com\/wp-content\/uploads\/2020\/01\/452295_Web.jpg 150w, https:\/\/www.inglet.com\/wp-content\/uploads\/2020\/01\/452295_Web-91x81.jpg 91w\" sizes=\"(max-width: 150px) 100vw, 150px\" \/>\u00a0 \u00a0 \u00a0 \u00a0<img decoding=\"async\" class=\"alignnone wp-image-67388\" src=\"https:\/\/www.inglet.com\/wp-content\/uploads\/2020\/01\/452296_Web.jpg\" alt=\"\" width=\"137\" height=\"142\" srcset=\"https:\/\/www.inglet.com\/wp-content\/uploads\/2020\/01\/452296_Web.jpg 150w, https:\/\/www.inglet.com\/wp-content\/uploads\/2020\/01\/452296_Web-91x95.jpg 91w\" sizes=\"(max-width: 137px) 100vw, 137px\" \/><\/p>\n<p><strong>Por que raz\u00e3o \u00e9 diferente?<\/strong><\/p>\n<p><strong>Sistema de rolamentos lineares:<\/strong><br \/>\nA combina\u00e7\u00e3o de um bloco de rolamentos robusto com o trilho linear de a\u00e7o, comum a todos os cortadores InBest, garante um movimento preciso e suave da cabe\u00e7a de corte.<\/p>\n<p><strong>Sistema de punho ergon\u00f3mico:<\/strong><br \/>\nSistema de cabo ergon\u00f3mico para um corte confort\u00e1vel em ambos os sentidos.<\/p>\n<p><strong>Fechadura com l\u00e2mina:<\/strong><br \/>\nPossibilidade de bloquear a l\u00e2mina na posi\u00e7\u00e3o de corte para facilitar o corte de grandes dimens\u00f5es. N\u00e3o h\u00e1 necessidade de pressionar a cabe\u00e7a de corte com a m\u00e3o.<\/p>\n<p><strong>Elevador para montagem em mesa:<\/strong><br \/>\nDispon\u00edvel para InBest Basic e InBest Twin, oferece uma opera\u00e7\u00e3o simples ao levantar a fresa acima do material para posicionar a linha de corte.<\/p>\n<p><strong>Outras caracter\u00edsticas:<\/strong><br \/>\n\u2022 Simples de instalar e f\u00e1cil de usar.<br \/>\n\u2022 Fita pl\u00e1stica para visualizar a linha de corte.<br \/>\n\u2022 Espessura de corte at\u00e9 20 mm para materiais semi-r\u00edgidos.<br \/>\n\u2022 Sem poeira para trabalhar em seguran\u00e7a perto de impressoras.<\/p>\n<p><strong><a href=\"https:\/\/www.inglet.com\/wp-content\/uploads\/2023\/11\/FAQ_Inbest_POR.pdf\" target=\"_blank\" rel=\"noopener\">FAQ InBest<\/a><\/strong><\/p>\n","protected":false},"excerpt":{"rendered":"<p>A nova gama de cortadoras de mesa InBest foi desenvolvida e constru\u00edda para satisfazer todas as necessidades de corte numa [&hellip;]<\/p>\n","protected":false},"featured_media":50667,"template":"","meta":{"_sitemap_exclude":false,"_sitemap_priority":"","_sitemap_frequency":"","_monsterinsights_skip_tracking":false,"_monsterinsights_sitenote_active":false,"_monsterinsights_sitenote_note":"","_monsterinsights_sitenote_category":0},"product_brand":[],"product_cat":[469],"product_tag":[],"class_list":{"0":"post-32742","1":"product","2":"type-product","3":"status-publish","4":"has-post-thumbnail","6":"product_cat-cortadoras-verticais-e-cortadoras-de-mesa","8":"first","9":"outofstock","10":"taxable","11":"shipping-taxable","12":"product-type-grouped"},"yoast_head":"<!-- This site is optimized with the Yoast SEO plugin v24.7 - https:\/\/yoast.com\/wordpress\/plugins\/seo\/ -->\n<title>CORTADORA DE MESA INBEST TWIN - INGLET<\/title>\n<meta name=\"robots\" content=\"index, follow, max-snippet:-1, max-image-preview:large, max-video-preview:-1\" \/>\n<link rel=\"canonical\" href=\"https:\/\/www.inglet.com\/pt-pt\/producto\/cortadora-de-mesa-inbest-twin\/\" \/>\n<meta property=\"og:locale\" content=\"pt_PT\" \/>\n<meta property=\"og:type\" content=\"article\" \/>\n<meta property=\"og:title\" content=\"CORTADORA DE MESA INBEST TWIN - INGLET\" \/>\n<meta property=\"og:description\" content=\"A nova gama de cortadoras de mesa InBest foi desenvolvida e constru\u00edda para satisfazer todas as necessidades de corte numa [&hellip;]\" \/>\n<meta property=\"og:url\" content=\"https:\/\/www.inglet.com\/pt-pt\/producto\/cortadora-de-mesa-inbest-twin\/\" \/>\n<meta property=\"og:site_name\" content=\"INGLET\" \/>\n<meta property=\"article:modified_time\" content=\"2023-11-23T10:21:35+00:00\" \/>\n<meta property=\"og:image\" content=\"https:\/\/www.inglet.com\/wp-content\/uploads\/2020\/01\/452295_Web.jpg\" \/>\n<meta name=\"twitter:card\" content=\"summary_large_image\" \/>\n<meta name=\"twitter:label1\" content=\"Tempo estimado de leitura\" \/>\n\t<meta name=\"twitter:data1\" content=\"2 minutos\" \/>\n<script type=\"application\/ld+json\" class=\"yoast-schema-graph\">{\"@context\":\"https:\/\/schema.org\",\"@graph\":[{\"@type\":\"WebPage\",\"@id\":\"https:\/\/www.inglet.com\/pt-pt\/producto\/cortadora-de-mesa-inbest-twin\/\",\"url\":\"https:\/\/www.inglet.com\/pt-pt\/producto\/cortadora-de-mesa-inbest-twin\/\",\"name\":\"CORTADORA DE MESA INBEST TWIN - INGLET\",\"isPartOf\":{\"@id\":\"https:\/\/www.inglet.com\/pt-pt\/#website\"},\"primaryImageOfPage\":{\"@id\":\"https:\/\/www.inglet.com\/pt-pt\/producto\/cortadora-de-mesa-inbest-twin\/#primaryimage\"},\"image\":{\"@id\":\"https:\/\/www.inglet.com\/pt-pt\/producto\/cortadora-de-mesa-inbest-twin\/#primaryimage\"},\"thumbnailUrl\":\"https:\/\/www.inglet.com\/wp-content\/uploads\/2020\/01\/Inbest_Twin_Web.jpg\",\"datePublished\":\"2020-01-22T18:42:43+00:00\",\"dateModified\":\"2023-11-23T10:21:35+00:00\",\"breadcrumb\":{\"@id\":\"https:\/\/www.inglet.com\/pt-pt\/producto\/cortadora-de-mesa-inbest-twin\/#breadcrumb\"},\"inLanguage\":\"pt-PT\",\"potentialAction\":[{\"@type\":\"ReadAction\",\"target\":[\"https:\/\/www.inglet.com\/pt-pt\/producto\/cortadora-de-mesa-inbest-twin\/\"]}]},{\"@type\":\"ImageObject\",\"inLanguage\":\"pt-PT\",\"@id\":\"https:\/\/www.inglet.com\/pt-pt\/producto\/cortadora-de-mesa-inbest-twin\/#primaryimage\",\"url\":\"https:\/\/www.inglet.com\/wp-content\/uploads\/2020\/01\/Inbest_Twin_Web.jpg\",\"contentUrl\":\"https:\/\/www.inglet.com\/wp-content\/uploads\/2020\/01\/Inbest_Twin_Web.jpg\",\"width\":800,\"height\":800,\"caption\":\"Cortadora de sobremesa Inbest Twin\"},{\"@type\":\"BreadcrumbList\",\"@id\":\"https:\/\/www.inglet.com\/pt-pt\/producto\/cortadora-de-mesa-inbest-twin\/#breadcrumb\",\"itemListElement\":[{\"@type\":\"ListItem\",\"position\":1,\"name\":\"Portada\",\"item\":\"https:\/\/www.inglet.com\/pt-pt\/\"},{\"@type\":\"ListItem\",\"position\":2,\"name\":\"Tienda\",\"item\":\"https:\/\/www.inglet.com\/tienda\/\"},{\"@type\":\"ListItem\",\"position\":3,\"name\":\"CORTADORA DE MESA INBEST TWIN\"}]},{\"@type\":\"WebSite\",\"@id\":\"https:\/\/www.inglet.com\/pt-pt\/#website\",\"url\":\"https:\/\/www.inglet.com\/pt-pt\/\",\"name\":\"INGLET\",\"description\":\"Suministros para la enmarcaci\u00f3n y la  impresi\u00f3n digital\",\"publisher\":{\"@id\":\"https:\/\/www.inglet.com\/pt-pt\/#organization\"},\"potentialAction\":[{\"@type\":\"SearchAction\",\"target\":{\"@type\":\"EntryPoint\",\"urlTemplate\":\"https:\/\/www.inglet.com\/pt-pt\/?s={search_term_string}\"},\"query-input\":{\"@type\":\"PropertyValueSpecification\",\"valueRequired\":true,\"valueName\":\"search_term_string\"}}],\"inLanguage\":\"pt-PT\"},{\"@type\":\"Organization\",\"@id\":\"https:\/\/www.inglet.com\/pt-pt\/#organization\",\"name\":\"INGLET, SLU\",\"url\":\"https:\/\/www.inglet.com\/pt-pt\/\",\"logo\":{\"@type\":\"ImageObject\",\"inLanguage\":\"pt-PT\",\"@id\":\"https:\/\/www.inglet.com\/pt-pt\/#\/schema\/logo\/image\/\",\"url\":\"https:\/\/www.inglet.com\/wp-content\/uploads\/2019\/08\/Inglet-Logo.jpg\",\"contentUrl\":\"https:\/\/www.inglet.com\/wp-content\/uploads\/2019\/08\/Inglet-Logo.jpg\",\"width\":264,\"height\":342,\"caption\":\"INGLET, SLU\"},\"image\":{\"@id\":\"https:\/\/www.inglet.com\/pt-pt\/#\/schema\/logo\/image\/\"}}]}<\/script>\n<!-- \/ Yoast SEO plugin. -->","yoast_head_json":{"title":"CORTADORA DE MESA INBEST TWIN - INGLET","robots":{"index":"index","follow":"follow","max-snippet":"max-snippet:-1","max-image-preview":"max-image-preview:large","max-video-preview":"max-video-preview:-1"},"canonical":"https:\/\/www.inglet.com\/pt-pt\/producto\/cortadora-de-mesa-inbest-twin\/","og_locale":"pt_PT","og_type":"article","og_title":"CORTADORA DE MESA INBEST TWIN - INGLET","og_description":"A nova gama de cortadoras de mesa InBest foi desenvolvida e constru\u00edda para satisfazer todas as necessidades de corte numa [&hellip;]","og_url":"https:\/\/www.inglet.com\/pt-pt\/producto\/cortadora-de-mesa-inbest-twin\/","og_site_name":"INGLET","article_modified_time":"2023-11-23T10:21:35+00:00","og_image":[{"url":"https:\/\/www.inglet.com\/wp-content\/uploads\/2020\/01\/452295_Web.jpg","type":"","width":"","height":""}],"twitter_card":"summary_large_image","twitter_misc":{"Tempo estimado de leitura":"2 minutos"},"schema":{"@context":"https:\/\/schema.org","@graph":[{"@type":"WebPage","@id":"https:\/\/www.inglet.com\/pt-pt\/producto\/cortadora-de-mesa-inbest-twin\/","url":"https:\/\/www.inglet.com\/pt-pt\/producto\/cortadora-de-mesa-inbest-twin\/","name":"CORTADORA DE MESA INBEST TWIN - INGLET","isPartOf":{"@id":"https:\/\/www.inglet.com\/pt-pt\/#website"},"primaryImageOfPage":{"@id":"https:\/\/www.inglet.com\/pt-pt\/producto\/cortadora-de-mesa-inbest-twin\/#primaryimage"},"image":{"@id":"https:\/\/www.inglet.com\/pt-pt\/producto\/cortadora-de-mesa-inbest-twin\/#primaryimage"},"thumbnailUrl":"https:\/\/www.inglet.com\/wp-content\/uploads\/2020\/01\/Inbest_Twin_Web.jpg","datePublished":"2020-01-22T18:42:43+00:00","dateModified":"2023-11-23T10:21:35+00:00","breadcrumb":{"@id":"https:\/\/www.inglet.com\/pt-pt\/producto\/cortadora-de-mesa-inbest-twin\/#breadcrumb"},"inLanguage":"pt-PT","potentialAction":[{"@type":"ReadAction","target":["https:\/\/www.inglet.com\/pt-pt\/producto\/cortadora-de-mesa-inbest-twin\/"]}]},{"@type":"ImageObject","inLanguage":"pt-PT","@id":"https:\/\/www.inglet.com\/pt-pt\/producto\/cortadora-de-mesa-inbest-twin\/#primaryimage","url":"https:\/\/www.inglet.com\/wp-content\/uploads\/2020\/01\/Inbest_Twin_Web.jpg","contentUrl":"https:\/\/www.inglet.com\/wp-content\/uploads\/2020\/01\/Inbest_Twin_Web.jpg","width":800,"height":800,"caption":"Cortadora de sobremesa Inbest Twin"},{"@type":"BreadcrumbList","@id":"https:\/\/www.inglet.com\/pt-pt\/producto\/cortadora-de-mesa-inbest-twin\/#breadcrumb","itemListElement":[{"@type":"ListItem","position":1,"name":"Portada","item":"https:\/\/www.inglet.com\/pt-pt\/"},{"@type":"ListItem","position":2,"name":"Tienda","item":"https:\/\/www.inglet.com\/tienda\/"},{"@type":"ListItem","position":3,"name":"CORTADORA DE MESA INBEST TWIN"}]},{"@type":"WebSite","@id":"https:\/\/www.inglet.com\/pt-pt\/#website","url":"https:\/\/www.inglet.com\/pt-pt\/","name":"INGLET","description":"Suministros para la enmarcaci\u00f3n y la  impresi\u00f3n digital","publisher":{"@id":"https:\/\/www.inglet.com\/pt-pt\/#organization"},"potentialAction":[{"@type":"SearchAction","target":{"@type":"EntryPoint","urlTemplate":"https:\/\/www.inglet.com\/pt-pt\/?s={search_term_string}"},"query-input":{"@type":"PropertyValueSpecification","valueRequired":true,"valueName":"search_term_string"}}],"inLanguage":"pt-PT"},{"@type":"Organization","@id":"https:\/\/www.inglet.com\/pt-pt\/#organization","name":"INGLET, SLU","url":"https:\/\/www.inglet.com\/pt-pt\/","logo":{"@type":"ImageObject","inLanguage":"pt-PT","@id":"https:\/\/www.inglet.com\/pt-pt\/#\/schema\/logo\/image\/","url":"https:\/\/www.inglet.com\/wp-content\/uploads\/2019\/08\/Inglet-Logo.jpg","contentUrl":"https:\/\/www.inglet.com\/wp-content\/uploads\/2019\/08\/Inglet-Logo.jpg","width":264,"height":342,"caption":"INGLET, SLU"},"image":{"@id":"https:\/\/www.inglet.com\/pt-pt\/#\/schema\/logo\/image\/"}}]}},"_links":{"self":[{"href":"https:\/\/www.inglet.com\/pt-pt\/wp-json\/wp\/v2\/product\/32742","targetHints":{"allow":["GET"]}}],"collection":[{"href":"https:\/\/www.inglet.com\/pt-pt\/wp-json\/wp\/v2\/product"}],"about":[{"href":"https:\/\/www.inglet.com\/pt-pt\/wp-json\/wp\/v2\/types\/product"}],"wp:featuredmedia":[{"embeddable":true,"href":"https:\/\/www.inglet.com\/pt-pt\/wp-json\/wp\/v2\/media\/50667"}],"wp:attachment":[{"href":"https:\/\/www.inglet.com\/pt-pt\/wp-json\/wp\/v2\/media?parent=32742"}],"wp:term":[{"taxonomy":"product_brand","embeddable":true,"href":"https:\/\/www.inglet.com\/pt-pt\/wp-json\/wp\/v2\/product_brand?post=32742"},{"taxonomy":"product_cat","embeddable":true,"href":"https:\/\/www.inglet.com\/pt-pt\/wp-json\/wp\/v2\/product_cat?post=32742"},{"taxonomy":"product_tag","embeddable":true,"href":"https:\/\/www.inglet.com\/pt-pt\/wp-json\/wp\/v2\/product_tag?post=32742"}],"curies":[{"name":"wp","href":"https:\/\/api.w.org\/{rel}","templated":true}]}}