{"id":32760,"date":"2020-01-22T19:43:14","date_gmt":"2020-01-22T18:43:14","guid":{"rendered":"http:\/\/www.inglet.com\/producto\/cortadora-vertical-inblade\/"},"modified":"2025-07-16T12:33:54","modified_gmt":"2025-07-16T10:33:54","slug":"cortadora-vertical-inblade","status":"publish","type":"product","link":"https:\/\/www.inglet.com\/pt-pt\/producto\/cortadora-vertical-inblade\/","title":{"rendered":"CORTADORA VERTICAL INBLADE"},"content":{"rendered":"<p><strong>A cortadora vertical InBlade <\/strong>corta todos os materiais r\u00edgidos e semi-r\u00edgidos utilizados hoje em dia nos mercados da comunica\u00e7\u00e3o visual, enquadramento e fotografia. O fi\u00e1vel sistema de guia linear, combinado com uma estrutura robusta, garante um corte preciso e suave de todos os materiais. O sistema de cabe\u00e7as de corte intercambi\u00e1veis oferece uma solu\u00e7\u00e3o f\u00e1cil para a fixa\u00e7\u00e3o de todas as cabe\u00e7as de corte dispon\u00edveis e est\u00e1 pronto para ser utilizada com ferramentas recentemente desenvolvidas no futuro.<\/p>\n<p><strong>Materiais que a Inblade corta: <\/strong>acr\u00edlicos \/ Plexiglas\u00ae, chapas de alum\u00ednio, Comp\u00f3sito de alum\u00ednio \/ Dibond\u00ae, cart\u00e3o MDF, vidro, cart\u00e3o espuma, PVC, cart\u00e3o, honeycomb \/ Re-board\u00ae, pl\u00e1stico ondulado, passepartout\u2026<\/p>\n<p><strong>A cortadora vertical InBlade est\u00e1 dispon\u00edvel em tr\u00eas tamanhos de corte:<\/strong> 165 cm (65&#8221;), 210 cm (82&#8243;) e 250 cm (98&#8243;) e permite cortar a incr\u00edvel espessura m\u00e1xima de 20 mm.<\/p>\n<p><strong>Inclu\u00eddo:<\/strong><br \/>\n\u2022 Cabe\u00e7a de corte para materiais comp\u00f3sitos de alum\u00ednio (at\u00e9 4 mm). <strong>Ref. 45 19 90.<\/strong><br \/>\n\u2022 Cabe\u00e7a de corte para materiais semi-r\u00edgidos (at\u00e9 13 mm). <strong>Ref. 45 19 91.<\/strong><\/p>\n<p><img decoding=\"async\" class=\"alignnone wp-image-67740\" src=\"https:\/\/www.inglet.com\/wp-content\/uploads\/2020\/01\/451990.png\" alt=\"\" width=\"170\" height=\"150\" srcset=\"https:\/\/www.inglet.com\/wp-content\/uploads\/2020\/01\/451990.png 200w, https:\/\/www.inglet.com\/wp-content\/uploads\/2020\/01\/451990-91x80.png 91w\" sizes=\"(max-width: 170px) 100vw, 170px\" \/>\u00a0 \u00a0 \u00a0\u00a0<img decoding=\"async\" class=\"alignnone wp-image-67745\" src=\"https:\/\/www.inglet.com\/wp-content\/uploads\/2020\/01\/451991-250x145.png\" alt=\"\" width=\"150\" height=\"87\" srcset=\"https:\/\/www.inglet.com\/wp-content\/uploads\/2020\/01\/451991-250x145.png 250w, https:\/\/www.inglet.com\/wp-content\/uploads\/2020\/01\/451991-535x310.png 535w, https:\/\/www.inglet.com\/wp-content\/uploads\/2020\/01\/451991-300x174.png 300w, https:\/\/www.inglet.com\/wp-content\/uploads\/2020\/01\/451991-91x53.png 91w, https:\/\/www.inglet.com\/wp-content\/uploads\/2020\/01\/451991-600x348.png 600w, https:\/\/www.inglet.com\/wp-content\/uploads\/2020\/01\/451991.png 691w\" sizes=\"(max-width: 150px) 100vw, 150px\" \/><\/p>\n<p><strong><a href=\"https:\/\/www.inglet.com\/wp-content\/uploads\/2020\/01\/FAQ_Inblade_POR.pdf\" target=\"_blank\" rel=\"noopener\">FAQ InBlade<\/a><\/strong><\/p>\n","protected":false},"excerpt":{"rendered":"<p>A cortadora vertical InBlade corta todos os materiais r\u00edgidos e semi-r\u00edgidos utilizados hoje em dia nos mercados da comunica\u00e7\u00e3o visual, [&hellip;]<\/p>\n","protected":false},"featured_media":42102,"template":"","meta":{"_sitemap_exclude":false,"_sitemap_priority":"","_sitemap_frequency":"","_monsterinsights_skip_tracking":false,"_monsterinsights_sitenote_active":false,"_monsterinsights_sitenote_note":"","_monsterinsights_sitenote_category":0},"product_brand":[],"product_cat":[469],"product_tag":[],"class_list":{"0":"post-32760","1":"product","2":"type-product","3":"status-publish","4":"has-post-thumbnail","6":"product_cat-cortadoras-verticais-e-cortadoras-de-mesa","8":"first","9":"outofstock","10":"taxable","11":"shipping-taxable","12":"product-type-grouped"},"yoast_head":"<!-- This site is optimized with the Yoast SEO plugin v24.7 - https:\/\/yoast.com\/wordpress\/plugins\/seo\/ -->\n<title>CORTADORA VERTICAL INBLADE - INGLET<\/title>\n<meta name=\"robots\" content=\"index, follow, max-snippet:-1, max-image-preview:large, max-video-preview:-1\" \/>\n<link rel=\"canonical\" href=\"https:\/\/www.inglet.com\/pt-pt\/producto\/cortadora-vertical-inblade\/\" \/>\n<meta property=\"og:locale\" content=\"pt_PT\" \/>\n<meta property=\"og:type\" content=\"article\" \/>\n<meta property=\"og:title\" content=\"CORTADORA VERTICAL INBLADE - INGLET\" \/>\n<meta property=\"og:description\" content=\"A cortadora vertical InBlade corta todos os materiais r\u00edgidos e semi-r\u00edgidos utilizados hoje em dia nos mercados da comunica\u00e7\u00e3o visual, [&hellip;]\" \/>\n<meta property=\"og:url\" content=\"https:\/\/www.inglet.com\/pt-pt\/producto\/cortadora-vertical-inblade\/\" \/>\n<meta property=\"og:site_name\" content=\"INGLET\" \/>\n<meta property=\"article:modified_time\" content=\"2025-07-16T10:33:54+00:00\" \/>\n<meta property=\"og:image\" content=\"https:\/\/www.inglet.com\/wp-content\/uploads\/2020\/01\/728561CI.jpg\" \/>\n\t<meta property=\"og:image:width\" content=\"945\" \/>\n\t<meta property=\"og:image:height\" content=\"945\" \/>\n\t<meta property=\"og:image:type\" content=\"image\/jpeg\" \/>\n<meta name=\"twitter:card\" content=\"summary_large_image\" \/>\n<meta name=\"twitter:label1\" content=\"Tempo estimado de leitura\" \/>\n\t<meta name=\"twitter:data1\" content=\"2 minutos\" \/>\n<script type=\"application\/ld+json\" class=\"yoast-schema-graph\">{\"@context\":\"https:\/\/schema.org\",\"@graph\":[{\"@type\":\"WebPage\",\"@id\":\"https:\/\/www.inglet.com\/pt-pt\/producto\/cortadora-vertical-inblade\/\",\"url\":\"https:\/\/www.inglet.com\/pt-pt\/producto\/cortadora-vertical-inblade\/\",\"name\":\"CORTADORA VERTICAL INBLADE - INGLET\",\"isPartOf\":{\"@id\":\"https:\/\/www.inglet.com\/pt-pt\/#website\"},\"primaryImageOfPage\":{\"@id\":\"https:\/\/www.inglet.com\/pt-pt\/producto\/cortadora-vertical-inblade\/#primaryimage\"},\"image\":{\"@id\":\"https:\/\/www.inglet.com\/pt-pt\/producto\/cortadora-vertical-inblade\/#primaryimage\"},\"thumbnailUrl\":\"https:\/\/www.inglet.com\/wp-content\/uploads\/2020\/01\/728561CI.jpg\",\"datePublished\":\"2020-01-22T18:43:14+00:00\",\"dateModified\":\"2025-07-16T10:33:54+00:00\",\"breadcrumb\":{\"@id\":\"https:\/\/www.inglet.com\/pt-pt\/producto\/cortadora-vertical-inblade\/#breadcrumb\"},\"inLanguage\":\"pt-PT\",\"potentialAction\":[{\"@type\":\"ReadAction\",\"target\":[\"https:\/\/www.inglet.com\/pt-pt\/producto\/cortadora-vertical-inblade\/\"]}]},{\"@type\":\"ImageObject\",\"inLanguage\":\"pt-PT\",\"@id\":\"https:\/\/www.inglet.com\/pt-pt\/producto\/cortadora-vertical-inblade\/#primaryimage\",\"url\":\"https:\/\/www.inglet.com\/wp-content\/uploads\/2020\/01\/728561CI.jpg\",\"contentUrl\":\"https:\/\/www.inglet.com\/wp-content\/uploads\/2020\/01\/728561CI.jpg\",\"width\":945,\"height\":945,\"caption\":\"Cortadora vertical Inblade\"},{\"@type\":\"BreadcrumbList\",\"@id\":\"https:\/\/www.inglet.com\/pt-pt\/producto\/cortadora-vertical-inblade\/#breadcrumb\",\"itemListElement\":[{\"@type\":\"ListItem\",\"position\":1,\"name\":\"Portada\",\"item\":\"https:\/\/www.inglet.com\/pt-pt\/\"},{\"@type\":\"ListItem\",\"position\":2,\"name\":\"Tienda\",\"item\":\"https:\/\/www.inglet.com\/tienda\/\"},{\"@type\":\"ListItem\",\"position\":3,\"name\":\"CORTADORA VERTICAL INBLADE\"}]},{\"@type\":\"WebSite\",\"@id\":\"https:\/\/www.inglet.com\/pt-pt\/#website\",\"url\":\"https:\/\/www.inglet.com\/pt-pt\/\",\"name\":\"INGLET\",\"description\":\"Suministros para la enmarcaci\u00f3n y la  impresi\u00f3n digital\",\"publisher\":{\"@id\":\"https:\/\/www.inglet.com\/pt-pt\/#organization\"},\"potentialAction\":[{\"@type\":\"SearchAction\",\"target\":{\"@type\":\"EntryPoint\",\"urlTemplate\":\"https:\/\/www.inglet.com\/pt-pt\/?s={search_term_string}\"},\"query-input\":{\"@type\":\"PropertyValueSpecification\",\"valueRequired\":true,\"valueName\":\"search_term_string\"}}],\"inLanguage\":\"pt-PT\"},{\"@type\":\"Organization\",\"@id\":\"https:\/\/www.inglet.com\/pt-pt\/#organization\",\"name\":\"INGLET, SLU\",\"url\":\"https:\/\/www.inglet.com\/pt-pt\/\",\"logo\":{\"@type\":\"ImageObject\",\"inLanguage\":\"pt-PT\",\"@id\":\"https:\/\/www.inglet.com\/pt-pt\/#\/schema\/logo\/image\/\",\"url\":\"https:\/\/www.inglet.com\/wp-content\/uploads\/2019\/08\/Inglet-Logo.jpg\",\"contentUrl\":\"https:\/\/www.inglet.com\/wp-content\/uploads\/2019\/08\/Inglet-Logo.jpg\",\"width\":264,\"height\":342,\"caption\":\"INGLET, SLU\"},\"image\":{\"@id\":\"https:\/\/www.inglet.com\/pt-pt\/#\/schema\/logo\/image\/\"}}]}<\/script>\n<!-- \/ Yoast SEO plugin. -->","yoast_head_json":{"title":"CORTADORA VERTICAL INBLADE - INGLET","robots":{"index":"index","follow":"follow","max-snippet":"max-snippet:-1","max-image-preview":"max-image-preview:large","max-video-preview":"max-video-preview:-1"},"canonical":"https:\/\/www.inglet.com\/pt-pt\/producto\/cortadora-vertical-inblade\/","og_locale":"pt_PT","og_type":"article","og_title":"CORTADORA VERTICAL INBLADE - INGLET","og_description":"A cortadora vertical InBlade corta todos os materiais r\u00edgidos e semi-r\u00edgidos utilizados hoje em dia nos mercados da comunica\u00e7\u00e3o visual, [&hellip;]","og_url":"https:\/\/www.inglet.com\/pt-pt\/producto\/cortadora-vertical-inblade\/","og_site_name":"INGLET","article_modified_time":"2025-07-16T10:33:54+00:00","og_image":[{"width":945,"height":945,"url":"https:\/\/www.inglet.com\/wp-content\/uploads\/2020\/01\/728561CI.jpg","type":"image\/jpeg"}],"twitter_card":"summary_large_image","twitter_misc":{"Tempo estimado de leitura":"2 minutos"},"schema":{"@context":"https:\/\/schema.org","@graph":[{"@type":"WebPage","@id":"https:\/\/www.inglet.com\/pt-pt\/producto\/cortadora-vertical-inblade\/","url":"https:\/\/www.inglet.com\/pt-pt\/producto\/cortadora-vertical-inblade\/","name":"CORTADORA VERTICAL INBLADE - INGLET","isPartOf":{"@id":"https:\/\/www.inglet.com\/pt-pt\/#website"},"primaryImageOfPage":{"@id":"https:\/\/www.inglet.com\/pt-pt\/producto\/cortadora-vertical-inblade\/#primaryimage"},"image":{"@id":"https:\/\/www.inglet.com\/pt-pt\/producto\/cortadora-vertical-inblade\/#primaryimage"},"thumbnailUrl":"https:\/\/www.inglet.com\/wp-content\/uploads\/2020\/01\/728561CI.jpg","datePublished":"2020-01-22T18:43:14+00:00","dateModified":"2025-07-16T10:33:54+00:00","breadcrumb":{"@id":"https:\/\/www.inglet.com\/pt-pt\/producto\/cortadora-vertical-inblade\/#breadcrumb"},"inLanguage":"pt-PT","potentialAction":[{"@type":"ReadAction","target":["https:\/\/www.inglet.com\/pt-pt\/producto\/cortadora-vertical-inblade\/"]}]},{"@type":"ImageObject","inLanguage":"pt-PT","@id":"https:\/\/www.inglet.com\/pt-pt\/producto\/cortadora-vertical-inblade\/#primaryimage","url":"https:\/\/www.inglet.com\/wp-content\/uploads\/2020\/01\/728561CI.jpg","contentUrl":"https:\/\/www.inglet.com\/wp-content\/uploads\/2020\/01\/728561CI.jpg","width":945,"height":945,"caption":"Cortadora vertical Inblade"},{"@type":"BreadcrumbList","@id":"https:\/\/www.inglet.com\/pt-pt\/producto\/cortadora-vertical-inblade\/#breadcrumb","itemListElement":[{"@type":"ListItem","position":1,"name":"Portada","item":"https:\/\/www.inglet.com\/pt-pt\/"},{"@type":"ListItem","position":2,"name":"Tienda","item":"https:\/\/www.inglet.com\/tienda\/"},{"@type":"ListItem","position":3,"name":"CORTADORA VERTICAL INBLADE"}]},{"@type":"WebSite","@id":"https:\/\/www.inglet.com\/pt-pt\/#website","url":"https:\/\/www.inglet.com\/pt-pt\/","name":"INGLET","description":"Suministros para la enmarcaci\u00f3n y la  impresi\u00f3n digital","publisher":{"@id":"https:\/\/www.inglet.com\/pt-pt\/#organization"},"potentialAction":[{"@type":"SearchAction","target":{"@type":"EntryPoint","urlTemplate":"https:\/\/www.inglet.com\/pt-pt\/?s={search_term_string}"},"query-input":{"@type":"PropertyValueSpecification","valueRequired":true,"valueName":"search_term_string"}}],"inLanguage":"pt-PT"},{"@type":"Organization","@id":"https:\/\/www.inglet.com\/pt-pt\/#organization","name":"INGLET, SLU","url":"https:\/\/www.inglet.com\/pt-pt\/","logo":{"@type":"ImageObject","inLanguage":"pt-PT","@id":"https:\/\/www.inglet.com\/pt-pt\/#\/schema\/logo\/image\/","url":"https:\/\/www.inglet.com\/wp-content\/uploads\/2019\/08\/Inglet-Logo.jpg","contentUrl":"https:\/\/www.inglet.com\/wp-content\/uploads\/2019\/08\/Inglet-Logo.jpg","width":264,"height":342,"caption":"INGLET, SLU"},"image":{"@id":"https:\/\/www.inglet.com\/pt-pt\/#\/schema\/logo\/image\/"}}]}},"_links":{"self":[{"href":"https:\/\/www.inglet.com\/pt-pt\/wp-json\/wp\/v2\/product\/32760","targetHints":{"allow":["GET"]}}],"collection":[{"href":"https:\/\/www.inglet.com\/pt-pt\/wp-json\/wp\/v2\/product"}],"about":[{"href":"https:\/\/www.inglet.com\/pt-pt\/wp-json\/wp\/v2\/types\/product"}],"wp:featuredmedia":[{"embeddable":true,"href":"https:\/\/www.inglet.com\/pt-pt\/wp-json\/wp\/v2\/media\/42102"}],"wp:attachment":[{"href":"https:\/\/www.inglet.com\/pt-pt\/wp-json\/wp\/v2\/media?parent=32760"}],"wp:term":[{"taxonomy":"product_brand","embeddable":true,"href":"https:\/\/www.inglet.com\/pt-pt\/wp-json\/wp\/v2\/product_brand?post=32760"},{"taxonomy":"product_cat","embeddable":true,"href":"https:\/\/www.inglet.com\/pt-pt\/wp-json\/wp\/v2\/product_cat?post=32760"},{"taxonomy":"product_tag","embeddable":true,"href":"https:\/\/www.inglet.com\/pt-pt\/wp-json\/wp\/v2\/product_tag?post=32760"}],"curies":[{"name":"wp","href":"https:\/\/api.w.org\/{rel}","templated":true}]}}