{"id":32794,"date":"2020-01-22T19:42:58","date_gmt":"2020-01-22T18:42:58","guid":{"rendered":"http:\/\/www.inglet.com\/producto\/cortadora-vertical-verdi-basic\/"},"modified":"2025-07-24T13:29:24","modified_gmt":"2025-07-24T11:29:24","slug":"cortadora-vertical-de-disco-verdi-basic","status":"publish","type":"product","link":"https:\/\/www.inglet.com\/pt-pt\/producto\/cortadora-vertical-de-disco-verdi-basic\/","title":{"rendered":"CORTADORA VERTICAL DE DISCO VERDI BASIC"},"content":{"rendered":"<p><strong>A cortadora de disco vertical Verdi Basic \u00e9 projetada para cortar qualquer tipo de material r\u00edgido at\u00e9 uma altura de 305 cm e uma espessura m\u00e1xima de 20 mm.<\/strong> O mecanismo f\u00e1cil de usar, combinado com o seu potente motor, convertem-no numa serra essencial em qualquer oficina.<\/p>\n<p><strong>Vem equipada com um disco universal.<\/strong> Este \u00e9 guiado por um robusto e confi\u00e1vel sistema de orienta\u00e7\u00e3o linear de rolamentos que elimina qualquer vibra\u00e7\u00e3o e garante um corte reto e perfeito em todo o caminho.<\/p>\n<p><strong>\u00c9 fabricada em 5 tamanhos diferentes:<\/strong> nos modelos 122 cm (48&#8243;) e 157 cm (61.8&#8243;) o disco \u00e9 acionado manualmente. Nos modelos 210 cm (82.7&#8243;), 244 cm (96.1&#8243;) e 305 cm (120.1&#8243;), o movimento \u00e9 autom\u00e1tico atrav\u00e9s de um mecanismo acionado por correia.<\/p>\n<p><strong>Materiais que corta a cortadora de disco vertical Verdi Basic:<\/strong> PVC espumado, Compostos de alum\u00ednio \/ Dibond\u00ae, Folhas de alum\u00ednio \/ ChromaLuxe\u00ae, Acr\u00edlicos \/ Plexiglas\u00ae, Placas DM \/ madeira ou Pl\u00e1stico corrugado.<\/p>\n<p><strong><span style=\"color: #a21c84;\"><a href=\"https:\/\/www.inglet.com\/pt-pt\/producto\/aspirador-intec-2-hp\/\" target=\"_blank\" rel=\"noopener\">Aspirador<\/a><\/span> dispon\u00edvel como acess\u00f3rio<\/strong> para uma utiliza\u00e7\u00e3o sem p\u00f3 da m\u00e1quina.<\/p>\n<p><strong>Descubra tamb\u00e9m a cortadora vertical<\/strong> <span style=\"color: #a21c84;\"><a title=\"Cortadora Verdi Basic Inglet\" href=\"https:\/\/www.inglet.com\/pt-pt\/producto\/cortadora-vertical-verdi-twin\/\" target=\"_blank\" rel=\"noopener\"><strong>Verdi Twin<\/strong><\/a><\/span>, com dupla cabe\u00e7a de corte.<\/p>\n<p><strong>Conhece o nosso <span style=\"color: #a21c84;\"><a href=\"https:\/\/www.ingletmachinery.com\/es\" target=\"_blank\" rel=\"noopener\">website de maquinaria?<\/a><\/span><\/strong><\/p>\n<p><strong><a href=\"https:\/\/www.inglet.com\/wp-content\/uploads\/2020\/01\/FAQ_Verdi_POR.pdf\" target=\"_blank\" rel=\"noopener\">FAQ Verdi<\/a><\/strong><\/p>\n","protected":false},"excerpt":{"rendered":"<p>A cortadora de disco vertical Verdi Basic \u00e9 projetada para cortar qualquer tipo de material r\u00edgido at\u00e9 uma altura de [&hellip;]<\/p>\n","protected":false},"featured_media":71959,"template":"","meta":{"_sitemap_exclude":false,"_sitemap_priority":"","_sitemap_frequency":"","_monsterinsights_skip_tracking":false,"_monsterinsights_sitenote_active":false,"_monsterinsights_sitenote_note":"","_monsterinsights_sitenote_category":0},"product_brand":[],"product_cat":[469],"product_tag":[],"class_list":{"0":"post-32794","1":"product","2":"type-product","3":"status-publish","4":"has-post-thumbnail","6":"product_cat-cortadoras-verticais-e-cortadoras-de-mesa","8":"first","9":"outofstock","10":"taxable","11":"shipping-taxable","12":"product-type-grouped"},"yoast_head":"<!-- This site is optimized with the Yoast SEO plugin v24.7 - https:\/\/yoast.com\/wordpress\/plugins\/seo\/ -->\n<title>CORTADORA VERTICAL DE DISCO VERDI BASIC - INGLET<\/title>\n<meta name=\"description\" content=\"Cortadora vertical de disco para cortar qualquer tipo de material r\u00edgido at\u00e9 uma altura de corte de 305 cm e uma espessura m\u00e1xima de 22 mm.\" \/>\n<meta name=\"robots\" content=\"index, follow, max-snippet:-1, max-image-preview:large, max-video-preview:-1\" \/>\n<link rel=\"canonical\" href=\"https:\/\/www.inglet.com\/pt-pt\/producto\/cortadora-vertical-de-disco-verdi-basic\/\" \/>\n<meta property=\"og:locale\" content=\"pt_PT\" \/>\n<meta property=\"og:type\" content=\"article\" \/>\n<meta property=\"og:title\" content=\"CORTADORA VERTICAL DE DISCO VERDI BASIC - INGLET\" \/>\n<meta property=\"og:description\" content=\"Cortadora vertical de disco para cortar qualquer tipo de material r\u00edgido at\u00e9 uma altura de corte de 305 cm e uma espessura m\u00e1xima de 22 mm.\" \/>\n<meta property=\"og:url\" content=\"https:\/\/www.inglet.com\/pt-pt\/producto\/cortadora-vertical-de-disco-verdi-basic\/\" \/>\n<meta property=\"og:site_name\" content=\"INGLET\" \/>\n<meta property=\"article:modified_time\" content=\"2025-07-24T11:29:24+00:00\" \/>\n<meta property=\"og:image\" content=\"https:\/\/www.inglet.com\/wp-content\/uploads\/2020\/01\/Nova_Verdi_Basic_210cm_Web.jpg\" \/>\n\t<meta property=\"og:image:width\" content=\"800\" \/>\n\t<meta property=\"og:image:height\" content=\"800\" \/>\n\t<meta property=\"og:image:type\" content=\"image\/jpeg\" \/>\n<meta name=\"twitter:card\" content=\"summary_large_image\" \/>\n<meta name=\"twitter:label1\" content=\"Tempo estimado de leitura\" \/>\n\t<meta name=\"twitter:data1\" content=\"2 minutos\" \/>\n<script type=\"application\/ld+json\" class=\"yoast-schema-graph\">{\"@context\":\"https:\/\/schema.org\",\"@graph\":[{\"@type\":\"WebPage\",\"@id\":\"https:\/\/www.inglet.com\/pt-pt\/producto\/cortadora-vertical-de-disco-verdi-basic\/\",\"url\":\"https:\/\/www.inglet.com\/pt-pt\/producto\/cortadora-vertical-de-disco-verdi-basic\/\",\"name\":\"CORTADORA VERTICAL DE DISCO VERDI BASIC - INGLET\",\"isPartOf\":{\"@id\":\"https:\/\/www.inglet.com\/pt-pt\/#website\"},\"primaryImageOfPage\":{\"@id\":\"https:\/\/www.inglet.com\/pt-pt\/producto\/cortadora-vertical-de-disco-verdi-basic\/#primaryimage\"},\"image\":{\"@id\":\"https:\/\/www.inglet.com\/pt-pt\/producto\/cortadora-vertical-de-disco-verdi-basic\/#primaryimage\"},\"thumbnailUrl\":\"https:\/\/www.inglet.com\/wp-content\/uploads\/2020\/01\/Nova_Verdi_Basic_210cm_Web.jpg\",\"datePublished\":\"2020-01-22T18:42:58+00:00\",\"dateModified\":\"2025-07-24T11:29:24+00:00\",\"description\":\"Cortadora vertical de disco para cortar qualquer tipo de material r\u00edgido at\u00e9 uma altura de corte de 305 cm e uma espessura m\u00e1xima de 22 mm.\",\"breadcrumb\":{\"@id\":\"https:\/\/www.inglet.com\/pt-pt\/producto\/cortadora-vertical-de-disco-verdi-basic\/#breadcrumb\"},\"inLanguage\":\"pt-PT\",\"potentialAction\":[{\"@type\":\"ReadAction\",\"target\":[\"https:\/\/www.inglet.com\/pt-pt\/producto\/cortadora-vertical-de-disco-verdi-basic\/\"]}]},{\"@type\":\"ImageObject\",\"inLanguage\":\"pt-PT\",\"@id\":\"https:\/\/www.inglet.com\/pt-pt\/producto\/cortadora-vertical-de-disco-verdi-basic\/#primaryimage\",\"url\":\"https:\/\/www.inglet.com\/wp-content\/uploads\/2020\/01\/Nova_Verdi_Basic_210cm_Web.jpg\",\"contentUrl\":\"https:\/\/www.inglet.com\/wp-content\/uploads\/2020\/01\/Nova_Verdi_Basic_210cm_Web.jpg\",\"width\":800,\"height\":800},{\"@type\":\"BreadcrumbList\",\"@id\":\"https:\/\/www.inglet.com\/pt-pt\/producto\/cortadora-vertical-de-disco-verdi-basic\/#breadcrumb\",\"itemListElement\":[{\"@type\":\"ListItem\",\"position\":1,\"name\":\"Portada\",\"item\":\"https:\/\/www.inglet.com\/pt-pt\/\"},{\"@type\":\"ListItem\",\"position\":2,\"name\":\"Tienda\",\"item\":\"https:\/\/www.inglet.com\/tienda\/\"},{\"@type\":\"ListItem\",\"position\":3,\"name\":\"CORTADORA VERTICAL DE DISCO VERDI BASIC\"}]},{\"@type\":\"WebSite\",\"@id\":\"https:\/\/www.inglet.com\/pt-pt\/#website\",\"url\":\"https:\/\/www.inglet.com\/pt-pt\/\",\"name\":\"INGLET\",\"description\":\"Suministros para la enmarcaci\u00f3n y la  impresi\u00f3n digital\",\"publisher\":{\"@id\":\"https:\/\/www.inglet.com\/pt-pt\/#organization\"},\"potentialAction\":[{\"@type\":\"SearchAction\",\"target\":{\"@type\":\"EntryPoint\",\"urlTemplate\":\"https:\/\/www.inglet.com\/pt-pt\/?s={search_term_string}\"},\"query-input\":{\"@type\":\"PropertyValueSpecification\",\"valueRequired\":true,\"valueName\":\"search_term_string\"}}],\"inLanguage\":\"pt-PT\"},{\"@type\":\"Organization\",\"@id\":\"https:\/\/www.inglet.com\/pt-pt\/#organization\",\"name\":\"INGLET, SLU\",\"url\":\"https:\/\/www.inglet.com\/pt-pt\/\",\"logo\":{\"@type\":\"ImageObject\",\"inLanguage\":\"pt-PT\",\"@id\":\"https:\/\/www.inglet.com\/pt-pt\/#\/schema\/logo\/image\/\",\"url\":\"https:\/\/www.inglet.com\/wp-content\/uploads\/2019\/08\/Inglet-Logo.jpg\",\"contentUrl\":\"https:\/\/www.inglet.com\/wp-content\/uploads\/2019\/08\/Inglet-Logo.jpg\",\"width\":264,\"height\":342,\"caption\":\"INGLET, SLU\"},\"image\":{\"@id\":\"https:\/\/www.inglet.com\/pt-pt\/#\/schema\/logo\/image\/\"}}]}<\/script>\n<!-- \/ Yoast SEO plugin. -->","yoast_head_json":{"title":"CORTADORA VERTICAL DE DISCO VERDI BASIC - INGLET","description":"Cortadora vertical de disco para cortar qualquer tipo de material r\u00edgido at\u00e9 uma altura de corte de 305 cm e uma espessura m\u00e1xima de 22 mm.","robots":{"index":"index","follow":"follow","max-snippet":"max-snippet:-1","max-image-preview":"max-image-preview:large","max-video-preview":"max-video-preview:-1"},"canonical":"https:\/\/www.inglet.com\/pt-pt\/producto\/cortadora-vertical-de-disco-verdi-basic\/","og_locale":"pt_PT","og_type":"article","og_title":"CORTADORA VERTICAL DE DISCO VERDI BASIC - INGLET","og_description":"Cortadora vertical de disco para cortar qualquer tipo de material r\u00edgido at\u00e9 uma altura de corte de 305 cm e uma espessura m\u00e1xima de 22 mm.","og_url":"https:\/\/www.inglet.com\/pt-pt\/producto\/cortadora-vertical-de-disco-verdi-basic\/","og_site_name":"INGLET","article_modified_time":"2025-07-24T11:29:24+00:00","og_image":[{"width":800,"height":800,"url":"https:\/\/www.inglet.com\/wp-content\/uploads\/2020\/01\/Nova_Verdi_Basic_210cm_Web.jpg","type":"image\/jpeg"}],"twitter_card":"summary_large_image","twitter_misc":{"Tempo estimado de leitura":"2 minutos"},"schema":{"@context":"https:\/\/schema.org","@graph":[{"@type":"WebPage","@id":"https:\/\/www.inglet.com\/pt-pt\/producto\/cortadora-vertical-de-disco-verdi-basic\/","url":"https:\/\/www.inglet.com\/pt-pt\/producto\/cortadora-vertical-de-disco-verdi-basic\/","name":"CORTADORA VERTICAL DE DISCO VERDI BASIC - INGLET","isPartOf":{"@id":"https:\/\/www.inglet.com\/pt-pt\/#website"},"primaryImageOfPage":{"@id":"https:\/\/www.inglet.com\/pt-pt\/producto\/cortadora-vertical-de-disco-verdi-basic\/#primaryimage"},"image":{"@id":"https:\/\/www.inglet.com\/pt-pt\/producto\/cortadora-vertical-de-disco-verdi-basic\/#primaryimage"},"thumbnailUrl":"https:\/\/www.inglet.com\/wp-content\/uploads\/2020\/01\/Nova_Verdi_Basic_210cm_Web.jpg","datePublished":"2020-01-22T18:42:58+00:00","dateModified":"2025-07-24T11:29:24+00:00","description":"Cortadora vertical de disco para cortar qualquer tipo de material r\u00edgido at\u00e9 uma altura de corte de 305 cm e uma espessura m\u00e1xima de 22 mm.","breadcrumb":{"@id":"https:\/\/www.inglet.com\/pt-pt\/producto\/cortadora-vertical-de-disco-verdi-basic\/#breadcrumb"},"inLanguage":"pt-PT","potentialAction":[{"@type":"ReadAction","target":["https:\/\/www.inglet.com\/pt-pt\/producto\/cortadora-vertical-de-disco-verdi-basic\/"]}]},{"@type":"ImageObject","inLanguage":"pt-PT","@id":"https:\/\/www.inglet.com\/pt-pt\/producto\/cortadora-vertical-de-disco-verdi-basic\/#primaryimage","url":"https:\/\/www.inglet.com\/wp-content\/uploads\/2020\/01\/Nova_Verdi_Basic_210cm_Web.jpg","contentUrl":"https:\/\/www.inglet.com\/wp-content\/uploads\/2020\/01\/Nova_Verdi_Basic_210cm_Web.jpg","width":800,"height":800},{"@type":"BreadcrumbList","@id":"https:\/\/www.inglet.com\/pt-pt\/producto\/cortadora-vertical-de-disco-verdi-basic\/#breadcrumb","itemListElement":[{"@type":"ListItem","position":1,"name":"Portada","item":"https:\/\/www.inglet.com\/pt-pt\/"},{"@type":"ListItem","position":2,"name":"Tienda","item":"https:\/\/www.inglet.com\/tienda\/"},{"@type":"ListItem","position":3,"name":"CORTADORA VERTICAL DE DISCO VERDI BASIC"}]},{"@type":"WebSite","@id":"https:\/\/www.inglet.com\/pt-pt\/#website","url":"https:\/\/www.inglet.com\/pt-pt\/","name":"INGLET","description":"Suministros para la enmarcaci\u00f3n y la  impresi\u00f3n digital","publisher":{"@id":"https:\/\/www.inglet.com\/pt-pt\/#organization"},"potentialAction":[{"@type":"SearchAction","target":{"@type":"EntryPoint","urlTemplate":"https:\/\/www.inglet.com\/pt-pt\/?s={search_term_string}"},"query-input":{"@type":"PropertyValueSpecification","valueRequired":true,"valueName":"search_term_string"}}],"inLanguage":"pt-PT"},{"@type":"Organization","@id":"https:\/\/www.inglet.com\/pt-pt\/#organization","name":"INGLET, SLU","url":"https:\/\/www.inglet.com\/pt-pt\/","logo":{"@type":"ImageObject","inLanguage":"pt-PT","@id":"https:\/\/www.inglet.com\/pt-pt\/#\/schema\/logo\/image\/","url":"https:\/\/www.inglet.com\/wp-content\/uploads\/2019\/08\/Inglet-Logo.jpg","contentUrl":"https:\/\/www.inglet.com\/wp-content\/uploads\/2019\/08\/Inglet-Logo.jpg","width":264,"height":342,"caption":"INGLET, SLU"},"image":{"@id":"https:\/\/www.inglet.com\/pt-pt\/#\/schema\/logo\/image\/"}}]}},"_links":{"self":[{"href":"https:\/\/www.inglet.com\/pt-pt\/wp-json\/wp\/v2\/product\/32794","targetHints":{"allow":["GET"]}}],"collection":[{"href":"https:\/\/www.inglet.com\/pt-pt\/wp-json\/wp\/v2\/product"}],"about":[{"href":"https:\/\/www.inglet.com\/pt-pt\/wp-json\/wp\/v2\/types\/product"}],"wp:featuredmedia":[{"embeddable":true,"href":"https:\/\/www.inglet.com\/pt-pt\/wp-json\/wp\/v2\/media\/71959"}],"wp:attachment":[{"href":"https:\/\/www.inglet.com\/pt-pt\/wp-json\/wp\/v2\/media?parent=32794"}],"wp:term":[{"taxonomy":"product_brand","embeddable":true,"href":"https:\/\/www.inglet.com\/pt-pt\/wp-json\/wp\/v2\/product_brand?post=32794"},{"taxonomy":"product_cat","embeddable":true,"href":"https:\/\/www.inglet.com\/pt-pt\/wp-json\/wp\/v2\/product_cat?post=32794"},{"taxonomy":"product_tag","embeddable":true,"href":"https:\/\/www.inglet.com\/pt-pt\/wp-json\/wp\/v2\/product_tag?post=32794"}],"curies":[{"name":"wp","href":"https:\/\/api.w.org\/{rel}","templated":true}]}}