{"id":33225,"date":"2020-01-22T19:23:24","date_gmt":"2020-01-22T18:23:24","guid":{"rendered":"http:\/\/www.inglet.com\/producto\/ensambladora-memory-programable-ab\/"},"modified":"2021-09-08T17:39:26","modified_gmt":"2021-09-08T15:39:26","slug":"maquina-de-montagem-memory-programavel-ab","status":"publish","type":"product","link":"https:\/\/www.inglet.com\/pt-pt\/producto\/maquina-de-montagem-memory-programavel-ab\/","title":{"rendered":"M\u00c1QUINA DE MONTAGEM MEMORY PROGRAM\u00c1VEL AB"},"content":{"rendered":"<p><strong>A m\u00e1quina de montagem electr\u00f3nica Memory AB<\/strong> \u00e9 o resultado de mais de 20 anos de experi\u00eancia no fabrico de m\u00e1quinas de montagem.<\/p>\n<p>A m\u00e1quina est\u00e1 equipada com um sistema de controlo electr\u00f3nico capaz de atingir os mais diversos ciclos de trabalho muito rapidamente. Atrav\u00e9s da mem\u00f3ria interna da m\u00e1quina, podemos manter at\u00e9 4.000 programas diferentes, correspondentes aos perfis mais comuns.<\/p>\n<p>Podem ser acedidos muito facilmente apenas atrav\u00e9s da introdu\u00e7\u00e3o da refer\u00eancia que aplicamos a cada um dos perfis. A Memory AB torna-se a m\u00e1quina mais completa e avan\u00e7ada do mercado, tanto para o pequeno fabricante de quadros como para o fabricante em s\u00e9rie.<\/p>\n<p>A m\u00e1quina incorpora as sa\u00eddas de agrafos de 7, 10 e 15 mm e tem uma dist\u00e2ncia m\u00e1xima entre agrafos de 140 mm. Opcionalmente, podem ser fornecidos bocais de 5 e 12 mm.<\/p>\n","protected":false},"excerpt":{"rendered":"<p>A m\u00e1quina de montagem electr\u00f3nica Memory AB \u00e9 o resultado de mais de 20 anos de experi\u00eancia no fabrico de [&hellip;]<\/p>\n","protected":false},"featured_media":47286,"template":"","meta":{"_sitemap_exclude":false,"_sitemap_priority":"","_sitemap_frequency":"","_monsterinsights_skip_tracking":false,"_monsterinsights_sitenote_active":false,"_monsterinsights_sitenote_note":"","_monsterinsights_sitenote_category":0},"product_brand":[],"product_cat":[473],"product_tag":[],"class_list":{"0":"post-33225","1":"product","2":"type-product","3":"status-publish","4":"has-post-thumbnail","6":"product_cat-maquinas-de-montagem","8":"first","9":"outofstock","10":"taxable","11":"shipping-taxable","12":"purchasable","13":"product-type-simple"},"yoast_head":"<!-- This site is optimized with the Yoast SEO plugin v24.7 - https:\/\/yoast.com\/wordpress\/plugins\/seo\/ -->\n<title>M\u00c1QUINA DE MONTAGEM MEMORY PROGRAM\u00c1VEL AB - INGLET<\/title>\n<meta name=\"robots\" content=\"index, follow, max-snippet:-1, max-image-preview:large, max-video-preview:-1\" \/>\n<link rel=\"canonical\" href=\"https:\/\/www.inglet.com\/pt-pt\/producto\/maquina-de-montagem-memory-programavel-ab\/\" \/>\n<meta property=\"og:locale\" content=\"pt_PT\" \/>\n<meta property=\"og:type\" content=\"article\" \/>\n<meta property=\"og:title\" content=\"M\u00c1QUINA DE MONTAGEM MEMORY PROGRAM\u00c1VEL AB - INGLET\" \/>\n<meta property=\"og:description\" content=\"A m\u00e1quina de montagem electr\u00f3nica Memory AB \u00e9 o resultado de mais de 20 anos de experi\u00eancia no fabrico de [&hellip;]\" \/>\n<meta property=\"og:url\" content=\"https:\/\/www.inglet.com\/pt-pt\/producto\/maquina-de-montagem-memory-programavel-ab\/\" \/>\n<meta property=\"og:site_name\" content=\"INGLET\" \/>\n<meta property=\"article:modified_time\" content=\"2021-09-08T15:39:26+00:00\" \/>\n<meta property=\"og:image\" content=\"https:\/\/www.inglet.com\/wp-content\/uploads\/2020\/01\/025008_Web-1.jpg\" \/>\n\t<meta property=\"og:image:width\" content=\"800\" \/>\n\t<meta property=\"og:image:height\" content=\"800\" \/>\n\t<meta property=\"og:image:type\" content=\"image\/jpeg\" \/>\n<meta name=\"twitter:card\" content=\"summary_large_image\" \/>\n<meta name=\"twitter:label1\" content=\"Tempo estimado de leitura\" \/>\n\t<meta name=\"twitter:data1\" content=\"1 minuto\" \/>\n<script type=\"application\/ld+json\" class=\"yoast-schema-graph\">{\"@context\":\"https:\/\/schema.org\",\"@graph\":[{\"@type\":\"WebPage\",\"@id\":\"https:\/\/www.inglet.com\/pt-pt\/producto\/maquina-de-montagem-memory-programavel-ab\/\",\"url\":\"https:\/\/www.inglet.com\/pt-pt\/producto\/maquina-de-montagem-memory-programavel-ab\/\",\"name\":\"M\u00c1QUINA DE MONTAGEM MEMORY PROGRAM\u00c1VEL AB - INGLET\",\"isPartOf\":{\"@id\":\"https:\/\/www.inglet.com\/pt-pt\/#website\"},\"primaryImageOfPage\":{\"@id\":\"https:\/\/www.inglet.com\/pt-pt\/producto\/maquina-de-montagem-memory-programavel-ab\/#primaryimage\"},\"image\":{\"@id\":\"https:\/\/www.inglet.com\/pt-pt\/producto\/maquina-de-montagem-memory-programavel-ab\/#primaryimage\"},\"thumbnailUrl\":\"https:\/\/www.inglet.com\/wp-content\/uploads\/2020\/01\/025008_Web-1.jpg\",\"datePublished\":\"2020-01-22T18:23:24+00:00\",\"dateModified\":\"2021-09-08T15:39:26+00:00\",\"breadcrumb\":{\"@id\":\"https:\/\/www.inglet.com\/pt-pt\/producto\/maquina-de-montagem-memory-programavel-ab\/#breadcrumb\"},\"inLanguage\":\"pt-PT\",\"potentialAction\":[{\"@type\":\"ReadAction\",\"target\":[\"https:\/\/www.inglet.com\/pt-pt\/producto\/maquina-de-montagem-memory-programavel-ab\/\"]}]},{\"@type\":\"ImageObject\",\"inLanguage\":\"pt-PT\",\"@id\":\"https:\/\/www.inglet.com\/pt-pt\/producto\/maquina-de-montagem-memory-programavel-ab\/#primaryimage\",\"url\":\"https:\/\/www.inglet.com\/wp-content\/uploads\/2020\/01\/025008_Web-1.jpg\",\"contentUrl\":\"https:\/\/www.inglet.com\/wp-content\/uploads\/2020\/01\/025008_Web-1.jpg\",\"width\":800,\"height\":800},{\"@type\":\"BreadcrumbList\",\"@id\":\"https:\/\/www.inglet.com\/pt-pt\/producto\/maquina-de-montagem-memory-programavel-ab\/#breadcrumb\",\"itemListElement\":[{\"@type\":\"ListItem\",\"position\":1,\"name\":\"Portada\",\"item\":\"https:\/\/www.inglet.com\/pt-pt\/\"},{\"@type\":\"ListItem\",\"position\":2,\"name\":\"Tienda\",\"item\":\"https:\/\/www.inglet.com\/tienda\/\"},{\"@type\":\"ListItem\",\"position\":3,\"name\":\"M\u00c1QUINA DE MONTAGEM MEMORY PROGRAM\u00c1VEL AB\"}]},{\"@type\":\"WebSite\",\"@id\":\"https:\/\/www.inglet.com\/pt-pt\/#website\",\"url\":\"https:\/\/www.inglet.com\/pt-pt\/\",\"name\":\"INGLET\",\"description\":\"Suministros para la enmarcaci\u00f3n y la  impresi\u00f3n digital\",\"publisher\":{\"@id\":\"https:\/\/www.inglet.com\/pt-pt\/#organization\"},\"potentialAction\":[{\"@type\":\"SearchAction\",\"target\":{\"@type\":\"EntryPoint\",\"urlTemplate\":\"https:\/\/www.inglet.com\/pt-pt\/?s={search_term_string}\"},\"query-input\":{\"@type\":\"PropertyValueSpecification\",\"valueRequired\":true,\"valueName\":\"search_term_string\"}}],\"inLanguage\":\"pt-PT\"},{\"@type\":\"Organization\",\"@id\":\"https:\/\/www.inglet.com\/pt-pt\/#organization\",\"name\":\"INGLET, SLU\",\"url\":\"https:\/\/www.inglet.com\/pt-pt\/\",\"logo\":{\"@type\":\"ImageObject\",\"inLanguage\":\"pt-PT\",\"@id\":\"https:\/\/www.inglet.com\/pt-pt\/#\/schema\/logo\/image\/\",\"url\":\"https:\/\/www.inglet.com\/wp-content\/uploads\/2019\/08\/Inglet-Logo.jpg\",\"contentUrl\":\"https:\/\/www.inglet.com\/wp-content\/uploads\/2019\/08\/Inglet-Logo.jpg\",\"width\":264,\"height\":342,\"caption\":\"INGLET, SLU\"},\"image\":{\"@id\":\"https:\/\/www.inglet.com\/pt-pt\/#\/schema\/logo\/image\/\"}}]}<\/script>\n<!-- \/ Yoast SEO plugin. -->","yoast_head_json":{"title":"M\u00c1QUINA DE MONTAGEM MEMORY PROGRAM\u00c1VEL AB - INGLET","robots":{"index":"index","follow":"follow","max-snippet":"max-snippet:-1","max-image-preview":"max-image-preview:large","max-video-preview":"max-video-preview:-1"},"canonical":"https:\/\/www.inglet.com\/pt-pt\/producto\/maquina-de-montagem-memory-programavel-ab\/","og_locale":"pt_PT","og_type":"article","og_title":"M\u00c1QUINA DE MONTAGEM MEMORY PROGRAM\u00c1VEL AB - INGLET","og_description":"A m\u00e1quina de montagem electr\u00f3nica Memory AB \u00e9 o resultado de mais de 20 anos de experi\u00eancia no fabrico de [&hellip;]","og_url":"https:\/\/www.inglet.com\/pt-pt\/producto\/maquina-de-montagem-memory-programavel-ab\/","og_site_name":"INGLET","article_modified_time":"2021-09-08T15:39:26+00:00","og_image":[{"width":800,"height":800,"url":"https:\/\/www.inglet.com\/wp-content\/uploads\/2020\/01\/025008_Web-1.jpg","type":"image\/jpeg"}],"twitter_card":"summary_large_image","twitter_misc":{"Tempo estimado de leitura":"1 minuto"},"schema":{"@context":"https:\/\/schema.org","@graph":[{"@type":"WebPage","@id":"https:\/\/www.inglet.com\/pt-pt\/producto\/maquina-de-montagem-memory-programavel-ab\/","url":"https:\/\/www.inglet.com\/pt-pt\/producto\/maquina-de-montagem-memory-programavel-ab\/","name":"M\u00c1QUINA DE MONTAGEM MEMORY PROGRAM\u00c1VEL AB - INGLET","isPartOf":{"@id":"https:\/\/www.inglet.com\/pt-pt\/#website"},"primaryImageOfPage":{"@id":"https:\/\/www.inglet.com\/pt-pt\/producto\/maquina-de-montagem-memory-programavel-ab\/#primaryimage"},"image":{"@id":"https:\/\/www.inglet.com\/pt-pt\/producto\/maquina-de-montagem-memory-programavel-ab\/#primaryimage"},"thumbnailUrl":"https:\/\/www.inglet.com\/wp-content\/uploads\/2020\/01\/025008_Web-1.jpg","datePublished":"2020-01-22T18:23:24+00:00","dateModified":"2021-09-08T15:39:26+00:00","breadcrumb":{"@id":"https:\/\/www.inglet.com\/pt-pt\/producto\/maquina-de-montagem-memory-programavel-ab\/#breadcrumb"},"inLanguage":"pt-PT","potentialAction":[{"@type":"ReadAction","target":["https:\/\/www.inglet.com\/pt-pt\/producto\/maquina-de-montagem-memory-programavel-ab\/"]}]},{"@type":"ImageObject","inLanguage":"pt-PT","@id":"https:\/\/www.inglet.com\/pt-pt\/producto\/maquina-de-montagem-memory-programavel-ab\/#primaryimage","url":"https:\/\/www.inglet.com\/wp-content\/uploads\/2020\/01\/025008_Web-1.jpg","contentUrl":"https:\/\/www.inglet.com\/wp-content\/uploads\/2020\/01\/025008_Web-1.jpg","width":800,"height":800},{"@type":"BreadcrumbList","@id":"https:\/\/www.inglet.com\/pt-pt\/producto\/maquina-de-montagem-memory-programavel-ab\/#breadcrumb","itemListElement":[{"@type":"ListItem","position":1,"name":"Portada","item":"https:\/\/www.inglet.com\/pt-pt\/"},{"@type":"ListItem","position":2,"name":"Tienda","item":"https:\/\/www.inglet.com\/tienda\/"},{"@type":"ListItem","position":3,"name":"M\u00c1QUINA DE MONTAGEM MEMORY PROGRAM\u00c1VEL AB"}]},{"@type":"WebSite","@id":"https:\/\/www.inglet.com\/pt-pt\/#website","url":"https:\/\/www.inglet.com\/pt-pt\/","name":"INGLET","description":"Suministros para la enmarcaci\u00f3n y la  impresi\u00f3n digital","publisher":{"@id":"https:\/\/www.inglet.com\/pt-pt\/#organization"},"potentialAction":[{"@type":"SearchAction","target":{"@type":"EntryPoint","urlTemplate":"https:\/\/www.inglet.com\/pt-pt\/?s={search_term_string}"},"query-input":{"@type":"PropertyValueSpecification","valueRequired":true,"valueName":"search_term_string"}}],"inLanguage":"pt-PT"},{"@type":"Organization","@id":"https:\/\/www.inglet.com\/pt-pt\/#organization","name":"INGLET, SLU","url":"https:\/\/www.inglet.com\/pt-pt\/","logo":{"@type":"ImageObject","inLanguage":"pt-PT","@id":"https:\/\/www.inglet.com\/pt-pt\/#\/schema\/logo\/image\/","url":"https:\/\/www.inglet.com\/wp-content\/uploads\/2019\/08\/Inglet-Logo.jpg","contentUrl":"https:\/\/www.inglet.com\/wp-content\/uploads\/2019\/08\/Inglet-Logo.jpg","width":264,"height":342,"caption":"INGLET, SLU"},"image":{"@id":"https:\/\/www.inglet.com\/pt-pt\/#\/schema\/logo\/image\/"}}]}},"_links":{"self":[{"href":"https:\/\/www.inglet.com\/pt-pt\/wp-json\/wp\/v2\/product\/33225","targetHints":{"allow":["GET"]}}],"collection":[{"href":"https:\/\/www.inglet.com\/pt-pt\/wp-json\/wp\/v2\/product"}],"about":[{"href":"https:\/\/www.inglet.com\/pt-pt\/wp-json\/wp\/v2\/types\/product"}],"wp:featuredmedia":[{"embeddable":true,"href":"https:\/\/www.inglet.com\/pt-pt\/wp-json\/wp\/v2\/media\/47286"}],"wp:attachment":[{"href":"https:\/\/www.inglet.com\/pt-pt\/wp-json\/wp\/v2\/media?parent=33225"}],"wp:term":[{"taxonomy":"product_brand","embeddable":true,"href":"https:\/\/www.inglet.com\/pt-pt\/wp-json\/wp\/v2\/product_brand?post=33225"},{"taxonomy":"product_cat","embeddable":true,"href":"https:\/\/www.inglet.com\/pt-pt\/wp-json\/wp\/v2\/product_cat?post=33225"},{"taxonomy":"product_tag","embeddable":true,"href":"https:\/\/www.inglet.com\/pt-pt\/wp-json\/wp\/v2\/product_tag?post=33225"}],"curies":[{"name":"wp","href":"https:\/\/api.w.org\/{rel}","templated":true}]}}