{"id":33229,"date":"2020-01-22T19:23:24","date_gmt":"2020-01-22T18:23:24","guid":{"rendered":"http:\/\/www.inglet.com\/producto\/ensambladora-neumatica-de-sobremesa-me44\/"},"modified":"2021-09-08T15:57:10","modified_gmt":"2021-09-08T13:57:10","slug":"ensambladora-neumatica-de-sobremesa-me44","status":"publish","type":"product","link":"https:\/\/www.inglet.com\/pt-pt\/producto\/ensambladora-neumatica-de-sobremesa-me44\/","title":{"rendered":"M\u00c1QUINA DE MONTAGEM PNEUM\u00c1TICA DE MESA ME44"},"content":{"rendered":"<p><strong>A ME44 \u00e9 uma m\u00e1quina de montagem de arma\u00e7\u00e3o pneum\u00e1tica<\/strong> equipada com um sistema de ejec\u00e7\u00e3o de agrafos montado num carrinho m\u00f3vel. A sua t\u00e9cnica avan\u00e7ada permite a montagem de todos os perfis de moldagem. Esta m\u00e1quina \u00e9 adequada tanto para molduras produzidas em massa como personalizadas, uma vez que possui um sistema de fixa\u00e7\u00e3o f\u00e1cil e r\u00e1pido de mudar a moldagem.<\/p>\n<p>A bra\u00e7adeira de ajuste frontal posiciona e pressiona as molduras no suporte de apoio. Este quadrado \u00e9 facilmente ajust\u00e1vel e pode fazer esquadrias, hexagonais e octogonais.<\/p>\n<p>Os grampos penetram empurrando-se uns aos outros para cima, permitindo a montagem de molduras de grandes dimens\u00f5es. A fechadura frontal \u00e9 accionada pelo pedal de controlo.<\/p>\n<p>\u00c9 fornecido juntamente com tampas magn\u00e9ticas de v\u00e1rios tipos, um pedal de duplo controlo, um dispositivo de bloqueio frontal, uma abertura pneum\u00e1tica do carregador de agrafos, suportes e cabe\u00e7as oscilantes e ajust\u00e1veis para a inser\u00e7\u00e3o de agrafos a diferentes alturas.<\/p>\n<p>A m\u00e1quina est\u00e1 equipada com tomadas de agrafos de 7, 10 e 15 mm e a dist\u00e2ncia m\u00e1xima entre agrafos \u00e9 de 120 mm.<\/p>\n","protected":false},"excerpt":{"rendered":"<p>A ME44 \u00e9 uma m\u00e1quina de montagem de arma\u00e7\u00e3o pneum\u00e1tica equipada com um sistema de ejec\u00e7\u00e3o de agrafos montado num [&hellip;]<\/p>\n","protected":false},"featured_media":47274,"template":"","meta":{"_sitemap_exclude":false,"_sitemap_priority":"","_sitemap_frequency":"","_monsterinsights_skip_tracking":false,"_monsterinsights_sitenote_active":false,"_monsterinsights_sitenote_note":"","_monsterinsights_sitenote_category":0},"product_brand":[],"product_cat":[473],"product_tag":[],"class_list":{"0":"post-33229","1":"product","2":"type-product","3":"status-publish","4":"has-post-thumbnail","6":"product_cat-maquinas-de-montagem","8":"first","9":"outofstock","10":"taxable","11":"shipping-taxable","12":"purchasable","13":"product-type-simple"},"yoast_head":"<!-- This site is optimized with the Yoast SEO plugin v24.7 - https:\/\/yoast.com\/wordpress\/plugins\/seo\/ -->\n<title>M\u00c1QUINA DE MONTAGEM PNEUM\u00c1TICA DE MESA ME44 - INGLET<\/title>\n<meta name=\"robots\" content=\"index, follow, max-snippet:-1, max-image-preview:large, max-video-preview:-1\" \/>\n<link rel=\"canonical\" href=\"https:\/\/www.inglet.com\/pt-pt\/producto\/ensambladora-neumatica-de-sobremesa-me44\/\" \/>\n<meta property=\"og:locale\" content=\"pt_PT\" \/>\n<meta property=\"og:type\" content=\"article\" \/>\n<meta property=\"og:title\" content=\"M\u00c1QUINA DE MONTAGEM PNEUM\u00c1TICA DE MESA ME44 - INGLET\" \/>\n<meta property=\"og:description\" content=\"A ME44 \u00e9 uma m\u00e1quina de montagem de arma\u00e7\u00e3o pneum\u00e1tica equipada com um sistema de ejec\u00e7\u00e3o de agrafos montado num [&hellip;]\" \/>\n<meta property=\"og:url\" content=\"https:\/\/www.inglet.com\/pt-pt\/producto\/ensambladora-neumatica-de-sobremesa-me44\/\" \/>\n<meta property=\"og:site_name\" content=\"INGLET\" \/>\n<meta property=\"article:modified_time\" content=\"2021-09-08T13:57:10+00:00\" \/>\n<meta property=\"og:image\" content=\"https:\/\/www.inglet.com\/wp-content\/uploads\/2020\/01\/025002_Web.jpg\" \/>\n\t<meta property=\"og:image:width\" content=\"800\" \/>\n\t<meta property=\"og:image:height\" content=\"800\" \/>\n\t<meta property=\"og:image:type\" content=\"image\/jpeg\" \/>\n<meta name=\"twitter:card\" content=\"summary_large_image\" \/>\n<meta name=\"twitter:label1\" content=\"Tempo estimado de leitura\" \/>\n\t<meta name=\"twitter:data1\" content=\"1 minuto\" \/>\n<script type=\"application\/ld+json\" class=\"yoast-schema-graph\">{\"@context\":\"https:\/\/schema.org\",\"@graph\":[{\"@type\":\"WebPage\",\"@id\":\"https:\/\/www.inglet.com\/pt-pt\/producto\/ensambladora-neumatica-de-sobremesa-me44\/\",\"url\":\"https:\/\/www.inglet.com\/pt-pt\/producto\/ensambladora-neumatica-de-sobremesa-me44\/\",\"name\":\"M\u00c1QUINA DE MONTAGEM PNEUM\u00c1TICA DE MESA ME44 - INGLET\",\"isPartOf\":{\"@id\":\"https:\/\/www.inglet.com\/pt-pt\/#website\"},\"primaryImageOfPage\":{\"@id\":\"https:\/\/www.inglet.com\/pt-pt\/producto\/ensambladora-neumatica-de-sobremesa-me44\/#primaryimage\"},\"image\":{\"@id\":\"https:\/\/www.inglet.com\/pt-pt\/producto\/ensambladora-neumatica-de-sobremesa-me44\/#primaryimage\"},\"thumbnailUrl\":\"https:\/\/www.inglet.com\/wp-content\/uploads\/2020\/01\/025002_Web.jpg\",\"datePublished\":\"2020-01-22T18:23:24+00:00\",\"dateModified\":\"2021-09-08T13:57:10+00:00\",\"breadcrumb\":{\"@id\":\"https:\/\/www.inglet.com\/pt-pt\/producto\/ensambladora-neumatica-de-sobremesa-me44\/#breadcrumb\"},\"inLanguage\":\"pt-PT\",\"potentialAction\":[{\"@type\":\"ReadAction\",\"target\":[\"https:\/\/www.inglet.com\/pt-pt\/producto\/ensambladora-neumatica-de-sobremesa-me44\/\"]}]},{\"@type\":\"ImageObject\",\"inLanguage\":\"pt-PT\",\"@id\":\"https:\/\/www.inglet.com\/pt-pt\/producto\/ensambladora-neumatica-de-sobremesa-me44\/#primaryimage\",\"url\":\"https:\/\/www.inglet.com\/wp-content\/uploads\/2020\/01\/025002_Web.jpg\",\"contentUrl\":\"https:\/\/www.inglet.com\/wp-content\/uploads\/2020\/01\/025002_Web.jpg\",\"width\":800,\"height\":800},{\"@type\":\"BreadcrumbList\",\"@id\":\"https:\/\/www.inglet.com\/pt-pt\/producto\/ensambladora-neumatica-de-sobremesa-me44\/#breadcrumb\",\"itemListElement\":[{\"@type\":\"ListItem\",\"position\":1,\"name\":\"Portada\",\"item\":\"https:\/\/www.inglet.com\/pt-pt\/\"},{\"@type\":\"ListItem\",\"position\":2,\"name\":\"Tienda\",\"item\":\"https:\/\/www.inglet.com\/tienda\/\"},{\"@type\":\"ListItem\",\"position\":3,\"name\":\"M\u00c1QUINA DE MONTAGEM PNEUM\u00c1TICA DE MESA ME44\"}]},{\"@type\":\"WebSite\",\"@id\":\"https:\/\/www.inglet.com\/pt-pt\/#website\",\"url\":\"https:\/\/www.inglet.com\/pt-pt\/\",\"name\":\"INGLET\",\"description\":\"Suministros para la enmarcaci\u00f3n y la  impresi\u00f3n digital\",\"publisher\":{\"@id\":\"https:\/\/www.inglet.com\/pt-pt\/#organization\"},\"potentialAction\":[{\"@type\":\"SearchAction\",\"target\":{\"@type\":\"EntryPoint\",\"urlTemplate\":\"https:\/\/www.inglet.com\/pt-pt\/?s={search_term_string}\"},\"query-input\":{\"@type\":\"PropertyValueSpecification\",\"valueRequired\":true,\"valueName\":\"search_term_string\"}}],\"inLanguage\":\"pt-PT\"},{\"@type\":\"Organization\",\"@id\":\"https:\/\/www.inglet.com\/pt-pt\/#organization\",\"name\":\"INGLET, SLU\",\"url\":\"https:\/\/www.inglet.com\/pt-pt\/\",\"logo\":{\"@type\":\"ImageObject\",\"inLanguage\":\"pt-PT\",\"@id\":\"https:\/\/www.inglet.com\/pt-pt\/#\/schema\/logo\/image\/\",\"url\":\"https:\/\/www.inglet.com\/wp-content\/uploads\/2019\/08\/Inglet-Logo.jpg\",\"contentUrl\":\"https:\/\/www.inglet.com\/wp-content\/uploads\/2019\/08\/Inglet-Logo.jpg\",\"width\":264,\"height\":342,\"caption\":\"INGLET, SLU\"},\"image\":{\"@id\":\"https:\/\/www.inglet.com\/pt-pt\/#\/schema\/logo\/image\/\"}}]}<\/script>\n<!-- \/ Yoast SEO plugin. -->","yoast_head_json":{"title":"M\u00c1QUINA DE MONTAGEM PNEUM\u00c1TICA DE MESA ME44 - INGLET","robots":{"index":"index","follow":"follow","max-snippet":"max-snippet:-1","max-image-preview":"max-image-preview:large","max-video-preview":"max-video-preview:-1"},"canonical":"https:\/\/www.inglet.com\/pt-pt\/producto\/ensambladora-neumatica-de-sobremesa-me44\/","og_locale":"pt_PT","og_type":"article","og_title":"M\u00c1QUINA DE MONTAGEM PNEUM\u00c1TICA DE MESA ME44 - INGLET","og_description":"A ME44 \u00e9 uma m\u00e1quina de montagem de arma\u00e7\u00e3o pneum\u00e1tica equipada com um sistema de ejec\u00e7\u00e3o de agrafos montado num [&hellip;]","og_url":"https:\/\/www.inglet.com\/pt-pt\/producto\/ensambladora-neumatica-de-sobremesa-me44\/","og_site_name":"INGLET","article_modified_time":"2021-09-08T13:57:10+00:00","og_image":[{"width":800,"height":800,"url":"https:\/\/www.inglet.com\/wp-content\/uploads\/2020\/01\/025002_Web.jpg","type":"image\/jpeg"}],"twitter_card":"summary_large_image","twitter_misc":{"Tempo estimado de leitura":"1 minuto"},"schema":{"@context":"https:\/\/schema.org","@graph":[{"@type":"WebPage","@id":"https:\/\/www.inglet.com\/pt-pt\/producto\/ensambladora-neumatica-de-sobremesa-me44\/","url":"https:\/\/www.inglet.com\/pt-pt\/producto\/ensambladora-neumatica-de-sobremesa-me44\/","name":"M\u00c1QUINA DE MONTAGEM PNEUM\u00c1TICA DE MESA ME44 - INGLET","isPartOf":{"@id":"https:\/\/www.inglet.com\/pt-pt\/#website"},"primaryImageOfPage":{"@id":"https:\/\/www.inglet.com\/pt-pt\/producto\/ensambladora-neumatica-de-sobremesa-me44\/#primaryimage"},"image":{"@id":"https:\/\/www.inglet.com\/pt-pt\/producto\/ensambladora-neumatica-de-sobremesa-me44\/#primaryimage"},"thumbnailUrl":"https:\/\/www.inglet.com\/wp-content\/uploads\/2020\/01\/025002_Web.jpg","datePublished":"2020-01-22T18:23:24+00:00","dateModified":"2021-09-08T13:57:10+00:00","breadcrumb":{"@id":"https:\/\/www.inglet.com\/pt-pt\/producto\/ensambladora-neumatica-de-sobremesa-me44\/#breadcrumb"},"inLanguage":"pt-PT","potentialAction":[{"@type":"ReadAction","target":["https:\/\/www.inglet.com\/pt-pt\/producto\/ensambladora-neumatica-de-sobremesa-me44\/"]}]},{"@type":"ImageObject","inLanguage":"pt-PT","@id":"https:\/\/www.inglet.com\/pt-pt\/producto\/ensambladora-neumatica-de-sobremesa-me44\/#primaryimage","url":"https:\/\/www.inglet.com\/wp-content\/uploads\/2020\/01\/025002_Web.jpg","contentUrl":"https:\/\/www.inglet.com\/wp-content\/uploads\/2020\/01\/025002_Web.jpg","width":800,"height":800},{"@type":"BreadcrumbList","@id":"https:\/\/www.inglet.com\/pt-pt\/producto\/ensambladora-neumatica-de-sobremesa-me44\/#breadcrumb","itemListElement":[{"@type":"ListItem","position":1,"name":"Portada","item":"https:\/\/www.inglet.com\/pt-pt\/"},{"@type":"ListItem","position":2,"name":"Tienda","item":"https:\/\/www.inglet.com\/tienda\/"},{"@type":"ListItem","position":3,"name":"M\u00c1QUINA DE MONTAGEM PNEUM\u00c1TICA DE MESA ME44"}]},{"@type":"WebSite","@id":"https:\/\/www.inglet.com\/pt-pt\/#website","url":"https:\/\/www.inglet.com\/pt-pt\/","name":"INGLET","description":"Suministros para la enmarcaci\u00f3n y la  impresi\u00f3n digital","publisher":{"@id":"https:\/\/www.inglet.com\/pt-pt\/#organization"},"potentialAction":[{"@type":"SearchAction","target":{"@type":"EntryPoint","urlTemplate":"https:\/\/www.inglet.com\/pt-pt\/?s={search_term_string}"},"query-input":{"@type":"PropertyValueSpecification","valueRequired":true,"valueName":"search_term_string"}}],"inLanguage":"pt-PT"},{"@type":"Organization","@id":"https:\/\/www.inglet.com\/pt-pt\/#organization","name":"INGLET, SLU","url":"https:\/\/www.inglet.com\/pt-pt\/","logo":{"@type":"ImageObject","inLanguage":"pt-PT","@id":"https:\/\/www.inglet.com\/pt-pt\/#\/schema\/logo\/image\/","url":"https:\/\/www.inglet.com\/wp-content\/uploads\/2019\/08\/Inglet-Logo.jpg","contentUrl":"https:\/\/www.inglet.com\/wp-content\/uploads\/2019\/08\/Inglet-Logo.jpg","width":264,"height":342,"caption":"INGLET, SLU"},"image":{"@id":"https:\/\/www.inglet.com\/pt-pt\/#\/schema\/logo\/image\/"}}]}},"_links":{"self":[{"href":"https:\/\/www.inglet.com\/pt-pt\/wp-json\/wp\/v2\/product\/33229","targetHints":{"allow":["GET"]}}],"collection":[{"href":"https:\/\/www.inglet.com\/pt-pt\/wp-json\/wp\/v2\/product"}],"about":[{"href":"https:\/\/www.inglet.com\/pt-pt\/wp-json\/wp\/v2\/types\/product"}],"wp:featuredmedia":[{"embeddable":true,"href":"https:\/\/www.inglet.com\/pt-pt\/wp-json\/wp\/v2\/media\/47274"}],"wp:attachment":[{"href":"https:\/\/www.inglet.com\/pt-pt\/wp-json\/wp\/v2\/media?parent=33229"}],"wp:term":[{"taxonomy":"product_brand","embeddable":true,"href":"https:\/\/www.inglet.com\/pt-pt\/wp-json\/wp\/v2\/product_brand?post=33229"},{"taxonomy":"product_cat","embeddable":true,"href":"https:\/\/www.inglet.com\/pt-pt\/wp-json\/wp\/v2\/product_cat?post=33229"},{"taxonomy":"product_tag","embeddable":true,"href":"https:\/\/www.inglet.com\/pt-pt\/wp-json\/wp\/v2\/product_tag?post=33229"}],"curies":[{"name":"wp","href":"https:\/\/api.w.org\/{rel}","templated":true}]}}