{"id":33417,"date":"2020-01-22T19:39:57","date_gmt":"2020-01-22T18:39:57","guid":{"rendered":"http:\/\/www.inglet.com\/producto\/film-laminar-lino-grueso-prensa-vacio-calor\/"},"modified":"2020-05-26T14:41:18","modified_gmt":"2020-05-26T12:41:18","slug":"film-laminar-lino-grueso-prensa-vacio-calor","status":"publish","type":"product","link":"https:\/\/www.inglet.com\/pt-pt\/producto\/film-laminar-lino-grueso-prensa-vacio-calor\/","title":{"rendered":"PEL\u00cdCULA PLASTIFICA\u00c7\u00c3O LINHO GROSSO PRENSA V\u00c1CUO A QUENTE"},"content":{"rendered":"<p>Esta pel\u00edcula tem uma textura de tecido de bitola m\u00e9dia que se assemelha ao algod\u00e3o rugoso ou Hessian. \u00c9 normalmente utilizado em ilustra\u00e7\u00f5es de grande formato. Este filme \u00e9 capaz de esconder as maiores imperfei\u00e7\u00f5es em impress\u00f5es e cartazes. Tamb\u00e9m \u00e9 resistente a arranh\u00f5es.<\/p>\n<p><strong>Pel\u00edcula:<\/strong> Tela de PVC Textura Perfurada, 100 \u00b5m.<br \/>\n<strong>Adesivo:<\/strong> Solvente acr\u00edlico, 25 \u00b5m.<br \/>\n<strong>Temperatura de trabalho:<\/strong> 85\u00ba a 99\u00ba C \/ 4-10 minutos.<\/p>\n","protected":false},"excerpt":{"rendered":"<p>Esta pel\u00edcula tem uma textura de tecido de bitola m\u00e9dia que se assemelha ao algod\u00e3o rugoso ou Hessian. \u00c9 normalmente [&hellip;]<\/p>\n","protected":false},"featured_media":41595,"template":"","meta":{"_sitemap_exclude":false,"_sitemap_priority":"","_sitemap_frequency":"","_monsterinsights_skip_tracking":false,"_monsterinsights_sitenote_active":false,"_monsterinsights_sitenote_note":"","_monsterinsights_sitenote_category":0},"product_brand":[],"product_cat":[1129],"product_tag":[],"class_list":{"0":"post-33417","1":"product","2":"type-product","3":"status-publish","4":"has-post-thumbnail","6":"product_cat-pelicula-plastificacao-prensa-vacuo-a-quente","8":"first","9":"outofstock","10":"taxable","11":"shipping-taxable","12":"product-type-grouped"},"yoast_head":"<!-- This site is optimized with the Yoast SEO plugin v24.7 - https:\/\/yoast.com\/wordpress\/plugins\/seo\/ -->\n<title>PEL\u00cdCULA PLASTIFICA\u00c7\u00c3O LINHO GROSSO PRENSA V\u00c1CUO A QUENTE - INGLET<\/title>\n<meta name=\"robots\" content=\"index, follow, max-snippet:-1, max-image-preview:large, max-video-preview:-1\" \/>\n<link rel=\"canonical\" href=\"https:\/\/www.inglet.com\/pt-pt\/producto\/film-laminar-lino-grueso-prensa-vacio-calor\/\" \/>\n<meta property=\"og:locale\" content=\"pt_PT\" \/>\n<meta property=\"og:type\" content=\"article\" \/>\n<meta property=\"og:title\" content=\"PEL\u00cdCULA PLASTIFICA\u00c7\u00c3O LINHO GROSSO PRENSA V\u00c1CUO A QUENTE - INGLET\" \/>\n<meta property=\"og:description\" content=\"Esta pel\u00edcula tem uma textura de tecido de bitola m\u00e9dia que se assemelha ao algod\u00e3o rugoso ou Hessian. \u00c9 normalmente [&hellip;]\" \/>\n<meta property=\"og:url\" content=\"https:\/\/www.inglet.com\/pt-pt\/producto\/film-laminar-lino-grueso-prensa-vacio-calor\/\" \/>\n<meta property=\"og:site_name\" content=\"INGLET\" \/>\n<meta property=\"article:modified_time\" content=\"2020-05-26T12:41:18+00:00\" \/>\n<meta property=\"og:image\" content=\"https:\/\/www.inglet.com\/wp-content\/uploads\/2020\/01\/250224FL.jpg\" \/>\n\t<meta property=\"og:image:width\" content=\"800\" \/>\n\t<meta property=\"og:image:height\" content=\"800\" \/>\n\t<meta property=\"og:image:type\" content=\"image\/jpeg\" \/>\n<meta name=\"twitter:card\" content=\"summary_large_image\" \/>\n<script type=\"application\/ld+json\" class=\"yoast-schema-graph\">{\"@context\":\"https:\/\/schema.org\",\"@graph\":[{\"@type\":\"WebPage\",\"@id\":\"https:\/\/www.inglet.com\/pt-pt\/producto\/film-laminar-lino-grueso-prensa-vacio-calor\/\",\"url\":\"https:\/\/www.inglet.com\/pt-pt\/producto\/film-laminar-lino-grueso-prensa-vacio-calor\/\",\"name\":\"PEL\u00cdCULA PLASTIFICA\u00c7\u00c3O LINHO GROSSO PRENSA V\u00c1CUO A QUENTE - INGLET\",\"isPartOf\":{\"@id\":\"https:\/\/www.inglet.com\/pt-pt\/#website\"},\"primaryImageOfPage\":{\"@id\":\"https:\/\/www.inglet.com\/pt-pt\/producto\/film-laminar-lino-grueso-prensa-vacio-calor\/#primaryimage\"},\"image\":{\"@id\":\"https:\/\/www.inglet.com\/pt-pt\/producto\/film-laminar-lino-grueso-prensa-vacio-calor\/#primaryimage\"},\"thumbnailUrl\":\"https:\/\/www.inglet.com\/wp-content\/uploads\/2020\/01\/250224FL.jpg\",\"datePublished\":\"2020-01-22T18:39:57+00:00\",\"dateModified\":\"2020-05-26T12:41:18+00:00\",\"breadcrumb\":{\"@id\":\"https:\/\/www.inglet.com\/pt-pt\/producto\/film-laminar-lino-grueso-prensa-vacio-calor\/#breadcrumb\"},\"inLanguage\":\"pt-PT\",\"potentialAction\":[{\"@type\":\"ReadAction\",\"target\":[\"https:\/\/www.inglet.com\/pt-pt\/producto\/film-laminar-lino-grueso-prensa-vacio-calor\/\"]}]},{\"@type\":\"ImageObject\",\"inLanguage\":\"pt-PT\",\"@id\":\"https:\/\/www.inglet.com\/pt-pt\/producto\/film-laminar-lino-grueso-prensa-vacio-calor\/#primaryimage\",\"url\":\"https:\/\/www.inglet.com\/wp-content\/uploads\/2020\/01\/250224FL.jpg\",\"contentUrl\":\"https:\/\/www.inglet.com\/wp-content\/uploads\/2020\/01\/250224FL.jpg\",\"width\":800,\"height\":800},{\"@type\":\"BreadcrumbList\",\"@id\":\"https:\/\/www.inglet.com\/pt-pt\/producto\/film-laminar-lino-grueso-prensa-vacio-calor\/#breadcrumb\",\"itemListElement\":[{\"@type\":\"ListItem\",\"position\":1,\"name\":\"Portada\",\"item\":\"https:\/\/www.inglet.com\/pt-pt\/\"},{\"@type\":\"ListItem\",\"position\":2,\"name\":\"Tienda\",\"item\":\"https:\/\/www.inglet.com\/tienda\/\"},{\"@type\":\"ListItem\",\"position\":3,\"name\":\"PEL\u00cdCULA PLASTIFICA\u00c7\u00c3O LINHO GROSSO PRENSA V\u00c1CUO A QUENTE\"}]},{\"@type\":\"WebSite\",\"@id\":\"https:\/\/www.inglet.com\/pt-pt\/#website\",\"url\":\"https:\/\/www.inglet.com\/pt-pt\/\",\"name\":\"INGLET\",\"description\":\"Suministros para la enmarcaci\u00f3n y la  impresi\u00f3n digital\",\"publisher\":{\"@id\":\"https:\/\/www.inglet.com\/pt-pt\/#organization\"},\"potentialAction\":[{\"@type\":\"SearchAction\",\"target\":{\"@type\":\"EntryPoint\",\"urlTemplate\":\"https:\/\/www.inglet.com\/pt-pt\/?s={search_term_string}\"},\"query-input\":{\"@type\":\"PropertyValueSpecification\",\"valueRequired\":true,\"valueName\":\"search_term_string\"}}],\"inLanguage\":\"pt-PT\"},{\"@type\":\"Organization\",\"@id\":\"https:\/\/www.inglet.com\/pt-pt\/#organization\",\"name\":\"INGLET, SLU\",\"url\":\"https:\/\/www.inglet.com\/pt-pt\/\",\"logo\":{\"@type\":\"ImageObject\",\"inLanguage\":\"pt-PT\",\"@id\":\"https:\/\/www.inglet.com\/pt-pt\/#\/schema\/logo\/image\/\",\"url\":\"https:\/\/www.inglet.com\/wp-content\/uploads\/2019\/08\/Inglet-Logo.jpg\",\"contentUrl\":\"https:\/\/www.inglet.com\/wp-content\/uploads\/2019\/08\/Inglet-Logo.jpg\",\"width\":264,\"height\":342,\"caption\":\"INGLET, SLU\"},\"image\":{\"@id\":\"https:\/\/www.inglet.com\/pt-pt\/#\/schema\/logo\/image\/\"}}]}<\/script>\n<!-- \/ Yoast SEO plugin. -->","yoast_head_json":{"title":"PEL\u00cdCULA PLASTIFICA\u00c7\u00c3O LINHO GROSSO PRENSA V\u00c1CUO A QUENTE - INGLET","robots":{"index":"index","follow":"follow","max-snippet":"max-snippet:-1","max-image-preview":"max-image-preview:large","max-video-preview":"max-video-preview:-1"},"canonical":"https:\/\/www.inglet.com\/pt-pt\/producto\/film-laminar-lino-grueso-prensa-vacio-calor\/","og_locale":"pt_PT","og_type":"article","og_title":"PEL\u00cdCULA PLASTIFICA\u00c7\u00c3O LINHO GROSSO PRENSA V\u00c1CUO A QUENTE - INGLET","og_description":"Esta pel\u00edcula tem uma textura de tecido de bitola m\u00e9dia que se assemelha ao algod\u00e3o rugoso ou Hessian. \u00c9 normalmente [&hellip;]","og_url":"https:\/\/www.inglet.com\/pt-pt\/producto\/film-laminar-lino-grueso-prensa-vacio-calor\/","og_site_name":"INGLET","article_modified_time":"2020-05-26T12:41:18+00:00","og_image":[{"width":800,"height":800,"url":"https:\/\/www.inglet.com\/wp-content\/uploads\/2020\/01\/250224FL.jpg","type":"image\/jpeg"}],"twitter_card":"summary_large_image","schema":{"@context":"https:\/\/schema.org","@graph":[{"@type":"WebPage","@id":"https:\/\/www.inglet.com\/pt-pt\/producto\/film-laminar-lino-grueso-prensa-vacio-calor\/","url":"https:\/\/www.inglet.com\/pt-pt\/producto\/film-laminar-lino-grueso-prensa-vacio-calor\/","name":"PEL\u00cdCULA PLASTIFICA\u00c7\u00c3O LINHO GROSSO PRENSA V\u00c1CUO A QUENTE - INGLET","isPartOf":{"@id":"https:\/\/www.inglet.com\/pt-pt\/#website"},"primaryImageOfPage":{"@id":"https:\/\/www.inglet.com\/pt-pt\/producto\/film-laminar-lino-grueso-prensa-vacio-calor\/#primaryimage"},"image":{"@id":"https:\/\/www.inglet.com\/pt-pt\/producto\/film-laminar-lino-grueso-prensa-vacio-calor\/#primaryimage"},"thumbnailUrl":"https:\/\/www.inglet.com\/wp-content\/uploads\/2020\/01\/250224FL.jpg","datePublished":"2020-01-22T18:39:57+00:00","dateModified":"2020-05-26T12:41:18+00:00","breadcrumb":{"@id":"https:\/\/www.inglet.com\/pt-pt\/producto\/film-laminar-lino-grueso-prensa-vacio-calor\/#breadcrumb"},"inLanguage":"pt-PT","potentialAction":[{"@type":"ReadAction","target":["https:\/\/www.inglet.com\/pt-pt\/producto\/film-laminar-lino-grueso-prensa-vacio-calor\/"]}]},{"@type":"ImageObject","inLanguage":"pt-PT","@id":"https:\/\/www.inglet.com\/pt-pt\/producto\/film-laminar-lino-grueso-prensa-vacio-calor\/#primaryimage","url":"https:\/\/www.inglet.com\/wp-content\/uploads\/2020\/01\/250224FL.jpg","contentUrl":"https:\/\/www.inglet.com\/wp-content\/uploads\/2020\/01\/250224FL.jpg","width":800,"height":800},{"@type":"BreadcrumbList","@id":"https:\/\/www.inglet.com\/pt-pt\/producto\/film-laminar-lino-grueso-prensa-vacio-calor\/#breadcrumb","itemListElement":[{"@type":"ListItem","position":1,"name":"Portada","item":"https:\/\/www.inglet.com\/pt-pt\/"},{"@type":"ListItem","position":2,"name":"Tienda","item":"https:\/\/www.inglet.com\/tienda\/"},{"@type":"ListItem","position":3,"name":"PEL\u00cdCULA PLASTIFICA\u00c7\u00c3O LINHO GROSSO PRENSA V\u00c1CUO A QUENTE"}]},{"@type":"WebSite","@id":"https:\/\/www.inglet.com\/pt-pt\/#website","url":"https:\/\/www.inglet.com\/pt-pt\/","name":"INGLET","description":"Suministros para la enmarcaci\u00f3n y la  impresi\u00f3n digital","publisher":{"@id":"https:\/\/www.inglet.com\/pt-pt\/#organization"},"potentialAction":[{"@type":"SearchAction","target":{"@type":"EntryPoint","urlTemplate":"https:\/\/www.inglet.com\/pt-pt\/?s={search_term_string}"},"query-input":{"@type":"PropertyValueSpecification","valueRequired":true,"valueName":"search_term_string"}}],"inLanguage":"pt-PT"},{"@type":"Organization","@id":"https:\/\/www.inglet.com\/pt-pt\/#organization","name":"INGLET, SLU","url":"https:\/\/www.inglet.com\/pt-pt\/","logo":{"@type":"ImageObject","inLanguage":"pt-PT","@id":"https:\/\/www.inglet.com\/pt-pt\/#\/schema\/logo\/image\/","url":"https:\/\/www.inglet.com\/wp-content\/uploads\/2019\/08\/Inglet-Logo.jpg","contentUrl":"https:\/\/www.inglet.com\/wp-content\/uploads\/2019\/08\/Inglet-Logo.jpg","width":264,"height":342,"caption":"INGLET, SLU"},"image":{"@id":"https:\/\/www.inglet.com\/pt-pt\/#\/schema\/logo\/image\/"}}]}},"_links":{"self":[{"href":"https:\/\/www.inglet.com\/pt-pt\/wp-json\/wp\/v2\/product\/33417","targetHints":{"allow":["GET"]}}],"collection":[{"href":"https:\/\/www.inglet.com\/pt-pt\/wp-json\/wp\/v2\/product"}],"about":[{"href":"https:\/\/www.inglet.com\/pt-pt\/wp-json\/wp\/v2\/types\/product"}],"wp:featuredmedia":[{"embeddable":true,"href":"https:\/\/www.inglet.com\/pt-pt\/wp-json\/wp\/v2\/media\/41595"}],"wp:attachment":[{"href":"https:\/\/www.inglet.com\/pt-pt\/wp-json\/wp\/v2\/media?parent=33417"}],"wp:term":[{"taxonomy":"product_brand","embeddable":true,"href":"https:\/\/www.inglet.com\/pt-pt\/wp-json\/wp\/v2\/product_brand?post=33417"},{"taxonomy":"product_cat","embeddable":true,"href":"https:\/\/www.inglet.com\/pt-pt\/wp-json\/wp\/v2\/product_cat?post=33417"},{"taxonomy":"product_tag","embeddable":true,"href":"https:\/\/www.inglet.com\/pt-pt\/wp-json\/wp\/v2\/product_tag?post=33417"}],"curies":[{"name":"wp","href":"https:\/\/api.w.org\/{rel}","templated":true}]}}