{"id":33826,"date":"2020-01-22T19:40:58","date_gmt":"2020-01-22T18:40:58","guid":{"rendered":"http:\/\/www.inglet.com\/producto\/laminado-hotpress-uv-canvas\/"},"modified":"2021-01-05T16:16:15","modified_gmt":"2021-01-05T15:16:15","slug":"pelicula-para-plastificacao-hotpress-uv-canvas","status":"publish","type":"product","link":"https:\/\/www.inglet.com\/pt-pt\/producto\/pelicula-para-plastificacao-hotpress-uv-canvas\/","title":{"rendered":"PEL\u00cdCULA PARA PLASTIFICA\u00c7\u00c3O HOTPRESS UV CANVAS"},"content":{"rendered":"<p>Pel\u00edcula de PVC com protec\u00e7\u00e3o UV, revestida numa das faces com adesivo acr\u00edlico solvente e coberta com papel de silicone na outra face. Textura de tecido espesso que imita a textura de uma tela real. Muito dur\u00e1vel e como todos os laminados e f\u00e1cil de limpar, tornando-o ideal para trabalhos expostos em \u00e1reas comuns, como hot\u00e9is ou restaurantes. Cria a ilus\u00e3o de que a imagem foi impressa na tela, mas \u00e9 muito mais forte e mais f\u00e1cil de manter. \u00c9 bem adequado para retratos fotogr\u00e1ficos e muitos tipos de obras de arte que simulam tanto pinturas tradicionais como modernas. <strong>Pel\u00edcula: 190 \u00b5m. Adesivo: 25 \u00b5m.<\/strong><\/p>\n","protected":false},"excerpt":{"rendered":"<p>Pel\u00edcula de PVC com protec\u00e7\u00e3o UV, revestida numa das faces com adesivo acr\u00edlico solvente e coberta com papel de silicone [&hellip;]<\/p>\n","protected":false},"featured_media":41649,"template":"","meta":{"_sitemap_exclude":false,"_sitemap_priority":"","_sitemap_frequency":"","_monsterinsights_skip_tracking":false,"_monsterinsights_sitenote_active":false,"_monsterinsights_sitenote_note":"","_monsterinsights_sitenote_category":0},"product_brand":[],"product_cat":[609,684],"product_tag":[],"class_list":{"0":"post-33826","1":"product","2":"type-product","3":"status-publish","4":"has-post-thumbnail","6":"product_cat-peliculas-hotpress-para-plastificacao-a-frio","7":"product_cat-filmes-hotpress-para-laminacao-a-frio-pt-pt","9":"first","10":"outofstock","11":"taxable","12":"shipping-taxable","13":"product-type-grouped"},"yoast_head":"<!-- This site is optimized with the Yoast SEO plugin v24.7 - https:\/\/yoast.com\/wordpress\/plugins\/seo\/ -->\n<title>PEL\u00cdCULA PARA PLASTIFICA\u00c7\u00c3O HOTPRESS UV CANVAS - INGLET<\/title>\n<meta name=\"robots\" content=\"index, follow, max-snippet:-1, max-image-preview:large, max-video-preview:-1\" \/>\n<link rel=\"canonical\" href=\"https:\/\/www.inglet.com\/pt-pt\/producto\/pelicula-para-plastificacao-hotpress-uv-canvas\/\" \/>\n<meta property=\"og:locale\" content=\"pt_PT\" \/>\n<meta property=\"og:type\" content=\"article\" \/>\n<meta property=\"og:title\" content=\"PEL\u00cdCULA PARA PLASTIFICA\u00c7\u00c3O HOTPRESS UV CANVAS - INGLET\" \/>\n<meta property=\"og:description\" content=\"Pel\u00edcula de PVC com protec\u00e7\u00e3o UV, revestida numa das faces com adesivo acr\u00edlico solvente e coberta com papel de silicone [&hellip;]\" \/>\n<meta property=\"og:url\" content=\"https:\/\/www.inglet.com\/pt-pt\/producto\/pelicula-para-plastificacao-hotpress-uv-canvas\/\" \/>\n<meta property=\"og:site_name\" content=\"INGLET\" \/>\n<meta property=\"article:modified_time\" content=\"2021-01-05T15:16:15+00:00\" \/>\n<meta property=\"og:image\" content=\"https:\/\/www.inglet.com\/wp-content\/uploads\/2020\/01\/251172LC.jpg\" \/>\n\t<meta property=\"og:image:width\" content=\"800\" \/>\n\t<meta property=\"og:image:height\" content=\"800\" \/>\n\t<meta property=\"og:image:type\" content=\"image\/jpeg\" \/>\n<meta name=\"twitter:card\" content=\"summary_large_image\" \/>\n<meta name=\"twitter:label1\" content=\"Tempo estimado de leitura\" \/>\n\t<meta name=\"twitter:data1\" content=\"1 minuto\" \/>\n<script type=\"application\/ld+json\" class=\"yoast-schema-graph\">{\"@context\":\"https:\/\/schema.org\",\"@graph\":[{\"@type\":\"WebPage\",\"@id\":\"https:\/\/www.inglet.com\/pt-pt\/producto\/pelicula-para-plastificacao-hotpress-uv-canvas\/\",\"url\":\"https:\/\/www.inglet.com\/pt-pt\/producto\/pelicula-para-plastificacao-hotpress-uv-canvas\/\",\"name\":\"PEL\u00cdCULA PARA PLASTIFICA\u00c7\u00c3O HOTPRESS UV CANVAS - INGLET\",\"isPartOf\":{\"@id\":\"https:\/\/www.inglet.com\/pt-pt\/#website\"},\"primaryImageOfPage\":{\"@id\":\"https:\/\/www.inglet.com\/pt-pt\/producto\/pelicula-para-plastificacao-hotpress-uv-canvas\/#primaryimage\"},\"image\":{\"@id\":\"https:\/\/www.inglet.com\/pt-pt\/producto\/pelicula-para-plastificacao-hotpress-uv-canvas\/#primaryimage\"},\"thumbnailUrl\":\"https:\/\/www.inglet.com\/wp-content\/uploads\/2020\/01\/251172LC.jpg\",\"datePublished\":\"2020-01-22T18:40:58+00:00\",\"dateModified\":\"2021-01-05T15:16:15+00:00\",\"breadcrumb\":{\"@id\":\"https:\/\/www.inglet.com\/pt-pt\/producto\/pelicula-para-plastificacao-hotpress-uv-canvas\/#breadcrumb\"},\"inLanguage\":\"pt-PT\",\"potentialAction\":[{\"@type\":\"ReadAction\",\"target\":[\"https:\/\/www.inglet.com\/pt-pt\/producto\/pelicula-para-plastificacao-hotpress-uv-canvas\/\"]}]},{\"@type\":\"ImageObject\",\"inLanguage\":\"pt-PT\",\"@id\":\"https:\/\/www.inglet.com\/pt-pt\/producto\/pelicula-para-plastificacao-hotpress-uv-canvas\/#primaryimage\",\"url\":\"https:\/\/www.inglet.com\/wp-content\/uploads\/2020\/01\/251172LC.jpg\",\"contentUrl\":\"https:\/\/www.inglet.com\/wp-content\/uploads\/2020\/01\/251172LC.jpg\",\"width\":800,\"height\":800},{\"@type\":\"BreadcrumbList\",\"@id\":\"https:\/\/www.inglet.com\/pt-pt\/producto\/pelicula-para-plastificacao-hotpress-uv-canvas\/#breadcrumb\",\"itemListElement\":[{\"@type\":\"ListItem\",\"position\":1,\"name\":\"Portada\",\"item\":\"https:\/\/www.inglet.com\/pt-pt\/\"},{\"@type\":\"ListItem\",\"position\":2,\"name\":\"Tienda\",\"item\":\"https:\/\/www.inglet.com\/tienda\/\"},{\"@type\":\"ListItem\",\"position\":3,\"name\":\"PEL\u00cdCULA PARA PLASTIFICA\u00c7\u00c3O HOTPRESS UV CANVAS\"}]},{\"@type\":\"WebSite\",\"@id\":\"https:\/\/www.inglet.com\/pt-pt\/#website\",\"url\":\"https:\/\/www.inglet.com\/pt-pt\/\",\"name\":\"INGLET\",\"description\":\"Suministros para la enmarcaci\u00f3n y la  impresi\u00f3n digital\",\"publisher\":{\"@id\":\"https:\/\/www.inglet.com\/pt-pt\/#organization\"},\"potentialAction\":[{\"@type\":\"SearchAction\",\"target\":{\"@type\":\"EntryPoint\",\"urlTemplate\":\"https:\/\/www.inglet.com\/pt-pt\/?s={search_term_string}\"},\"query-input\":{\"@type\":\"PropertyValueSpecification\",\"valueRequired\":true,\"valueName\":\"search_term_string\"}}],\"inLanguage\":\"pt-PT\"},{\"@type\":\"Organization\",\"@id\":\"https:\/\/www.inglet.com\/pt-pt\/#organization\",\"name\":\"INGLET, SLU\",\"url\":\"https:\/\/www.inglet.com\/pt-pt\/\",\"logo\":{\"@type\":\"ImageObject\",\"inLanguage\":\"pt-PT\",\"@id\":\"https:\/\/www.inglet.com\/pt-pt\/#\/schema\/logo\/image\/\",\"url\":\"https:\/\/www.inglet.com\/wp-content\/uploads\/2019\/08\/Inglet-Logo.jpg\",\"contentUrl\":\"https:\/\/www.inglet.com\/wp-content\/uploads\/2019\/08\/Inglet-Logo.jpg\",\"width\":264,\"height\":342,\"caption\":\"INGLET, SLU\"},\"image\":{\"@id\":\"https:\/\/www.inglet.com\/pt-pt\/#\/schema\/logo\/image\/\"}}]}<\/script>\n<!-- \/ Yoast SEO plugin. -->","yoast_head_json":{"title":"PEL\u00cdCULA PARA PLASTIFICA\u00c7\u00c3O HOTPRESS UV CANVAS - INGLET","robots":{"index":"index","follow":"follow","max-snippet":"max-snippet:-1","max-image-preview":"max-image-preview:large","max-video-preview":"max-video-preview:-1"},"canonical":"https:\/\/www.inglet.com\/pt-pt\/producto\/pelicula-para-plastificacao-hotpress-uv-canvas\/","og_locale":"pt_PT","og_type":"article","og_title":"PEL\u00cdCULA PARA PLASTIFICA\u00c7\u00c3O HOTPRESS UV CANVAS - INGLET","og_description":"Pel\u00edcula de PVC com protec\u00e7\u00e3o UV, revestida numa das faces com adesivo acr\u00edlico solvente e coberta com papel de silicone [&hellip;]","og_url":"https:\/\/www.inglet.com\/pt-pt\/producto\/pelicula-para-plastificacao-hotpress-uv-canvas\/","og_site_name":"INGLET","article_modified_time":"2021-01-05T15:16:15+00:00","og_image":[{"width":800,"height":800,"url":"https:\/\/www.inglet.com\/wp-content\/uploads\/2020\/01\/251172LC.jpg","type":"image\/jpeg"}],"twitter_card":"summary_large_image","twitter_misc":{"Tempo estimado de leitura":"1 minuto"},"schema":{"@context":"https:\/\/schema.org","@graph":[{"@type":"WebPage","@id":"https:\/\/www.inglet.com\/pt-pt\/producto\/pelicula-para-plastificacao-hotpress-uv-canvas\/","url":"https:\/\/www.inglet.com\/pt-pt\/producto\/pelicula-para-plastificacao-hotpress-uv-canvas\/","name":"PEL\u00cdCULA PARA PLASTIFICA\u00c7\u00c3O HOTPRESS UV CANVAS - INGLET","isPartOf":{"@id":"https:\/\/www.inglet.com\/pt-pt\/#website"},"primaryImageOfPage":{"@id":"https:\/\/www.inglet.com\/pt-pt\/producto\/pelicula-para-plastificacao-hotpress-uv-canvas\/#primaryimage"},"image":{"@id":"https:\/\/www.inglet.com\/pt-pt\/producto\/pelicula-para-plastificacao-hotpress-uv-canvas\/#primaryimage"},"thumbnailUrl":"https:\/\/www.inglet.com\/wp-content\/uploads\/2020\/01\/251172LC.jpg","datePublished":"2020-01-22T18:40:58+00:00","dateModified":"2021-01-05T15:16:15+00:00","breadcrumb":{"@id":"https:\/\/www.inglet.com\/pt-pt\/producto\/pelicula-para-plastificacao-hotpress-uv-canvas\/#breadcrumb"},"inLanguage":"pt-PT","potentialAction":[{"@type":"ReadAction","target":["https:\/\/www.inglet.com\/pt-pt\/producto\/pelicula-para-plastificacao-hotpress-uv-canvas\/"]}]},{"@type":"ImageObject","inLanguage":"pt-PT","@id":"https:\/\/www.inglet.com\/pt-pt\/producto\/pelicula-para-plastificacao-hotpress-uv-canvas\/#primaryimage","url":"https:\/\/www.inglet.com\/wp-content\/uploads\/2020\/01\/251172LC.jpg","contentUrl":"https:\/\/www.inglet.com\/wp-content\/uploads\/2020\/01\/251172LC.jpg","width":800,"height":800},{"@type":"BreadcrumbList","@id":"https:\/\/www.inglet.com\/pt-pt\/producto\/pelicula-para-plastificacao-hotpress-uv-canvas\/#breadcrumb","itemListElement":[{"@type":"ListItem","position":1,"name":"Portada","item":"https:\/\/www.inglet.com\/pt-pt\/"},{"@type":"ListItem","position":2,"name":"Tienda","item":"https:\/\/www.inglet.com\/tienda\/"},{"@type":"ListItem","position":3,"name":"PEL\u00cdCULA PARA PLASTIFICA\u00c7\u00c3O HOTPRESS UV CANVAS"}]},{"@type":"WebSite","@id":"https:\/\/www.inglet.com\/pt-pt\/#website","url":"https:\/\/www.inglet.com\/pt-pt\/","name":"INGLET","description":"Suministros para la enmarcaci\u00f3n y la  impresi\u00f3n digital","publisher":{"@id":"https:\/\/www.inglet.com\/pt-pt\/#organization"},"potentialAction":[{"@type":"SearchAction","target":{"@type":"EntryPoint","urlTemplate":"https:\/\/www.inglet.com\/pt-pt\/?s={search_term_string}"},"query-input":{"@type":"PropertyValueSpecification","valueRequired":true,"valueName":"search_term_string"}}],"inLanguage":"pt-PT"},{"@type":"Organization","@id":"https:\/\/www.inglet.com\/pt-pt\/#organization","name":"INGLET, SLU","url":"https:\/\/www.inglet.com\/pt-pt\/","logo":{"@type":"ImageObject","inLanguage":"pt-PT","@id":"https:\/\/www.inglet.com\/pt-pt\/#\/schema\/logo\/image\/","url":"https:\/\/www.inglet.com\/wp-content\/uploads\/2019\/08\/Inglet-Logo.jpg","contentUrl":"https:\/\/www.inglet.com\/wp-content\/uploads\/2019\/08\/Inglet-Logo.jpg","width":264,"height":342,"caption":"INGLET, SLU"},"image":{"@id":"https:\/\/www.inglet.com\/pt-pt\/#\/schema\/logo\/image\/"}}]}},"_links":{"self":[{"href":"https:\/\/www.inglet.com\/pt-pt\/wp-json\/wp\/v2\/product\/33826","targetHints":{"allow":["GET"]}}],"collection":[{"href":"https:\/\/www.inglet.com\/pt-pt\/wp-json\/wp\/v2\/product"}],"about":[{"href":"https:\/\/www.inglet.com\/pt-pt\/wp-json\/wp\/v2\/types\/product"}],"wp:featuredmedia":[{"embeddable":true,"href":"https:\/\/www.inglet.com\/pt-pt\/wp-json\/wp\/v2\/media\/41649"}],"wp:attachment":[{"href":"https:\/\/www.inglet.com\/pt-pt\/wp-json\/wp\/v2\/media?parent=33826"}],"wp:term":[{"taxonomy":"product_brand","embeddable":true,"href":"https:\/\/www.inglet.com\/pt-pt\/wp-json\/wp\/v2\/product_brand?post=33826"},{"taxonomy":"product_cat","embeddable":true,"href":"https:\/\/www.inglet.com\/pt-pt\/wp-json\/wp\/v2\/product_cat?post=33826"},{"taxonomy":"product_tag","embeddable":true,"href":"https:\/\/www.inglet.com\/pt-pt\/wp-json\/wp\/v2\/product_tag?post=33826"}],"curies":[{"name":"wp","href":"https:\/\/api.w.org\/{rel}","templated":true}]}}