{"id":33893,"date":"2020-01-22T19:23:10","date_gmt":"2020-01-22T18:23:10","guid":{"rendered":"http:\/\/www.inglet.com\/producto\/laminadora-xlam-1600-hotcold-signage\/"},"modified":"2021-09-08T15:59:49","modified_gmt":"2021-09-08T13:59:49","slug":"plastificadora-xlam-1600-coldhot-signage","status":"publish","type":"product","link":"https:\/\/www.inglet.com\/pt-pt\/producto\/plastificadora-xlam-1600-coldhot-signage\/","title":{"rendered":"PLASTIFICADORA XLAM 1600 COLD&#038;HOT SIGNAGE"},"content":{"rendered":"<p><strong>Caracter\u00edsticas \u00fanicas!<\/strong><br \/>\nPlastificadora a quente-frio com rolo pneum\u00e1tico de 1600 mm. Inclui sistema de recolha de materiais. Ideal para sinaliza\u00e7\u00e3o, com suportes de fixa\u00e7\u00e3o maiores (210 mm) para acomodar bobinas de material muito espesso (at\u00e9 30 cm de di\u00e2metro e 30 kg de peso). Velocidade m\u00ednima de 0,6 &#8211; 6 m\/min. Rolos de silicone de 130 mm (um com calor). Temperatura m\u00e1xima de 120\u00ba. Espessura do material at\u00e9 30 mm.<\/p>\n<p><strong>Alta efici\u00eancia<\/strong><br \/>\nSem rugas ou bolhas, garante excelentes resultados mesmo a temperaturas inferiores a 120\u00baC. Equipado com um pedal, permite ao operador manter as duas m\u00e3os livres para laminar os suportes mais largos.<\/p>\n<p><strong>Garantia de seguran\u00e7a<\/strong><br \/>\nO sensor de fotoc\u00e9lulas evita que voc\u00ea coloque as m\u00e3os perto do rolo durante a lamina\u00e7\u00e3o. O bot\u00e3o de paragem de emerg\u00eancia \u00e9 claramente vis\u00edvel na parte da frente da m\u00e1quina.<\/p>\n","protected":false},"excerpt":{"rendered":"<p>Caracter\u00edsticas \u00fanicas! Plastificadora a quente-frio com rolo pneum\u00e1tico de 1600 mm. Inclui sistema de recolha de materiais. Ideal para sinaliza\u00e7\u00e3o, [&hellip;]<\/p>\n","protected":false},"featured_media":38740,"template":"","meta":{"_sitemap_exclude":false,"_sitemap_priority":"","_sitemap_frequency":"","_monsterinsights_skip_tracking":false,"_monsterinsights_sitenote_active":false,"_monsterinsights_sitenote_note":"","_monsterinsights_sitenote_category":0},"product_brand":[],"product_cat":[503],"product_tag":[],"class_list":{"0":"post-33893","1":"product","2":"type-product","3":"status-publish","4":"has-post-thumbnail","6":"product_cat-plastificadoras-xlam","8":"first","9":"outofstock","10":"taxable","11":"shipping-taxable","12":"purchasable","13":"product-type-simple"},"yoast_head":"<!-- This site is optimized with the Yoast SEO plugin v24.7 - https:\/\/yoast.com\/wordpress\/plugins\/seo\/ -->\n<title>PLASTIFICADORA XLAM 1600 COLD&amp;HOT SIGNAGE - INGLET<\/title>\n<meta name=\"robots\" content=\"index, follow, max-snippet:-1, max-image-preview:large, max-video-preview:-1\" \/>\n<link rel=\"canonical\" href=\"https:\/\/www.inglet.com\/pt-pt\/producto\/plastificadora-xlam-1600-coldhot-signage\/\" \/>\n<meta property=\"og:locale\" content=\"pt_PT\" \/>\n<meta property=\"og:type\" content=\"article\" \/>\n<meta property=\"og:title\" content=\"PLASTIFICADORA XLAM 1600 COLD&amp;HOT SIGNAGE - INGLET\" \/>\n<meta property=\"og:description\" content=\"Caracter\u00edsticas \u00fanicas! Plastificadora a quente-frio com rolo pneum\u00e1tico de 1600 mm. Inclui sistema de recolha de materiais. Ideal para sinaliza\u00e7\u00e3o, [&hellip;]\" \/>\n<meta property=\"og:url\" content=\"https:\/\/www.inglet.com\/pt-pt\/producto\/plastificadora-xlam-1600-coldhot-signage\/\" \/>\n<meta property=\"og:site_name\" content=\"INGLET\" \/>\n<meta property=\"article:modified_time\" content=\"2021-09-08T13:59:49+00:00\" \/>\n<meta property=\"og:image\" content=\"https:\/\/www.inglet.com\/wp-content\/uploads\/2020\/01\/024056.jpg\" \/>\n\t<meta property=\"og:image:width\" content=\"800\" \/>\n\t<meta property=\"og:image:height\" content=\"800\" \/>\n\t<meta property=\"og:image:type\" content=\"image\/jpeg\" \/>\n<meta name=\"twitter:card\" content=\"summary_large_image\" \/>\n<meta name=\"twitter:label1\" content=\"Tempo estimado de leitura\" \/>\n\t<meta name=\"twitter:data1\" content=\"1 minuto\" \/>\n<script type=\"application\/ld+json\" class=\"yoast-schema-graph\">{\"@context\":\"https:\/\/schema.org\",\"@graph\":[{\"@type\":\"WebPage\",\"@id\":\"https:\/\/www.inglet.com\/pt-pt\/producto\/plastificadora-xlam-1600-coldhot-signage\/\",\"url\":\"https:\/\/www.inglet.com\/pt-pt\/producto\/plastificadora-xlam-1600-coldhot-signage\/\",\"name\":\"PLASTIFICADORA XLAM 1600 COLD&HOT SIGNAGE - INGLET\",\"isPartOf\":{\"@id\":\"https:\/\/www.inglet.com\/pt-pt\/#website\"},\"primaryImageOfPage\":{\"@id\":\"https:\/\/www.inglet.com\/pt-pt\/producto\/plastificadora-xlam-1600-coldhot-signage\/#primaryimage\"},\"image\":{\"@id\":\"https:\/\/www.inglet.com\/pt-pt\/producto\/plastificadora-xlam-1600-coldhot-signage\/#primaryimage\"},\"thumbnailUrl\":\"https:\/\/www.inglet.com\/wp-content\/uploads\/2020\/01\/024056.jpg\",\"datePublished\":\"2020-01-22T18:23:10+00:00\",\"dateModified\":\"2021-09-08T13:59:49+00:00\",\"breadcrumb\":{\"@id\":\"https:\/\/www.inglet.com\/pt-pt\/producto\/plastificadora-xlam-1600-coldhot-signage\/#breadcrumb\"},\"inLanguage\":\"pt-PT\",\"potentialAction\":[{\"@type\":\"ReadAction\",\"target\":[\"https:\/\/www.inglet.com\/pt-pt\/producto\/plastificadora-xlam-1600-coldhot-signage\/\"]}]},{\"@type\":\"ImageObject\",\"inLanguage\":\"pt-PT\",\"@id\":\"https:\/\/www.inglet.com\/pt-pt\/producto\/plastificadora-xlam-1600-coldhot-signage\/#primaryimage\",\"url\":\"https:\/\/www.inglet.com\/wp-content\/uploads\/2020\/01\/024056.jpg\",\"contentUrl\":\"https:\/\/www.inglet.com\/wp-content\/uploads\/2020\/01\/024056.jpg\",\"width\":800,\"height\":800},{\"@type\":\"BreadcrumbList\",\"@id\":\"https:\/\/www.inglet.com\/pt-pt\/producto\/plastificadora-xlam-1600-coldhot-signage\/#breadcrumb\",\"itemListElement\":[{\"@type\":\"ListItem\",\"position\":1,\"name\":\"Portada\",\"item\":\"https:\/\/www.inglet.com\/pt-pt\/\"},{\"@type\":\"ListItem\",\"position\":2,\"name\":\"Tienda\",\"item\":\"https:\/\/www.inglet.com\/tienda\/\"},{\"@type\":\"ListItem\",\"position\":3,\"name\":\"PLASTIFICADORA XLAM 1600 COLD&#038;HOT SIGNAGE\"}]},{\"@type\":\"WebSite\",\"@id\":\"https:\/\/www.inglet.com\/pt-pt\/#website\",\"url\":\"https:\/\/www.inglet.com\/pt-pt\/\",\"name\":\"INGLET\",\"description\":\"Suministros para la enmarcaci\u00f3n y la  impresi\u00f3n digital\",\"publisher\":{\"@id\":\"https:\/\/www.inglet.com\/pt-pt\/#organization\"},\"potentialAction\":[{\"@type\":\"SearchAction\",\"target\":{\"@type\":\"EntryPoint\",\"urlTemplate\":\"https:\/\/www.inglet.com\/pt-pt\/?s={search_term_string}\"},\"query-input\":{\"@type\":\"PropertyValueSpecification\",\"valueRequired\":true,\"valueName\":\"search_term_string\"}}],\"inLanguage\":\"pt-PT\"},{\"@type\":\"Organization\",\"@id\":\"https:\/\/www.inglet.com\/pt-pt\/#organization\",\"name\":\"INGLET, SLU\",\"url\":\"https:\/\/www.inglet.com\/pt-pt\/\",\"logo\":{\"@type\":\"ImageObject\",\"inLanguage\":\"pt-PT\",\"@id\":\"https:\/\/www.inglet.com\/pt-pt\/#\/schema\/logo\/image\/\",\"url\":\"https:\/\/www.inglet.com\/wp-content\/uploads\/2019\/08\/Inglet-Logo.jpg\",\"contentUrl\":\"https:\/\/www.inglet.com\/wp-content\/uploads\/2019\/08\/Inglet-Logo.jpg\",\"width\":264,\"height\":342,\"caption\":\"INGLET, SLU\"},\"image\":{\"@id\":\"https:\/\/www.inglet.com\/pt-pt\/#\/schema\/logo\/image\/\"}}]}<\/script>\n<!-- \/ Yoast SEO plugin. -->","yoast_head_json":{"title":"PLASTIFICADORA XLAM 1600 COLD&HOT SIGNAGE - INGLET","robots":{"index":"index","follow":"follow","max-snippet":"max-snippet:-1","max-image-preview":"max-image-preview:large","max-video-preview":"max-video-preview:-1"},"canonical":"https:\/\/www.inglet.com\/pt-pt\/producto\/plastificadora-xlam-1600-coldhot-signage\/","og_locale":"pt_PT","og_type":"article","og_title":"PLASTIFICADORA XLAM 1600 COLD&HOT SIGNAGE - INGLET","og_description":"Caracter\u00edsticas \u00fanicas! Plastificadora a quente-frio com rolo pneum\u00e1tico de 1600 mm. Inclui sistema de recolha de materiais. Ideal para sinaliza\u00e7\u00e3o, [&hellip;]","og_url":"https:\/\/www.inglet.com\/pt-pt\/producto\/plastificadora-xlam-1600-coldhot-signage\/","og_site_name":"INGLET","article_modified_time":"2021-09-08T13:59:49+00:00","og_image":[{"width":800,"height":800,"url":"https:\/\/www.inglet.com\/wp-content\/uploads\/2020\/01\/024056.jpg","type":"image\/jpeg"}],"twitter_card":"summary_large_image","twitter_misc":{"Tempo estimado de leitura":"1 minuto"},"schema":{"@context":"https:\/\/schema.org","@graph":[{"@type":"WebPage","@id":"https:\/\/www.inglet.com\/pt-pt\/producto\/plastificadora-xlam-1600-coldhot-signage\/","url":"https:\/\/www.inglet.com\/pt-pt\/producto\/plastificadora-xlam-1600-coldhot-signage\/","name":"PLASTIFICADORA XLAM 1600 COLD&HOT SIGNAGE - INGLET","isPartOf":{"@id":"https:\/\/www.inglet.com\/pt-pt\/#website"},"primaryImageOfPage":{"@id":"https:\/\/www.inglet.com\/pt-pt\/producto\/plastificadora-xlam-1600-coldhot-signage\/#primaryimage"},"image":{"@id":"https:\/\/www.inglet.com\/pt-pt\/producto\/plastificadora-xlam-1600-coldhot-signage\/#primaryimage"},"thumbnailUrl":"https:\/\/www.inglet.com\/wp-content\/uploads\/2020\/01\/024056.jpg","datePublished":"2020-01-22T18:23:10+00:00","dateModified":"2021-09-08T13:59:49+00:00","breadcrumb":{"@id":"https:\/\/www.inglet.com\/pt-pt\/producto\/plastificadora-xlam-1600-coldhot-signage\/#breadcrumb"},"inLanguage":"pt-PT","potentialAction":[{"@type":"ReadAction","target":["https:\/\/www.inglet.com\/pt-pt\/producto\/plastificadora-xlam-1600-coldhot-signage\/"]}]},{"@type":"ImageObject","inLanguage":"pt-PT","@id":"https:\/\/www.inglet.com\/pt-pt\/producto\/plastificadora-xlam-1600-coldhot-signage\/#primaryimage","url":"https:\/\/www.inglet.com\/wp-content\/uploads\/2020\/01\/024056.jpg","contentUrl":"https:\/\/www.inglet.com\/wp-content\/uploads\/2020\/01\/024056.jpg","width":800,"height":800},{"@type":"BreadcrumbList","@id":"https:\/\/www.inglet.com\/pt-pt\/producto\/plastificadora-xlam-1600-coldhot-signage\/#breadcrumb","itemListElement":[{"@type":"ListItem","position":1,"name":"Portada","item":"https:\/\/www.inglet.com\/pt-pt\/"},{"@type":"ListItem","position":2,"name":"Tienda","item":"https:\/\/www.inglet.com\/tienda\/"},{"@type":"ListItem","position":3,"name":"PLASTIFICADORA XLAM 1600 COLD&#038;HOT SIGNAGE"}]},{"@type":"WebSite","@id":"https:\/\/www.inglet.com\/pt-pt\/#website","url":"https:\/\/www.inglet.com\/pt-pt\/","name":"INGLET","description":"Suministros para la enmarcaci\u00f3n y la  impresi\u00f3n digital","publisher":{"@id":"https:\/\/www.inglet.com\/pt-pt\/#organization"},"potentialAction":[{"@type":"SearchAction","target":{"@type":"EntryPoint","urlTemplate":"https:\/\/www.inglet.com\/pt-pt\/?s={search_term_string}"},"query-input":{"@type":"PropertyValueSpecification","valueRequired":true,"valueName":"search_term_string"}}],"inLanguage":"pt-PT"},{"@type":"Organization","@id":"https:\/\/www.inglet.com\/pt-pt\/#organization","name":"INGLET, SLU","url":"https:\/\/www.inglet.com\/pt-pt\/","logo":{"@type":"ImageObject","inLanguage":"pt-PT","@id":"https:\/\/www.inglet.com\/pt-pt\/#\/schema\/logo\/image\/","url":"https:\/\/www.inglet.com\/wp-content\/uploads\/2019\/08\/Inglet-Logo.jpg","contentUrl":"https:\/\/www.inglet.com\/wp-content\/uploads\/2019\/08\/Inglet-Logo.jpg","width":264,"height":342,"caption":"INGLET, SLU"},"image":{"@id":"https:\/\/www.inglet.com\/pt-pt\/#\/schema\/logo\/image\/"}}]}},"_links":{"self":[{"href":"https:\/\/www.inglet.com\/pt-pt\/wp-json\/wp\/v2\/product\/33893","targetHints":{"allow":["GET"]}}],"collection":[{"href":"https:\/\/www.inglet.com\/pt-pt\/wp-json\/wp\/v2\/product"}],"about":[{"href":"https:\/\/www.inglet.com\/pt-pt\/wp-json\/wp\/v2\/types\/product"}],"wp:featuredmedia":[{"embeddable":true,"href":"https:\/\/www.inglet.com\/pt-pt\/wp-json\/wp\/v2\/media\/38740"}],"wp:attachment":[{"href":"https:\/\/www.inglet.com\/pt-pt\/wp-json\/wp\/v2\/media?parent=33893"}],"wp:term":[{"taxonomy":"product_brand","embeddable":true,"href":"https:\/\/www.inglet.com\/pt-pt\/wp-json\/wp\/v2\/product_brand?post=33893"},{"taxonomy":"product_cat","embeddable":true,"href":"https:\/\/www.inglet.com\/pt-pt\/wp-json\/wp\/v2\/product_cat?post=33893"},{"taxonomy":"product_tag","embeddable":true,"href":"https:\/\/www.inglet.com\/pt-pt\/wp-json\/wp\/v2\/product_tag?post=33893"}],"curies":[{"name":"wp","href":"https:\/\/api.w.org\/{rel}","templated":true}]}}