{"id":33897,"date":"2020-01-22T19:23:24","date_gmt":"2020-01-22T18:23:24","guid":{"rendered":"http:\/\/www.inglet.com\/producto\/laminadora-xlam-1600-hotcold-special\/"},"modified":"2021-09-08T15:58:33","modified_gmt":"2021-09-08T13:58:33","slug":"plastificadora-xlam-1600-coldhot-special","status":"publish","type":"product","link":"https:\/\/www.inglet.com\/pt-pt\/producto\/plastificadora-xlam-1600-coldhot-special\/","title":{"rendered":"PLASTIFICADORA XLAM 1600 COLD&#038;HOT SPECIAL"},"content":{"rendered":"<p><strong>Caracter\u00edsticas \u00fanicas!<\/strong><br \/>\nPlastificadora a quente com rolo pneum\u00e1tico de 1600 mm. Inclui sistema de recolha de materiais. Kit de l\u00e2minas de corte inclu\u00eddo. Especial para o encapsulamento. Dois rolos de aquecimento de silicone de 130 mm de di\u00e2metro. Temperatura m\u00e1xima de 120\u00ba C. Espessura do material at\u00e9 30 mm. L\u00e2minas de corte inclu\u00eddas. Gra\u00e7as ao inovador sistema PLC Siemens\u00ae e ao sensor de m\u00eddia final, a m\u00e1quina pode ser gerenciada e monitorada por PC, tablets e smartphones.<\/p>\n<p><strong>Laminagem sem forro<\/strong><br \/>\nGra\u00e7as ao novo poste que facilita a separa\u00e7\u00e3o das lamina\u00e7\u00f5es sem liner.<\/p>\n<p><strong>Alta efici\u00eancia<\/strong><br \/>\nSem rugas ou bolhas, garante excelentes resultados mesmo a temperaturas inferiores a 120\u00baC. Equipada com um pedal, permite ao operador manter ambas as m\u00e3os livres para laminar os suportes mais largos.<\/p>\n<p><strong>Garantia de seguran\u00e7a<\/strong><br \/>\nO sensor de fotoc\u00e9lulas evita que voc\u00ea coloque as m\u00e3os perto do rolo durante a lamina\u00e7\u00e3o. O bot\u00e3o de paragem de emerg\u00eancia \u00e9 claramente vis\u00edvel na parte da frente da m\u00e1quina.<\/p>\n","protected":false},"excerpt":{"rendered":"<p>Caracter\u00edsticas \u00fanicas! Plastificadora a quente com rolo pneum\u00e1tico de 1600 mm. Inclui sistema de recolha de materiais. Kit de l\u00e2minas [&hellip;]<\/p>\n","protected":false},"featured_media":38746,"template":"","meta":{"_sitemap_exclude":false,"_sitemap_priority":"","_sitemap_frequency":"","_monsterinsights_skip_tracking":false,"_monsterinsights_sitenote_active":false,"_monsterinsights_sitenote_note":"","_monsterinsights_sitenote_category":0},"product_brand":[],"product_cat":[503],"product_tag":[],"class_list":{"0":"post-33897","1":"product","2":"type-product","3":"status-publish","4":"has-post-thumbnail","6":"product_cat-plastificadoras-xlam","8":"first","9":"outofstock","10":"taxable","11":"shipping-taxable","12":"purchasable","13":"product-type-simple"},"yoast_head":"<!-- This site is optimized with the Yoast SEO plugin v24.7 - https:\/\/yoast.com\/wordpress\/plugins\/seo\/ -->\n<title>PLASTIFICADORA XLAM 1600 COLD&amp;HOT SPECIAL - INGLET<\/title>\n<meta name=\"robots\" content=\"index, follow, max-snippet:-1, max-image-preview:large, max-video-preview:-1\" \/>\n<link rel=\"canonical\" href=\"https:\/\/www.inglet.com\/pt-pt\/producto\/plastificadora-xlam-1600-coldhot-special\/\" \/>\n<meta property=\"og:locale\" content=\"pt_PT\" \/>\n<meta property=\"og:type\" content=\"article\" \/>\n<meta property=\"og:title\" content=\"PLASTIFICADORA XLAM 1600 COLD&amp;HOT SPECIAL - INGLET\" \/>\n<meta property=\"og:description\" content=\"Caracter\u00edsticas \u00fanicas! Plastificadora a quente com rolo pneum\u00e1tico de 1600 mm. Inclui sistema de recolha de materiais. Kit de l\u00e2minas [&hellip;]\" \/>\n<meta property=\"og:url\" content=\"https:\/\/www.inglet.com\/pt-pt\/producto\/plastificadora-xlam-1600-coldhot-special\/\" \/>\n<meta property=\"og:site_name\" content=\"INGLET\" \/>\n<meta property=\"article:modified_time\" content=\"2021-09-08T13:58:33+00:00\" \/>\n<meta property=\"og:image\" content=\"https:\/\/www.inglet.com\/wp-content\/uploads\/2020\/01\/024058.jpg\" \/>\n\t<meta property=\"og:image:width\" content=\"800\" \/>\n\t<meta property=\"og:image:height\" content=\"800\" \/>\n\t<meta property=\"og:image:type\" content=\"image\/jpeg\" \/>\n<meta name=\"twitter:card\" content=\"summary_large_image\" \/>\n<meta name=\"twitter:label1\" content=\"Tempo estimado de leitura\" \/>\n\t<meta name=\"twitter:data1\" content=\"1 minuto\" \/>\n<script type=\"application\/ld+json\" class=\"yoast-schema-graph\">{\"@context\":\"https:\/\/schema.org\",\"@graph\":[{\"@type\":\"WebPage\",\"@id\":\"https:\/\/www.inglet.com\/pt-pt\/producto\/plastificadora-xlam-1600-coldhot-special\/\",\"url\":\"https:\/\/www.inglet.com\/pt-pt\/producto\/plastificadora-xlam-1600-coldhot-special\/\",\"name\":\"PLASTIFICADORA XLAM 1600 COLD&HOT SPECIAL - INGLET\",\"isPartOf\":{\"@id\":\"https:\/\/www.inglet.com\/pt-pt\/#website\"},\"primaryImageOfPage\":{\"@id\":\"https:\/\/www.inglet.com\/pt-pt\/producto\/plastificadora-xlam-1600-coldhot-special\/#primaryimage\"},\"image\":{\"@id\":\"https:\/\/www.inglet.com\/pt-pt\/producto\/plastificadora-xlam-1600-coldhot-special\/#primaryimage\"},\"thumbnailUrl\":\"https:\/\/www.inglet.com\/wp-content\/uploads\/2020\/01\/024058.jpg\",\"datePublished\":\"2020-01-22T18:23:24+00:00\",\"dateModified\":\"2021-09-08T13:58:33+00:00\",\"breadcrumb\":{\"@id\":\"https:\/\/www.inglet.com\/pt-pt\/producto\/plastificadora-xlam-1600-coldhot-special\/#breadcrumb\"},\"inLanguage\":\"pt-PT\",\"potentialAction\":[{\"@type\":\"ReadAction\",\"target\":[\"https:\/\/www.inglet.com\/pt-pt\/producto\/plastificadora-xlam-1600-coldhot-special\/\"]}]},{\"@type\":\"ImageObject\",\"inLanguage\":\"pt-PT\",\"@id\":\"https:\/\/www.inglet.com\/pt-pt\/producto\/plastificadora-xlam-1600-coldhot-special\/#primaryimage\",\"url\":\"https:\/\/www.inglet.com\/wp-content\/uploads\/2020\/01\/024058.jpg\",\"contentUrl\":\"https:\/\/www.inglet.com\/wp-content\/uploads\/2020\/01\/024058.jpg\",\"width\":800,\"height\":800},{\"@type\":\"BreadcrumbList\",\"@id\":\"https:\/\/www.inglet.com\/pt-pt\/producto\/plastificadora-xlam-1600-coldhot-special\/#breadcrumb\",\"itemListElement\":[{\"@type\":\"ListItem\",\"position\":1,\"name\":\"Portada\",\"item\":\"https:\/\/www.inglet.com\/pt-pt\/\"},{\"@type\":\"ListItem\",\"position\":2,\"name\":\"Tienda\",\"item\":\"https:\/\/www.inglet.com\/tienda\/\"},{\"@type\":\"ListItem\",\"position\":3,\"name\":\"PLASTIFICADORA XLAM 1600 COLD&#038;HOT SPECIAL\"}]},{\"@type\":\"WebSite\",\"@id\":\"https:\/\/www.inglet.com\/pt-pt\/#website\",\"url\":\"https:\/\/www.inglet.com\/pt-pt\/\",\"name\":\"INGLET\",\"description\":\"Suministros para la enmarcaci\u00f3n y la  impresi\u00f3n digital\",\"publisher\":{\"@id\":\"https:\/\/www.inglet.com\/pt-pt\/#organization\"},\"potentialAction\":[{\"@type\":\"SearchAction\",\"target\":{\"@type\":\"EntryPoint\",\"urlTemplate\":\"https:\/\/www.inglet.com\/pt-pt\/?s={search_term_string}\"},\"query-input\":{\"@type\":\"PropertyValueSpecification\",\"valueRequired\":true,\"valueName\":\"search_term_string\"}}],\"inLanguage\":\"pt-PT\"},{\"@type\":\"Organization\",\"@id\":\"https:\/\/www.inglet.com\/pt-pt\/#organization\",\"name\":\"INGLET, SLU\",\"url\":\"https:\/\/www.inglet.com\/pt-pt\/\",\"logo\":{\"@type\":\"ImageObject\",\"inLanguage\":\"pt-PT\",\"@id\":\"https:\/\/www.inglet.com\/pt-pt\/#\/schema\/logo\/image\/\",\"url\":\"https:\/\/www.inglet.com\/wp-content\/uploads\/2019\/08\/Inglet-Logo.jpg\",\"contentUrl\":\"https:\/\/www.inglet.com\/wp-content\/uploads\/2019\/08\/Inglet-Logo.jpg\",\"width\":264,\"height\":342,\"caption\":\"INGLET, SLU\"},\"image\":{\"@id\":\"https:\/\/www.inglet.com\/pt-pt\/#\/schema\/logo\/image\/\"}}]}<\/script>\n<!-- \/ Yoast SEO plugin. -->","yoast_head_json":{"title":"PLASTIFICADORA XLAM 1600 COLD&HOT SPECIAL - INGLET","robots":{"index":"index","follow":"follow","max-snippet":"max-snippet:-1","max-image-preview":"max-image-preview:large","max-video-preview":"max-video-preview:-1"},"canonical":"https:\/\/www.inglet.com\/pt-pt\/producto\/plastificadora-xlam-1600-coldhot-special\/","og_locale":"pt_PT","og_type":"article","og_title":"PLASTIFICADORA XLAM 1600 COLD&HOT SPECIAL - INGLET","og_description":"Caracter\u00edsticas \u00fanicas! Plastificadora a quente com rolo pneum\u00e1tico de 1600 mm. Inclui sistema de recolha de materiais. Kit de l\u00e2minas [&hellip;]","og_url":"https:\/\/www.inglet.com\/pt-pt\/producto\/plastificadora-xlam-1600-coldhot-special\/","og_site_name":"INGLET","article_modified_time":"2021-09-08T13:58:33+00:00","og_image":[{"width":800,"height":800,"url":"https:\/\/www.inglet.com\/wp-content\/uploads\/2020\/01\/024058.jpg","type":"image\/jpeg"}],"twitter_card":"summary_large_image","twitter_misc":{"Tempo estimado de leitura":"1 minuto"},"schema":{"@context":"https:\/\/schema.org","@graph":[{"@type":"WebPage","@id":"https:\/\/www.inglet.com\/pt-pt\/producto\/plastificadora-xlam-1600-coldhot-special\/","url":"https:\/\/www.inglet.com\/pt-pt\/producto\/plastificadora-xlam-1600-coldhot-special\/","name":"PLASTIFICADORA XLAM 1600 COLD&HOT SPECIAL - INGLET","isPartOf":{"@id":"https:\/\/www.inglet.com\/pt-pt\/#website"},"primaryImageOfPage":{"@id":"https:\/\/www.inglet.com\/pt-pt\/producto\/plastificadora-xlam-1600-coldhot-special\/#primaryimage"},"image":{"@id":"https:\/\/www.inglet.com\/pt-pt\/producto\/plastificadora-xlam-1600-coldhot-special\/#primaryimage"},"thumbnailUrl":"https:\/\/www.inglet.com\/wp-content\/uploads\/2020\/01\/024058.jpg","datePublished":"2020-01-22T18:23:24+00:00","dateModified":"2021-09-08T13:58:33+00:00","breadcrumb":{"@id":"https:\/\/www.inglet.com\/pt-pt\/producto\/plastificadora-xlam-1600-coldhot-special\/#breadcrumb"},"inLanguage":"pt-PT","potentialAction":[{"@type":"ReadAction","target":["https:\/\/www.inglet.com\/pt-pt\/producto\/plastificadora-xlam-1600-coldhot-special\/"]}]},{"@type":"ImageObject","inLanguage":"pt-PT","@id":"https:\/\/www.inglet.com\/pt-pt\/producto\/plastificadora-xlam-1600-coldhot-special\/#primaryimage","url":"https:\/\/www.inglet.com\/wp-content\/uploads\/2020\/01\/024058.jpg","contentUrl":"https:\/\/www.inglet.com\/wp-content\/uploads\/2020\/01\/024058.jpg","width":800,"height":800},{"@type":"BreadcrumbList","@id":"https:\/\/www.inglet.com\/pt-pt\/producto\/plastificadora-xlam-1600-coldhot-special\/#breadcrumb","itemListElement":[{"@type":"ListItem","position":1,"name":"Portada","item":"https:\/\/www.inglet.com\/pt-pt\/"},{"@type":"ListItem","position":2,"name":"Tienda","item":"https:\/\/www.inglet.com\/tienda\/"},{"@type":"ListItem","position":3,"name":"PLASTIFICADORA XLAM 1600 COLD&#038;HOT SPECIAL"}]},{"@type":"WebSite","@id":"https:\/\/www.inglet.com\/pt-pt\/#website","url":"https:\/\/www.inglet.com\/pt-pt\/","name":"INGLET","description":"Suministros para la enmarcaci\u00f3n y la  impresi\u00f3n digital","publisher":{"@id":"https:\/\/www.inglet.com\/pt-pt\/#organization"},"potentialAction":[{"@type":"SearchAction","target":{"@type":"EntryPoint","urlTemplate":"https:\/\/www.inglet.com\/pt-pt\/?s={search_term_string}"},"query-input":{"@type":"PropertyValueSpecification","valueRequired":true,"valueName":"search_term_string"}}],"inLanguage":"pt-PT"},{"@type":"Organization","@id":"https:\/\/www.inglet.com\/pt-pt\/#organization","name":"INGLET, SLU","url":"https:\/\/www.inglet.com\/pt-pt\/","logo":{"@type":"ImageObject","inLanguage":"pt-PT","@id":"https:\/\/www.inglet.com\/pt-pt\/#\/schema\/logo\/image\/","url":"https:\/\/www.inglet.com\/wp-content\/uploads\/2019\/08\/Inglet-Logo.jpg","contentUrl":"https:\/\/www.inglet.com\/wp-content\/uploads\/2019\/08\/Inglet-Logo.jpg","width":264,"height":342,"caption":"INGLET, SLU"},"image":{"@id":"https:\/\/www.inglet.com\/pt-pt\/#\/schema\/logo\/image\/"}}]}},"_links":{"self":[{"href":"https:\/\/www.inglet.com\/pt-pt\/wp-json\/wp\/v2\/product\/33897","targetHints":{"allow":["GET"]}}],"collection":[{"href":"https:\/\/www.inglet.com\/pt-pt\/wp-json\/wp\/v2\/product"}],"about":[{"href":"https:\/\/www.inglet.com\/pt-pt\/wp-json\/wp\/v2\/types\/product"}],"wp:featuredmedia":[{"embeddable":true,"href":"https:\/\/www.inglet.com\/pt-pt\/wp-json\/wp\/v2\/media\/38746"}],"wp:attachment":[{"href":"https:\/\/www.inglet.com\/pt-pt\/wp-json\/wp\/v2\/media?parent=33897"}],"wp:term":[{"taxonomy":"product_brand","embeddable":true,"href":"https:\/\/www.inglet.com\/pt-pt\/wp-json\/wp\/v2\/product_brand?post=33897"},{"taxonomy":"product_cat","embeddable":true,"href":"https:\/\/www.inglet.com\/pt-pt\/wp-json\/wp\/v2\/product_cat?post=33897"},{"taxonomy":"product_tag","embeddable":true,"href":"https:\/\/www.inglet.com\/pt-pt\/wp-json\/wp\/v2\/product_tag?post=33897"}],"curies":[{"name":"wp","href":"https:\/\/api.w.org\/{rel}","templated":true}]}}