{"id":34395,"date":"2020-01-22T19:23:24","date_gmt":"2020-01-22T18:23:24","guid":{"rendered":"http:\/\/www.inglet.com\/producto\/olladora-queen-neumatica-o-12-mm\/"},"modified":"2021-09-08T17:36:42","modified_gmt":"2021-09-08T15:36:42","slug":"perfuradora-queen-pneumatica-o-12-mm","status":"publish","type":"product","link":"https:\/\/www.inglet.com\/pt-pt\/producto\/perfuradora-queen-pneumatica-o-12-mm\/","title":{"rendered":"PERFURADORA QUEEN PNEUM\u00c1TICA, \u00f8 12 mm"},"content":{"rendered":"<p><strong>M\u00e1quina compacta com ilh\u00f3s pneum\u00e1tico para fixar ilh\u00f3s<\/strong><br \/>\n\u2022 Numa \u00fanica ac\u00e7\u00e3o, faz o buraco e fixa o ilh\u00f3 ao mesmo tempo.<br \/>\n\u2022 Ideal para lonas vin\u00edlicas e outros materiais pl\u00e1sticos<br \/>\n\u2022 Ecr\u00e3 de seguran\u00e7a para proteger a \u00e1rea de coloca\u00e7\u00e3o.<br \/>\n\u2022 Possibilidade de trabalhar com tr\u00eas tamanhos \u00d88, \u00d812 e \u00d816 mm (s\u00e3o necess\u00e1rios bicos adicionais).<br \/>\n\u2022 N\u00e3o recomendado para os t\u00eaxteis, pode criar rugas.<br \/>\n\u2022 Coloca\u00e7\u00e3o constante de ilh\u00f3s ao longo do dia, com a m\u00e1quina de ilh\u00f3s manual a coloca\u00e7\u00e3o depende do esfor\u00e7o do operador.<\/p>\n","protected":false},"excerpt":{"rendered":"<p>M\u00e1quina compacta com ilh\u00f3s pneum\u00e1tico para fixar ilh\u00f3s \u2022 Numa \u00fanica ac\u00e7\u00e3o, faz o buraco e fixa o ilh\u00f3 ao [&hellip;]<\/p>\n","protected":false},"featured_media":38782,"template":"","meta":{"_sitemap_exclude":false,"_sitemap_priority":"","_sitemap_frequency":"","_monsterinsights_skip_tracking":false,"_monsterinsights_sitenote_active":false,"_monsterinsights_sitenote_note":"","_monsterinsights_sitenote_category":0},"product_brand":[],"product_cat":[509],"product_tag":[],"class_list":{"0":"post-34395","1":"product","2":"type-product","3":"status-publish","4":"has-post-thumbnail","6":"product_cat-furadores-e-olhos","8":"first","9":"outofstock","10":"taxable","11":"shipping-taxable","12":"purchasable","13":"product-type-simple"},"yoast_head":"<!-- This site is optimized with the Yoast SEO plugin v24.7 - https:\/\/yoast.com\/wordpress\/plugins\/seo\/ -->\n<title>PERFURADORA QUEEN PNEUM\u00c1TICA, \u00f8 12 mm - INGLET<\/title>\n<meta name=\"robots\" content=\"index, follow, max-snippet:-1, max-image-preview:large, max-video-preview:-1\" \/>\n<link rel=\"canonical\" href=\"https:\/\/www.inglet.com\/pt-pt\/producto\/perfuradora-queen-pneumatica-o-12-mm\/\" \/>\n<meta property=\"og:locale\" content=\"pt_PT\" \/>\n<meta property=\"og:type\" content=\"article\" \/>\n<meta property=\"og:title\" content=\"PERFURADORA QUEEN PNEUM\u00c1TICA, \u00f8 12 mm - INGLET\" \/>\n<meta property=\"og:description\" content=\"M\u00e1quina compacta com ilh\u00f3s pneum\u00e1tico para fixar ilh\u00f3s \u2022 Numa \u00fanica ac\u00e7\u00e3o, faz o buraco e fixa o ilh\u00f3 ao [&hellip;]\" \/>\n<meta property=\"og:url\" content=\"https:\/\/www.inglet.com\/pt-pt\/producto\/perfuradora-queen-pneumatica-o-12-mm\/\" \/>\n<meta property=\"og:site_name\" content=\"INGLET\" \/>\n<meta property=\"article:modified_time\" content=\"2021-09-08T15:36:42+00:00\" \/>\n<meta property=\"og:image\" content=\"https:\/\/www.inglet.com\/wp-content\/uploads\/2020\/01\/029602.jpg\" \/>\n\t<meta property=\"og:image:width\" content=\"800\" \/>\n\t<meta property=\"og:image:height\" content=\"800\" \/>\n\t<meta property=\"og:image:type\" content=\"image\/jpeg\" \/>\n<meta name=\"twitter:card\" content=\"summary_large_image\" \/>\n<script type=\"application\/ld+json\" class=\"yoast-schema-graph\">{\"@context\":\"https:\/\/schema.org\",\"@graph\":[{\"@type\":\"WebPage\",\"@id\":\"https:\/\/www.inglet.com\/pt-pt\/producto\/perfuradora-queen-pneumatica-o-12-mm\/\",\"url\":\"https:\/\/www.inglet.com\/pt-pt\/producto\/perfuradora-queen-pneumatica-o-12-mm\/\",\"name\":\"PERFURADORA QUEEN PNEUM\u00c1TICA, \u00f8 12 mm - INGLET\",\"isPartOf\":{\"@id\":\"https:\/\/www.inglet.com\/pt-pt\/#website\"},\"primaryImageOfPage\":{\"@id\":\"https:\/\/www.inglet.com\/pt-pt\/producto\/perfuradora-queen-pneumatica-o-12-mm\/#primaryimage\"},\"image\":{\"@id\":\"https:\/\/www.inglet.com\/pt-pt\/producto\/perfuradora-queen-pneumatica-o-12-mm\/#primaryimage\"},\"thumbnailUrl\":\"https:\/\/www.inglet.com\/wp-content\/uploads\/2020\/01\/029602.jpg\",\"datePublished\":\"2020-01-22T18:23:24+00:00\",\"dateModified\":\"2021-09-08T15:36:42+00:00\",\"breadcrumb\":{\"@id\":\"https:\/\/www.inglet.com\/pt-pt\/producto\/perfuradora-queen-pneumatica-o-12-mm\/#breadcrumb\"},\"inLanguage\":\"pt-PT\",\"potentialAction\":[{\"@type\":\"ReadAction\",\"target\":[\"https:\/\/www.inglet.com\/pt-pt\/producto\/perfuradora-queen-pneumatica-o-12-mm\/\"]}]},{\"@type\":\"ImageObject\",\"inLanguage\":\"pt-PT\",\"@id\":\"https:\/\/www.inglet.com\/pt-pt\/producto\/perfuradora-queen-pneumatica-o-12-mm\/#primaryimage\",\"url\":\"https:\/\/www.inglet.com\/wp-content\/uploads\/2020\/01\/029602.jpg\",\"contentUrl\":\"https:\/\/www.inglet.com\/wp-content\/uploads\/2020\/01\/029602.jpg\",\"width\":800,\"height\":800},{\"@type\":\"BreadcrumbList\",\"@id\":\"https:\/\/www.inglet.com\/pt-pt\/producto\/perfuradora-queen-pneumatica-o-12-mm\/#breadcrumb\",\"itemListElement\":[{\"@type\":\"ListItem\",\"position\":1,\"name\":\"Portada\",\"item\":\"https:\/\/www.inglet.com\/pt-pt\/\"},{\"@type\":\"ListItem\",\"position\":2,\"name\":\"Tienda\",\"item\":\"https:\/\/www.inglet.com\/tienda\/\"},{\"@type\":\"ListItem\",\"position\":3,\"name\":\"PERFURADORA QUEEN PNEUM\u00c1TICA, \u00f8 12 mm\"}]},{\"@type\":\"WebSite\",\"@id\":\"https:\/\/www.inglet.com\/pt-pt\/#website\",\"url\":\"https:\/\/www.inglet.com\/pt-pt\/\",\"name\":\"INGLET\",\"description\":\"Suministros para la enmarcaci\u00f3n y la  impresi\u00f3n digital\",\"publisher\":{\"@id\":\"https:\/\/www.inglet.com\/pt-pt\/#organization\"},\"potentialAction\":[{\"@type\":\"SearchAction\",\"target\":{\"@type\":\"EntryPoint\",\"urlTemplate\":\"https:\/\/www.inglet.com\/pt-pt\/?s={search_term_string}\"},\"query-input\":{\"@type\":\"PropertyValueSpecification\",\"valueRequired\":true,\"valueName\":\"search_term_string\"}}],\"inLanguage\":\"pt-PT\"},{\"@type\":\"Organization\",\"@id\":\"https:\/\/www.inglet.com\/pt-pt\/#organization\",\"name\":\"INGLET, SLU\",\"url\":\"https:\/\/www.inglet.com\/pt-pt\/\",\"logo\":{\"@type\":\"ImageObject\",\"inLanguage\":\"pt-PT\",\"@id\":\"https:\/\/www.inglet.com\/pt-pt\/#\/schema\/logo\/image\/\",\"url\":\"https:\/\/www.inglet.com\/wp-content\/uploads\/2019\/08\/Inglet-Logo.jpg\",\"contentUrl\":\"https:\/\/www.inglet.com\/wp-content\/uploads\/2019\/08\/Inglet-Logo.jpg\",\"width\":264,\"height\":342,\"caption\":\"INGLET, SLU\"},\"image\":{\"@id\":\"https:\/\/www.inglet.com\/pt-pt\/#\/schema\/logo\/image\/\"}}]}<\/script>\n<!-- \/ Yoast SEO plugin. -->","yoast_head_json":{"title":"PERFURADORA QUEEN PNEUM\u00c1TICA, \u00f8 12 mm - INGLET","robots":{"index":"index","follow":"follow","max-snippet":"max-snippet:-1","max-image-preview":"max-image-preview:large","max-video-preview":"max-video-preview:-1"},"canonical":"https:\/\/www.inglet.com\/pt-pt\/producto\/perfuradora-queen-pneumatica-o-12-mm\/","og_locale":"pt_PT","og_type":"article","og_title":"PERFURADORA QUEEN PNEUM\u00c1TICA, \u00f8 12 mm - INGLET","og_description":"M\u00e1quina compacta com ilh\u00f3s pneum\u00e1tico para fixar ilh\u00f3s \u2022 Numa \u00fanica ac\u00e7\u00e3o, faz o buraco e fixa o ilh\u00f3 ao [&hellip;]","og_url":"https:\/\/www.inglet.com\/pt-pt\/producto\/perfuradora-queen-pneumatica-o-12-mm\/","og_site_name":"INGLET","article_modified_time":"2021-09-08T15:36:42+00:00","og_image":[{"width":800,"height":800,"url":"https:\/\/www.inglet.com\/wp-content\/uploads\/2020\/01\/029602.jpg","type":"image\/jpeg"}],"twitter_card":"summary_large_image","schema":{"@context":"https:\/\/schema.org","@graph":[{"@type":"WebPage","@id":"https:\/\/www.inglet.com\/pt-pt\/producto\/perfuradora-queen-pneumatica-o-12-mm\/","url":"https:\/\/www.inglet.com\/pt-pt\/producto\/perfuradora-queen-pneumatica-o-12-mm\/","name":"PERFURADORA QUEEN PNEUM\u00c1TICA, \u00f8 12 mm - INGLET","isPartOf":{"@id":"https:\/\/www.inglet.com\/pt-pt\/#website"},"primaryImageOfPage":{"@id":"https:\/\/www.inglet.com\/pt-pt\/producto\/perfuradora-queen-pneumatica-o-12-mm\/#primaryimage"},"image":{"@id":"https:\/\/www.inglet.com\/pt-pt\/producto\/perfuradora-queen-pneumatica-o-12-mm\/#primaryimage"},"thumbnailUrl":"https:\/\/www.inglet.com\/wp-content\/uploads\/2020\/01\/029602.jpg","datePublished":"2020-01-22T18:23:24+00:00","dateModified":"2021-09-08T15:36:42+00:00","breadcrumb":{"@id":"https:\/\/www.inglet.com\/pt-pt\/producto\/perfuradora-queen-pneumatica-o-12-mm\/#breadcrumb"},"inLanguage":"pt-PT","potentialAction":[{"@type":"ReadAction","target":["https:\/\/www.inglet.com\/pt-pt\/producto\/perfuradora-queen-pneumatica-o-12-mm\/"]}]},{"@type":"ImageObject","inLanguage":"pt-PT","@id":"https:\/\/www.inglet.com\/pt-pt\/producto\/perfuradora-queen-pneumatica-o-12-mm\/#primaryimage","url":"https:\/\/www.inglet.com\/wp-content\/uploads\/2020\/01\/029602.jpg","contentUrl":"https:\/\/www.inglet.com\/wp-content\/uploads\/2020\/01\/029602.jpg","width":800,"height":800},{"@type":"BreadcrumbList","@id":"https:\/\/www.inglet.com\/pt-pt\/producto\/perfuradora-queen-pneumatica-o-12-mm\/#breadcrumb","itemListElement":[{"@type":"ListItem","position":1,"name":"Portada","item":"https:\/\/www.inglet.com\/pt-pt\/"},{"@type":"ListItem","position":2,"name":"Tienda","item":"https:\/\/www.inglet.com\/tienda\/"},{"@type":"ListItem","position":3,"name":"PERFURADORA QUEEN PNEUM\u00c1TICA, \u00f8 12 mm"}]},{"@type":"WebSite","@id":"https:\/\/www.inglet.com\/pt-pt\/#website","url":"https:\/\/www.inglet.com\/pt-pt\/","name":"INGLET","description":"Suministros para la enmarcaci\u00f3n y la  impresi\u00f3n digital","publisher":{"@id":"https:\/\/www.inglet.com\/pt-pt\/#organization"},"potentialAction":[{"@type":"SearchAction","target":{"@type":"EntryPoint","urlTemplate":"https:\/\/www.inglet.com\/pt-pt\/?s={search_term_string}"},"query-input":{"@type":"PropertyValueSpecification","valueRequired":true,"valueName":"search_term_string"}}],"inLanguage":"pt-PT"},{"@type":"Organization","@id":"https:\/\/www.inglet.com\/pt-pt\/#organization","name":"INGLET, SLU","url":"https:\/\/www.inglet.com\/pt-pt\/","logo":{"@type":"ImageObject","inLanguage":"pt-PT","@id":"https:\/\/www.inglet.com\/pt-pt\/#\/schema\/logo\/image\/","url":"https:\/\/www.inglet.com\/wp-content\/uploads\/2019\/08\/Inglet-Logo.jpg","contentUrl":"https:\/\/www.inglet.com\/wp-content\/uploads\/2019\/08\/Inglet-Logo.jpg","width":264,"height":342,"caption":"INGLET, SLU"},"image":{"@id":"https:\/\/www.inglet.com\/pt-pt\/#\/schema\/logo\/image\/"}}]}},"_links":{"self":[{"href":"https:\/\/www.inglet.com\/pt-pt\/wp-json\/wp\/v2\/product\/34395","targetHints":{"allow":["GET"]}}],"collection":[{"href":"https:\/\/www.inglet.com\/pt-pt\/wp-json\/wp\/v2\/product"}],"about":[{"href":"https:\/\/www.inglet.com\/pt-pt\/wp-json\/wp\/v2\/types\/product"}],"wp:featuredmedia":[{"embeddable":true,"href":"https:\/\/www.inglet.com\/pt-pt\/wp-json\/wp\/v2\/media\/38782"}],"wp:attachment":[{"href":"https:\/\/www.inglet.com\/pt-pt\/wp-json\/wp\/v2\/media?parent=34395"}],"wp:term":[{"taxonomy":"product_brand","embeddable":true,"href":"https:\/\/www.inglet.com\/pt-pt\/wp-json\/wp\/v2\/product_brand?post=34395"},{"taxonomy":"product_cat","embeddable":true,"href":"https:\/\/www.inglet.com\/pt-pt\/wp-json\/wp\/v2\/product_cat?post=34395"},{"taxonomy":"product_tag","embeddable":true,"href":"https:\/\/www.inglet.com\/pt-pt\/wp-json\/wp\/v2\/product_tag?post=34395"}],"curies":[{"name":"wp","href":"https:\/\/api.w.org\/{rel}","templated":true}]}}