{"id":35524,"date":"2020-01-22T19:54:01","date_gmt":"2020-01-22T18:54:01","guid":{"rendered":"http:\/\/www.inglet.com\/producto\/passepartout-800-16-mm-100-x-140-cm\/"},"modified":"2023-02-09T15:58:49","modified_gmt":"2023-02-09T14:58:49","slug":"passepartout-800-16-mm-100-x-140-cm","status":"publish","type":"product","link":"https:\/\/www.inglet.com\/pt-pt\/producto\/passepartout-800-16-mm-100-x-140-cm\/","title":{"rendered":"PASSEPARTOUT 800: 1,6 mm 100 x 140 cm"},"content":{"rendered":"<p><strong>S\u00c9RIE 800<br \/>\nAlma padr\u00e3o, 1.6 mm 100 x 140 cm.<\/strong><\/p>\n<p>Passepartout de pasta de madeira reciclada, branqueada quimicamente, almofadada com 4% (CaCo3) para atingir um valor PH neutro de aproximadamente 8,3 (+\/-0,5). A sua composi\u00e7\u00e3o facilita um corte chanfrado, limpo e preciso. O papel de suporte \u00e9 isento de \u00e1cidos com um PH neutro tamponado com 3% (CaCo3) de aproximadamente 7,8 (+\/-0,5).<\/p>\n<p><strong>Importante:<\/strong> As pastilhas de cor passpartout s\u00e3o apenas para orienta\u00e7\u00e3o e podem n\u00e3o corresponder \u00e0 realidade ou variar em fun\u00e7\u00e3o do dispositivo onde s\u00e3o apresentadas.<\/p>\n<p><strong>Pedido m\u00ednimo:<\/strong> 5 folhas. Podem ser encomendadas sortidas e todas as s\u00e9ries podem ser combinadas.<\/p>\n","protected":false},"excerpt":{"rendered":"<p>S\u00c9RIE 800 Alma padr\u00e3o, 1.6 mm 100 x 140 cm. Passepartout de pasta de madeira reciclada, branqueada quimicamente, almofadada com [&hellip;]<\/p>\n","protected":false},"featured_media":44520,"template":"","meta":{"_sitemap_exclude":false,"_sitemap_priority":"","_sitemap_frequency":"","_monsterinsights_skip_tracking":false,"_monsterinsights_sitenote_active":false,"_monsterinsights_sitenote_note":"","_monsterinsights_sitenote_category":0},"product_brand":[],"product_cat":[787],"product_tag":[],"class_list":{"0":"post-35524","1":"product","2":"type-product","3":"status-publish","4":"has-post-thumbnail","6":"product_cat-passepartout-alma-standard-pt","8":"first","9":"outofstock","10":"taxable","11":"shipping-taxable","12":"product-type-grouped"},"yoast_head":"<!-- This site is optimized with the Yoast SEO plugin v24.7 - https:\/\/yoast.com\/wordpress\/plugins\/seo\/ -->\n<title>PASSEPARTOUT 800: 1,6 mm 100 x 140 cm - INGLET<\/title>\n<meta name=\"robots\" content=\"index, follow, max-snippet:-1, max-image-preview:large, max-video-preview:-1\" \/>\n<link rel=\"canonical\" href=\"https:\/\/www.inglet.com\/pt-pt\/producto\/passepartout-800-16-mm-100-x-140-cm\/\" \/>\n<meta property=\"og:locale\" content=\"pt_PT\" \/>\n<meta property=\"og:type\" content=\"article\" \/>\n<meta property=\"og:title\" content=\"PASSEPARTOUT 800: 1,6 mm 100 x 140 cm - INGLET\" \/>\n<meta property=\"og:description\" content=\"S\u00c9RIE 800 Alma padr\u00e3o, 1.6 mm 100 x 140 cm. Passepartout de pasta de madeira reciclada, branqueada quimicamente, almofadada com [&hellip;]\" \/>\n<meta property=\"og:url\" content=\"https:\/\/www.inglet.com\/pt-pt\/producto\/passepartout-800-16-mm-100-x-140-cm\/\" \/>\n<meta property=\"og:site_name\" content=\"INGLET\" \/>\n<meta property=\"article:modified_time\" content=\"2023-02-09T14:58:49+00:00\" \/>\n<meta property=\"og:image\" content=\"https:\/\/www.inglet.com\/wp-content\/uploads\/2020\/01\/P00805P8.jpg\" \/>\n\t<meta property=\"og:image:width\" content=\"800\" \/>\n\t<meta property=\"og:image:height\" content=\"800\" \/>\n\t<meta property=\"og:image:type\" content=\"image\/jpeg\" \/>\n<meta name=\"twitter:card\" content=\"summary_large_image\" \/>\n<meta name=\"twitter:label1\" content=\"Tempo estimado de leitura\" \/>\n\t<meta name=\"twitter:data1\" content=\"1 minuto\" \/>\n<script type=\"application\/ld+json\" class=\"yoast-schema-graph\">{\"@context\":\"https:\/\/schema.org\",\"@graph\":[{\"@type\":\"WebPage\",\"@id\":\"https:\/\/www.inglet.com\/pt-pt\/producto\/passepartout-800-16-mm-100-x-140-cm\/\",\"url\":\"https:\/\/www.inglet.com\/pt-pt\/producto\/passepartout-800-16-mm-100-x-140-cm\/\",\"name\":\"PASSEPARTOUT 800: 1,6 mm 100 x 140 cm - INGLET\",\"isPartOf\":{\"@id\":\"https:\/\/www.inglet.com\/pt-pt\/#website\"},\"primaryImageOfPage\":{\"@id\":\"https:\/\/www.inglet.com\/pt-pt\/producto\/passepartout-800-16-mm-100-x-140-cm\/#primaryimage\"},\"image\":{\"@id\":\"https:\/\/www.inglet.com\/pt-pt\/producto\/passepartout-800-16-mm-100-x-140-cm\/#primaryimage\"},\"thumbnailUrl\":\"https:\/\/www.inglet.com\/wp-content\/uploads\/2020\/01\/P00805P8.jpg\",\"datePublished\":\"2020-01-22T18:54:01+00:00\",\"dateModified\":\"2023-02-09T14:58:49+00:00\",\"breadcrumb\":{\"@id\":\"https:\/\/www.inglet.com\/pt-pt\/producto\/passepartout-800-16-mm-100-x-140-cm\/#breadcrumb\"},\"inLanguage\":\"pt-PT\",\"potentialAction\":[{\"@type\":\"ReadAction\",\"target\":[\"https:\/\/www.inglet.com\/pt-pt\/producto\/passepartout-800-16-mm-100-x-140-cm\/\"]}]},{\"@type\":\"ImageObject\",\"inLanguage\":\"pt-PT\",\"@id\":\"https:\/\/www.inglet.com\/pt-pt\/producto\/passepartout-800-16-mm-100-x-140-cm\/#primaryimage\",\"url\":\"https:\/\/www.inglet.com\/wp-content\/uploads\/2020\/01\/P00805P8.jpg\",\"contentUrl\":\"https:\/\/www.inglet.com\/wp-content\/uploads\/2020\/01\/P00805P8.jpg\",\"width\":800,\"height\":800},{\"@type\":\"BreadcrumbList\",\"@id\":\"https:\/\/www.inglet.com\/pt-pt\/producto\/passepartout-800-16-mm-100-x-140-cm\/#breadcrumb\",\"itemListElement\":[{\"@type\":\"ListItem\",\"position\":1,\"name\":\"Portada\",\"item\":\"https:\/\/www.inglet.com\/pt-pt\/\"},{\"@type\":\"ListItem\",\"position\":2,\"name\":\"Tienda\",\"item\":\"https:\/\/www.inglet.com\/tienda\/\"},{\"@type\":\"ListItem\",\"position\":3,\"name\":\"PASSEPARTOUT 800: 1,6 mm 100 x 140 cm\"}]},{\"@type\":\"WebSite\",\"@id\":\"https:\/\/www.inglet.com\/pt-pt\/#website\",\"url\":\"https:\/\/www.inglet.com\/pt-pt\/\",\"name\":\"INGLET\",\"description\":\"Suministros para la enmarcaci\u00f3n y la  impresi\u00f3n digital\",\"publisher\":{\"@id\":\"https:\/\/www.inglet.com\/pt-pt\/#organization\"},\"potentialAction\":[{\"@type\":\"SearchAction\",\"target\":{\"@type\":\"EntryPoint\",\"urlTemplate\":\"https:\/\/www.inglet.com\/pt-pt\/?s={search_term_string}\"},\"query-input\":{\"@type\":\"PropertyValueSpecification\",\"valueRequired\":true,\"valueName\":\"search_term_string\"}}],\"inLanguage\":\"pt-PT\"},{\"@type\":\"Organization\",\"@id\":\"https:\/\/www.inglet.com\/pt-pt\/#organization\",\"name\":\"INGLET, SLU\",\"url\":\"https:\/\/www.inglet.com\/pt-pt\/\",\"logo\":{\"@type\":\"ImageObject\",\"inLanguage\":\"pt-PT\",\"@id\":\"https:\/\/www.inglet.com\/pt-pt\/#\/schema\/logo\/image\/\",\"url\":\"https:\/\/www.inglet.com\/wp-content\/uploads\/2019\/08\/Inglet-Logo.jpg\",\"contentUrl\":\"https:\/\/www.inglet.com\/wp-content\/uploads\/2019\/08\/Inglet-Logo.jpg\",\"width\":264,\"height\":342,\"caption\":\"INGLET, SLU\"},\"image\":{\"@id\":\"https:\/\/www.inglet.com\/pt-pt\/#\/schema\/logo\/image\/\"}}]}<\/script>\n<!-- \/ Yoast SEO plugin. -->","yoast_head_json":{"title":"PASSEPARTOUT 800: 1,6 mm 100 x 140 cm - INGLET","robots":{"index":"index","follow":"follow","max-snippet":"max-snippet:-1","max-image-preview":"max-image-preview:large","max-video-preview":"max-video-preview:-1"},"canonical":"https:\/\/www.inglet.com\/pt-pt\/producto\/passepartout-800-16-mm-100-x-140-cm\/","og_locale":"pt_PT","og_type":"article","og_title":"PASSEPARTOUT 800: 1,6 mm 100 x 140 cm - INGLET","og_description":"S\u00c9RIE 800 Alma padr\u00e3o, 1.6 mm 100 x 140 cm. Passepartout de pasta de madeira reciclada, branqueada quimicamente, almofadada com [&hellip;]","og_url":"https:\/\/www.inglet.com\/pt-pt\/producto\/passepartout-800-16-mm-100-x-140-cm\/","og_site_name":"INGLET","article_modified_time":"2023-02-09T14:58:49+00:00","og_image":[{"width":800,"height":800,"url":"https:\/\/www.inglet.com\/wp-content\/uploads\/2020\/01\/P00805P8.jpg","type":"image\/jpeg"}],"twitter_card":"summary_large_image","twitter_misc":{"Tempo estimado de leitura":"1 minuto"},"schema":{"@context":"https:\/\/schema.org","@graph":[{"@type":"WebPage","@id":"https:\/\/www.inglet.com\/pt-pt\/producto\/passepartout-800-16-mm-100-x-140-cm\/","url":"https:\/\/www.inglet.com\/pt-pt\/producto\/passepartout-800-16-mm-100-x-140-cm\/","name":"PASSEPARTOUT 800: 1,6 mm 100 x 140 cm - INGLET","isPartOf":{"@id":"https:\/\/www.inglet.com\/pt-pt\/#website"},"primaryImageOfPage":{"@id":"https:\/\/www.inglet.com\/pt-pt\/producto\/passepartout-800-16-mm-100-x-140-cm\/#primaryimage"},"image":{"@id":"https:\/\/www.inglet.com\/pt-pt\/producto\/passepartout-800-16-mm-100-x-140-cm\/#primaryimage"},"thumbnailUrl":"https:\/\/www.inglet.com\/wp-content\/uploads\/2020\/01\/P00805P8.jpg","datePublished":"2020-01-22T18:54:01+00:00","dateModified":"2023-02-09T14:58:49+00:00","breadcrumb":{"@id":"https:\/\/www.inglet.com\/pt-pt\/producto\/passepartout-800-16-mm-100-x-140-cm\/#breadcrumb"},"inLanguage":"pt-PT","potentialAction":[{"@type":"ReadAction","target":["https:\/\/www.inglet.com\/pt-pt\/producto\/passepartout-800-16-mm-100-x-140-cm\/"]}]},{"@type":"ImageObject","inLanguage":"pt-PT","@id":"https:\/\/www.inglet.com\/pt-pt\/producto\/passepartout-800-16-mm-100-x-140-cm\/#primaryimage","url":"https:\/\/www.inglet.com\/wp-content\/uploads\/2020\/01\/P00805P8.jpg","contentUrl":"https:\/\/www.inglet.com\/wp-content\/uploads\/2020\/01\/P00805P8.jpg","width":800,"height":800},{"@type":"BreadcrumbList","@id":"https:\/\/www.inglet.com\/pt-pt\/producto\/passepartout-800-16-mm-100-x-140-cm\/#breadcrumb","itemListElement":[{"@type":"ListItem","position":1,"name":"Portada","item":"https:\/\/www.inglet.com\/pt-pt\/"},{"@type":"ListItem","position":2,"name":"Tienda","item":"https:\/\/www.inglet.com\/tienda\/"},{"@type":"ListItem","position":3,"name":"PASSEPARTOUT 800: 1,6 mm 100 x 140 cm"}]},{"@type":"WebSite","@id":"https:\/\/www.inglet.com\/pt-pt\/#website","url":"https:\/\/www.inglet.com\/pt-pt\/","name":"INGLET","description":"Suministros para la enmarcaci\u00f3n y la  impresi\u00f3n digital","publisher":{"@id":"https:\/\/www.inglet.com\/pt-pt\/#organization"},"potentialAction":[{"@type":"SearchAction","target":{"@type":"EntryPoint","urlTemplate":"https:\/\/www.inglet.com\/pt-pt\/?s={search_term_string}"},"query-input":{"@type":"PropertyValueSpecification","valueRequired":true,"valueName":"search_term_string"}}],"inLanguage":"pt-PT"},{"@type":"Organization","@id":"https:\/\/www.inglet.com\/pt-pt\/#organization","name":"INGLET, SLU","url":"https:\/\/www.inglet.com\/pt-pt\/","logo":{"@type":"ImageObject","inLanguage":"pt-PT","@id":"https:\/\/www.inglet.com\/pt-pt\/#\/schema\/logo\/image\/","url":"https:\/\/www.inglet.com\/wp-content\/uploads\/2019\/08\/Inglet-Logo.jpg","contentUrl":"https:\/\/www.inglet.com\/wp-content\/uploads\/2019\/08\/Inglet-Logo.jpg","width":264,"height":342,"caption":"INGLET, SLU"},"image":{"@id":"https:\/\/www.inglet.com\/pt-pt\/#\/schema\/logo\/image\/"}}]}},"_links":{"self":[{"href":"https:\/\/www.inglet.com\/pt-pt\/wp-json\/wp\/v2\/product\/35524","targetHints":{"allow":["GET"]}}],"collection":[{"href":"https:\/\/www.inglet.com\/pt-pt\/wp-json\/wp\/v2\/product"}],"about":[{"href":"https:\/\/www.inglet.com\/pt-pt\/wp-json\/wp\/v2\/types\/product"}],"wp:featuredmedia":[{"embeddable":true,"href":"https:\/\/www.inglet.com\/pt-pt\/wp-json\/wp\/v2\/media\/44520"}],"wp:attachment":[{"href":"https:\/\/www.inglet.com\/pt-pt\/wp-json\/wp\/v2\/media?parent=35524"}],"wp:term":[{"taxonomy":"product_brand","embeddable":true,"href":"https:\/\/www.inglet.com\/pt-pt\/wp-json\/wp\/v2\/product_brand?post=35524"},{"taxonomy":"product_cat","embeddable":true,"href":"https:\/\/www.inglet.com\/pt-pt\/wp-json\/wp\/v2\/product_cat?post=35524"},{"taxonomy":"product_tag","embeddable":true,"href":"https:\/\/www.inglet.com\/pt-pt\/wp-json\/wp\/v2\/product_tag?post=35524"}],"curies":[{"name":"wp","href":"https:\/\/api.w.org\/{rel}","templated":true}]}}