{"id":36727,"date":"2020-01-22T19:49:25","date_gmt":"2020-01-22T18:49:25","guid":{"rendered":"http:\/\/www.inglet.com\/producto\/passepartout-museo-100-algodon-100-x-120-cm\/"},"modified":"2023-04-20T09:35:56","modified_gmt":"2023-04-20T07:35:56","slug":"passepartout-museu-100-algodao-100-x-120-cm","status":"publish","type":"product","link":"https:\/\/www.inglet.com\/pt-pt\/producto\/passepartout-museu-100-algodao-100-x-120-cm\/","title":{"rendered":"PASSEPARTOUT MUSEU 100% ALGOD\u00c3O: 100 x 120 cm"},"content":{"rendered":"<p><strong>S\u00c9RIE MUSEU 100% ALGOD\u00c3O<br \/>\nSem \u00e1cidos, 100 x 120 cm.<\/strong><\/p>\n<p>\u00c9 feito de fibras de algod\u00e3o puro em camadas coladas em juntas neutras do mesmo material com reserva alcalina. Mesmo a \u00e1gua utilizada para o seu fabrico est\u00e1 sujeita a controlos e requisitos rigorosos. Desenvolvido a pedido expresso dos museus para enquadrar e proteger obras valiosas do envelhecimento e da acidifica\u00e7\u00e3o durante s\u00e9culos.<\/p>\n<p><strong>Importante:<\/strong> As pastilhas de cor passepartout s\u00e3o meramente orientativas e podem n\u00e3o corresponder \u00e0 realidade ou variar em fun\u00e7\u00e3o do dispositivo onde s\u00e3o apresentadas.<\/p>\n<p><strong>Pedido m\u00ednimo:<\/strong> 5 folhas. Todas as s\u00e9ries podem ser combinadas.<\/p>\n","protected":false},"excerpt":{"rendered":"<p>S\u00c9RIE MUSEU 100% ALGOD\u00c3O Sem \u00e1cidos, 100 x 120 cm. \u00c9 feito de fibras de algod\u00e3o puro em camadas coladas [&hellip;]<\/p>\n","protected":false},"featured_media":43383,"template":"","meta":{"_sitemap_exclude":false,"_sitemap_priority":"","_sitemap_frequency":"","_monsterinsights_skip_tracking":false,"_monsterinsights_sitenote_active":false,"_monsterinsights_sitenote_note":"","_monsterinsights_sitenote_category":0},"product_brand":[],"product_cat":[793],"product_tag":[],"class_list":{"0":"post-36727","1":"product","2":"type-product","3":"status-publish","4":"has-post-thumbnail","6":"product_cat-passepartout-museu","8":"first","9":"outofstock","10":"taxable","11":"shipping-taxable","12":"product-type-grouped"},"yoast_head":"<!-- This site is optimized with the Yoast SEO plugin v24.7 - https:\/\/yoast.com\/wordpress\/plugins\/seo\/ -->\n<title>PASSEPARTOUT MUSEU 100% ALGOD\u00c3O: 100 x 120 cm - INGLET<\/title>\n<meta name=\"robots\" content=\"index, follow, max-snippet:-1, max-image-preview:large, max-video-preview:-1\" \/>\n<link rel=\"canonical\" href=\"https:\/\/www.inglet.com\/pt-pt\/producto\/passepartout-museu-100-algodao-100-x-120-cm\/\" \/>\n<meta property=\"og:locale\" content=\"pt_PT\" \/>\n<meta property=\"og:type\" content=\"article\" \/>\n<meta property=\"og:title\" content=\"PASSEPARTOUT MUSEU 100% ALGOD\u00c3O: 100 x 120 cm - INGLET\" \/>\n<meta property=\"og:description\" content=\"S\u00c9RIE MUSEU 100% ALGOD\u00c3O Sem \u00e1cidos, 100 x 120 cm. \u00c9 feito de fibras de algod\u00e3o puro em camadas coladas [&hellip;]\" \/>\n<meta property=\"og:url\" content=\"https:\/\/www.inglet.com\/pt-pt\/producto\/passepartout-museu-100-algodao-100-x-120-cm\/\" \/>\n<meta property=\"og:site_name\" content=\"INGLET\" \/>\n<meta property=\"article:modified_time\" content=\"2023-04-20T07:35:56+00:00\" \/>\n<meta property=\"og:image\" content=\"https:\/\/www.inglet.com\/wp-content\/uploads\/2020\/01\/M00148PM.jpg\" \/>\n\t<meta property=\"og:image:width\" content=\"800\" \/>\n\t<meta property=\"og:image:height\" content=\"800\" \/>\n\t<meta property=\"og:image:type\" content=\"image\/jpeg\" \/>\n<meta name=\"twitter:card\" content=\"summary_large_image\" \/>\n<meta name=\"twitter:label1\" content=\"Tempo estimado de leitura\" \/>\n\t<meta name=\"twitter:data1\" content=\"1 minuto\" \/>\n<script type=\"application\/ld+json\" class=\"yoast-schema-graph\">{\"@context\":\"https:\/\/schema.org\",\"@graph\":[{\"@type\":\"WebPage\",\"@id\":\"https:\/\/www.inglet.com\/pt-pt\/producto\/passepartout-museu-100-algodao-100-x-120-cm\/\",\"url\":\"https:\/\/www.inglet.com\/pt-pt\/producto\/passepartout-museu-100-algodao-100-x-120-cm\/\",\"name\":\"PASSEPARTOUT MUSEU 100% ALGOD\u00c3O: 100 x 120 cm - INGLET\",\"isPartOf\":{\"@id\":\"https:\/\/www.inglet.com\/pt-pt\/#website\"},\"primaryImageOfPage\":{\"@id\":\"https:\/\/www.inglet.com\/pt-pt\/producto\/passepartout-museu-100-algodao-100-x-120-cm\/#primaryimage\"},\"image\":{\"@id\":\"https:\/\/www.inglet.com\/pt-pt\/producto\/passepartout-museu-100-algodao-100-x-120-cm\/#primaryimage\"},\"thumbnailUrl\":\"https:\/\/www.inglet.com\/wp-content\/uploads\/2020\/01\/M00148PM.jpg\",\"datePublished\":\"2020-01-22T18:49:25+00:00\",\"dateModified\":\"2023-04-20T07:35:56+00:00\",\"breadcrumb\":{\"@id\":\"https:\/\/www.inglet.com\/pt-pt\/producto\/passepartout-museu-100-algodao-100-x-120-cm\/#breadcrumb\"},\"inLanguage\":\"pt-PT\",\"potentialAction\":[{\"@type\":\"ReadAction\",\"target\":[\"https:\/\/www.inglet.com\/pt-pt\/producto\/passepartout-museu-100-algodao-100-x-120-cm\/\"]}]},{\"@type\":\"ImageObject\",\"inLanguage\":\"pt-PT\",\"@id\":\"https:\/\/www.inglet.com\/pt-pt\/producto\/passepartout-museu-100-algodao-100-x-120-cm\/#primaryimage\",\"url\":\"https:\/\/www.inglet.com\/wp-content\/uploads\/2020\/01\/M00148PM.jpg\",\"contentUrl\":\"https:\/\/www.inglet.com\/wp-content\/uploads\/2020\/01\/M00148PM.jpg\",\"width\":800,\"height\":800},{\"@type\":\"BreadcrumbList\",\"@id\":\"https:\/\/www.inglet.com\/pt-pt\/producto\/passepartout-museu-100-algodao-100-x-120-cm\/#breadcrumb\",\"itemListElement\":[{\"@type\":\"ListItem\",\"position\":1,\"name\":\"Portada\",\"item\":\"https:\/\/www.inglet.com\/pt-pt\/\"},{\"@type\":\"ListItem\",\"position\":2,\"name\":\"Tienda\",\"item\":\"https:\/\/www.inglet.com\/tienda\/\"},{\"@type\":\"ListItem\",\"position\":3,\"name\":\"PASSEPARTOUT MUSEU 100% ALGOD\u00c3O: 100 x 120 cm\"}]},{\"@type\":\"WebSite\",\"@id\":\"https:\/\/www.inglet.com\/pt-pt\/#website\",\"url\":\"https:\/\/www.inglet.com\/pt-pt\/\",\"name\":\"INGLET\",\"description\":\"Suministros para la enmarcaci\u00f3n y la  impresi\u00f3n digital\",\"publisher\":{\"@id\":\"https:\/\/www.inglet.com\/pt-pt\/#organization\"},\"potentialAction\":[{\"@type\":\"SearchAction\",\"target\":{\"@type\":\"EntryPoint\",\"urlTemplate\":\"https:\/\/www.inglet.com\/pt-pt\/?s={search_term_string}\"},\"query-input\":{\"@type\":\"PropertyValueSpecification\",\"valueRequired\":true,\"valueName\":\"search_term_string\"}}],\"inLanguage\":\"pt-PT\"},{\"@type\":\"Organization\",\"@id\":\"https:\/\/www.inglet.com\/pt-pt\/#organization\",\"name\":\"INGLET, SLU\",\"url\":\"https:\/\/www.inglet.com\/pt-pt\/\",\"logo\":{\"@type\":\"ImageObject\",\"inLanguage\":\"pt-PT\",\"@id\":\"https:\/\/www.inglet.com\/pt-pt\/#\/schema\/logo\/image\/\",\"url\":\"https:\/\/www.inglet.com\/wp-content\/uploads\/2019\/08\/Inglet-Logo.jpg\",\"contentUrl\":\"https:\/\/www.inglet.com\/wp-content\/uploads\/2019\/08\/Inglet-Logo.jpg\",\"width\":264,\"height\":342,\"caption\":\"INGLET, SLU\"},\"image\":{\"@id\":\"https:\/\/www.inglet.com\/pt-pt\/#\/schema\/logo\/image\/\"}}]}<\/script>\n<!-- \/ Yoast SEO plugin. -->","yoast_head_json":{"title":"PASSEPARTOUT MUSEU 100% ALGOD\u00c3O: 100 x 120 cm - INGLET","robots":{"index":"index","follow":"follow","max-snippet":"max-snippet:-1","max-image-preview":"max-image-preview:large","max-video-preview":"max-video-preview:-1"},"canonical":"https:\/\/www.inglet.com\/pt-pt\/producto\/passepartout-museu-100-algodao-100-x-120-cm\/","og_locale":"pt_PT","og_type":"article","og_title":"PASSEPARTOUT MUSEU 100% ALGOD\u00c3O: 100 x 120 cm - INGLET","og_description":"S\u00c9RIE MUSEU 100% ALGOD\u00c3O Sem \u00e1cidos, 100 x 120 cm. \u00c9 feito de fibras de algod\u00e3o puro em camadas coladas [&hellip;]","og_url":"https:\/\/www.inglet.com\/pt-pt\/producto\/passepartout-museu-100-algodao-100-x-120-cm\/","og_site_name":"INGLET","article_modified_time":"2023-04-20T07:35:56+00:00","og_image":[{"width":800,"height":800,"url":"https:\/\/www.inglet.com\/wp-content\/uploads\/2020\/01\/M00148PM.jpg","type":"image\/jpeg"}],"twitter_card":"summary_large_image","twitter_misc":{"Tempo estimado de leitura":"1 minuto"},"schema":{"@context":"https:\/\/schema.org","@graph":[{"@type":"WebPage","@id":"https:\/\/www.inglet.com\/pt-pt\/producto\/passepartout-museu-100-algodao-100-x-120-cm\/","url":"https:\/\/www.inglet.com\/pt-pt\/producto\/passepartout-museu-100-algodao-100-x-120-cm\/","name":"PASSEPARTOUT MUSEU 100% ALGOD\u00c3O: 100 x 120 cm - INGLET","isPartOf":{"@id":"https:\/\/www.inglet.com\/pt-pt\/#website"},"primaryImageOfPage":{"@id":"https:\/\/www.inglet.com\/pt-pt\/producto\/passepartout-museu-100-algodao-100-x-120-cm\/#primaryimage"},"image":{"@id":"https:\/\/www.inglet.com\/pt-pt\/producto\/passepartout-museu-100-algodao-100-x-120-cm\/#primaryimage"},"thumbnailUrl":"https:\/\/www.inglet.com\/wp-content\/uploads\/2020\/01\/M00148PM.jpg","datePublished":"2020-01-22T18:49:25+00:00","dateModified":"2023-04-20T07:35:56+00:00","breadcrumb":{"@id":"https:\/\/www.inglet.com\/pt-pt\/producto\/passepartout-museu-100-algodao-100-x-120-cm\/#breadcrumb"},"inLanguage":"pt-PT","potentialAction":[{"@type":"ReadAction","target":["https:\/\/www.inglet.com\/pt-pt\/producto\/passepartout-museu-100-algodao-100-x-120-cm\/"]}]},{"@type":"ImageObject","inLanguage":"pt-PT","@id":"https:\/\/www.inglet.com\/pt-pt\/producto\/passepartout-museu-100-algodao-100-x-120-cm\/#primaryimage","url":"https:\/\/www.inglet.com\/wp-content\/uploads\/2020\/01\/M00148PM.jpg","contentUrl":"https:\/\/www.inglet.com\/wp-content\/uploads\/2020\/01\/M00148PM.jpg","width":800,"height":800},{"@type":"BreadcrumbList","@id":"https:\/\/www.inglet.com\/pt-pt\/producto\/passepartout-museu-100-algodao-100-x-120-cm\/#breadcrumb","itemListElement":[{"@type":"ListItem","position":1,"name":"Portada","item":"https:\/\/www.inglet.com\/pt-pt\/"},{"@type":"ListItem","position":2,"name":"Tienda","item":"https:\/\/www.inglet.com\/tienda\/"},{"@type":"ListItem","position":3,"name":"PASSEPARTOUT MUSEU 100% ALGOD\u00c3O: 100 x 120 cm"}]},{"@type":"WebSite","@id":"https:\/\/www.inglet.com\/pt-pt\/#website","url":"https:\/\/www.inglet.com\/pt-pt\/","name":"INGLET","description":"Suministros para la enmarcaci\u00f3n y la  impresi\u00f3n digital","publisher":{"@id":"https:\/\/www.inglet.com\/pt-pt\/#organization"},"potentialAction":[{"@type":"SearchAction","target":{"@type":"EntryPoint","urlTemplate":"https:\/\/www.inglet.com\/pt-pt\/?s={search_term_string}"},"query-input":{"@type":"PropertyValueSpecification","valueRequired":true,"valueName":"search_term_string"}}],"inLanguage":"pt-PT"},{"@type":"Organization","@id":"https:\/\/www.inglet.com\/pt-pt\/#organization","name":"INGLET, SLU","url":"https:\/\/www.inglet.com\/pt-pt\/","logo":{"@type":"ImageObject","inLanguage":"pt-PT","@id":"https:\/\/www.inglet.com\/pt-pt\/#\/schema\/logo\/image\/","url":"https:\/\/www.inglet.com\/wp-content\/uploads\/2019\/08\/Inglet-Logo.jpg","contentUrl":"https:\/\/www.inglet.com\/wp-content\/uploads\/2019\/08\/Inglet-Logo.jpg","width":264,"height":342,"caption":"INGLET, SLU"},"image":{"@id":"https:\/\/www.inglet.com\/pt-pt\/#\/schema\/logo\/image\/"}}]}},"_links":{"self":[{"href":"https:\/\/www.inglet.com\/pt-pt\/wp-json\/wp\/v2\/product\/36727","targetHints":{"allow":["GET"]}}],"collection":[{"href":"https:\/\/www.inglet.com\/pt-pt\/wp-json\/wp\/v2\/product"}],"about":[{"href":"https:\/\/www.inglet.com\/pt-pt\/wp-json\/wp\/v2\/types\/product"}],"wp:featuredmedia":[{"embeddable":true,"href":"https:\/\/www.inglet.com\/pt-pt\/wp-json\/wp\/v2\/media\/43383"}],"wp:attachment":[{"href":"https:\/\/www.inglet.com\/pt-pt\/wp-json\/wp\/v2\/media?parent=36727"}],"wp:term":[{"taxonomy":"product_brand","embeddable":true,"href":"https:\/\/www.inglet.com\/pt-pt\/wp-json\/wp\/v2\/product_brand?post=36727"},{"taxonomy":"product_cat","embeddable":true,"href":"https:\/\/www.inglet.com\/pt-pt\/wp-json\/wp\/v2\/product_cat?post=36727"},{"taxonomy":"product_tag","embeddable":true,"href":"https:\/\/www.inglet.com\/pt-pt\/wp-json\/wp\/v2\/product_tag?post=36727"}],"curies":[{"name":"wp","href":"https:\/\/api.w.org\/{rel}","templated":true}]}}