{"id":38425,"date":"2020-01-22T19:41:44","date_gmt":"2020-01-22T18:41:44","guid":{"rendered":"http:\/\/www.inglet.com\/producto\/vidrio-acrilico-antirreflejo-truvue-optium-museo-99\/"},"modified":"2023-12-22T08:46:06","modified_gmt":"2023-12-22T07:46:06","slug":"vidro-acrilico-antirreflexo-truvue-optium-museu-99","status":"publish","type":"product","link":"https:\/\/www.inglet.com\/pt-pt\/producto\/vidro-acrilico-antirreflexo-truvue-optium-museu-99\/","title":{"rendered":"VIDRO ACR\u00cdLICO ANTIRREFLEXO TRUVUE OPTIUM MUSEU 99%"},"content":{"rendered":"<p><strong>O vidro acr\u00edlico antirreflexo Optium para museus<\/strong> \u00e9 um material inovador e de alta qualidade concebido especialmente para aplica\u00e7\u00f5es em museus e molduras de arte. Conhecido pela sua elevada resist\u00eancia a riscos e \u00e0 acumula\u00e7\u00e3o de est\u00e1tica, \u00e9 a escolha ideal para proteger e expor obras de arte de valor inestim\u00e1vel.<\/p>\n<p>Al\u00e9m disso, o vidro acr\u00edlico Optium para museus \u00e9 antirreflexo, o que o torna perfeito para aplica\u00e7\u00f5es em ambientes com muita luz. Ao reduzir os reflexos, permite uma visibilidade clara e sem distor\u00e7\u00f5es da obra de arte exposta, o que \u00e9 essencial para preservar a sua integridade e beleza.<\/p>\n<p>Este vidro acr\u00edlico \u00e9 tamb\u00e9m muito dur\u00e1vel e resistente, o que o torna ideal para aplica\u00e7\u00f5es de molduras de grandes dimens\u00f5es para evitar os problemas de peso ou de quebra que podem ocorrer quando se utiliza vidro. Ao contr\u00e1rio de outros materiais, como o vidro convencional, o vidro acr\u00edlico Optium \u00e9 muito mais leve e resistente ao impacto, o que torna mais f\u00e1cil e seguro o seu manuseamento e montagem.<\/p>\n<p>Em termos de qualidade \u00f3tica, \u00e9 impressionante. Oferece uma transmiss\u00e3o de luz superior e reduz os reflexos, permitindo uma experi\u00eancia de visualiza\u00e7\u00e3o mais n\u00edtida e detalhada das obras de arte em exposi\u00e7\u00e3o.<\/p>\n<p>O Tru Vue Optium Museum Acrylic\u00ae oferece uma tranquilidade quase total h\u00e1 mais de 20 anos. Este acr\u00edlico praticamente invis\u00edvel e n\u00e3o refletor tem um desempenho semelhante ao do vidro e supera a concorr\u00eancia em tr\u00eas \u00e1reas cr\u00edticas: dureza, durabilidade e neutralidade da cor. O nosso processo, o nosso revestimento e os nossos rigorosos controlos de qualidade provaram a sua efic\u00e1cia. Isto explica por que raz\u00e3o os museus mais famosos do mundo confiam no Optium Museum Acrylic para preservar e proteger as suas obras de arte, o seu patrim\u00f3nio cultural e a sua reputa\u00e7\u00e3o.<\/p>\n<p>Assista a <strong><a href=\"https:\/\/www.inglet.com\/wp-content\/uploads\/2020\/01\/M99-01684_OMA_Comparativa_Flyer-ESP.pdf\" target=\"_blank\" rel=\"noopener\">esta demonstra\u00e7\u00e3o<\/a><\/strong>\u00a0para ver porque \u00e9 que nada se compara ao Optium Museum Acrylic.<\/p>\n","protected":false},"excerpt":{"rendered":"<p>O vidro acr\u00edlico antirreflexo Optium para museus \u00e9 um material inovador e de alta qualidade concebido especialmente para aplica\u00e7\u00f5es em [&hellip;]<\/p>\n","protected":false},"featured_media":41727,"template":"","meta":{"_sitemap_exclude":false,"_sitemap_priority":"","_sitemap_frequency":"","_monsterinsights_skip_tracking":false,"_monsterinsights_sitenote_active":false,"_monsterinsights_sitenote_note":"","_monsterinsights_sitenote_category":0},"product_brand":[],"product_cat":[850],"product_tag":[],"class_list":{"0":"post-38425","1":"product","2":"type-product","3":"status-publish","4":"has-post-thumbnail","6":"product_cat-vidro-e-acrilicos-museu-tru-vue","8":"first","9":"outofstock","10":"taxable","11":"shipping-taxable","12":"product-type-grouped"},"yoast_head":"<!-- This site is optimized with the Yoast SEO plugin v24.7 - https:\/\/yoast.com\/wordpress\/plugins\/seo\/ -->\n<title>VIDRO ACR\u00cdLICO ANTIRREFLEXO TRUVUE OPTIUM MUSEU 99% - INGLET<\/title>\n<meta name=\"robots\" content=\"index, follow, max-snippet:-1, max-image-preview:large, max-video-preview:-1\" \/>\n<link rel=\"canonical\" href=\"https:\/\/www.inglet.com\/pt-pt\/producto\/vidro-acrilico-antirreflexo-truvue-optium-museu-99\/\" \/>\n<meta property=\"og:locale\" content=\"pt_PT\" \/>\n<meta property=\"og:type\" content=\"article\" \/>\n<meta property=\"og:title\" content=\"VIDRO ACR\u00cdLICO ANTIRREFLEXO TRUVUE OPTIUM MUSEU 99% - INGLET\" \/>\n<meta property=\"og:description\" content=\"O vidro acr\u00edlico antirreflexo Optium para museus \u00e9 um material inovador e de alta qualidade concebido especialmente para aplica\u00e7\u00f5es em [&hellip;]\" \/>\n<meta property=\"og:url\" content=\"https:\/\/www.inglet.com\/pt-pt\/producto\/vidro-acrilico-antirreflexo-truvue-optium-museu-99\/\" \/>\n<meta property=\"og:site_name\" content=\"INGLET\" \/>\n<meta property=\"article:modified_time\" content=\"2023-12-22T07:46:06+00:00\" \/>\n<meta property=\"og:image\" content=\"https:\/\/www.inglet.com\/wp-content\/uploads\/2020\/01\/410034.jpg\" \/>\n\t<meta property=\"og:image:width\" content=\"800\" \/>\n\t<meta property=\"og:image:height\" content=\"800\" \/>\n\t<meta property=\"og:image:type\" content=\"image\/jpeg\" \/>\n<meta name=\"twitter:card\" content=\"summary_large_image\" \/>\n<meta name=\"twitter:label1\" content=\"Tempo estimado de leitura\" \/>\n\t<meta name=\"twitter:data1\" content=\"2 minutos\" \/>\n<script type=\"application\/ld+json\" class=\"yoast-schema-graph\">{\"@context\":\"https:\/\/schema.org\",\"@graph\":[{\"@type\":\"WebPage\",\"@id\":\"https:\/\/www.inglet.com\/pt-pt\/producto\/vidro-acrilico-antirreflexo-truvue-optium-museu-99\/\",\"url\":\"https:\/\/www.inglet.com\/pt-pt\/producto\/vidro-acrilico-antirreflexo-truvue-optium-museu-99\/\",\"name\":\"VIDRO ACR\u00cdLICO ANTIRREFLEXO TRUVUE OPTIUM MUSEU 99% - INGLET\",\"isPartOf\":{\"@id\":\"https:\/\/www.inglet.com\/pt-pt\/#website\"},\"primaryImageOfPage\":{\"@id\":\"https:\/\/www.inglet.com\/pt-pt\/producto\/vidro-acrilico-antirreflexo-truvue-optium-museu-99\/#primaryimage\"},\"image\":{\"@id\":\"https:\/\/www.inglet.com\/pt-pt\/producto\/vidro-acrilico-antirreflexo-truvue-optium-museu-99\/#primaryimage\"},\"thumbnailUrl\":\"https:\/\/www.inglet.com\/wp-content\/uploads\/2020\/01\/410034.jpg\",\"datePublished\":\"2020-01-22T18:41:44+00:00\",\"dateModified\":\"2023-12-22T07:46:06+00:00\",\"breadcrumb\":{\"@id\":\"https:\/\/www.inglet.com\/pt-pt\/producto\/vidro-acrilico-antirreflexo-truvue-optium-museu-99\/#breadcrumb\"},\"inLanguage\":\"pt-PT\",\"potentialAction\":[{\"@type\":\"ReadAction\",\"target\":[\"https:\/\/www.inglet.com\/pt-pt\/producto\/vidro-acrilico-antirreflexo-truvue-optium-museu-99\/\"]}]},{\"@type\":\"ImageObject\",\"inLanguage\":\"pt-PT\",\"@id\":\"https:\/\/www.inglet.com\/pt-pt\/producto\/vidro-acrilico-antirreflexo-truvue-optium-museu-99\/#primaryimage\",\"url\":\"https:\/\/www.inglet.com\/wp-content\/uploads\/2020\/01\/410034.jpg\",\"contentUrl\":\"https:\/\/www.inglet.com\/wp-content\/uploads\/2020\/01\/410034.jpg\",\"width\":800,\"height\":800,\"caption\":\"Vidrio acr\u00edlico museo antirreflejo Optium Tru Vue\"},{\"@type\":\"BreadcrumbList\",\"@id\":\"https:\/\/www.inglet.com\/pt-pt\/producto\/vidro-acrilico-antirreflexo-truvue-optium-museu-99\/#breadcrumb\",\"itemListElement\":[{\"@type\":\"ListItem\",\"position\":1,\"name\":\"Portada\",\"item\":\"https:\/\/www.inglet.com\/pt-pt\/\"},{\"@type\":\"ListItem\",\"position\":2,\"name\":\"Tienda\",\"item\":\"https:\/\/www.inglet.com\/tienda\/\"},{\"@type\":\"ListItem\",\"position\":3,\"name\":\"VIDRO ACR\u00cdLICO ANTIRREFLEXO TRUVUE OPTIUM MUSEU 99%\"}]},{\"@type\":\"WebSite\",\"@id\":\"https:\/\/www.inglet.com\/pt-pt\/#website\",\"url\":\"https:\/\/www.inglet.com\/pt-pt\/\",\"name\":\"INGLET\",\"description\":\"Suministros para la enmarcaci\u00f3n y la  impresi\u00f3n digital\",\"publisher\":{\"@id\":\"https:\/\/www.inglet.com\/pt-pt\/#organization\"},\"potentialAction\":[{\"@type\":\"SearchAction\",\"target\":{\"@type\":\"EntryPoint\",\"urlTemplate\":\"https:\/\/www.inglet.com\/pt-pt\/?s={search_term_string}\"},\"query-input\":{\"@type\":\"PropertyValueSpecification\",\"valueRequired\":true,\"valueName\":\"search_term_string\"}}],\"inLanguage\":\"pt-PT\"},{\"@type\":\"Organization\",\"@id\":\"https:\/\/www.inglet.com\/pt-pt\/#organization\",\"name\":\"INGLET, SLU\",\"url\":\"https:\/\/www.inglet.com\/pt-pt\/\",\"logo\":{\"@type\":\"ImageObject\",\"inLanguage\":\"pt-PT\",\"@id\":\"https:\/\/www.inglet.com\/pt-pt\/#\/schema\/logo\/image\/\",\"url\":\"https:\/\/www.inglet.com\/wp-content\/uploads\/2019\/08\/Inglet-Logo.jpg\",\"contentUrl\":\"https:\/\/www.inglet.com\/wp-content\/uploads\/2019\/08\/Inglet-Logo.jpg\",\"width\":264,\"height\":342,\"caption\":\"INGLET, SLU\"},\"image\":{\"@id\":\"https:\/\/www.inglet.com\/pt-pt\/#\/schema\/logo\/image\/\"}}]}<\/script>\n<!-- \/ Yoast SEO plugin. -->","yoast_head_json":{"title":"VIDRO ACR\u00cdLICO ANTIRREFLEXO TRUVUE OPTIUM MUSEU 99% - INGLET","robots":{"index":"index","follow":"follow","max-snippet":"max-snippet:-1","max-image-preview":"max-image-preview:large","max-video-preview":"max-video-preview:-1"},"canonical":"https:\/\/www.inglet.com\/pt-pt\/producto\/vidro-acrilico-antirreflexo-truvue-optium-museu-99\/","og_locale":"pt_PT","og_type":"article","og_title":"VIDRO ACR\u00cdLICO ANTIRREFLEXO TRUVUE OPTIUM MUSEU 99% - INGLET","og_description":"O vidro acr\u00edlico antirreflexo Optium para museus \u00e9 um material inovador e de alta qualidade concebido especialmente para aplica\u00e7\u00f5es em [&hellip;]","og_url":"https:\/\/www.inglet.com\/pt-pt\/producto\/vidro-acrilico-antirreflexo-truvue-optium-museu-99\/","og_site_name":"INGLET","article_modified_time":"2023-12-22T07:46:06+00:00","og_image":[{"width":800,"height":800,"url":"https:\/\/www.inglet.com\/wp-content\/uploads\/2020\/01\/410034.jpg","type":"image\/jpeg"}],"twitter_card":"summary_large_image","twitter_misc":{"Tempo estimado de leitura":"2 minutos"},"schema":{"@context":"https:\/\/schema.org","@graph":[{"@type":"WebPage","@id":"https:\/\/www.inglet.com\/pt-pt\/producto\/vidro-acrilico-antirreflexo-truvue-optium-museu-99\/","url":"https:\/\/www.inglet.com\/pt-pt\/producto\/vidro-acrilico-antirreflexo-truvue-optium-museu-99\/","name":"VIDRO ACR\u00cdLICO ANTIRREFLEXO TRUVUE OPTIUM MUSEU 99% - INGLET","isPartOf":{"@id":"https:\/\/www.inglet.com\/pt-pt\/#website"},"primaryImageOfPage":{"@id":"https:\/\/www.inglet.com\/pt-pt\/producto\/vidro-acrilico-antirreflexo-truvue-optium-museu-99\/#primaryimage"},"image":{"@id":"https:\/\/www.inglet.com\/pt-pt\/producto\/vidro-acrilico-antirreflexo-truvue-optium-museu-99\/#primaryimage"},"thumbnailUrl":"https:\/\/www.inglet.com\/wp-content\/uploads\/2020\/01\/410034.jpg","datePublished":"2020-01-22T18:41:44+00:00","dateModified":"2023-12-22T07:46:06+00:00","breadcrumb":{"@id":"https:\/\/www.inglet.com\/pt-pt\/producto\/vidro-acrilico-antirreflexo-truvue-optium-museu-99\/#breadcrumb"},"inLanguage":"pt-PT","potentialAction":[{"@type":"ReadAction","target":["https:\/\/www.inglet.com\/pt-pt\/producto\/vidro-acrilico-antirreflexo-truvue-optium-museu-99\/"]}]},{"@type":"ImageObject","inLanguage":"pt-PT","@id":"https:\/\/www.inglet.com\/pt-pt\/producto\/vidro-acrilico-antirreflexo-truvue-optium-museu-99\/#primaryimage","url":"https:\/\/www.inglet.com\/wp-content\/uploads\/2020\/01\/410034.jpg","contentUrl":"https:\/\/www.inglet.com\/wp-content\/uploads\/2020\/01\/410034.jpg","width":800,"height":800,"caption":"Vidrio acr\u00edlico museo antirreflejo Optium Tru Vue"},{"@type":"BreadcrumbList","@id":"https:\/\/www.inglet.com\/pt-pt\/producto\/vidro-acrilico-antirreflexo-truvue-optium-museu-99\/#breadcrumb","itemListElement":[{"@type":"ListItem","position":1,"name":"Portada","item":"https:\/\/www.inglet.com\/pt-pt\/"},{"@type":"ListItem","position":2,"name":"Tienda","item":"https:\/\/www.inglet.com\/tienda\/"},{"@type":"ListItem","position":3,"name":"VIDRO ACR\u00cdLICO ANTIRREFLEXO TRUVUE OPTIUM MUSEU 99%"}]},{"@type":"WebSite","@id":"https:\/\/www.inglet.com\/pt-pt\/#website","url":"https:\/\/www.inglet.com\/pt-pt\/","name":"INGLET","description":"Suministros para la enmarcaci\u00f3n y la  impresi\u00f3n digital","publisher":{"@id":"https:\/\/www.inglet.com\/pt-pt\/#organization"},"potentialAction":[{"@type":"SearchAction","target":{"@type":"EntryPoint","urlTemplate":"https:\/\/www.inglet.com\/pt-pt\/?s={search_term_string}"},"query-input":{"@type":"PropertyValueSpecification","valueRequired":true,"valueName":"search_term_string"}}],"inLanguage":"pt-PT"},{"@type":"Organization","@id":"https:\/\/www.inglet.com\/pt-pt\/#organization","name":"INGLET, SLU","url":"https:\/\/www.inglet.com\/pt-pt\/","logo":{"@type":"ImageObject","inLanguage":"pt-PT","@id":"https:\/\/www.inglet.com\/pt-pt\/#\/schema\/logo\/image\/","url":"https:\/\/www.inglet.com\/wp-content\/uploads\/2019\/08\/Inglet-Logo.jpg","contentUrl":"https:\/\/www.inglet.com\/wp-content\/uploads\/2019\/08\/Inglet-Logo.jpg","width":264,"height":342,"caption":"INGLET, SLU"},"image":{"@id":"https:\/\/www.inglet.com\/pt-pt\/#\/schema\/logo\/image\/"}}]}},"_links":{"self":[{"href":"https:\/\/www.inglet.com\/pt-pt\/wp-json\/wp\/v2\/product\/38425","targetHints":{"allow":["GET"]}}],"collection":[{"href":"https:\/\/www.inglet.com\/pt-pt\/wp-json\/wp\/v2\/product"}],"about":[{"href":"https:\/\/www.inglet.com\/pt-pt\/wp-json\/wp\/v2\/types\/product"}],"wp:featuredmedia":[{"embeddable":true,"href":"https:\/\/www.inglet.com\/pt-pt\/wp-json\/wp\/v2\/media\/41727"}],"wp:attachment":[{"href":"https:\/\/www.inglet.com\/pt-pt\/wp-json\/wp\/v2\/media?parent=38425"}],"wp:term":[{"taxonomy":"product_brand","embeddable":true,"href":"https:\/\/www.inglet.com\/pt-pt\/wp-json\/wp\/v2\/product_brand?post=38425"},{"taxonomy":"product_cat","embeddable":true,"href":"https:\/\/www.inglet.com\/pt-pt\/wp-json\/wp\/v2\/product_cat?post=38425"},{"taxonomy":"product_tag","embeddable":true,"href":"https:\/\/www.inglet.com\/pt-pt\/wp-json\/wp\/v2\/product_tag?post=38425"}],"curies":[{"name":"wp","href":"https:\/\/api.w.org\/{rel}","templated":true}]}}