{"id":45435,"date":"2020-05-25T12:13:22","date_gmt":"2020-05-26T11:54:20","guid":{"rendered":"http:\/\/www.inglet.com\/?post_type=product&#038;p=45435"},"modified":"2022-07-28T16:53:36","modified_gmt":"2022-07-28T14:53:36","slug":"paineis-de-proteccao","status":"publish","type":"product","link":"https:\/\/www.inglet.com\/pt-pt\/producto\/paineis-de-proteccao\/","title":{"rendered":"PAIN\u00c9IS DE PROTEC\u00c7\u00c3O"},"content":{"rendered":"<p><strong>Tem uma loja ou um local que \u00e9 visitado por muitos clientes?<\/strong><br \/>Os nossos ecr\u00e3s de protec\u00e7\u00e3o s\u00e3o perfeitos! Podem ser colocados em p\u00e9 ou no balc\u00e3o e permitem manter uma dist\u00e2ncia segura enquanto se faz o nosso trabalho. No escrit\u00f3rio, crie locais de trabalho seguros para o seu pessoal. Essencial para farm\u00e1cias, tabacarias, supermercados, cl\u00ednicas, gin\u00e1sios, escrit\u00f3rios e todo o tipo de lojas.<\/p>\n<p><strong>Completamente reutiliz\u00e1veis<\/strong><br \/>Uma vez que todas as actividades possam ser novamente realizadas, com seguran\u00e7a e sem telas de protec\u00e7\u00e3o, os perfis de alum\u00ednio podem ser reutilizados. Equipe-os com t\u00eaxteis impressos atractivos e use-os para exibir publicidade convincente para promover os seus produtos num local de destaque na sua loja. Pode tamb\u00e9m transform\u00e1-los em deflectores ac\u00fasticos decorados com uma impress\u00e3o atractiva.<\/p>\n<p><strong>Armazenamento compacto<\/strong><br \/>Se as divis\u00f3rias n\u00e3o forem utilizadas durante algum tempo, s\u00e3o f\u00e1ceis de desmontar e podem ser armazenadas de forma muito compacta.<\/p>\n<p><strong>Solu\u00e7\u00e3o de alta qualidade<\/strong><br \/>N\u00e3o s\u00e3o constru\u00e7\u00f5es caseiras, mas uma solu\u00e7\u00e3o de alta qualidade e profissionalismo para manter uma dist\u00e2ncia segura entre os seus clientes e o seu pessoal.<\/p>\n<p><strong>Feito \u00e0 medida da sua situa\u00e7\u00e3o<\/strong><br \/>Os nossos ecr\u00e3s de protec\u00e7\u00e3o podem ser feitos \u00e0 medida, para que se enquadrem perfeitamente no seu pr\u00f3prio ambiente.<\/p>\n","protected":false},"excerpt":{"rendered":"<p>Tem uma loja ou um local que \u00e9 visitado por muitos clientes?Os nossos ecr\u00e3s de protec\u00e7\u00e3o s\u00e3o perfeitos! Podem ser [&hellip;]<\/p>\n","protected":false},"featured_media":45399,"template":"","meta":{"_sitemap_exclude":false,"_sitemap_priority":"","_sitemap_frequency":"","_monsterinsights_skip_tracking":false,"_monsterinsights_sitenote_active":false,"_monsterinsights_sitenote_note":"","_monsterinsights_sitenote_category":0},"product_brand":[],"product_cat":[1019],"product_tag":[],"class_list":{"0":"post-45435","1":"product","2":"type-product","3":"status-publish","4":"has-post-thumbnail","6":"product_cat-proteccao","8":"first","9":"instock","10":"taxable","11":"shipping-taxable","12":"product-type-grouped"},"yoast_head":"<!-- This site is optimized with the Yoast SEO plugin v24.7 - https:\/\/yoast.com\/wordpress\/plugins\/seo\/ -->\n<title>PAIN\u00c9IS DE PROTEC\u00c7\u00c3O - INGLET<\/title>\n<meta name=\"robots\" content=\"index, follow, max-snippet:-1, max-image-preview:large, max-video-preview:-1\" \/>\n<link rel=\"canonical\" href=\"https:\/\/www.inglet.com\/pt-pt\/producto\/paineis-de-proteccao\/\" \/>\n<meta property=\"og:locale\" content=\"pt_PT\" \/>\n<meta property=\"og:type\" content=\"article\" \/>\n<meta property=\"og:title\" content=\"PAIN\u00c9IS DE PROTEC\u00c7\u00c3O - INGLET\" \/>\n<meta property=\"og:description\" content=\"Tem uma loja ou um local que \u00e9 visitado por muitos clientes?Os nossos ecr\u00e3s de protec\u00e7\u00e3o s\u00e3o perfeitos! Podem ser [&hellip;]\" \/>\n<meta property=\"og:url\" content=\"https:\/\/www.inglet.com\/pt-pt\/producto\/paineis-de-proteccao\/\" \/>\n<meta property=\"og:site_name\" content=\"INGLET\" \/>\n<meta property=\"article:modified_time\" content=\"2022-07-28T14:53:36+00:00\" \/>\n<meta property=\"og:image\" content=\"https:\/\/www.inglet.com\/wp-content\/uploads\/2020\/05\/558190-91-92_Web.jpg\" \/>\n\t<meta property=\"og:image:width\" content=\"800\" \/>\n\t<meta property=\"og:image:height\" content=\"800\" \/>\n\t<meta property=\"og:image:type\" content=\"image\/jpeg\" \/>\n<meta name=\"twitter:card\" content=\"summary_large_image\" \/>\n<meta name=\"twitter:label1\" content=\"Tempo estimado de leitura\" \/>\n\t<meta name=\"twitter:data1\" content=\"1 minuto\" \/>\n<script type=\"application\/ld+json\" class=\"yoast-schema-graph\">{\"@context\":\"https:\/\/schema.org\",\"@graph\":[{\"@type\":\"WebPage\",\"@id\":\"https:\/\/www.inglet.com\/pt-pt\/producto\/paineis-de-proteccao\/\",\"url\":\"https:\/\/www.inglet.com\/pt-pt\/producto\/paineis-de-proteccao\/\",\"name\":\"PAIN\u00c9IS DE PROTEC\u00c7\u00c3O - INGLET\",\"isPartOf\":{\"@id\":\"https:\/\/www.inglet.com\/pt-pt\/#website\"},\"primaryImageOfPage\":{\"@id\":\"https:\/\/www.inglet.com\/pt-pt\/producto\/paineis-de-proteccao\/#primaryimage\"},\"image\":{\"@id\":\"https:\/\/www.inglet.com\/pt-pt\/producto\/paineis-de-proteccao\/#primaryimage\"},\"thumbnailUrl\":\"https:\/\/www.inglet.com\/wp-content\/uploads\/2020\/05\/558190-91-92_Web.jpg\",\"datePublished\":\"2020-05-26T11:54:20+00:00\",\"dateModified\":\"2022-07-28T14:53:36+00:00\",\"breadcrumb\":{\"@id\":\"https:\/\/www.inglet.com\/pt-pt\/producto\/paineis-de-proteccao\/#breadcrumb\"},\"inLanguage\":\"pt-PT\",\"potentialAction\":[{\"@type\":\"ReadAction\",\"target\":[\"https:\/\/www.inglet.com\/pt-pt\/producto\/paineis-de-proteccao\/\"]}]},{\"@type\":\"ImageObject\",\"inLanguage\":\"pt-PT\",\"@id\":\"https:\/\/www.inglet.com\/pt-pt\/producto\/paineis-de-proteccao\/#primaryimage\",\"url\":\"https:\/\/www.inglet.com\/wp-content\/uploads\/2020\/05\/558190-91-92_Web.jpg\",\"contentUrl\":\"https:\/\/www.inglet.com\/wp-content\/uploads\/2020\/05\/558190-91-92_Web.jpg\",\"width\":800,\"height\":800},{\"@type\":\"BreadcrumbList\",\"@id\":\"https:\/\/www.inglet.com\/pt-pt\/producto\/paineis-de-proteccao\/#breadcrumb\",\"itemListElement\":[{\"@type\":\"ListItem\",\"position\":1,\"name\":\"Portada\",\"item\":\"https:\/\/www.inglet.com\/pt-pt\/\"},{\"@type\":\"ListItem\",\"position\":2,\"name\":\"Tienda\",\"item\":\"https:\/\/www.inglet.com\/tienda\/\"},{\"@type\":\"ListItem\",\"position\":3,\"name\":\"PAIN\u00c9IS DE PROTEC\u00c7\u00c3O\"}]},{\"@type\":\"WebSite\",\"@id\":\"https:\/\/www.inglet.com\/pt-pt\/#website\",\"url\":\"https:\/\/www.inglet.com\/pt-pt\/\",\"name\":\"INGLET\",\"description\":\"Suministros para la enmarcaci\u00f3n y la  impresi\u00f3n digital\",\"publisher\":{\"@id\":\"https:\/\/www.inglet.com\/pt-pt\/#organization\"},\"potentialAction\":[{\"@type\":\"SearchAction\",\"target\":{\"@type\":\"EntryPoint\",\"urlTemplate\":\"https:\/\/www.inglet.com\/pt-pt\/?s={search_term_string}\"},\"query-input\":{\"@type\":\"PropertyValueSpecification\",\"valueRequired\":true,\"valueName\":\"search_term_string\"}}],\"inLanguage\":\"pt-PT\"},{\"@type\":\"Organization\",\"@id\":\"https:\/\/www.inglet.com\/pt-pt\/#organization\",\"name\":\"INGLET, SLU\",\"url\":\"https:\/\/www.inglet.com\/pt-pt\/\",\"logo\":{\"@type\":\"ImageObject\",\"inLanguage\":\"pt-PT\",\"@id\":\"https:\/\/www.inglet.com\/pt-pt\/#\/schema\/logo\/image\/\",\"url\":\"https:\/\/www.inglet.com\/wp-content\/uploads\/2019\/08\/Inglet-Logo.jpg\",\"contentUrl\":\"https:\/\/www.inglet.com\/wp-content\/uploads\/2019\/08\/Inglet-Logo.jpg\",\"width\":264,\"height\":342,\"caption\":\"INGLET, SLU\"},\"image\":{\"@id\":\"https:\/\/www.inglet.com\/pt-pt\/#\/schema\/logo\/image\/\"}}]}<\/script>\n<!-- \/ Yoast SEO plugin. -->","yoast_head_json":{"title":"PAIN\u00c9IS DE PROTEC\u00c7\u00c3O - INGLET","robots":{"index":"index","follow":"follow","max-snippet":"max-snippet:-1","max-image-preview":"max-image-preview:large","max-video-preview":"max-video-preview:-1"},"canonical":"https:\/\/www.inglet.com\/pt-pt\/producto\/paineis-de-proteccao\/","og_locale":"pt_PT","og_type":"article","og_title":"PAIN\u00c9IS DE PROTEC\u00c7\u00c3O - INGLET","og_description":"Tem uma loja ou um local que \u00e9 visitado por muitos clientes?Os nossos ecr\u00e3s de protec\u00e7\u00e3o s\u00e3o perfeitos! Podem ser [&hellip;]","og_url":"https:\/\/www.inglet.com\/pt-pt\/producto\/paineis-de-proteccao\/","og_site_name":"INGLET","article_modified_time":"2022-07-28T14:53:36+00:00","og_image":[{"width":800,"height":800,"url":"https:\/\/www.inglet.com\/wp-content\/uploads\/2020\/05\/558190-91-92_Web.jpg","type":"image\/jpeg"}],"twitter_card":"summary_large_image","twitter_misc":{"Tempo estimado de leitura":"1 minuto"},"schema":{"@context":"https:\/\/schema.org","@graph":[{"@type":"WebPage","@id":"https:\/\/www.inglet.com\/pt-pt\/producto\/paineis-de-proteccao\/","url":"https:\/\/www.inglet.com\/pt-pt\/producto\/paineis-de-proteccao\/","name":"PAIN\u00c9IS DE PROTEC\u00c7\u00c3O - INGLET","isPartOf":{"@id":"https:\/\/www.inglet.com\/pt-pt\/#website"},"primaryImageOfPage":{"@id":"https:\/\/www.inglet.com\/pt-pt\/producto\/paineis-de-proteccao\/#primaryimage"},"image":{"@id":"https:\/\/www.inglet.com\/pt-pt\/producto\/paineis-de-proteccao\/#primaryimage"},"thumbnailUrl":"https:\/\/www.inglet.com\/wp-content\/uploads\/2020\/05\/558190-91-92_Web.jpg","datePublished":"2020-05-26T11:54:20+00:00","dateModified":"2022-07-28T14:53:36+00:00","breadcrumb":{"@id":"https:\/\/www.inglet.com\/pt-pt\/producto\/paineis-de-proteccao\/#breadcrumb"},"inLanguage":"pt-PT","potentialAction":[{"@type":"ReadAction","target":["https:\/\/www.inglet.com\/pt-pt\/producto\/paineis-de-proteccao\/"]}]},{"@type":"ImageObject","inLanguage":"pt-PT","@id":"https:\/\/www.inglet.com\/pt-pt\/producto\/paineis-de-proteccao\/#primaryimage","url":"https:\/\/www.inglet.com\/wp-content\/uploads\/2020\/05\/558190-91-92_Web.jpg","contentUrl":"https:\/\/www.inglet.com\/wp-content\/uploads\/2020\/05\/558190-91-92_Web.jpg","width":800,"height":800},{"@type":"BreadcrumbList","@id":"https:\/\/www.inglet.com\/pt-pt\/producto\/paineis-de-proteccao\/#breadcrumb","itemListElement":[{"@type":"ListItem","position":1,"name":"Portada","item":"https:\/\/www.inglet.com\/pt-pt\/"},{"@type":"ListItem","position":2,"name":"Tienda","item":"https:\/\/www.inglet.com\/tienda\/"},{"@type":"ListItem","position":3,"name":"PAIN\u00c9IS DE PROTEC\u00c7\u00c3O"}]},{"@type":"WebSite","@id":"https:\/\/www.inglet.com\/pt-pt\/#website","url":"https:\/\/www.inglet.com\/pt-pt\/","name":"INGLET","description":"Suministros para la enmarcaci\u00f3n y la  impresi\u00f3n digital","publisher":{"@id":"https:\/\/www.inglet.com\/pt-pt\/#organization"},"potentialAction":[{"@type":"SearchAction","target":{"@type":"EntryPoint","urlTemplate":"https:\/\/www.inglet.com\/pt-pt\/?s={search_term_string}"},"query-input":{"@type":"PropertyValueSpecification","valueRequired":true,"valueName":"search_term_string"}}],"inLanguage":"pt-PT"},{"@type":"Organization","@id":"https:\/\/www.inglet.com\/pt-pt\/#organization","name":"INGLET, SLU","url":"https:\/\/www.inglet.com\/pt-pt\/","logo":{"@type":"ImageObject","inLanguage":"pt-PT","@id":"https:\/\/www.inglet.com\/pt-pt\/#\/schema\/logo\/image\/","url":"https:\/\/www.inglet.com\/wp-content\/uploads\/2019\/08\/Inglet-Logo.jpg","contentUrl":"https:\/\/www.inglet.com\/wp-content\/uploads\/2019\/08\/Inglet-Logo.jpg","width":264,"height":342,"caption":"INGLET, SLU"},"image":{"@id":"https:\/\/www.inglet.com\/pt-pt\/#\/schema\/logo\/image\/"}}]}},"_links":{"self":[{"href":"https:\/\/www.inglet.com\/pt-pt\/wp-json\/wp\/v2\/product\/45435","targetHints":{"allow":["GET"]}}],"collection":[{"href":"https:\/\/www.inglet.com\/pt-pt\/wp-json\/wp\/v2\/product"}],"about":[{"href":"https:\/\/www.inglet.com\/pt-pt\/wp-json\/wp\/v2\/types\/product"}],"wp:featuredmedia":[{"embeddable":true,"href":"https:\/\/www.inglet.com\/pt-pt\/wp-json\/wp\/v2\/media\/45399"}],"wp:attachment":[{"href":"https:\/\/www.inglet.com\/pt-pt\/wp-json\/wp\/v2\/media?parent=45435"}],"wp:term":[{"taxonomy":"product_brand","embeddable":true,"href":"https:\/\/www.inglet.com\/pt-pt\/wp-json\/wp\/v2\/product_brand?post=45435"},{"taxonomy":"product_cat","embeddable":true,"href":"https:\/\/www.inglet.com\/pt-pt\/wp-json\/wp\/v2\/product_cat?post=45435"},{"taxonomy":"product_tag","embeddable":true,"href":"https:\/\/www.inglet.com\/pt-pt\/wp-json\/wp\/v2\/product_tag?post=45435"}],"curies":[{"name":"wp","href":"https:\/\/api.w.org\/{rel}","templated":true}]}}