{"id":48521,"date":"2020-09-16T09:47:56","date_gmt":"2020-09-16T07:47:56","guid":{"rendered":"https:\/\/www.inglet.com\/producto\/compresor-silencioso-1-hp-50-litros\/"},"modified":"2022-11-01T23:00:22","modified_gmt":"2022-11-01T22:00:22","slug":"compresor-silencioso-bambi-1-hp-50-litros","status":"publish","type":"product","link":"https:\/\/www.inglet.com\/pt-pt\/producto\/compresor-silencioso-bambi-1-hp-50-litros\/","title":{"rendered":"COMPRESSOR SILENCIOSO BAMBI, 1 HP -50 litros-"},"content":{"rendered":"<p><strong>A gama econ\u00f3mica de compressores silenciosos Bambi<\/strong> foi desenvolvida para os utilizadores que requerem um ru\u00eddo ultra baixo e um fluxo de ar relativamente pequeno. Com n\u00edveis sonoros t\u00e3o baixos quanto 40 dB e quase sem vibra\u00e7\u00f5es durante o funcionamento, os compressores econ\u00f3micos Bambi podem ser colocados no local de trabalho sem causar qualquer intrus\u00e3o sonora.<\/p>\n<p>Concebida para requerer manuten\u00e7\u00e3o m\u00ednima e assegurar anos de utiliza\u00e7\u00e3o sem problemas, a nossa vasta gama satisfaz as necessidades de muitas aplica\u00e7\u00f5es, incluindo: aerografia, stands de exposi\u00e7\u00e3o, distribui\u00e7\u00e3o de cola, controlos pneum\u00e1ticos ou agrafagem em qualquer lugar onde seja necess\u00e1rio ar comprimido silencioso!<\/p>\n<p>Cada modelo da gama tem as seguintes caracter\u00edsticas como padr\u00e3o:<\/p>\n<p>\u2022 Receptor de ar revestido internamente<br \/>\n\u2022 Controlo do n\u00edvel de \u00f3leo Clearview.<br \/>\n\u2022 Tampa de enchimento de \u00f3leo f\u00e1cil de usar.<br \/>\n\u2022 Filtro de sa\u00edda de 10 m\u00edcrons e regula\u00e7\u00e3o ajust\u00e1vel da press\u00e3o.<\/p>\n<p>E porque s\u00e3o constru\u00eddos pela Bambi, a qualidade, a facilidade de utiliza\u00e7\u00e3o e a fiabilidade v\u00eam como padr\u00e3o em todos os modelos. Uma extensa garantia que se estende at\u00e9 3 anos no receptor de ar garante a tranquilidade que, combinada com o nosso pacote mundial de servi\u00e7os p\u00f3s-venda, garante que fez a escolha certa ao escolher a Bambi.<\/p>\n","protected":false},"excerpt":{"rendered":"<p>A gama econ\u00f3mica de compressores silenciosos Bambi foi desenvolvida para os utilizadores que requerem um ru\u00eddo ultra baixo e um [&hellip;]<\/p>\n","protected":false},"featured_media":48520,"template":"","meta":{"_sitemap_exclude":false,"_sitemap_priority":"","_sitemap_frequency":"","_monsterinsights_skip_tracking":false,"_monsterinsights_sitenote_active":false,"_monsterinsights_sitenote_note":"","_monsterinsights_sitenote_category":0},"product_brand":[],"product_cat":[1077],"product_tag":[],"class_list":{"0":"post-48521","1":"product","2":"type-product","3":"status-publish","4":"has-post-thumbnail","6":"product_cat-compressores","8":"first","9":"outofstock","10":"taxable","11":"shipping-taxable","12":"purchasable","13":"product-type-simple"},"yoast_head":"<!-- This site is optimized with the Yoast SEO plugin v24.7 - https:\/\/yoast.com\/wordpress\/plugins\/seo\/ -->\n<title>COMPRESSOR SILENCIOSO BAMBI, 1 HP -50 litros- INGLET<\/title>\n<meta name=\"robots\" content=\"index, follow, max-snippet:-1, max-image-preview:large, max-video-preview:-1\" \/>\n<link rel=\"canonical\" href=\"https:\/\/www.inglet.com\/pt-pt\/producto\/compresor-silencioso-bambi-1-hp-50-litros\/\" \/>\n<meta property=\"og:locale\" content=\"pt_PT\" \/>\n<meta property=\"og:type\" content=\"article\" \/>\n<meta property=\"og:title\" content=\"COMPRESSOR SILENCIOSO BAMBI, 1 HP -50 litros- INGLET\" \/>\n<meta property=\"og:description\" content=\"A gama econ\u00f3mica de compressores silenciosos Bambi foi desenvolvida para os utilizadores que requerem um ru\u00eddo ultra baixo e um [&hellip;]\" \/>\n<meta property=\"og:url\" content=\"https:\/\/www.inglet.com\/pt-pt\/producto\/compresor-silencioso-bambi-1-hp-50-litros\/\" \/>\n<meta property=\"og:site_name\" content=\"INGLET\" \/>\n<meta property=\"article:modified_time\" content=\"2022-11-01T22:00:22+00:00\" \/>\n<meta property=\"og:image\" content=\"https:\/\/www.inglet.com\/wp-content\/uploads\/2020\/09\/020942_Web.jpg\" \/>\n\t<meta property=\"og:image:width\" content=\"945\" \/>\n\t<meta property=\"og:image:height\" content=\"945\" \/>\n\t<meta property=\"og:image:type\" content=\"image\/jpeg\" \/>\n<meta name=\"twitter:card\" content=\"summary_large_image\" \/>\n<meta name=\"twitter:label1\" content=\"Tempo estimado de leitura\" \/>\n\t<meta name=\"twitter:data1\" content=\"1 minuto\" \/>\n<script type=\"application\/ld+json\" class=\"yoast-schema-graph\">{\"@context\":\"https:\/\/schema.org\",\"@graph\":[{\"@type\":\"WebPage\",\"@id\":\"https:\/\/www.inglet.com\/pt-pt\/producto\/compresor-silencioso-bambi-1-hp-50-litros\/\",\"url\":\"https:\/\/www.inglet.com\/pt-pt\/producto\/compresor-silencioso-bambi-1-hp-50-litros\/\",\"name\":\"COMPRESSOR SILENCIOSO BAMBI, 1 HP -50 litros- INGLET\",\"isPartOf\":{\"@id\":\"https:\/\/www.inglet.com\/pt-pt\/#website\"},\"primaryImageOfPage\":{\"@id\":\"https:\/\/www.inglet.com\/pt-pt\/producto\/compresor-silencioso-bambi-1-hp-50-litros\/#primaryimage\"},\"image\":{\"@id\":\"https:\/\/www.inglet.com\/pt-pt\/producto\/compresor-silencioso-bambi-1-hp-50-litros\/#primaryimage\"},\"thumbnailUrl\":\"https:\/\/www.inglet.com\/wp-content\/uploads\/2020\/09\/020942_Web.jpg\",\"datePublished\":\"2020-09-16T07:47:56+00:00\",\"dateModified\":\"2022-11-01T22:00:22+00:00\",\"breadcrumb\":{\"@id\":\"https:\/\/www.inglet.com\/pt-pt\/producto\/compresor-silencioso-bambi-1-hp-50-litros\/#breadcrumb\"},\"inLanguage\":\"pt-PT\",\"potentialAction\":[{\"@type\":\"ReadAction\",\"target\":[\"https:\/\/www.inglet.com\/pt-pt\/producto\/compresor-silencioso-bambi-1-hp-50-litros\/\"]}]},{\"@type\":\"ImageObject\",\"inLanguage\":\"pt-PT\",\"@id\":\"https:\/\/www.inglet.com\/pt-pt\/producto\/compresor-silencioso-bambi-1-hp-50-litros\/#primaryimage\",\"url\":\"https:\/\/www.inglet.com\/wp-content\/uploads\/2020\/09\/020942_Web.jpg\",\"contentUrl\":\"https:\/\/www.inglet.com\/wp-content\/uploads\/2020\/09\/020942_Web.jpg\",\"width\":945,\"height\":945},{\"@type\":\"BreadcrumbList\",\"@id\":\"https:\/\/www.inglet.com\/pt-pt\/producto\/compresor-silencioso-bambi-1-hp-50-litros\/#breadcrumb\",\"itemListElement\":[{\"@type\":\"ListItem\",\"position\":1,\"name\":\"Portada\",\"item\":\"https:\/\/www.inglet.com\/pt-pt\/\"},{\"@type\":\"ListItem\",\"position\":2,\"name\":\"Tienda\",\"item\":\"https:\/\/www.inglet.com\/tienda\/\"},{\"@type\":\"ListItem\",\"position\":3,\"name\":\"COMPRESSOR SILENCIOSO BAMBI, 1 HP -50 litros-\"}]},{\"@type\":\"WebSite\",\"@id\":\"https:\/\/www.inglet.com\/pt-pt\/#website\",\"url\":\"https:\/\/www.inglet.com\/pt-pt\/\",\"name\":\"INGLET\",\"description\":\"Suministros para la enmarcaci\u00f3n y la  impresi\u00f3n digital\",\"publisher\":{\"@id\":\"https:\/\/www.inglet.com\/pt-pt\/#organization\"},\"potentialAction\":[{\"@type\":\"SearchAction\",\"target\":{\"@type\":\"EntryPoint\",\"urlTemplate\":\"https:\/\/www.inglet.com\/pt-pt\/?s={search_term_string}\"},\"query-input\":{\"@type\":\"PropertyValueSpecification\",\"valueRequired\":true,\"valueName\":\"search_term_string\"}}],\"inLanguage\":\"pt-PT\"},{\"@type\":\"Organization\",\"@id\":\"https:\/\/www.inglet.com\/pt-pt\/#organization\",\"name\":\"INGLET, SLU\",\"url\":\"https:\/\/www.inglet.com\/pt-pt\/\",\"logo\":{\"@type\":\"ImageObject\",\"inLanguage\":\"pt-PT\",\"@id\":\"https:\/\/www.inglet.com\/pt-pt\/#\/schema\/logo\/image\/\",\"url\":\"https:\/\/www.inglet.com\/wp-content\/uploads\/2019\/08\/Inglet-Logo.jpg\",\"contentUrl\":\"https:\/\/www.inglet.com\/wp-content\/uploads\/2019\/08\/Inglet-Logo.jpg\",\"width\":264,\"height\":342,\"caption\":\"INGLET, SLU\"},\"image\":{\"@id\":\"https:\/\/www.inglet.com\/pt-pt\/#\/schema\/logo\/image\/\"}}]}<\/script>\n<!-- \/ Yoast SEO plugin. -->","yoast_head_json":{"title":"COMPRESSOR SILENCIOSO BAMBI, 1 HP -50 litros- INGLET","robots":{"index":"index","follow":"follow","max-snippet":"max-snippet:-1","max-image-preview":"max-image-preview:large","max-video-preview":"max-video-preview:-1"},"canonical":"https:\/\/www.inglet.com\/pt-pt\/producto\/compresor-silencioso-bambi-1-hp-50-litros\/","og_locale":"pt_PT","og_type":"article","og_title":"COMPRESSOR SILENCIOSO BAMBI, 1 HP -50 litros- INGLET","og_description":"A gama econ\u00f3mica de compressores silenciosos Bambi foi desenvolvida para os utilizadores que requerem um ru\u00eddo ultra baixo e um [&hellip;]","og_url":"https:\/\/www.inglet.com\/pt-pt\/producto\/compresor-silencioso-bambi-1-hp-50-litros\/","og_site_name":"INGLET","article_modified_time":"2022-11-01T22:00:22+00:00","og_image":[{"width":945,"height":945,"url":"https:\/\/www.inglet.com\/wp-content\/uploads\/2020\/09\/020942_Web.jpg","type":"image\/jpeg"}],"twitter_card":"summary_large_image","twitter_misc":{"Tempo estimado de leitura":"1 minuto"},"schema":{"@context":"https:\/\/schema.org","@graph":[{"@type":"WebPage","@id":"https:\/\/www.inglet.com\/pt-pt\/producto\/compresor-silencioso-bambi-1-hp-50-litros\/","url":"https:\/\/www.inglet.com\/pt-pt\/producto\/compresor-silencioso-bambi-1-hp-50-litros\/","name":"COMPRESSOR SILENCIOSO BAMBI, 1 HP -50 litros- INGLET","isPartOf":{"@id":"https:\/\/www.inglet.com\/pt-pt\/#website"},"primaryImageOfPage":{"@id":"https:\/\/www.inglet.com\/pt-pt\/producto\/compresor-silencioso-bambi-1-hp-50-litros\/#primaryimage"},"image":{"@id":"https:\/\/www.inglet.com\/pt-pt\/producto\/compresor-silencioso-bambi-1-hp-50-litros\/#primaryimage"},"thumbnailUrl":"https:\/\/www.inglet.com\/wp-content\/uploads\/2020\/09\/020942_Web.jpg","datePublished":"2020-09-16T07:47:56+00:00","dateModified":"2022-11-01T22:00:22+00:00","breadcrumb":{"@id":"https:\/\/www.inglet.com\/pt-pt\/producto\/compresor-silencioso-bambi-1-hp-50-litros\/#breadcrumb"},"inLanguage":"pt-PT","potentialAction":[{"@type":"ReadAction","target":["https:\/\/www.inglet.com\/pt-pt\/producto\/compresor-silencioso-bambi-1-hp-50-litros\/"]}]},{"@type":"ImageObject","inLanguage":"pt-PT","@id":"https:\/\/www.inglet.com\/pt-pt\/producto\/compresor-silencioso-bambi-1-hp-50-litros\/#primaryimage","url":"https:\/\/www.inglet.com\/wp-content\/uploads\/2020\/09\/020942_Web.jpg","contentUrl":"https:\/\/www.inglet.com\/wp-content\/uploads\/2020\/09\/020942_Web.jpg","width":945,"height":945},{"@type":"BreadcrumbList","@id":"https:\/\/www.inglet.com\/pt-pt\/producto\/compresor-silencioso-bambi-1-hp-50-litros\/#breadcrumb","itemListElement":[{"@type":"ListItem","position":1,"name":"Portada","item":"https:\/\/www.inglet.com\/pt-pt\/"},{"@type":"ListItem","position":2,"name":"Tienda","item":"https:\/\/www.inglet.com\/tienda\/"},{"@type":"ListItem","position":3,"name":"COMPRESSOR SILENCIOSO BAMBI, 1 HP -50 litros-"}]},{"@type":"WebSite","@id":"https:\/\/www.inglet.com\/pt-pt\/#website","url":"https:\/\/www.inglet.com\/pt-pt\/","name":"INGLET","description":"Suministros para la enmarcaci\u00f3n y la  impresi\u00f3n digital","publisher":{"@id":"https:\/\/www.inglet.com\/pt-pt\/#organization"},"potentialAction":[{"@type":"SearchAction","target":{"@type":"EntryPoint","urlTemplate":"https:\/\/www.inglet.com\/pt-pt\/?s={search_term_string}"},"query-input":{"@type":"PropertyValueSpecification","valueRequired":true,"valueName":"search_term_string"}}],"inLanguage":"pt-PT"},{"@type":"Organization","@id":"https:\/\/www.inglet.com\/pt-pt\/#organization","name":"INGLET, SLU","url":"https:\/\/www.inglet.com\/pt-pt\/","logo":{"@type":"ImageObject","inLanguage":"pt-PT","@id":"https:\/\/www.inglet.com\/pt-pt\/#\/schema\/logo\/image\/","url":"https:\/\/www.inglet.com\/wp-content\/uploads\/2019\/08\/Inglet-Logo.jpg","contentUrl":"https:\/\/www.inglet.com\/wp-content\/uploads\/2019\/08\/Inglet-Logo.jpg","width":264,"height":342,"caption":"INGLET, SLU"},"image":{"@id":"https:\/\/www.inglet.com\/pt-pt\/#\/schema\/logo\/image\/"}}]}},"_links":{"self":[{"href":"https:\/\/www.inglet.com\/pt-pt\/wp-json\/wp\/v2\/product\/48521","targetHints":{"allow":["GET"]}}],"collection":[{"href":"https:\/\/www.inglet.com\/pt-pt\/wp-json\/wp\/v2\/product"}],"about":[{"href":"https:\/\/www.inglet.com\/pt-pt\/wp-json\/wp\/v2\/types\/product"}],"wp:featuredmedia":[{"embeddable":true,"href":"https:\/\/www.inglet.com\/pt-pt\/wp-json\/wp\/v2\/media\/48520"}],"wp:attachment":[{"href":"https:\/\/www.inglet.com\/pt-pt\/wp-json\/wp\/v2\/media?parent=48521"}],"wp:term":[{"taxonomy":"product_brand","embeddable":true,"href":"https:\/\/www.inglet.com\/pt-pt\/wp-json\/wp\/v2\/product_brand?post=48521"},{"taxonomy":"product_cat","embeddable":true,"href":"https:\/\/www.inglet.com\/pt-pt\/wp-json\/wp\/v2\/product_cat?post=48521"},{"taxonomy":"product_tag","embeddable":true,"href":"https:\/\/www.inglet.com\/pt-pt\/wp-json\/wp\/v2\/product_tag?post=48521"}],"curies":[{"name":"wp","href":"https:\/\/api.w.org\/{rel}","templated":true}]}}