{"id":52959,"date":"2021-01-05T12:24:31","date_gmt":"2021-01-05T11:24:31","guid":{"rendered":"https:\/\/www.inglet.com\/producto\/pelicula-de-laminacao-couro\/"},"modified":"2023-01-30T17:27:36","modified_gmt":"2023-01-30T16:27:36","slug":"pelicula-para-plastificacao-uv-couro","status":"publish","type":"product","link":"https:\/\/www.inglet.com\/pt-pt\/producto\/pelicula-para-plastificacao-uv-couro\/","title":{"rendered":"PEL\u00cdCULA PARA PLASTIFICA\u00c7\u00c3O UV COURO"},"content":{"rendered":"<p>Pel\u00edcula para plastifica\u00e7\u00e3o a frio com textura de couro, particularmente adequada para o acabamento de estampas &#8220;hist\u00f3ricas&#8221; ou capas de livros.<\/p>\n<p><strong>Espessura do papel:<\/strong> 80 \u00b5m.<br \/>\n<strong>Adesivo:<\/strong> acr\u00edlico solvente.<br \/>\n<strong>Forro:<\/strong> 160\u00b5m.<br \/>\n<strong>Superf\u00edcie:<\/strong> Textura do couro.<br \/>\n<strong>Adequado para:<\/strong> Capas de livros.<\/p>\n","protected":false},"excerpt":{"rendered":"<p>Pel\u00edcula para plastifica\u00e7\u00e3o a frio com textura de couro, particularmente adequada para o acabamento de estampas &#8220;hist\u00f3ricas&#8221; ou capas de [&hellip;]<\/p>\n","protected":false},"featured_media":52958,"template":"","meta":{"_sitemap_exclude":false,"_sitemap_priority":"","_sitemap_frequency":"","_monsterinsights_skip_tracking":false,"_monsterinsights_sitenote_active":false,"_monsterinsights_sitenote_note":"","_monsterinsights_sitenote_category":0},"product_brand":[],"product_cat":[609],"product_tag":[],"class_list":{"0":"post-52959","1":"product","2":"type-product","3":"status-publish","4":"has-post-thumbnail","6":"product_cat-peliculas-hotpress-para-plastificacao-a-frio","8":"first","9":"outofstock","10":"taxable","11":"shipping-taxable","12":"product-type-grouped"},"yoast_head":"<!-- This site is optimized with the Yoast SEO plugin v24.7 - https:\/\/yoast.com\/wordpress\/plugins\/seo\/ -->\n<title>PEL\u00cdCULA PARA PLASTIFICA\u00c7\u00c3O UV COURO - INGLET<\/title>\n<meta name=\"robots\" content=\"index, follow, max-snippet:-1, max-image-preview:large, max-video-preview:-1\" \/>\n<link rel=\"canonical\" href=\"https:\/\/www.inglet.com\/pt-pt\/producto\/pelicula-para-plastificacao-uv-couro\/\" \/>\n<meta property=\"og:locale\" content=\"pt_PT\" \/>\n<meta property=\"og:type\" content=\"article\" \/>\n<meta property=\"og:title\" content=\"PEL\u00cdCULA PARA PLASTIFICA\u00c7\u00c3O UV COURO - INGLET\" \/>\n<meta property=\"og:description\" content=\"Pel\u00edcula para plastifica\u00e7\u00e3o a frio com textura de couro, particularmente adequada para o acabamento de estampas &#8220;hist\u00f3ricas&#8221; ou capas de [&hellip;]\" \/>\n<meta property=\"og:url\" content=\"https:\/\/www.inglet.com\/pt-pt\/producto\/pelicula-para-plastificacao-uv-couro\/\" \/>\n<meta property=\"og:site_name\" content=\"INGLET\" \/>\n<meta property=\"article:modified_time\" content=\"2023-01-30T16:27:36+00:00\" \/>\n<meta property=\"og:image\" content=\"https:\/\/www.inglet.com\/wp-content\/uploads\/2021\/01\/251176_Web.jpg\" \/>\n\t<meta property=\"og:image:width\" content=\"520\" \/>\n\t<meta property=\"og:image:height\" content=\"520\" \/>\n\t<meta property=\"og:image:type\" content=\"image\/jpeg\" \/>\n<meta name=\"twitter:card\" content=\"summary_large_image\" \/>\n<script type=\"application\/ld+json\" class=\"yoast-schema-graph\">{\"@context\":\"https:\/\/schema.org\",\"@graph\":[{\"@type\":\"WebPage\",\"@id\":\"https:\/\/www.inglet.com\/pt-pt\/producto\/pelicula-para-plastificacao-uv-couro\/\",\"url\":\"https:\/\/www.inglet.com\/pt-pt\/producto\/pelicula-para-plastificacao-uv-couro\/\",\"name\":\"PEL\u00cdCULA PARA PLASTIFICA\u00c7\u00c3O UV COURO - INGLET\",\"isPartOf\":{\"@id\":\"https:\/\/www.inglet.com\/pt-pt\/#website\"},\"primaryImageOfPage\":{\"@id\":\"https:\/\/www.inglet.com\/pt-pt\/producto\/pelicula-para-plastificacao-uv-couro\/#primaryimage\"},\"image\":{\"@id\":\"https:\/\/www.inglet.com\/pt-pt\/producto\/pelicula-para-plastificacao-uv-couro\/#primaryimage\"},\"thumbnailUrl\":\"https:\/\/www.inglet.com\/wp-content\/uploads\/2021\/01\/251176_Web.jpg\",\"datePublished\":\"2021-01-05T11:24:31+00:00\",\"dateModified\":\"2023-01-30T16:27:36+00:00\",\"breadcrumb\":{\"@id\":\"https:\/\/www.inglet.com\/pt-pt\/producto\/pelicula-para-plastificacao-uv-couro\/#breadcrumb\"},\"inLanguage\":\"pt-PT\",\"potentialAction\":[{\"@type\":\"ReadAction\",\"target\":[\"https:\/\/www.inglet.com\/pt-pt\/producto\/pelicula-para-plastificacao-uv-couro\/\"]}]},{\"@type\":\"ImageObject\",\"inLanguage\":\"pt-PT\",\"@id\":\"https:\/\/www.inglet.com\/pt-pt\/producto\/pelicula-para-plastificacao-uv-couro\/#primaryimage\",\"url\":\"https:\/\/www.inglet.com\/wp-content\/uploads\/2021\/01\/251176_Web.jpg\",\"contentUrl\":\"https:\/\/www.inglet.com\/wp-content\/uploads\/2021\/01\/251176_Web.jpg\",\"width\":520,\"height\":520},{\"@type\":\"BreadcrumbList\",\"@id\":\"https:\/\/www.inglet.com\/pt-pt\/producto\/pelicula-para-plastificacao-uv-couro\/#breadcrumb\",\"itemListElement\":[{\"@type\":\"ListItem\",\"position\":1,\"name\":\"Portada\",\"item\":\"https:\/\/www.inglet.com\/pt-pt\/\"},{\"@type\":\"ListItem\",\"position\":2,\"name\":\"Tienda\",\"item\":\"https:\/\/www.inglet.com\/tienda\/\"},{\"@type\":\"ListItem\",\"position\":3,\"name\":\"PEL\u00cdCULA PARA PLASTIFICA\u00c7\u00c3O UV COURO\"}]},{\"@type\":\"WebSite\",\"@id\":\"https:\/\/www.inglet.com\/pt-pt\/#website\",\"url\":\"https:\/\/www.inglet.com\/pt-pt\/\",\"name\":\"INGLET\",\"description\":\"Suministros para la enmarcaci\u00f3n y la  impresi\u00f3n digital\",\"publisher\":{\"@id\":\"https:\/\/www.inglet.com\/pt-pt\/#organization\"},\"potentialAction\":[{\"@type\":\"SearchAction\",\"target\":{\"@type\":\"EntryPoint\",\"urlTemplate\":\"https:\/\/www.inglet.com\/pt-pt\/?s={search_term_string}\"},\"query-input\":{\"@type\":\"PropertyValueSpecification\",\"valueRequired\":true,\"valueName\":\"search_term_string\"}}],\"inLanguage\":\"pt-PT\"},{\"@type\":\"Organization\",\"@id\":\"https:\/\/www.inglet.com\/pt-pt\/#organization\",\"name\":\"INGLET, SLU\",\"url\":\"https:\/\/www.inglet.com\/pt-pt\/\",\"logo\":{\"@type\":\"ImageObject\",\"inLanguage\":\"pt-PT\",\"@id\":\"https:\/\/www.inglet.com\/pt-pt\/#\/schema\/logo\/image\/\",\"url\":\"https:\/\/www.inglet.com\/wp-content\/uploads\/2019\/08\/Inglet-Logo.jpg\",\"contentUrl\":\"https:\/\/www.inglet.com\/wp-content\/uploads\/2019\/08\/Inglet-Logo.jpg\",\"width\":264,\"height\":342,\"caption\":\"INGLET, SLU\"},\"image\":{\"@id\":\"https:\/\/www.inglet.com\/pt-pt\/#\/schema\/logo\/image\/\"}}]}<\/script>\n<!-- \/ Yoast SEO plugin. -->","yoast_head_json":{"title":"PEL\u00cdCULA PARA PLASTIFICA\u00c7\u00c3O UV COURO - INGLET","robots":{"index":"index","follow":"follow","max-snippet":"max-snippet:-1","max-image-preview":"max-image-preview:large","max-video-preview":"max-video-preview:-1"},"canonical":"https:\/\/www.inglet.com\/pt-pt\/producto\/pelicula-para-plastificacao-uv-couro\/","og_locale":"pt_PT","og_type":"article","og_title":"PEL\u00cdCULA PARA PLASTIFICA\u00c7\u00c3O UV COURO - INGLET","og_description":"Pel\u00edcula para plastifica\u00e7\u00e3o a frio com textura de couro, particularmente adequada para o acabamento de estampas &#8220;hist\u00f3ricas&#8221; ou capas de [&hellip;]","og_url":"https:\/\/www.inglet.com\/pt-pt\/producto\/pelicula-para-plastificacao-uv-couro\/","og_site_name":"INGLET","article_modified_time":"2023-01-30T16:27:36+00:00","og_image":[{"width":520,"height":520,"url":"https:\/\/www.inglet.com\/wp-content\/uploads\/2021\/01\/251176_Web.jpg","type":"image\/jpeg"}],"twitter_card":"summary_large_image","schema":{"@context":"https:\/\/schema.org","@graph":[{"@type":"WebPage","@id":"https:\/\/www.inglet.com\/pt-pt\/producto\/pelicula-para-plastificacao-uv-couro\/","url":"https:\/\/www.inglet.com\/pt-pt\/producto\/pelicula-para-plastificacao-uv-couro\/","name":"PEL\u00cdCULA PARA PLASTIFICA\u00c7\u00c3O UV COURO - INGLET","isPartOf":{"@id":"https:\/\/www.inglet.com\/pt-pt\/#website"},"primaryImageOfPage":{"@id":"https:\/\/www.inglet.com\/pt-pt\/producto\/pelicula-para-plastificacao-uv-couro\/#primaryimage"},"image":{"@id":"https:\/\/www.inglet.com\/pt-pt\/producto\/pelicula-para-plastificacao-uv-couro\/#primaryimage"},"thumbnailUrl":"https:\/\/www.inglet.com\/wp-content\/uploads\/2021\/01\/251176_Web.jpg","datePublished":"2021-01-05T11:24:31+00:00","dateModified":"2023-01-30T16:27:36+00:00","breadcrumb":{"@id":"https:\/\/www.inglet.com\/pt-pt\/producto\/pelicula-para-plastificacao-uv-couro\/#breadcrumb"},"inLanguage":"pt-PT","potentialAction":[{"@type":"ReadAction","target":["https:\/\/www.inglet.com\/pt-pt\/producto\/pelicula-para-plastificacao-uv-couro\/"]}]},{"@type":"ImageObject","inLanguage":"pt-PT","@id":"https:\/\/www.inglet.com\/pt-pt\/producto\/pelicula-para-plastificacao-uv-couro\/#primaryimage","url":"https:\/\/www.inglet.com\/wp-content\/uploads\/2021\/01\/251176_Web.jpg","contentUrl":"https:\/\/www.inglet.com\/wp-content\/uploads\/2021\/01\/251176_Web.jpg","width":520,"height":520},{"@type":"BreadcrumbList","@id":"https:\/\/www.inglet.com\/pt-pt\/producto\/pelicula-para-plastificacao-uv-couro\/#breadcrumb","itemListElement":[{"@type":"ListItem","position":1,"name":"Portada","item":"https:\/\/www.inglet.com\/pt-pt\/"},{"@type":"ListItem","position":2,"name":"Tienda","item":"https:\/\/www.inglet.com\/tienda\/"},{"@type":"ListItem","position":3,"name":"PEL\u00cdCULA PARA PLASTIFICA\u00c7\u00c3O UV COURO"}]},{"@type":"WebSite","@id":"https:\/\/www.inglet.com\/pt-pt\/#website","url":"https:\/\/www.inglet.com\/pt-pt\/","name":"INGLET","description":"Suministros para la enmarcaci\u00f3n y la  impresi\u00f3n digital","publisher":{"@id":"https:\/\/www.inglet.com\/pt-pt\/#organization"},"potentialAction":[{"@type":"SearchAction","target":{"@type":"EntryPoint","urlTemplate":"https:\/\/www.inglet.com\/pt-pt\/?s={search_term_string}"},"query-input":{"@type":"PropertyValueSpecification","valueRequired":true,"valueName":"search_term_string"}}],"inLanguage":"pt-PT"},{"@type":"Organization","@id":"https:\/\/www.inglet.com\/pt-pt\/#organization","name":"INGLET, SLU","url":"https:\/\/www.inglet.com\/pt-pt\/","logo":{"@type":"ImageObject","inLanguage":"pt-PT","@id":"https:\/\/www.inglet.com\/pt-pt\/#\/schema\/logo\/image\/","url":"https:\/\/www.inglet.com\/wp-content\/uploads\/2019\/08\/Inglet-Logo.jpg","contentUrl":"https:\/\/www.inglet.com\/wp-content\/uploads\/2019\/08\/Inglet-Logo.jpg","width":264,"height":342,"caption":"INGLET, SLU"},"image":{"@id":"https:\/\/www.inglet.com\/pt-pt\/#\/schema\/logo\/image\/"}}]}},"_links":{"self":[{"href":"https:\/\/www.inglet.com\/pt-pt\/wp-json\/wp\/v2\/product\/52959","targetHints":{"allow":["GET"]}}],"collection":[{"href":"https:\/\/www.inglet.com\/pt-pt\/wp-json\/wp\/v2\/product"}],"about":[{"href":"https:\/\/www.inglet.com\/pt-pt\/wp-json\/wp\/v2\/types\/product"}],"wp:featuredmedia":[{"embeddable":true,"href":"https:\/\/www.inglet.com\/pt-pt\/wp-json\/wp\/v2\/media\/52958"}],"wp:attachment":[{"href":"https:\/\/www.inglet.com\/pt-pt\/wp-json\/wp\/v2\/media?parent=52959"}],"wp:term":[{"taxonomy":"product_brand","embeddable":true,"href":"https:\/\/www.inglet.com\/pt-pt\/wp-json\/wp\/v2\/product_brand?post=52959"},{"taxonomy":"product_cat","embeddable":true,"href":"https:\/\/www.inglet.com\/pt-pt\/wp-json\/wp\/v2\/product_cat?post=52959"},{"taxonomy":"product_tag","embeddable":true,"href":"https:\/\/www.inglet.com\/pt-pt\/wp-json\/wp\/v2\/product_tag?post=52959"}],"curies":[{"name":"wp","href":"https:\/\/api.w.org\/{rel}","templated":true}]}}