{"id":53225,"date":"2021-01-18T11:54:54","date_gmt":"2021-01-18T10:54:54","guid":{"rendered":"https:\/\/www.inglet.com\/producto\/plastificadora-xlam-coldhot-2-0\/"},"modified":"2024-11-02T23:01:33","modified_gmt":"2024-11-02T22:01:33","slug":"plastificadora-xlam-1600-coldhot-2-0","status":"publish","type":"product","link":"https:\/\/www.inglet.com\/pt-pt\/producto\/plastificadora-xlam-1600-coldhot-2-0\/","title":{"rendered":"PLASTIFICADORA XLAM 1600 COLD&#038;HOT 2.0"},"content":{"rendered":"<p><strong>Caracter\u00edsticas \u00fanicas!<\/strong><br \/>\nPlastificadora a quente-frio com rolo pneum\u00e1tico de 1600 mm. Sistema de recolha de material inclu\u00eddo. Rolo de silicone a quente de 130 mm. Temperatura m\u00e1xima de 120\u00ba. Espessura do material at\u00e9 30 mm. Muito r\u00e1pida e f\u00e1cil de usar, o que poupa esfor\u00e7o e melhora a produtividade. Com a plastificadora Xlam 1600 Cold&amp;hot 2.0 ir\u00e1 aumentar a qualidade das suas impress\u00f5es com melhor satura\u00e7\u00e3o de cor e desempenho.<\/p>\n<p><strong>Laminagem sem forro<\/strong><br \/>\nGra\u00e7as ao novo poste que facilita a separa\u00e7\u00e3o das lamina\u00e7\u00f5es sem liner.<\/p>\n<p><strong>Alta efici\u00eancia<\/strong><br \/>\nSem rugas ou bolhas, garante excelentes resultados mesmo a temperaturas inferiores a 120\u00b0C. Equipada com um pedal, permite ao operador manter ambas as m\u00e3os livres para laminar os suportes mais largos.<\/p>\n<p><strong>Garantia de seguran\u00e7a<\/strong><br \/>\nO sensor de fotoc\u00e9lulas impede-o de colocar as m\u00e3os perto do rolo durante a lamina\u00e7\u00e3o. O bot\u00e3o de paragem de emerg\u00eancia \u00e9 claramente vis\u00edvel na parte da frente da m\u00e1quina.<\/p>\n","protected":false},"excerpt":{"rendered":"<p>Caracter\u00edsticas \u00fanicas! Plastificadora a quente-frio com rolo pneum\u00e1tico de 1600 mm. Sistema de recolha de material inclu\u00eddo. Rolo de silicone [&hellip;]<\/p>\n","protected":false},"featured_media":53224,"template":"","meta":{"_sitemap_exclude":false,"_sitemap_priority":"","_sitemap_frequency":"","_monsterinsights_skip_tracking":false,"_monsterinsights_sitenote_active":false,"_monsterinsights_sitenote_note":"","_monsterinsights_sitenote_category":0},"product_brand":[],"product_cat":[503],"product_tag":[],"class_list":{"0":"post-53225","1":"product","2":"type-product","3":"status-publish","4":"has-post-thumbnail","6":"product_cat-plastificadoras-xlam","8":"first","9":"outofstock","10":"taxable","11":"shipping-taxable","12":"purchasable","13":"product-type-simple"},"yoast_head":"<!-- This site is optimized with the Yoast SEO plugin v24.7 - https:\/\/yoast.com\/wordpress\/plugins\/seo\/ -->\n<title>PLASTIFICADORA XLAM 1600 COLD&amp;HOT 2.0 - INGLET<\/title>\n<meta name=\"robots\" content=\"index, follow, max-snippet:-1, max-image-preview:large, max-video-preview:-1\" \/>\n<link rel=\"canonical\" href=\"https:\/\/www.inglet.com\/pt-pt\/producto\/plastificadora-xlam-1600-coldhot-2-0\/\" \/>\n<meta property=\"og:locale\" content=\"pt_PT\" \/>\n<meta property=\"og:type\" content=\"article\" \/>\n<meta property=\"og:title\" content=\"PLASTIFICADORA XLAM 1600 COLD&amp;HOT 2.0 - INGLET\" \/>\n<meta property=\"og:description\" content=\"Caracter\u00edsticas \u00fanicas! Plastificadora a quente-frio com rolo pneum\u00e1tico de 1600 mm. Sistema de recolha de material inclu\u00eddo. Rolo de silicone [&hellip;]\" \/>\n<meta property=\"og:url\" content=\"https:\/\/www.inglet.com\/pt-pt\/producto\/plastificadora-xlam-1600-coldhot-2-0\/\" \/>\n<meta property=\"og:site_name\" content=\"INGLET\" \/>\n<meta property=\"article:modified_time\" content=\"2024-11-02T22:01:33+00:00\" \/>\n<meta property=\"og:image\" content=\"https:\/\/www.inglet.com\/wp-content\/uploads\/2021\/01\/024055_Web.jpg\" \/>\n\t<meta property=\"og:image:width\" content=\"800\" \/>\n\t<meta property=\"og:image:height\" content=\"800\" \/>\n\t<meta property=\"og:image:type\" content=\"image\/jpeg\" \/>\n<meta name=\"twitter:card\" content=\"summary_large_image\" \/>\n<meta name=\"twitter:label1\" content=\"Tempo estimado de leitura\" \/>\n\t<meta name=\"twitter:data1\" content=\"1 minuto\" \/>\n<script type=\"application\/ld+json\" class=\"yoast-schema-graph\">{\"@context\":\"https:\/\/schema.org\",\"@graph\":[{\"@type\":\"WebPage\",\"@id\":\"https:\/\/www.inglet.com\/pt-pt\/producto\/plastificadora-xlam-1600-coldhot-2-0\/\",\"url\":\"https:\/\/www.inglet.com\/pt-pt\/producto\/plastificadora-xlam-1600-coldhot-2-0\/\",\"name\":\"PLASTIFICADORA XLAM 1600 COLD&HOT 2.0 - INGLET\",\"isPartOf\":{\"@id\":\"https:\/\/www.inglet.com\/pt-pt\/#website\"},\"primaryImageOfPage\":{\"@id\":\"https:\/\/www.inglet.com\/pt-pt\/producto\/plastificadora-xlam-1600-coldhot-2-0\/#primaryimage\"},\"image\":{\"@id\":\"https:\/\/www.inglet.com\/pt-pt\/producto\/plastificadora-xlam-1600-coldhot-2-0\/#primaryimage\"},\"thumbnailUrl\":\"https:\/\/www.inglet.com\/wp-content\/uploads\/2021\/01\/024055_Web.jpg\",\"datePublished\":\"2021-01-18T10:54:54+00:00\",\"dateModified\":\"2024-11-02T22:01:33+00:00\",\"breadcrumb\":{\"@id\":\"https:\/\/www.inglet.com\/pt-pt\/producto\/plastificadora-xlam-1600-coldhot-2-0\/#breadcrumb\"},\"inLanguage\":\"pt-PT\",\"potentialAction\":[{\"@type\":\"ReadAction\",\"target\":[\"https:\/\/www.inglet.com\/pt-pt\/producto\/plastificadora-xlam-1600-coldhot-2-0\/\"]}]},{\"@type\":\"ImageObject\",\"inLanguage\":\"pt-PT\",\"@id\":\"https:\/\/www.inglet.com\/pt-pt\/producto\/plastificadora-xlam-1600-coldhot-2-0\/#primaryimage\",\"url\":\"https:\/\/www.inglet.com\/wp-content\/uploads\/2021\/01\/024055_Web.jpg\",\"contentUrl\":\"https:\/\/www.inglet.com\/wp-content\/uploads\/2021\/01\/024055_Web.jpg\",\"width\":800,\"height\":800},{\"@type\":\"BreadcrumbList\",\"@id\":\"https:\/\/www.inglet.com\/pt-pt\/producto\/plastificadora-xlam-1600-coldhot-2-0\/#breadcrumb\",\"itemListElement\":[{\"@type\":\"ListItem\",\"position\":1,\"name\":\"Portada\",\"item\":\"https:\/\/www.inglet.com\/pt-pt\/\"},{\"@type\":\"ListItem\",\"position\":2,\"name\":\"Tienda\",\"item\":\"https:\/\/www.inglet.com\/tienda\/\"},{\"@type\":\"ListItem\",\"position\":3,\"name\":\"PLASTIFICADORA XLAM 1600 COLD&#038;HOT 2.0\"}]},{\"@type\":\"WebSite\",\"@id\":\"https:\/\/www.inglet.com\/pt-pt\/#website\",\"url\":\"https:\/\/www.inglet.com\/pt-pt\/\",\"name\":\"INGLET\",\"description\":\"Suministros para la enmarcaci\u00f3n y la  impresi\u00f3n digital\",\"publisher\":{\"@id\":\"https:\/\/www.inglet.com\/pt-pt\/#organization\"},\"potentialAction\":[{\"@type\":\"SearchAction\",\"target\":{\"@type\":\"EntryPoint\",\"urlTemplate\":\"https:\/\/www.inglet.com\/pt-pt\/?s={search_term_string}\"},\"query-input\":{\"@type\":\"PropertyValueSpecification\",\"valueRequired\":true,\"valueName\":\"search_term_string\"}}],\"inLanguage\":\"pt-PT\"},{\"@type\":\"Organization\",\"@id\":\"https:\/\/www.inglet.com\/pt-pt\/#organization\",\"name\":\"INGLET, SLU\",\"url\":\"https:\/\/www.inglet.com\/pt-pt\/\",\"logo\":{\"@type\":\"ImageObject\",\"inLanguage\":\"pt-PT\",\"@id\":\"https:\/\/www.inglet.com\/pt-pt\/#\/schema\/logo\/image\/\",\"url\":\"https:\/\/www.inglet.com\/wp-content\/uploads\/2019\/08\/Inglet-Logo.jpg\",\"contentUrl\":\"https:\/\/www.inglet.com\/wp-content\/uploads\/2019\/08\/Inglet-Logo.jpg\",\"width\":264,\"height\":342,\"caption\":\"INGLET, SLU\"},\"image\":{\"@id\":\"https:\/\/www.inglet.com\/pt-pt\/#\/schema\/logo\/image\/\"}}]}<\/script>\n<!-- \/ Yoast SEO plugin. -->","yoast_head_json":{"title":"PLASTIFICADORA XLAM 1600 COLD&HOT 2.0 - INGLET","robots":{"index":"index","follow":"follow","max-snippet":"max-snippet:-1","max-image-preview":"max-image-preview:large","max-video-preview":"max-video-preview:-1"},"canonical":"https:\/\/www.inglet.com\/pt-pt\/producto\/plastificadora-xlam-1600-coldhot-2-0\/","og_locale":"pt_PT","og_type":"article","og_title":"PLASTIFICADORA XLAM 1600 COLD&HOT 2.0 - INGLET","og_description":"Caracter\u00edsticas \u00fanicas! Plastificadora a quente-frio com rolo pneum\u00e1tico de 1600 mm. Sistema de recolha de material inclu\u00eddo. Rolo de silicone [&hellip;]","og_url":"https:\/\/www.inglet.com\/pt-pt\/producto\/plastificadora-xlam-1600-coldhot-2-0\/","og_site_name":"INGLET","article_modified_time":"2024-11-02T22:01:33+00:00","og_image":[{"width":800,"height":800,"url":"https:\/\/www.inglet.com\/wp-content\/uploads\/2021\/01\/024055_Web.jpg","type":"image\/jpeg"}],"twitter_card":"summary_large_image","twitter_misc":{"Tempo estimado de leitura":"1 minuto"},"schema":{"@context":"https:\/\/schema.org","@graph":[{"@type":"WebPage","@id":"https:\/\/www.inglet.com\/pt-pt\/producto\/plastificadora-xlam-1600-coldhot-2-0\/","url":"https:\/\/www.inglet.com\/pt-pt\/producto\/plastificadora-xlam-1600-coldhot-2-0\/","name":"PLASTIFICADORA XLAM 1600 COLD&HOT 2.0 - INGLET","isPartOf":{"@id":"https:\/\/www.inglet.com\/pt-pt\/#website"},"primaryImageOfPage":{"@id":"https:\/\/www.inglet.com\/pt-pt\/producto\/plastificadora-xlam-1600-coldhot-2-0\/#primaryimage"},"image":{"@id":"https:\/\/www.inglet.com\/pt-pt\/producto\/plastificadora-xlam-1600-coldhot-2-0\/#primaryimage"},"thumbnailUrl":"https:\/\/www.inglet.com\/wp-content\/uploads\/2021\/01\/024055_Web.jpg","datePublished":"2021-01-18T10:54:54+00:00","dateModified":"2024-11-02T22:01:33+00:00","breadcrumb":{"@id":"https:\/\/www.inglet.com\/pt-pt\/producto\/plastificadora-xlam-1600-coldhot-2-0\/#breadcrumb"},"inLanguage":"pt-PT","potentialAction":[{"@type":"ReadAction","target":["https:\/\/www.inglet.com\/pt-pt\/producto\/plastificadora-xlam-1600-coldhot-2-0\/"]}]},{"@type":"ImageObject","inLanguage":"pt-PT","@id":"https:\/\/www.inglet.com\/pt-pt\/producto\/plastificadora-xlam-1600-coldhot-2-0\/#primaryimage","url":"https:\/\/www.inglet.com\/wp-content\/uploads\/2021\/01\/024055_Web.jpg","contentUrl":"https:\/\/www.inglet.com\/wp-content\/uploads\/2021\/01\/024055_Web.jpg","width":800,"height":800},{"@type":"BreadcrumbList","@id":"https:\/\/www.inglet.com\/pt-pt\/producto\/plastificadora-xlam-1600-coldhot-2-0\/#breadcrumb","itemListElement":[{"@type":"ListItem","position":1,"name":"Portada","item":"https:\/\/www.inglet.com\/pt-pt\/"},{"@type":"ListItem","position":2,"name":"Tienda","item":"https:\/\/www.inglet.com\/tienda\/"},{"@type":"ListItem","position":3,"name":"PLASTIFICADORA XLAM 1600 COLD&#038;HOT 2.0"}]},{"@type":"WebSite","@id":"https:\/\/www.inglet.com\/pt-pt\/#website","url":"https:\/\/www.inglet.com\/pt-pt\/","name":"INGLET","description":"Suministros para la enmarcaci\u00f3n y la  impresi\u00f3n digital","publisher":{"@id":"https:\/\/www.inglet.com\/pt-pt\/#organization"},"potentialAction":[{"@type":"SearchAction","target":{"@type":"EntryPoint","urlTemplate":"https:\/\/www.inglet.com\/pt-pt\/?s={search_term_string}"},"query-input":{"@type":"PropertyValueSpecification","valueRequired":true,"valueName":"search_term_string"}}],"inLanguage":"pt-PT"},{"@type":"Organization","@id":"https:\/\/www.inglet.com\/pt-pt\/#organization","name":"INGLET, SLU","url":"https:\/\/www.inglet.com\/pt-pt\/","logo":{"@type":"ImageObject","inLanguage":"pt-PT","@id":"https:\/\/www.inglet.com\/pt-pt\/#\/schema\/logo\/image\/","url":"https:\/\/www.inglet.com\/wp-content\/uploads\/2019\/08\/Inglet-Logo.jpg","contentUrl":"https:\/\/www.inglet.com\/wp-content\/uploads\/2019\/08\/Inglet-Logo.jpg","width":264,"height":342,"caption":"INGLET, SLU"},"image":{"@id":"https:\/\/www.inglet.com\/pt-pt\/#\/schema\/logo\/image\/"}}]}},"_links":{"self":[{"href":"https:\/\/www.inglet.com\/pt-pt\/wp-json\/wp\/v2\/product\/53225","targetHints":{"allow":["GET"]}}],"collection":[{"href":"https:\/\/www.inglet.com\/pt-pt\/wp-json\/wp\/v2\/product"}],"about":[{"href":"https:\/\/www.inglet.com\/pt-pt\/wp-json\/wp\/v2\/types\/product"}],"wp:featuredmedia":[{"embeddable":true,"href":"https:\/\/www.inglet.com\/pt-pt\/wp-json\/wp\/v2\/media\/53224"}],"wp:attachment":[{"href":"https:\/\/www.inglet.com\/pt-pt\/wp-json\/wp\/v2\/media?parent=53225"}],"wp:term":[{"taxonomy":"product_brand","embeddable":true,"href":"https:\/\/www.inglet.com\/pt-pt\/wp-json\/wp\/v2\/product_brand?post=53225"},{"taxonomy":"product_cat","embeddable":true,"href":"https:\/\/www.inglet.com\/pt-pt\/wp-json\/wp\/v2\/product_cat?post=53225"},{"taxonomy":"product_tag","embeddable":true,"href":"https:\/\/www.inglet.com\/pt-pt\/wp-json\/wp\/v2\/product_tag?post=53225"}],"curies":[{"name":"wp","href":"https:\/\/api.w.org\/{rel}","templated":true}]}}