{"id":53563,"date":"2021-01-22T10:18:19","date_gmt":"2021-01-22T09:18:19","guid":{"rendered":"https:\/\/www.inglet.com\/producto\/set-display-it-led-flex\/"},"modified":"2022-08-01T11:15:27","modified_gmt":"2022-08-01T09:15:27","slug":"display-it-led-flex","status":"publish","type":"product","link":"https:\/\/www.inglet.com\/pt-pt\/producto\/display-it-led-flex\/","title":{"rendered":"DISPLAY-IT LED FLEX"},"content":{"rendered":"<p><strong>Comunica\u00e7\u00e3o visual com ecr\u00e3s LED<\/strong><br \/>\nOs ecr\u00e3s LED s\u00e3o frequentemente utilizados para exibir informa\u00e7\u00e3o nas vitrinas das ag\u00eancias imobili\u00e1rias ou ag\u00eancias de viagens. No entanto, estes sistemas est\u00e3o frequentemente longe de ser f\u00e1ceis de utilizar porque os ecr\u00e3s LED s\u00e3o dif\u00edceis de mover ou s\u00f3 podem ser utilizados de um lado. O novo Artiteq Display It LED torna a sua vida mais f\u00e1cil.<\/p>\n<p><strong>Display It LED \u00e9 um sistema de ecr\u00e3 equipado com uma luz de fundo LED brilhante e de baixo consumo de energia.<\/strong> Tanto de dia como de noite, a ilumina\u00e7\u00e3o LED chama a aten\u00e7\u00e3o para imagens, produtos e servi\u00e7os. Por conseguinte, este sistema \u00e9 perfeito para atrair clientes, com cores vibrantes e marketing apelativo. \u00c9 perfeito em montras, montras de lojas, showrooms, escrit\u00f3rios ou locais de trabalho movimentados.<\/p>\n<p><strong>O Display It LED Flex<\/strong> pode ser montado na parede ou no tecto. O sistema \u00e9 anexado a esta calha e permite que os ecr\u00e3s LED sejam pendurados ao longo de todo o seu comprimento. Os adaptadores de cabos de a\u00e7o especiais que seguram os ecr\u00e3s LED podem ser facilmente aparafusados dentro e fora do carril, permitindo a m\u00e1xima flexibilidade do sistema. Semelhante ao <a href=\"https:\/\/www.inglet.com\/pt-pt\/producto\/display-it-led-fixed\/\"><strong>Display It LED Fixed<\/strong><\/a> o mecanismo de auto-gripping permite que os cabos de a\u00e7o passem atrav\u00e9s dos ecr\u00e3s LED, ligando-os entre si. Isto permite que a sua altura seja facilmente ajustada.<\/p>\n","protected":false},"excerpt":{"rendered":"<p>Comunica\u00e7\u00e3o visual com ecr\u00e3s LED Os ecr\u00e3s LED s\u00e3o frequentemente utilizados para exibir informa\u00e7\u00e3o nas vitrinas das ag\u00eancias imobili\u00e1rias ou [&hellip;]<\/p>\n","protected":false},"featured_media":53554,"template":"","meta":{"_sitemap_exclude":false,"_sitemap_priority":"","_sitemap_frequency":"","_monsterinsights_skip_tracking":false,"_monsterinsights_sitenote_active":false,"_monsterinsights_sitenote_note":"","_monsterinsights_sitenote_category":0},"product_brand":[],"product_cat":[33],"product_tag":[],"class_list":{"0":"post-53563","1":"product","2":"type-product","3":"status-publish","4":"has-post-thumbnail","6":"product_cat-sem-categoria","8":"first","9":"instock","10":"taxable","11":"shipping-taxable","12":"product-type-grouped"},"yoast_head":"<!-- This site is optimized with the Yoast SEO plugin v24.7 - https:\/\/yoast.com\/wordpress\/plugins\/seo\/ -->\n<title>DISPLAY-IT LED FLEX - INGLET<\/title>\n<meta name=\"robots\" content=\"index, follow, max-snippet:-1, max-image-preview:large, max-video-preview:-1\" \/>\n<link rel=\"canonical\" href=\"https:\/\/www.inglet.com\/pt-pt\/producto\/display-it-led-flex\/\" \/>\n<meta property=\"og:locale\" content=\"pt_PT\" \/>\n<meta property=\"og:type\" content=\"article\" \/>\n<meta property=\"og:title\" content=\"DISPLAY-IT LED FLEX - INGLET\" \/>\n<meta property=\"og:description\" content=\"Comunica\u00e7\u00e3o visual com ecr\u00e3s LED Os ecr\u00e3s LED s\u00e3o frequentemente utilizados para exibir informa\u00e7\u00e3o nas vitrinas das ag\u00eancias imobili\u00e1rias ou [&hellip;]\" \/>\n<meta property=\"og:url\" content=\"https:\/\/www.inglet.com\/pt-pt\/producto\/display-it-led-flex\/\" \/>\n<meta property=\"og:site_name\" content=\"INGLET\" \/>\n<meta property=\"article:modified_time\" content=\"2022-08-01T09:15:27+00:00\" \/>\n<meta property=\"og:image\" content=\"https:\/\/www.inglet.com\/wp-content\/uploads\/2021\/01\/Display_It_Led_Flex_Web_2.jpg\" \/>\n\t<meta property=\"og:image:width\" content=\"800\" \/>\n\t<meta property=\"og:image:height\" content=\"800\" \/>\n\t<meta property=\"og:image:type\" content=\"image\/jpeg\" \/>\n<meta name=\"twitter:card\" content=\"summary_large_image\" \/>\n<meta name=\"twitter:label1\" content=\"Tempo estimado de leitura\" \/>\n\t<meta name=\"twitter:data1\" content=\"1 minuto\" \/>\n<script type=\"application\/ld+json\" class=\"yoast-schema-graph\">{\"@context\":\"https:\/\/schema.org\",\"@graph\":[{\"@type\":\"WebPage\",\"@id\":\"https:\/\/www.inglet.com\/pt-pt\/producto\/display-it-led-flex\/\",\"url\":\"https:\/\/www.inglet.com\/pt-pt\/producto\/display-it-led-flex\/\",\"name\":\"DISPLAY-IT LED FLEX - INGLET\",\"isPartOf\":{\"@id\":\"https:\/\/www.inglet.com\/pt-pt\/#website\"},\"primaryImageOfPage\":{\"@id\":\"https:\/\/www.inglet.com\/pt-pt\/producto\/display-it-led-flex\/#primaryimage\"},\"image\":{\"@id\":\"https:\/\/www.inglet.com\/pt-pt\/producto\/display-it-led-flex\/#primaryimage\"},\"thumbnailUrl\":\"https:\/\/www.inglet.com\/wp-content\/uploads\/2021\/01\/Display_It_Led_Flex_Web_2.jpg\",\"datePublished\":\"2021-01-22T09:18:19+00:00\",\"dateModified\":\"2022-08-01T09:15:27+00:00\",\"breadcrumb\":{\"@id\":\"https:\/\/www.inglet.com\/pt-pt\/producto\/display-it-led-flex\/#breadcrumb\"},\"inLanguage\":\"pt-PT\",\"potentialAction\":[{\"@type\":\"ReadAction\",\"target\":[\"https:\/\/www.inglet.com\/pt-pt\/producto\/display-it-led-flex\/\"]}]},{\"@type\":\"ImageObject\",\"inLanguage\":\"pt-PT\",\"@id\":\"https:\/\/www.inglet.com\/pt-pt\/producto\/display-it-led-flex\/#primaryimage\",\"url\":\"https:\/\/www.inglet.com\/wp-content\/uploads\/2021\/01\/Display_It_Led_Flex_Web_2.jpg\",\"contentUrl\":\"https:\/\/www.inglet.com\/wp-content\/uploads\/2021\/01\/Display_It_Led_Flex_Web_2.jpg\",\"width\":800,\"height\":800},{\"@type\":\"BreadcrumbList\",\"@id\":\"https:\/\/www.inglet.com\/pt-pt\/producto\/display-it-led-flex\/#breadcrumb\",\"itemListElement\":[{\"@type\":\"ListItem\",\"position\":1,\"name\":\"Portada\",\"item\":\"https:\/\/www.inglet.com\/pt-pt\/\"},{\"@type\":\"ListItem\",\"position\":2,\"name\":\"Tienda\",\"item\":\"https:\/\/www.inglet.com\/tienda\/\"},{\"@type\":\"ListItem\",\"position\":3,\"name\":\"DISPLAY-IT LED FLEX\"}]},{\"@type\":\"WebSite\",\"@id\":\"https:\/\/www.inglet.com\/pt-pt\/#website\",\"url\":\"https:\/\/www.inglet.com\/pt-pt\/\",\"name\":\"INGLET\",\"description\":\"Suministros para la enmarcaci\u00f3n y la  impresi\u00f3n digital\",\"publisher\":{\"@id\":\"https:\/\/www.inglet.com\/pt-pt\/#organization\"},\"potentialAction\":[{\"@type\":\"SearchAction\",\"target\":{\"@type\":\"EntryPoint\",\"urlTemplate\":\"https:\/\/www.inglet.com\/pt-pt\/?s={search_term_string}\"},\"query-input\":{\"@type\":\"PropertyValueSpecification\",\"valueRequired\":true,\"valueName\":\"search_term_string\"}}],\"inLanguage\":\"pt-PT\"},{\"@type\":\"Organization\",\"@id\":\"https:\/\/www.inglet.com\/pt-pt\/#organization\",\"name\":\"INGLET, SLU\",\"url\":\"https:\/\/www.inglet.com\/pt-pt\/\",\"logo\":{\"@type\":\"ImageObject\",\"inLanguage\":\"pt-PT\",\"@id\":\"https:\/\/www.inglet.com\/pt-pt\/#\/schema\/logo\/image\/\",\"url\":\"https:\/\/www.inglet.com\/wp-content\/uploads\/2019\/08\/Inglet-Logo.jpg\",\"contentUrl\":\"https:\/\/www.inglet.com\/wp-content\/uploads\/2019\/08\/Inglet-Logo.jpg\",\"width\":264,\"height\":342,\"caption\":\"INGLET, SLU\"},\"image\":{\"@id\":\"https:\/\/www.inglet.com\/pt-pt\/#\/schema\/logo\/image\/\"}}]}<\/script>\n<!-- \/ Yoast SEO plugin. -->","yoast_head_json":{"title":"DISPLAY-IT LED FLEX - INGLET","robots":{"index":"index","follow":"follow","max-snippet":"max-snippet:-1","max-image-preview":"max-image-preview:large","max-video-preview":"max-video-preview:-1"},"canonical":"https:\/\/www.inglet.com\/pt-pt\/producto\/display-it-led-flex\/","og_locale":"pt_PT","og_type":"article","og_title":"DISPLAY-IT LED FLEX - INGLET","og_description":"Comunica\u00e7\u00e3o visual com ecr\u00e3s LED Os ecr\u00e3s LED s\u00e3o frequentemente utilizados para exibir informa\u00e7\u00e3o nas vitrinas das ag\u00eancias imobili\u00e1rias ou [&hellip;]","og_url":"https:\/\/www.inglet.com\/pt-pt\/producto\/display-it-led-flex\/","og_site_name":"INGLET","article_modified_time":"2022-08-01T09:15:27+00:00","og_image":[{"width":800,"height":800,"url":"https:\/\/www.inglet.com\/wp-content\/uploads\/2021\/01\/Display_It_Led_Flex_Web_2.jpg","type":"image\/jpeg"}],"twitter_card":"summary_large_image","twitter_misc":{"Tempo estimado de leitura":"1 minuto"},"schema":{"@context":"https:\/\/schema.org","@graph":[{"@type":"WebPage","@id":"https:\/\/www.inglet.com\/pt-pt\/producto\/display-it-led-flex\/","url":"https:\/\/www.inglet.com\/pt-pt\/producto\/display-it-led-flex\/","name":"DISPLAY-IT LED FLEX - INGLET","isPartOf":{"@id":"https:\/\/www.inglet.com\/pt-pt\/#website"},"primaryImageOfPage":{"@id":"https:\/\/www.inglet.com\/pt-pt\/producto\/display-it-led-flex\/#primaryimage"},"image":{"@id":"https:\/\/www.inglet.com\/pt-pt\/producto\/display-it-led-flex\/#primaryimage"},"thumbnailUrl":"https:\/\/www.inglet.com\/wp-content\/uploads\/2021\/01\/Display_It_Led_Flex_Web_2.jpg","datePublished":"2021-01-22T09:18:19+00:00","dateModified":"2022-08-01T09:15:27+00:00","breadcrumb":{"@id":"https:\/\/www.inglet.com\/pt-pt\/producto\/display-it-led-flex\/#breadcrumb"},"inLanguage":"pt-PT","potentialAction":[{"@type":"ReadAction","target":["https:\/\/www.inglet.com\/pt-pt\/producto\/display-it-led-flex\/"]}]},{"@type":"ImageObject","inLanguage":"pt-PT","@id":"https:\/\/www.inglet.com\/pt-pt\/producto\/display-it-led-flex\/#primaryimage","url":"https:\/\/www.inglet.com\/wp-content\/uploads\/2021\/01\/Display_It_Led_Flex_Web_2.jpg","contentUrl":"https:\/\/www.inglet.com\/wp-content\/uploads\/2021\/01\/Display_It_Led_Flex_Web_2.jpg","width":800,"height":800},{"@type":"BreadcrumbList","@id":"https:\/\/www.inglet.com\/pt-pt\/producto\/display-it-led-flex\/#breadcrumb","itemListElement":[{"@type":"ListItem","position":1,"name":"Portada","item":"https:\/\/www.inglet.com\/pt-pt\/"},{"@type":"ListItem","position":2,"name":"Tienda","item":"https:\/\/www.inglet.com\/tienda\/"},{"@type":"ListItem","position":3,"name":"DISPLAY-IT LED FLEX"}]},{"@type":"WebSite","@id":"https:\/\/www.inglet.com\/pt-pt\/#website","url":"https:\/\/www.inglet.com\/pt-pt\/","name":"INGLET","description":"Suministros para la enmarcaci\u00f3n y la  impresi\u00f3n digital","publisher":{"@id":"https:\/\/www.inglet.com\/pt-pt\/#organization"},"potentialAction":[{"@type":"SearchAction","target":{"@type":"EntryPoint","urlTemplate":"https:\/\/www.inglet.com\/pt-pt\/?s={search_term_string}"},"query-input":{"@type":"PropertyValueSpecification","valueRequired":true,"valueName":"search_term_string"}}],"inLanguage":"pt-PT"},{"@type":"Organization","@id":"https:\/\/www.inglet.com\/pt-pt\/#organization","name":"INGLET, SLU","url":"https:\/\/www.inglet.com\/pt-pt\/","logo":{"@type":"ImageObject","inLanguage":"pt-PT","@id":"https:\/\/www.inglet.com\/pt-pt\/#\/schema\/logo\/image\/","url":"https:\/\/www.inglet.com\/wp-content\/uploads\/2019\/08\/Inglet-Logo.jpg","contentUrl":"https:\/\/www.inglet.com\/wp-content\/uploads\/2019\/08\/Inglet-Logo.jpg","width":264,"height":342,"caption":"INGLET, SLU"},"image":{"@id":"https:\/\/www.inglet.com\/pt-pt\/#\/schema\/logo\/image\/"}}]}},"_links":{"self":[{"href":"https:\/\/www.inglet.com\/pt-pt\/wp-json\/wp\/v2\/product\/53563","targetHints":{"allow":["GET"]}}],"collection":[{"href":"https:\/\/www.inglet.com\/pt-pt\/wp-json\/wp\/v2\/product"}],"about":[{"href":"https:\/\/www.inglet.com\/pt-pt\/wp-json\/wp\/v2\/types\/product"}],"wp:featuredmedia":[{"embeddable":true,"href":"https:\/\/www.inglet.com\/pt-pt\/wp-json\/wp\/v2\/media\/53554"}],"wp:attachment":[{"href":"https:\/\/www.inglet.com\/pt-pt\/wp-json\/wp\/v2\/media?parent=53563"}],"wp:term":[{"taxonomy":"product_brand","embeddable":true,"href":"https:\/\/www.inglet.com\/pt-pt\/wp-json\/wp\/v2\/product_brand?post=53563"},{"taxonomy":"product_cat","embeddable":true,"href":"https:\/\/www.inglet.com\/pt-pt\/wp-json\/wp\/v2\/product_cat?post=53563"},{"taxonomy":"product_tag","embeddable":true,"href":"https:\/\/www.inglet.com\/pt-pt\/wp-json\/wp\/v2\/product_tag?post=53563"}],"curies":[{"name":"wp","href":"https:\/\/api.w.org\/{rel}","templated":true}]}}