{"id":53571,"date":"2021-01-22T09:46:07","date_gmt":"2021-01-22T08:46:07","guid":{"rendered":"https:\/\/www.inglet.com\/producto\/display-it-led-fixed\/"},"modified":"2022-08-01T11:02:59","modified_gmt":"2022-08-01T09:02:59","slug":"display-it-led-fixed","status":"publish","type":"product","link":"https:\/\/www.inglet.com\/pt-pt\/producto\/display-it-led-fixed\/","title":{"rendered":"DISPLAY-IT LED FIXED"},"content":{"rendered":"<p><strong>Comunica\u00e7\u00e3o visual com pain\u00e9is LED<\/strong><br \/>\nOs ecr\u00e3s LED s\u00e3o frequentemente utilizados para exibir informa\u00e7\u00f5es nas vitrinas das ag\u00eancias imobili\u00e1rias ou ag\u00eancias de viagens. No entanto, os sistemas est\u00e3o frequentemente longe de ser f\u00e1ceis de utilizar porque os pain\u00e9is LED s\u00e3o dif\u00edceis de mover ou s\u00f3 podem ser utilizados de um lado. O novo Display Artiteq It LED torna a sua vida mais f\u00e1cil.<\/p>\n<p><strong>Display It LED \u00e9 um sistema de painel equipado com uma luz de fundo LED brilhante e de baixo consumo de energia.<\/strong> Tanto de dia como de noite, a ilumina\u00e7\u00e3o LED chama a aten\u00e7\u00e3o para imagens, produtos e servi\u00e7os. Por conseguinte, este sistema \u00e9 perfeito para atrair clientes com cores vibrantes e materiais publicit\u00e1rios e de marketing atraentes. \u00c9 perfeito em montras, montras de lojas, showrooms, escrit\u00f3rios ou locais de trabalho movimentados. Os ecr\u00e3s de LED atraem a aten\u00e7\u00e3o dos clientes e visitantes e s\u00e3o uma fant\u00e1stica fonte de inspira\u00e7\u00e3o.<\/p>\n<p><strong>O Display It LED Fixed<\/strong> \u00e9 montado, atrav\u00e9s de cabos, directamente na parede ou no tecto. Deixe a sua imagina\u00e7\u00e3o correr livremente e varie a disposi\u00e7\u00e3o e o tamanho dos ecr\u00e3s LED (dispon\u00edveis em tamanho A3 e A4). O conte\u00fado brilhante e energeticamente eficiente pode ser facilmente alterado puxando a folha protectora do painel LED e inserindo o papel transl\u00facido com o seu an\u00fancio no mesmo. Os ecr\u00e3s LED s\u00e3o de dupla face. Se apenas um lado for necess\u00e1rio, um filme reflector especial (inclu\u00eddo) \u00e9 inserido no seu verso para evitar reflexos. Um mecanismo de auto-rasgamento permite um f\u00e1cil ajuste de altura dos ecr\u00e3s LED, que podem ser utilizados tanto na orienta\u00e7\u00e3o de retrato como de paisagem. Este mecanismo de auto-rasgamento permite a passagem dos cabos de a\u00e7o do sistema atrav\u00e9s dos pain\u00e9is que os ligam uns aos outros.<\/p>\n","protected":false},"excerpt":{"rendered":"<p>Comunica\u00e7\u00e3o visual com pain\u00e9is LED Os ecr\u00e3s LED s\u00e3o frequentemente utilizados para exibir informa\u00e7\u00f5es nas vitrinas das ag\u00eancias imobili\u00e1rias ou [&hellip;]<\/p>\n","protected":false},"featured_media":53508,"template":"","meta":{"_sitemap_exclude":false,"_sitemap_priority":"","_sitemap_frequency":"","_monsterinsights_skip_tracking":false,"_monsterinsights_sitenote_active":false,"_monsterinsights_sitenote_note":"","_monsterinsights_sitenote_category":0},"product_brand":[],"product_cat":[838],"product_tag":[],"class_list":{"0":"post-53571","1":"product","2":"type-product","3":"status-publish","4":"has-post-thumbnail","6":"product_cat-outros-sistemas-de-pendurar-artiteq","8":"first","9":"instock","10":"taxable","11":"shipping-taxable","12":"product-type-grouped"},"yoast_head":"<!-- This site is optimized with the Yoast SEO plugin v24.7 - https:\/\/yoast.com\/wordpress\/plugins\/seo\/ -->\n<title>DISPLAY-IT LED FIXED - INGLET<\/title>\n<meta name=\"robots\" content=\"index, follow, max-snippet:-1, max-image-preview:large, max-video-preview:-1\" \/>\n<link rel=\"canonical\" href=\"https:\/\/www.inglet.com\/pt-pt\/producto\/display-it-led-fixed\/\" \/>\n<meta property=\"og:locale\" content=\"pt_PT\" \/>\n<meta property=\"og:type\" content=\"article\" \/>\n<meta property=\"og:title\" content=\"DISPLAY-IT LED FIXED - INGLET\" \/>\n<meta property=\"og:description\" content=\"Comunica\u00e7\u00e3o visual com pain\u00e9is LED Os ecr\u00e3s LED s\u00e3o frequentemente utilizados para exibir informa\u00e7\u00f5es nas vitrinas das ag\u00eancias imobili\u00e1rias ou [&hellip;]\" \/>\n<meta property=\"og:url\" content=\"https:\/\/www.inglet.com\/pt-pt\/producto\/display-it-led-fixed\/\" \/>\n<meta property=\"og:site_name\" content=\"INGLET\" \/>\n<meta property=\"article:modified_time\" content=\"2022-08-01T09:02:59+00:00\" \/>\n<meta property=\"og:image\" content=\"https:\/\/www.inglet.com\/wp-content\/uploads\/2021\/01\/Display_It_Led_Fixed_Web_2.jpg\" \/>\n\t<meta property=\"og:image:width\" content=\"800\" \/>\n\t<meta property=\"og:image:height\" content=\"800\" \/>\n\t<meta property=\"og:image:type\" content=\"image\/jpeg\" \/>\n<meta name=\"twitter:card\" content=\"summary_large_image\" \/>\n<meta name=\"twitter:label1\" content=\"Tempo estimado de leitura\" \/>\n\t<meta name=\"twitter:data1\" content=\"2 minutos\" \/>\n<script type=\"application\/ld+json\" class=\"yoast-schema-graph\">{\"@context\":\"https:\/\/schema.org\",\"@graph\":[{\"@type\":\"WebPage\",\"@id\":\"https:\/\/www.inglet.com\/pt-pt\/producto\/display-it-led-fixed\/\",\"url\":\"https:\/\/www.inglet.com\/pt-pt\/producto\/display-it-led-fixed\/\",\"name\":\"DISPLAY-IT LED FIXED - INGLET\",\"isPartOf\":{\"@id\":\"https:\/\/www.inglet.com\/pt-pt\/#website\"},\"primaryImageOfPage\":{\"@id\":\"https:\/\/www.inglet.com\/pt-pt\/producto\/display-it-led-fixed\/#primaryimage\"},\"image\":{\"@id\":\"https:\/\/www.inglet.com\/pt-pt\/producto\/display-it-led-fixed\/#primaryimage\"},\"thumbnailUrl\":\"https:\/\/www.inglet.com\/wp-content\/uploads\/2021\/01\/Display_It_Led_Fixed_Web_2.jpg\",\"datePublished\":\"2021-01-22T08:46:07+00:00\",\"dateModified\":\"2022-08-01T09:02:59+00:00\",\"breadcrumb\":{\"@id\":\"https:\/\/www.inglet.com\/pt-pt\/producto\/display-it-led-fixed\/#breadcrumb\"},\"inLanguage\":\"pt-PT\",\"potentialAction\":[{\"@type\":\"ReadAction\",\"target\":[\"https:\/\/www.inglet.com\/pt-pt\/producto\/display-it-led-fixed\/\"]}]},{\"@type\":\"ImageObject\",\"inLanguage\":\"pt-PT\",\"@id\":\"https:\/\/www.inglet.com\/pt-pt\/producto\/display-it-led-fixed\/#primaryimage\",\"url\":\"https:\/\/www.inglet.com\/wp-content\/uploads\/2021\/01\/Display_It_Led_Fixed_Web_2.jpg\",\"contentUrl\":\"https:\/\/www.inglet.com\/wp-content\/uploads\/2021\/01\/Display_It_Led_Fixed_Web_2.jpg\",\"width\":800,\"height\":800},{\"@type\":\"BreadcrumbList\",\"@id\":\"https:\/\/www.inglet.com\/pt-pt\/producto\/display-it-led-fixed\/#breadcrumb\",\"itemListElement\":[{\"@type\":\"ListItem\",\"position\":1,\"name\":\"Portada\",\"item\":\"https:\/\/www.inglet.com\/pt-pt\/\"},{\"@type\":\"ListItem\",\"position\":2,\"name\":\"Tienda\",\"item\":\"https:\/\/www.inglet.com\/tienda\/\"},{\"@type\":\"ListItem\",\"position\":3,\"name\":\"DISPLAY-IT LED FIXED\"}]},{\"@type\":\"WebSite\",\"@id\":\"https:\/\/www.inglet.com\/pt-pt\/#website\",\"url\":\"https:\/\/www.inglet.com\/pt-pt\/\",\"name\":\"INGLET\",\"description\":\"Suministros para la enmarcaci\u00f3n y la  impresi\u00f3n digital\",\"publisher\":{\"@id\":\"https:\/\/www.inglet.com\/pt-pt\/#organization\"},\"potentialAction\":[{\"@type\":\"SearchAction\",\"target\":{\"@type\":\"EntryPoint\",\"urlTemplate\":\"https:\/\/www.inglet.com\/pt-pt\/?s={search_term_string}\"},\"query-input\":{\"@type\":\"PropertyValueSpecification\",\"valueRequired\":true,\"valueName\":\"search_term_string\"}}],\"inLanguage\":\"pt-PT\"},{\"@type\":\"Organization\",\"@id\":\"https:\/\/www.inglet.com\/pt-pt\/#organization\",\"name\":\"INGLET, SLU\",\"url\":\"https:\/\/www.inglet.com\/pt-pt\/\",\"logo\":{\"@type\":\"ImageObject\",\"inLanguage\":\"pt-PT\",\"@id\":\"https:\/\/www.inglet.com\/pt-pt\/#\/schema\/logo\/image\/\",\"url\":\"https:\/\/www.inglet.com\/wp-content\/uploads\/2019\/08\/Inglet-Logo.jpg\",\"contentUrl\":\"https:\/\/www.inglet.com\/wp-content\/uploads\/2019\/08\/Inglet-Logo.jpg\",\"width\":264,\"height\":342,\"caption\":\"INGLET, SLU\"},\"image\":{\"@id\":\"https:\/\/www.inglet.com\/pt-pt\/#\/schema\/logo\/image\/\"}}]}<\/script>\n<!-- \/ Yoast SEO plugin. -->","yoast_head_json":{"title":"DISPLAY-IT LED FIXED - INGLET","robots":{"index":"index","follow":"follow","max-snippet":"max-snippet:-1","max-image-preview":"max-image-preview:large","max-video-preview":"max-video-preview:-1"},"canonical":"https:\/\/www.inglet.com\/pt-pt\/producto\/display-it-led-fixed\/","og_locale":"pt_PT","og_type":"article","og_title":"DISPLAY-IT LED FIXED - INGLET","og_description":"Comunica\u00e7\u00e3o visual com pain\u00e9is LED Os ecr\u00e3s LED s\u00e3o frequentemente utilizados para exibir informa\u00e7\u00f5es nas vitrinas das ag\u00eancias imobili\u00e1rias ou [&hellip;]","og_url":"https:\/\/www.inglet.com\/pt-pt\/producto\/display-it-led-fixed\/","og_site_name":"INGLET","article_modified_time":"2022-08-01T09:02:59+00:00","og_image":[{"width":800,"height":800,"url":"https:\/\/www.inglet.com\/wp-content\/uploads\/2021\/01\/Display_It_Led_Fixed_Web_2.jpg","type":"image\/jpeg"}],"twitter_card":"summary_large_image","twitter_misc":{"Tempo estimado de leitura":"2 minutos"},"schema":{"@context":"https:\/\/schema.org","@graph":[{"@type":"WebPage","@id":"https:\/\/www.inglet.com\/pt-pt\/producto\/display-it-led-fixed\/","url":"https:\/\/www.inglet.com\/pt-pt\/producto\/display-it-led-fixed\/","name":"DISPLAY-IT LED FIXED - INGLET","isPartOf":{"@id":"https:\/\/www.inglet.com\/pt-pt\/#website"},"primaryImageOfPage":{"@id":"https:\/\/www.inglet.com\/pt-pt\/producto\/display-it-led-fixed\/#primaryimage"},"image":{"@id":"https:\/\/www.inglet.com\/pt-pt\/producto\/display-it-led-fixed\/#primaryimage"},"thumbnailUrl":"https:\/\/www.inglet.com\/wp-content\/uploads\/2021\/01\/Display_It_Led_Fixed_Web_2.jpg","datePublished":"2021-01-22T08:46:07+00:00","dateModified":"2022-08-01T09:02:59+00:00","breadcrumb":{"@id":"https:\/\/www.inglet.com\/pt-pt\/producto\/display-it-led-fixed\/#breadcrumb"},"inLanguage":"pt-PT","potentialAction":[{"@type":"ReadAction","target":["https:\/\/www.inglet.com\/pt-pt\/producto\/display-it-led-fixed\/"]}]},{"@type":"ImageObject","inLanguage":"pt-PT","@id":"https:\/\/www.inglet.com\/pt-pt\/producto\/display-it-led-fixed\/#primaryimage","url":"https:\/\/www.inglet.com\/wp-content\/uploads\/2021\/01\/Display_It_Led_Fixed_Web_2.jpg","contentUrl":"https:\/\/www.inglet.com\/wp-content\/uploads\/2021\/01\/Display_It_Led_Fixed_Web_2.jpg","width":800,"height":800},{"@type":"BreadcrumbList","@id":"https:\/\/www.inglet.com\/pt-pt\/producto\/display-it-led-fixed\/#breadcrumb","itemListElement":[{"@type":"ListItem","position":1,"name":"Portada","item":"https:\/\/www.inglet.com\/pt-pt\/"},{"@type":"ListItem","position":2,"name":"Tienda","item":"https:\/\/www.inglet.com\/tienda\/"},{"@type":"ListItem","position":3,"name":"DISPLAY-IT LED FIXED"}]},{"@type":"WebSite","@id":"https:\/\/www.inglet.com\/pt-pt\/#website","url":"https:\/\/www.inglet.com\/pt-pt\/","name":"INGLET","description":"Suministros para la enmarcaci\u00f3n y la  impresi\u00f3n digital","publisher":{"@id":"https:\/\/www.inglet.com\/pt-pt\/#organization"},"potentialAction":[{"@type":"SearchAction","target":{"@type":"EntryPoint","urlTemplate":"https:\/\/www.inglet.com\/pt-pt\/?s={search_term_string}"},"query-input":{"@type":"PropertyValueSpecification","valueRequired":true,"valueName":"search_term_string"}}],"inLanguage":"pt-PT"},{"@type":"Organization","@id":"https:\/\/www.inglet.com\/pt-pt\/#organization","name":"INGLET, SLU","url":"https:\/\/www.inglet.com\/pt-pt\/","logo":{"@type":"ImageObject","inLanguage":"pt-PT","@id":"https:\/\/www.inglet.com\/pt-pt\/#\/schema\/logo\/image\/","url":"https:\/\/www.inglet.com\/wp-content\/uploads\/2019\/08\/Inglet-Logo.jpg","contentUrl":"https:\/\/www.inglet.com\/wp-content\/uploads\/2019\/08\/Inglet-Logo.jpg","width":264,"height":342,"caption":"INGLET, SLU"},"image":{"@id":"https:\/\/www.inglet.com\/pt-pt\/#\/schema\/logo\/image\/"}}]}},"_links":{"self":[{"href":"https:\/\/www.inglet.com\/pt-pt\/wp-json\/wp\/v2\/product\/53571","targetHints":{"allow":["GET"]}}],"collection":[{"href":"https:\/\/www.inglet.com\/pt-pt\/wp-json\/wp\/v2\/product"}],"about":[{"href":"https:\/\/www.inglet.com\/pt-pt\/wp-json\/wp\/v2\/types\/product"}],"wp:featuredmedia":[{"embeddable":true,"href":"https:\/\/www.inglet.com\/pt-pt\/wp-json\/wp\/v2\/media\/53508"}],"wp:attachment":[{"href":"https:\/\/www.inglet.com\/pt-pt\/wp-json\/wp\/v2\/media?parent=53571"}],"wp:term":[{"taxonomy":"product_brand","embeddable":true,"href":"https:\/\/www.inglet.com\/pt-pt\/wp-json\/wp\/v2\/product_brand?post=53571"},{"taxonomy":"product_cat","embeddable":true,"href":"https:\/\/www.inglet.com\/pt-pt\/wp-json\/wp\/v2\/product_cat?post=53571"},{"taxonomy":"product_tag","embeddable":true,"href":"https:\/\/www.inglet.com\/pt-pt\/wp-json\/wp\/v2\/product_tag?post=53571"}],"curies":[{"name":"wp","href":"https:\/\/api.w.org\/{rel}","templated":true}]}}