{"id":64249,"date":"2021-06-01T17:40:05","date_gmt":"2021-06-01T15:40:05","guid":{"rendered":"https:\/\/www.inglet.com\/producto\/cartao-canelado-klug\/"},"modified":"2021-09-01T16:45:59","modified_gmt":"2021-09-01T14:45:59","slug":"cartao-canelado-klug","status":"publish","type":"product","link":"https:\/\/www.inglet.com\/pt-pt\/producto\/cartao-canelado-klug\/","title":{"rendered":"CART\u00c3O CANELADO KLUG"},"content":{"rendered":"<p><strong>O cart\u00e3o canelado \u00e9 leve e r\u00edgido.<\/strong> Consiste em pelo menos uma camada de papel canelado e uma camada base ou papel de liner. O cart\u00e3o canelado utilizado para fins de conserva\u00e7\u00e3o tem geralmente pelo menos tr\u00eas camadas. Uma combina\u00e7\u00e3o de duas camadas de papel chamada &#8220;liner&#8221; \u00e9 colada ao papel ondulado em forma de onda, deformada pelo calor e pela press\u00e3o. A estrutura ondulada (nervurada) da camada interm\u00e9dia suporta a consider\u00e1vel rigidez e resist\u00eancia do cart\u00e3o canelado. As qualidades de cart\u00e3o canelado de uma e v\u00e1rias camadas oferecidas pela KLUG-CONSERVATION diferem consideravelmente em termos de qualidade de outro cart\u00e3o canelado reciclado conhecido devido \u00e0 sua elevada gramagem (gramagem) de base de papel.<\/p>\n","protected":false},"excerpt":{"rendered":"<p>O cart\u00e3o canelado \u00e9 leve e r\u00edgido. Consiste em pelo menos uma camada de papel canelado e uma camada base [&hellip;]<\/p>\n","protected":false},"featured_media":64248,"template":"","meta":{"_sitemap_exclude":false,"_sitemap_priority":"","_sitemap_frequency":"","_monsterinsights_skip_tracking":false,"_monsterinsights_sitenote_active":false,"_monsterinsights_sitenote_note":"","_monsterinsights_sitenote_category":0},"product_brand":[],"product_cat":[555,1444],"product_tag":[],"class_list":{"0":"post-64249","1":"product","2":"type-product","3":"status-publish","4":"has-post-thumbnail","6":"product_cat-cartao-traseira-e-suportes","7":"product_cat-produtos-conservacao-klug","9":"first","10":"instock","11":"taxable","12":"shipping-taxable","13":"product-type-grouped"},"yoast_head":"<!-- This site is optimized with the Yoast SEO plugin v24.7 - https:\/\/yoast.com\/wordpress\/plugins\/seo\/ -->\n<title>CART\u00c3O CANELADO KLUG - INGLET<\/title>\n<meta name=\"robots\" content=\"index, follow, max-snippet:-1, max-image-preview:large, max-video-preview:-1\" \/>\n<link rel=\"canonical\" href=\"https:\/\/www.inglet.com\/pt-pt\/producto\/cartao-canelado-klug\/\" \/>\n<meta property=\"og:locale\" content=\"pt_PT\" \/>\n<meta property=\"og:type\" content=\"article\" \/>\n<meta property=\"og:title\" content=\"CART\u00c3O CANELADO KLUG - INGLET\" \/>\n<meta property=\"og:description\" content=\"O cart\u00e3o canelado \u00e9 leve e r\u00edgido. Consiste em pelo menos uma camada de papel canelado e uma camada base [&hellip;]\" \/>\n<meta property=\"og:url\" content=\"https:\/\/www.inglet.com\/pt-pt\/producto\/cartao-canelado-klug\/\" \/>\n<meta property=\"og:site_name\" content=\"INGLET\" \/>\n<meta property=\"article:modified_time\" content=\"2021-09-01T14:45:59+00:00\" \/>\n<meta property=\"og:image\" content=\"https:\/\/www.inglet.com\/wp-content\/uploads\/2021\/06\/Portada_Carton_Klug_Web.jpg\" \/>\n\t<meta property=\"og:image:width\" content=\"800\" \/>\n\t<meta property=\"og:image:height\" content=\"800\" \/>\n\t<meta property=\"og:image:type\" content=\"image\/jpeg\" \/>\n<meta name=\"twitter:card\" content=\"summary_large_image\" \/>\n<meta name=\"twitter:label1\" content=\"Tempo estimado de leitura\" \/>\n\t<meta name=\"twitter:data1\" content=\"1 minuto\" \/>\n<script type=\"application\/ld+json\" class=\"yoast-schema-graph\">{\"@context\":\"https:\/\/schema.org\",\"@graph\":[{\"@type\":\"WebPage\",\"@id\":\"https:\/\/www.inglet.com\/pt-pt\/producto\/cartao-canelado-klug\/\",\"url\":\"https:\/\/www.inglet.com\/pt-pt\/producto\/cartao-canelado-klug\/\",\"name\":\"CART\u00c3O CANELADO KLUG - INGLET\",\"isPartOf\":{\"@id\":\"https:\/\/www.inglet.com\/pt-pt\/#website\"},\"primaryImageOfPage\":{\"@id\":\"https:\/\/www.inglet.com\/pt-pt\/producto\/cartao-canelado-klug\/#primaryimage\"},\"image\":{\"@id\":\"https:\/\/www.inglet.com\/pt-pt\/producto\/cartao-canelado-klug\/#primaryimage\"},\"thumbnailUrl\":\"https:\/\/www.inglet.com\/wp-content\/uploads\/2021\/06\/Portada_Carton_Klug_Web.jpg\",\"datePublished\":\"2021-06-01T15:40:05+00:00\",\"dateModified\":\"2021-09-01T14:45:59+00:00\",\"breadcrumb\":{\"@id\":\"https:\/\/www.inglet.com\/pt-pt\/producto\/cartao-canelado-klug\/#breadcrumb\"},\"inLanguage\":\"pt-PT\",\"potentialAction\":[{\"@type\":\"ReadAction\",\"target\":[\"https:\/\/www.inglet.com\/pt-pt\/producto\/cartao-canelado-klug\/\"]}]},{\"@type\":\"ImageObject\",\"inLanguage\":\"pt-PT\",\"@id\":\"https:\/\/www.inglet.com\/pt-pt\/producto\/cartao-canelado-klug\/#primaryimage\",\"url\":\"https:\/\/www.inglet.com\/wp-content\/uploads\/2021\/06\/Portada_Carton_Klug_Web.jpg\",\"contentUrl\":\"https:\/\/www.inglet.com\/wp-content\/uploads\/2021\/06\/Portada_Carton_Klug_Web.jpg\",\"width\":800,\"height\":800},{\"@type\":\"BreadcrumbList\",\"@id\":\"https:\/\/www.inglet.com\/pt-pt\/producto\/cartao-canelado-klug\/#breadcrumb\",\"itemListElement\":[{\"@type\":\"ListItem\",\"position\":1,\"name\":\"Portada\",\"item\":\"https:\/\/www.inglet.com\/pt-pt\/\"},{\"@type\":\"ListItem\",\"position\":2,\"name\":\"Tienda\",\"item\":\"https:\/\/www.inglet.com\/tienda\/\"},{\"@type\":\"ListItem\",\"position\":3,\"name\":\"CART\u00c3O CANELADO KLUG\"}]},{\"@type\":\"WebSite\",\"@id\":\"https:\/\/www.inglet.com\/pt-pt\/#website\",\"url\":\"https:\/\/www.inglet.com\/pt-pt\/\",\"name\":\"INGLET\",\"description\":\"Suministros para la enmarcaci\u00f3n y la  impresi\u00f3n digital\",\"publisher\":{\"@id\":\"https:\/\/www.inglet.com\/pt-pt\/#organization\"},\"potentialAction\":[{\"@type\":\"SearchAction\",\"target\":{\"@type\":\"EntryPoint\",\"urlTemplate\":\"https:\/\/www.inglet.com\/pt-pt\/?s={search_term_string}\"},\"query-input\":{\"@type\":\"PropertyValueSpecification\",\"valueRequired\":true,\"valueName\":\"search_term_string\"}}],\"inLanguage\":\"pt-PT\"},{\"@type\":\"Organization\",\"@id\":\"https:\/\/www.inglet.com\/pt-pt\/#organization\",\"name\":\"INGLET, SLU\",\"url\":\"https:\/\/www.inglet.com\/pt-pt\/\",\"logo\":{\"@type\":\"ImageObject\",\"inLanguage\":\"pt-PT\",\"@id\":\"https:\/\/www.inglet.com\/pt-pt\/#\/schema\/logo\/image\/\",\"url\":\"https:\/\/www.inglet.com\/wp-content\/uploads\/2019\/08\/Inglet-Logo.jpg\",\"contentUrl\":\"https:\/\/www.inglet.com\/wp-content\/uploads\/2019\/08\/Inglet-Logo.jpg\",\"width\":264,\"height\":342,\"caption\":\"INGLET, SLU\"},\"image\":{\"@id\":\"https:\/\/www.inglet.com\/pt-pt\/#\/schema\/logo\/image\/\"}}]}<\/script>\n<!-- \/ Yoast SEO plugin. -->","yoast_head_json":{"title":"CART\u00c3O CANELADO KLUG - INGLET","robots":{"index":"index","follow":"follow","max-snippet":"max-snippet:-1","max-image-preview":"max-image-preview:large","max-video-preview":"max-video-preview:-1"},"canonical":"https:\/\/www.inglet.com\/pt-pt\/producto\/cartao-canelado-klug\/","og_locale":"pt_PT","og_type":"article","og_title":"CART\u00c3O CANELADO KLUG - INGLET","og_description":"O cart\u00e3o canelado \u00e9 leve e r\u00edgido. Consiste em pelo menos uma camada de papel canelado e uma camada base [&hellip;]","og_url":"https:\/\/www.inglet.com\/pt-pt\/producto\/cartao-canelado-klug\/","og_site_name":"INGLET","article_modified_time":"2021-09-01T14:45:59+00:00","og_image":[{"width":800,"height":800,"url":"https:\/\/www.inglet.com\/wp-content\/uploads\/2021\/06\/Portada_Carton_Klug_Web.jpg","type":"image\/jpeg"}],"twitter_card":"summary_large_image","twitter_misc":{"Tempo estimado de leitura":"1 minuto"},"schema":{"@context":"https:\/\/schema.org","@graph":[{"@type":"WebPage","@id":"https:\/\/www.inglet.com\/pt-pt\/producto\/cartao-canelado-klug\/","url":"https:\/\/www.inglet.com\/pt-pt\/producto\/cartao-canelado-klug\/","name":"CART\u00c3O CANELADO KLUG - INGLET","isPartOf":{"@id":"https:\/\/www.inglet.com\/pt-pt\/#website"},"primaryImageOfPage":{"@id":"https:\/\/www.inglet.com\/pt-pt\/producto\/cartao-canelado-klug\/#primaryimage"},"image":{"@id":"https:\/\/www.inglet.com\/pt-pt\/producto\/cartao-canelado-klug\/#primaryimage"},"thumbnailUrl":"https:\/\/www.inglet.com\/wp-content\/uploads\/2021\/06\/Portada_Carton_Klug_Web.jpg","datePublished":"2021-06-01T15:40:05+00:00","dateModified":"2021-09-01T14:45:59+00:00","breadcrumb":{"@id":"https:\/\/www.inglet.com\/pt-pt\/producto\/cartao-canelado-klug\/#breadcrumb"},"inLanguage":"pt-PT","potentialAction":[{"@type":"ReadAction","target":["https:\/\/www.inglet.com\/pt-pt\/producto\/cartao-canelado-klug\/"]}]},{"@type":"ImageObject","inLanguage":"pt-PT","@id":"https:\/\/www.inglet.com\/pt-pt\/producto\/cartao-canelado-klug\/#primaryimage","url":"https:\/\/www.inglet.com\/wp-content\/uploads\/2021\/06\/Portada_Carton_Klug_Web.jpg","contentUrl":"https:\/\/www.inglet.com\/wp-content\/uploads\/2021\/06\/Portada_Carton_Klug_Web.jpg","width":800,"height":800},{"@type":"BreadcrumbList","@id":"https:\/\/www.inglet.com\/pt-pt\/producto\/cartao-canelado-klug\/#breadcrumb","itemListElement":[{"@type":"ListItem","position":1,"name":"Portada","item":"https:\/\/www.inglet.com\/pt-pt\/"},{"@type":"ListItem","position":2,"name":"Tienda","item":"https:\/\/www.inglet.com\/tienda\/"},{"@type":"ListItem","position":3,"name":"CART\u00c3O CANELADO KLUG"}]},{"@type":"WebSite","@id":"https:\/\/www.inglet.com\/pt-pt\/#website","url":"https:\/\/www.inglet.com\/pt-pt\/","name":"INGLET","description":"Suministros para la enmarcaci\u00f3n y la  impresi\u00f3n digital","publisher":{"@id":"https:\/\/www.inglet.com\/pt-pt\/#organization"},"potentialAction":[{"@type":"SearchAction","target":{"@type":"EntryPoint","urlTemplate":"https:\/\/www.inglet.com\/pt-pt\/?s={search_term_string}"},"query-input":{"@type":"PropertyValueSpecification","valueRequired":true,"valueName":"search_term_string"}}],"inLanguage":"pt-PT"},{"@type":"Organization","@id":"https:\/\/www.inglet.com\/pt-pt\/#organization","name":"INGLET, SLU","url":"https:\/\/www.inglet.com\/pt-pt\/","logo":{"@type":"ImageObject","inLanguage":"pt-PT","@id":"https:\/\/www.inglet.com\/pt-pt\/#\/schema\/logo\/image\/","url":"https:\/\/www.inglet.com\/wp-content\/uploads\/2019\/08\/Inglet-Logo.jpg","contentUrl":"https:\/\/www.inglet.com\/wp-content\/uploads\/2019\/08\/Inglet-Logo.jpg","width":264,"height":342,"caption":"INGLET, SLU"},"image":{"@id":"https:\/\/www.inglet.com\/pt-pt\/#\/schema\/logo\/image\/"}}]}},"_links":{"self":[{"href":"https:\/\/www.inglet.com\/pt-pt\/wp-json\/wp\/v2\/product\/64249","targetHints":{"allow":["GET"]}}],"collection":[{"href":"https:\/\/www.inglet.com\/pt-pt\/wp-json\/wp\/v2\/product"}],"about":[{"href":"https:\/\/www.inglet.com\/pt-pt\/wp-json\/wp\/v2\/types\/product"}],"wp:featuredmedia":[{"embeddable":true,"href":"https:\/\/www.inglet.com\/pt-pt\/wp-json\/wp\/v2\/media\/64248"}],"wp:attachment":[{"href":"https:\/\/www.inglet.com\/pt-pt\/wp-json\/wp\/v2\/media?parent=64249"}],"wp:term":[{"taxonomy":"product_brand","embeddable":true,"href":"https:\/\/www.inglet.com\/pt-pt\/wp-json\/wp\/v2\/product_brand?post=64249"},{"taxonomy":"product_cat","embeddable":true,"href":"https:\/\/www.inglet.com\/pt-pt\/wp-json\/wp\/v2\/product_cat?post=64249"},{"taxonomy":"product_tag","embeddable":true,"href":"https:\/\/www.inglet.com\/pt-pt\/wp-json\/wp\/v2\/product_tag?post=64249"}],"curies":[{"name":"wp","href":"https:\/\/api.w.org\/{rel}","templated":true}]}}