{"id":65201,"date":"2021-07-23T11:14:02","date_gmt":"2021-07-23T09:14:36","guid":{"rendered":"https:\/\/www.inglet.com\/?post_type=product&#038;p=65201"},"modified":"2021-09-01T12:38:40","modified_gmt":"2021-09-01T10:38:40","slug":"conjunto-de-oculos-de-seguranca-3m-solus","status":"publish","type":"product","link":"https:\/\/www.inglet.com\/pt-pt\/producto\/conjunto-de-oculos-de-seguranca-3m-solus\/","title":{"rendered":"CONJUNTO DE \u00d3CULOS DE SEGURAN\u00c7A 3M SOLUS"},"content":{"rendered":"<p><strong>Proteger contra impactos, proporcionar resist\u00eancia ao embaciamento, abras\u00e3o e ajudar a ver mais claramente.<\/strong> Quando utilizados em combina\u00e7\u00e3o com uma cinta, os \u00f3culos de protec\u00e7\u00e3o tamb\u00e9m protegem contra salpicos e poeira. Feitos de policarbonato, absorvem 99,9% dos raios UVA e UVB. Inclui junta e correia de TPE remov\u00edvel.<\/p>\n","protected":false},"excerpt":{"rendered":"<p>Proteger contra impactos, proporcionar resist\u00eancia ao embaciamento, abras\u00e3o e ajudar a ver mais claramente. Quando utilizados em combina\u00e7\u00e3o com uma [&hellip;]<\/p>\n","protected":false},"featured_media":65200,"template":"","meta":{"_sitemap_exclude":false,"_sitemap_priority":"","_sitemap_frequency":"","_monsterinsights_skip_tracking":false,"_monsterinsights_sitenote_active":false,"_monsterinsights_sitenote_note":"","_monsterinsights_sitenote_category":0},"product_brand":[],"product_cat":[1450],"product_tag":[],"class_list":{"0":"post-65201","1":"product","2":"type-product","3":"status-publish","4":"has-post-thumbnail","6":"product_cat-equipamento-de-proteccao","8":"first","9":"instock","10":"taxable","11":"shipping-taxable","12":"purchasable","13":"product-type-simple"},"yoast_head":"<!-- This site is optimized with the Yoast SEO plugin v24.7 - https:\/\/yoast.com\/wordpress\/plugins\/seo\/ -->\n<title>CONJUNTO DE \u00d3CULOS DE SEGURAN\u00c7A 3M SOLUS - INGLET<\/title>\n<meta name=\"robots\" content=\"index, follow, max-snippet:-1, max-image-preview:large, max-video-preview:-1\" \/>\n<link rel=\"canonical\" href=\"https:\/\/www.inglet.com\/pt-pt\/producto\/conjunto-de-oculos-de-seguranca-3m-solus\/\" \/>\n<meta property=\"og:locale\" content=\"pt_PT\" \/>\n<meta property=\"og:type\" content=\"article\" \/>\n<meta property=\"og:title\" content=\"CONJUNTO DE \u00d3CULOS DE SEGURAN\u00c7A 3M SOLUS - INGLET\" \/>\n<meta property=\"og:description\" content=\"Proteger contra impactos, proporcionar resist\u00eancia ao embaciamento, abras\u00e3o e ajudar a ver mais claramente. Quando utilizados em combina\u00e7\u00e3o com uma [&hellip;]\" \/>\n<meta property=\"og:url\" content=\"https:\/\/www.inglet.com\/pt-pt\/producto\/conjunto-de-oculos-de-seguranca-3m-solus\/\" \/>\n<meta property=\"og:site_name\" content=\"INGLET\" \/>\n<meta property=\"article:modified_time\" content=\"2021-09-01T10:38:40+00:00\" \/>\n<meta property=\"og:image\" content=\"https:\/\/www.inglet.com\/wp-content\/uploads\/2021\/07\/280240_Gafas_3M_Web-1.jpg\" \/>\n\t<meta property=\"og:image:width\" content=\"800\" \/>\n\t<meta property=\"og:image:height\" content=\"800\" \/>\n\t<meta property=\"og:image:type\" content=\"image\/jpeg\" \/>\n<meta name=\"twitter:card\" content=\"summary_large_image\" \/>\n<script type=\"application\/ld+json\" class=\"yoast-schema-graph\">{\"@context\":\"https:\/\/schema.org\",\"@graph\":[{\"@type\":\"WebPage\",\"@id\":\"https:\/\/www.inglet.com\/pt-pt\/producto\/conjunto-de-oculos-de-seguranca-3m-solus\/\",\"url\":\"https:\/\/www.inglet.com\/pt-pt\/producto\/conjunto-de-oculos-de-seguranca-3m-solus\/\",\"name\":\"CONJUNTO DE \u00d3CULOS DE SEGURAN\u00c7A 3M SOLUS - INGLET\",\"isPartOf\":{\"@id\":\"https:\/\/www.inglet.com\/pt-pt\/#website\"},\"primaryImageOfPage\":{\"@id\":\"https:\/\/www.inglet.com\/pt-pt\/producto\/conjunto-de-oculos-de-seguranca-3m-solus\/#primaryimage\"},\"image\":{\"@id\":\"https:\/\/www.inglet.com\/pt-pt\/producto\/conjunto-de-oculos-de-seguranca-3m-solus\/#primaryimage\"},\"thumbnailUrl\":\"https:\/\/www.inglet.com\/wp-content\/uploads\/2021\/07\/280240_Gafas_3M_Web-1.jpg\",\"datePublished\":\"2021-07-23T09:14:36+00:00\",\"dateModified\":\"2021-09-01T10:38:40+00:00\",\"breadcrumb\":{\"@id\":\"https:\/\/www.inglet.com\/pt-pt\/producto\/conjunto-de-oculos-de-seguranca-3m-solus\/#breadcrumb\"},\"inLanguage\":\"pt-PT\",\"potentialAction\":[{\"@type\":\"ReadAction\",\"target\":[\"https:\/\/www.inglet.com\/pt-pt\/producto\/conjunto-de-oculos-de-seguranca-3m-solus\/\"]}]},{\"@type\":\"ImageObject\",\"inLanguage\":\"pt-PT\",\"@id\":\"https:\/\/www.inglet.com\/pt-pt\/producto\/conjunto-de-oculos-de-seguranca-3m-solus\/#primaryimage\",\"url\":\"https:\/\/www.inglet.com\/wp-content\/uploads\/2021\/07\/280240_Gafas_3M_Web-1.jpg\",\"contentUrl\":\"https:\/\/www.inglet.com\/wp-content\/uploads\/2021\/07\/280240_Gafas_3M_Web-1.jpg\",\"width\":800,\"height\":800},{\"@type\":\"BreadcrumbList\",\"@id\":\"https:\/\/www.inglet.com\/pt-pt\/producto\/conjunto-de-oculos-de-seguranca-3m-solus\/#breadcrumb\",\"itemListElement\":[{\"@type\":\"ListItem\",\"position\":1,\"name\":\"Portada\",\"item\":\"https:\/\/www.inglet.com\/pt-pt\/\"},{\"@type\":\"ListItem\",\"position\":2,\"name\":\"Tienda\",\"item\":\"https:\/\/www.inglet.com\/tienda\/\"},{\"@type\":\"ListItem\",\"position\":3,\"name\":\"CONJUNTO DE \u00d3CULOS DE SEGURAN\u00c7A 3M SOLUS\"}]},{\"@type\":\"WebSite\",\"@id\":\"https:\/\/www.inglet.com\/pt-pt\/#website\",\"url\":\"https:\/\/www.inglet.com\/pt-pt\/\",\"name\":\"INGLET\",\"description\":\"Suministros para la enmarcaci\u00f3n y la  impresi\u00f3n digital\",\"publisher\":{\"@id\":\"https:\/\/www.inglet.com\/pt-pt\/#organization\"},\"potentialAction\":[{\"@type\":\"SearchAction\",\"target\":{\"@type\":\"EntryPoint\",\"urlTemplate\":\"https:\/\/www.inglet.com\/pt-pt\/?s={search_term_string}\"},\"query-input\":{\"@type\":\"PropertyValueSpecification\",\"valueRequired\":true,\"valueName\":\"search_term_string\"}}],\"inLanguage\":\"pt-PT\"},{\"@type\":\"Organization\",\"@id\":\"https:\/\/www.inglet.com\/pt-pt\/#organization\",\"name\":\"INGLET, SLU\",\"url\":\"https:\/\/www.inglet.com\/pt-pt\/\",\"logo\":{\"@type\":\"ImageObject\",\"inLanguage\":\"pt-PT\",\"@id\":\"https:\/\/www.inglet.com\/pt-pt\/#\/schema\/logo\/image\/\",\"url\":\"https:\/\/www.inglet.com\/wp-content\/uploads\/2019\/08\/Inglet-Logo.jpg\",\"contentUrl\":\"https:\/\/www.inglet.com\/wp-content\/uploads\/2019\/08\/Inglet-Logo.jpg\",\"width\":264,\"height\":342,\"caption\":\"INGLET, SLU\"},\"image\":{\"@id\":\"https:\/\/www.inglet.com\/pt-pt\/#\/schema\/logo\/image\/\"}}]}<\/script>\n<!-- \/ Yoast SEO plugin. -->","yoast_head_json":{"title":"CONJUNTO DE \u00d3CULOS DE SEGURAN\u00c7A 3M SOLUS - INGLET","robots":{"index":"index","follow":"follow","max-snippet":"max-snippet:-1","max-image-preview":"max-image-preview:large","max-video-preview":"max-video-preview:-1"},"canonical":"https:\/\/www.inglet.com\/pt-pt\/producto\/conjunto-de-oculos-de-seguranca-3m-solus\/","og_locale":"pt_PT","og_type":"article","og_title":"CONJUNTO DE \u00d3CULOS DE SEGURAN\u00c7A 3M SOLUS - INGLET","og_description":"Proteger contra impactos, proporcionar resist\u00eancia ao embaciamento, abras\u00e3o e ajudar a ver mais claramente. Quando utilizados em combina\u00e7\u00e3o com uma [&hellip;]","og_url":"https:\/\/www.inglet.com\/pt-pt\/producto\/conjunto-de-oculos-de-seguranca-3m-solus\/","og_site_name":"INGLET","article_modified_time":"2021-09-01T10:38:40+00:00","og_image":[{"width":800,"height":800,"url":"https:\/\/www.inglet.com\/wp-content\/uploads\/2021\/07\/280240_Gafas_3M_Web-1.jpg","type":"image\/jpeg"}],"twitter_card":"summary_large_image","schema":{"@context":"https:\/\/schema.org","@graph":[{"@type":"WebPage","@id":"https:\/\/www.inglet.com\/pt-pt\/producto\/conjunto-de-oculos-de-seguranca-3m-solus\/","url":"https:\/\/www.inglet.com\/pt-pt\/producto\/conjunto-de-oculos-de-seguranca-3m-solus\/","name":"CONJUNTO DE \u00d3CULOS DE SEGURAN\u00c7A 3M SOLUS - INGLET","isPartOf":{"@id":"https:\/\/www.inglet.com\/pt-pt\/#website"},"primaryImageOfPage":{"@id":"https:\/\/www.inglet.com\/pt-pt\/producto\/conjunto-de-oculos-de-seguranca-3m-solus\/#primaryimage"},"image":{"@id":"https:\/\/www.inglet.com\/pt-pt\/producto\/conjunto-de-oculos-de-seguranca-3m-solus\/#primaryimage"},"thumbnailUrl":"https:\/\/www.inglet.com\/wp-content\/uploads\/2021\/07\/280240_Gafas_3M_Web-1.jpg","datePublished":"2021-07-23T09:14:36+00:00","dateModified":"2021-09-01T10:38:40+00:00","breadcrumb":{"@id":"https:\/\/www.inglet.com\/pt-pt\/producto\/conjunto-de-oculos-de-seguranca-3m-solus\/#breadcrumb"},"inLanguage":"pt-PT","potentialAction":[{"@type":"ReadAction","target":["https:\/\/www.inglet.com\/pt-pt\/producto\/conjunto-de-oculos-de-seguranca-3m-solus\/"]}]},{"@type":"ImageObject","inLanguage":"pt-PT","@id":"https:\/\/www.inglet.com\/pt-pt\/producto\/conjunto-de-oculos-de-seguranca-3m-solus\/#primaryimage","url":"https:\/\/www.inglet.com\/wp-content\/uploads\/2021\/07\/280240_Gafas_3M_Web-1.jpg","contentUrl":"https:\/\/www.inglet.com\/wp-content\/uploads\/2021\/07\/280240_Gafas_3M_Web-1.jpg","width":800,"height":800},{"@type":"BreadcrumbList","@id":"https:\/\/www.inglet.com\/pt-pt\/producto\/conjunto-de-oculos-de-seguranca-3m-solus\/#breadcrumb","itemListElement":[{"@type":"ListItem","position":1,"name":"Portada","item":"https:\/\/www.inglet.com\/pt-pt\/"},{"@type":"ListItem","position":2,"name":"Tienda","item":"https:\/\/www.inglet.com\/tienda\/"},{"@type":"ListItem","position":3,"name":"CONJUNTO DE \u00d3CULOS DE SEGURAN\u00c7A 3M SOLUS"}]},{"@type":"WebSite","@id":"https:\/\/www.inglet.com\/pt-pt\/#website","url":"https:\/\/www.inglet.com\/pt-pt\/","name":"INGLET","description":"Suministros para la enmarcaci\u00f3n y la  impresi\u00f3n digital","publisher":{"@id":"https:\/\/www.inglet.com\/pt-pt\/#organization"},"potentialAction":[{"@type":"SearchAction","target":{"@type":"EntryPoint","urlTemplate":"https:\/\/www.inglet.com\/pt-pt\/?s={search_term_string}"},"query-input":{"@type":"PropertyValueSpecification","valueRequired":true,"valueName":"search_term_string"}}],"inLanguage":"pt-PT"},{"@type":"Organization","@id":"https:\/\/www.inglet.com\/pt-pt\/#organization","name":"INGLET, SLU","url":"https:\/\/www.inglet.com\/pt-pt\/","logo":{"@type":"ImageObject","inLanguage":"pt-PT","@id":"https:\/\/www.inglet.com\/pt-pt\/#\/schema\/logo\/image\/","url":"https:\/\/www.inglet.com\/wp-content\/uploads\/2019\/08\/Inglet-Logo.jpg","contentUrl":"https:\/\/www.inglet.com\/wp-content\/uploads\/2019\/08\/Inglet-Logo.jpg","width":264,"height":342,"caption":"INGLET, SLU"},"image":{"@id":"https:\/\/www.inglet.com\/pt-pt\/#\/schema\/logo\/image\/"}}]}},"_links":{"self":[{"href":"https:\/\/www.inglet.com\/pt-pt\/wp-json\/wp\/v2\/product\/65201","targetHints":{"allow":["GET"]}}],"collection":[{"href":"https:\/\/www.inglet.com\/pt-pt\/wp-json\/wp\/v2\/product"}],"about":[{"href":"https:\/\/www.inglet.com\/pt-pt\/wp-json\/wp\/v2\/types\/product"}],"wp:featuredmedia":[{"embeddable":true,"href":"https:\/\/www.inglet.com\/pt-pt\/wp-json\/wp\/v2\/media\/65200"}],"wp:attachment":[{"href":"https:\/\/www.inglet.com\/pt-pt\/wp-json\/wp\/v2\/media?parent=65201"}],"wp:term":[{"taxonomy":"product_brand","embeddable":true,"href":"https:\/\/www.inglet.com\/pt-pt\/wp-json\/wp\/v2\/product_brand?post=65201"},{"taxonomy":"product_cat","embeddable":true,"href":"https:\/\/www.inglet.com\/pt-pt\/wp-json\/wp\/v2\/product_cat?post=65201"},{"taxonomy":"product_tag","embeddable":true,"href":"https:\/\/www.inglet.com\/pt-pt\/wp-json\/wp\/v2\/product_tag?post=65201"}],"curies":[{"name":"wp","href":"https:\/\/api.w.org\/{rel}","templated":true}]}}